{"id":19989,"date":"2021-03-09T09:05:55","date_gmt":"2021-03-09T09:05:55","guid":{"rendered":"https:\/\/business.roovi.com\/product\/puzzle-pierre-auguste-renoir-in-brittany-1000-piese\/"},"modified":"2025-03-17T11:26:28","modified_gmt":"2025-03-17T11:26:28","slug":"puzzle-adulti-pierre-auguste-renoir-in-brittany-1000-piese","status":"publish","type":"product","link":"https:\/\/business.roovi.com\/ro\/puzzle-adulti-pierre-auguste-renoir-in-brittany-1000-piese\/p\/","title":{"rendered":"Puzzle adulti Pierre-Auguste Renoir &#8211; In Brittany &#8211; 1000 Piese"},"content":{"rendered":"<p><span style=\"font-weight: 400; font-size: 14px; line-height: 14px;\">Puzzle-urile de 1000 piese din colec\u021bia puzzle-uri de art\u0103 sunt pline de culoare, fascinante, vibrante. \u00cen plus, sunt fabricate din materiale de cea mai bun\u0103 calitate astfel \u00eenc\u00e2t, atunci c\u00e2nd tabloul e complet, observi cele mai fine detalii ale operei pe care o \u00eenf\u0103\u021bi\u0219eaz\u0103. Descoper\u0103 acum oferta complet\u0103!<\/span><\/p>\n<p><span style=\"font-weight: 400; font-size: 14px; line-height: 14px;\">Puzzle 1000 piese Pierre-Auguste Renoir &#8211; In Brittany red\u0103 imaginea tabloului omonim pictat \u00een stil impresionist. Artistul a surprins \u00eentr-o scen\u0103 vibrant\u0103 un moment petrecut \u00een vacan\u021b\u0103, \u00een Bretania, al\u0103turi de Aline Charigot \u0219i de fiul lor Pierre, pe atunci \u00een v\u00e2rst\u0103 de 18 luni. Po\u021bi reface aceast\u0103 imagine vie, plin\u0103 de culoare, \u00een confortul sufrageriei tale, folosind ca suport o m\u0103su\u021b\u0103 obi\u0219nuit\u0103 de cafea. Tabloul final are dimensiunile de 50 x 70 cm.\u00a0<\/span><\/p>\n<p><span style=\"font-weight: 400; font-size: 14px; line-height: 14px;\">Alte caracteristici ale puzzle-ului de art\u0103 Pierre-Auguste Renoir &#8211; In Brittany:<\/span><\/p>\n<p><span style=\"font-size: 14px; line-height: 14px;\"><strong>Material puzzle:\u00a0<\/strong><\/span><\/p>\n<p><span style=\"font-size: 14px; line-height: 14px;\"><strong>carton albastru de o calitate superioar\u0103<\/strong><\/span><\/p>\n<p><span style=\"font-size: 14px; line-height: 14px;\"><strong>materiale sustenabile, reciclabile<\/strong><\/span><\/p>\n<p><span style=\"font-size: 14px; line-height: 14px;\"><strong>finisaj semi-lucios, culori vii<\/strong><\/span><\/p>\n<p><span style=\"font-size: 14px; line-height: 14px;\"><strong>Num\u0103rul pieselor de puzzle: 1000<\/strong><\/span><\/p>\n<p><span style=\"font-size: 14px; line-height: 14px;\"><strong>V\u00e2rsta recomandat\u0103: 14+<\/strong><\/span><\/p>\n<p><span style=\"font-size: 14px; line-height: 14px;\"><strong>Jocurile puzzle &#8211; o distrac\u021bie relaxant\u0103 pentru zilele monotone<\/strong><\/span><\/p>\n<p><span style=\"font-weight: 400; font-size: 14px; line-height: 14px;\">Cau\u021bi o modalitate de a-\u021bi petrece timpul \u00een mod relaxant? Fie c\u0103 e\u0219ti singur sau \u00een compania celor dragi, asamblarea jocurilor puzzle sunt o foarte bun\u0103 modalitate de a sparge monotonia zilelor ploioase sau friguroase.<\/span><\/p>\n<p><span style=\"font-size: 14px; line-height: 14px;\"><strong>Jocurile puzzle &#8211; te ajut\u0103 s\u0103-\u021bi cre\u0219ti productivitatea<\/strong><\/span><\/p>\n<p><span style=\"font-weight: 400; font-size: 14px; line-height: 14px;\">Asamblarea puzzle-urilor de 1000 piese te destreseaz\u0103 \u0219i \u00ee\u021bi dau o stare de optimism. Atunci c\u00e2nd e\u0219ti relaxat \u0219i fericit te po\u021bi concentra mai u\u0219or \u0219i-\u021bi po\u021bi men\u021bine focusul pe o anumit\u0103 activitate. Lucrul acesta te ajut\u0103 s\u0103-\u021bi \u00eendepline\u0219ti mai repede \u0219i mai bine sarcinile zilnice \u0219i s\u0103-\u021bi cre\u0219ti productivitatea.<\/span><\/p>\n<p><span style=\"font-size: 14px; line-height: 14px;\"><strong>Despre Renoir \u0219tiai c\u0103?<\/strong><\/span><\/p>\n<p><span style=\"font-weight: 400; font-size: 14px; line-height: 14px;\">A fost unul dintre principalii \u00eentemeietori ai impresionismului, al\u0103turi de Claude Monet.<\/span><\/p>\n<p><span style=\"font-weight: 400; font-size: 14px; line-height: 14px;\">A manifestat o tendin\u021b\u0103 hedonist\u0103 \u00een arta sa, fiind convins c\u0103 lucr\u0103rile sale trebuie s\u0103 atrag\u0103 o stare de spirit pl\u0103cut\u0103.<\/span><\/p>\n<p><span style=\"font-weight: 400; font-size: 14px; line-height: 14px;\">Artistul adora s\u0103 picteze oameni, \u00een special pe frumoasele fran\u021buzoaice, iar natura static\u0103, de\u0219i nu a reprezentat tema principal\u0103 a lucr\u0103rilor sale, a fost zugr\u0103vit\u0103 la fel de frumos \u0219i elegant ca \u0219i personajele feminine.<\/span><\/p>\n<h3><span style=\"font-weight: 400; font-size: 14px; line-height: 14px;\">Renoir a c\u0103l\u0103torit \u00een multe locuri din lume pentru a c\u0103uta operele altor arti\u021bi renumi\u021bi. A mers la Madrid pentru a vedea lucr\u0103rile lui Velazquez\u00a0 \u0219i la Floren\u021ba pentru a-l admira pe Titian.<\/span><\/h3>\n<p><span style=\"font-size: 14px; line-height: 14px;\"><span style=\"font-weight: 400;\">Este tat\u0103l celebrului regizor de film <\/span><span style=\"font-weight: 400;\">Jean Renoir.<\/span><\/span><\/p>\n<p><span style=\"font-size: 14px; line-height: 14px;\"><strong>Cu puzzle 1000 piese creierul t\u0103u porne\u0219te \u00eentr-o adev\u0103rat\u0103 v\u00e2n\u0103toare!<\/strong><\/span><\/p>\n<p><span style=\"font-weight: 400; font-size: 14px; line-height: 14px;\">\u2026 care \u00eei face bine \u0219i \u00eel antreneaz\u0103! Prin intermediul jocurilor puzzle, \u00ee\u021bi folose\u0219ti logica \u0219i descoperi formele, culorile \u0219i locurile unde se potrivesc piesele. E\u0219ti ca la o v\u00e2n\u0103toare de indicii, la fel ca un veritabil detectiv. De\u0219i finalul e previzibil, aceast\u0103 activitate este deosebit de stimulant\u0103 pentru creier \u0219i \u00ee\u021bi ofer\u0103 un sentiment minunat de satisfac\u021bie.\u00a0<\/span><\/p>\n<p><span style=\"font-size: 14px; line-height: 14px;\"><span style=\"font-weight: 400;\">Las\u0103-te atras \u00een aceast\u0103 aventur\u0103 de cunoa\u0219tere cu puzzle-ul de art\u0103 <\/span><span style=\"font-weight: 400;\">Pierre-Auguste Renoir &#8211; In Brittany \u0219i bucur\u0103-te de o experien\u021b\u0103 unic\u0103! Cump\u0103r\u0103 acest puzzle de 1000 piese \u0219i ref\u0103 imaginea \u00eempreun\u0103 cu cei dragi. Ve\u021bi avea parte de p\u00e2n\u0103 la 30 de ore de distrac\u021bie garantat\u0103 cu un joc puzzle de excep\u021bie.<\/span><\/span><\/p>\n<p><span style=\"font-size: 14px; line-height: 14px;\"><span style=\"font-weight: 400;\">Puzzle 1000 piese <\/span><span style=\"font-weight: 400;\">Pierre-Auguste Renoir &#8211; In Brittany este un cadou nemaipomenit pentru prieteni pasiona\u021bi de puzzle de art\u0103 sau de jocuri puzzle \u00een general.<\/span><span style=\"font-weight: 400;\">\u00a0<\/span><\/span><\/p>\n","protected":false},"excerpt":{"rendered":"<p>Puzzle-urile de 1000 piese din colec\u021bia puzzle-uri de art\u0103 sunt pline de culoare, fascinante, vibrante. \u00cen plus, sunt fabricate din<\/p>\n","protected":false},"featured_media":62925,"template":"","meta":[],"product_brand":[],"product_cat":[1454,1488,1560],"product_tag":[],"class_list":{"0":"post-19989","1":"product","2":"type-product","3":"status-publish","4":"has-post-thumbnail","6":"product_cat-puzzle","7":"product_cat-puzzle-adulti","8":"product_cat-puzzle-adulti-1000","9":"pa_bax-1273","10":"pa_brand-d_toys","11":"pa_country_of_manufacture-ro","12":"pa_filter_age-1315","13":"pa_painter-pierreaugusterenoir","14":"pa_tip_ambalaj-cutie","15":"pa_tip_puzzle-clasic","17":"first","18":"instock","19":"taxable","20":"shipping-taxable","21":"product-type-simple"},"yoast_head":"<!-- This site is optimized with the Yoast SEO plugin v20.1 - https:\/\/yoast.com\/wordpress\/plugins\/seo\/ -->\n<title>Puzzle adulti Pierre-Auguste Renoir - In Brittany - 1000 Piese - Roovi B2B<\/title>\n<meta name=\"robots\" content=\"index, follow, max-snippet:-1, max-image-preview:large, max-video-preview:-1\" \/>\n<link rel=\"canonical\" href=\"https:\/\/www.roovi.ro\/puzzle-adulti-pierre-auguste-renoir-in-brittany-1000-piese\/p\/\" \/>\n<meta property=\"og:locale\" content=\"ro_RO\" \/>\n<meta property=\"og:type\" content=\"article\" \/>\n<meta property=\"og:title\" content=\"Puzzle adulti Pierre-Auguste Renoir - In Brittany - 1000 Piese - Roovi B2B\" \/>\n<meta property=\"og:description\" content=\"Puzzle-urile de 1000 piese din colec\u021bia puzzle-uri de art\u0103 sunt pline de culoare, fascinante, vibrante. \u00cen plus, sunt fabricate din\" \/>\n<meta property=\"og:url\" content=\"https:\/\/www.roovi.ro\/puzzle-adulti-pierre-auguste-renoir-in-brittany-1000-piese\/p\/\" \/>\n<meta property=\"og:site_name\" content=\"Roovi B2B\" \/>\n<meta property=\"article:publisher\" content=\"https:\/\/www.facebook.com\/wwwjucariero\" \/>\n<meta property=\"article:modified_time\" content=\"2025-03-17T11:26:28+00:00\" \/>\n<meta property=\"og:image\" content=\"https:\/\/business.roovi.com\/wp-content\/uploads\/2021\/03\/66909-RE-12-WEB.jpg\" \/>\n\t<meta property=\"og:image:width\" content=\"1200\" \/>\n\t<meta property=\"og:image:height\" content=\"1200\" \/>\n\t<meta property=\"og:image:type\" content=\"image\/jpeg\" \/>\n<meta name=\"twitter:label1\" content=\"Timp estimat pentru citire\" \/>\n\t<meta name=\"twitter:data1\" content=\"3 minute\" \/>\n<script type=\"application\/ld+json\" class=\"yoast-schema-graph\">{\"@context\":\"https:\/\/schema.org\",\"@graph\":[{\"@type\":\"WebPage\",\"@id\":\"https:\/\/business.roovi.com\/ro\/puzzle-adulti-pierre-auguste-renoir-in-brittany-1000-piese\/p\/\",\"url\":\"https:\/\/www.roovi.ro\/puzzle-adulti-pierre-auguste-renoir-in-brittany-1000-piese\/p\/\",\"name\":\"Puzzle adulti Pierre-Auguste Renoir - In Brittany - 1000 Piese - Roovi B2B\",\"isPartOf\":{\"@id\":\"https:\/\/business.roovi.com\/ro\/#website\"},\"datePublished\":\"2021-03-09T09:05:55+00:00\",\"dateModified\":\"2025-03-17T11:26:28+00:00\",\"breadcrumb\":{\"@id\":\"https:\/\/www.roovi.ro\/puzzle-adulti-pierre-auguste-renoir-in-brittany-1000-piese\/p\/#breadcrumb\"},\"inLanguage\":\"ro-RO\",\"potentialAction\":[{\"@type\":\"ReadAction\",\"target\":[\"https:\/\/www.roovi.ro\/puzzle-adulti-pierre-auguste-renoir-in-brittany-1000-piese\/p\/\"]}]},{\"@type\":\"BreadcrumbList\",\"@id\":\"https:\/\/www.roovi.ro\/puzzle-adulti-pierre-auguste-renoir-in-brittany-1000-piese\/p\/#breadcrumb\",\"itemListElement\":[{\"@type\":\"ListItem\",\"position\":1,\"name\":\"Home\",\"item\":\"https:\/\/business.roovi.com\/ro\/\"},{\"@type\":\"ListItem\",\"position\":2,\"name\":\"Magazin\",\"item\":\"https:\/\/business.roovi.com\/ro\/magazin\/\"},{\"@type\":\"ListItem\",\"position\":3,\"name\":\"Puzzle adulti Pierre-Auguste Renoir &#8211; In Brittany &#8211; 1000 Piese\"}]},{\"@type\":\"WebSite\",\"@id\":\"https:\/\/business.roovi.com\/ro\/#website\",\"url\":\"https:\/\/business.roovi.com\/ro\/\",\"name\":\"Roovi B2B\",\"description\":\"Roovi Business Website\",\"potentialAction\":[{\"@type\":\"SearchAction\",\"target\":{\"@type\":\"EntryPoint\",\"urlTemplate\":\"https:\/\/business.roovi.com\/ro\/?s={search_term_string}\"},\"query-input\":\"required name=search_term_string\"}],\"inLanguage\":\"ro-RO\"}]}<\/script>\n<!-- \/ Yoast SEO plugin. -->","yoast_head_json":{"title":"Puzzle adulti Pierre-Auguste Renoir - In Brittany - 1000 Piese - Roovi B2B","robots":{"index":"index","follow":"follow","max-snippet":"max-snippet:-1","max-image-preview":"max-image-preview:large","max-video-preview":"max-video-preview:-1"},"canonical":"https:\/\/www.roovi.ro\/puzzle-adulti-pierre-auguste-renoir-in-brittany-1000-piese\/p\/","og_locale":"ro_RO","og_type":"article","og_title":"Puzzle adulti Pierre-Auguste Renoir - In Brittany - 1000 Piese - Roovi B2B","og_description":"Puzzle-urile de 1000 piese din colec\u021bia puzzle-uri de art\u0103 sunt pline de culoare, fascinante, vibrante. \u00cen plus, sunt fabricate din","og_url":"https:\/\/www.roovi.ro\/puzzle-adulti-pierre-auguste-renoir-in-brittany-1000-piese\/p\/","og_site_name":"Roovi B2B","article_publisher":"https:\/\/www.facebook.com\/wwwjucariero","article_modified_time":"2025-03-17T11:26:28+00:00","og_image":[{"width":1200,"height":1200,"url":"https:\/\/business.roovi.com\/wp-content\/uploads\/2021\/03\/66909-RE-12-WEB.jpg","type":"image\/jpeg"}],"twitter_misc":{"Timp estimat pentru citire":"3 minute"},"schema":{"@context":"https:\/\/schema.org","@graph":[{"@type":"WebPage","@id":"https:\/\/business.roovi.com\/ro\/puzzle-adulti-pierre-auguste-renoir-in-brittany-1000-piese\/p\/","url":"https:\/\/www.roovi.ro\/puzzle-adulti-pierre-auguste-renoir-in-brittany-1000-piese\/p\/","name":"Puzzle adulti Pierre-Auguste Renoir - In Brittany - 1000 Piese - Roovi B2B","isPartOf":{"@id":"https:\/\/business.roovi.com\/ro\/#website"},"datePublished":"2021-03-09T09:05:55+00:00","dateModified":"2025-03-17T11:26:28+00:00","breadcrumb":{"@id":"https:\/\/www.roovi.ro\/puzzle-adulti-pierre-auguste-renoir-in-brittany-1000-piese\/p\/#breadcrumb"},"inLanguage":"ro-RO","potentialAction":[{"@type":"ReadAction","target":["https:\/\/www.roovi.ro\/puzzle-adulti-pierre-auguste-renoir-in-brittany-1000-piese\/p\/"]}]},{"@type":"BreadcrumbList","@id":"https:\/\/www.roovi.ro\/puzzle-adulti-pierre-auguste-renoir-in-brittany-1000-piese\/p\/#breadcrumb","itemListElement":[{"@type":"ListItem","position":1,"name":"Home","item":"https:\/\/business.roovi.com\/ro\/"},{"@type":"ListItem","position":2,"name":"Magazin","item":"https:\/\/business.roovi.com\/ro\/magazin\/"},{"@type":"ListItem","position":3,"name":"Puzzle adulti Pierre-Auguste Renoir &#8211; In Brittany &#8211; 1000 Piese"}]},{"@type":"WebSite","@id":"https:\/\/business.roovi.com\/ro\/#website","url":"https:\/\/business.roovi.com\/ro\/","name":"Roovi B2B","description":"Roovi Business Website","potentialAction":[{"@type":"SearchAction","target":{"@type":"EntryPoint","urlTemplate":"https:\/\/business.roovi.com\/ro\/?s={search_term_string}"},"query-input":"required name=search_term_string"}],"inLanguage":"ro-RO"}]}},"_links":{"self":[{"href":"https:\/\/business.roovi.com\/ro\/wp-json\/wp\/v2\/product\/19989","targetHints":{"allow":["GET"]}}],"collection":[{"href":"https:\/\/business.roovi.com\/ro\/wp-json\/wp\/v2\/product"}],"about":[{"href":"https:\/\/business.roovi.com\/ro\/wp-json\/wp\/v2\/types\/product"}],"version-history":[{"count":0,"href":"https:\/\/business.roovi.com\/ro\/wp-json\/wp\/v2\/product\/19989\/revisions"}],"wp:featuredmedia":[{"embeddable":true,"href":"https:\/\/business.roovi.com\/ro\/wp-json\/wp\/v2\/media\/62925"}],"wp:attachment":[{"href":"https:\/\/business.roovi.com\/ro\/wp-json\/wp\/v2\/media?parent=19989"}],"wp:term":[{"taxonomy":"product_brand","embeddable":true,"href":"https:\/\/business.roovi.com\/ro\/wp-json\/wp\/v2\/product_brand?post=19989"},{"taxonomy":"product_cat","embeddable":true,"href":"https:\/\/business.roovi.com\/ro\/wp-json\/wp\/v2\/product_cat?post=19989"},{"taxonomy":"product_tag","embeddable":true,"href":"https:\/\/business.roovi.com\/ro\/wp-json\/wp\/v2\/product_tag?post=19989"}],"curies":[{"name":"wp","href":"https:\/\/api.w.org\/{rel}","templated":true}]}}