{"id":19995,"date":"2021-03-09T09:29:20","date_gmt":"2021-03-09T09:29:20","guid":{"rendered":"https:\/\/business.roovi.com\/product\/puzzle-paul-klee-fish-magic-1000-piese\/"},"modified":"2025-03-18T09:15:35","modified_gmt":"2025-03-18T09:15:35","slug":"puzzle-adulti-1000-piese-paul-klee-fish-magic-magia-pestilor","status":"publish","type":"product","link":"https:\/\/business.roovi.com\/ro\/puzzle-adulti-1000-piese-paul-klee-fish-magic-magia-pestilor\/p\/","title":{"rendered":"Puzzle adulti 1000 piese Paul Klee &#8211; Fish Magic \/Magia pestilor"},"content":{"rendered":"<p><span style=\"font-weight: 400; line-height: 14px; font-size: 14px;\">Gama de puzzle-uri de art\u0103 de la D-Toys \u00ee\u021bi aduce \u00een cas\u0103 un plus de culoare \u0219i rafinament. Cump\u0103r\u0103 acum cele mai fascinante puzzle-uri de 1000 piese cu imagini ale picturilor celebre \u0219i creeaz\u0103-\u021bi propriile capodopere artistice din jocuri puzzle unice \u0219i originale.\u00a0<\/span><\/p>\n<p><span style=\"font-weight: 400; line-height: 14px; font-size: 14px;\">Puzzle 1000 piese Paul Klee &#8211; Fish Magic\/Magia Pe\u0219tilor te introduce \u00een atmosfer\u0103 suprarealist\u0103 a picturilor celebre. Magia pe\u0219tilor este, de fapt, o \u00eembinare a entit\u0103\u021bilor acvatice, cere\u0219ti \u0219i p\u00e2m\u00e2ntene. Figurile colorate par zg\u00e2riate pe fondul \u00eentunecat, plin de mister. Descoper\u0103 magia for\u021bei imaginative din aceast\u0103 oper\u0103 de art\u0103 \u0219i recreeaz\u0103 capodopera din piesele de puzzle 1000.<\/span><\/p>\n<p><span style=\"font-weight: 400; line-height: 14px; font-size: 14px;\">Cite\u0219te mai jos mai multe detalii despre puzzle de art\u0103 Paul Klee &#8211; Fish Magic\/Magia Pe\u0219tilor:<\/span><\/p>\n<p><span style=\"line-height: 14px; font-size: 14px;\"><strong>Dimensiunile imaginii reconstituite: 50 x 70 cm<\/strong><\/span><\/p>\n<p><span style=\"line-height: 14px; font-size: 14px;\"><strong>Material puzzle:\u00a0<\/strong><\/span><\/p>\n<p><span style=\"line-height: 14px; font-size: 14px;\"><strong>carton albastru de o calitate superioar\u0103<\/strong><\/span><\/p>\n<p><span style=\"line-height: 14px; font-size: 14px;\"><strong>materiale sustenabile, reciclabile<\/strong><\/span><\/p>\n<p><span style=\"line-height: 14px; font-size: 14px;\"><strong>finisaj semi-lucios, culori vii<\/strong><\/span><\/p>\n<p><span style=\"line-height: 14px; font-size: 14px;\"><strong>Num\u0103rul pieselor de puzzle: 1000<\/strong><\/span><\/p>\n<p><span style=\"line-height: 14px; font-size: 14px;\"><strong>V\u00e2rsta recomandat\u0103: 14+<\/strong><\/span><\/p>\n<p><span style=\"line-height: 14px; font-size: 14px;\"><strong>Vrei s\u0103 stai bine cu logica? Asambleaz\u0103 zilnic puzzle 1000 piese!<\/strong><\/span><\/p>\n<p><span style=\"font-weight: 400; line-height: 14px; font-size: 14px;\">Jocurile puzzle stimuleaz\u0103 activitatea cerebral\u0103 \u0219i \u00eencurajeaz\u0103 g\u00e2ndirea sistematic\u0103, logic\u0103. Chiar dac\u0103 sutele de piese din puzzle 1000 \u00ee\u021bi par un haos de nedescris la \u00eenceput, pe m\u0103sur\u0103 ce \u00ee\u021bi stabile\u0219ti strategiile de asamblare, analizezi \u0219i g\u0103se\u0219ti piesele potrivite jocul se transform\u0103 \u00eentr-un mecanism logic. Cu c\u00e2t faci mai multe puzzle-uri de 1000 piese, cu at\u00e2t devii mai bun la aceast\u0103 activitate \u0219i, bine\u00een\u021beles, logica ta func\u021bioneaz\u0103 mai bine.\u00a0<\/span><\/p>\n<p><span style=\"line-height: 14px; font-size: 14px;\"><strong>\u0218tiai c\u0103 \u00een timpul asambl\u0103rii jocurilor puzzle creierul secret\u0103 mai mult\u0103 dopamin\u0103?<\/strong><\/span><\/p>\n<p><span style=\"font-weight: 400; line-height: 14px; font-size: 14px;\">Dopamina este un neurotransmi\u021b\u0103tor responsabil de starea de bine, de fericire \u0219i satisfac\u021bie. Cu fiecare puzzle 1000 piese ref\u0103cut, satisfac\u021bia pentru o munc\u0103 \u00eendeplinit\u0103 cu succes cre\u0219te \u0219i \u00ee\u021bi dore\u0219ti s\u0103 faci c\u00e2t mai multe puzzle-uri de adul\u021bi. Este normal\u0103 aceast\u0103 dorin\u021b\u0103 \u0219i explicat\u0103 acum \u0219i \u0219tiin\u021bific. A\u0219adar, nu rata nicio ocazie pentru a te sim\u021bi \u00eemplini \u0219i asambleaz\u0103 puzzle 1000 piese zi de zi!<\/span><\/p>\n<p><span style=\"line-height: 14px; font-size: 14px;\"><strong>Despre Paul Klee \u0219tiai c\u0103?&#8230;<\/strong><\/span><\/p>\n<ul>\n<li><span style=\"font-weight: 400; line-height: 14px; font-size: 14px;\">A fost un pictor elve\u021bian de na\u021bionalitate german\u0103, reprezentant al mi\u0219c\u0103rii avangardiste germane.<\/span><\/li>\n<li><span style=\"font-weight: 400; line-height: 14px; font-size: 14px;\">A pendulat \u00eentre cariera de violonist \u0219i de pictor.<\/span><\/li>\n<li><span style=\"font-weight: 400; line-height: 14px; font-size: 14px;\">Lucr\u0103rile lui sunt complexe, adesea ascunz\u00e2nd simboluri subtile. Titlurile picturilor sunt uneori jocuri de cuvinte care \u00eendeamn\u0103 la reflec\u021bie.<\/span><\/li>\n<li><span style=\"line-height: 14px; font-size: 14px;\"><span style=\"font-weight: 400;\">Odat\u0103 cu instalarea regimului hitlerist, \u00een 1933, artistul a fost concediat din postul de profesor de la <\/span><span style=\"font-weight: 400;\">Academia de Art\u0103 din D\u00fcsseldorf, iar operele i-au fost confiscate.<\/span><\/span><\/li>\n<li><span style=\"font-weight: 400; line-height: 14px; font-size: 14px;\">I-a admirat opera lui Picasso \u0219i a adoptat \u00een unele din lucr\u0103rile sale stilul cubist al acestuia.<\/span><\/li>\n<\/ul>\n<p><span style=\"line-height: 14px; font-size: 14px;\"><strong>\u00a0Alte beneficii pe care le po\u021bi avea datorit\u0103 puzzle-urilor de art\u0103<\/strong><\/span><\/p>\n<ul>\n<li><span style=\"font-weight: 400; line-height: 14px; font-size: 14px;\">\u00ce\u021bi vei cultiva sim\u021bul estetic.<\/span><\/li>\n<li><span style=\"font-weight: 400; line-height: 14px; font-size: 14px;\">\u00ce\u021bi vei crea propria oper\u0103 de art\u0103 din puzzle 1000 piese.<\/span><\/li>\n<li><span style=\"font-weight: 400; line-height: 14px; font-size: 14px;\">\u00ce\u021bi vei aprofunda cuno\u0219tin\u021bele despre operele de art\u0103.<\/span><\/li>\n<li><span style=\"font-weight: 400; line-height: 14px; font-size: 14px;\">Vei avea asigurate p\u00e2n\u0103 la 30 de ore de distrac\u021bie.<\/span><\/li>\n<li><span style=\"font-weight: 400; line-height: 14px; font-size: 14px;\">\u00ce\u021bi vei putea crea o \u00eentreag\u0103 galerie artistic\u0103 din puzzle-uri de 1000 piese.<\/span><\/li>\n<li><span style=\"font-weight: 400; line-height: 14px; font-size: 14px;\">\u00ce\u021bi vei \u00eembun\u0103t\u0103\u021bi abilit\u0103\u021bile de asamblare a jocurilor puzzle.<\/span><\/li>\n<\/ul>\n<p><span style=\"font-weight: 400; line-height: 14px; font-size: 14px;\">Cump\u0103r\u0103 acum puzzle 1000 piese Paul Klee &#8211; Fish Magic\/Magia Pe\u0219tilor \u0219i \u00eendr\u0103zne\u0219te s\u0103 intri \u00een lumea uimitoare a operelor de art\u0103. Po\u021bi reface imaginea din acest joc puzzle \u00een compania prietenilor sau \u00eempreun\u0103 cu familia. V\u0103 ve\u021bi bucura \u00eempreun\u0103 de un tablou de art\u0103 nemaipomenit. F\u0103-\u021bi fericit un prieten pasionat de jocuri puzzle, oferindu-i \u00een dar acest minunat puzzle 1000 piese din colec\u021bia noastra de puzzle-uri de art\u0103.<\/span><\/p>\n","protected":false},"excerpt":{"rendered":"<p>Gama de puzzle-uri de art\u0103 de la D-Toys \u00ee\u021bi aduce \u00een cas\u0103 un plus de culoare \u0219i rafinament. Cump\u0103r\u0103 acum<\/p>\n","protected":false},"featured_media":64211,"template":"","meta":[],"product_brand":[],"product_cat":[1454,1488,1560],"product_tag":[],"class_list":{"0":"post-19995","1":"product","2":"type-product","3":"status-publish","4":"has-post-thumbnail","6":"product_cat-puzzle","7":"product_cat-puzzle-adulti","8":"product_cat-puzzle-adulti-1000","9":"pa_bax-1273","10":"pa_brand-d_toys","11":"pa_country_of_manufacture-ro","12":"pa_filter_age-1315","13":"pa_painter-johnwilliamwaterhouse","14":"pa_tip_ambalaj-cutie","15":"pa_tip_puzzle-clasic","17":"first","18":"instock","19":"taxable","20":"shipping-taxable","21":"product-type-simple"},"yoast_head":"<!-- This site is optimized with the Yoast SEO plugin v20.1 - https:\/\/yoast.com\/wordpress\/plugins\/seo\/ -->\n<title>Puzzle adulti 1000 piese Paul Klee - Fish Magic \/Magia pestilor - Roovi B2B<\/title>\n<meta name=\"robots\" content=\"index, follow, max-snippet:-1, max-image-preview:large, max-video-preview:-1\" \/>\n<link rel=\"canonical\" href=\"https:\/\/www.roovi.ro\/puzzle-adulti-1000-piese-paul-klee-fish-magic-magia-pestilor\/p\/\" \/>\n<meta property=\"og:locale\" content=\"ro_RO\" \/>\n<meta property=\"og:type\" content=\"article\" \/>\n<meta property=\"og:title\" content=\"Puzzle adulti 1000 piese Paul Klee - Fish Magic \/Magia pestilor - Roovi B2B\" \/>\n<meta property=\"og:description\" content=\"Gama de puzzle-uri de art\u0103 de la D-Toys \u00ee\u021bi aduce \u00een cas\u0103 un plus de culoare \u0219i rafinament. Cump\u0103r\u0103 acum\" \/>\n<meta property=\"og:url\" content=\"https:\/\/www.roovi.ro\/puzzle-adulti-1000-piese-paul-klee-fish-magic-magia-pestilor\/p\/\" \/>\n<meta property=\"og:site_name\" content=\"Roovi B2B\" \/>\n<meta property=\"article:publisher\" content=\"https:\/\/www.facebook.com\/wwwjucariero\" \/>\n<meta property=\"article:modified_time\" content=\"2025-03-18T09:15:35+00:00\" \/>\n<meta property=\"og:image\" content=\"https:\/\/business.roovi.com\/wp-content\/uploads\/2021\/03\/77424-KL-01-WEB.jpg\" \/>\n\t<meta property=\"og:image:width\" content=\"1200\" \/>\n\t<meta property=\"og:image:height\" content=\"1200\" \/>\n\t<meta property=\"og:image:type\" content=\"image\/jpeg\" \/>\n<meta name=\"twitter:label1\" content=\"Timp estimat pentru citire\" \/>\n\t<meta name=\"twitter:data1\" content=\"3 minute\" \/>\n<script type=\"application\/ld+json\" class=\"yoast-schema-graph\">{\"@context\":\"https:\/\/schema.org\",\"@graph\":[{\"@type\":\"WebPage\",\"@id\":\"https:\/\/business.roovi.com\/ro\/puzzle-adulti-1000-piese-paul-klee-fish-magic-magia-pestilor\/p\/\",\"url\":\"https:\/\/www.roovi.ro\/puzzle-adulti-1000-piese-paul-klee-fish-magic-magia-pestilor\/p\/\",\"name\":\"Puzzle adulti 1000 piese Paul Klee - Fish Magic \/Magia pestilor - Roovi B2B\",\"isPartOf\":{\"@id\":\"https:\/\/business.roovi.com\/ro\/#website\"},\"datePublished\":\"2021-03-09T09:29:20+00:00\",\"dateModified\":\"2025-03-18T09:15:35+00:00\",\"breadcrumb\":{\"@id\":\"https:\/\/www.roovi.ro\/puzzle-adulti-1000-piese-paul-klee-fish-magic-magia-pestilor\/p\/#breadcrumb\"},\"inLanguage\":\"ro-RO\",\"potentialAction\":[{\"@type\":\"ReadAction\",\"target\":[\"https:\/\/www.roovi.ro\/puzzle-adulti-1000-piese-paul-klee-fish-magic-magia-pestilor\/p\/\"]}]},{\"@type\":\"BreadcrumbList\",\"@id\":\"https:\/\/www.roovi.ro\/puzzle-adulti-1000-piese-paul-klee-fish-magic-magia-pestilor\/p\/#breadcrumb\",\"itemListElement\":[{\"@type\":\"ListItem\",\"position\":1,\"name\":\"Home\",\"item\":\"https:\/\/business.roovi.com\/ro\/\"},{\"@type\":\"ListItem\",\"position\":2,\"name\":\"Magazin\",\"item\":\"https:\/\/business.roovi.com\/ro\/magazin\/\"},{\"@type\":\"ListItem\",\"position\":3,\"name\":\"Puzzle adulti 1000 piese Paul Klee &#8211; Fish Magic \/Magia pestilor\"}]},{\"@type\":\"WebSite\",\"@id\":\"https:\/\/business.roovi.com\/ro\/#website\",\"url\":\"https:\/\/business.roovi.com\/ro\/\",\"name\":\"Roovi B2B\",\"description\":\"Roovi Business Website\",\"potentialAction\":[{\"@type\":\"SearchAction\",\"target\":{\"@type\":\"EntryPoint\",\"urlTemplate\":\"https:\/\/business.roovi.com\/ro\/?s={search_term_string}\"},\"query-input\":\"required name=search_term_string\"}],\"inLanguage\":\"ro-RO\"}]}<\/script>\n<!-- \/ Yoast SEO plugin. -->","yoast_head_json":{"title":"Puzzle adulti 1000 piese Paul Klee - Fish Magic \/Magia pestilor - Roovi B2B","robots":{"index":"index","follow":"follow","max-snippet":"max-snippet:-1","max-image-preview":"max-image-preview:large","max-video-preview":"max-video-preview:-1"},"canonical":"https:\/\/www.roovi.ro\/puzzle-adulti-1000-piese-paul-klee-fish-magic-magia-pestilor\/p\/","og_locale":"ro_RO","og_type":"article","og_title":"Puzzle adulti 1000 piese Paul Klee - Fish Magic \/Magia pestilor - Roovi B2B","og_description":"Gama de puzzle-uri de art\u0103 de la D-Toys \u00ee\u021bi aduce \u00een cas\u0103 un plus de culoare \u0219i rafinament. Cump\u0103r\u0103 acum","og_url":"https:\/\/www.roovi.ro\/puzzle-adulti-1000-piese-paul-klee-fish-magic-magia-pestilor\/p\/","og_site_name":"Roovi B2B","article_publisher":"https:\/\/www.facebook.com\/wwwjucariero","article_modified_time":"2025-03-18T09:15:35+00:00","og_image":[{"width":1200,"height":1200,"url":"https:\/\/business.roovi.com\/wp-content\/uploads\/2021\/03\/77424-KL-01-WEB.jpg","type":"image\/jpeg"}],"twitter_misc":{"Timp estimat pentru citire":"3 minute"},"schema":{"@context":"https:\/\/schema.org","@graph":[{"@type":"WebPage","@id":"https:\/\/business.roovi.com\/ro\/puzzle-adulti-1000-piese-paul-klee-fish-magic-magia-pestilor\/p\/","url":"https:\/\/www.roovi.ro\/puzzle-adulti-1000-piese-paul-klee-fish-magic-magia-pestilor\/p\/","name":"Puzzle adulti 1000 piese Paul Klee - Fish Magic \/Magia pestilor - Roovi B2B","isPartOf":{"@id":"https:\/\/business.roovi.com\/ro\/#website"},"datePublished":"2021-03-09T09:29:20+00:00","dateModified":"2025-03-18T09:15:35+00:00","breadcrumb":{"@id":"https:\/\/www.roovi.ro\/puzzle-adulti-1000-piese-paul-klee-fish-magic-magia-pestilor\/p\/#breadcrumb"},"inLanguage":"ro-RO","potentialAction":[{"@type":"ReadAction","target":["https:\/\/www.roovi.ro\/puzzle-adulti-1000-piese-paul-klee-fish-magic-magia-pestilor\/p\/"]}]},{"@type":"BreadcrumbList","@id":"https:\/\/www.roovi.ro\/puzzle-adulti-1000-piese-paul-klee-fish-magic-magia-pestilor\/p\/#breadcrumb","itemListElement":[{"@type":"ListItem","position":1,"name":"Home","item":"https:\/\/business.roovi.com\/ro\/"},{"@type":"ListItem","position":2,"name":"Magazin","item":"https:\/\/business.roovi.com\/ro\/magazin\/"},{"@type":"ListItem","position":3,"name":"Puzzle adulti 1000 piese Paul Klee &#8211; Fish Magic \/Magia pestilor"}]},{"@type":"WebSite","@id":"https:\/\/business.roovi.com\/ro\/#website","url":"https:\/\/business.roovi.com\/ro\/","name":"Roovi B2B","description":"Roovi Business Website","potentialAction":[{"@type":"SearchAction","target":{"@type":"EntryPoint","urlTemplate":"https:\/\/business.roovi.com\/ro\/?s={search_term_string}"},"query-input":"required name=search_term_string"}],"inLanguage":"ro-RO"}]}},"_links":{"self":[{"href":"https:\/\/business.roovi.com\/ro\/wp-json\/wp\/v2\/product\/19995","targetHints":{"allow":["GET"]}}],"collection":[{"href":"https:\/\/business.roovi.com\/ro\/wp-json\/wp\/v2\/product"}],"about":[{"href":"https:\/\/business.roovi.com\/ro\/wp-json\/wp\/v2\/types\/product"}],"version-history":[{"count":0,"href":"https:\/\/business.roovi.com\/ro\/wp-json\/wp\/v2\/product\/19995\/revisions"}],"wp:featuredmedia":[{"embeddable":true,"href":"https:\/\/business.roovi.com\/ro\/wp-json\/wp\/v2\/media\/64211"}],"wp:attachment":[{"href":"https:\/\/business.roovi.com\/ro\/wp-json\/wp\/v2\/media?parent=19995"}],"wp:term":[{"taxonomy":"product_brand","embeddable":true,"href":"https:\/\/business.roovi.com\/ro\/wp-json\/wp\/v2\/product_brand?post=19995"},{"taxonomy":"product_cat","embeddable":true,"href":"https:\/\/business.roovi.com\/ro\/wp-json\/wp\/v2\/product_cat?post=19995"},{"taxonomy":"product_tag","embeddable":true,"href":"https:\/\/business.roovi.com\/ro\/wp-json\/wp\/v2\/product_tag?post=19995"}],"curies":[{"name":"wp","href":"https:\/\/api.w.org\/{rel}","templated":true}]}}