{"id":20028,"date":"2021-11-02T14:56:41","date_gmt":"2021-11-02T14:56:41","guid":{"rendered":"https:\/\/business.roovi.com\/product\/puzzle-240-costume-populare\/"},"modified":"2025-03-13T11:10:02","modified_gmt":"2025-03-13T11:10:02","slug":"puzzle-copii-costume-populare-240-piese","status":"publish","type":"product","link":"https:\/\/business.roovi.com\/ro\/puzzle-copii-costume-populare-240-piese\/p\/","title":{"rendered":"Puzzle Rom\u00e2nia Costume populare &#8211; Puzzle copii, 240 piese"},"content":{"rendered":"<p><span style=\"font-weight: 400;\">Cau\u021bi o activitate distractiv\u0103 \u0219i interesant\u0103 pentru a-l deconecta pe copilul t\u0103u de la smartphone? Ofer\u0103-i puzzle 240 piese Rom\u00e2nia Costume Populare \u0219i ajut\u0103-l s\u0103 refac\u0103 mai mult dec\u00e2t o hart\u0103 geografic\u0103: o hart\u0103 interactiv\u0103, cu personaje populare amuzante \u00eembr\u0103cate \u00een costume tradi\u021bionale specifice zonelor etnografice ale \u021b\u0103rii.<\/span><\/p>\n<p><span style=\"font-weight: 400;\">\u0218tiai c\u0103 \u00een zona Oa\u0219ului \u00eenc\u0103 se p\u0103streaz\u0103 tradi\u021bia ca mirii s\u0103 poarte \u00een ziua nun\u021bii costume populare? Iar asta nu e tot. Costumul miresei o \u00eempov\u0103reaz\u0103 pe aceasta cu peste 10 kg. Este o rochie elaborat\u0103, cu multe broderii \u0219i m\u0103rgele, creat\u0103 manual \u0219i mai scump\u0103 dec\u00e2t o rochie clasic\u0103 de mireas\u0103: cost\u0103 \u00eentre 1000 \u0219i 10000 euro. Ofer\u0103-i copilului t\u0103u puzzle 240 Rom\u00e2nia Costume Populare pentru a-l \u021bine conectat la un joc puzzle deosebit \u0219i la pove\u0219tile desprinse din acesta.\u00a0<\/span><\/p>\n<p><span style=\"font-weight: 400;\">Puzzle 240 piese Rom\u00e2nia Costume Populare surprinde \u00eentr-o grafic\u0103 de excep\u021bie costume populare din cele mai reprezentative zone etnografice ale \u021b\u0103rii. Imaginea final\u0103 din acest joc puzzle este astfel plin\u0103 de haz \u0219i culoare, iar activitatea de asamblare va fi super distractiv\u0103.\u00a0<\/span><\/p>\n<p><span style=\"font-weight: 400;\">Puzzle 240 piese Rom\u00e2nia Costume Populare este confec\u021bionat din materiale de foarte bun\u0103 calitate astfel \u00eenc\u00e2t jocul puzzle rezist\u0103 la multe reutiliz\u0103ri. Mai multe detalii privind caracteristicile produsului g\u0103se\u0219ti mai jos:<\/span><\/p>\n<p><strong>Material puzzle:\u00a0<\/strong><\/p>\n<p><strong>carton albastru de o calitate superioar\u0103<\/strong><\/p>\n<p><strong>materiale sustenabile, reciclabile<\/strong><\/p>\n<p><strong>finisaj semi-lucios, culori vii<\/strong><\/p>\n<p><strong>Num\u0103rul pieselor de puzzle: 240<\/strong><\/p>\n<p><strong>V\u00e2rsta recomandat\u0103: 7 &#8211; 10 ani<\/strong><\/p>\n<p><strong>5 beneficii uimitoare pe care le au jocurile puzzle pentru copii<\/strong><\/p>\n<p><strong>1. \u00cembun\u0103t\u0103\u021besc r\u0103bdarea \u0219i capacitatea de concentrare<\/strong><\/p>\n<p><span style=\"font-weight: 400;\">Pu\u0219tiul t\u0103u nu prea are r\u0103bdare s\u0103-\u0219i fac\u0103 temele, s\u0103 citeasc\u0103 sau s\u0103 duc\u0103 la bun sf\u00e2r\u0219it sarcinile casnice? Nu doar adul\u021bii tr\u0103iesc \u00een era vitezei \u0219i sunt asalta\u021bi cu multe informa\u021bii zi de zi, la fel se \u00eent\u00e2mpl\u0103 \u0219i cu copiii. Iar la aceasta se adaug\u0103 \u0219i energia pe care o au pu\u0219tii \u0219i pe care trebuie s\u0103 o consume \u00een mod constructiv. Completarea jocurilor puzzle este o activitate care \u00eei ajut\u0103 s\u0103-\u0219i exerseze capacitatea de concentrare, aten\u021bia \u0219i r\u0103bdarea, care \u00eei sunt utile zi de zi. Dac\u0103 la \u00eenceput va vrea s\u0103 renun\u021be la completarea unui puzzle de 240 piese, o solu\u021bie ar fi s\u0103 \u00eel face\u021bi \u00eempreun\u0103 \u0219i pe m\u0103sur\u0103 ce va exersa, lucrul va deveni pl\u0103cut \u0219i ve\u021bi trece la jocuri puzzle mai complexe.\u00a0<\/span><\/p>\n<p><strong>2. Jocurile puzzle \u00eel \u00eenva\u021b\u0103 s\u0103-\u0219i seteze obiective \u0219i s\u0103 le duc\u0103 la bun sf\u00e2r\u0219it<\/strong><\/p>\n<p><span style=\"font-weight: 400;\">Pentru a rezolva jocul puzzle-ul, copilul t\u0103u va trebui s\u0103-\u0219i stabileasc\u0103 anumite strategii: va c\u0103uta marginile, va observa culorile \u0219i formele specifice. Urm\u00e2ndu-\u0219i planul \u00een mod organizat va reu\u0219i s\u0103-\u021bi ating\u0103 obiectivul final, acela de a completa imaginea din 240 piese puzzle.\u00a0<\/span><\/p>\n<p><strong>3. Jocurile puzzle \u00eei ajut\u0103 pe copii s\u0103 \u00eenve\u021be lucruri noi<\/strong><\/p>\n<p><span style=\"font-weight: 400;\">Fie c\u0103 este un puzzle din lemn, cu forme \u0219i culori diferite sau puzzle clasic de 240 sau 500 piese, jocul puzzle este o modalitatea de a \u00eenv\u0103\u021ba lucruri noi. Pe l\u00e2ng\u0103 informa\u021bii, \u00eel pot ajuta s\u0103-\u0219i descopere noi pasiuni sau interese pe care ulterior, s\u0103 le dezvolte.<\/span><\/p>\n<p><strong>4. Jocurile puzzle cresc stima de sine a copiilor<\/strong><\/p>\n<p><span style=\"font-weight: 400;\">Completarea unui joc puzzle ajut\u0103 la cre\u0219terea \u00eencrederii \u00een sine a unui copil. De asemenea, \u00eel \u00eencurajeaz\u0103 s\u0103 accepte o provocare \u0219i s\u0103 o duc\u0103 p\u00e2n\u0103 la cap\u0103t. Odat\u0103 ce imaginea din 240 piese de puzzle este gata, copilul va avea un sentiment de \u00eemplinire \u0219i de mul\u021bumire de sine care \u00eei stimuleaz\u0103 independen\u021ba.<\/span><\/p>\n<p><strong>5. Jocurile puzzle \u00eei ajut\u0103 pe copii s\u0103 socializeze<\/strong><\/p>\n<p><span style=\"font-weight: 400;\">Creeaz\u0103-i copilului t\u0103u amintiri minunate al\u0103turi de prieteni dragi! Cump\u0103r\u0103-i puzzle 240 piese Rom\u00e2nia Costume Populare, cheam\u0103-i acas\u0103 cei mai buni prieteni \u0219i s\u0103 \u00eenceap\u0103 distrac\u021bia! Te vei bucura al\u0103turi de el de timpul petrecut departe de ecrane, \u00eentr-o atmosfer\u0103 pl\u0103cut\u0103 \u00eenconjurat de prieteni minuna\u021bi.<\/span><\/p>\n<p><strong>Despre costumele populare rom\u00e2ne\u0219ti, \u0219tiai c\u0103?&#8230;<\/strong><\/p>\n<p><span style=\"font-weight: 400;\">Cea mai veche m\u0103rturie a costumului tradi\u021bional rom\u00e2nesc dateaz\u0103 din neolitic \u0219i este reprezentat\u0103 de figurine ceramice din zona Craiovei.<\/span><\/p>\n<p><span style=\"font-weight: 400;\">Rom\u00e2nia este una dintre pu\u021binele \u021b\u0103ri din lume unde \u00een anumite zone rurale, oamenii \u00eenc\u0103 mai poart\u0103 zi de zi costume tradi\u021bionale populare.<\/span><\/p>\n<p><span style=\"font-weight: 400;\">Avem \u00eentre 40 \u0219i 120 de zone etnografice, fiecare cu costumul specific. \u00cen puzzle<\/span><span style=\"font-weight: 400;\"> 240 piese Rom\u00e2nia Costume Populare sunt reprezentate o mic\u0103 parte dintre acestea.<\/span><\/p>\n<p><span style=\"font-weight: 400;\">Ia rom\u00e2neasc\u0103 este o surs\u0103 de inspira\u021bie pentru casele de mod\u0103 interna\u021bionale, fiind un obiect vestimentar care nu lipse\u0219te din garderoba multor femei.<\/span><\/p>\n<p><span style=\"font-weight: 400;\">Colec\u021bia <\/span><span style=\"font-weight: 400;\">\u201eLa blouse roumaine\u201d din 1981 a designerului Yves Saint Laurent a dus ia rom\u00e2neasc\u0103 la rang de oper\u0103 de art\u0103, de atunci fiind o surs\u0103 de inspira\u021bie constant\u0103 pentru marile case de mod\u0103.<\/span><\/p>\n<p><strong>Ofer\u0103-i copilului t\u0103u puzzle 240 piese pentru a-l ajuta s\u0103 rezolve problemele de zi cu zi<\/strong><\/p>\n<p><span style=\"font-weight: 400;\">Jocurile puzzle sunt alc\u0103tuite din zeci sau sute de piese care se \u00eembin\u0103 corespunz\u0103tor \u00een mul\u021bi pa\u0219i. Puzzle-urile pentru copii sunt ca ni\u0219te probleme care trebuie rezolvate cu aten\u021bie. Copilul care \u00eencearc\u0103 s\u0103 afle solu\u021bia are parte de o experien\u021b\u0103 minunat\u0103 la final, c\u00e2nd imaginea este complet\u0103. Acest exerci\u021biul constant \u00eei transmite c\u0103 orice problem\u0103 are o solu\u021bie \u0219i c\u0103 este suficient de puternic \u0219i iscusit pentru a le rezolva pe toate.<\/span><\/p>\n<p><span style=\"font-weight: 400;\">Cump\u0103r\u0103-i copilului t\u0103u puzzle 240 piese Rom\u00e2nia &#8211; Costume Populare pentru o experien\u021b\u0103 frumoas\u0103, interactiv\u0103 \u0219i educativ\u0103! Acest minunat joc puzzle este potrivit pentru zilele monotone de iarn\u0103 sau pentru momentele \u00een care vrei s\u0103-l \u021bii departe de ecrane. Asambla\u021bi \u00eempreun\u0103 imaginea din puzzle 240 piese Rom\u00e2nia Costume Populare \u0219i da\u021bi-le via\u021b\u0103 cuplurilor amuzante \u00eembr\u0103cate \u00een port popular!<\/span><\/p>\n<p><span style=\"font-weight: 400;\">Acest puzzle de 240 piese poate fi un cadou potrivit dac\u0103 te g\u00e2nde\u0219ti s\u0103-l surprinzi pl\u0103cut, cu un cadou clasic, pe un \u0219colar n\u0103zdr\u0103van.<\/span><\/p>\n","protected":false},"excerpt":{"rendered":"<p>Cau\u021bi o activitate distractiv\u0103 \u0219i interesant\u0103 pentru a-l deconecta pe copilul t\u0103u de la smartphone? Ofer\u0103-i puzzle 240 piese Rom\u00e2nia<\/p>\n","protected":false},"featured_media":10560,"template":"","meta":[],"product_brand":[],"product_cat":[1461,1561],"product_tag":[],"class_list":{"0":"post-20028","1":"product","2":"type-product","3":"status-publish","4":"has-post-thumbnail","6":"product_cat-jocuri-romanesti","7":"product_cat-puzzle-copii-peste-100-piese","8":"pa_bax-1273","9":"pa_brand-d_toys","10":"pa_country_of_manufacture-ro","11":"pa_filter_age-9_14","12":"pa_painter-romania","13":"pa_tip_ambalaj-cutie","14":"pa_tip_puzzle-clasic","16":"first","17":"instock","18":"taxable","19":"shipping-taxable","20":"product-type-simple"},"yoast_head":"<!-- This site is optimized with the Yoast SEO plugin v20.1 - https:\/\/yoast.com\/wordpress\/plugins\/seo\/ -->\n<title>Puzzle 240 Costume Populare face traditia placuta copiilor<\/title>\n<meta name=\"description\" content=\"Ref\u0103 harta costumelor populare rom\u00e2ne\u0219ti din puzzle 240 piese! Descoper\u0103 un joc puzzle cu multe cupluri simpatice care \u00ee\u021bi z\u00e2mbesc din fiecare regiune geografic\u0103.\" \/>\n<meta name=\"robots\" content=\"index, follow, max-snippet:-1, max-image-preview:large, max-video-preview:-1\" \/>\n<link rel=\"canonical\" href=\"https:\/\/www.roovi.ro\/puzzle-copii-costume-populare-240-piese\/p\/\" \/>\n<meta property=\"og:locale\" content=\"ro_RO\" \/>\n<meta property=\"og:type\" content=\"article\" \/>\n<meta property=\"og:title\" content=\"Puzzle 240 Costume Populare face traditia placuta copiilor\" \/>\n<meta property=\"og:description\" content=\"Ref\u0103 harta costumelor populare rom\u00e2ne\u0219ti din puzzle 240 piese! Descoper\u0103 un joc puzzle cu multe cupluri simpatice care \u00ee\u021bi z\u00e2mbesc din fiecare regiune geografic\u0103.\" \/>\n<meta property=\"og:url\" content=\"https:\/\/www.roovi.ro\/puzzle-copii-costume-populare-240-piese\/p\/\" \/>\n<meta property=\"og:site_name\" content=\"Roovi B2B\" \/>\n<meta property=\"article:publisher\" content=\"https:\/\/www.facebook.com\/wwwjucariero\" \/>\n<meta property=\"article:modified_time\" content=\"2025-03-13T11:10:02+00:00\" \/>\n<meta property=\"og:image\" content=\"https:\/\/business.roovi.com\/wp-content\/uploads\/2021\/11\/79015-01_ansamblu_dimensiuni_cutie_cm-800x800.png\" \/>\n\t<meta property=\"og:image:width\" content=\"800\" \/>\n\t<meta property=\"og:image:height\" content=\"800\" \/>\n\t<meta property=\"og:image:type\" content=\"image\/png\" \/>\n<meta name=\"twitter:label1\" content=\"Timp estimat pentru citire\" \/>\n\t<meta name=\"twitter:data1\" content=\"4 minute\" \/>\n<script type=\"application\/ld+json\" class=\"yoast-schema-graph\">{\"@context\":\"https:\/\/schema.org\",\"@graph\":[{\"@type\":\"WebPage\",\"@id\":\"https:\/\/business.roovi.com\/ro\/puzzle-copii-costume-populare-240-piese\/p\/\",\"url\":\"https:\/\/www.roovi.ro\/puzzle-copii-costume-populare-240-piese\/p\/\",\"name\":\"Puzzle 240 Costume Populare face traditia placuta copiilor\",\"isPartOf\":{\"@id\":\"https:\/\/business.roovi.com\/ro\/#website\"},\"datePublished\":\"2021-11-02T14:56:41+00:00\",\"dateModified\":\"2025-03-13T11:10:02+00:00\",\"description\":\"Ref\u0103 harta costumelor populare rom\u00e2ne\u0219ti din puzzle 240 piese! Descoper\u0103 un joc puzzle cu multe cupluri simpatice care \u00ee\u021bi z\u00e2mbesc din fiecare regiune geografic\u0103.\",\"breadcrumb\":{\"@id\":\"https:\/\/www.roovi.ro\/puzzle-copii-costume-populare-240-piese\/p\/#breadcrumb\"},\"inLanguage\":\"ro-RO\",\"potentialAction\":[{\"@type\":\"ReadAction\",\"target\":[\"https:\/\/www.roovi.ro\/puzzle-copii-costume-populare-240-piese\/p\/\"]}]},{\"@type\":\"BreadcrumbList\",\"@id\":\"https:\/\/www.roovi.ro\/puzzle-copii-costume-populare-240-piese\/p\/#breadcrumb\",\"itemListElement\":[{\"@type\":\"ListItem\",\"position\":1,\"name\":\"Home\",\"item\":\"https:\/\/business.roovi.com\/ro\/\"},{\"@type\":\"ListItem\",\"position\":2,\"name\":\"Magazin\",\"item\":\"https:\/\/business.roovi.com\/ro\/magazin\/\"},{\"@type\":\"ListItem\",\"position\":3,\"name\":\"Puzzle Rom\u00e2nia Costume populare &#8211; Puzzle copii, 240 piese\"}]},{\"@type\":\"WebSite\",\"@id\":\"https:\/\/business.roovi.com\/ro\/#website\",\"url\":\"https:\/\/business.roovi.com\/ro\/\",\"name\":\"Roovi B2B\",\"description\":\"Roovi Business Website\",\"potentialAction\":[{\"@type\":\"SearchAction\",\"target\":{\"@type\":\"EntryPoint\",\"urlTemplate\":\"https:\/\/business.roovi.com\/ro\/?s={search_term_string}\"},\"query-input\":\"required name=search_term_string\"}],\"inLanguage\":\"ro-RO\"}]}<\/script>\n<!-- \/ Yoast SEO plugin. -->","yoast_head_json":{"title":"Puzzle 240 Costume Populare face traditia placuta copiilor","description":"Ref\u0103 harta costumelor populare rom\u00e2ne\u0219ti din puzzle 240 piese! Descoper\u0103 un joc puzzle cu multe cupluri simpatice care \u00ee\u021bi z\u00e2mbesc din fiecare regiune geografic\u0103.","robots":{"index":"index","follow":"follow","max-snippet":"max-snippet:-1","max-image-preview":"max-image-preview:large","max-video-preview":"max-video-preview:-1"},"canonical":"https:\/\/www.roovi.ro\/puzzle-copii-costume-populare-240-piese\/p\/","og_locale":"ro_RO","og_type":"article","og_title":"Puzzle 240 Costume Populare face traditia placuta copiilor","og_description":"Ref\u0103 harta costumelor populare rom\u00e2ne\u0219ti din puzzle 240 piese! Descoper\u0103 un joc puzzle cu multe cupluri simpatice care \u00ee\u021bi z\u00e2mbesc din fiecare regiune geografic\u0103.","og_url":"https:\/\/www.roovi.ro\/puzzle-copii-costume-populare-240-piese\/p\/","og_site_name":"Roovi B2B","article_publisher":"https:\/\/www.facebook.com\/wwwjucariero","article_modified_time":"2025-03-13T11:10:02+00:00","og_image":[{"width":800,"height":800,"url":"https:\/\/business.roovi.com\/wp-content\/uploads\/2021\/11\/79015-01_ansamblu_dimensiuni_cutie_cm-800x800.png","type":"image\/png"}],"twitter_misc":{"Timp estimat pentru citire":"4 minute"},"schema":{"@context":"https:\/\/schema.org","@graph":[{"@type":"WebPage","@id":"https:\/\/business.roovi.com\/ro\/puzzle-copii-costume-populare-240-piese\/p\/","url":"https:\/\/www.roovi.ro\/puzzle-copii-costume-populare-240-piese\/p\/","name":"Puzzle 240 Costume Populare face traditia placuta copiilor","isPartOf":{"@id":"https:\/\/business.roovi.com\/ro\/#website"},"datePublished":"2021-11-02T14:56:41+00:00","dateModified":"2025-03-13T11:10:02+00:00","description":"Ref\u0103 harta costumelor populare rom\u00e2ne\u0219ti din puzzle 240 piese! Descoper\u0103 un joc puzzle cu multe cupluri simpatice care \u00ee\u021bi z\u00e2mbesc din fiecare regiune geografic\u0103.","breadcrumb":{"@id":"https:\/\/www.roovi.ro\/puzzle-copii-costume-populare-240-piese\/p\/#breadcrumb"},"inLanguage":"ro-RO","potentialAction":[{"@type":"ReadAction","target":["https:\/\/www.roovi.ro\/puzzle-copii-costume-populare-240-piese\/p\/"]}]},{"@type":"BreadcrumbList","@id":"https:\/\/www.roovi.ro\/puzzle-copii-costume-populare-240-piese\/p\/#breadcrumb","itemListElement":[{"@type":"ListItem","position":1,"name":"Home","item":"https:\/\/business.roovi.com\/ro\/"},{"@type":"ListItem","position":2,"name":"Magazin","item":"https:\/\/business.roovi.com\/ro\/magazin\/"},{"@type":"ListItem","position":3,"name":"Puzzle Rom\u00e2nia Costume populare &#8211; Puzzle copii, 240 piese"}]},{"@type":"WebSite","@id":"https:\/\/business.roovi.com\/ro\/#website","url":"https:\/\/business.roovi.com\/ro\/","name":"Roovi B2B","description":"Roovi Business Website","potentialAction":[{"@type":"SearchAction","target":{"@type":"EntryPoint","urlTemplate":"https:\/\/business.roovi.com\/ro\/?s={search_term_string}"},"query-input":"required name=search_term_string"}],"inLanguage":"ro-RO"}]}},"_links":{"self":[{"href":"https:\/\/business.roovi.com\/ro\/wp-json\/wp\/v2\/product\/20028","targetHints":{"allow":["GET"]}}],"collection":[{"href":"https:\/\/business.roovi.com\/ro\/wp-json\/wp\/v2\/product"}],"about":[{"href":"https:\/\/business.roovi.com\/ro\/wp-json\/wp\/v2\/types\/product"}],"version-history":[{"count":0,"href":"https:\/\/business.roovi.com\/ro\/wp-json\/wp\/v2\/product\/20028\/revisions"}],"wp:featuredmedia":[{"embeddable":true,"href":"https:\/\/business.roovi.com\/ro\/wp-json\/wp\/v2\/media\/10560"}],"wp:attachment":[{"href":"https:\/\/business.roovi.com\/ro\/wp-json\/wp\/v2\/media?parent=20028"}],"wp:term":[{"taxonomy":"product_brand","embeddable":true,"href":"https:\/\/business.roovi.com\/ro\/wp-json\/wp\/v2\/product_brand?post=20028"},{"taxonomy":"product_cat","embeddable":true,"href":"https:\/\/business.roovi.com\/ro\/wp-json\/wp\/v2\/product_cat?post=20028"},{"taxonomy":"product_tag","embeddable":true,"href":"https:\/\/business.roovi.com\/ro\/wp-json\/wp\/v2\/product_tag?post=20028"}],"curies":[{"name":"wp","href":"https:\/\/api.w.org\/{rel}","templated":true}]}}