{"id":20030,"date":"2021-11-02T15:16:29","date_gmt":"2021-11-02T15:16:29","guid":{"rendered":"https:\/\/business.roovi.com\/product\/joc-montessori-buboo-sa-inva-am-numerele-i-opera-iile-de-baza\/"},"modified":"2025-03-13T09:33:41","modified_gmt":"2025-03-13T09:33:41","slug":"joc-montessori-buboo-sa-invatam-numerele-si-operatiile-de-baza","status":"publish","type":"product","link":"https:\/\/business.roovi.com\/ro\/joc-montessori-buboo-sa-invatam-numerele-si-operatiile-de-baza\/p\/","title":{"rendered":"Joc Buboo &#8211; S\u0103 \u00eenv\u0103\u021b\u0103m numerele \u0219i opera\u021biile de baz\u0103 &#8211; Joc educativ Montessori"},"content":{"rendered":"<p><span style=\"font-weight: 400;\">Cau\u021bi un joc educativ prin care s\u0103-l \u00eemprietene\u0219ti cu matematica pe micu\u021bul t\u0103u? Jocul Montessori Buboo &#8211; S\u0103 \u00eenv\u0103\u021b\u0103m numerele \u0219i opera\u021biile de baz\u0103 este exact ceea ce-\u021bi trebuie! Este un joc intuitiv, practic \u0219i amuzant care \u00eel va ajuta pe copil s\u0103 \u00eenve\u021be prin joac\u0103 no\u021biunile elementare de matematic\u0103.\u00a0<\/span><\/p>\n<p><span style=\"font-weight: 400;\">Simpatica bufni\u021b\u0103 Buboo are ochelari gigantici \u00een care \u00eencap toate jetoanele cu numere. Ochelarii se trag de sus \u00een jos \u0219i ies la iveal\u0103 2 jetoane cu numere care trebuie puse pe c\u0103r\u021bile de joc, la locul potrivit. C\u0103r\u021bile de joc au \u00eenscrise opera\u021bii de adunare, sc\u0103dere, dar \u0219i \u00eenmul\u021biri \u0219i \u00eemp\u0103r\u021biri simple. \u00cen locul rezultatului pe c\u0103r\u021bile de joc sunt ni\u0219te cercuri colorate cu aceea\u0219i culoare pe care o au \u0219i jetoanele cu numerele potrivite. Astfel c\u0103, de\u0219i nu \u0219tie \u00eenc\u0103 s\u0103 socoteasc\u0103, culoarea \u00eei vine \u00een ajutor micu\u021bului \u0219i va descoperi rezultatul foarte u\u0219or.<\/span><\/p>\n<p><span style=\"font-weight: 400;\">Nu-i a\u0219a c\u0103 matematica e amuzant\u0103 \u0219i u\u0219oar\u0103? Trage de ochii bufni\u021bei \u0219i afl\u0103 toate rezultatele c\u00e2t ai clipi!<\/span><\/p>\n<p><strong>Ce g\u0103se\u0219ti \u00een cutia jocului educativ Montessori &#8211; Buboo &#8211; S\u0103 \u00eenv\u0103\u021b\u0103m numerele \u0219i opera\u021biile de baz\u0103?<\/strong><\/p>\n<p><strong>1 bufni\u021b\u0103 simpatic\u0103 foc<\/strong><span style=\"font-weight: 400;\">, pu\u0219tiul t\u0103u o va \u00eendr\u0103gi pe loc \u0219i o va trage mult de ochelari. Dar nu-\u021bi face griji, bufni\u021ba rezist\u0103, este confec\u021bionat\u0103 din material de calitate, rezistent la utilizare \u00eendelungat\u0103.<\/span><\/p>\n<p><strong>56 jetoane<\/strong><span style=\"font-weight: 400;\"> cu numere de la 0 la 9, colorate \u0219i prietenoase cu micii matematicieni.<\/span><\/p>\n<p><strong>32 de c\u0103r\u021bi de joc <\/strong><span style=\"font-weight: 400;\">cu diverse opera\u021bii matematice al c\u0103ror rezultat \u00eel descoper\u0103 copilul prin potrivirea de culoare a cercule\u021bului de pe carte cu cea a jetonului.\u00a0<\/span><\/p>\n<p><strong>1 regulament<\/strong><span style=\"font-weight: 400;\"> \u00een care vei g\u0103si regulile jocului \u0219i c\u00e2teva sugestii de joc.<\/span><\/p>\n<p><strong>Poate nu \u0219tiai despre educa\u021bia Montessori&#8230;\u00a0<\/strong><\/p>\n<p><span style=\"font-weight: 400;\">Metoda Montessori este una alternativ\u0103 la sistemul clasic de educa\u021bie \u0219i are multe principii pe care orice p\u0103rinte le poate aplica \u00een educa\u021bia propriilor copii. \u00cen primul r\u00e2nd, metoda Montessori \u00eencurajeaz\u0103 empatia, grija pentru mediul \u00eenconjur\u0103tor \u0219i bucuria de a \u00eenv\u0103\u021ba pe tot parcursul vie\u021bii.<\/span><\/p>\n<p><strong>Fiecare copil este unic. <\/strong><span style=\"font-weight: 400;\">\u00cenva\u021b\u0103 \u00een ritmul propriu, se adapteaz\u0103 situa\u021biilor \u0219i stilurilor de \u00eenv\u0103\u021bare \u00een mod diferit.<\/span><\/p>\n<p><strong>Copiii \u00eenva\u021b\u0103 s\u0103 aib\u0103 grij\u0103 de ei \u0219i de ceilal\u021bi.<\/strong><span style=\"font-weight: 400;\"> Este foarte important s\u0103 \u00eenv\u0103\u021b\u0103m copiii sim\u021bul responsabilit\u0103\u021bii, pentru ei, dar \u0219i pentru ceilal\u021bi.<\/span><\/p>\n<p><strong>Copiii \u00eenva\u021b\u0103 \u00een mod concret, prin mintea \u0219i corpul lor.<\/strong><span style=\"font-weight: 400;\"> De exemplu, \u00ee\u0219i folosesc m\u00e2inile pentru a sorta obiectele \u0219i a lucra cu ele. Astfel, devin mai implica\u021bi \u00een activitatea de cunoa\u0219tere \u0219i \u00eenva\u021b\u0103 mai repede.<\/span><\/p>\n<p><strong>Copiii sunt \u00eencuraja\u021bi s\u0103 ia decizii proprii \u0219i s\u0103 le respecte<\/strong><span style=\"font-weight: 400;\">. \u00cen felul acesta devin mai responsabili.<\/span><\/p>\n<p><strong>Copiii \u00ee\u0219i fac singuri cur\u0103\u021benie la locul unde \u00ee\u0219i desf\u0103\u0219oar\u0103 activitatea.<\/strong><span style=\"font-weight: 400;\"> Acest principiu s\u0103n\u0103tos \u00eei \u00eenva\u021b\u0103 pe micu\u021bi s\u0103 se respecte pe ei \u00een\u0219i\u0219i, dar \u0219i mediul \u00een care tr\u0103iesc.\u00a0<\/span><\/p>\n<p><strong>3 beneficii ale jocurilor educative:<\/strong><\/p>\n<p><strong>1. Dezvolt\u0103 capacitatea de a g\u00e2ndi strategic \u0219i de a rezolva problemele<\/strong><\/p>\n<p><span style=\"font-weight: 400;\">Jocurile educative \u00eei stimuleaz\u0103 pe copii s\u0103 g\u00e2ndeasc\u0103 rapid. Mai mult dec\u00e2t at\u00e2t, ei trebuie s\u0103 \u00ee\u0219i foloseasc\u0103 logica pentru a rezolva problemele. Pe m\u0103sur\u0103 ce aceste abilit\u0103\u021bi sunt exersate, copilul \u00ee\u0219i dezvolt\u0103 capacitatea de a g\u00e2ndi strategic \u0219i a g\u0103si solu\u021bii \u00een toate situa\u021biile.<\/span><\/p>\n<p><strong>2. Dezvolt\u0103 coordonarea m\u00e2n\u0103-ochi<\/strong><\/p>\n<p><span style=\"font-weight: 400;\">Jocurile educative \u00eei solicit\u0103 s\u0103 potriveasc\u0103 piese, s\u0103 descopere anumite forme, diferen\u021be etc. De cele mai multe ori, trebuie s\u0103 \u00ee\u0219i foloseasc\u0103 v\u0103zul \u0219i mi\u0219carea m\u00e2inilor \u00een acela\u0219i timp. Acest exerci\u021biu \u00eel ajut\u0103 la coordonarea m\u00e2n\u0103-ochi.\u00a0<\/span><\/p>\n<p><strong>3. Ajut\u0103 la dezvoltarea memoriei<\/strong><\/p>\n<p><span style=\"font-weight: 400;\">Jocuri educative implic\u0103 activit\u0103\u021bi de exersarea a memoriei. Copilul trebuie s\u0103 recunoasc\u0103 forme, culori, s\u0103 memoreze anumite secven\u021be sau pozi\u021bii dintr-un joc. Pe termen lung, toate aceste activit\u0103\u021bi ajut\u0103 la \u00eembun\u0103t\u0103\u021birea memoriei.<\/span><\/p>\n<p><span style=\"font-weight: 400;\">Vrei s\u0103-l familiarizezi\u00a0 pe cel mic cu matematica? Cump\u0103r\u0103 jocul educativ Montessori &#8211; Buboo &#8211; S\u0103 \u00eenv\u0103\u021b\u0103m numerele \u0219i opera\u021biile de baz\u0103 \u0219i vei fi uimit c\u00e2t de repede va \u00een\u021belege lumea cifrelor. Acest joc Montessori este un cadou minunat pe care \u00eel po\u021bi oferi unui mic \u0219trengar cu diverse ocazii de s\u0103rb\u0103toare.<\/span><\/p>\n","protected":false},"excerpt":{"rendered":"<p>Cau\u021bi un joc educativ prin care s\u0103-l \u00eemprietene\u0219ti cu matematica pe micu\u021bul t\u0103u? Jocul Montessori Buboo &#8211; S\u0103 \u00eenv\u0103\u021b\u0103m numerele<\/p>\n","protected":false},"featured_media":10576,"template":"","meta":[],"product_brand":[],"product_cat":[1471],"product_tag":[],"class_list":{"0":"post-20030","1":"product","2":"type-product","3":"status-publish","4":"has-post-thumbnail","6":"product_cat-jocuri-educative-si-stiintifice","7":"pa_bax-1304","8":"pa_brand-d_toys","9":"pa_country_of_manufacture-ro","10":"pa_filter_age-5_7","11":"pa_filter_age-7_9","12":"pa_tip_ambalaj-cutie","14":"first","15":"instock","16":"taxable","17":"shipping-taxable","18":"product-type-simple"},"yoast_head":"<!-- This site is optimized with the Yoast SEO plugin v20.1 - https:\/\/yoast.com\/wordpress\/plugins\/seo\/ -->\n<title>Joc Montessori - Buboo - S\u0103 \u00eenv\u0103\u021b\u0103m numerele \u0219i opera\u021biile de baz\u0103<\/title>\n<meta name=\"robots\" content=\"index, follow, max-snippet:-1, max-image-preview:large, max-video-preview:-1\" \/>\n<link rel=\"canonical\" href=\"https:\/\/www.roovi.ro\/joc-montessori-buboo-sa-invatam-numerele-si-operatiile-de-baza\/p\/\" \/>\n<meta property=\"og:locale\" content=\"ro_RO\" \/>\n<meta property=\"og:type\" content=\"article\" \/>\n<meta property=\"og:title\" content=\"Joc Montessori - Buboo - S\u0103 \u00eenv\u0103\u021b\u0103m numerele \u0219i opera\u021biile de baz\u0103\" \/>\n<meta property=\"og:description\" content=\"Cau\u021bi un joc educativ prin care s\u0103-l \u00eemprietene\u0219ti cu matematica pe micu\u021bul t\u0103u? Jocul Montessori Buboo &#8211; S\u0103 \u00eenv\u0103\u021b\u0103m numerele\" \/>\n<meta property=\"og:url\" content=\"https:\/\/www.roovi.ro\/joc-montessori-buboo-sa-invatam-numerele-si-operatiile-de-baza\/p\/\" \/>\n<meta property=\"og:site_name\" content=\"Roovi B2B\" \/>\n<meta property=\"article:publisher\" content=\"https:\/\/www.facebook.com\/wwwjucariero\" \/>\n<meta property=\"article:modified_time\" content=\"2025-03-13T09:33:41+00:00\" \/>\n<meta property=\"og:image\" content=\"https:\/\/business.roovi.com\/wp-content\/uploads\/2021\/11\/montessori_buboo_numerele.png\" \/>\n\t<meta property=\"og:image:width\" content=\"1200\" \/>\n\t<meta property=\"og:image:height\" content=\"1200\" \/>\n\t<meta property=\"og:image:type\" content=\"image\/png\" \/>\n<meta name=\"twitter:label1\" content=\"Timp estimat pentru citire\" \/>\n\t<meta name=\"twitter:data1\" content=\"3 minute\" \/>\n<script type=\"application\/ld+json\" class=\"yoast-schema-graph\">{\"@context\":\"https:\/\/schema.org\",\"@graph\":[{\"@type\":\"WebPage\",\"@id\":\"https:\/\/business.roovi.com\/ro\/joc-montessori-buboo-sa-invatam-numerele-si-operatiile-de-baza\/p\/\",\"url\":\"https:\/\/www.roovi.ro\/joc-montessori-buboo-sa-invatam-numerele-si-operatiile-de-baza\/p\/\",\"name\":\"Joc Montessori - Buboo - S\u0103 \u00eenv\u0103\u021b\u0103m numerele \u0219i opera\u021biile de baz\u0103\",\"isPartOf\":{\"@id\":\"https:\/\/business.roovi.com\/ro\/#website\"},\"datePublished\":\"2021-11-02T15:16:29+00:00\",\"dateModified\":\"2025-03-13T09:33:41+00:00\",\"breadcrumb\":{\"@id\":\"https:\/\/www.roovi.ro\/joc-montessori-buboo-sa-invatam-numerele-si-operatiile-de-baza\/p\/#breadcrumb\"},\"inLanguage\":\"ro-RO\",\"potentialAction\":[{\"@type\":\"ReadAction\",\"target\":[\"https:\/\/www.roovi.ro\/joc-montessori-buboo-sa-invatam-numerele-si-operatiile-de-baza\/p\/\"]}]},{\"@type\":\"BreadcrumbList\",\"@id\":\"https:\/\/www.roovi.ro\/joc-montessori-buboo-sa-invatam-numerele-si-operatiile-de-baza\/p\/#breadcrumb\",\"itemListElement\":[{\"@type\":\"ListItem\",\"position\":1,\"name\":\"Home\",\"item\":\"https:\/\/business.roovi.com\/ro\/\"},{\"@type\":\"ListItem\",\"position\":2,\"name\":\"Magazin\",\"item\":\"https:\/\/business.roovi.com\/ro\/magazin\/\"},{\"@type\":\"ListItem\",\"position\":3,\"name\":\"Joc Buboo &#8211; S\u0103 \u00eenv\u0103\u021b\u0103m numerele \u0219i opera\u021biile de baz\u0103 &#8211; Joc educativ Montessori\"}]},{\"@type\":\"WebSite\",\"@id\":\"https:\/\/business.roovi.com\/ro\/#website\",\"url\":\"https:\/\/business.roovi.com\/ro\/\",\"name\":\"Roovi B2B\",\"description\":\"Roovi Business Website\",\"potentialAction\":[{\"@type\":\"SearchAction\",\"target\":{\"@type\":\"EntryPoint\",\"urlTemplate\":\"https:\/\/business.roovi.com\/ro\/?s={search_term_string}\"},\"query-input\":\"required name=search_term_string\"}],\"inLanguage\":\"ro-RO\"}]}<\/script>\n<!-- \/ Yoast SEO plugin. -->","yoast_head_json":{"title":"Joc Montessori - Buboo - S\u0103 \u00eenv\u0103\u021b\u0103m numerele \u0219i opera\u021biile de baz\u0103","robots":{"index":"index","follow":"follow","max-snippet":"max-snippet:-1","max-image-preview":"max-image-preview:large","max-video-preview":"max-video-preview:-1"},"canonical":"https:\/\/www.roovi.ro\/joc-montessori-buboo-sa-invatam-numerele-si-operatiile-de-baza\/p\/","og_locale":"ro_RO","og_type":"article","og_title":"Joc Montessori - Buboo - S\u0103 \u00eenv\u0103\u021b\u0103m numerele \u0219i opera\u021biile de baz\u0103","og_description":"Cau\u021bi un joc educativ prin care s\u0103-l \u00eemprietene\u0219ti cu matematica pe micu\u021bul t\u0103u? Jocul Montessori Buboo &#8211; S\u0103 \u00eenv\u0103\u021b\u0103m numerele","og_url":"https:\/\/www.roovi.ro\/joc-montessori-buboo-sa-invatam-numerele-si-operatiile-de-baza\/p\/","og_site_name":"Roovi B2B","article_publisher":"https:\/\/www.facebook.com\/wwwjucariero","article_modified_time":"2025-03-13T09:33:41+00:00","og_image":[{"width":1200,"height":1200,"url":"https:\/\/business.roovi.com\/wp-content\/uploads\/2021\/11\/montessori_buboo_numerele.png","type":"image\/png"}],"twitter_misc":{"Timp estimat pentru citire":"3 minute"},"schema":{"@context":"https:\/\/schema.org","@graph":[{"@type":"WebPage","@id":"https:\/\/business.roovi.com\/ro\/joc-montessori-buboo-sa-invatam-numerele-si-operatiile-de-baza\/p\/","url":"https:\/\/www.roovi.ro\/joc-montessori-buboo-sa-invatam-numerele-si-operatiile-de-baza\/p\/","name":"Joc Montessori - Buboo - S\u0103 \u00eenv\u0103\u021b\u0103m numerele \u0219i opera\u021biile de baz\u0103","isPartOf":{"@id":"https:\/\/business.roovi.com\/ro\/#website"},"datePublished":"2021-11-02T15:16:29+00:00","dateModified":"2025-03-13T09:33:41+00:00","breadcrumb":{"@id":"https:\/\/www.roovi.ro\/joc-montessori-buboo-sa-invatam-numerele-si-operatiile-de-baza\/p\/#breadcrumb"},"inLanguage":"ro-RO","potentialAction":[{"@type":"ReadAction","target":["https:\/\/www.roovi.ro\/joc-montessori-buboo-sa-invatam-numerele-si-operatiile-de-baza\/p\/"]}]},{"@type":"BreadcrumbList","@id":"https:\/\/www.roovi.ro\/joc-montessori-buboo-sa-invatam-numerele-si-operatiile-de-baza\/p\/#breadcrumb","itemListElement":[{"@type":"ListItem","position":1,"name":"Home","item":"https:\/\/business.roovi.com\/ro\/"},{"@type":"ListItem","position":2,"name":"Magazin","item":"https:\/\/business.roovi.com\/ro\/magazin\/"},{"@type":"ListItem","position":3,"name":"Joc Buboo &#8211; S\u0103 \u00eenv\u0103\u021b\u0103m numerele \u0219i opera\u021biile de baz\u0103 &#8211; Joc educativ Montessori"}]},{"@type":"WebSite","@id":"https:\/\/business.roovi.com\/ro\/#website","url":"https:\/\/business.roovi.com\/ro\/","name":"Roovi B2B","description":"Roovi Business Website","potentialAction":[{"@type":"SearchAction","target":{"@type":"EntryPoint","urlTemplate":"https:\/\/business.roovi.com\/ro\/?s={search_term_string}"},"query-input":"required name=search_term_string"}],"inLanguage":"ro-RO"}]}},"_links":{"self":[{"href":"https:\/\/business.roovi.com\/ro\/wp-json\/wp\/v2\/product\/20030","targetHints":{"allow":["GET"]}}],"collection":[{"href":"https:\/\/business.roovi.com\/ro\/wp-json\/wp\/v2\/product"}],"about":[{"href":"https:\/\/business.roovi.com\/ro\/wp-json\/wp\/v2\/types\/product"}],"version-history":[{"count":0,"href":"https:\/\/business.roovi.com\/ro\/wp-json\/wp\/v2\/product\/20030\/revisions"}],"wp:featuredmedia":[{"embeddable":true,"href":"https:\/\/business.roovi.com\/ro\/wp-json\/wp\/v2\/media\/10576"}],"wp:attachment":[{"href":"https:\/\/business.roovi.com\/ro\/wp-json\/wp\/v2\/media?parent=20030"}],"wp:term":[{"taxonomy":"product_brand","embeddable":true,"href":"https:\/\/business.roovi.com\/ro\/wp-json\/wp\/v2\/product_brand?post=20030"},{"taxonomy":"product_cat","embeddable":true,"href":"https:\/\/business.roovi.com\/ro\/wp-json\/wp\/v2\/product_cat?post=20030"},{"taxonomy":"product_tag","embeddable":true,"href":"https:\/\/business.roovi.com\/ro\/wp-json\/wp\/v2\/product_tag?post=20030"}],"curies":[{"name":"wp","href":"https:\/\/api.w.org\/{rel}","templated":true}]}}