{"id":20034,"date":"2021-11-04T13:15:24","date_gmt":"2021-11-04T13:15:24","guid":{"rendered":"https:\/\/business.roovi.com\/product\/puzzle-adul-i-sandro-botticelli-idealised-portrait-of-a-lady-1000-piese\/"},"modified":"2023-03-20T21:21:16","modified_gmt":"2023-03-20T21:21:16","slug":"puzzle-adulti-sandro-botticelli-idealised-portrait-of-a-lady-1000-piese","status":"publish","type":"product","link":"https:\/\/business.roovi.com\/ro\/puzzle-adulti-sandro-botticelli-idealised-portrait-of-a-lady-1000-piese\/p\/","title":{"rendered":"Puzzle adul\u021bi Sandro Botticelli &#8211; Idealised Portrait of a Lady &#8211; 1000 piese"},"content":{"rendered":"<p><span style=\"font-weight: 400;\">Cele mai multe dintre operele de art\u0103 ascund pasiuni neb\u0103nuite, mistere sau iubiri ne\u00eemplinite. S\u0103 le contempli este o \u00eenc\u00e2ntare chiar \u0219i la sute de ani distan\u021b\u0103 de la crearea lor. Dar cum ar fi s\u0103 le po\u021bi reconstitui tu \u00eensu\u021bi \u0219i s\u0103 admiri \u00een tihn\u0103 chiar \u0219i cea mai fin\u0103 urm\u0103 a pensulei artistului? Colec\u021bia puzzle de art\u0103 \u00ee\u021bi ofer\u0103 acum aceast\u0103 oportunitate. \u00cen puzzle-uri de 1000 piese reg\u0103se\u0219ti imagini ale picturilor celebre realizate de Leonardo da Vinci, Sandro Botticelli, Vincent van Gogh \u0219i mul\u021bi al\u021bii.<\/span><\/p>\n<p><span style=\"font-weight: 400;\">Puzzle 1000 piese Sandro Botticelli &#8211; Idealized Portrait of a Lady\/Portretul idealizat al unei doamne \u00ee\u021bi ofer\u0103 experien\u021ba inedit\u0103 de a reconstitui imaginea plin\u0103 de mister a doamnei visurilor lui Botticelli. Arta se na\u0219te din pasiunea, iar unele dintre cele mai frumoase opere de art\u0103 reflect\u0103 pasiuni ne\u00eemp\u0103rt\u0103\u0219ite care au marcat destinul creatorului toat\u0103 via\u021ba.\u00a0<\/span><\/p>\n<p><span style=\"font-weight: 400;\">Pasiunea lui Sandro Botticelli pentru frumoasa Simonetta Vespuci a r\u0103mas \u00een istorie prin picturile artistului. Tabloul Portretul idealizat al unei doamne reprezint\u0103 o t\u00e2n\u0103r\u0103 de o frumuse\u021be ireal\u0103 pe care unii o aseam\u0103n\u0103 cu o zei\u021b\u0103 sau o nimf\u0103. A\u0219az\u0103 fiecare pies\u0103 din puzzle 1000\u00a0 la locul potrivit, iar la final vei ob\u021bine un tablou echilibrat, \u00een forme \u0219i culori uimitoare.<\/span><\/p>\n<p><span style=\"font-weight: 400;\">Cite\u0219te mai jos mai multe detalii despre puzzle 1000 piese Portretul idealizat al unei doamne:<\/span><\/p>\n<p><strong>Dimensiune imagine reconstituit\u0103: 50 x 70 cm. Pentru asamblare te po\u021bi folosi de o m\u0103su\u021b\u0103 obi\u0219nuit\u0103 de cafea.<\/strong><\/p>\n<p><strong>Material puzzle:\u00a0<\/strong><\/p>\n<p><strong>carton albastru de o calitate superioar\u0103<\/strong><\/p>\n<p><strong>materiale sustenabile, reciclabile<\/strong><\/p>\n<p><strong>finisaj semi-lucios, culori vii<\/strong><\/p>\n<p><strong>Num\u0103rul pieselor de puzzle: 1000<\/strong><\/p>\n<p><strong>V\u00e2rsta recomandat\u0103: 14+<\/strong><\/p>\n<p><strong>De ce este benefic s\u0103 asamblezi puzzle de 1000 piese?<\/strong><\/p>\n<p><span style=\"font-weight: 400;\">A face jocuri puzzle este o pasiune s\u0103n\u0103toas\u0103. Iat\u0103 numai c\u00e2teva beneficii pe care aceast\u0103 activitate le are pentru s\u0103n\u0103tate:<\/span><\/p>\n<p><span style=\"font-weight: 400;\">Relaxeaz\u0103 \u0219i detensioneaz\u0103 mintea.<\/span><\/p>\n<p><span style=\"font-weight: 400;\">Ajut\u0103 la \u00eembun\u0103t\u0103\u021birea memoriei<\/span><\/p>\n<p><span style=\"font-weight: 400;\">Men\u021bine creierul activ.<\/span><\/p>\n<p><span style=\"font-weight: 400;\">Normalizeaz\u0103 tensiunea arterial\u0103 datorit\u0103 faptului c\u0103 aduce o stare de lini\u0219te \u0219i relaxare.<\/span><\/p>\n<p><span style=\"font-weight: 400;\">\u00cembun\u0103t\u0103\u021be\u0219te capacitatea de concentrare.<\/span><\/p>\n<p><strong>Botticelli \u0219i adora\u021bia pentru o singur\u0103 femeie<\/strong><\/p>\n<p><span style=\"font-weight: 400;\">Simonetta Vespucci a fost una dintre cele mai frumoase femei din Rena\u0219terea florentin\u0103. A fost admirat\u0103 de mul\u021bi b\u0103rba\u021bi influen\u021bi ai vremii \u0219i muza multor arti\u0219ti, printre care \u0219i Botticelli.<\/span><\/p>\n<p><span style=\"font-weight: 400;\">Simonetta s-a c\u0103s\u0103torit la 15 ani cu <\/span><span style=\"font-weight: 400;\">Marco Vespucci, un v\u0103r \u00eendep\u0103rtat al lui Amerigo Vespucci \u0219i a fost amanta lui Giuliano de Medici, fratele mai mic al lui Lorenzo de Medici.\u00a0<\/span><\/p>\n<p><span style=\"font-weight: 400;\">Moartea ei, la numai 23 de ani, a fr\u00e2nt inimile admiratorilor ei, la funeraliile sale fiind prezen\u021bi to\u021bi oamenii de seam\u0103 din Floren\u021ba.\u00a0<\/span><\/p>\n<p><span style=\"font-weight: 400;\">Se pare c\u0103 pictorul a iubit-o toat\u0103 via\u021ba \u0219i a cerut chiar s\u0103 fie \u00eenmorm\u00e2ntat la picioarele ei, dorin\u021b\u0103 care i s-a \u00eendeplinit la 34 de ani de la trecerea \u00een nefiin\u021b\u0103.<\/span><\/p>\n<p><span style=\"font-weight: 400;\">\u00cen realizarea picturilor care au \u00een centru figura Simonettei, se spune c\u0103 Botticelli ar fi utilizat masca ei mortuar\u0103.<\/span><\/p>\n<p><span style=\"font-weight: 400;\">Unii sceptici au \u00eens\u0103 alte p\u0103reri. Ei cred c\u0103 tabloul <\/span><strong>Portretul idealizat al unei doamne<\/strong><span style=\"font-weight: 400;\"> nu \u00eei apar\u021bine lui Botticelli, ci a fost pictat de un alt pictor \u00een atelierul acestuia. Mai mult dec\u00e2t at\u00e2t, faptul c\u0103 Simonetta este figura central\u0103 a multor opere este doar o supozi\u021bie \u00eentruc\u00e2t Botticelli nu a dezv\u0103luit niciodat\u0103 numele modelelor sale.<\/span><\/p>\n<p><strong>Asambleaz\u0103 puzzle 1000 piese \u00een familie sau \u00eempreun\u0103 cu prietenii!<\/strong><\/p>\n<p><span style=\"font-weight: 400;\">Cau\u021bi o modalitatea de distrac\u021bie social\u0103 pentru weekend? Str\u00e2nge-\u021bi toat\u0103 familia \u00een jurul unui puzzle de 1000 piese \u0219i \u00eencepe\u021bi marea asamblare! Cheam\u0103-\u021bi \u0219i cei mai buni prieteni \u0219i provoac\u0103-i la o activitate special\u0103. Timpul petrecut \u00eempreun\u0103, f\u0103r\u0103 telefoane sau alte ecrane te va apropia de cei dragi \u0219i-\u021bi va da energia necesar\u0103 pentru \u00eentreaga s\u0103pt\u0103m\u00e2n\u0103 ce urmeaz\u0103.<\/span><\/p>\n<p><span style=\"font-weight: 400;\">Cump\u0103r\u0103 acest minunat puzzle adul\u021bi Sandro Botticelli &#8211; Idealized Portrait of a Lady\/Portretul idelizat al unei doamne \u0219i bucur\u0103-te de o activitate relaxant\u0103 \u00eempreun\u0103 cu cei dragi. Po\u021bi oferi\u00a0 \u00een dar acest puzzle de art\u0103 unor prieteni pasiona\u021bi de jocuri puzzle.<\/span><\/p>\n","protected":false},"excerpt":{"rendered":"<p>Cele mai multe dintre operele de art\u0103 ascund pasiuni neb\u0103nuite, mistere sau iubiri ne\u00eemplinite. S\u0103 le contempli este o \u00eenc\u00e2ntare<\/p>\n","protected":false},"featured_media":63087,"template":"","meta":[],"product_brand":[],"product_cat":[1488,1560],"product_tag":[],"class_list":{"0":"post-20034","1":"product","2":"type-product","3":"status-publish","4":"has-post-thumbnail","6":"product_cat-puzzle-adulti","7":"product_cat-puzzle-adulti-1000","8":"pa_brand-d_toys","9":"pa_country_of_manufacture-ro","10":"pa_filter_age-1315","11":"pa_painter-sandrobotticelli","12":"pa_tip_ambalaj-cutie","13":"pa_tip_puzzle-clasic","15":"first","16":"instock","17":"taxable","18":"shipping-taxable","19":"product-type-simple"},"yoast_head":"<!-- This site is optimized with the Yoast SEO plugin v20.1 - https:\/\/yoast.com\/wordpress\/plugins\/seo\/ -->\n<title>Puzzle adul\u021bi Sandro Botticelli - Idealised Portrait of a Lady - 1000 piese<\/title>\n<meta name=\"description\" content=\"Un puzzle adulti fascinant \u0219i uimitor. Descopera acest puzzle de arta si intra in lumea plin\u0103 de romantism si culoare a pictorului Botticelli.\" \/>\n<meta name=\"robots\" content=\"index, follow, max-snippet:-1, max-image-preview:large, max-video-preview:-1\" \/>\n<link rel=\"canonical\" href=\"https:\/\/www.roovi.ro\/puzzle-adulti-sandro-botticelli-idealised-portrait-of-a-lady-1000-piese\/p\/\" \/>\n<meta property=\"og:locale\" content=\"ro_RO\" \/>\n<meta property=\"og:type\" content=\"article\" \/>\n<meta property=\"og:title\" content=\"Puzzle adul\u021bi Sandro Botticelli - Idealised Portrait of a Lady - 1000 piese\" \/>\n<meta property=\"og:description\" content=\"Un puzzle adulti fascinant \u0219i uimitor. Descopera acest puzzle de arta si intra in lumea plin\u0103 de romantism si culoare a pictorului Botticelli.\" \/>\n<meta property=\"og:url\" content=\"https:\/\/www.roovi.ro\/puzzle-adulti-sandro-botticelli-idealised-portrait-of-a-lady-1000-piese\/p\/\" \/>\n<meta property=\"og:site_name\" content=\"Roovi B2B\" \/>\n<meta property=\"article:publisher\" content=\"https:\/\/www.facebook.com\/wwwjucariero\" \/>\n<meta property=\"article:modified_time\" content=\"2023-03-20T21:21:16+00:00\" \/>\n<meta property=\"og:image\" content=\"https:\/\/business.roovi.com\/wp-content\/uploads\/2021\/11\/72672-BO-03-WEB.jpg\" \/>\n\t<meta property=\"og:image:width\" content=\"1200\" \/>\n\t<meta property=\"og:image:height\" content=\"1200\" \/>\n\t<meta property=\"og:image:type\" content=\"image\/jpeg\" \/>\n<meta name=\"twitter:label1\" content=\"Timp estimat pentru citire\" \/>\n\t<meta name=\"twitter:data1\" content=\"4 minute\" \/>\n<script type=\"application\/ld+json\" class=\"yoast-schema-graph\">{\"@context\":\"https:\/\/schema.org\",\"@graph\":[{\"@type\":\"WebPage\",\"@id\":\"https:\/\/business.roovi.com\/ro\/puzzle-adulti-sandro-botticelli-idealised-portrait-of-a-lady-1000-piese\/p\/\",\"url\":\"https:\/\/www.roovi.ro\/puzzle-adulti-sandro-botticelli-idealised-portrait-of-a-lady-1000-piese\/p\/\",\"name\":\"Puzzle adul\u021bi Sandro Botticelli - Idealised Portrait of a Lady - 1000 piese\",\"isPartOf\":{\"@id\":\"https:\/\/business.roovi.com\/ro\/#website\"},\"datePublished\":\"2021-11-04T13:15:24+00:00\",\"dateModified\":\"2023-03-20T21:21:16+00:00\",\"description\":\"Un puzzle adulti fascinant \u0219i uimitor. Descopera acest puzzle de arta si intra in lumea plin\u0103 de romantism si culoare a pictorului Botticelli.\",\"breadcrumb\":{\"@id\":\"https:\/\/www.roovi.ro\/puzzle-adulti-sandro-botticelli-idealised-portrait-of-a-lady-1000-piese\/p\/#breadcrumb\"},\"inLanguage\":\"ro-RO\",\"potentialAction\":[{\"@type\":\"ReadAction\",\"target\":[\"https:\/\/www.roovi.ro\/puzzle-adulti-sandro-botticelli-idealised-portrait-of-a-lady-1000-piese\/p\/\"]}]},{\"@type\":\"BreadcrumbList\",\"@id\":\"https:\/\/www.roovi.ro\/puzzle-adulti-sandro-botticelli-idealised-portrait-of-a-lady-1000-piese\/p\/#breadcrumb\",\"itemListElement\":[{\"@type\":\"ListItem\",\"position\":1,\"name\":\"Home\",\"item\":\"https:\/\/business.roovi.com\/ro\/\"},{\"@type\":\"ListItem\",\"position\":2,\"name\":\"Magazin\",\"item\":\"https:\/\/business.roovi.com\/ro\/magazin\/\"},{\"@type\":\"ListItem\",\"position\":3,\"name\":\"Puzzle adul\u021bi Sandro Botticelli &#8211; Idealised Portrait of a Lady &#8211; 1000 piese\"}]},{\"@type\":\"WebSite\",\"@id\":\"https:\/\/business.roovi.com\/ro\/#website\",\"url\":\"https:\/\/business.roovi.com\/ro\/\",\"name\":\"Roovi B2B\",\"description\":\"Roovi Business Website\",\"potentialAction\":[{\"@type\":\"SearchAction\",\"target\":{\"@type\":\"EntryPoint\",\"urlTemplate\":\"https:\/\/business.roovi.com\/ro\/?s={search_term_string}\"},\"query-input\":\"required name=search_term_string\"}],\"inLanguage\":\"ro-RO\"}]}<\/script>\n<!-- \/ Yoast SEO plugin. -->","yoast_head_json":{"title":"Puzzle adul\u021bi Sandro Botticelli - Idealised Portrait of a Lady - 1000 piese","description":"Un puzzle adulti fascinant \u0219i uimitor. Descopera acest puzzle de arta si intra in lumea plin\u0103 de romantism si culoare a pictorului Botticelli.","robots":{"index":"index","follow":"follow","max-snippet":"max-snippet:-1","max-image-preview":"max-image-preview:large","max-video-preview":"max-video-preview:-1"},"canonical":"https:\/\/www.roovi.ro\/puzzle-adulti-sandro-botticelli-idealised-portrait-of-a-lady-1000-piese\/p\/","og_locale":"ro_RO","og_type":"article","og_title":"Puzzle adul\u021bi Sandro Botticelli - Idealised Portrait of a Lady - 1000 piese","og_description":"Un puzzle adulti fascinant \u0219i uimitor. Descopera acest puzzle de arta si intra in lumea plin\u0103 de romantism si culoare a pictorului Botticelli.","og_url":"https:\/\/www.roovi.ro\/puzzle-adulti-sandro-botticelli-idealised-portrait-of-a-lady-1000-piese\/p\/","og_site_name":"Roovi B2B","article_publisher":"https:\/\/www.facebook.com\/wwwjucariero","article_modified_time":"2023-03-20T21:21:16+00:00","og_image":[{"width":1200,"height":1200,"url":"https:\/\/business.roovi.com\/wp-content\/uploads\/2021\/11\/72672-BO-03-WEB.jpg","type":"image\/jpeg"}],"twitter_misc":{"Timp estimat pentru citire":"4 minute"},"schema":{"@context":"https:\/\/schema.org","@graph":[{"@type":"WebPage","@id":"https:\/\/business.roovi.com\/ro\/puzzle-adulti-sandro-botticelli-idealised-portrait-of-a-lady-1000-piese\/p\/","url":"https:\/\/www.roovi.ro\/puzzle-adulti-sandro-botticelli-idealised-portrait-of-a-lady-1000-piese\/p\/","name":"Puzzle adul\u021bi Sandro Botticelli - Idealised Portrait of a Lady - 1000 piese","isPartOf":{"@id":"https:\/\/business.roovi.com\/ro\/#website"},"datePublished":"2021-11-04T13:15:24+00:00","dateModified":"2023-03-20T21:21:16+00:00","description":"Un puzzle adulti fascinant \u0219i uimitor. Descopera acest puzzle de arta si intra in lumea plin\u0103 de romantism si culoare a pictorului Botticelli.","breadcrumb":{"@id":"https:\/\/www.roovi.ro\/puzzle-adulti-sandro-botticelli-idealised-portrait-of-a-lady-1000-piese\/p\/#breadcrumb"},"inLanguage":"ro-RO","potentialAction":[{"@type":"ReadAction","target":["https:\/\/www.roovi.ro\/puzzle-adulti-sandro-botticelli-idealised-portrait-of-a-lady-1000-piese\/p\/"]}]},{"@type":"BreadcrumbList","@id":"https:\/\/www.roovi.ro\/puzzle-adulti-sandro-botticelli-idealised-portrait-of-a-lady-1000-piese\/p\/#breadcrumb","itemListElement":[{"@type":"ListItem","position":1,"name":"Home","item":"https:\/\/business.roovi.com\/ro\/"},{"@type":"ListItem","position":2,"name":"Magazin","item":"https:\/\/business.roovi.com\/ro\/magazin\/"},{"@type":"ListItem","position":3,"name":"Puzzle adul\u021bi Sandro Botticelli &#8211; Idealised Portrait of a Lady &#8211; 1000 piese"}]},{"@type":"WebSite","@id":"https:\/\/business.roovi.com\/ro\/#website","url":"https:\/\/business.roovi.com\/ro\/","name":"Roovi B2B","description":"Roovi Business Website","potentialAction":[{"@type":"SearchAction","target":{"@type":"EntryPoint","urlTemplate":"https:\/\/business.roovi.com\/ro\/?s={search_term_string}"},"query-input":"required name=search_term_string"}],"inLanguage":"ro-RO"}]}},"_links":{"self":[{"href":"https:\/\/business.roovi.com\/ro\/wp-json\/wp\/v2\/product\/20034","targetHints":{"allow":["GET"]}}],"collection":[{"href":"https:\/\/business.roovi.com\/ro\/wp-json\/wp\/v2\/product"}],"about":[{"href":"https:\/\/business.roovi.com\/ro\/wp-json\/wp\/v2\/types\/product"}],"version-history":[{"count":0,"href":"https:\/\/business.roovi.com\/ro\/wp-json\/wp\/v2\/product\/20034\/revisions"}],"wp:featuredmedia":[{"embeddable":true,"href":"https:\/\/business.roovi.com\/ro\/wp-json\/wp\/v2\/media\/63087"}],"wp:attachment":[{"href":"https:\/\/business.roovi.com\/ro\/wp-json\/wp\/v2\/media?parent=20034"}],"wp:term":[{"taxonomy":"product_brand","embeddable":true,"href":"https:\/\/business.roovi.com\/ro\/wp-json\/wp\/v2\/product_brand?post=20034"},{"taxonomy":"product_cat","embeddable":true,"href":"https:\/\/business.roovi.com\/ro\/wp-json\/wp\/v2\/product_cat?post=20034"},{"taxonomy":"product_tag","embeddable":true,"href":"https:\/\/business.roovi.com\/ro\/wp-json\/wp\/v2\/product_tag?post=20034"}],"curies":[{"name":"wp","href":"https:\/\/api.w.org\/{rel}","templated":true}]}}