{"id":20035,"date":"2021-11-05T10:02:02","date_gmt":"2021-11-05T10:02:02","guid":{"rendered":"https:\/\/business.roovi.com\/product\/pacalici-in-costume-populare\/"},"modified":"2025-03-11T12:48:34","modified_gmt":"2025-03-11T12:48:34","slug":"carti-de-joc-pacalici-in-costume-traditionale","status":"publish","type":"product","link":"https:\/\/business.roovi.com\/ro\/carti-de-joc-pacalici-in-costume-traditionale\/p\/","title":{"rendered":"C\u0103r\u021bi de joc &#8211; P\u0103c\u0103lici \u00een costume tradi\u021bionale"},"content":{"rendered":"<p><span style=\"font-weight: 400;\">Din Maramure\u0219 p\u00e2n\u0103 \u00een Dobrogea, personaje amuzante \u00ee\u0219i etaleaz\u0103 portul popular cu m\u00e2ndrie \u0219i veselie. G\u0103se\u0219te-le perechea \u0219i distreaz\u0103-te pe cinste cu to\u021bi membrii familiei sau cu cei mai buni prieteni!<\/span><\/p>\n<p><span style=\"font-weight: 400;\">\u00ce\u021bi mai aminte\u0219ti cum era \u00een copil\u0103rie c\u00e2nd P\u0103c\u0103lici aduna laolalt\u0103 to\u021bi copiii de pe scara blocului \u0219i nimeni nu intra \u00een cas\u0103 p\u00e2n\u0103 c\u00e2nd nu sc\u0103pa de simpaticul P\u0103c\u0103lici? Jocul P\u0103c\u0103lici era \u00eendr\u0103git de toat\u0103 lumea, de la copii la adul\u021bi, \u00eel jucam cu prietenii, cu fra\u021bii sau cu bunicii. Reg\u0103se\u0219te pl\u0103cerea de alt\u0103dat\u0103 \u0219i ofer\u0103-le \u0219i copiilor t\u0103i o experien\u021b\u0103 de neuitat cu cel mai \u00eendr\u0103git joc de c\u0103r\u021bi din copil\u0103ria ta: P\u0103c\u0103lici, acum reinterpretat, \u00een costume tradi\u021bionale rom\u00e2ne\u0219ti. Descoper\u0103 \u00een pachetul cu <\/span><strong>35 de c\u0103r\u021bi de joc<\/strong><span style=\"font-weight: 400;\">, personaje neao\u0219e, \u00eembr\u0103cate \u00een straie populare din cele mai reprezentative zone etnografice ale \u021b\u0103rii.<\/span><\/p>\n<p><strong>Cum se joac\u0103 P\u0103c\u0103lici \u00een costume populare?<\/strong><\/p>\n<p><span style=\"font-weight: 400;\">\u00cemparte c\u00e2te 4 c\u0103r\u021bi fiec\u0103rui juc\u0103tor.<\/span><\/p>\n<p><span style=\"font-weight: 400;\">Pune c\u0103r\u021bile r\u0103mase \u00eentr-un teanc, cu fa\u021ba \u00een jos.<\/span><\/p>\n<p><span style=\"font-weight: 400;\">Fiecare juc\u0103tor trage c\u00e2te o carte din teancul de jos \u0219i urm\u0103re\u0219te s\u0103 g\u0103seasc\u0103 perechea fiec\u0103rui personaj al c\u0103r\u021bilor din m\u00e2n\u0103.<\/span><\/p>\n<p><span style=\"font-weight: 400;\">C\u00e2nd c\u0103r\u021bile din teanc se termin\u0103, juc\u0103torii trag c\u00e2te o carte unul de la cel\u0103lalt, \u00een ordinea acelor de ceasornic. C\u00e2\u0219tig\u0103 cel care scap\u0103 primul de toate c\u0103r\u021bile \u0219i pierde cel care r\u0103m\u00e2ne cu P\u0103c\u0103lici.<\/span><\/p>\n<p><span style=\"font-weight: 400;\">La noi, P\u0103c\u0103lici e P\u0103cal\u0103. El nu are pereche, a\u0219adar, ai grij\u0103 s\u0103 nu r\u0103m\u00e2i cu el \u00een m\u00e2n\u0103!<\/span><\/p>\n<p><span style=\"font-weight: 400;\">Jocul se joac\u0103 \u00een minim 2 \u0219i maxim 6 juc\u0103tori. \u00cen total sunt 17 perechi populare \u0219i singuraticul P\u0103cal\u0103.<\/span><\/p>\n<p><strong>P\u0103c\u0103lici \u00een costume tradi\u021bionale &#8211; un joc pe c\u00e2t de simplu, pe at\u00e2t de educativ \u0219i distractiv<\/strong><\/p>\n<p><span style=\"font-weight: 400;\">\u0218tiai c\u0103 jocurile de c\u0103r\u021bi pentru copii nu sunt doar distractive, ci \u0219i educative? Iat\u0103 mai jos c\u00e2teva dintre beneficiile de care v\u0103 ve\u021bi bucura atunci c\u00e2nd juca\u021bi \u00eempreun\u0103 cu copiii P\u0103c\u0103lici \u00een costume tradi\u021bionale:<\/span><\/p>\n<p><strong>Jocurile de c\u0103r\u021bi pentru copii sunt o alternativ\u0103 accesibil\u0103 \u0219i s\u0103n\u0103toase care \u00eei deconecteaz\u0103 pe copii de la ecrane.<\/strong><span style=\"font-weight: 400;\"> Vrei s\u0103 \u00eel despar\u021bi de telefon? F\u0103-i cuno\u0219tin\u021b\u0103 cu P\u0103c\u0103lici \u00een costume tradi\u021bionale! Joac\u0103-te \u00eempreun\u0103 cu copilul t\u0103u sau invit\u0103-i c\u00e2\u021biva prieteni \u0219i \u00eendeamn\u0103-i s\u0103 se joace \u00eempreun\u0103. Acest joc de c\u0103r\u021bi este o modalitate excelent\u0103 de socializare autentic\u0103 \u0219i cunoa\u0219tere pentru copii.<\/span><\/p>\n<p><strong>Jocurile de c\u0103r\u021bi \u00eei ajut\u0103 pe copii s\u0103-\u0219i dezvolte abilit\u0103\u021bi cognitive<\/strong><span style=\"font-weight: 400;\"> precum: memoria, g\u00e2ndirea logic\u0103 \u0219i matematic\u0103, capacitatea de a rezolva probleme \u0219i multe altele. Jocul de c\u0103r\u021bi e \u00eentotdeauna distractiv, iar c\u00e2nd devine \u0219i educativ, e cu at\u00e2t mai minunat!<\/span><\/p>\n<p><strong>Jocurile de c\u0103r\u021bi pentru copii ajut\u0103 la dezvoltarea inteligen\u021bei emo\u021bionale a acestora<\/strong><span style=\"font-weight: 400;\">. S\u0103n\u0103tatea emo\u021bional\u0103 este important\u0103 la orice v\u00e2rst\u0103. Pentru copii, echilibrul emo\u021bional se stabile\u0219te \u00een familie. Prin intermediul jocurilor de c\u0103r\u021bi, iau parte la o competi\u021bie prietenoas\u0103. Ei \u00eenva\u021b\u0103 s\u0103 piard\u0103 cu z\u00e2mbetul pe buze sau s\u0103 se bucure de c\u00e2\u0219tig \u0219i s\u0103 lupte pentru victorie. Toate jocurile de c\u0103r\u021bi necesit\u0103 comunicare, astfel \u00eenc\u00e2t copiii trebuie s\u0103 vorbeasc\u0103 \u00eentre ei, s\u0103 negocieze, s\u0103 \u00een\u021beleag\u0103 regulile jocului, s\u0103 se ajute \u00eentre ei, s\u0103-\u0219i a\u0219tepte r\u00e2ndul \u0219i s\u0103 fac\u0103 fa\u021b\u0103 provoc\u0103rilor care se ivesc \u00een timpul jocului.\u00a0<\/span><\/p>\n<p><strong>Despre P\u0103c\u0103lici \u0219tiai c\u0103?&#8230;<\/strong><\/p>\n<p><span style=\"font-weight: 400;\">Este cel mai popular joc de c\u0103r\u021bi pentru copii \u0219i are origini germane. Varianta \u00een german\u0103 se nume\u0219te Schwarzer Peter &#8211; Peter cel Negru.<\/span><\/p>\n<p><span style=\"font-weight: 400;\">Se pare c\u0103 jocul de c\u0103r\u021bi P\u0103c\u0103lici s-a n\u0103scut la&#8230; \u00eenchisoare, pe la 1811, fiind inventat de ho\u021bul Johann Peter Petri care \u00ee\u0219i isp\u0103\u0219ea pedeapsa pentru furt \u0219i de la care provine \u0219i numele din german\u0103.<\/span><\/p>\n<p><span style=\"font-weight: 400;\">Totu\u0219i, unele voci spun c\u0103 jocul este, de fapt, mult mai vechi \u0219i c\u0103 deriv\u0103 de la un joc de noroc \u00een care, cel care pierdea trebuia s\u0103 pl\u0103teasc\u0103 urm\u0103torul r\u00e2nd de b\u0103uturi.<\/span><\/p>\n<p><span style=\"font-weight: 400;\">Se joac\u0103 \u00een multe \u021b\u0103ri din lume, sub diverse nume. Iat\u0103 doar 3 dintre acestea:<\/span><\/p>\n<p><em><span style=\"font-weight: 400;\">Asino<\/span><\/em><span style=\"font-weight: 400;\">\u00a0 \u00een Italia<\/span><\/p>\n<p><em><span style=\"font-weight: 400;\">Le Pouilleux<\/span><\/em><span style=\"font-weight: 400;\">\u00a0 \u00een Fran\u021ba<\/span><\/p>\n<p><em><span style=\"font-weight: 400;\">Babnuki<\/span><\/em><span style=\"font-weight: 400;\">\u00a0 \u00een Japonia<\/span><\/p>\n<p><span style=\"font-weight: 400;\">Joac\u0103-te <\/span><strong>P\u0103c\u0103lici \u00een costume tradi\u021bionale<\/strong><span style=\"font-weight: 400;\"> cu copiii, cu prietenii sau cu bunicii! Redescoper\u0103 bucuria autentic\u0103 dintr-un joc de c\u0103r\u021bi clasic \u0219i captivant. Cump\u0103r\u0103 acum acest minunat joc de c\u0103r\u021bi <\/span><strong>P\u0103c\u0103lici \u00een costume tradi\u021bionale<\/strong><span style=\"font-weight: 400;\">\u00a0pentru tine sau ofer\u0103-l \u00een dar unor prieteni dragi.<\/span><\/p>\n","protected":false},"excerpt":{"rendered":"<p><span style=\"font-weight: 400;\">P\u0103c\u0103lici s-a \u00eembr\u0103cat \u00een haine noi \u0219i v\u0103 invit\u0103 la joc, de la mic, la mare!<\/span><\/p>\n","protected":false},"featured_media":72633,"template":"","meta":[],"product_brand":[],"product_cat":[1522,1467],"product_tag":[],"class_list":{"0":"post-20035","1":"product","2":"type-product","3":"status-publish","4":"has-post-thumbnail","6":"product_cat-carti-de-joc","7":"product_cat-jocuri-de-societate","8":"pa_brand-deico","9":"pa_country_of_manufacture-ro","10":"pa_filter_age-3_5","11":"pa_filter_age-5_7","12":"pa_filter_age-7_9","13":"pa_tip_ambalaj-cutie","15":"first","16":"instock","17":"taxable","18":"shipping-taxable","19":"product-type-simple"},"yoast_head":"<!-- This site is optimized with the Yoast SEO plugin v20.1 - https:\/\/yoast.com\/wordpress\/plugins\/seo\/ -->\n<title>Carti de joc Pacalici iti ofera multe ore de distractie<\/title>\n<meta name=\"description\" content=\"Jocul de carti P\u0103c\u0103lici s-a \u00eembr\u0103cat \u00een costume traditionale \u0219i te cheam\u0103 la distrac\u021bie! Descoper\u0103 un joc de carti super amuzant, cu grafica de exceptie!\" \/>\n<meta name=\"robots\" content=\"index, follow, max-snippet:-1, max-image-preview:large, max-video-preview:-1\" \/>\n<link rel=\"canonical\" href=\"https:\/\/www.roovi.ro\/carti-de-joc-pacalici-in-costume-traditionale\/p\/\" \/>\n<meta property=\"og:locale\" content=\"ro_RO\" \/>\n<meta property=\"og:type\" content=\"article\" \/>\n<meta property=\"og:title\" content=\"Carti de joc Pacalici iti ofera multe ore de distractie\" \/>\n<meta property=\"og:description\" content=\"Jocul de carti P\u0103c\u0103lici s-a \u00eembr\u0103cat \u00een costume traditionale \u0219i te cheam\u0103 la distrac\u021bie! Descoper\u0103 un joc de carti super amuzant, cu grafica de exceptie!\" \/>\n<meta property=\"og:url\" content=\"https:\/\/www.roovi.ro\/carti-de-joc-pacalici-in-costume-traditionale\/p\/\" \/>\n<meta property=\"og:site_name\" content=\"Roovi B2B\" \/>\n<meta property=\"article:publisher\" content=\"https:\/\/www.facebook.com\/wwwjucariero\" \/>\n<meta property=\"article:modified_time\" content=\"2025-03-11T12:48:34+00:00\" \/>\n<meta property=\"og:image\" content=\"https:\/\/business.roovi.com\/wp-content\/uploads\/2021\/11\/Pacalici-costume-populare3.jpg\" \/>\n\t<meta property=\"og:image:width\" content=\"1200\" \/>\n\t<meta property=\"og:image:height\" content=\"1200\" \/>\n\t<meta property=\"og:image:type\" content=\"image\/jpeg\" \/>\n<meta name=\"twitter:label1\" content=\"Timp estimat pentru citire\" \/>\n\t<meta name=\"twitter:data1\" content=\"3 minute\" \/>\n<script type=\"application\/ld+json\" class=\"yoast-schema-graph\">{\"@context\":\"https:\/\/schema.org\",\"@graph\":[{\"@type\":\"WebPage\",\"@id\":\"https:\/\/business.roovi.com\/ro\/carti-de-joc-pacalici-in-costume-traditionale\/p\/\",\"url\":\"https:\/\/www.roovi.ro\/carti-de-joc-pacalici-in-costume-traditionale\/p\/\",\"name\":\"Carti de joc Pacalici iti ofera multe ore de distractie\",\"isPartOf\":{\"@id\":\"https:\/\/business.roovi.com\/ro\/#website\"},\"datePublished\":\"2021-11-05T10:02:02+00:00\",\"dateModified\":\"2025-03-11T12:48:34+00:00\",\"description\":\"Jocul de carti P\u0103c\u0103lici s-a \u00eembr\u0103cat \u00een costume traditionale \u0219i te cheam\u0103 la distrac\u021bie! Descoper\u0103 un joc de carti super amuzant, cu grafica de exceptie!\",\"breadcrumb\":{\"@id\":\"https:\/\/www.roovi.ro\/carti-de-joc-pacalici-in-costume-traditionale\/p\/#breadcrumb\"},\"inLanguage\":\"ro-RO\",\"potentialAction\":[{\"@type\":\"ReadAction\",\"target\":[\"https:\/\/www.roovi.ro\/carti-de-joc-pacalici-in-costume-traditionale\/p\/\"]}]},{\"@type\":\"BreadcrumbList\",\"@id\":\"https:\/\/www.roovi.ro\/carti-de-joc-pacalici-in-costume-traditionale\/p\/#breadcrumb\",\"itemListElement\":[{\"@type\":\"ListItem\",\"position\":1,\"name\":\"Home\",\"item\":\"https:\/\/business.roovi.com\/ro\/\"},{\"@type\":\"ListItem\",\"position\":2,\"name\":\"Magazin\",\"item\":\"https:\/\/business.roovi.com\/ro\/magazin\/\"},{\"@type\":\"ListItem\",\"position\":3,\"name\":\"C\u0103r\u021bi de joc &#8211; P\u0103c\u0103lici \u00een costume tradi\u021bionale\"}]},{\"@type\":\"WebSite\",\"@id\":\"https:\/\/business.roovi.com\/ro\/#website\",\"url\":\"https:\/\/business.roovi.com\/ro\/\",\"name\":\"Roovi B2B\",\"description\":\"Roovi Business Website\",\"potentialAction\":[{\"@type\":\"SearchAction\",\"target\":{\"@type\":\"EntryPoint\",\"urlTemplate\":\"https:\/\/business.roovi.com\/ro\/?s={search_term_string}\"},\"query-input\":\"required name=search_term_string\"}],\"inLanguage\":\"ro-RO\"}]}<\/script>\n<!-- \/ Yoast SEO plugin. -->","yoast_head_json":{"title":"Carti de joc Pacalici iti ofera multe ore de distractie","description":"Jocul de carti P\u0103c\u0103lici s-a \u00eembr\u0103cat \u00een costume traditionale \u0219i te cheam\u0103 la distrac\u021bie! Descoper\u0103 un joc de carti super amuzant, cu grafica de exceptie!","robots":{"index":"index","follow":"follow","max-snippet":"max-snippet:-1","max-image-preview":"max-image-preview:large","max-video-preview":"max-video-preview:-1"},"canonical":"https:\/\/www.roovi.ro\/carti-de-joc-pacalici-in-costume-traditionale\/p\/","og_locale":"ro_RO","og_type":"article","og_title":"Carti de joc Pacalici iti ofera multe ore de distractie","og_description":"Jocul de carti P\u0103c\u0103lici s-a \u00eembr\u0103cat \u00een costume traditionale \u0219i te cheam\u0103 la distrac\u021bie! Descoper\u0103 un joc de carti super amuzant, cu grafica de exceptie!","og_url":"https:\/\/www.roovi.ro\/carti-de-joc-pacalici-in-costume-traditionale\/p\/","og_site_name":"Roovi B2B","article_publisher":"https:\/\/www.facebook.com\/wwwjucariero","article_modified_time":"2025-03-11T12:48:34+00:00","og_image":[{"width":1200,"height":1200,"url":"https:\/\/business.roovi.com\/wp-content\/uploads\/2021\/11\/Pacalici-costume-populare3.jpg","type":"image\/jpeg"}],"twitter_misc":{"Timp estimat pentru citire":"3 minute"},"schema":{"@context":"https:\/\/schema.org","@graph":[{"@type":"WebPage","@id":"https:\/\/business.roovi.com\/ro\/carti-de-joc-pacalici-in-costume-traditionale\/p\/","url":"https:\/\/www.roovi.ro\/carti-de-joc-pacalici-in-costume-traditionale\/p\/","name":"Carti de joc Pacalici iti ofera multe ore de distractie","isPartOf":{"@id":"https:\/\/business.roovi.com\/ro\/#website"},"datePublished":"2021-11-05T10:02:02+00:00","dateModified":"2025-03-11T12:48:34+00:00","description":"Jocul de carti P\u0103c\u0103lici s-a \u00eembr\u0103cat \u00een costume traditionale \u0219i te cheam\u0103 la distrac\u021bie! Descoper\u0103 un joc de carti super amuzant, cu grafica de exceptie!","breadcrumb":{"@id":"https:\/\/www.roovi.ro\/carti-de-joc-pacalici-in-costume-traditionale\/p\/#breadcrumb"},"inLanguage":"ro-RO","potentialAction":[{"@type":"ReadAction","target":["https:\/\/www.roovi.ro\/carti-de-joc-pacalici-in-costume-traditionale\/p\/"]}]},{"@type":"BreadcrumbList","@id":"https:\/\/www.roovi.ro\/carti-de-joc-pacalici-in-costume-traditionale\/p\/#breadcrumb","itemListElement":[{"@type":"ListItem","position":1,"name":"Home","item":"https:\/\/business.roovi.com\/ro\/"},{"@type":"ListItem","position":2,"name":"Magazin","item":"https:\/\/business.roovi.com\/ro\/magazin\/"},{"@type":"ListItem","position":3,"name":"C\u0103r\u021bi de joc &#8211; P\u0103c\u0103lici \u00een costume tradi\u021bionale"}]},{"@type":"WebSite","@id":"https:\/\/business.roovi.com\/ro\/#website","url":"https:\/\/business.roovi.com\/ro\/","name":"Roovi B2B","description":"Roovi Business Website","potentialAction":[{"@type":"SearchAction","target":{"@type":"EntryPoint","urlTemplate":"https:\/\/business.roovi.com\/ro\/?s={search_term_string}"},"query-input":"required name=search_term_string"}],"inLanguage":"ro-RO"}]}},"_links":{"self":[{"href":"https:\/\/business.roovi.com\/ro\/wp-json\/wp\/v2\/product\/20035","targetHints":{"allow":["GET"]}}],"collection":[{"href":"https:\/\/business.roovi.com\/ro\/wp-json\/wp\/v2\/product"}],"about":[{"href":"https:\/\/business.roovi.com\/ro\/wp-json\/wp\/v2\/types\/product"}],"version-history":[{"count":0,"href":"https:\/\/business.roovi.com\/ro\/wp-json\/wp\/v2\/product\/20035\/revisions"}],"wp:featuredmedia":[{"embeddable":true,"href":"https:\/\/business.roovi.com\/ro\/wp-json\/wp\/v2\/media\/72633"}],"wp:attachment":[{"href":"https:\/\/business.roovi.com\/ro\/wp-json\/wp\/v2\/media?parent=20035"}],"wp:term":[{"taxonomy":"product_brand","embeddable":true,"href":"https:\/\/business.roovi.com\/ro\/wp-json\/wp\/v2\/product_brand?post=20035"},{"taxonomy":"product_cat","embeddable":true,"href":"https:\/\/business.roovi.com\/ro\/wp-json\/wp\/v2\/product_cat?post=20035"},{"taxonomy":"product_tag","embeddable":true,"href":"https:\/\/business.roovi.com\/ro\/wp-json\/wp\/v2\/product_tag?post=20035"}],"curies":[{"name":"wp","href":"https:\/\/api.w.org\/{rel}","templated":true}]}}