{"id":20037,"date":"2021-11-11T12:21:38","date_gmt":"2021-11-11T12:21:38","guid":{"rendered":"https:\/\/business.roovi.com\/product\/puzzle-adulti-1000-piese-pieter-bruegel-cel-batran-the-fight-between-carnival-and-lent\/"},"modified":"2025-03-17T09:58:52","modified_gmt":"2025-03-17T09:58:52","slug":"puzzle-adulti-1000-piese-pieter-bruegel-cel-batran-the-fight-between-carnival-and-lent","status":"publish","type":"product","link":"https:\/\/business.roovi.com\/ro\/puzzle-adulti-1000-piese-pieter-bruegel-cel-batran-the-fight-between-carnival-and-lent\/p\/","title":{"rendered":"Puzzle adulti 1000 piese  Pieter Bruegel cel B\u0103tr\u00e2n &#8211; The Fight between Carnival and Lent"},"content":{"rendered":"<p><span style=\"font-weight: 400;\">Cau\u021bi o activitate distractiv\u0103 pentru weekend sau pentru serile monotone? Cea mai mare colec\u021bie de puzzle-uri de art\u0103 din Rom\u00e2nia te poart\u0103 \u00eentr-o alt\u0103 dimensiune, plin\u0103 de culoare \u0219i stil, iar timpul t\u0103u liber va c\u0103p\u0103ta o alt\u0103 valoare.<\/span><\/p>\n<p><span style=\"font-weight: 400;\">Puzzle 1000 piese Pieter Bruegel cel B\u0103tr\u00e2n &#8211; The Fight between Carnival and Lent\/Lupta dintre carnaval \u0219i postul Pa\u0219telui red\u0103 \u00eentr-o imagine unic\u0103 simbolistica special\u0103 a tabloului renumitului artist renascentist. \u00cenarmeaz\u0103-te cu r\u0103bdare \u0219i restabile\u0219te ordinea din haosul a 1000 piese de puzzle. Pentru refacerea imaginii cu dimensiunile de 50 x 70 cm te po\u021bi folosi de o m\u0103su\u021b\u0103 obi\u0219nuit\u0103 de cafea.<\/span><\/p>\n<p><span style=\"font-weight: 400;\">Cite\u0219te mai jos \u0219i alte detalii despre acest minunat puzzle de art\u0103:<\/span><\/p>\n<p><strong>Material puzzle:\u00a0<\/strong><\/p>\n<p><strong>carton albastru de o calitate superioar\u0103<\/strong><\/p>\n<p><strong>materiale sustenabile, reciclabile<\/strong><\/p>\n<p><strong>finisaj semi-lucios, culori vii<\/strong><\/p>\n<p><strong>Num\u0103rul pieselor de puzzle: 1000<\/strong><\/p>\n<p><strong>V\u00e2rsta recomandat\u0103: 14+<\/strong><\/p>\n<p><span style=\"font-weight: 400;\">Jocurile puzzle te ajut\u0103 s\u0103 r\u0103m\u00e2i s\u0103n\u0103tos<\/span><\/p>\n<p><span style=\"font-weight: 400;\">Asamblarea puzzle-urilor 1000 piese te relaxeaz\u0103, te distreaz\u0103 \u0219i te \u021bin s\u0103n\u0103tos. Iat\u0103 c\u00e2teva dintre numeroasele beneficii pe care le ofer\u0103 puzzle-urile adul\u021bi:<\/span><\/p>\n<p><strong>\u00ce\u021bi men\u021bin s\u0103n\u0103tatea inimii<\/strong><span style=\"font-weight: 400;\"> &#8211; atunci c\u00e2nd asamblezi puzzle 1000 piese, corpul t\u0103u intr\u0103 \u00eentr-o stare de lini\u0219te \u0219i relaxare. Te deconectezi de la toate problemele cotidiene, iar organismul se relaxeaz\u0103 \u0219i func\u021bioneaz\u0103 \u00een parametrii normali.<\/span><\/p>\n<p><strong>\u00ce\u021bi men\u021bin s\u0103n\u0103tatea creierului<\/strong><span style=\"font-weight: 400;\"> &#8211; activitatea de asamblare a puzzle-ului 1000 piese solicit\u0103 ambele emisfere cerebrale, astfel c\u0103 devine un excelent exerci\u021biu pentru creier.<\/span><\/p>\n<p><strong>\u00ce\u021bi \u00eembun\u0103t\u0103\u021besc memoria &#8211; <\/strong><span style=\"font-weight: 400;\">g\u0103sirea pieselor potrivite, memorarea formelor, a culorilor, dar \u0219i a pozi\u021biei unde se lipesc piesele dintr-un puzzle 1000 piese constituie, de asemenea, un exerci\u021biu eficient pentru memoria de termen scurt.<\/span><\/p>\n<p><span style=\"font-weight: 400;\">\u00a0<\/span><strong>Despre<\/strong> <strong><em>Lupta dintre carnaval \u0219i postul Pa\u0219telui <\/em><\/strong><strong>\u0219tiai c\u0103?<\/strong><\/p>\n<p><span style=\"font-weight: 400;\">Eviden\u021biaz\u0103 aproximativ 200 de personaje \u0219i e o adev\u0103rat\u0103 lupt\u0103 \u00eentre sacru \u0219i profan.<\/span><\/p>\n<p><span style=\"font-weight: 400;\">Opera este o redare simbolic\u0103 a piet\u0103\u021bii \u0219i a p\u0103catului.\u00a0<\/span><\/p>\n<p><span style=\"font-weight: 400;\">La baza lucr\u0103rii se pare c\u0103 a stat conflictul religios care a intervenit odat\u0103 cu venirea la putere a regelui Filip al II-lea al Spaniei care a impus convingerile catolicismului.<\/span><\/p>\n<p><span style=\"font-weight: 400;\">Tabloul nu pune eticheta de bun\u0103 sau rea niciunei p\u0103r\u021bi, ci le prezint\u0103 pe ambele ca pe dou\u0103 extreme ale omenirii.<\/span><\/p>\n<p><span style=\"font-weight: 400;\">Exist\u0103 18 replici f\u0103cute dup\u0103 acest tablou, 5 dintre acestea fiind executate de fiul s\u0103u, Pieter Brueghel cel T\u00e2n\u0103r.<\/span><\/p>\n<p><strong>Puzzle 1000 piese \u00ee\u021bi aduce mult\u0103 fericire<\/strong><\/p>\n<p><span style=\"font-weight: 400;\">\u0218i nu este doar un fel de a spune. Se pare c\u0103 \u00een timp ce refaci imaginile din puzzle 1000 piese, creierul t\u0103u secret\u0103 mai mult\u0103 dopamin\u0103. Aceast\u0103 substan\u021b\u0103 este responsabil\u0103 de starea de fericire, optimism, precum \u0219i de memorie.\u00a0<\/span><\/p>\n<p><span style=\"font-weight: 400;\">Ai numai beneficii \u0219i avantaje dac\u0103 asamblezi puzzle de art\u0103. Cump\u0103r\u0103 acum acest minunat puzzle 1000 piese Pieter Bruegel cel B\u0103tr\u00e2n &#8211; The Fight between Carnival and Lent\/Lupta dintre carnaval \u0219i postul Pa\u0219telui \u0219i tr\u0103ie\u0219te o experien\u021b\u0103 uimitoare! F\u0103-i o bucurie unui prieten drag oferindu-i \u00een dar acest puzzle 1000 piese plin de simboluri \u0219i misticism.<\/span><\/p>\n","protected":false},"excerpt":{"rendered":"<p>Cau\u021bi o activitate distractiv\u0103 pentru weekend sau pentru serile monotone? Cea mai mare colec\u021bie de puzzle-uri de art\u0103 din Rom\u00e2nia<\/p>\n","protected":false},"featured_media":63151,"template":"","meta":[],"product_brand":[],"product_cat":[1454,1488,1560],"product_tag":[],"class_list":{"0":"post-20037","1":"product","2":"type-product","3":"status-publish","4":"has-post-thumbnail","6":"product_cat-puzzle","7":"product_cat-puzzle-adulti","8":"product_cat-puzzle-adulti-1000","9":"pa_bax-1273","10":"pa_brand-d_toys","11":"pa_country_of_manufacture-ro","12":"pa_filter_age-1315","13":"pa_tip_ambalaj-cutie","15":"first","16":"instock","17":"taxable","18":"shipping-taxable","19":"product-type-simple"},"yoast_head":"<!-- This site is optimized with the Yoast SEO plugin v20.1 - https:\/\/yoast.com\/wordpress\/plugins\/seo\/ -->\n<title>Puzzle adulti 1000 piese Pieter Bruegel cel B\u0103tr\u00e2n - The Fight between Carnival and Lent<\/title>\n<meta name=\"robots\" content=\"index, follow, max-snippet:-1, max-image-preview:large, max-video-preview:-1\" \/>\n<link rel=\"canonical\" href=\"https:\/\/www.roovi.ro\/puzzle-adulti-1000-piese-pieter-bruegel-cel-batran-the-fight-between-carnival-and-lent\/p\/\" \/>\n<meta property=\"og:locale\" content=\"ro_RO\" \/>\n<meta property=\"og:type\" content=\"article\" \/>\n<meta property=\"og:title\" content=\"Puzzle adulti 1000 piese Pieter Bruegel cel B\u0103tr\u00e2n - The Fight between Carnival and Lent\" \/>\n<meta property=\"og:description\" content=\"Cau\u021bi o activitate distractiv\u0103 pentru weekend sau pentru serile monotone? Cea mai mare colec\u021bie de puzzle-uri de art\u0103 din Rom\u00e2nia\" \/>\n<meta property=\"og:url\" content=\"https:\/\/www.roovi.ro\/puzzle-adulti-1000-piese-pieter-bruegel-cel-batran-the-fight-between-carnival-and-lent\/p\/\" \/>\n<meta property=\"og:site_name\" content=\"Roovi B2B\" \/>\n<meta property=\"article:publisher\" content=\"https:\/\/www.facebook.com\/wwwjucariero\" \/>\n<meta property=\"article:modified_time\" content=\"2025-03-17T09:58:52+00:00\" \/>\n<meta property=\"og:image\" content=\"https:\/\/business.roovi.com\/wp-content\/uploads\/2021\/11\/73778-BR-08-WEB.jpg\" \/>\n\t<meta property=\"og:image:width\" content=\"1200\" \/>\n\t<meta property=\"og:image:height\" content=\"1200\" \/>\n\t<meta property=\"og:image:type\" content=\"image\/jpeg\" \/>\n<meta name=\"twitter:label1\" content=\"Timp estimat pentru citire\" \/>\n\t<meta name=\"twitter:data1\" content=\"3 minute\" \/>\n<script type=\"application\/ld+json\" class=\"yoast-schema-graph\">{\"@context\":\"https:\/\/schema.org\",\"@graph\":[{\"@type\":\"WebPage\",\"@id\":\"https:\/\/business.roovi.com\/ro\/puzzle-adulti-1000-piese-pieter-bruegel-cel-batran-the-fight-between-carnival-and-lent\/p\/\",\"url\":\"https:\/\/www.roovi.ro\/puzzle-adulti-1000-piese-pieter-bruegel-cel-batran-the-fight-between-carnival-and-lent\/p\/\",\"name\":\"Puzzle adulti 1000 piese Pieter Bruegel cel B\u0103tr\u00e2n - The Fight between Carnival and Lent\",\"isPartOf\":{\"@id\":\"https:\/\/business.roovi.com\/ro\/#website\"},\"datePublished\":\"2021-11-11T12:21:38+00:00\",\"dateModified\":\"2025-03-17T09:58:52+00:00\",\"breadcrumb\":{\"@id\":\"https:\/\/www.roovi.ro\/puzzle-adulti-1000-piese-pieter-bruegel-cel-batran-the-fight-between-carnival-and-lent\/p\/#breadcrumb\"},\"inLanguage\":\"ro-RO\",\"potentialAction\":[{\"@type\":\"ReadAction\",\"target\":[\"https:\/\/www.roovi.ro\/puzzle-adulti-1000-piese-pieter-bruegel-cel-batran-the-fight-between-carnival-and-lent\/p\/\"]}]},{\"@type\":\"BreadcrumbList\",\"@id\":\"https:\/\/www.roovi.ro\/puzzle-adulti-1000-piese-pieter-bruegel-cel-batran-the-fight-between-carnival-and-lent\/p\/#breadcrumb\",\"itemListElement\":[{\"@type\":\"ListItem\",\"position\":1,\"name\":\"Home\",\"item\":\"https:\/\/business.roovi.com\/ro\/\"},{\"@type\":\"ListItem\",\"position\":2,\"name\":\"Magazin\",\"item\":\"https:\/\/business.roovi.com\/ro\/magazin\/\"},{\"@type\":\"ListItem\",\"position\":3,\"name\":\"Puzzle adulti 1000 piese Pieter Bruegel cel B\u0103tr\u00e2n &#8211; The Fight between Carnival and Lent\"}]},{\"@type\":\"WebSite\",\"@id\":\"https:\/\/business.roovi.com\/ro\/#website\",\"url\":\"https:\/\/business.roovi.com\/ro\/\",\"name\":\"Roovi B2B\",\"description\":\"Roovi Business Website\",\"potentialAction\":[{\"@type\":\"SearchAction\",\"target\":{\"@type\":\"EntryPoint\",\"urlTemplate\":\"https:\/\/business.roovi.com\/ro\/?s={search_term_string}\"},\"query-input\":\"required name=search_term_string\"}],\"inLanguage\":\"ro-RO\"}]}<\/script>\n<!-- \/ Yoast SEO plugin. -->","yoast_head_json":{"title":"Puzzle adulti 1000 piese Pieter Bruegel cel B\u0103tr\u00e2n - The Fight between Carnival and Lent","robots":{"index":"index","follow":"follow","max-snippet":"max-snippet:-1","max-image-preview":"max-image-preview:large","max-video-preview":"max-video-preview:-1"},"canonical":"https:\/\/www.roovi.ro\/puzzle-adulti-1000-piese-pieter-bruegel-cel-batran-the-fight-between-carnival-and-lent\/p\/","og_locale":"ro_RO","og_type":"article","og_title":"Puzzle adulti 1000 piese Pieter Bruegel cel B\u0103tr\u00e2n - The Fight between Carnival and Lent","og_description":"Cau\u021bi o activitate distractiv\u0103 pentru weekend sau pentru serile monotone? Cea mai mare colec\u021bie de puzzle-uri de art\u0103 din Rom\u00e2nia","og_url":"https:\/\/www.roovi.ro\/puzzle-adulti-1000-piese-pieter-bruegel-cel-batran-the-fight-between-carnival-and-lent\/p\/","og_site_name":"Roovi B2B","article_publisher":"https:\/\/www.facebook.com\/wwwjucariero","article_modified_time":"2025-03-17T09:58:52+00:00","og_image":[{"width":1200,"height":1200,"url":"https:\/\/business.roovi.com\/wp-content\/uploads\/2021\/11\/73778-BR-08-WEB.jpg","type":"image\/jpeg"}],"twitter_misc":{"Timp estimat pentru citire":"3 minute"},"schema":{"@context":"https:\/\/schema.org","@graph":[{"@type":"WebPage","@id":"https:\/\/business.roovi.com\/ro\/puzzle-adulti-1000-piese-pieter-bruegel-cel-batran-the-fight-between-carnival-and-lent\/p\/","url":"https:\/\/www.roovi.ro\/puzzle-adulti-1000-piese-pieter-bruegel-cel-batran-the-fight-between-carnival-and-lent\/p\/","name":"Puzzle adulti 1000 piese Pieter Bruegel cel B\u0103tr\u00e2n - The Fight between Carnival and Lent","isPartOf":{"@id":"https:\/\/business.roovi.com\/ro\/#website"},"datePublished":"2021-11-11T12:21:38+00:00","dateModified":"2025-03-17T09:58:52+00:00","breadcrumb":{"@id":"https:\/\/www.roovi.ro\/puzzle-adulti-1000-piese-pieter-bruegel-cel-batran-the-fight-between-carnival-and-lent\/p\/#breadcrumb"},"inLanguage":"ro-RO","potentialAction":[{"@type":"ReadAction","target":["https:\/\/www.roovi.ro\/puzzle-adulti-1000-piese-pieter-bruegel-cel-batran-the-fight-between-carnival-and-lent\/p\/"]}]},{"@type":"BreadcrumbList","@id":"https:\/\/www.roovi.ro\/puzzle-adulti-1000-piese-pieter-bruegel-cel-batran-the-fight-between-carnival-and-lent\/p\/#breadcrumb","itemListElement":[{"@type":"ListItem","position":1,"name":"Home","item":"https:\/\/business.roovi.com\/ro\/"},{"@type":"ListItem","position":2,"name":"Magazin","item":"https:\/\/business.roovi.com\/ro\/magazin\/"},{"@type":"ListItem","position":3,"name":"Puzzle adulti 1000 piese Pieter Bruegel cel B\u0103tr\u00e2n &#8211; The Fight between Carnival and Lent"}]},{"@type":"WebSite","@id":"https:\/\/business.roovi.com\/ro\/#website","url":"https:\/\/business.roovi.com\/ro\/","name":"Roovi B2B","description":"Roovi Business Website","potentialAction":[{"@type":"SearchAction","target":{"@type":"EntryPoint","urlTemplate":"https:\/\/business.roovi.com\/ro\/?s={search_term_string}"},"query-input":"required name=search_term_string"}],"inLanguage":"ro-RO"}]}},"_links":{"self":[{"href":"https:\/\/business.roovi.com\/ro\/wp-json\/wp\/v2\/product\/20037","targetHints":{"allow":["GET"]}}],"collection":[{"href":"https:\/\/business.roovi.com\/ro\/wp-json\/wp\/v2\/product"}],"about":[{"href":"https:\/\/business.roovi.com\/ro\/wp-json\/wp\/v2\/types\/product"}],"version-history":[{"count":0,"href":"https:\/\/business.roovi.com\/ro\/wp-json\/wp\/v2\/product\/20037\/revisions"}],"wp:featuredmedia":[{"embeddable":true,"href":"https:\/\/business.roovi.com\/ro\/wp-json\/wp\/v2\/media\/63151"}],"wp:attachment":[{"href":"https:\/\/business.roovi.com\/ro\/wp-json\/wp\/v2\/media?parent=20037"}],"wp:term":[{"taxonomy":"product_brand","embeddable":true,"href":"https:\/\/business.roovi.com\/ro\/wp-json\/wp\/v2\/product_brand?post=20037"},{"taxonomy":"product_cat","embeddable":true,"href":"https:\/\/business.roovi.com\/ro\/wp-json\/wp\/v2\/product_cat?post=20037"},{"taxonomy":"product_tag","embeddable":true,"href":"https:\/\/business.roovi.com\/ro\/wp-json\/wp\/v2\/product_tag?post=20037"}],"curies":[{"name":"wp","href":"https:\/\/api.w.org\/{rel}","templated":true}]}}