{"id":20038,"date":"2021-11-11T13:52:25","date_gmt":"2021-11-11T13:52:25","guid":{"rendered":"https:\/\/business.roovi.com\/product\/puzzle-adulti-1000-piese-pieter-brueghel-cel-tanar-the-marriage-procession\/"},"modified":"2023-03-20T21:28:16","modified_gmt":"2023-03-20T21:28:16","slug":"puzzle-adulti-1000-piese-pieter-brueghel-cel-tanar-the-marriage-procession","status":"publish","type":"product","link":"https:\/\/business.roovi.com\/ro\/puzzle-adulti-1000-piese-pieter-brueghel-cel-tanar-the-marriage-procession\/p\/","title":{"rendered":"Puzzle adulti 1000 piese  Pieter Brueghel cel T\u00e2n\u0103r &#8211; The Marriage Procession"},"content":{"rendered":"<p><span style=\"font-weight: 400; line-height: 14px; font-size: 14px;\">Cau\u021bi o modalitate &#8222;altfel&#8221; de a-\u021bi petrece timpul liber? Puzzle-urile de art\u0103 te poart\u0103 \u00een lumea rafinat\u0103 a picturilor celebre \u0219i dau timpul t\u0103u liber o alt\u0103 valoare. Descoper\u0103 acum cea mai mare colec\u021bie de puzzle de art\u0103 fabricate \u00een Rom\u00e2nia \u0219i creeaz\u0103-\u021bi tablouri unice din puzzle-uri de 1000 piese.<\/span><\/p>\n<p><span style=\"line-height: 14px; font-size: 14px;\"><span style=\"font-weight: 400;\">Puzzle adulti 1000 piese<\/span><span style=\"font-weight: 400;\"> Pieter Brueghel cel T\u00e2n\u0103r &#8211; The Marriage Procession te duce \u00eenapoi \u00een timp, \u00een secolul al XVI-lea \u0219i \u00ee\u021bi prezint\u0103 o procesiune inedit\u0103 a unei nun\u021bi <\/span><span style=\"font-weight: 400;\">din Flandra. Oamenii nu mai lucreaz\u0103, natura \u00eentreag\u0103 s-a oprit \u00een loc pentru a celebra cea mai frumoas\u0103 zi din via\u021ba unui om obi\u0219nuit. Pune \u0219i tu o pauz\u0103 agita\u021biei zilnice, trage-\u021bi aproape m\u0103su\u021ba de cafea din sufragerie \u0219i intr\u0103 \u00een atmosfera boem\u0103, plin\u0103 de culoare a nun\u021bii flamande. La final \u00ee\u021bi va \u00eenc\u00e2nta privirea un tablou cu dimensiunile de 50 x 70 cm care va ar\u0103ta superb \u00een ram\u0103.<\/span><span style=\"font-weight: 400;\">\u00a0<\/span><\/span><\/p>\n<p><span style=\"font-weight: 400; line-height: 14px; font-size: 14px;\">Cite\u0219te mai jos \u0219i alte informa\u021bii despre caracteristicile acestui puzzle de art\u0103:<\/span><\/p>\n<p><span style=\"line-height: 14px; font-size: 14px;\"><strong>Material puzzle:\u00a0<\/strong><\/span><\/p>\n<p><span style=\"line-height: 14px; font-size: 14px;\"><strong>carton albastru de o calitate superioar\u0103<\/strong><\/span><\/p>\n<p><span style=\"line-height: 14px; font-size: 14px;\"><strong>materiale sustenabile, reciclabile<\/strong><\/span><\/p>\n<p><span style=\"line-height: 14px; font-size: 14px;\"><strong>finisaj semi-lucios, culori vii<\/strong><\/span><\/p>\n<p><span style=\"line-height: 14px; font-size: 14px;\"><strong>Num\u0103rul pieselor de puzzle: 1000<\/strong><\/span><\/p>\n<p><span style=\"line-height: 14px; font-size: 14px;\"><strong>V\u00e2rsta recomandat\u0103: 14+<\/strong><\/span><\/p>\n<p><span style=\"line-height: 14px; font-size: 14px;\"><strong>3 abilit\u0103\u021bi pe care le dezvol\u021bi asambl\u00e2nd puzzle adul\u021bi<\/strong><\/span><\/p>\n<p><span style=\"line-height: 14px; font-size: 14px;\"><strong>R\u0103bdarea<\/strong><\/span><\/p>\n<p><span style=\"font-weight: 400; line-height: 14px; font-size: 14px;\">S\u0103 refaci un tablou din 1000 piese de puzzle poate fi o munc\u0103 de sisif, mai ales dac\u0103 e\u0219ti la \u00eenceput. Dar odat\u0103 ce \u00ee\u021bi stabile\u0219ti cea mai bun\u0103 strategie, munca devine pl\u0103cut\u0103 \u0219i relaxant\u0103, iar orele trec \u0219i nici nu-\u021bi dai seama c\u00e2nd ai devenit at\u00e2t de r\u0103bd\u0103tor. Aceast\u0103 abilitate \u00ee\u021bi va fi de folos \u00een multe alte activit\u0103\u021bi pe care va trebui s\u0103 le desf\u0103\u0219ori.<\/span><\/p>\n<p><span style=\"line-height: 14px; font-size: 14px;\"><strong>Aten\u021bia la detalii<\/strong><\/span><\/p>\n<p><span style=\"font-weight: 400; line-height: 14px; font-size: 14px;\">\u00cen unele meserie, precum medicina, s\u0103 fii atent la cele mai mici detalii poate face diferen\u021ba dintre via\u021b\u0103 \u0219i moarte. Astfel aceast\u0103 abilitate este foarte important\u0103. O po\u021bi antrena \u0219i \u00eembun\u0103t\u0103\u021bi complet\u00e2nd puzzle 1000 piese zi de zi pentru cel pu\u021bin 30 de minute.<\/span><\/p>\n<p><span style=\"line-height: 14px; font-size: 14px;\"><strong>Logica<\/strong><\/span><\/p>\n<p><span style=\"font-weight: 400; line-height: 14px; font-size: 14px;\">Jocul puzzle \u00ee\u021bi poate p\u0103rea un haos la \u00eenceput. Sute de piese de puzzle 1000 \u00eempr\u0103\u0219tiate pe o m\u0103su\u021b\u0103 te sperie la prima vedere. Dar odat\u0103 ce \u00ee\u021bi dai seama c\u0103 fiecare pies\u0103 are locul ei unic, lucrul devine mai clar \u0219i mai u\u0219or. Iar dup\u0103 mult exerci\u021biu \u0219i zeci de modele de puzzle-uri adul\u021bi asamblate, vei sta mult mai bine cu logica.<\/span><\/p>\n<p><span style=\"line-height: 14px; font-size: 14px;\"><strong>5 curiozit\u0103\u021bi despre Pieter Bruegel cel T\u00e2n\u0103r<\/strong><\/span><\/p>\n<p><span style=\"font-weight: 400; line-height: 14px; font-size: 14px;\">A fost numit Brueghel al Iadului deoarece se credea c\u0103 este autorul mai multor picturi cu reprezent\u0103ri fantastice ale focului \u0219i imagini grote\u0219ti. Ulterior acest lucr\u0103ri i-au fost atribuite fratelui s\u0103u, Jan Brueghel cel B\u0103tr\u00e2n.<\/span><\/p>\n<p><span style=\"line-height: 14px; font-size: 14px;\"><span style=\"font-weight: 400;\">A copiat numeroase lucr\u0103ri celebre ale tat\u0103lui s\u0103u, <\/span><span style=\"font-weight: 400;\">Pieter Bruegel<\/span><span style=\"font-weight: 400;\"> cel B\u0103tr\u00e2n, prin tehnica numit\u0103 &#8222;pouncing&#8221;.<\/span><\/span><\/p>\n<p><span style=\"font-weight: 400; line-height: 14px; font-size: 14px;\">Scena procesiunii nun\u021bii care \u00eenf\u0103\u021bi\u0219eaz\u0103 realistic via\u021ba de zi cu zi a clasei \u021b\u0103r\u0103ne\u0219ti \u00eenst\u0103rite era foarte popular\u0103 la vremea sa de aceea au existat multe replici ale acestei picturi. 7 dintre ele au fost identificate cu certitudine \u00een zilele noastre.<\/span><\/p>\n<p><span style=\"font-weight: 400; line-height: 14px; font-size: 14px;\">Pentru unii critici, opera l\u0103sat\u0103 de Pieter Bruegel cel T\u00e2n\u0103r este lipsit\u0103 de substan\u021bialitatea \u0219i umanismul care pot fi admirate \u00een operele celebrului s\u0103u tat\u0103.<\/span><\/p>\n<p><span style=\"font-weight: 400; line-height: 14px; font-size: 14px;\">Numele s\u0103u a fost uitat de-a lungul secolelor al XVIII-lea \u0219i al XIX-lea, c\u0103p\u0103t\u00e2nd notorietate abia \u00een secolul XX.<\/span><\/p>\n<p><span style=\"line-height: 14px; font-size: 14px;\"><strong>Te bucuri de cei pu\u021bin 3 avantaje dac\u0103 asamblezi puzzle de art\u0103<\/strong><\/span><\/p>\n<p><span style=\"font-weight: 400; line-height: 14px; font-size: 14px;\">1. \u00ce\u021bi creezi singur propriul tablou de art\u0103 dintr-un puzzle de 1000 piese.<\/span><\/p>\n<p><span style=\"font-weight: 400; line-height: 14px; font-size: 14px;\">2. \u00ce\u021bi dezvol\u021bi sim\u021bul estetic \u0219i coloristic.<\/span><\/p>\n<p><span style=\"font-weight: 400; line-height: 14px; font-size: 14px;\">3. \u00ce\u021bi \u00eembog\u0103\u021be\u0219ti cuno\u0219tin\u021bele despre art\u0103 \u0219i pictori celebri.<\/span><\/p>\n<p><span style=\"line-height: 14px; font-size: 14px;\"><span style=\"font-weight: 400;\">Cump\u0103r\u0103 acum puzzle <\/span><span style=\"font-weight: 400;\">Pieter Brueghel cel T\u00e2n\u0103r &#8211; The Marriage Procession din colec\u021bia noastr\u0103 de puzzle-uri de art\u0103 \u0219i \u00eentrumuse\u021beaz\u0103-\u021bi locuin\u021ba cu un tablou de excep\u021bie ref\u0103cut din puzzle 1000 piese.<\/span><\/span><\/p>\n<p><span style=\"font-weight: 400; line-height: 14px; font-size: 14px;\">Acest minunat puzzle de art\u0103 poate fi un cadou deosebit pe care \u00eel po\u021bi oferi membrilor din familie sau prietenilor pasiona\u021bi de jocuri puzzle cu diverse ocazii.<\/span><\/p>\n","protected":false},"excerpt":{"rendered":"<p>Cau\u021bi o modalitate &#8222;altfel&#8221; de a-\u021bi petrece timpul liber? Puzzle-urile de art\u0103 te poart\u0103 \u00een lumea rafinat\u0103 a picturilor celebre<\/p>\n","protected":false},"featured_media":63106,"template":"","meta":[],"product_brand":[],"product_cat":[1454,1488,1560],"product_tag":[],"class_list":{"0":"post-20038","1":"product","2":"type-product","3":"status-publish","4":"has-post-thumbnail","6":"product_cat-puzzle","7":"product_cat-puzzle-adulti","8":"product_cat-puzzle-adulti-1000","9":"pa_brand-d_toys","10":"pa_country_of_manufacture-ro","11":"pa_filter_age-1315","12":"pa_painter-pieterbreugheltheyounger","13":"pa_tip_puzzle-clasic","15":"first","16":"instock","17":"taxable","18":"shipping-taxable","19":"product-type-simple"},"yoast_head":"<!-- This site is optimized with the Yoast SEO plugin v20.1 - https:\/\/yoast.com\/wordpress\/plugins\/seo\/ -->\n<title>Puzzle adulti 1000 piese Pieter Brueghel cel T\u00e2n\u0103r - The Marriage Procession<\/title>\n<meta name=\"robots\" content=\"index, follow, max-snippet:-1, max-image-preview:large, max-video-preview:-1\" \/>\n<link rel=\"canonical\" href=\"https:\/\/www.roovi.ro\/puzzle-adulti-1000-piese-pieter-brueghel-cel-tanar-the-marriage-procession\/p\/\" \/>\n<meta property=\"og:locale\" content=\"ro_RO\" \/>\n<meta property=\"og:type\" content=\"article\" \/>\n<meta property=\"og:title\" content=\"Puzzle adulti 1000 piese Pieter Brueghel cel T\u00e2n\u0103r - The Marriage Procession\" \/>\n<meta property=\"og:description\" content=\"Cau\u021bi o modalitate &#8222;altfel&#8221; de a-\u021bi petrece timpul liber? Puzzle-urile de art\u0103 te poart\u0103 \u00een lumea rafinat\u0103 a picturilor celebre\" \/>\n<meta property=\"og:url\" content=\"https:\/\/www.roovi.ro\/puzzle-adulti-1000-piese-pieter-brueghel-cel-tanar-the-marriage-procession\/p\/\" \/>\n<meta property=\"og:site_name\" content=\"Roovi B2B\" \/>\n<meta property=\"article:publisher\" content=\"https:\/\/www.facebook.com\/wwwjucariero\" \/>\n<meta property=\"article:modified_time\" content=\"2023-03-20T21:28:16+00:00\" \/>\n<meta property=\"og:image\" content=\"https:\/\/business.roovi.com\/wp-content\/uploads\/2021\/11\/66947-BR-07-WEB.jpg\" \/>\n\t<meta property=\"og:image:width\" content=\"1200\" \/>\n\t<meta property=\"og:image:height\" content=\"1200\" \/>\n\t<meta property=\"og:image:type\" content=\"image\/jpeg\" \/>\n<meta name=\"twitter:label1\" content=\"Timp estimat pentru citire\" \/>\n\t<meta name=\"twitter:data1\" content=\"4 minute\" \/>\n<script type=\"application\/ld+json\" class=\"yoast-schema-graph\">{\"@context\":\"https:\/\/schema.org\",\"@graph\":[{\"@type\":\"WebPage\",\"@id\":\"https:\/\/business.roovi.com\/ro\/puzzle-adulti-1000-piese-pieter-brueghel-cel-tanar-the-marriage-procession\/p\/\",\"url\":\"https:\/\/www.roovi.ro\/puzzle-adulti-1000-piese-pieter-brueghel-cel-tanar-the-marriage-procession\/p\/\",\"name\":\"Puzzle adulti 1000 piese Pieter Brueghel cel T\u00e2n\u0103r - The Marriage Procession\",\"isPartOf\":{\"@id\":\"https:\/\/business.roovi.com\/ro\/#website\"},\"datePublished\":\"2021-11-11T13:52:25+00:00\",\"dateModified\":\"2023-03-20T21:28:16+00:00\",\"breadcrumb\":{\"@id\":\"https:\/\/www.roovi.ro\/puzzle-adulti-1000-piese-pieter-brueghel-cel-tanar-the-marriage-procession\/p\/#breadcrumb\"},\"inLanguage\":\"ro-RO\",\"potentialAction\":[{\"@type\":\"ReadAction\",\"target\":[\"https:\/\/www.roovi.ro\/puzzle-adulti-1000-piese-pieter-brueghel-cel-tanar-the-marriage-procession\/p\/\"]}]},{\"@type\":\"BreadcrumbList\",\"@id\":\"https:\/\/www.roovi.ro\/puzzle-adulti-1000-piese-pieter-brueghel-cel-tanar-the-marriage-procession\/p\/#breadcrumb\",\"itemListElement\":[{\"@type\":\"ListItem\",\"position\":1,\"name\":\"Home\",\"item\":\"https:\/\/business.roovi.com\/ro\/\"},{\"@type\":\"ListItem\",\"position\":2,\"name\":\"Magazin\",\"item\":\"https:\/\/business.roovi.com\/ro\/magazin\/\"},{\"@type\":\"ListItem\",\"position\":3,\"name\":\"Puzzle adulti 1000 piese Pieter Brueghel cel T\u00e2n\u0103r &#8211; The Marriage Procession\"}]},{\"@type\":\"WebSite\",\"@id\":\"https:\/\/business.roovi.com\/ro\/#website\",\"url\":\"https:\/\/business.roovi.com\/ro\/\",\"name\":\"Roovi B2B\",\"description\":\"Roovi Business Website\",\"potentialAction\":[{\"@type\":\"SearchAction\",\"target\":{\"@type\":\"EntryPoint\",\"urlTemplate\":\"https:\/\/business.roovi.com\/ro\/?s={search_term_string}\"},\"query-input\":\"required name=search_term_string\"}],\"inLanguage\":\"ro-RO\"}]}<\/script>\n<!-- \/ Yoast SEO plugin. -->","yoast_head_json":{"title":"Puzzle adulti 1000 piese Pieter Brueghel cel T\u00e2n\u0103r - The Marriage Procession","robots":{"index":"index","follow":"follow","max-snippet":"max-snippet:-1","max-image-preview":"max-image-preview:large","max-video-preview":"max-video-preview:-1"},"canonical":"https:\/\/www.roovi.ro\/puzzle-adulti-1000-piese-pieter-brueghel-cel-tanar-the-marriage-procession\/p\/","og_locale":"ro_RO","og_type":"article","og_title":"Puzzle adulti 1000 piese Pieter Brueghel cel T\u00e2n\u0103r - The Marriage Procession","og_description":"Cau\u021bi o modalitate &#8222;altfel&#8221; de a-\u021bi petrece timpul liber? Puzzle-urile de art\u0103 te poart\u0103 \u00een lumea rafinat\u0103 a picturilor celebre","og_url":"https:\/\/www.roovi.ro\/puzzle-adulti-1000-piese-pieter-brueghel-cel-tanar-the-marriage-procession\/p\/","og_site_name":"Roovi B2B","article_publisher":"https:\/\/www.facebook.com\/wwwjucariero","article_modified_time":"2023-03-20T21:28:16+00:00","og_image":[{"width":1200,"height":1200,"url":"https:\/\/business.roovi.com\/wp-content\/uploads\/2021\/11\/66947-BR-07-WEB.jpg","type":"image\/jpeg"}],"twitter_misc":{"Timp estimat pentru citire":"4 minute"},"schema":{"@context":"https:\/\/schema.org","@graph":[{"@type":"WebPage","@id":"https:\/\/business.roovi.com\/ro\/puzzle-adulti-1000-piese-pieter-brueghel-cel-tanar-the-marriage-procession\/p\/","url":"https:\/\/www.roovi.ro\/puzzle-adulti-1000-piese-pieter-brueghel-cel-tanar-the-marriage-procession\/p\/","name":"Puzzle adulti 1000 piese Pieter Brueghel cel T\u00e2n\u0103r - The Marriage Procession","isPartOf":{"@id":"https:\/\/business.roovi.com\/ro\/#website"},"datePublished":"2021-11-11T13:52:25+00:00","dateModified":"2023-03-20T21:28:16+00:00","breadcrumb":{"@id":"https:\/\/www.roovi.ro\/puzzle-adulti-1000-piese-pieter-brueghel-cel-tanar-the-marriage-procession\/p\/#breadcrumb"},"inLanguage":"ro-RO","potentialAction":[{"@type":"ReadAction","target":["https:\/\/www.roovi.ro\/puzzle-adulti-1000-piese-pieter-brueghel-cel-tanar-the-marriage-procession\/p\/"]}]},{"@type":"BreadcrumbList","@id":"https:\/\/www.roovi.ro\/puzzle-adulti-1000-piese-pieter-brueghel-cel-tanar-the-marriage-procession\/p\/#breadcrumb","itemListElement":[{"@type":"ListItem","position":1,"name":"Home","item":"https:\/\/business.roovi.com\/ro\/"},{"@type":"ListItem","position":2,"name":"Magazin","item":"https:\/\/business.roovi.com\/ro\/magazin\/"},{"@type":"ListItem","position":3,"name":"Puzzle adulti 1000 piese Pieter Brueghel cel T\u00e2n\u0103r &#8211; The Marriage Procession"}]},{"@type":"WebSite","@id":"https:\/\/business.roovi.com\/ro\/#website","url":"https:\/\/business.roovi.com\/ro\/","name":"Roovi B2B","description":"Roovi Business Website","potentialAction":[{"@type":"SearchAction","target":{"@type":"EntryPoint","urlTemplate":"https:\/\/business.roovi.com\/ro\/?s={search_term_string}"},"query-input":"required name=search_term_string"}],"inLanguage":"ro-RO"}]}},"_links":{"self":[{"href":"https:\/\/business.roovi.com\/ro\/wp-json\/wp\/v2\/product\/20038","targetHints":{"allow":["GET"]}}],"collection":[{"href":"https:\/\/business.roovi.com\/ro\/wp-json\/wp\/v2\/product"}],"about":[{"href":"https:\/\/business.roovi.com\/ro\/wp-json\/wp\/v2\/types\/product"}],"version-history":[{"count":0,"href":"https:\/\/business.roovi.com\/ro\/wp-json\/wp\/v2\/product\/20038\/revisions"}],"wp:featuredmedia":[{"embeddable":true,"href":"https:\/\/business.roovi.com\/ro\/wp-json\/wp\/v2\/media\/63106"}],"wp:attachment":[{"href":"https:\/\/business.roovi.com\/ro\/wp-json\/wp\/v2\/media?parent=20038"}],"wp:term":[{"taxonomy":"product_brand","embeddable":true,"href":"https:\/\/business.roovi.com\/ro\/wp-json\/wp\/v2\/product_brand?post=20038"},{"taxonomy":"product_cat","embeddable":true,"href":"https:\/\/business.roovi.com\/ro\/wp-json\/wp\/v2\/product_cat?post=20038"},{"taxonomy":"product_tag","embeddable":true,"href":"https:\/\/business.roovi.com\/ro\/wp-json\/wp\/v2\/product_tag?post=20038"}],"curies":[{"name":"wp","href":"https:\/\/api.w.org\/{rel}","templated":true}]}}