{"id":20039,"date":"2021-11-11T15:14:56","date_gmt":"2021-11-11T15:14:56","guid":{"rendered":"https:\/\/business.roovi.com\/product\/puzzle-adulti-1000-piese-dante-gabriel-rossetti-a-christmas-carol\/"},"modified":"2023-03-20T21:28:14","modified_gmt":"2023-03-20T21:28:14","slug":"puzzle-adulti-1000-piese-dante-gabriel-rossetti-a-christmas-carol","status":"publish","type":"product","link":"https:\/\/business.roovi.com\/ro\/puzzle-adulti-1000-piese-dante-gabriel-rossetti-a-christmas-carol\/p\/","title":{"rendered":"Puzzle adulti 1000 piese  Dante Gabriel Rossetti &#8211; A Christmas Carol"},"content":{"rendered":"<p><span style=\"font-size: 14px; line-height: 14px;\"><span style=\"font-weight: 400;\">S\u0103 admiri<\/span> <span style=\"font-weight: 400;\">capodopere de art\u0103 este o senza\u021bie unic\u0103, dar este dificil s\u0103 ajungi la muzee celebre ori de c\u00e2te ori sim\u021bi nevoia de relaxarea aceasta. Cu cea mai mare gam\u0103 de puzzle-uri de art\u0103 ai acum \u0219ansa nu doar s\u0103 \u00ee\u021bi prive\u0219ti picturile favorite, ci s\u0103 le \u0219i construie\u0219ti cu m\u00e2na ta din puzzle-uri de 1000 piese.<\/span><\/span><\/p>\n<p><span style=\"font-size: 14px; line-height: 14px;\"><span style=\"font-weight: 400;\">Puzzle 1000 piese <\/span><span style=\"font-weight: 400;\">Dante Gabriel Rossetti &#8211; A Christmas Carol<\/span> <span style=\"font-weight: 400;\">exprim\u0103 senzualitatea muzicii care l-a fascinat pe Rosetti \u0219i pe care artistul a redat-o \u00een pictur\u0103. O femeie frumoas\u0103 \u021bine elegant un instrument muzical cre\u00e2nd senza\u021bia c\u0103 actul muzical creeaz\u0103 o leg\u0103tur\u0103 \u00eentre spectator \u0219i artist. Acest minunat puzzle de art\u0103 \u00ee\u021bi deschide lumea complex\u0103, creat\u0103 de g\u00e2ndirea profund\u0103 a pictorului <\/span><span style=\"font-weight: 400;\">Dante Gabriel Rossetti.<\/span><\/span><\/p>\n<p><span style=\"font-weight: 400;\">Caracteristici ale puzzle-ului de art\u0103 <\/span><span style=\"font-weight: 400;\">Dante Gabriel Rossetti &#8211; A Christmas Carol:<\/span><span style=\"font-weight: 400;\">\u00a0<\/span><\/p>\n<p><strong>Dimensiunile imaginii reconstituite: 50 x 70 cm.<\/strong><span style=\"font-weight: 400;\"> Pentru refacerea imaginii po\u021bi folosi o m\u0103su\u021b\u0103 obi\u0219nuit\u0103 de cafea.<\/span><\/p>\n<p><strong>Material puzzle:\u00a0<\/strong><\/p>\n<p><strong>carton albastru de o calitate superioar\u0103<\/strong><\/p>\n<p><strong>materiale sustenabile, reciclabile<\/strong><\/p>\n<p><strong>finisaj semi-lucios, culori vii<\/strong><\/p>\n<p><strong>Num\u0103rul pieselor de puzzle: 1000<\/strong><\/p>\n<p><strong>V\u00e2rsta recomandat\u0103: 14+<\/strong><\/p>\n<p><strong>Puzzle 1000 piese \u021bine stresul sub control<\/strong><\/p>\n<p><span style=\"font-weight: 400;\">Jocurile puzzle sunt foarte distractive, dar \u0219i foarte relaxante. Atunci c\u00e2nd te concentrezi pe aceast\u0103 activitate, mintea ta se elibereaz\u0103 complet de alte griji sau stres \u0219i are un singur obiectiv: acela de a asambla imaginea din cele 1000 piese de puzzle. Mai mult dec\u00e2t at\u00e2t, se pare c\u0103 aceast\u0103 stare este asem\u0103n\u0103toare cu cea meditativ\u0103 care te ajut\u0103 s\u0103 faci fa\u021b\u0103 situa\u021biilor stresante.<\/span><\/p>\n<p><span style=\"font-weight: 400;\">\u00a0<\/span><strong>Puzzle 1000 piese te ajut\u0103 s\u0103 te sim\u021bi bine<\/strong><\/p>\n<p><span style=\"font-weight: 400;\">Faptul c\u0103 jocurile puzzle \u00ee\u021bi dau o stare de bine nu mai este un secret. Dar exist\u0103 \u0219i o explica\u021bie \u0219tiin\u021bific\u0103 pentru asta: \u00een timpul activit\u0103\u021bii relaxante de asamblare a puzzle-ului de adul\u021bi cre\u0219te produc\u021bia de dopamin\u0103. Aceasta este o substan\u021b\u0103 responsabil\u0103 de starea de fericire \u0219i de bine. De asemenea, acest neurotransmi\u021b\u0103tor are o str\u00e2ns\u0103 leg\u0103tur\u0103 cu starea de optimism, satisfac\u021bie, memorie \u0219i concentrare.<\/span><\/p>\n<p><strong>Puzzle 1000 piese \u00ee\u021bi \u00eembun\u0103t\u0103\u021be\u0219te abilit\u0103\u021bile de rezolvare a problemelor<\/strong><\/p>\n<p><span style=\"font-weight: 400;\">Un puzzle 1000 este ca o problem\u0103 ce se rezolv\u0103 din 1000 de piese. Cu mult\u0103 determinare \u0219i perseveren\u021b\u0103 reu\u0219e\u0219ti de fiecare dat\u0103 s\u0103 refaci ordinea din haosul a sute de piese puzzle. Acest exerci\u021biu te ajut\u0103 s\u0103 devii mai bun \u0219i mai creativ \u00een a-\u021bi rezolva probleme \u0219i \u00een alte situa\u021bii \u00een care te aduce via\u021ba.<\/span><\/p>\n<p><strong>Ce nu \u0219tiai despre <\/strong><strong>Dante Gabriel Rossetti<\/strong><\/p>\n<p><span style=\"font-weight: 400;\">A \u00eenfiin\u021bat Confreria Prerafaeli\u021bilor care \u00ee\u0219i propusese s\u0103 reformeze arta refuz\u00e2nd s\u0103 reproduc\u0103 mecanic operele manieri\u0219tilor.<\/span><\/p>\n<p><span style=\"font-weight: 400;\">A fost \u0219i un poet talentat, nu doar pictor. A scris numeroase poezii \u0219i sonete.<\/span><\/p>\n<p><span style=\"font-weight: 400;\">A tradus \u00een limba englez\u0103 opere ale primilor poe\u021bi italieni, printre care \u0219i <\/span><em><span style=\"font-weight: 400;\">Vita Nuova<\/span><\/em><span style=\"font-weight: 400;\"> a lui Dante Alighieri.<\/span><\/p>\n<p><span style=\"font-weight: 400;\">A creat o metod\u0103 de pictur\u0103 \u00een acuarel\u0103, folosind pigmen\u021bi gro\u0219i amesteca\u021bi cu gum\u0103 pentru a ob\u021bine efecte bogate, asem\u0103n\u0103toare cu cele ale miniaturilor medievale.<\/span><\/p>\n<p><span style=\"font-weight: 400;\">Dup\u0103 moartea so\u021biei sale, Elisabeth Siddal, artistul a \u00eenchiriat o cas\u0103 \u00een Chelsea, unde a locuit timp de 20 de ani, \u00eenconjurat de mobilier extravagant \u0219i de o parad\u0103 de p\u0103s\u0103ri \u0219i animale exotice.<\/span><\/p>\n<p><span style=\"font-weight: 400;\">A suferit de boli depresive \u0219i a \u00eencercat s\u0103 se sinucid\u0103. A murit \u00eens\u0103 \u00een urma unui atac cerebral.<\/span><\/p>\n<p><strong>Alte 4 beneficii pe care \u021bi le ofer\u0103 un puzzle de art\u0103<\/strong><\/p>\n<p><span style=\"font-weight: 400;\">\u00ce\u021bi garanteaz\u0103 p\u00e2n\u0103 la 30 de ore de distrac\u021bie autentic\u0103<\/span><\/p>\n<p><span style=\"font-weight: 400;\">Te ajut\u0103 s\u0103 \u00ee\u021bi dezvol\u021bi sim\u021bul estetic<\/span><\/p>\n<p><span style=\"font-weight: 400;\">\u00ce\u021bi ofer\u0103 un obiect decorativ de excep\u021bie care \u00ee\u021bi va \u00eenfrumuse\u021ba casa.<\/span><\/p>\n<p><span style=\"font-weight: 400;\">\u00ce\u021bi hr\u0103ne\u0219te pasiunea pentru frumos \u0219i cultur\u0103.<\/span><span style=\"font-weight: 400;\">Cump\u0103r\u0103 puzzle 1000 piese <\/span><span style=\"font-weight: 400;\">Dante Gabriel Rossetti &#8211; A Christmas Carol \u0219i <\/span><span style=\"font-weight: 400;\">profit\u0103 de toate avantajele pe care \u021bi le ofer\u0103 un joc puzzle! Descoper\u0103 toate produsele din colec\u021bia noastr\u0103 de puzzle-uri de art\u0103 \u0219i creeaz\u0103-\u021bi o galerie unic\u0103 din puzzle-uri 1000 piese de excep\u021bie.<\/span><\/p>\n","protected":false},"excerpt":{"rendered":"<p>S\u0103 admiri capodopere de art\u0103 este o senza\u021bie unic\u0103, dar este dificil s\u0103 ajungi la muzee celebre ori de c\u00e2te<\/p>\n","protected":false},"featured_media":64197,"template":"","meta":[],"product_brand":[],"product_cat":[1454,1488,1560],"product_tag":[],"class_list":{"0":"post-20039","1":"product","2":"type-product","3":"status-publish","4":"has-post-thumbnail","6":"product_cat-puzzle","7":"product_cat-puzzle-adulti","8":"product_cat-puzzle-adulti-1000","9":"pa_bax-1273","10":"pa_brand-d_toys","11":"pa_country_of_manufacture-ro","12":"pa_tip_ambalaj-cutie","13":"pa_tip_puzzle-clasic","15":"first","16":"instock","17":"taxable","18":"shipping-taxable","19":"product-type-simple"},"yoast_head":"<!-- This site is optimized with the Yoast SEO plugin v20.1 - https:\/\/yoast.com\/wordpress\/plugins\/seo\/ -->\n<title>Puzzle adulti 1000 piese Dante Gabriel Rossetti - A Christmas Carol<\/title>\n<meta name=\"robots\" content=\"index, follow, max-snippet:-1, max-image-preview:large, max-video-preview:-1\" \/>\n<link rel=\"canonical\" href=\"https:\/\/www.roovi.ro\/puzzle-adulti-1000-piese-dante-gabriel-rossetti-a-christmas-carol\/p\/\" \/>\n<meta property=\"og:locale\" content=\"ro_RO\" \/>\n<meta property=\"og:type\" content=\"article\" \/>\n<meta property=\"og:title\" content=\"Puzzle adulti 1000 piese Dante Gabriel Rossetti - A Christmas Carol\" \/>\n<meta property=\"og:description\" content=\"S\u0103 admiri capodopere de art\u0103 este o senza\u021bie unic\u0103, dar este dificil s\u0103 ajungi la muzee celebre ori de c\u00e2te\" \/>\n<meta property=\"og:url\" content=\"https:\/\/www.roovi.ro\/puzzle-adulti-1000-piese-dante-gabriel-rossetti-a-christmas-carol\/p\/\" \/>\n<meta property=\"og:site_name\" content=\"Roovi B2B\" \/>\n<meta property=\"article:publisher\" content=\"https:\/\/www.facebook.com\/wwwjucariero\" \/>\n<meta property=\"article:modified_time\" content=\"2023-03-20T21:28:14+00:00\" \/>\n<meta property=\"og:image\" content=\"https:\/\/business.roovi.com\/wp-content\/uploads\/2021\/11\/72823-RO-01-WEB.jpg\" \/>\n\t<meta property=\"og:image:width\" content=\"1200\" \/>\n\t<meta property=\"og:image:height\" content=\"1200\" \/>\n\t<meta property=\"og:image:type\" content=\"image\/jpeg\" \/>\n<meta name=\"twitter:label1\" content=\"Timp estimat pentru citire\" \/>\n\t<meta name=\"twitter:data1\" content=\"4 minute\" \/>\n<script type=\"application\/ld+json\" class=\"yoast-schema-graph\">{\"@context\":\"https:\/\/schema.org\",\"@graph\":[{\"@type\":\"WebPage\",\"@id\":\"https:\/\/business.roovi.com\/ro\/puzzle-adulti-1000-piese-dante-gabriel-rossetti-a-christmas-carol\/p\/\",\"url\":\"https:\/\/www.roovi.ro\/puzzle-adulti-1000-piese-dante-gabriel-rossetti-a-christmas-carol\/p\/\",\"name\":\"Puzzle adulti 1000 piese Dante Gabriel Rossetti - A Christmas Carol\",\"isPartOf\":{\"@id\":\"https:\/\/business.roovi.com\/ro\/#website\"},\"datePublished\":\"2021-11-11T15:14:56+00:00\",\"dateModified\":\"2023-03-20T21:28:14+00:00\",\"breadcrumb\":{\"@id\":\"https:\/\/www.roovi.ro\/puzzle-adulti-1000-piese-dante-gabriel-rossetti-a-christmas-carol\/p\/#breadcrumb\"},\"inLanguage\":\"ro-RO\",\"potentialAction\":[{\"@type\":\"ReadAction\",\"target\":[\"https:\/\/www.roovi.ro\/puzzle-adulti-1000-piese-dante-gabriel-rossetti-a-christmas-carol\/p\/\"]}]},{\"@type\":\"BreadcrumbList\",\"@id\":\"https:\/\/www.roovi.ro\/puzzle-adulti-1000-piese-dante-gabriel-rossetti-a-christmas-carol\/p\/#breadcrumb\",\"itemListElement\":[{\"@type\":\"ListItem\",\"position\":1,\"name\":\"Home\",\"item\":\"https:\/\/business.roovi.com\/ro\/\"},{\"@type\":\"ListItem\",\"position\":2,\"name\":\"Magazin\",\"item\":\"https:\/\/business.roovi.com\/ro\/magazin\/\"},{\"@type\":\"ListItem\",\"position\":3,\"name\":\"Puzzle adulti 1000 piese Dante Gabriel Rossetti &#8211; A Christmas Carol\"}]},{\"@type\":\"WebSite\",\"@id\":\"https:\/\/business.roovi.com\/ro\/#website\",\"url\":\"https:\/\/business.roovi.com\/ro\/\",\"name\":\"Roovi B2B\",\"description\":\"Roovi Business Website\",\"potentialAction\":[{\"@type\":\"SearchAction\",\"target\":{\"@type\":\"EntryPoint\",\"urlTemplate\":\"https:\/\/business.roovi.com\/ro\/?s={search_term_string}\"},\"query-input\":\"required name=search_term_string\"}],\"inLanguage\":\"ro-RO\"}]}<\/script>\n<!-- \/ Yoast SEO plugin. -->","yoast_head_json":{"title":"Puzzle adulti 1000 piese Dante Gabriel Rossetti - A Christmas Carol","robots":{"index":"index","follow":"follow","max-snippet":"max-snippet:-1","max-image-preview":"max-image-preview:large","max-video-preview":"max-video-preview:-1"},"canonical":"https:\/\/www.roovi.ro\/puzzle-adulti-1000-piese-dante-gabriel-rossetti-a-christmas-carol\/p\/","og_locale":"ro_RO","og_type":"article","og_title":"Puzzle adulti 1000 piese Dante Gabriel Rossetti - A Christmas Carol","og_description":"S\u0103 admiri capodopere de art\u0103 este o senza\u021bie unic\u0103, dar este dificil s\u0103 ajungi la muzee celebre ori de c\u00e2te","og_url":"https:\/\/www.roovi.ro\/puzzle-adulti-1000-piese-dante-gabriel-rossetti-a-christmas-carol\/p\/","og_site_name":"Roovi B2B","article_publisher":"https:\/\/www.facebook.com\/wwwjucariero","article_modified_time":"2023-03-20T21:28:14+00:00","og_image":[{"width":1200,"height":1200,"url":"https:\/\/business.roovi.com\/wp-content\/uploads\/2021\/11\/72823-RO-01-WEB.jpg","type":"image\/jpeg"}],"twitter_misc":{"Timp estimat pentru citire":"4 minute"},"schema":{"@context":"https:\/\/schema.org","@graph":[{"@type":"WebPage","@id":"https:\/\/business.roovi.com\/ro\/puzzle-adulti-1000-piese-dante-gabriel-rossetti-a-christmas-carol\/p\/","url":"https:\/\/www.roovi.ro\/puzzle-adulti-1000-piese-dante-gabriel-rossetti-a-christmas-carol\/p\/","name":"Puzzle adulti 1000 piese Dante Gabriel Rossetti - A Christmas Carol","isPartOf":{"@id":"https:\/\/business.roovi.com\/ro\/#website"},"datePublished":"2021-11-11T15:14:56+00:00","dateModified":"2023-03-20T21:28:14+00:00","breadcrumb":{"@id":"https:\/\/www.roovi.ro\/puzzle-adulti-1000-piese-dante-gabriel-rossetti-a-christmas-carol\/p\/#breadcrumb"},"inLanguage":"ro-RO","potentialAction":[{"@type":"ReadAction","target":["https:\/\/www.roovi.ro\/puzzle-adulti-1000-piese-dante-gabriel-rossetti-a-christmas-carol\/p\/"]}]},{"@type":"BreadcrumbList","@id":"https:\/\/www.roovi.ro\/puzzle-adulti-1000-piese-dante-gabriel-rossetti-a-christmas-carol\/p\/#breadcrumb","itemListElement":[{"@type":"ListItem","position":1,"name":"Home","item":"https:\/\/business.roovi.com\/ro\/"},{"@type":"ListItem","position":2,"name":"Magazin","item":"https:\/\/business.roovi.com\/ro\/magazin\/"},{"@type":"ListItem","position":3,"name":"Puzzle adulti 1000 piese Dante Gabriel Rossetti &#8211; A Christmas Carol"}]},{"@type":"WebSite","@id":"https:\/\/business.roovi.com\/ro\/#website","url":"https:\/\/business.roovi.com\/ro\/","name":"Roovi B2B","description":"Roovi Business Website","potentialAction":[{"@type":"SearchAction","target":{"@type":"EntryPoint","urlTemplate":"https:\/\/business.roovi.com\/ro\/?s={search_term_string}"},"query-input":"required name=search_term_string"}],"inLanguage":"ro-RO"}]}},"_links":{"self":[{"href":"https:\/\/business.roovi.com\/ro\/wp-json\/wp\/v2\/product\/20039","targetHints":{"allow":["GET"]}}],"collection":[{"href":"https:\/\/business.roovi.com\/ro\/wp-json\/wp\/v2\/product"}],"about":[{"href":"https:\/\/business.roovi.com\/ro\/wp-json\/wp\/v2\/types\/product"}],"version-history":[{"count":0,"href":"https:\/\/business.roovi.com\/ro\/wp-json\/wp\/v2\/product\/20039\/revisions"}],"wp:featuredmedia":[{"embeddable":true,"href":"https:\/\/business.roovi.com\/ro\/wp-json\/wp\/v2\/media\/64197"}],"wp:attachment":[{"href":"https:\/\/business.roovi.com\/ro\/wp-json\/wp\/v2\/media?parent=20039"}],"wp:term":[{"taxonomy":"product_brand","embeddable":true,"href":"https:\/\/business.roovi.com\/ro\/wp-json\/wp\/v2\/product_brand?post=20039"},{"taxonomy":"product_cat","embeddable":true,"href":"https:\/\/business.roovi.com\/ro\/wp-json\/wp\/v2\/product_cat?post=20039"},{"taxonomy":"product_tag","embeddable":true,"href":"https:\/\/business.roovi.com\/ro\/wp-json\/wp\/v2\/product_tag?post=20039"}],"curies":[{"name":"wp","href":"https:\/\/api.w.org\/{rel}","templated":true}]}}