{"id":20040,"date":"2021-11-12T10:55:39","date_gmt":"2021-11-12T10:55:39","guid":{"rendered":"https:\/\/business.roovi.com\/product\/puzzle-adulti-1000-piese-egon-schiele-crescent-of-houses\/"},"modified":"2025-03-18T08:37:54","modified_gmt":"2025-03-18T08:37:54","slug":"puzzle-adulti-1000-piese-egon-schiele-crescent-of-houses","status":"publish","type":"product","link":"https:\/\/business.roovi.com\/ro\/puzzle-adulti-1000-piese-egon-schiele-crescent-of-houses\/p\/","title":{"rendered":"Puzzle adulti 1000 piese Egon Schiele &#8211; Crescent of Houses"},"content":{"rendered":"<p><span style=\"font-size: 14px; line-height: 14px;\"><span style=\"font-weight: 400;\">Intr\u0103 \u00een lumea plin\u0103 de culoare \u0219i simboluri a celor mai renumite picturi din toate timpurile cu cea mai mare gam\u0103 de puzzle-uri de art\u0103 de la D-Toys! Descoper\u0103 prin puzzle 1000 piese misterul\u00a0 <\/span><em><span style=\"font-weight: 400;\">Mona Lisei<\/span><\/em><span style=\"font-weight: 400;\">\u00a0 lui da Vinci sau vibra\u021bia minunat\u0103\u00a0 <\/span><em><span style=\"font-weight: 400;\">A nop\u021bii \u00eenstelate<\/span><\/em><span style=\"font-weight: 400;\">\u00a0 a lui Van Gogh, precum \u0219i multe alte capodopere ce fascineaz\u0103 de sute de ani iubitorii de art\u0103.<\/span><\/span><\/p>\n<p><span style=\"font-size: 14px; line-height: 14px;\"><span style=\"font-weight: 400;\">Puzzle 1000 piese Egon Schiele &#8211; Crescent of Houses \u00ee\u021bi face cuno\u0219tin\u021b\u0103 cu excentricul pictor austriac a c\u0103rei oper\u0103 fascineaz\u0103 \u0219i ast\u0103zi. Lucrarea\u00a0 <\/span><em><span style=\"font-weight: 400;\">Crescent of Houses,\u00a0 <\/span><\/em><span style=\"font-weight: 400;\">ca toate tablourile sale cu peisaje urbane, nu este o redare realist\u0103 a caselor, ci mai degrab\u0103 o lucrare creat\u0103 din perspectiva zborului p\u0103s\u0103rii.\u00a0<\/span><\/span><\/p>\n<p><span style=\"font-weight: 400; font-size: 14px; line-height: 14px;\">Cl\u0103dirile au aspectul unei geometrii solide, iar inten\u021bia artistului pare a fi fost s\u0103 realizeze un labirint de linii unghiulare. Fascinat de acest labirint artistic? Trage\u021bi aproape m\u0103su\u021b\u0103 de cafea din sufragerie \u0219i\u00a0 \u00eencepi reconstituirea operei de art\u0103. La final vei ob\u021bine un tablou de\u00a0 50 x 70 cm. Ref\u0103 aceast\u0103 re\u021bea labirintic\u0103 \u0219i ob\u021bine un tablou impresionist de excep\u021bie.<\/span><\/p>\n<p><span style=\"font-weight: 400; font-size: 14px; line-height: 14px;\">Cite\u0219te mai jos mai multe informa\u021bii despre caracteristicile acestui puzzle de art\u0103:<\/span><\/p>\n<p><span style=\"font-size: 14px; line-height: 14px;\"><strong>Material puzzle:\u00a0<\/strong><\/span><\/p>\n<p><span style=\"font-size: 14px; line-height: 14px;\"><strong>carton albastru de o calitate superioar\u0103<\/strong><\/span><\/p>\n<p><span style=\"font-size: 14px; line-height: 14px;\"><strong>materiale sustenabile, reciclabile<\/strong><\/span><\/p>\n<p><span style=\"font-size: 14px; line-height: 14px;\"><strong>finisaj semi-lucios, culori vii<\/strong><\/span><\/p>\n<p><span style=\"font-size: 14px; line-height: 14px;\"><strong>Num\u0103rul pieselor de puzzle: 1000<\/strong><\/span><\/p>\n<p><span style=\"font-size: 14px; line-height: 14px;\"><strong>V\u00e2rsta recomandat\u0103: 14+<\/strong><\/span><\/p>\n<p><span style=\"font-size: 14px; line-height: 14px;\"><strong>5 beneficii uimitoare pe care \u021bi le ofer\u0103 asamblarea jocurilor puzzle<\/strong><\/span><\/p>\n<p><span style=\"font-weight: 400; font-size: 14px; line-height: 14px;\">Asambleaz\u0103 puzzle 1000 piese \u00een momentele de singur\u0103tate sau \u00een zilele de weekend al\u0103turi de cei dragi. Te vei bucura de multe beneficii la care nici nu te g\u00e2ndeai. Iat\u0103 numai 5 dintre acestea:<\/span><\/p>\n<p><span style=\"font-weight: 400; font-size: 14px; line-height: 14px;\">1. \u00ce\u021bi ofer\u0103 p\u00e2n\u0103 la 30 de ore de distrac\u021bie \u0219i relaxare.<\/span><\/p>\n<p><span style=\"font-weight: 400; font-size: 14px; line-height: 14px;\">2. Te conecteaz\u0103 cu familia \u0219i cu prietenii.<\/span><\/p>\n<p><span style=\"font-weight: 400; font-size: 14px; line-height: 14px;\">3. \u00ce\u021bi aduc mult\u0103 bun\u0103 dispozi\u021bie \u00een zilele monotone de iarn\u0103.<\/span><\/p>\n<p><span style=\"font-weight: 400; font-size: 14px; line-height: 14px;\">4. Te ajut\u0103 s\u0103 devii mai perseverent \u00een toate aspectele vie\u021bii tale.<\/span><\/p>\n<p><span style=\"font-weight: 400; font-size: 14px; line-height: 14px;\">5. \u00ce\u021bi \u00eembun\u0103t\u0103\u021besc memoria.<\/span><\/p>\n<p><span style=\"line-height: 14px; font-size: 14px;\"><strong>Egon Schiele &#8211; un pictor scandalos \u0219i genial<\/strong><\/span><\/p>\n<p><span style=\"font-weight: 400;\">Mul\u021bi arti\u0219ti se remarc\u0103 prin originalitate \u0219i \u0219ocheaz\u0103 prin opera lor. Cam la fel a fost \u0219i Egon Schiele, considerat de unii genial, iar de al\u021bii&#8230; depravat. Iat\u0103 c\u00e2teva informa\u021bii scandaloase despre artistul care s-a bucurat \u00een timpul vie\u021bii de protec\u021bia renumitului Gustav Klimt:<\/span><\/p>\n<p><span style=\"font-weight: 400;\">A creat lucr\u0103ri de o sexualitate brut\u0103, exprimat\u0103 intens \u0219i a fost acuzat c\u0103 a introdus elemente pornografice \u00een arta sa.<\/span><\/p>\n<p><span style=\"font-weight: 400;\">A avut o rela\u021bie cu o t\u00e2n\u0103r\u0103 de 17 ani, Wally &#8211; despre care se crede c\u0103 ar fi practicat prostitu\u021bia din adolescen\u021bi &#8211;\u00a0 \u0219i a fost acuzat de corupere de minori, cunoscut fiind \u0219i pentru \u00eenclina\u021bia sa spre voyeurism.<\/span><\/p>\n<p><span style=\"font-weight: 400;\">Se pare c\u0103 a avut o rela\u021bie intim\u0103 \u0219i cu cumnata lui, care i-a pozat ca model dup\u0103 ce s-a c\u0103s\u0103torit.<\/span><\/p>\n<p><span style=\"font-weight: 400;\">A pictat nuduri de femei \u0219i de b\u0103rba\u021bi \u00een pozi\u021bii erotice explicite \u0219i provocatoare, \u00een unele situa\u021bii cu organele genitale expuse \u00een mod ostentativ.<\/span><\/p>\n<p><span style=\"font-weight: 400;\">Nazi\u0219tii l-au considerat un degenerat \u0219i au interzis expunerea picturilor sale.<\/span><\/p>\n<p><span style=\"font-weight: 400;\">De\u0219i a avut o carier\u0103 scurt\u0103 &#8211; a murit la\u00a0 doar 28 ani fiind r\u0103pus de gripa spaniol\u0103 &#8211; Schiele r\u0103m\u00e2ne un artist emblematic al secolului XX, reu\u0219ind s\u0103 transpun\u0103 \u00een picturile sale cele mai profunde instincte ale oamenilor.<\/span><\/p>\n<p><strong>Puzzle-urile de art\u0103: un refugiu \u00eentr-o lume fascinant\u0103<\/strong><\/p>\n<p><span style=\"font-weight: 400;\">Pentru momentele de burnout \u00een care sim\u021bi c\u0103 nu te mai po\u021bi mobiliza pentru nimic, puzzle-urile de art\u0103 sunt un excelent energizat. Te ajut\u0103 s\u0103 ie\u0219i din rutin\u0103 \u0219i \u00ee\u021bi dau posibilitatea s\u0103 p\u0103trunzi lumea fascinant\u0103 a operelor de art\u0103. Iat\u0103 \u0219i alte avantaje pe care \u0219i le ofer\u0103 puzzle-urile de 1000 piese de art\u0103:<\/span><\/p>\n<p><span style=\"font-weight: 400;\">\u00ce\u021bi \u0219lefuiesc sim\u021bul estetic.<\/span><\/p>\n<p><span style=\"font-weight: 400;\">\u00ce\u021bi ofer\u0103 posibilitatea s\u0103 creezi cu m\u00e2inile tale o replic\u0103 a unei opere celebre.<\/span><\/p>\n<p><span style=\"font-weight: 400;\">\u00ce\u021bi \u00eenfrumuse\u021beaz\u0103 casa cu un obiect decorativ inedit.<\/span><\/p>\n<p><span style=\"font-weight: 400;\">\u00ce\u021bi l\u0103rgesc orizontul cunoa\u0219terii.<\/span><\/p>\n<p><span style=\"font-weight: 400;\">\u00ce\u021bi antreneaz\u0103 imagina\u021bia.<\/span><\/p>\n<p><span style=\"font-weight: 400;\">Cump\u0103r\u0103 acum acest minunat puzzle de art\u0103 Egon Schiele &#8211; Crescent of Houses \u0219i intr\u0103 \u00een rolul unui artist exclusivist. Bucur\u0103-te de o experien\u021b\u0103 de neuitat pe care \u021bi-o creeaz\u0103 un puzzle de 1000 piese. Descoper\u0103 \u0219i alte opere celebre \u00een gama noastr\u0103 de puzzle-uri de art\u0103 \u0219i creeaz\u0103-\u021bi o colec\u021bie fascinant\u0103 din puzzle-uri de adul\u021bi.<\/span><\/p>\n<p><span style=\"font-weight: 400;\">Puzzle 1000 piese Egon Schiele &#8211; Crescent of Houses poate fi un cadou minunat pe care \u00eel po\u021bi oferi prietenilor pasiona\u021bi de jocuri puzzle cu diverse ocazii.<\/span><\/p>\n","protected":false},"excerpt":{"rendered":"<p>Intr\u0103 \u00een lumea plin\u0103 de culoare \u0219i simboluri a celor mai renumite picturi din toate timpurile cu cea mai mare<\/p>\n","protected":false},"featured_media":64191,"template":"","meta":[],"product_brand":[],"product_cat":[1454,1488,1560],"product_tag":[],"class_list":{"0":"post-20040","1":"product","2":"type-product","3":"status-publish","4":"has-post-thumbnail","6":"product_cat-puzzle","7":"product_cat-puzzle-adulti","8":"product_cat-puzzle-adulti-1000","9":"pa_bax-1273","10":"pa_brand-d_toys","11":"pa_country_of_manufacture-ro","12":"pa_filter_age-1315","13":"pa_tip_ambalaj-cutie","14":"pa_tip_puzzle-clasic","16":"first","17":"instock","18":"taxable","19":"shipping-taxable","20":"product-type-simple"},"yoast_head":"<!-- This site is optimized with the Yoast SEO plugin v20.1 - https:\/\/yoast.com\/wordpress\/plugins\/seo\/ -->\n<title>Puzzle adulti 1000 piese Egon Schiele - Crescent of Houses<\/title>\n<meta name=\"description\" content=\"Puzzle adulti 1000 piese Egon Schiele - Crescent of Houses Intr\u0103 \u00een lumea plin\u0103 de culoare \u0219i simboluri a celor mai renumite picturi din toate timpurile cu cea mai mare gam\u0103 de puzzle-uri de art\u0103 de la D-Toys! Descoper\u0103 prin puzzle 1000 piese misterul\u00a0 Mo\" \/>\n<meta name=\"robots\" content=\"index, follow, max-snippet:-1, max-image-preview:large, max-video-preview:-1\" \/>\n<link rel=\"canonical\" href=\"https:\/\/www.roovi.ro\/puzzle-adulti-1000-piese-egon-schiele-crescent-of-houses\/p\/\" \/>\n<meta property=\"og:locale\" content=\"ro_RO\" \/>\n<meta property=\"og:type\" content=\"article\" \/>\n<meta property=\"og:title\" content=\"Puzzle adulti 1000 piese Egon Schiele - Crescent of Houses\" \/>\n<meta property=\"og:description\" content=\"Puzzle adulti 1000 piese Egon Schiele - Crescent of Houses Intr\u0103 \u00een lumea plin\u0103 de culoare \u0219i simboluri a celor mai renumite picturi din toate timpurile cu cea mai mare gam\u0103 de puzzle-uri de art\u0103 de la D-Toys! Descoper\u0103 prin puzzle 1000 piese misterul\u00a0 Mo\" \/>\n<meta property=\"og:url\" content=\"https:\/\/www.roovi.ro\/puzzle-adulti-1000-piese-egon-schiele-crescent-of-houses\/p\/\" \/>\n<meta property=\"og:site_name\" content=\"Roovi B2B\" \/>\n<meta property=\"article:publisher\" content=\"https:\/\/www.facebook.com\/wwwjucariero\" \/>\n<meta property=\"article:modified_time\" content=\"2025-03-18T08:37:54+00:00\" \/>\n<meta property=\"og:image\" content=\"https:\/\/business.roovi.com\/wp-content\/uploads\/2021\/11\/76830-SC-01-WEB.jpg\" \/>\n\t<meta property=\"og:image:width\" content=\"1200\" \/>\n\t<meta property=\"og:image:height\" content=\"1200\" \/>\n\t<meta property=\"og:image:type\" content=\"image\/jpeg\" \/>\n<meta name=\"twitter:label1\" content=\"Timp estimat pentru citire\" \/>\n\t<meta name=\"twitter:data1\" content=\"3 minute\" \/>\n<script type=\"application\/ld+json\" class=\"yoast-schema-graph\">{\"@context\":\"https:\/\/schema.org\",\"@graph\":[{\"@type\":\"WebPage\",\"@id\":\"https:\/\/business.roovi.com\/ro\/puzzle-adulti-1000-piese-egon-schiele-crescent-of-houses\/p\/\",\"url\":\"https:\/\/www.roovi.ro\/puzzle-adulti-1000-piese-egon-schiele-crescent-of-houses\/p\/\",\"name\":\"Puzzle adulti 1000 piese Egon Schiele - Crescent of Houses\",\"isPartOf\":{\"@id\":\"https:\/\/business.roovi.com\/ro\/#website\"},\"datePublished\":\"2021-11-12T10:55:39+00:00\",\"dateModified\":\"2025-03-18T08:37:54+00:00\",\"description\":\"Puzzle adulti 1000 piese Egon Schiele - Crescent of Houses Intr\u0103 \u00een lumea plin\u0103 de culoare \u0219i simboluri a celor mai renumite picturi din toate timpurile cu cea mai mare gam\u0103 de puzzle-uri de art\u0103 de la D-Toys! Descoper\u0103 prin puzzle 1000 piese misterul\u00a0 Mo\",\"breadcrumb\":{\"@id\":\"https:\/\/www.roovi.ro\/puzzle-adulti-1000-piese-egon-schiele-crescent-of-houses\/p\/#breadcrumb\"},\"inLanguage\":\"ro-RO\",\"potentialAction\":[{\"@type\":\"ReadAction\",\"target\":[\"https:\/\/www.roovi.ro\/puzzle-adulti-1000-piese-egon-schiele-crescent-of-houses\/p\/\"]}]},{\"@type\":\"BreadcrumbList\",\"@id\":\"https:\/\/www.roovi.ro\/puzzle-adulti-1000-piese-egon-schiele-crescent-of-houses\/p\/#breadcrumb\",\"itemListElement\":[{\"@type\":\"ListItem\",\"position\":1,\"name\":\"Home\",\"item\":\"https:\/\/business.roovi.com\/ro\/\"},{\"@type\":\"ListItem\",\"position\":2,\"name\":\"Magazin\",\"item\":\"https:\/\/business.roovi.com\/ro\/magazin\/\"},{\"@type\":\"ListItem\",\"position\":3,\"name\":\"Puzzle adulti 1000 piese Egon Schiele &#8211; Crescent of Houses\"}]},{\"@type\":\"WebSite\",\"@id\":\"https:\/\/business.roovi.com\/ro\/#website\",\"url\":\"https:\/\/business.roovi.com\/ro\/\",\"name\":\"Roovi B2B\",\"description\":\"Roovi Business Website\",\"potentialAction\":[{\"@type\":\"SearchAction\",\"target\":{\"@type\":\"EntryPoint\",\"urlTemplate\":\"https:\/\/business.roovi.com\/ro\/?s={search_term_string}\"},\"query-input\":\"required name=search_term_string\"}],\"inLanguage\":\"ro-RO\"}]}<\/script>\n<!-- \/ Yoast SEO plugin. -->","yoast_head_json":{"title":"Puzzle adulti 1000 piese Egon Schiele - Crescent of Houses","description":"Puzzle adulti 1000 piese Egon Schiele - Crescent of Houses Intr\u0103 \u00een lumea plin\u0103 de culoare \u0219i simboluri a celor mai renumite picturi din toate timpurile cu cea mai mare gam\u0103 de puzzle-uri de art\u0103 de la D-Toys! Descoper\u0103 prin puzzle 1000 piese misterul\u00a0 Mo","robots":{"index":"index","follow":"follow","max-snippet":"max-snippet:-1","max-image-preview":"max-image-preview:large","max-video-preview":"max-video-preview:-1"},"canonical":"https:\/\/www.roovi.ro\/puzzle-adulti-1000-piese-egon-schiele-crescent-of-houses\/p\/","og_locale":"ro_RO","og_type":"article","og_title":"Puzzle adulti 1000 piese Egon Schiele - Crescent of Houses","og_description":"Puzzle adulti 1000 piese Egon Schiele - Crescent of Houses Intr\u0103 \u00een lumea plin\u0103 de culoare \u0219i simboluri a celor mai renumite picturi din toate timpurile cu cea mai mare gam\u0103 de puzzle-uri de art\u0103 de la D-Toys! Descoper\u0103 prin puzzle 1000 piese misterul\u00a0 Mo","og_url":"https:\/\/www.roovi.ro\/puzzle-adulti-1000-piese-egon-schiele-crescent-of-houses\/p\/","og_site_name":"Roovi B2B","article_publisher":"https:\/\/www.facebook.com\/wwwjucariero","article_modified_time":"2025-03-18T08:37:54+00:00","og_image":[{"width":1200,"height":1200,"url":"https:\/\/business.roovi.com\/wp-content\/uploads\/2021\/11\/76830-SC-01-WEB.jpg","type":"image\/jpeg"}],"twitter_misc":{"Timp estimat pentru citire":"3 minute"},"schema":{"@context":"https:\/\/schema.org","@graph":[{"@type":"WebPage","@id":"https:\/\/business.roovi.com\/ro\/puzzle-adulti-1000-piese-egon-schiele-crescent-of-houses\/p\/","url":"https:\/\/www.roovi.ro\/puzzle-adulti-1000-piese-egon-schiele-crescent-of-houses\/p\/","name":"Puzzle adulti 1000 piese Egon Schiele - Crescent of Houses","isPartOf":{"@id":"https:\/\/business.roovi.com\/ro\/#website"},"datePublished":"2021-11-12T10:55:39+00:00","dateModified":"2025-03-18T08:37:54+00:00","description":"Puzzle adulti 1000 piese Egon Schiele - Crescent of Houses Intr\u0103 \u00een lumea plin\u0103 de culoare \u0219i simboluri a celor mai renumite picturi din toate timpurile cu cea mai mare gam\u0103 de puzzle-uri de art\u0103 de la D-Toys! Descoper\u0103 prin puzzle 1000 piese misterul\u00a0 Mo","breadcrumb":{"@id":"https:\/\/www.roovi.ro\/puzzle-adulti-1000-piese-egon-schiele-crescent-of-houses\/p\/#breadcrumb"},"inLanguage":"ro-RO","potentialAction":[{"@type":"ReadAction","target":["https:\/\/www.roovi.ro\/puzzle-adulti-1000-piese-egon-schiele-crescent-of-houses\/p\/"]}]},{"@type":"BreadcrumbList","@id":"https:\/\/www.roovi.ro\/puzzle-adulti-1000-piese-egon-schiele-crescent-of-houses\/p\/#breadcrumb","itemListElement":[{"@type":"ListItem","position":1,"name":"Home","item":"https:\/\/business.roovi.com\/ro\/"},{"@type":"ListItem","position":2,"name":"Magazin","item":"https:\/\/business.roovi.com\/ro\/magazin\/"},{"@type":"ListItem","position":3,"name":"Puzzle adulti 1000 piese Egon Schiele &#8211; Crescent of Houses"}]},{"@type":"WebSite","@id":"https:\/\/business.roovi.com\/ro\/#website","url":"https:\/\/business.roovi.com\/ro\/","name":"Roovi B2B","description":"Roovi Business Website","potentialAction":[{"@type":"SearchAction","target":{"@type":"EntryPoint","urlTemplate":"https:\/\/business.roovi.com\/ro\/?s={search_term_string}"},"query-input":"required name=search_term_string"}],"inLanguage":"ro-RO"}]}},"_links":{"self":[{"href":"https:\/\/business.roovi.com\/ro\/wp-json\/wp\/v2\/product\/20040","targetHints":{"allow":["GET"]}}],"collection":[{"href":"https:\/\/business.roovi.com\/ro\/wp-json\/wp\/v2\/product"}],"about":[{"href":"https:\/\/business.roovi.com\/ro\/wp-json\/wp\/v2\/types\/product"}],"version-history":[{"count":0,"href":"https:\/\/business.roovi.com\/ro\/wp-json\/wp\/v2\/product\/20040\/revisions"}],"wp:featuredmedia":[{"embeddable":true,"href":"https:\/\/business.roovi.com\/ro\/wp-json\/wp\/v2\/media\/64191"}],"wp:attachment":[{"href":"https:\/\/business.roovi.com\/ro\/wp-json\/wp\/v2\/media?parent=20040"}],"wp:term":[{"taxonomy":"product_brand","embeddable":true,"href":"https:\/\/business.roovi.com\/ro\/wp-json\/wp\/v2\/product_brand?post=20040"},{"taxonomy":"product_cat","embeddable":true,"href":"https:\/\/business.roovi.com\/ro\/wp-json\/wp\/v2\/product_cat?post=20040"},{"taxonomy":"product_tag","embeddable":true,"href":"https:\/\/business.roovi.com\/ro\/wp-json\/wp\/v2\/product_tag?post=20040"}],"curies":[{"name":"wp","href":"https:\/\/api.w.org\/{rel}","templated":true}]}}