{"id":20041,"date":"2021-11-17T14:50:13","date_gmt":"2021-11-17T14:50:13","guid":{"rendered":"https:\/\/business.roovi.com\/product\/puzzle-adulti-1000-piese-cartoon-new-york\/"},"modified":"2025-03-17T07:16:42","modified_gmt":"2025-03-17T07:16:42","slug":"puzzle-adulti-1000-piese-cartoon-collection-new-york","status":"publish","type":"product","link":"https:\/\/business.roovi.com\/ro\/puzzle-adulti-1000-piese-cartoon-collection-new-york\/p\/","title":{"rendered":"Puzzle adul\u021bi 1000 piese Cartoon Collection &#8211; New York"},"content":{"rendered":"<p><span style=\"font-weight: 400;\">Distrac\u021bia \u0219i relaxarea merg m\u00e2n\u0103-n m\u00e2n\u0103 cu noua colec\u021bie Cartoon puzzle! Ilustra\u021bii de poveste, cu multe personaje animate transform\u0103 jocul puzzle complex \u00eentr-o distrac\u021bie fabuloas\u0103.<\/span><\/p>\n<p><span style=\"font-weight: 400;\">\u021ai-ai imaginat vreodat\u0103 cum a fost construit\u0103 celebra statuie a libert\u0103\u021bii \u0219i cum a ajuns \u00een New York? Puzzle 1000 piese Cartoon &#8211; New York \u00ee\u021bi ofer\u0103 o perspectiv\u0103 amuzant\u0103 \u00een care o mul\u021bime de personaje adorabile se str\u0103duiesc s\u0103 ridice unul dintre cele mai cunoscute simboluri americane.<\/span><\/p>\n<p><span style=\"font-weight: 400;\">Multe detalii complexe, personaje asem\u0103n\u0103toare, dar unice pe care trebuie s\u0103 le identifici pentru a \u00eentregi tabloul te a\u0219teapt\u0103 s\u0103 le descoperi. Las\u0103-te purtat \u00eentr-o scen\u0103 de poveste \u0219i tr\u0103ie\u0219te o experien\u021b\u0103 distractiv\u0103 \u0219i creativ\u0103.\u00a0<\/span><\/p>\n<p><span style=\"font-weight: 400;\">Nu te descurci cu spiridu\u0219ii pozna\u0219i? Cheam\u0103-\u021bi \u00een ajutor ga\u0219ca de prieteni \u0219i construi\u021bi \u00eempreun\u0103 o ilustra\u021bie superb\u0103, plin\u0103 de culoare \u0219i voie voie bun\u0103.<\/span><\/p>\n<p><strong>De ce s\u0103 alegi puzzle 1000 piese Cartoon &#8211; New York?<\/strong><\/p>\n<p><span style=\"font-weight: 400;\">Ai oportunitate s\u0103 refaci din 1000 piese puzzle un tablou cu dimensiunile de 50 x 70 cm pe care \u00eel po\u021bi expune \u00een casa ta.<\/span><\/p>\n<p><span style=\"font-weight: 400;\">Este fabricat din carton albastru de calitate superioar\u0103 ceea ce \u00eei confer\u0103 rezisten\u021b\u0103 sporit\u0103 chiar \u0219i atunci c\u00e2nd este ref\u0103cut de mai multe ori.<\/span><\/p>\n<p><span style=\"font-weight: 400;\">Finisajul este semi-lucios, \u00een culori vii ce scot \u00een eviden\u021b\u0103 frumuse\u021bea ilustra\u021biei.<\/span><\/p>\n<p><span style=\"font-weight: 400;\">Este un produs prietenos cu natura, fiind confec\u021bionat din materiale reciclabile \u0219i sustenabile.<\/span><\/p>\n<p><span style=\"font-weight: 400;\">Potrivit persoanelor peste 14 ani, \u00eel po\u021bi reface \u00eempreun\u0103 cu copiii t\u0103i adolescen\u021bi.<\/span><\/p>\n<p><span style=\"font-weight: 400;\">Jocurile puzzle \u00ee\u021bi ofer\u0103 multiple oportunit\u0103\u021bi de dezvoltare \u0219i deconectare:<\/span><\/p>\n<ul>\n<li><span style=\"font-weight: 400;\">Te ajut\u0103 s\u0103 te relaxezi \u0219i te scot din monotonia cotidian\u0103.<\/span><\/li>\n<li><span style=\"font-weight: 400;\">\u00ce\u021bi dezvolt\u0103 aten\u021bia pentru detalii \u0219i \u00ee\u021bi cultiv\u0103 r\u0103bdarea.<\/span><\/li>\n<li><span style=\"font-weight: 400;\">\u00ce\u021bi men\u021bin s\u0103n\u0103tatea creierului \u0219i memoria ascu\u021bit\u0103.<\/span><\/li>\n<li><span style=\"font-weight: 400;\">\u00ce\u021bi dezvolt\u0103 abilit\u0103\u021bile de rezolvare a problemelor.<\/span><\/li>\n<li><span style=\"font-weight: 400;\">Stimuleaz\u0103 secre\u021bia de dopamin\u0103 \u0219i-\u021bi aduc o stare de bine.<\/span><\/li>\n<li><span style=\"font-weight: 400;\">Sunt un prilej de socializare \u0219i petrecere a timpului liber cu cei dragi.<\/span><\/li>\n<\/ul>\n<p><strong>\u0218tiai c\u0103\u2026?<\/strong><\/p>\n<p><span style=\"font-weight: 400;\">Statuia Libert\u0103\u021bii a fost un dar oferit americanilor de c\u0103tre francezi, \u00een 1886.<\/span><\/p>\n<p><span style=\"font-weight: 400;\">Fa\u021ba statuii a fost modelat\u0103 dup\u0103 cea a mamei sculptorului Frederic-Auguste Bartholdi.\u00a0<\/span><\/p>\n<p><span style=\"font-weight: 400;\">Cele 7 raze ale coroanei Statuii reprezint\u0103 cele 7 continente \u0219i conceptul universal de Libertate.<\/span><\/p>\n<p><span style=\"font-weight: 400;\">Timp de 16 ani, din 1886 p\u00e2n\u0103 \u00een 1902, Statuia a func\u021bionat ca far \u0219i lumina o distan\u021b\u0103 de p\u00e2n\u0103 la 24 de mile.<\/span><\/p>\n<p><span style=\"font-weight: 400;\">\u00cen interiorul Statuii sunt 354 de sc\u0103ri pe care se poate urca p\u00e2n\u0103 la coroan\u0103 de unde se poate admira priveli\u0219tea fascinant\u0103 a metropolei.<\/span><\/p>\n<p><span style=\"font-weight: 400;\">De c\u00e2nd a fost ridicat\u0103, se estimeaz\u0103 c\u0103 statuia a fost lovit\u0103 de fulgere de aproximativ 600 ori pe an.<\/span><\/p>\n<p><strong>Puzzle 1000 piese Cartoon &#8211; New York treze\u0219te copilul din tine<\/strong><\/p>\n<p><span style=\"font-weight: 400;\">Reg\u0103se\u0219te \u00eentr-un joc puzzle cu design deosebit bucuria copil\u0103riei. Scenele animate, pline de haz \u0219i culoare \u00ee\u021bi st\u00e2rnesc pofta de joac\u0103, la fel ca atunci c\u00e2nd erai copil. E ceva mai complex jocul puzzle actual, dar sentimentul pe care \u021bi-l inspir\u0103 este identic: veselie nem\u0103rginit\u0103.<\/span><\/p>\n<p><span style=\"font-weight: 400;\">Relaxeaz\u0103-te \u0219i distreaz\u0103-te copios, ca \u00een vremurile bune, c\u00e2nd erai copil \u0219i lumea toat\u0103 era a ta. Puzzle Cartoon &#8211; New York este aici pentru a-\u021bi oferi o experien\u021b\u0103 de neuitat, fie c\u0103 refaci imaginile din puzzle 1000 piese al\u0103turi de prieteni sau \u00een intimitatea casei tale, \u00een momentele libere.\u00a0<\/span><\/p>\n<p><span style=\"font-weight: 400;\">Cump\u0103r\u0103 puzzle 1000 piese Cartoon &#8211; New York \u0219i bucur\u0103-te de o activitate creativ\u0103 uimitoare. Descoper\u0103 toate modelele din gama Cartoon collection \u0219i alc\u0103tuie\u0219te-\u021bi o colec\u021bie de tablouri unice, care vor da personalitate spa\u021biilor anoste din casa ta.<\/span><\/p>\n","protected":false},"excerpt":{"rendered":"<p>Distrac\u021bia \u0219i relaxarea merg m\u00e2n\u0103-n m\u00e2n\u0103 cu noua colec\u021bie Cartoon puzzle! Ilustra\u021bii de poveste, cu multe personaje animate transform\u0103 jocul<\/p>\n","protected":false},"featured_media":10671,"template":"","meta":[],"product_brand":[],"product_cat":[1454,1488,1560],"product_tag":[],"class_list":{"0":"post-20041","1":"product","2":"type-product","3":"status-publish","4":"has-post-thumbnail","6":"product_cat-puzzle","7":"product_cat-puzzle-adulti","8":"product_cat-puzzle-adulti-1000","9":"pa_brand-d_toys","10":"pa_country_of_manufacture-ro","11":"pa_filter_age-1315","12":"pa_painter-cartooncollection","13":"pa_tip_ambalaj-cutie","14":"pa_tip_puzzle-clasic","16":"first","17":"instock","18":"taxable","19":"shipping-taxable","20":"product-type-simple"},"yoast_head":"<!-- This site is optimized with the Yoast SEO plugin v20.1 - https:\/\/yoast.com\/wordpress\/plugins\/seo\/ -->\n<title>Puzzle adulti 1000 piese Cartoon - New York<\/title>\n<meta name=\"description\" content=\"Puzzle adulti 1000 piese Cartoon - New York\" \/>\n<meta name=\"robots\" content=\"index, follow, max-snippet:-1, max-image-preview:large, max-video-preview:-1\" \/>\n<link rel=\"canonical\" href=\"https:\/\/www.roovi.ro\/puzzle-adulti-1000-piese-cartoon-collection-new-york\/p\/\" \/>\n<meta property=\"og:locale\" content=\"ro_RO\" \/>\n<meta property=\"og:type\" content=\"article\" \/>\n<meta property=\"og:title\" content=\"Puzzle adulti 1000 piese Cartoon - New York\" \/>\n<meta property=\"og:description\" content=\"Puzzle adulti 1000 piese Cartoon - New York\" \/>\n<meta property=\"og:url\" content=\"https:\/\/www.roovi.ro\/puzzle-adulti-1000-piese-cartoon-collection-new-york\/p\/\" \/>\n<meta property=\"og:site_name\" content=\"Roovi B2B\" \/>\n<meta property=\"article:publisher\" content=\"https:\/\/www.facebook.com\/wwwjucariero\" \/>\n<meta property=\"article:modified_time\" content=\"2025-03-17T07:16:42+00:00\" \/>\n<meta property=\"og:image\" content=\"https:\/\/business.roovi.com\/wp-content\/uploads\/2021\/11\/61218_-13_ansamblu_dimensiuni_cutie_cm_vertical_1200x1200.png\" \/>\n\t<meta property=\"og:image:width\" content=\"1200\" \/>\n\t<meta property=\"og:image:height\" content=\"1200\" \/>\n\t<meta property=\"og:image:type\" content=\"image\/png\" \/>\n<meta name=\"twitter:label1\" content=\"Timp estimat pentru citire\" \/>\n\t<meta name=\"twitter:data1\" content=\"3 minute\" \/>\n<script type=\"application\/ld+json\" class=\"yoast-schema-graph\">{\"@context\":\"https:\/\/schema.org\",\"@graph\":[{\"@type\":\"WebPage\",\"@id\":\"https:\/\/business.roovi.com\/ro\/puzzle-adulti-1000-piese-cartoon-collection-new-york\/p\/\",\"url\":\"https:\/\/www.roovi.ro\/puzzle-adulti-1000-piese-cartoon-collection-new-york\/p\/\",\"name\":\"Puzzle adulti 1000 piese Cartoon - New York\",\"isPartOf\":{\"@id\":\"https:\/\/business.roovi.com\/ro\/#website\"},\"datePublished\":\"2021-11-17T14:50:13+00:00\",\"dateModified\":\"2025-03-17T07:16:42+00:00\",\"description\":\"Puzzle adulti 1000 piese Cartoon - New York\",\"breadcrumb\":{\"@id\":\"https:\/\/www.roovi.ro\/puzzle-adulti-1000-piese-cartoon-collection-new-york\/p\/#breadcrumb\"},\"inLanguage\":\"ro-RO\",\"potentialAction\":[{\"@type\":\"ReadAction\",\"target\":[\"https:\/\/www.roovi.ro\/puzzle-adulti-1000-piese-cartoon-collection-new-york\/p\/\"]}]},{\"@type\":\"BreadcrumbList\",\"@id\":\"https:\/\/www.roovi.ro\/puzzle-adulti-1000-piese-cartoon-collection-new-york\/p\/#breadcrumb\",\"itemListElement\":[{\"@type\":\"ListItem\",\"position\":1,\"name\":\"Home\",\"item\":\"https:\/\/business.roovi.com\/ro\/\"},{\"@type\":\"ListItem\",\"position\":2,\"name\":\"Magazin\",\"item\":\"https:\/\/business.roovi.com\/ro\/magazin\/\"},{\"@type\":\"ListItem\",\"position\":3,\"name\":\"Puzzle adul\u021bi 1000 piese Cartoon Collection &#8211; New York\"}]},{\"@type\":\"WebSite\",\"@id\":\"https:\/\/business.roovi.com\/ro\/#website\",\"url\":\"https:\/\/business.roovi.com\/ro\/\",\"name\":\"Roovi B2B\",\"description\":\"Roovi Business Website\",\"potentialAction\":[{\"@type\":\"SearchAction\",\"target\":{\"@type\":\"EntryPoint\",\"urlTemplate\":\"https:\/\/business.roovi.com\/ro\/?s={search_term_string}\"},\"query-input\":\"required name=search_term_string\"}],\"inLanguage\":\"ro-RO\"}]}<\/script>\n<!-- \/ Yoast SEO plugin. -->","yoast_head_json":{"title":"Puzzle adulti 1000 piese Cartoon - New York","description":"Puzzle adulti 1000 piese Cartoon - New York","robots":{"index":"index","follow":"follow","max-snippet":"max-snippet:-1","max-image-preview":"max-image-preview:large","max-video-preview":"max-video-preview:-1"},"canonical":"https:\/\/www.roovi.ro\/puzzle-adulti-1000-piese-cartoon-collection-new-york\/p\/","og_locale":"ro_RO","og_type":"article","og_title":"Puzzle adulti 1000 piese Cartoon - New York","og_description":"Puzzle adulti 1000 piese Cartoon - New York","og_url":"https:\/\/www.roovi.ro\/puzzle-adulti-1000-piese-cartoon-collection-new-york\/p\/","og_site_name":"Roovi B2B","article_publisher":"https:\/\/www.facebook.com\/wwwjucariero","article_modified_time":"2025-03-17T07:16:42+00:00","og_image":[{"width":1200,"height":1200,"url":"https:\/\/business.roovi.com\/wp-content\/uploads\/2021\/11\/61218_-13_ansamblu_dimensiuni_cutie_cm_vertical_1200x1200.png","type":"image\/png"}],"twitter_misc":{"Timp estimat pentru citire":"3 minute"},"schema":{"@context":"https:\/\/schema.org","@graph":[{"@type":"WebPage","@id":"https:\/\/business.roovi.com\/ro\/puzzle-adulti-1000-piese-cartoon-collection-new-york\/p\/","url":"https:\/\/www.roovi.ro\/puzzle-adulti-1000-piese-cartoon-collection-new-york\/p\/","name":"Puzzle adulti 1000 piese Cartoon - New York","isPartOf":{"@id":"https:\/\/business.roovi.com\/ro\/#website"},"datePublished":"2021-11-17T14:50:13+00:00","dateModified":"2025-03-17T07:16:42+00:00","description":"Puzzle adulti 1000 piese Cartoon - New York","breadcrumb":{"@id":"https:\/\/www.roovi.ro\/puzzle-adulti-1000-piese-cartoon-collection-new-york\/p\/#breadcrumb"},"inLanguage":"ro-RO","potentialAction":[{"@type":"ReadAction","target":["https:\/\/www.roovi.ro\/puzzle-adulti-1000-piese-cartoon-collection-new-york\/p\/"]}]},{"@type":"BreadcrumbList","@id":"https:\/\/www.roovi.ro\/puzzle-adulti-1000-piese-cartoon-collection-new-york\/p\/#breadcrumb","itemListElement":[{"@type":"ListItem","position":1,"name":"Home","item":"https:\/\/business.roovi.com\/ro\/"},{"@type":"ListItem","position":2,"name":"Magazin","item":"https:\/\/business.roovi.com\/ro\/magazin\/"},{"@type":"ListItem","position":3,"name":"Puzzle adul\u021bi 1000 piese Cartoon Collection &#8211; New York"}]},{"@type":"WebSite","@id":"https:\/\/business.roovi.com\/ro\/#website","url":"https:\/\/business.roovi.com\/ro\/","name":"Roovi B2B","description":"Roovi Business Website","potentialAction":[{"@type":"SearchAction","target":{"@type":"EntryPoint","urlTemplate":"https:\/\/business.roovi.com\/ro\/?s={search_term_string}"},"query-input":"required name=search_term_string"}],"inLanguage":"ro-RO"}]}},"_links":{"self":[{"href":"https:\/\/business.roovi.com\/ro\/wp-json\/wp\/v2\/product\/20041","targetHints":{"allow":["GET"]}}],"collection":[{"href":"https:\/\/business.roovi.com\/ro\/wp-json\/wp\/v2\/product"}],"about":[{"href":"https:\/\/business.roovi.com\/ro\/wp-json\/wp\/v2\/types\/product"}],"version-history":[{"count":0,"href":"https:\/\/business.roovi.com\/ro\/wp-json\/wp\/v2\/product\/20041\/revisions"}],"wp:featuredmedia":[{"embeddable":true,"href":"https:\/\/business.roovi.com\/ro\/wp-json\/wp\/v2\/media\/10671"}],"wp:attachment":[{"href":"https:\/\/business.roovi.com\/ro\/wp-json\/wp\/v2\/media?parent=20041"}],"wp:term":[{"taxonomy":"product_brand","embeddable":true,"href":"https:\/\/business.roovi.com\/ro\/wp-json\/wp\/v2\/product_brand?post=20041"},{"taxonomy":"product_cat","embeddable":true,"href":"https:\/\/business.roovi.com\/ro\/wp-json\/wp\/v2\/product_cat?post=20041"},{"taxonomy":"product_tag","embeddable":true,"href":"https:\/\/business.roovi.com\/ro\/wp-json\/wp\/v2\/product_tag?post=20041"}],"curies":[{"name":"wp","href":"https:\/\/api.w.org\/{rel}","templated":true}]}}