{"id":20042,"date":"2021-11-17T15:22:52","date_gmt":"2021-11-17T15:22:52","guid":{"rendered":"https:\/\/business.roovi.com\/product\/puzzle-adulti-1000-piese-cartoon-sagrada-familia\/"},"modified":"2025-03-17T07:20:52","modified_gmt":"2025-03-17T07:20:52","slug":"puzzle-cartoon-sagrada-familia-1000-piese","status":"publish","type":"product","link":"https:\/\/business.roovi.com\/ro\/puzzle-cartoon-sagrada-familia-1000-piese\/p\/","title":{"rendered":"Puzzle Cartoon &#8211; Sagrada Familia &#8211; 1000 piese"},"content":{"rendered":"<p><b><i>Te sim\u021bi inspirat \u0219i pus pe \u0219otii? Colec\u021bia Puzzle Cartoon \u021bi se potrive\u0219te perfect! Descoper\u0103 jocuri puzzle 1000 piese cu ilustra\u021bii animate care transform\u0103 activitatea de asamblare \u00eentr-o distrac\u021bie memorabil\u0103.<\/i><\/b><\/p>\n<p><span style=\"font-weight: 400;\">Puzzle 1000 piese Sagrada Familia din colec\u021bia Puzzle Cartoon prezint\u0103 o ilustra\u021bie original\u0103 ce red\u0103 o interpretare inedit\u0103 a construc\u021biei faimoasei biserici din Barcelona.\u00a0<\/span><\/p>\n<p><span style=\"font-weight: 400;\">\u00cen puzzle 1000 piese Cartoon &#8211; Sagrada Familia o mul\u021bime de personaje adorabile sunt un ajutor de n\u0103dejde care pun um\u0103rul pentru finalizarea m\u0103re\u021bului edificiu proiectat de celebrul <\/span><span style=\"font-weight: 400;\">Antonio Gaudi. Vor reu\u0219i oare s\u0103 duc\u0103 la bun sf\u00e2r\u0219it minunata lucrare? Pune pies\u0103 l\u00e2ng\u0103 pies\u0103 \u0219i construie\u0219te \u0219i tu o capodoper\u0103 de neegalat.<\/span><\/p>\n<p><span style=\"font-weight: 400;\">Fiecare personaj din imagine este unic \u0219i are rolul lui bine stabilit \u00een lucrarea de ansamblu. Dac\u0103 e\u0219ti deja un expert \u00een jocurile puzzle, vei descoperi rapid logica jocului \u0219i nu-\u021bi va lua prea mult s\u0103 pui cap la cap toate cele 1000 de piese puzzle.\u00a0<\/span><\/p>\n<p><span style=\"font-weight: 400;\">Dac\u0103 e\u0219ti mai la \u00eenceput \u00een activitatea de asamblare a puzzle-urilor adul\u021bi \u0219i ai nevoie de pu\u021bin ajutor, apeleaz\u0103 la copii sau la ga\u0219ca de prieteni. Distrac\u021bia e cu at\u00e2t mai mare, iar tabloul final este o delectare pentru to\u021bi participan\u021bii, mici \u0219i mari.<\/span><\/p>\n<p><b>De ce s\u0103 alegi puzzle 1000 piese Cartoon &#8211; Sagrada Familia?<\/b><\/p>\n<ul>\n<li><span style=\"font-weight: 400;\">Puzzle 1000 piese este o modalitate relaxant\u0103 \u0219i creativ\u0103 pentru a-\u021bi petrece timpul liber.<\/span><\/li>\n<li><span style=\"font-weight: 400;\">Ob\u021bii un tablou inedit cu dimensiunile de 68 x 47 cm care poate constitui o pies\u0103 original\u0103 de decor.<\/span><\/li>\n<li><span style=\"font-weight: 400;\">Este fabricat din carton albastru de calitate superioar\u0103 ceea ce \u00eei confer\u0103 rezisten\u021b\u0103 sporit\u0103.<\/span><\/li>\n<li><span style=\"font-weight: 400;\">Piesele de puzzle 1000 sunt t\u0103iate cu precizie \u0219i se \u00eembin\u0103 perfect, astfel c\u0103 imaginea asamblat\u0103 arat\u0103 impecabil chiar \u0219i dac\u0103 este ref\u0103cut\u0103 de nenum\u0103rate ori.<\/span><\/li>\n<li><span style=\"font-weight: 400;\">Finisajul este semi-lucios, \u00een culori vii ce scot \u00een eviden\u021b\u0103 frumuse\u021bea ilustra\u021biei.<\/span><\/li>\n<li><span style=\"font-weight: 400;\">Este un produs prietenos cu natura, fiind confec\u021bionat din materiale reciclabile \u0219i sustenabile.<\/span><\/li>\n<li><span style=\"font-weight: 400;\">Este potrivit persoanelor peste 14 ani &#8211; prilej de distrac\u021bie maxim\u0103 \u00eempreun\u0103 cu copiii t\u0103i adolescen\u021bi.<\/span><\/li>\n<li><span style=\"font-weight: 400;\">Poate fi un prilej de socializare \u0219i conectare cu grupul de prieteni.<\/span><\/li>\n<li><span style=\"font-weight: 400;\">\u00ce\u021bi antrenezi imagina\u021bia, merg\u00e2nd pe urmele personajelor care contribuie la construirea marii catedrale concepute de mintea genial\u0103 a lui Gaudi..<\/span><\/li>\n<\/ul>\n<p><b>\u0218tiai c\u0103\u2026?<\/b><\/p>\n<ul>\n<li><span style=\"font-weight: 400;\">Construirea fascinantei Sagrada Familia a \u00eenceput \u00een 1882 \u0219i \u00eenc\u0103 nu este finalizat\u0103. Impun\u0103toarea construc\u021bie\u00a0 va avea 18 turnuri, dar momentan sunt gata doar 9, cel mai \u00eenalt av\u00e2nd 138 metri.<\/span><\/li>\n<li><span style=\"font-weight: 400;\">A fost construit\u0103 exclusiv din dona\u021bii, a\u0219a cum \u0219i-a dorit Gaudi \u0219i de aceea dureaz\u0103 at\u00e2t de mult finalizarea ei.<\/span><\/li>\n<li><span style=\"font-weight: 400;\">\u00cen timpul R\u0103zboiului Civil din 1936 multe din schi\u021bele \u0219i planurile lui Gaudi au fost distruse. Acestea au fost reconstituite, dar mul\u021bi sunt de p\u0103rere c\u0103, la finalizare, Sagrada Familia nu va ar\u0103ta a\u0219a cum \u0219i-o imaginase creatorul ei.<\/span><\/li>\n<li><span style=\"font-weight: 400;\">Gaudi considera c\u0103 Sagrada Familia era planul divin pe care Dumnezeu \u00eel avea cu el \u0219i de aceea i-a dedicat 40 de ani din cariera sa.<\/span><\/li>\n<\/ul>\n<p><b>Puzzle 1000 piese Cartoon &#8211; Sagrada Familia oportunitate de socializare cu prietenii<\/b><\/p>\n<p><span style=\"font-weight: 400;\">Pentru serile \u00een care vremea rece te \u021bine \u00een cas\u0103 ori pentru weekend-urile \u00een care vrei s\u0103 scapi de monotonie, puzzle 1000 piese Sagrada Familia \u00ee\u021bi aduce relaxare \u0219i mult\u0103 voie bun\u0103 al\u0103turi de cei dragi.\u00a0<\/span><\/p>\n<p><span style=\"font-weight: 400;\">\u00cemp\u0103r\u021bi\u021bi piesele, pune\u021bi fiecare personaj la locul lui \u00een povestea din puzzle 1000 piese \u0219i ob\u021bine\u021bi un tablou care v\u0103 va aminti mereu de momente memorabile. Bucura\u021bi-v\u0103 de o ilustra\u021bie plin\u0103 de culoare \u0219i vibra\u021bii pozitive \u0219i, de ce nu, planifica\u021bi o excursie \u00een Barcelona pentru a vizita faimoasa bijuterie arhitectural\u0103 a lui Gaudi..<\/span><\/p>\n<p><span style=\"font-weight: 400;\">Alege puzzle 1000 piese Sagrada Familia din colec\u021bia Cartoon Puzzle pentru a da valoare timpului t\u0103u liber sau ofer\u0103-l \u00een dar prietenilor pasiona\u021bi de jocuri puzzle.<\/span><\/p>\n","protected":false},"excerpt":{"rendered":"<p>Te sim\u021bi inspirat \u0219i pus pe \u0219otii? Colec\u021bia Puzzle Cartoon \u021bi se potrive\u0219te perfect! Descoper\u0103 jocuri puzzle 1000 piese cu<\/p>\n","protected":false},"featured_media":10684,"template":"","meta":[],"product_brand":[],"product_cat":[1607,1608,1610],"product_tag":[],"class_list":{"0":"post-20042","1":"product","2":"type-product","3":"status-publish","4":"has-post-thumbnail","6":"product_cat-puzzles","7":"product_cat-adult-jigsaw-puzzles","8":"product_cat-1000-piece-jigsaw-puzzles","9":"pa_brand-d_toys-en","10":"pa_country_of_manufacture-ro-en","11":"pa_filter_age-14-en","12":"pa_painter-cartooncollection-en","13":"pa_tip_ambalaj-box","14":"pa_tip_puzzle-classic","16":"first","17":"instock","18":"taxable","19":"shipping-taxable","20":"product-type-simple"},"yoast_head":"<!-- This site is optimized with the Yoast SEO plugin v20.1 - https:\/\/yoast.com\/wordpress\/plugins\/seo\/ -->\n<title>Puzzle adulti 1000 piese Cartoon - Sagrada Familia<\/title>\n<meta name=\"description\" content=\"Puzzle adulti 1000 piese Cartoon - Sagrada Familia\" \/>\n<meta name=\"robots\" content=\"index, follow, max-snippet:-1, max-image-preview:large, max-video-preview:-1\" \/>\n<link rel=\"canonical\" href=\"https:\/\/www.roovi.ro\/puzzle-cartoon-sagrada-familia-1000-piese\/p\/\" \/>\n<meta property=\"og:locale\" content=\"ro_RO\" \/>\n<meta property=\"og:type\" content=\"article\" \/>\n<meta property=\"og:title\" content=\"Puzzle adulti 1000 piese Cartoon - Sagrada Familia\" \/>\n<meta property=\"og:description\" content=\"Puzzle adulti 1000 piese Cartoon - Sagrada Familia\" \/>\n<meta property=\"og:url\" content=\"https:\/\/www.roovi.ro\/puzzle-cartoon-sagrada-familia-1000-piese\/p\/\" \/>\n<meta property=\"og:site_name\" content=\"Roovi B2B\" \/>\n<meta property=\"article:publisher\" content=\"https:\/\/www.facebook.com\/wwwjucariero\" \/>\n<meta property=\"article:modified_time\" content=\"2025-03-17T07:20:52+00:00\" \/>\n<meta property=\"og:image\" content=\"https:\/\/business.roovi.com\/wp-content\/uploads\/2021\/11\/16_1200px.png\" \/>\n\t<meta property=\"og:image:width\" content=\"1200\" \/>\n\t<meta property=\"og:image:height\" content=\"1200\" \/>\n\t<meta property=\"og:image:type\" content=\"image\/png\" \/>\n<meta name=\"twitter:label1\" content=\"Timp estimat pentru citire\" \/>\n\t<meta name=\"twitter:data1\" content=\"3 minute\" \/>\n<script type=\"application\/ld+json\" class=\"yoast-schema-graph\">{\"@context\":\"https:\/\/schema.org\",\"@graph\":[{\"@type\":\"WebPage\",\"@id\":\"https:\/\/business.roovi.com\/ro\/puzzle-cartoon-sagrada-familia-1000-piese\/p\/\",\"url\":\"https:\/\/www.roovi.ro\/puzzle-cartoon-sagrada-familia-1000-piese\/p\/\",\"name\":\"Puzzle adulti 1000 piese Cartoon - Sagrada Familia\",\"isPartOf\":{\"@id\":\"https:\/\/business.roovi.com\/ro\/#website\"},\"datePublished\":\"2021-11-17T15:22:52+00:00\",\"dateModified\":\"2025-03-17T07:20:52+00:00\",\"description\":\"Puzzle adulti 1000 piese Cartoon - Sagrada Familia\",\"breadcrumb\":{\"@id\":\"https:\/\/www.roovi.ro\/puzzle-cartoon-sagrada-familia-1000-piese\/p\/#breadcrumb\"},\"inLanguage\":\"ro-RO\",\"potentialAction\":[{\"@type\":\"ReadAction\",\"target\":[\"https:\/\/www.roovi.ro\/puzzle-cartoon-sagrada-familia-1000-piese\/p\/\"]}]},{\"@type\":\"BreadcrumbList\",\"@id\":\"https:\/\/www.roovi.ro\/puzzle-cartoon-sagrada-familia-1000-piese\/p\/#breadcrumb\",\"itemListElement\":[{\"@type\":\"ListItem\",\"position\":1,\"name\":\"Home\",\"item\":\"https:\/\/business.roovi.com\/ro\/\"},{\"@type\":\"ListItem\",\"position\":2,\"name\":\"Magazin\",\"item\":\"https:\/\/business.roovi.com\/ro\/magazin\/\"},{\"@type\":\"ListItem\",\"position\":3,\"name\":\"Puzzle Cartoon &#8211; Sagrada Familia &#8211; 1000 piese\"}]},{\"@type\":\"WebSite\",\"@id\":\"https:\/\/business.roovi.com\/ro\/#website\",\"url\":\"https:\/\/business.roovi.com\/ro\/\",\"name\":\"Roovi B2B\",\"description\":\"Roovi Business Website\",\"potentialAction\":[{\"@type\":\"SearchAction\",\"target\":{\"@type\":\"EntryPoint\",\"urlTemplate\":\"https:\/\/business.roovi.com\/ro\/?s={search_term_string}\"},\"query-input\":\"required name=search_term_string\"}],\"inLanguage\":\"ro-RO\"}]}<\/script>\n<!-- \/ Yoast SEO plugin. -->","yoast_head_json":{"title":"Puzzle adulti 1000 piese Cartoon - Sagrada Familia","description":"Puzzle adulti 1000 piese Cartoon - Sagrada Familia","robots":{"index":"index","follow":"follow","max-snippet":"max-snippet:-1","max-image-preview":"max-image-preview:large","max-video-preview":"max-video-preview:-1"},"canonical":"https:\/\/www.roovi.ro\/puzzle-cartoon-sagrada-familia-1000-piese\/p\/","og_locale":"ro_RO","og_type":"article","og_title":"Puzzle adulti 1000 piese Cartoon - Sagrada Familia","og_description":"Puzzle adulti 1000 piese Cartoon - Sagrada Familia","og_url":"https:\/\/www.roovi.ro\/puzzle-cartoon-sagrada-familia-1000-piese\/p\/","og_site_name":"Roovi B2B","article_publisher":"https:\/\/www.facebook.com\/wwwjucariero","article_modified_time":"2025-03-17T07:20:52+00:00","og_image":[{"width":1200,"height":1200,"url":"https:\/\/business.roovi.com\/wp-content\/uploads\/2021\/11\/16_1200px.png","type":"image\/png"}],"twitter_misc":{"Timp estimat pentru citire":"3 minute"},"schema":{"@context":"https:\/\/schema.org","@graph":[{"@type":"WebPage","@id":"https:\/\/business.roovi.com\/ro\/puzzle-cartoon-sagrada-familia-1000-piese\/p\/","url":"https:\/\/www.roovi.ro\/puzzle-cartoon-sagrada-familia-1000-piese\/p\/","name":"Puzzle adulti 1000 piese Cartoon - Sagrada Familia","isPartOf":{"@id":"https:\/\/business.roovi.com\/ro\/#website"},"datePublished":"2021-11-17T15:22:52+00:00","dateModified":"2025-03-17T07:20:52+00:00","description":"Puzzle adulti 1000 piese Cartoon - Sagrada Familia","breadcrumb":{"@id":"https:\/\/www.roovi.ro\/puzzle-cartoon-sagrada-familia-1000-piese\/p\/#breadcrumb"},"inLanguage":"ro-RO","potentialAction":[{"@type":"ReadAction","target":["https:\/\/www.roovi.ro\/puzzle-cartoon-sagrada-familia-1000-piese\/p\/"]}]},{"@type":"BreadcrumbList","@id":"https:\/\/www.roovi.ro\/puzzle-cartoon-sagrada-familia-1000-piese\/p\/#breadcrumb","itemListElement":[{"@type":"ListItem","position":1,"name":"Home","item":"https:\/\/business.roovi.com\/ro\/"},{"@type":"ListItem","position":2,"name":"Magazin","item":"https:\/\/business.roovi.com\/ro\/magazin\/"},{"@type":"ListItem","position":3,"name":"Puzzle Cartoon &#8211; Sagrada Familia &#8211; 1000 piese"}]},{"@type":"WebSite","@id":"https:\/\/business.roovi.com\/ro\/#website","url":"https:\/\/business.roovi.com\/ro\/","name":"Roovi B2B","description":"Roovi Business Website","potentialAction":[{"@type":"SearchAction","target":{"@type":"EntryPoint","urlTemplate":"https:\/\/business.roovi.com\/ro\/?s={search_term_string}"},"query-input":"required name=search_term_string"}],"inLanguage":"ro-RO"}]}},"_links":{"self":[{"href":"https:\/\/business.roovi.com\/ro\/wp-json\/wp\/v2\/product\/20042","targetHints":{"allow":["GET"]}}],"collection":[{"href":"https:\/\/business.roovi.com\/ro\/wp-json\/wp\/v2\/product"}],"about":[{"href":"https:\/\/business.roovi.com\/ro\/wp-json\/wp\/v2\/types\/product"}],"version-history":[{"count":0,"href":"https:\/\/business.roovi.com\/ro\/wp-json\/wp\/v2\/product\/20042\/revisions"}],"wp:featuredmedia":[{"embeddable":true,"href":"https:\/\/business.roovi.com\/ro\/wp-json\/wp\/v2\/media\/10684"}],"wp:attachment":[{"href":"https:\/\/business.roovi.com\/ro\/wp-json\/wp\/v2\/media?parent=20042"}],"wp:term":[{"taxonomy":"product_brand","embeddable":true,"href":"https:\/\/business.roovi.com\/ro\/wp-json\/wp\/v2\/product_brand?post=20042"},{"taxonomy":"product_cat","embeddable":true,"href":"https:\/\/business.roovi.com\/ro\/wp-json\/wp\/v2\/product_cat?post=20042"},{"taxonomy":"product_tag","embeddable":true,"href":"https:\/\/business.roovi.com\/ro\/wp-json\/wp\/v2\/product_tag?post=20042"}],"curies":[{"name":"wp","href":"https:\/\/api.w.org\/{rel}","templated":true}]}}