{"id":20043,"date":"2021-12-14T14:39:28","date_gmt":"2021-12-14T14:39:28","guid":{"rendered":"https:\/\/business.roovi.com\/product\/puzzle-adul-i-1000-piese-kurti-andrea-cats\/"},"modified":"2025-03-14T12:07:59","modified_gmt":"2025-03-14T12:07:59","slug":"puzzle-adulti-1000-piese-kurti-andrea-catspisici","status":"publish","type":"product","link":"https:\/\/business.roovi.com\/ro\/puzzle-adulti-1000-piese-kurti-andrea-catspisici\/p\/","title":{"rendered":"Puzzle adul\u021bi 1000 piese K\u00fcrti Andrea &#8211; Cats\/Pisici"},"content":{"rendered":"<p><span style=\"font-weight: 400;\">E\u0219ti gata s\u0103 treci la un nivel avansat \u00een ceea ce prive\u0219te puzzle 1000 piese? \u021ai-am preg\u0103tit modele uimitoare, cu grad ridicat de dificultate \u0219i fascinant de provocatoare.\u00a0<\/span><\/p>\n<p><span style=\"font-weight: 400;\">Puzzle 1000 piese &#8211; Pisici \u00ee\u021bi duce pasiunea pentru jocurile puzzle pe culmile succesului. Un puzzle adul\u021bi de dificultate ridicat\u0103, cu un design original conceput de artista Kurti Andrea \u00ee\u021bi va anima momentele monotone.<\/span><\/p>\n<p><span style=\"font-weight: 400;\">Fie c\u0103 \u00ee\u021bi dore\u0219ti s\u0103 treci la un nivel mai dificil \u00een completarea puzzle-urilor, fie c\u0103 vrei s\u0103 provoci un prieten pasionat de jocuri puzzle s\u0103 \u00ee\u0219i exerseze \u00eendem\u00e2narea \u0219i r\u0103bdarea, acest puzzle 1000 piese este alegerea perfect\u0103.<\/span><\/p>\n<p><span style=\"font-weight: 400;\">Puzzle 1000 piese &#8211; Pisici \u00ee\u021bi ofer\u0103 prilejul s\u0103 te conectezi cu familia sau cu prietenii. Organizeaz\u0103 seri de puzzle \u00een compania celor dragi \u0219i tr\u0103ie\u0219te bucuria clipelor petrecute \u00eempreun\u0103. \u00cenr\u0103meaz\u0103 tabloul ob\u021binut \u0219i p\u0103streaz\u0103 amintirea pre\u021bioas\u0103 \u00een casa ta.<\/span><\/p>\n<p><strong>De ce s\u0103 alegi 1000 piese &#8211; Pisici?<\/strong><\/p>\n<p><span style=\"font-weight: 400;\">Ob\u021bii un tablou cu dimensiunile de 50 x 70 cm, pe care \u00eel po\u021bi \u00eenr\u0103ma \u0219i admira \u00een fiecare zi.<\/span><\/p>\n<p><span style=\"font-weight: 400;\">Este produs din materiale de calitate, carton albastru premium \u0219i poate fi cadoul perfect pentru iubitorii de puzzle 1000 piese.<\/span><\/p>\n<p><span style=\"font-weight: 400;\">Este prietenos cu natura \u0219i rezistent \u00een timp, fiind realizat din materiale sustenabile, reciclabile \u0219i durabile.<\/span><\/p>\n<p><span style=\"font-weight: 400;\">Are finisaje semi-lucioase \u0219i culori vii, foarte pl\u0103cute.<\/span><\/p>\n<p><span style=\"font-weight: 400;\">Este potrivit persoanelor cu v\u00e2rsta peste 14 ani, a\u0219adar \u00eei po\u021bi introduce \u0219i pe adolescen\u021bi \u00een tainele jocurilor puzzle.<\/span><\/p>\n<p><strong>\u0218tiai c\u0103\u2026?<\/strong><span style=\"font-weight: 400;\">\u00a0<\/span><\/p>\n<p><span style=\"font-weight: 400;\">Corpul unei pisici are 244 de oase. \u00cen compara\u021bie, corpul uman are 206 oase.<\/span><\/p>\n<p><span style=\"font-weight: 400;\">Contrar practicii comune, pisicile nu trebuie hr\u0103nite cu lapte pentru c\u0103 majoritatea dintre ele au intoleran\u021b\u0103 la lactoz\u0103.<\/span><\/p>\n<p><span style=\"font-weight: 400;\">Pisicile nu simt gustul dulce din cauza unei muta\u021bii genetice care le afecteaz\u0103 receptorii gustului.<\/span><\/p>\n<p><span style=\"font-weight: 400;\">Rinichii pisicilor pot s\u0103 filtreze sarea din ap\u0103, a\u0219adar ele pot bea ap\u0103 din mare.<\/span><\/p>\n<p><span style=\"font-weight: 400;\">Cea mai longeviv\u0103 pisic\u0103 din lume, potrivit Guiness Book, a tr\u0103it 38 de ani, din 1967 \u0219i p\u00e2n\u0103 \u00een 2005.<\/span><\/p>\n<p><span style=\"font-weight: 400;\">Puzzle 1000 piese &#8211; Pisici \u0219i abilit\u0103\u021bile pe care te ajut\u0103 s\u0103 le dezvol\u021bi:<\/span><\/p>\n<ul>\n<li><span style=\"font-weight: 400;\">Capacitatea de concentrare<\/span><\/li>\n<li><span style=\"font-weight: 400;\">Aten\u021bia la detalii<\/span><\/li>\n<li><span style=\"font-weight: 400;\">Perseveren\u021ba<\/span><\/li>\n<li><span style=\"font-weight: 400;\">Memoria pe termen scurt<\/span><\/li>\n<li><span style=\"font-weight: 400;\">G\u00e2ndirea logic\u0103.<\/span><\/li>\n<\/ul>\n<p><strong>Puzzle 1000 piese &#8211; Pisici te ajut\u0103 s\u0103 fii creativ \u0219i fericit<\/strong><\/p>\n<p><span style=\"font-weight: 400;\">Alege puzzle 1000 piese modele cu pisici \u0219i antreneaz\u0103-\u021bi creierul \u00een momentele monotone sau \u00een weekend-urile c\u00e2nd soarele st\u0103 ascuns printre nori. Te ajut\u0103 s\u0103 te relaxezi \u0219i \u00ee\u021bi dezvolt\u0103 creativitatea.<\/span><\/p>\n<p><span style=\"font-weight: 400;\">Activitatea de asamblare are acelea\u0219i efecte benefice pentru creier precum le are un antrenament la sal\u0103 pentru corp: \u00eel men\u021bine s\u0103n\u0103tos \u0219i activ.<\/span><\/p>\n<p><span style=\"font-weight: 400;\">\u00cen plus, s-a constatat c\u0103 atunci c\u00e2nd o persoan\u0103 alc\u0103tuie\u0219te imagini din jocuri puzzle, creierul secret\u0103 mai mult\u0103 dopamin\u0103. Aceasta este un neurotransmi\u021b\u0103tor care este responsabil de starea de optimism \u0219i fericire.\u00a0<\/span><\/p>\n<p><span style=\"font-weight: 400;\">Ai numai motive bune pentru a cump\u0103ra acest uimitor puzzle adul\u021bi. Produsul este potrivit \u0219i \u00een momentele \u00een care e\u0219ti \u00een c\u0103utarea unui cadou deosebit pentru S\u0103rb\u0103tori sau diverse anivers\u0103ri.<\/span><\/p>\n","protected":false},"excerpt":{"rendered":"<p>E\u0219ti gata s\u0103 treci la un nivel avansat \u00een ceea ce prive\u0219te puzzle 1000 piese? \u021ai-am preg\u0103tit modele uimitoare, cu<\/p>\n","protected":false},"featured_media":10687,"template":"","meta":[],"product_brand":[],"product_cat":[1454,1488,1560],"product_tag":[],"class_list":{"0":"post-20043","1":"product","2":"type-product","3":"status-publish","4":"has-post-thumbnail","6":"product_cat-puzzle","7":"product_cat-puzzle-adulti","8":"product_cat-puzzle-adulti-1000","9":"pa_brand-d_toys","10":"pa_country_of_manufacture-ro","11":"pa_filter_age-1315","12":"pa_painter-kurtiandrea","13":"pa_tip_ambalaj-cutie","14":"pa_tip_puzzle-clasic","16":"first","17":"instock","18":"taxable","19":"shipping-taxable","20":"product-type-simple"},"yoast_head":"<!-- This site is optimized with the Yoast SEO plugin v20.1 - https:\/\/yoast.com\/wordpress\/plugins\/seo\/ -->\n<title>Puzzle adul\u021bi 1000 piese K\u00dcRTI ANDREA - Cats<\/title>\n<meta name=\"description\" content=\"Puzzle adul\u021bi 1000 piese K\u00dcRTI ANDREA - Cats\" \/>\n<meta name=\"robots\" content=\"index, follow, max-snippet:-1, max-image-preview:large, max-video-preview:-1\" \/>\n<link rel=\"canonical\" href=\"https:\/\/www.roovi.ro\/puzzle-adulti-1000-piese-kurti-andrea-catspisici\/p\/\" \/>\n<meta property=\"og:locale\" content=\"ro_RO\" \/>\n<meta property=\"og:type\" content=\"article\" \/>\n<meta property=\"og:title\" content=\"Puzzle adul\u021bi 1000 piese K\u00dcRTI ANDREA - Cats\" \/>\n<meta property=\"og:description\" content=\"Puzzle adul\u021bi 1000 piese K\u00dcRTI ANDREA - Cats\" \/>\n<meta property=\"og:url\" content=\"https:\/\/www.roovi.ro\/puzzle-adulti-1000-piese-kurti-andrea-catspisici\/p\/\" \/>\n<meta property=\"og:site_name\" content=\"Roovi B2B\" \/>\n<meta property=\"article:publisher\" content=\"https:\/\/www.facebook.com\/wwwjucariero\" \/>\n<meta property=\"article:modified_time\" content=\"2025-03-14T12:07:59+00:00\" \/>\n<meta property=\"og:image\" content=\"https:\/\/business.roovi.com\/wp-content\/uploads\/2021\/12\/76847_ansamblu_dimensiuni_cutie_1200x1200.png\" \/>\n\t<meta property=\"og:image:width\" content=\"1200\" \/>\n\t<meta property=\"og:image:height\" content=\"1200\" \/>\n\t<meta property=\"og:image:type\" content=\"image\/png\" \/>\n<meta name=\"twitter:label1\" content=\"Timp estimat pentru citire\" \/>\n\t<meta name=\"twitter:data1\" content=\"3 minute\" \/>\n<script type=\"application\/ld+json\" class=\"yoast-schema-graph\">{\"@context\":\"https:\/\/schema.org\",\"@graph\":[{\"@type\":\"WebPage\",\"@id\":\"https:\/\/business.roovi.com\/ro\/puzzle-adulti-1000-piese-kurti-andrea-catspisici\/p\/\",\"url\":\"https:\/\/www.roovi.ro\/puzzle-adulti-1000-piese-kurti-andrea-catspisici\/p\/\",\"name\":\"Puzzle adul\u021bi 1000 piese K\u00dcRTI ANDREA - Cats\",\"isPartOf\":{\"@id\":\"https:\/\/business.roovi.com\/ro\/#website\"},\"datePublished\":\"2021-12-14T14:39:28+00:00\",\"dateModified\":\"2025-03-14T12:07:59+00:00\",\"description\":\"Puzzle adul\u021bi 1000 piese K\u00dcRTI ANDREA - Cats\",\"breadcrumb\":{\"@id\":\"https:\/\/www.roovi.ro\/puzzle-adulti-1000-piese-kurti-andrea-catspisici\/p\/#breadcrumb\"},\"inLanguage\":\"ro-RO\",\"potentialAction\":[{\"@type\":\"ReadAction\",\"target\":[\"https:\/\/www.roovi.ro\/puzzle-adulti-1000-piese-kurti-andrea-catspisici\/p\/\"]}]},{\"@type\":\"BreadcrumbList\",\"@id\":\"https:\/\/www.roovi.ro\/puzzle-adulti-1000-piese-kurti-andrea-catspisici\/p\/#breadcrumb\",\"itemListElement\":[{\"@type\":\"ListItem\",\"position\":1,\"name\":\"Home\",\"item\":\"https:\/\/business.roovi.com\/ro\/\"},{\"@type\":\"ListItem\",\"position\":2,\"name\":\"Magazin\",\"item\":\"https:\/\/business.roovi.com\/ro\/magazin\/\"},{\"@type\":\"ListItem\",\"position\":3,\"name\":\"Puzzle adul\u021bi 1000 piese K\u00fcrti Andrea &#8211; Cats\/Pisici\"}]},{\"@type\":\"WebSite\",\"@id\":\"https:\/\/business.roovi.com\/ro\/#website\",\"url\":\"https:\/\/business.roovi.com\/ro\/\",\"name\":\"Roovi B2B\",\"description\":\"Roovi Business Website\",\"potentialAction\":[{\"@type\":\"SearchAction\",\"target\":{\"@type\":\"EntryPoint\",\"urlTemplate\":\"https:\/\/business.roovi.com\/ro\/?s={search_term_string}\"},\"query-input\":\"required name=search_term_string\"}],\"inLanguage\":\"ro-RO\"}]}<\/script>\n<!-- \/ Yoast SEO plugin. -->","yoast_head_json":{"title":"Puzzle adul\u021bi 1000 piese K\u00dcRTI ANDREA - Cats","description":"Puzzle adul\u021bi 1000 piese K\u00dcRTI ANDREA - Cats","robots":{"index":"index","follow":"follow","max-snippet":"max-snippet:-1","max-image-preview":"max-image-preview:large","max-video-preview":"max-video-preview:-1"},"canonical":"https:\/\/www.roovi.ro\/puzzle-adulti-1000-piese-kurti-andrea-catspisici\/p\/","og_locale":"ro_RO","og_type":"article","og_title":"Puzzle adul\u021bi 1000 piese K\u00dcRTI ANDREA - Cats","og_description":"Puzzle adul\u021bi 1000 piese K\u00dcRTI ANDREA - Cats","og_url":"https:\/\/www.roovi.ro\/puzzle-adulti-1000-piese-kurti-andrea-catspisici\/p\/","og_site_name":"Roovi B2B","article_publisher":"https:\/\/www.facebook.com\/wwwjucariero","article_modified_time":"2025-03-14T12:07:59+00:00","og_image":[{"width":1200,"height":1200,"url":"https:\/\/business.roovi.com\/wp-content\/uploads\/2021\/12\/76847_ansamblu_dimensiuni_cutie_1200x1200.png","type":"image\/png"}],"twitter_misc":{"Timp estimat pentru citire":"3 minute"},"schema":{"@context":"https:\/\/schema.org","@graph":[{"@type":"WebPage","@id":"https:\/\/business.roovi.com\/ro\/puzzle-adulti-1000-piese-kurti-andrea-catspisici\/p\/","url":"https:\/\/www.roovi.ro\/puzzle-adulti-1000-piese-kurti-andrea-catspisici\/p\/","name":"Puzzle adul\u021bi 1000 piese K\u00dcRTI ANDREA - Cats","isPartOf":{"@id":"https:\/\/business.roovi.com\/ro\/#website"},"datePublished":"2021-12-14T14:39:28+00:00","dateModified":"2025-03-14T12:07:59+00:00","description":"Puzzle adul\u021bi 1000 piese K\u00dcRTI ANDREA - Cats","breadcrumb":{"@id":"https:\/\/www.roovi.ro\/puzzle-adulti-1000-piese-kurti-andrea-catspisici\/p\/#breadcrumb"},"inLanguage":"ro-RO","potentialAction":[{"@type":"ReadAction","target":["https:\/\/www.roovi.ro\/puzzle-adulti-1000-piese-kurti-andrea-catspisici\/p\/"]}]},{"@type":"BreadcrumbList","@id":"https:\/\/www.roovi.ro\/puzzle-adulti-1000-piese-kurti-andrea-catspisici\/p\/#breadcrumb","itemListElement":[{"@type":"ListItem","position":1,"name":"Home","item":"https:\/\/business.roovi.com\/ro\/"},{"@type":"ListItem","position":2,"name":"Magazin","item":"https:\/\/business.roovi.com\/ro\/magazin\/"},{"@type":"ListItem","position":3,"name":"Puzzle adul\u021bi 1000 piese K\u00fcrti Andrea &#8211; Cats\/Pisici"}]},{"@type":"WebSite","@id":"https:\/\/business.roovi.com\/ro\/#website","url":"https:\/\/business.roovi.com\/ro\/","name":"Roovi B2B","description":"Roovi Business Website","potentialAction":[{"@type":"SearchAction","target":{"@type":"EntryPoint","urlTemplate":"https:\/\/business.roovi.com\/ro\/?s={search_term_string}"},"query-input":"required name=search_term_string"}],"inLanguage":"ro-RO"}]}},"_links":{"self":[{"href":"https:\/\/business.roovi.com\/ro\/wp-json\/wp\/v2\/product\/20043","targetHints":{"allow":["GET"]}}],"collection":[{"href":"https:\/\/business.roovi.com\/ro\/wp-json\/wp\/v2\/product"}],"about":[{"href":"https:\/\/business.roovi.com\/ro\/wp-json\/wp\/v2\/types\/product"}],"version-history":[{"count":0,"href":"https:\/\/business.roovi.com\/ro\/wp-json\/wp\/v2\/product\/20043\/revisions"}],"wp:featuredmedia":[{"embeddable":true,"href":"https:\/\/business.roovi.com\/ro\/wp-json\/wp\/v2\/media\/10687"}],"wp:attachment":[{"href":"https:\/\/business.roovi.com\/ro\/wp-json\/wp\/v2\/media?parent=20043"}],"wp:term":[{"taxonomy":"product_brand","embeddable":true,"href":"https:\/\/business.roovi.com\/ro\/wp-json\/wp\/v2\/product_brand?post=20043"},{"taxonomy":"product_cat","embeddable":true,"href":"https:\/\/business.roovi.com\/ro\/wp-json\/wp\/v2\/product_cat?post=20043"},{"taxonomy":"product_tag","embeddable":true,"href":"https:\/\/business.roovi.com\/ro\/wp-json\/wp\/v2\/product_tag?post=20043"}],"curies":[{"name":"wp","href":"https:\/\/api.w.org\/{rel}","templated":true}]}}