{"id":20045,"date":"2021-12-14T14:48:20","date_gmt":"2021-12-14T14:48:20","guid":{"rendered":"https:\/\/business.roovi.com\/product\/puzzle-adul-i-1000-piese-vintage-carpet\/"},"modified":"2023-03-20T21:28:04","modified_gmt":"2023-03-20T21:28:04","slug":"puzzle-adulti-1000-piese-vintage-carpet","status":"publish","type":"product","link":"https:\/\/business.roovi.com\/ro\/puzzle-adulti-1000-piese-vintage-carpet\/p\/","title":{"rendered":"Puzzle adul\u021bi 1000 piese Vintage Carpet"},"content":{"rendered":"<p><span style=\"font-weight: 400;\">E\u0219ti gata de marea provocarea a jocurilor puzzle? Arat\u0103-\u021bi toat\u0103 m\u0103iestria \u0219i aten\u021bia la detalii \u0219i \u021bese din 1000 de piese o imagine elaborat\u0103 cu un covor persan.\u00a0<\/span><\/p>\n<p><span style=\"font-weight: 400;\">Puzzle 1000 piese Vintage Carpet este un exerci\u021biu care \u00ee\u021bi solicit\u0103 intens capacitatea de concentrare, r\u0103bdarea \u0219i memoria. Dac\u0103 e\u0219ti un pasionat al jocurilor puzzle \u0219i o fire meticuloas\u0103, acest puzzle 1000 piese \u021bi se potrive\u0219te m\u0103nu\u0219\u0103.<\/span><\/p>\n<p><span style=\"font-weight: 400;\">Dac\u0103 \u00ee\u021bi place arta vintage este, de asemenea o bun\u0103 ocazie s\u0103 \u00ee\u021bi f\u0103ure\u0219ti cu propriile m\u00e2ini o capodoper\u0103 artistic\u0103 demn\u0103 de pus \u00een ram\u0103. Arta covoarelor persane era renumit\u0103 \u00een antichitate, iar modelele complexe erau realizate manual, cu mult\u0103 r\u0103bdare, \u00eentr-un timp \u00eendelungat, pentru c\u0103 oamenii nu sim\u021beau presiunea vitezei.<\/span><\/p>\n<p><span style=\"font-weight: 400;\">Cu puzzle 1000 piese vintage carpet reg\u0103se\u0219ti pl\u0103cerea lucrurilor simple \u0219i te bucuri de scurgerea timpului \u00een tihn\u0103. A\u0219az\u0103-te confortabil \u00een fa\u021ba m\u0103su\u021bei de cafea din sufragerie &#8211; este ideal\u0103 pentru suportul pieselor \u0219i refacerea imaginii din puzzle 1000 &#8211; \u0219i \u00eemplete\u0219te \u00een lini\u0219te firele covorului.<\/span><\/p>\n<p><strong>De ce s\u0103 alegi puzzle 1000 piese Vintage Carpet?<\/strong><\/p>\n<p><span style=\"font-weight: 400;\">Ob\u021bii un tablou cu dimensiunile de 50 x 70 cm, cu detalii impresionante ale unui covor persan lucrat cu m\u0103iestrie.<\/span><\/p>\n<p><span style=\"font-weight: 400;\">Este produs din carton de calitate superioar\u0103 care \u00eei confer\u0103 rezisten\u021b\u0103 \u00een timp.<\/span><\/p>\n<p><span style=\"font-weight: 400;\">Finisajele semi-lucioase \u0219i culorile vii scot \u00een eviden\u021b\u0103 frumuse\u021bea imaginii.<\/span><\/p>\n<p><span style=\"font-weight: 400;\">Materialele din care este fabricat protejeaz\u0103 natura, fiind un produs sustenabil, reciclabil.<\/span><\/p>\n<p><span style=\"font-weight: 400;\">Este potrivit pentru persoanele cu v\u00e2rsta peste 14 ani, prilej de a-l asambla \u00eempreun\u0103 cu copiii adolescent \u0219i de a petrece timpul liber \u00eempreun\u0103 cu ace\u0219tia.<\/span><\/p>\n<p><span style=\"font-weight: 400;\">Jocurile puzzle sunt un bun prilej pentru a-\u021bi dezvolta diverse abilit\u0103\u021bi:<\/span><\/p>\n<ul>\n<li><span style=\"font-weight: 400;\">Capacitatea de concentrare<\/span><\/li>\n<li><span style=\"font-weight: 400;\">Perseveren\u021ba<\/span><\/li>\n<li><span style=\"font-weight: 400;\">G\u00e2ndirea logic\u0103\u00a0<\/span><\/li>\n<li><span style=\"font-weight: 400;\">Memoria\u00a0<\/span><\/li>\n<li><span style=\"font-weight: 400;\">\u00cendem\u00e2narea<\/span><\/li>\n<li><span style=\"font-weight: 400;\">Motricitatea fin\u0103.<\/span><\/li>\n<\/ul>\n<p><strong>\u0218tiai c\u0103\u2026?<\/strong><\/p>\n<p><span style=\"font-weight: 400;\">Covorul persan dateaz\u0103 din epoca bronzului \u0219i sunt parte a culturii Iranului.<\/span><\/p>\n<p><span style=\"font-weight: 400;\">Cel mai vechi covor din lume care a supravie\u021buit p\u00e2n\u0103 \u00een zilele noastre dateaz\u0103 din secolul V \u00ee.Hr. \u0219i a fost descoperit \u00een 1940, \u00een sudul Siberiei.<\/span><\/p>\n<p><span style=\"font-weight: 400;\">Unul dintre cele mai scumpe covoare din lume s-a v\u00e2ndut \u00een 2008 cu 4,5 milioane de dolari. Este un covor de m\u0103tase <\/span><span style=\"font-weight: 400;\">Isfahan care dateaz\u0103 din 1600.<\/span><\/p>\n<p><span style=\"font-weight: 400;\">Cel mai lung covor din lume ocup\u0103 o suprafa\u021b\u0103 incredibil\u0103 de 4.625 metri p\u0103tra\u021bi. Este vorba de covorul Qasr al-Alam, produs \u00een Iran tot din Iran, \u00een 2007. Au lucrat la el 1200 de femei, timp de 16 luni.\u00a0<\/span><\/p>\n<p><strong>Puzzle 1000 piese Vintage Carpet &#8211; momente de introspec\u021bie \u0219i relaxare<\/strong><\/p>\n<p><span style=\"font-weight: 400;\">Cau\u021bi momente de lini\u0219te \u0219i relaxare care s\u0103 te deconecteze de la ritmul agitat \u00een care tr\u0103ie\u0219ti? Puzzle 1000 piese Vintage Carpet \u00ee\u021bi antreneaz\u0103 mintea \u0219i \u00ee\u021bi canalizeaz\u0103 g\u00e2ndurile spre crea\u021bie. Exact ca o medita\u021bie profund\u0103.<\/span><\/p>\n<p><span style=\"font-weight: 400;\">Te concentrezi intens \u0219i intri \u00eentr-o stare de relaxare profund\u0103. Miile de g\u00e2nduri care \u00ee\u021bi obosesc mintea dispar \u0219i toat\u0103 aten\u021bia ta este canalizat\u0103 pe o singur\u0103 sarcin\u0103, aceea de a pune cele 1000 piese \u00een ordinea corect\u0103. C\u00e2nd lipe\u0219ti ultima pies\u0103, senza\u021bia unic\u0103 de satisfac\u021bie ce te \u00eenv\u0103luie este de nepre\u021buit. Prin for\u021bele proprii, ai creat un tablou fascinant.<\/span><\/p>\n<p><span style=\"font-weight: 400;\">Po\u021bi p\u0103stra puzzle 1000 piese Vintage Carpet \u00een cas\u0103 pentru a-l reface ori de c\u00e2te ori vrei s\u0103 retr\u0103ie\u0219ti aceast\u0103 stare de relaxare deplin\u0103 sau \u00eel po\u021bi \u00eenr\u0103ma \u0219i \u00eencerca ulterior \u0219i alte modele uimitoare din colec\u021bia puzzle vintage.<\/span><\/p>\n<p><span style=\"font-weight: 400;\">Puzzle 1000 piese poate fi \u0219i un cadou inedit dac\u0103 vrei s\u0103 surprinzi pl\u0103cut un prieten meticulos,\u00a0 pasionat de jocuri puzzle.<\/span><\/p>\n<p>\u00a0<\/p>\n","protected":false},"excerpt":{"rendered":"<p>E\u0219ti gata de marea provocarea a jocurilor puzzle? Arat\u0103-\u021bi toat\u0103 m\u0103iestria \u0219i aten\u021bia la detalii \u0219i \u021bese din 1000 de<\/p>\n","protected":false},"featured_media":10713,"template":"","meta":[],"product_brand":[],"product_cat":[1454,1488,1560],"product_tag":[],"class_list":{"0":"post-20045","1":"product","2":"type-product","3":"status-publish","4":"has-post-thumbnail","6":"product_cat-puzzle","7":"product_cat-puzzle-adulti","8":"product_cat-puzzle-adulti-1000","9":"pa_brand-d_toys","10":"pa_country_of_manufacture-ro","11":"pa_filter_age-1315","12":"pa_painter-vintage","13":"pa_tip_ambalaj-cutie","14":"pa_tip_puzzle-clasic","16":"first","17":"instock","18":"taxable","19":"shipping-taxable","20":"product-type-simple"},"yoast_head":"<!-- This site is optimized with the Yoast SEO plugin v20.1 - https:\/\/yoast.com\/wordpress\/plugins\/seo\/ -->\n<title>Puzzle adul\u021bi 1000 piese Vintage Carpet<\/title>\n<meta name=\"description\" content=\"Puzzle adul\u021bi 1000 piese Vintage Carpet\" \/>\n<meta name=\"robots\" content=\"index, follow, max-snippet:-1, max-image-preview:large, max-video-preview:-1\" \/>\n<link rel=\"canonical\" href=\"https:\/\/www.roovi.ro\/puzzle-adulti-1000-piese-vintage-carpet\/p\/\" \/>\n<meta property=\"og:locale\" content=\"ro_RO\" \/>\n<meta property=\"og:type\" content=\"article\" \/>\n<meta property=\"og:title\" content=\"Puzzle adul\u021bi 1000 piese Vintage Carpet\" \/>\n<meta property=\"og:description\" content=\"Puzzle adul\u021bi 1000 piese Vintage Carpet\" \/>\n<meta property=\"og:url\" content=\"https:\/\/www.roovi.ro\/puzzle-adulti-1000-piese-vintage-carpet\/p\/\" \/>\n<meta property=\"og:site_name\" content=\"Roovi B2B\" \/>\n<meta property=\"article:publisher\" content=\"https:\/\/www.facebook.com\/wwwjucariero\" \/>\n<meta property=\"article:modified_time\" content=\"2023-03-20T21:28:04+00:00\" \/>\n<meta property=\"og:image\" content=\"https:\/\/business.roovi.com\/wp-content\/uploads\/2021\/12\/76908-01_ansamblu_dimensiuni_cutie_cm_orizontal_1200x1200.png\" \/>\n\t<meta property=\"og:image:width\" content=\"1200\" \/>\n\t<meta property=\"og:image:height\" content=\"1200\" \/>\n\t<meta property=\"og:image:type\" content=\"image\/png\" \/>\n<meta name=\"twitter:label1\" content=\"Timp estimat pentru citire\" \/>\n\t<meta name=\"twitter:data1\" content=\"3 minute\" \/>\n<script type=\"application\/ld+json\" class=\"yoast-schema-graph\">{\"@context\":\"https:\/\/schema.org\",\"@graph\":[{\"@type\":\"WebPage\",\"@id\":\"https:\/\/business.roovi.com\/ro\/puzzle-adulti-1000-piese-vintage-carpet\/p\/\",\"url\":\"https:\/\/www.roovi.ro\/puzzle-adulti-1000-piese-vintage-carpet\/p\/\",\"name\":\"Puzzle adul\u021bi 1000 piese Vintage Carpet\",\"isPartOf\":{\"@id\":\"https:\/\/business.roovi.com\/ro\/#website\"},\"datePublished\":\"2021-12-14T14:48:20+00:00\",\"dateModified\":\"2023-03-20T21:28:04+00:00\",\"description\":\"Puzzle adul\u021bi 1000 piese Vintage Carpet\",\"breadcrumb\":{\"@id\":\"https:\/\/www.roovi.ro\/puzzle-adulti-1000-piese-vintage-carpet\/p\/#breadcrumb\"},\"inLanguage\":\"ro-RO\",\"potentialAction\":[{\"@type\":\"ReadAction\",\"target\":[\"https:\/\/www.roovi.ro\/puzzle-adulti-1000-piese-vintage-carpet\/p\/\"]}]},{\"@type\":\"BreadcrumbList\",\"@id\":\"https:\/\/www.roovi.ro\/puzzle-adulti-1000-piese-vintage-carpet\/p\/#breadcrumb\",\"itemListElement\":[{\"@type\":\"ListItem\",\"position\":1,\"name\":\"Home\",\"item\":\"https:\/\/business.roovi.com\/ro\/\"},{\"@type\":\"ListItem\",\"position\":2,\"name\":\"Magazin\",\"item\":\"https:\/\/business.roovi.com\/ro\/magazin\/\"},{\"@type\":\"ListItem\",\"position\":3,\"name\":\"Puzzle adul\u021bi 1000 piese Vintage Carpet\"}]},{\"@type\":\"WebSite\",\"@id\":\"https:\/\/business.roovi.com\/ro\/#website\",\"url\":\"https:\/\/business.roovi.com\/ro\/\",\"name\":\"Roovi B2B\",\"description\":\"Roovi Business Website\",\"potentialAction\":[{\"@type\":\"SearchAction\",\"target\":{\"@type\":\"EntryPoint\",\"urlTemplate\":\"https:\/\/business.roovi.com\/ro\/?s={search_term_string}\"},\"query-input\":\"required name=search_term_string\"}],\"inLanguage\":\"ro-RO\"}]}<\/script>\n<!-- \/ Yoast SEO plugin. -->","yoast_head_json":{"title":"Puzzle adul\u021bi 1000 piese Vintage Carpet","description":"Puzzle adul\u021bi 1000 piese Vintage Carpet","robots":{"index":"index","follow":"follow","max-snippet":"max-snippet:-1","max-image-preview":"max-image-preview:large","max-video-preview":"max-video-preview:-1"},"canonical":"https:\/\/www.roovi.ro\/puzzle-adulti-1000-piese-vintage-carpet\/p\/","og_locale":"ro_RO","og_type":"article","og_title":"Puzzle adul\u021bi 1000 piese Vintage Carpet","og_description":"Puzzle adul\u021bi 1000 piese Vintage Carpet","og_url":"https:\/\/www.roovi.ro\/puzzle-adulti-1000-piese-vintage-carpet\/p\/","og_site_name":"Roovi B2B","article_publisher":"https:\/\/www.facebook.com\/wwwjucariero","article_modified_time":"2023-03-20T21:28:04+00:00","og_image":[{"width":1200,"height":1200,"url":"https:\/\/business.roovi.com\/wp-content\/uploads\/2021\/12\/76908-01_ansamblu_dimensiuni_cutie_cm_orizontal_1200x1200.png","type":"image\/png"}],"twitter_misc":{"Timp estimat pentru citire":"3 minute"},"schema":{"@context":"https:\/\/schema.org","@graph":[{"@type":"WebPage","@id":"https:\/\/business.roovi.com\/ro\/puzzle-adulti-1000-piese-vintage-carpet\/p\/","url":"https:\/\/www.roovi.ro\/puzzle-adulti-1000-piese-vintage-carpet\/p\/","name":"Puzzle adul\u021bi 1000 piese Vintage Carpet","isPartOf":{"@id":"https:\/\/business.roovi.com\/ro\/#website"},"datePublished":"2021-12-14T14:48:20+00:00","dateModified":"2023-03-20T21:28:04+00:00","description":"Puzzle adul\u021bi 1000 piese Vintage Carpet","breadcrumb":{"@id":"https:\/\/www.roovi.ro\/puzzle-adulti-1000-piese-vintage-carpet\/p\/#breadcrumb"},"inLanguage":"ro-RO","potentialAction":[{"@type":"ReadAction","target":["https:\/\/www.roovi.ro\/puzzle-adulti-1000-piese-vintage-carpet\/p\/"]}]},{"@type":"BreadcrumbList","@id":"https:\/\/www.roovi.ro\/puzzle-adulti-1000-piese-vintage-carpet\/p\/#breadcrumb","itemListElement":[{"@type":"ListItem","position":1,"name":"Home","item":"https:\/\/business.roovi.com\/ro\/"},{"@type":"ListItem","position":2,"name":"Magazin","item":"https:\/\/business.roovi.com\/ro\/magazin\/"},{"@type":"ListItem","position":3,"name":"Puzzle adul\u021bi 1000 piese Vintage Carpet"}]},{"@type":"WebSite","@id":"https:\/\/business.roovi.com\/ro\/#website","url":"https:\/\/business.roovi.com\/ro\/","name":"Roovi B2B","description":"Roovi Business Website","potentialAction":[{"@type":"SearchAction","target":{"@type":"EntryPoint","urlTemplate":"https:\/\/business.roovi.com\/ro\/?s={search_term_string}"},"query-input":"required name=search_term_string"}],"inLanguage":"ro-RO"}]}},"_links":{"self":[{"href":"https:\/\/business.roovi.com\/ro\/wp-json\/wp\/v2\/product\/20045","targetHints":{"allow":["GET"]}}],"collection":[{"href":"https:\/\/business.roovi.com\/ro\/wp-json\/wp\/v2\/product"}],"about":[{"href":"https:\/\/business.roovi.com\/ro\/wp-json\/wp\/v2\/types\/product"}],"version-history":[{"count":0,"href":"https:\/\/business.roovi.com\/ro\/wp-json\/wp\/v2\/product\/20045\/revisions"}],"wp:featuredmedia":[{"embeddable":true,"href":"https:\/\/business.roovi.com\/ro\/wp-json\/wp\/v2\/media\/10713"}],"wp:attachment":[{"href":"https:\/\/business.roovi.com\/ro\/wp-json\/wp\/v2\/media?parent=20045"}],"wp:term":[{"taxonomy":"product_brand","embeddable":true,"href":"https:\/\/business.roovi.com\/ro\/wp-json\/wp\/v2\/product_brand?post=20045"},{"taxonomy":"product_cat","embeddable":true,"href":"https:\/\/business.roovi.com\/ro\/wp-json\/wp\/v2\/product_cat?post=20045"},{"taxonomy":"product_tag","embeddable":true,"href":"https:\/\/business.roovi.com\/ro\/wp-json\/wp\/v2\/product_tag?post=20045"}],"curies":[{"name":"wp","href":"https:\/\/api.w.org\/{rel}","templated":true}]}}