{"id":20049,"date":"2021-12-16T15:04:35","date_gmt":"2021-12-16T15:04:35","guid":{"rendered":"https:\/\/business.roovi.com\/product\/robo-elul-salty\/"},"modified":"2025-03-13T08:40:26","modified_gmt":"2025-03-13T08:40:26","slug":"robotelul-salty","status":"publish","type":"product","link":"https:\/\/business.roovi.com\/ro\/robotelul-salty\/p\/","title":{"rendered":"Robo\u021belul Salty"},"content":{"rendered":"<h3>Ai acas\u0103 un mic explorator pasionat de robotic\u0103? Ofer\u0103-i Robo\u021belul Salty \u0219i prive\u0219te-l cum descoper\u0103 cu fascina\u021bie lumea \u0219tiin\u021bei.<\/h3>\n<p>Asambleaz\u0103 Robo\u021belul Salty \u0219i pune-l \u00een mi\u0219care cu ajutorul c\u00e2torva pic\u0103turi cu ap\u0103 s\u0103rat\u0103. E uimitor cum apa se transform\u0103 \u00een electricitate \u0219i cum simpaticul Salty se deplaseaz\u0103 singur, f\u0103r\u0103 baterii.<\/p>\n<p>\u00cen cutia lui Salty g\u0103se\u0219ti toate elementele pentru a-l crea \u0219i a tr\u0103i o experien\u021b\u0103 \u0219tiin\u021bific\u0103 memorabil\u0103:<\/p>\n<ul>\n<li>Motora\u0219 cu dou\u0103 contactoare<\/li>\n<li>Ax cu roat\u0103 din\u021bat\u0103 \u0219i ro\u021bi<\/li>\n<li>Catod de aer<\/li>\n<li>Pl\u0103cu\u021b\u0103 din Magneziu<\/li>\n<li>Pipet\u0103 din plastic<\/li>\n<li>\u0218uruburi<\/li>\n<li>Instruc\u021biuni de utilizare.<\/li>\n<\/ul>\n<p>Pune-\u021bi creativitatea la treab\u0103, asambleaz\u0103-l pe Salty \u0219i descoper\u0103 cum func\u021bioneaz\u0103 cu doar c\u00e2teva pic\u0103turi de ap\u0103 s\u0103rat\u0103!<\/p>\n<h2>\u0218tiai c\u0103 Robo\u021belul Salty\u2026<\/h2>\n<ul>\n<li>Stimuleaz\u0103 dezvoltarea g\u00e2ndirii logice \u0219i a inteligen\u021bei.<\/li>\n<li>Este un bun exerci\u021biu de concentrare \u0219i aten\u021bie la detalii.<\/li>\n<li>Poate fi o modalitatea interactiv\u0103 pentru ca cei mici s\u0103 \u00een\u021beleag\u0103 principiile fizicii.<\/li>\n<li>Face \u0219tiin\u021ba accesibil\u0103 \u0219i pe placul copiilor.<\/li>\n<li>Este un bun prilej pentru ca p\u0103rin\u021bii s\u0103 petreac\u0103 timp de calitate cu copiii \u0219i s\u0103-i ajute s\u0103 \u00eenve\u021be prin joac\u0103 no\u021biuni interesante despre \u0219tiin\u021b\u0103.<\/li>\n<\/ul>\n<p>Robo\u021belul Salty este potrivit copiilor cu v\u00e2rsta peste 8 ani. Poate fi cadoul perfect pentru orice pu\u0219ti pasionat de lumea \u0219tiin\u021bei.<\/p>\n","protected":false},"excerpt":{"rendered":"<p>Ai acas\u0103 un mic explorator pasionat de robotic\u0103? Ofer\u0103-i Robo\u021belul Salty \u0219i prive\u0219te-l cum descoper\u0103 cu fascina\u021bie lumea \u0219tiin\u021bei. Asambleaz\u0103<\/p>\n","protected":false},"featured_media":71874,"template":"","meta":[],"product_brand":[],"product_cat":[1474,1481,1471,1509],"product_tag":[],"class_list":{"0":"post-20049","1":"product","2":"type-product","3":"status-publish","4":"has-post-thumbnail","6":"product_cat-jocuri-creative","7":"product_cat-jocuri-de-indemanare","8":"product_cat-jocuri-educative-si-stiintifice","9":"product_cat-jocuri-stiintifice","10":"pa_brand-d_toys","11":"pa_country_of_manufacture-ro","12":"pa_filter_age-7_9","13":"pa_filter_age-9_14","14":"pa_tip_ambalaj-cutie","16":"first","17":"instock","18":"taxable","19":"shipping-taxable","20":"product-type-simple"},"yoast_head":"<!-- This site is optimized with the Yoast SEO plugin v20.1 - https:\/\/yoast.com\/wordpress\/plugins\/seo\/ -->\n<title>Robo\u021belul Salty<\/title>\n<meta name=\"description\" content=\"Robo\u021belul Salty\" \/>\n<meta name=\"robots\" content=\"index, follow, max-snippet:-1, max-image-preview:large, max-video-preview:-1\" \/>\n<link rel=\"canonical\" href=\"https:\/\/www.roovi.ro\/robotelul-salty\/p\/\" \/>\n<meta property=\"og:locale\" content=\"ro_RO\" \/>\n<meta property=\"og:type\" content=\"article\" \/>\n<meta property=\"og:title\" content=\"Robo\u021belul Salty\" \/>\n<meta property=\"og:description\" content=\"Robo\u021belul Salty\" \/>\n<meta property=\"og:url\" content=\"https:\/\/www.roovi.ro\/robotelul-salty\/p\/\" \/>\n<meta property=\"og:site_name\" content=\"Roovi B2B\" \/>\n<meta property=\"article:publisher\" content=\"https:\/\/www.facebook.com\/wwwjucariero\" \/>\n<meta property=\"article:modified_time\" content=\"2025-03-13T08:40:26+00:00\" \/>\n<meta property=\"og:image\" content=\"https:\/\/business.roovi.com\/wp-content\/uploads\/2021\/12\/ROBOTELUL-SALTY_75444_FATA.jpg\" \/>\n\t<meta property=\"og:image:width\" content=\"1200\" \/>\n\t<meta property=\"og:image:height\" content=\"1200\" \/>\n\t<meta property=\"og:image:type\" content=\"image\/jpeg\" \/>\n<meta name=\"twitter:label1\" content=\"Timp estimat pentru citire\" \/>\n\t<meta name=\"twitter:data1\" content=\"1 minut\" \/>\n<script type=\"application\/ld+json\" class=\"yoast-schema-graph\">{\"@context\":\"https:\/\/schema.org\",\"@graph\":[{\"@type\":\"WebPage\",\"@id\":\"https:\/\/business.roovi.com\/ro\/robotelul-salty\/p\/\",\"url\":\"https:\/\/www.roovi.ro\/robotelul-salty\/p\/\",\"name\":\"Robo\u021belul Salty\",\"isPartOf\":{\"@id\":\"https:\/\/business.roovi.com\/ro\/#website\"},\"datePublished\":\"2021-12-16T15:04:35+00:00\",\"dateModified\":\"2025-03-13T08:40:26+00:00\",\"description\":\"Robo\u021belul Salty\",\"breadcrumb\":{\"@id\":\"https:\/\/www.roovi.ro\/robotelul-salty\/p\/#breadcrumb\"},\"inLanguage\":\"ro-RO\",\"potentialAction\":[{\"@type\":\"ReadAction\",\"target\":[\"https:\/\/www.roovi.ro\/robotelul-salty\/p\/\"]}]},{\"@type\":\"BreadcrumbList\",\"@id\":\"https:\/\/www.roovi.ro\/robotelul-salty\/p\/#breadcrumb\",\"itemListElement\":[{\"@type\":\"ListItem\",\"position\":1,\"name\":\"Home\",\"item\":\"https:\/\/business.roovi.com\/ro\/\"},{\"@type\":\"ListItem\",\"position\":2,\"name\":\"Magazin\",\"item\":\"https:\/\/business.roovi.com\/ro\/magazin\/\"},{\"@type\":\"ListItem\",\"position\":3,\"name\":\"Robo\u021belul Salty\"}]},{\"@type\":\"WebSite\",\"@id\":\"https:\/\/business.roovi.com\/ro\/#website\",\"url\":\"https:\/\/business.roovi.com\/ro\/\",\"name\":\"Roovi B2B\",\"description\":\"Roovi Business Website\",\"potentialAction\":[{\"@type\":\"SearchAction\",\"target\":{\"@type\":\"EntryPoint\",\"urlTemplate\":\"https:\/\/business.roovi.com\/ro\/?s={search_term_string}\"},\"query-input\":\"required name=search_term_string\"}],\"inLanguage\":\"ro-RO\"}]}<\/script>\n<!-- \/ Yoast SEO plugin. -->","yoast_head_json":{"title":"Robo\u021belul Salty","description":"Robo\u021belul Salty","robots":{"index":"index","follow":"follow","max-snippet":"max-snippet:-1","max-image-preview":"max-image-preview:large","max-video-preview":"max-video-preview:-1"},"canonical":"https:\/\/www.roovi.ro\/robotelul-salty\/p\/","og_locale":"ro_RO","og_type":"article","og_title":"Robo\u021belul Salty","og_description":"Robo\u021belul Salty","og_url":"https:\/\/www.roovi.ro\/robotelul-salty\/p\/","og_site_name":"Roovi B2B","article_publisher":"https:\/\/www.facebook.com\/wwwjucariero","article_modified_time":"2025-03-13T08:40:26+00:00","og_image":[{"width":1200,"height":1200,"url":"https:\/\/business.roovi.com\/wp-content\/uploads\/2021\/12\/ROBOTELUL-SALTY_75444_FATA.jpg","type":"image\/jpeg"}],"twitter_misc":{"Timp estimat pentru citire":"1 minut"},"schema":{"@context":"https:\/\/schema.org","@graph":[{"@type":"WebPage","@id":"https:\/\/business.roovi.com\/ro\/robotelul-salty\/p\/","url":"https:\/\/www.roovi.ro\/robotelul-salty\/p\/","name":"Robo\u021belul Salty","isPartOf":{"@id":"https:\/\/business.roovi.com\/ro\/#website"},"datePublished":"2021-12-16T15:04:35+00:00","dateModified":"2025-03-13T08:40:26+00:00","description":"Robo\u021belul Salty","breadcrumb":{"@id":"https:\/\/www.roovi.ro\/robotelul-salty\/p\/#breadcrumb"},"inLanguage":"ro-RO","potentialAction":[{"@type":"ReadAction","target":["https:\/\/www.roovi.ro\/robotelul-salty\/p\/"]}]},{"@type":"BreadcrumbList","@id":"https:\/\/www.roovi.ro\/robotelul-salty\/p\/#breadcrumb","itemListElement":[{"@type":"ListItem","position":1,"name":"Home","item":"https:\/\/business.roovi.com\/ro\/"},{"@type":"ListItem","position":2,"name":"Magazin","item":"https:\/\/business.roovi.com\/ro\/magazin\/"},{"@type":"ListItem","position":3,"name":"Robo\u021belul Salty"}]},{"@type":"WebSite","@id":"https:\/\/business.roovi.com\/ro\/#website","url":"https:\/\/business.roovi.com\/ro\/","name":"Roovi B2B","description":"Roovi Business Website","potentialAction":[{"@type":"SearchAction","target":{"@type":"EntryPoint","urlTemplate":"https:\/\/business.roovi.com\/ro\/?s={search_term_string}"},"query-input":"required name=search_term_string"}],"inLanguage":"ro-RO"}]}},"_links":{"self":[{"href":"https:\/\/business.roovi.com\/ro\/wp-json\/wp\/v2\/product\/20049","targetHints":{"allow":["GET"]}}],"collection":[{"href":"https:\/\/business.roovi.com\/ro\/wp-json\/wp\/v2\/product"}],"about":[{"href":"https:\/\/business.roovi.com\/ro\/wp-json\/wp\/v2\/types\/product"}],"version-history":[{"count":0,"href":"https:\/\/business.roovi.com\/ro\/wp-json\/wp\/v2\/product\/20049\/revisions"}],"wp:featuredmedia":[{"embeddable":true,"href":"https:\/\/business.roovi.com\/ro\/wp-json\/wp\/v2\/media\/71874"}],"wp:attachment":[{"href":"https:\/\/business.roovi.com\/ro\/wp-json\/wp\/v2\/media?parent=20049"}],"wp:term":[{"taxonomy":"product_brand","embeddable":true,"href":"https:\/\/business.roovi.com\/ro\/wp-json\/wp\/v2\/product_brand?post=20049"},{"taxonomy":"product_cat","embeddable":true,"href":"https:\/\/business.roovi.com\/ro\/wp-json\/wp\/v2\/product_cat?post=20049"},{"taxonomy":"product_tag","embeddable":true,"href":"https:\/\/business.roovi.com\/ro\/wp-json\/wp\/v2\/product_tag?post=20049"}],"curies":[{"name":"wp","href":"https:\/\/api.w.org\/{rel}","templated":true}]}}