{"id":20056,"date":"2021-12-17T11:31:58","date_gmt":"2021-12-17T11:31:58","guid":{"rendered":"https:\/\/business.roovi.com\/product\/colec-ie-65-jocuri-basme\/"},"modified":"2022-08-15T12:03:05","modified_gmt":"2022-08-15T12:03:05","slug":"colectie-65-jocuri-pentru-copii","status":"publish","type":"product","link":"https:\/\/business.roovi.com\/ro\/colectie-65-jocuri-pentru-copii\/p\/","title":{"rendered":"Colec\u021bie 65 Jocuri pentru copii"},"content":{"rendered":"<p><strong><em>Vrei s\u0103-l \u021bii pe pu\u0219tiul t\u0103u c\u00e2t mai mult timp departe de ecrane? Descoper\u0103 Colec\u021bia 65 de jocuri de societate pentru copii \u0219i ofer\u0103-i \u0219ansa s\u0103 exploreze lumea al\u0103turi de personaje \u00eendr\u0103gite din basmele clasice.<\/em><\/strong><\/p>\n<p><span style=\"font-weight: 400;\">Joac\u0103 Oh, Pardon! Cu Motanul \u00eenc\u0103l\u021bat, str\u0103bate \u00een siguran\u021b\u0103 Labirintul cu Scufi\u021ba Ro\u0219ie sau g\u0103se\u0219te drumul spre cas\u0103 merg\u00e2nd pe C\u0103rarea pierdut\u0103 cu Hansel \u0219i Gretel. Colec\u021bia 65 de jocuri de societate pentru copii este ocazia unic\u0103 s\u0103 descoperi pove\u0219ti nemuritoare \u00eentr-un mod interactiv, \u00eempreun\u0103 cu familia sau cu cei mai buni prieteni.<\/span><\/p>\n<p><span style=\"font-weight: 400;\">Fii preg\u0103tit pentru o distrac\u021bie memorabil\u0103! La petrecerea de ziua ta de na\u0219tere sau \u00een zilele monotone \u00een care vremea rea te \u021bine \u00een cas\u0103, ai acum 65 de posibilit\u0103\u021bi de explorare sub forma unor jocuri de societate dinamice \u0219i amuzante.\u00a0<\/span><\/p>\n<p><span style=\"font-weight: 400;\">Imposibil s\u0103 te plictise\u0219ti al\u0103turi de personajele de poveste care prind via\u021b\u0103 \u0219i \u00ee\u021bi stau al\u0103turi \u00een competi\u021bii fabuloase din care ie\u0219i \u00eenving\u0103tor c\u00e2nd aplici strategia potrivit\u0103. O colec\u021bie inedit\u0103 cu o mul\u021bime de jocuri fascinante ce destind atmosfera \u0219i creeaz\u0103 conexiuni puternice \u00eentre participan\u021bi.<\/span><\/p>\n<p><strong>De ce s\u0103 alegi Colec\u021bie 65 Jocuri pentru copii?<\/strong><\/p>\n<p><span style=\"font-weight: 400;\">Este un set complex ce ofer\u0103 o multitudine de variante de joc care \u00eei vor \u021bine ocupa\u021bi pe cei mici pentru mult timp.<\/span><\/p>\n<p><span style=\"font-weight: 400;\">Con\u021bine 4 table cu c\u00e2te dou\u0103 fe\u021be, create din carton gros, foarte rezistent \u00een timp, pentru multe ore de distrac\u021bie veritabil\u0103.<\/span><\/p>\n<p><span style=\"font-weight: 400;\">Jocurile de societate stimuleaz\u0103 dezvoltarea limbajului, aten\u021bia la detalii \u0219i capacitatea de concentrare a copiilor.<\/span><\/p>\n<p><span style=\"font-weight: 400;\">Poate fi o modalitate distractiv\u0103 pentru a redescoperi lumea pove\u0219tilor sau pentru a se familiariza cu acestea.<\/span><\/p>\n<p><span style=\"font-weight: 400;\">\u00cen fiecare joc, copilul \u00eencearc\u0103 s\u0103 ias\u0103 pe primul loc \u0219i astfel \u00ee\u0219i dezvolt\u0103 spiritul de competi\u021bie.<\/span><\/p>\n<p><span style=\"font-weight: 400;\">Este o surs\u0103 inepuizabil\u0103 de veselie \u0219i voie bun\u0103.<\/span><\/p>\n<p><span style=\"font-weight: 400;\">Este o alternativ\u0103 s\u0103n\u0103toas\u0103 la jocurile de calculator care \u00eei obosesc \u0219i \u00eei fac pe cei mici irascibili.<\/span><\/p>\n<p><span style=\"font-weight: 400;\">Toate aceste jocuri de societate \u00eei stimuleaz\u0103 pe cei mici s\u0103 lucreze \u00een echip\u0103 \u0219i s\u0103 se bucure de gustul victoriei \u00eempreun\u0103 cu partenerii de joc.\u00a0<\/span><\/p>\n<p><strong>Despre jocurile de societate pentru copii \u0219tiai c\u0103\u2026<\/strong><\/p>\n<ul>\n<li><span style=\"font-weight: 400;\">\u00cei ajut\u0103 pe copii s\u0103 \u00eenve\u021be s\u0103 respecte regulile \u0219i s\u0103 se adapteze la situa\u021bii noi.<\/span><\/li>\n<li><span style=\"font-weight: 400;\">Stimuleaz\u0103 stima de sine \u0219i \u00eei \u00eenva\u021b\u0103 pe copii c\u0103 este \u00een regul\u0103 dac\u0103 pierd pentru c\u0103 scopul jocului este s\u0103 se distreze \u0219i s\u0103 socializeze.<\/span><\/li>\n<li><span style=\"font-weight: 400;\">Dezvolt\u0103 g\u00e2ndirea logic\u0103 \u0219i capacitatea de a planifica \u0219i de a g\u00e2ndi strategii inovatoare pentru a fi cu un pas \u00eenaintea adversarilor.<\/span><\/li>\n<li><span style=\"font-weight: 400;\">\u00cei ajut\u0103 pe copii s\u0103 fie mai dezinvol\u021bi \u0219i s\u0103 vorbeasc\u0103 \u00een public.<\/span><\/li>\n<\/ul>\n<p><strong>D\u0103 startul distrac\u021biei \u0219i porne\u0219te \u00een aventuri fascinante cu personajele preferate!<\/strong><\/p>\n<p><span style=\"font-weight: 400;\">V\u00e2rsta recomandat\u0103: 4+<\/span><\/p>\n<p><span style=\"font-weight: 400;\">Joc pentru 2-4 juc\u0103tori.<\/span><\/p>\n<p><span style=\"font-weight: 400;\">Con\u021bine: 4 table de joc, 16 pioni, 1 zar, 8 piese p\u0103trate ro\u0219ii \u0219i 16 piese rotunde cu stea, instruc\u021biuni de joc.<\/span><\/p>\n<p><span style=\"font-weight: 400;\">Joc nerecomandat copiilor sub 3 ani.<\/span><\/p>\n","protected":false},"excerpt":{"rendered":"<p>Vrei s\u0103-l \u021bii pe pu\u0219tiul t\u0103u c\u00e2t mai mult timp departe de ecrane? Descoper\u0103 Colec\u021bia 65 de jocuri de societate<\/p>\n","protected":false},"featured_media":10756,"template":"","meta":[],"product_brand":[],"product_cat":[1513,1502,1467,1461],"product_tag":[],"class_list":{"0":"post-20056","1":"product","2":"type-product","3":"status-publish","4":"has-post-thumbnail","6":"product_cat-jocuri-clasice","7":"product_cat-jocuri-de-familie","8":"product_cat-jocuri-de-societate","9":"product_cat-jocuri-romanesti","10":"pa_brand-deico","11":"pa_country_of_manufacture-ro","12":"pa_filter_age-3_5","13":"pa_filter_age-5_7","14":"pa_filter_age-7_9","15":"pa_tip_ambalaj-cutie","17":"first","18":"instock","19":"taxable","20":"shipping-taxable","21":"product-type-simple"},"yoast_head":"<!-- This site is optimized with the Yoast SEO plugin v20.1 - https:\/\/yoast.com\/wordpress\/plugins\/seo\/ -->\n<title>Colec\u021bie 65 Jocuri Basme<\/title>\n<meta name=\"description\" content=\"Colec\u021bie 65 Jocuri Basme\" \/>\n<meta name=\"robots\" content=\"index, follow, max-snippet:-1, max-image-preview:large, max-video-preview:-1\" \/>\n<link rel=\"canonical\" href=\"https:\/\/www.roovi.ro\/colectie-65-jocuri-pentru-copii\/p\/\" \/>\n<meta property=\"og:locale\" content=\"ro_RO\" \/>\n<meta property=\"og:type\" content=\"article\" \/>\n<meta property=\"og:title\" content=\"Colec\u021bie 65 Jocuri Basme\" \/>\n<meta property=\"og:description\" content=\"Colec\u021bie 65 Jocuri Basme\" \/>\n<meta property=\"og:url\" content=\"https:\/\/www.roovi.ro\/colectie-65-jocuri-pentru-copii\/p\/\" \/>\n<meta property=\"og:site_name\" content=\"Roovi B2B\" \/>\n<meta property=\"article:publisher\" content=\"https:\/\/www.facebook.com\/wwwjucariero\" \/>\n<meta property=\"article:modified_time\" content=\"2022-08-15T12:03:05+00:00\" \/>\n<meta property=\"og:image\" content=\"https:\/\/business.roovi.com\/wp-content\/uploads\/2021\/12\/colectie_65_basme-65254.jpg\" \/>\n\t<meta property=\"og:image:width\" content=\"1000\" \/>\n\t<meta property=\"og:image:height\" content=\"1000\" \/>\n\t<meta property=\"og:image:type\" content=\"image\/jpeg\" \/>\n<meta name=\"twitter:label1\" content=\"Timp estimat pentru citire\" \/>\n\t<meta name=\"twitter:data1\" content=\"3 minute\" \/>\n<script type=\"application\/ld+json\" class=\"yoast-schema-graph\">{\"@context\":\"https:\/\/schema.org\",\"@graph\":[{\"@type\":\"WebPage\",\"@id\":\"https:\/\/business.roovi.com\/ro\/colectie-65-jocuri-pentru-copii\/p\/\",\"url\":\"https:\/\/www.roovi.ro\/colectie-65-jocuri-pentru-copii\/p\/\",\"name\":\"Colec\u021bie 65 Jocuri Basme\",\"isPartOf\":{\"@id\":\"https:\/\/business.roovi.com\/ro\/#website\"},\"datePublished\":\"2021-12-17T11:31:58+00:00\",\"dateModified\":\"2022-08-15T12:03:05+00:00\",\"description\":\"Colec\u021bie 65 Jocuri Basme\",\"breadcrumb\":{\"@id\":\"https:\/\/www.roovi.ro\/colectie-65-jocuri-pentru-copii\/p\/#breadcrumb\"},\"inLanguage\":\"ro-RO\",\"potentialAction\":[{\"@type\":\"ReadAction\",\"target\":[\"https:\/\/www.roovi.ro\/colectie-65-jocuri-pentru-copii\/p\/\"]}]},{\"@type\":\"BreadcrumbList\",\"@id\":\"https:\/\/www.roovi.ro\/colectie-65-jocuri-pentru-copii\/p\/#breadcrumb\",\"itemListElement\":[{\"@type\":\"ListItem\",\"position\":1,\"name\":\"Home\",\"item\":\"https:\/\/business.roovi.com\/ro\/\"},{\"@type\":\"ListItem\",\"position\":2,\"name\":\"Magazin\",\"item\":\"https:\/\/business.roovi.com\/ro\/magazin\/\"},{\"@type\":\"ListItem\",\"position\":3,\"name\":\"Colec\u021bie 65 Jocuri pentru copii\"}]},{\"@type\":\"WebSite\",\"@id\":\"https:\/\/business.roovi.com\/ro\/#website\",\"url\":\"https:\/\/business.roovi.com\/ro\/\",\"name\":\"Roovi B2B\",\"description\":\"Roovi Business Website\",\"potentialAction\":[{\"@type\":\"SearchAction\",\"target\":{\"@type\":\"EntryPoint\",\"urlTemplate\":\"https:\/\/business.roovi.com\/ro\/?s={search_term_string}\"},\"query-input\":\"required name=search_term_string\"}],\"inLanguage\":\"ro-RO\"}]}<\/script>\n<!-- \/ Yoast SEO plugin. -->","yoast_head_json":{"title":"Colec\u021bie 65 Jocuri Basme","description":"Colec\u021bie 65 Jocuri Basme","robots":{"index":"index","follow":"follow","max-snippet":"max-snippet:-1","max-image-preview":"max-image-preview:large","max-video-preview":"max-video-preview:-1"},"canonical":"https:\/\/www.roovi.ro\/colectie-65-jocuri-pentru-copii\/p\/","og_locale":"ro_RO","og_type":"article","og_title":"Colec\u021bie 65 Jocuri Basme","og_description":"Colec\u021bie 65 Jocuri Basme","og_url":"https:\/\/www.roovi.ro\/colectie-65-jocuri-pentru-copii\/p\/","og_site_name":"Roovi B2B","article_publisher":"https:\/\/www.facebook.com\/wwwjucariero","article_modified_time":"2022-08-15T12:03:05+00:00","og_image":[{"width":1000,"height":1000,"url":"https:\/\/business.roovi.com\/wp-content\/uploads\/2021\/12\/colectie_65_basme-65254.jpg","type":"image\/jpeg"}],"twitter_misc":{"Timp estimat pentru citire":"3 minute"},"schema":{"@context":"https:\/\/schema.org","@graph":[{"@type":"WebPage","@id":"https:\/\/business.roovi.com\/ro\/colectie-65-jocuri-pentru-copii\/p\/","url":"https:\/\/www.roovi.ro\/colectie-65-jocuri-pentru-copii\/p\/","name":"Colec\u021bie 65 Jocuri Basme","isPartOf":{"@id":"https:\/\/business.roovi.com\/ro\/#website"},"datePublished":"2021-12-17T11:31:58+00:00","dateModified":"2022-08-15T12:03:05+00:00","description":"Colec\u021bie 65 Jocuri Basme","breadcrumb":{"@id":"https:\/\/www.roovi.ro\/colectie-65-jocuri-pentru-copii\/p\/#breadcrumb"},"inLanguage":"ro-RO","potentialAction":[{"@type":"ReadAction","target":["https:\/\/www.roovi.ro\/colectie-65-jocuri-pentru-copii\/p\/"]}]},{"@type":"BreadcrumbList","@id":"https:\/\/www.roovi.ro\/colectie-65-jocuri-pentru-copii\/p\/#breadcrumb","itemListElement":[{"@type":"ListItem","position":1,"name":"Home","item":"https:\/\/business.roovi.com\/ro\/"},{"@type":"ListItem","position":2,"name":"Magazin","item":"https:\/\/business.roovi.com\/ro\/magazin\/"},{"@type":"ListItem","position":3,"name":"Colec\u021bie 65 Jocuri pentru copii"}]},{"@type":"WebSite","@id":"https:\/\/business.roovi.com\/ro\/#website","url":"https:\/\/business.roovi.com\/ro\/","name":"Roovi B2B","description":"Roovi Business Website","potentialAction":[{"@type":"SearchAction","target":{"@type":"EntryPoint","urlTemplate":"https:\/\/business.roovi.com\/ro\/?s={search_term_string}"},"query-input":"required name=search_term_string"}],"inLanguage":"ro-RO"}]}},"_links":{"self":[{"href":"https:\/\/business.roovi.com\/ro\/wp-json\/wp\/v2\/product\/20056","targetHints":{"allow":["GET"]}}],"collection":[{"href":"https:\/\/business.roovi.com\/ro\/wp-json\/wp\/v2\/product"}],"about":[{"href":"https:\/\/business.roovi.com\/ro\/wp-json\/wp\/v2\/types\/product"}],"version-history":[{"count":0,"href":"https:\/\/business.roovi.com\/ro\/wp-json\/wp\/v2\/product\/20056\/revisions"}],"wp:featuredmedia":[{"embeddable":true,"href":"https:\/\/business.roovi.com\/ro\/wp-json\/wp\/v2\/media\/10756"}],"wp:attachment":[{"href":"https:\/\/business.roovi.com\/ro\/wp-json\/wp\/v2\/media?parent=20056"}],"wp:term":[{"taxonomy":"product_brand","embeddable":true,"href":"https:\/\/business.roovi.com\/ro\/wp-json\/wp\/v2\/product_brand?post=20056"},{"taxonomy":"product_cat","embeddable":true,"href":"https:\/\/business.roovi.com\/ro\/wp-json\/wp\/v2\/product_cat?post=20056"},{"taxonomy":"product_tag","embeddable":true,"href":"https:\/\/business.roovi.com\/ro\/wp-json\/wp\/v2\/product_tag?post=20056"}],"curies":[{"name":"wp","href":"https:\/\/api.w.org\/{rel}","templated":true}]}}