{"id":20070,"date":"2022-01-13T13:47:00","date_gmt":"2022-01-13T13:47:00","guid":{"rendered":"https:\/\/business.roovi.com\/product\/puzzle-adul-i-1000-piese-gustav-klimt-portrait-of-fritza-riedler\/"},"modified":"2023-03-20T21:27:58","modified_gmt":"2023-03-20T21:27:58","slug":"puzzle-adulti-1000-piese-gustav-klimt-portrait-of-fritza-riedler","status":"publish","type":"product","link":"https:\/\/business.roovi.com\/ro\/puzzle-adulti-1000-piese-gustav-klimt-portrait-of-fritza-riedler\/p\/","title":{"rendered":"Puzzle adul\u021bi 1000 piese Gustav Klimt &#8211; Portrait of Fritza Riedler"},"content":{"rendered":"<p><span style=\"font-weight: 400;\">Te fascineaz\u0103 operele de art\u0103? Ce-ai zice s\u0103-\u021bi construie\u0219ti un tablou \u00een stil art nouveau din 1000 piese puzzle? Te deconecteaz\u0103 de la ecrane \u0219i \u00ee\u021bi d\u0103 sentimentul unic al crea\u021biei personale.<\/span><\/p>\n<p><span style=\"font-weight: 400;\">Gustav Klimt este unul dintre arti\u0219tii care au adus \u00een art\u0103 un stil proasp\u0103t \u0219i revigorant. \u0218ocant \u0219i fascinant deopotriv\u0103, a l\u0103sat \u00een urm\u0103 o colec\u021bie impresionant\u0103 ce \u00eenc\u00e2nt\u0103 \u0219i inspir\u0103 chiar \u0219i \u00een zilele noastre.<\/span><\/p>\n<p><span style=\"font-weight: 400;\">Puzzle 1000 piese portretul Fritzei Riedler red\u0103 tabloul omonim ce dateaz\u0103 de la \u00eenceputurile de crea\u021bie ale artistului. Fritza \u00eentruchipeaz\u0103 bog\u0103\u021bia \u0219i statutul \u00een dezvoltare al clasei de mijloc vieneze de la \u00eenceputul secolului XX.<\/span><\/p>\n<p><span style=\"font-weight: 400;\">Construie\u0219te mozaicul lui Klimt pies\u0103 cu pies\u0103, iar la final bucur\u0103-te de un un tablou de art\u0103 pre\u021bios, replic\u0103 des\u0103v\u00e2r\u0219it\u0103 a capodoperei originale. Utilizeaz\u0103 pentru suportul pieselor o m\u0103su\u021b\u0103 standard de cafea. Dimensiunile tabloului sunt de 50 x 70 cm.<\/span><\/p>\n<p><strong>De ce s\u0103 alegi puzzle 1000 piese Gustav Klimt &#8211; Portrait of <\/strong><strong>Fritza Riedler?<\/strong><\/p>\n<p><span style=\"font-weight: 400;\">Ob\u021bii o replic\u0103 aproape perfect\u0103 a tabloului original.<\/span><\/p>\n<p><span style=\"font-weight: 400;\">Piesele sunt realizate din carton de calitate superioara, cu grosime de 2 mm, care se \u00eembin\u0103 perfect \u0219i \u00eei asigur\u0103 rezisten\u021b\u0103 \u00een timp.<\/span><\/p>\n<p><span style=\"font-weight: 400;\">Este produs din materiale reciclabile \u0219i sustenabile.<\/span><\/p>\n<p><span style=\"font-weight: 400;\">Are finisaje semi-lucioase, \u00een culori pl\u0103cute care scot \u00een eviden\u021b\u0103 frumuse\u021bea tabloului.<\/span><\/p>\n<p><span style=\"font-weight: 400;\">Este potrivit de la 14 ani \u0219i poate fi ocazia perfect\u0103 pentru a-i introduce pe adolescen\u021bi \u00een universul artistic.<\/span><\/p>\n<p><span style=\"font-weight: 400;\">De asemenea, ai ocazia s\u0103 \u00ee\u021bi dezvol\u021bi diverse abilit\u0103\u021bi pe care le utilizezi \u00een activit\u0103\u021bile curente:<\/span><\/p>\n<ul>\n<li><span style=\"font-weight: 400;\">Aten\u021bia la detalii<\/span><\/li>\n<li><span style=\"font-weight: 400;\">\u00cendem\u00e2narea<\/span><\/li>\n<li><span style=\"font-weight: 400;\">Capacitatea de concentrare<\/span><\/li>\n<li><span style=\"font-weight: 400;\">Perseveren\u021ba<\/span><\/li>\n<li><span style=\"font-weight: 400;\">G\u00e2ndirea logic\u0103<\/span><\/li>\n<li><span style=\"font-weight: 400;\">Abilit\u0103\u021bile de rezolvare a problemelor.<\/span><\/li>\n<\/ul>\n<p><strong>\u0218tiai c\u0103\u2026?<\/strong><\/p>\n<p><span style=\"font-weight: 400;\">Gustav Klimt \u0219i-a \u00eenceput cariera ca design de interior.<\/span><\/p>\n<p><span style=\"font-weight: 400;\">Multe dintre lucr\u0103rile lui au fost considerate degenerate de c\u0103tre nazi\u0219ti \u0219i distruse de ace\u0219tia.<\/span><\/p>\n<p><span style=\"font-weight: 400;\">A fost contemporan cu Sigmund Freud \u0219i, la fel ca \u0219i acesta, a fost interesat studiul sexualit\u0103\u021bii, viselor \u0219i subcon\u0219tientul uman.<\/span><\/p>\n<p><span style=\"font-weight: 400;\">Pentru portretul\u00a0 Fritzei Riedler se pare c\u0103 pictorul s-a inspirat din studiul artei egiptene antice din muzeele vieneze.<\/span><\/p>\n<p><span style=\"font-weight: 400;\">Cel mai scump tablou al s\u0103u este <\/span><span style=\"font-weight: 400;\">Portretul Adelei Bloch-Bauer I. care s-a v\u00e2ndut \u00een 2006 cu suma record de 135 milioane $.<\/span><\/p>\n<p><strong>Puzzle 1000 piese Gustav Klimt &#8211; Portrait of <\/strong><strong>Fritza Riedler \u00ee\u021bi aduce\u2026 fericire<\/strong><\/p>\n<p><span style=\"font-weight: 400;\">Se pare c\u0103 \u00een timpul jocurilor puzzle creierul uman secret\u0103 mai mult\u0103 dopamin\u0103, un neurotransmi\u021b\u0103tor care asigur\u0103 starea de bine, optimism \u0219i fericire.\u00a0<\/span><\/p>\n<p><span style=\"font-weight: 400;\">Mai mult dec\u00e2t relaxare, po\u021bi experimenta cu puzzle 1000 piese Portretul Fritzei Riedler o stare de bucurie \u0219i satisfac\u021bie c\u0103 ai realizat o oper\u0103 m\u0103iastr\u0103 cu m\u00e2inile tale. Pune \u00een ram\u0103 capodopera \u0219i admir\u0103 \u00een tihn\u0103 un tablou de colec\u021bie.<\/span><\/p>\n<p><span style=\"font-weight: 400;\">Puzzle 1000 piese <\/span><span style=\"font-weight: 400;\">Gustav Klimt &#8211; Portrait of <\/span><span style=\"font-weight: 400;\">Fritza Riedler este un cadoul ideal pentru orice iubitor de art\u0103 \u0219i pentru pasiona\u021bii de jocuri puzzle. Nu ezita s\u0103 \u00eel oferi \u00een dar celor dragi. Le vei aduce multe z\u00e2mbete \u0219i bucurie.<\/span><\/p>\n<p>\u00a0<\/p>\n","protected":false},"excerpt":{"rendered":"<p>Te fascineaz\u0103 operele de art\u0103? Ce-ai zice s\u0103-\u021bi construie\u0219ti un tablou \u00een stil art nouveau din 1000 piese puzzle? Te<\/p>\n","protected":false},"featured_media":10816,"template":"","meta":[],"product_brand":[],"product_cat":[1454,1488,1560],"product_tag":[],"class_list":{"0":"post-20070","1":"product","2":"type-product","3":"status-publish","4":"has-post-thumbnail","6":"product_cat-puzzle","7":"product_cat-puzzle-adulti","8":"product_cat-puzzle-adulti-1000","9":"pa_bax-1273","10":"pa_brand-d_toys","11":"pa_country_of_manufacture-ro","12":"pa_filter_age-1315","13":"pa_painter-gustavklimt","14":"pa_tip_ambalaj-cutie","15":"pa_tip_puzzle-clasic","17":"first","18":"instock","19":"taxable","20":"shipping-taxable","21":"product-type-simple"},"yoast_head":"<!-- This site is optimized with the Yoast SEO plugin v20.1 - https:\/\/yoast.com\/wordpress\/plugins\/seo\/ -->\n<title>Puzzle adul\u021bi 1000 piese Gustav Klimt - Portrait of Fritza Riedler<\/title>\n<meta name=\"description\" content=\"Puzzle adul\u021bi 1000 piese Gustav Klimt - Portrait of Fritza Riedler\" \/>\n<meta name=\"robots\" content=\"index, follow, max-snippet:-1, max-image-preview:large, max-video-preview:-1\" \/>\n<link rel=\"canonical\" href=\"https:\/\/www.roovi.ro\/puzzle-adulti-1000-piese-gustav-klimt-portrait-of-fritza-riedler\/p\/\" \/>\n<meta property=\"og:locale\" content=\"ro_RO\" \/>\n<meta property=\"og:type\" content=\"article\" \/>\n<meta property=\"og:title\" content=\"Puzzle adul\u021bi 1000 piese Gustav Klimt - Portrait of Fritza Riedler\" \/>\n<meta property=\"og:description\" content=\"Puzzle adul\u021bi 1000 piese Gustav Klimt - Portrait of Fritza Riedler\" \/>\n<meta property=\"og:url\" content=\"https:\/\/www.roovi.ro\/puzzle-adulti-1000-piese-gustav-klimt-portrait-of-fritza-riedler\/p\/\" \/>\n<meta property=\"og:site_name\" content=\"Roovi B2B\" \/>\n<meta property=\"article:publisher\" content=\"https:\/\/www.facebook.com\/wwwjucariero\" \/>\n<meta property=\"article:modified_time\" content=\"2023-03-20T21:27:58+00:00\" \/>\n<meta property=\"og:image\" content=\"https:\/\/business.roovi.com\/wp-content\/uploads\/2022\/01\/p1000_art_klimt_66923kl13.png\" \/>\n\t<meta property=\"og:image:width\" content=\"1200\" \/>\n\t<meta property=\"og:image:height\" content=\"1200\" \/>\n\t<meta property=\"og:image:type\" content=\"image\/png\" \/>\n<meta name=\"twitter:label1\" content=\"Timp estimat pentru citire\" \/>\n\t<meta name=\"twitter:data1\" content=\"2 minute\" \/>\n<script type=\"application\/ld+json\" class=\"yoast-schema-graph\">{\"@context\":\"https:\/\/schema.org\",\"@graph\":[{\"@type\":\"WebPage\",\"@id\":\"https:\/\/business.roovi.com\/ro\/puzzle-adulti-1000-piese-gustav-klimt-portrait-of-fritza-riedler\/p\/\",\"url\":\"https:\/\/www.roovi.ro\/puzzle-adulti-1000-piese-gustav-klimt-portrait-of-fritza-riedler\/p\/\",\"name\":\"Puzzle adul\u021bi 1000 piese Gustav Klimt - Portrait of Fritza Riedler\",\"isPartOf\":{\"@id\":\"https:\/\/business.roovi.com\/ro\/#website\"},\"datePublished\":\"2022-01-13T13:47:00+00:00\",\"dateModified\":\"2023-03-20T21:27:58+00:00\",\"description\":\"Puzzle adul\u021bi 1000 piese Gustav Klimt - Portrait of Fritza Riedler\",\"breadcrumb\":{\"@id\":\"https:\/\/www.roovi.ro\/puzzle-adulti-1000-piese-gustav-klimt-portrait-of-fritza-riedler\/p\/#breadcrumb\"},\"inLanguage\":\"ro-RO\",\"potentialAction\":[{\"@type\":\"ReadAction\",\"target\":[\"https:\/\/www.roovi.ro\/puzzle-adulti-1000-piese-gustav-klimt-portrait-of-fritza-riedler\/p\/\"]}]},{\"@type\":\"BreadcrumbList\",\"@id\":\"https:\/\/www.roovi.ro\/puzzle-adulti-1000-piese-gustav-klimt-portrait-of-fritza-riedler\/p\/#breadcrumb\",\"itemListElement\":[{\"@type\":\"ListItem\",\"position\":1,\"name\":\"Home\",\"item\":\"https:\/\/business.roovi.com\/ro\/\"},{\"@type\":\"ListItem\",\"position\":2,\"name\":\"Magazin\",\"item\":\"https:\/\/business.roovi.com\/ro\/magazin\/\"},{\"@type\":\"ListItem\",\"position\":3,\"name\":\"Puzzle adul\u021bi 1000 piese Gustav Klimt &#8211; Portrait of Fritza Riedler\"}]},{\"@type\":\"WebSite\",\"@id\":\"https:\/\/business.roovi.com\/ro\/#website\",\"url\":\"https:\/\/business.roovi.com\/ro\/\",\"name\":\"Roovi B2B\",\"description\":\"Roovi Business Website\",\"potentialAction\":[{\"@type\":\"SearchAction\",\"target\":{\"@type\":\"EntryPoint\",\"urlTemplate\":\"https:\/\/business.roovi.com\/ro\/?s={search_term_string}\"},\"query-input\":\"required name=search_term_string\"}],\"inLanguage\":\"ro-RO\"}]}<\/script>\n<!-- \/ Yoast SEO plugin. -->","yoast_head_json":{"title":"Puzzle adul\u021bi 1000 piese Gustav Klimt - Portrait of Fritza Riedler","description":"Puzzle adul\u021bi 1000 piese Gustav Klimt - Portrait of Fritza Riedler","robots":{"index":"index","follow":"follow","max-snippet":"max-snippet:-1","max-image-preview":"max-image-preview:large","max-video-preview":"max-video-preview:-1"},"canonical":"https:\/\/www.roovi.ro\/puzzle-adulti-1000-piese-gustav-klimt-portrait-of-fritza-riedler\/p\/","og_locale":"ro_RO","og_type":"article","og_title":"Puzzle adul\u021bi 1000 piese Gustav Klimt - Portrait of Fritza Riedler","og_description":"Puzzle adul\u021bi 1000 piese Gustav Klimt - Portrait of Fritza Riedler","og_url":"https:\/\/www.roovi.ro\/puzzle-adulti-1000-piese-gustav-klimt-portrait-of-fritza-riedler\/p\/","og_site_name":"Roovi B2B","article_publisher":"https:\/\/www.facebook.com\/wwwjucariero","article_modified_time":"2023-03-20T21:27:58+00:00","og_image":[{"width":1200,"height":1200,"url":"https:\/\/business.roovi.com\/wp-content\/uploads\/2022\/01\/p1000_art_klimt_66923kl13.png","type":"image\/png"}],"twitter_misc":{"Timp estimat pentru citire":"2 minute"},"schema":{"@context":"https:\/\/schema.org","@graph":[{"@type":"WebPage","@id":"https:\/\/business.roovi.com\/ro\/puzzle-adulti-1000-piese-gustav-klimt-portrait-of-fritza-riedler\/p\/","url":"https:\/\/www.roovi.ro\/puzzle-adulti-1000-piese-gustav-klimt-portrait-of-fritza-riedler\/p\/","name":"Puzzle adul\u021bi 1000 piese Gustav Klimt - Portrait of Fritza Riedler","isPartOf":{"@id":"https:\/\/business.roovi.com\/ro\/#website"},"datePublished":"2022-01-13T13:47:00+00:00","dateModified":"2023-03-20T21:27:58+00:00","description":"Puzzle adul\u021bi 1000 piese Gustav Klimt - Portrait of Fritza Riedler","breadcrumb":{"@id":"https:\/\/www.roovi.ro\/puzzle-adulti-1000-piese-gustav-klimt-portrait-of-fritza-riedler\/p\/#breadcrumb"},"inLanguage":"ro-RO","potentialAction":[{"@type":"ReadAction","target":["https:\/\/www.roovi.ro\/puzzle-adulti-1000-piese-gustav-klimt-portrait-of-fritza-riedler\/p\/"]}]},{"@type":"BreadcrumbList","@id":"https:\/\/www.roovi.ro\/puzzle-adulti-1000-piese-gustav-klimt-portrait-of-fritza-riedler\/p\/#breadcrumb","itemListElement":[{"@type":"ListItem","position":1,"name":"Home","item":"https:\/\/business.roovi.com\/ro\/"},{"@type":"ListItem","position":2,"name":"Magazin","item":"https:\/\/business.roovi.com\/ro\/magazin\/"},{"@type":"ListItem","position":3,"name":"Puzzle adul\u021bi 1000 piese Gustav Klimt &#8211; Portrait of Fritza Riedler"}]},{"@type":"WebSite","@id":"https:\/\/business.roovi.com\/ro\/#website","url":"https:\/\/business.roovi.com\/ro\/","name":"Roovi B2B","description":"Roovi Business Website","potentialAction":[{"@type":"SearchAction","target":{"@type":"EntryPoint","urlTemplate":"https:\/\/business.roovi.com\/ro\/?s={search_term_string}"},"query-input":"required name=search_term_string"}],"inLanguage":"ro-RO"}]}},"_links":{"self":[{"href":"https:\/\/business.roovi.com\/ro\/wp-json\/wp\/v2\/product\/20070","targetHints":{"allow":["GET"]}}],"collection":[{"href":"https:\/\/business.roovi.com\/ro\/wp-json\/wp\/v2\/product"}],"about":[{"href":"https:\/\/business.roovi.com\/ro\/wp-json\/wp\/v2\/types\/product"}],"version-history":[{"count":0,"href":"https:\/\/business.roovi.com\/ro\/wp-json\/wp\/v2\/product\/20070\/revisions"}],"wp:featuredmedia":[{"embeddable":true,"href":"https:\/\/business.roovi.com\/ro\/wp-json\/wp\/v2\/media\/10816"}],"wp:attachment":[{"href":"https:\/\/business.roovi.com\/ro\/wp-json\/wp\/v2\/media?parent=20070"}],"wp:term":[{"taxonomy":"product_brand","embeddable":true,"href":"https:\/\/business.roovi.com\/ro\/wp-json\/wp\/v2\/product_brand?post=20070"},{"taxonomy":"product_cat","embeddable":true,"href":"https:\/\/business.roovi.com\/ro\/wp-json\/wp\/v2\/product_cat?post=20070"},{"taxonomy":"product_tag","embeddable":true,"href":"https:\/\/business.roovi.com\/ro\/wp-json\/wp\/v2\/product_tag?post=20070"}],"curies":[{"name":"wp","href":"https:\/\/api.w.org\/{rel}","templated":true}]}}