{"id":28924,"date":"2021-06-08T11:33:06","date_gmt":"2021-06-08T11:33:06","guid":{"rendered":"https:\/\/business.roovi.com\/?post_type=product&#038;p=28924"},"modified":"2025-03-17T12:23:52","modified_gmt":"2025-03-17T12:23:52","slug":"puzzle-adulti-1000-piese-vincent-van-gogh-irises","status":"publish","type":"product","link":"https:\/\/business.roovi.com\/ro\/puzzle-adulti-1000-piese-vincent-van-gogh-irises\/p\/","title":{"rendered":"Puzzle adul\u021bi 1000 piese &#8211; Vincent van Gogh &#8211; Vase with Irises against a Yellow Background"},"content":{"rendered":"<h3><span style=\"font-weight: 400;\">Fascinat de operele de art\u0103 \u0219i de jocuri puzzle? A\u0219az\u0103 piese din puzzle 1000 &#8211; Vincent van Gogh &#8211; Vase with Irises against a Yellow Background \u0219i bucur\u0103-te de un tablou fascinant, replic\u0103 des\u0103v\u00e2r\u0219it\u0103 a unei opere celebre.<\/span><\/h3>\n<p><span style=\"font-weight: 400;\">Vaz\u0103 cu iri\u0219i pe un fundal galben este una dintre pu\u021binele picturi de natur\u0103 moart\u0103 realizate de celebrul pictor \u00een perioada \u00een care a fost internat la sanatoriul<\/span><span style=\"font-weight: 400;\"> din Saint Remy. Van Gogh prefera s\u0103 realizeze picturi \u00een aer liber, s\u0103 surprind\u0103 modul \u00een care natura se transform\u0103 pas cu pas.<\/span><\/p>\n<p><span style=\"font-weight: 400;\">Pictura <\/span><i><span style=\"font-weight: 400;\">Vaz\u0103 cu iri\u0219i pe un fundal galben <\/span><\/i><span style=\"font-weight: 400;\">este impresionant\u0103 prin contrastul puternic dintre albastrul florilor \u0219i galbenul din fundal pe care Van Gogh l-a scos foarte mult \u00een eviden\u021b\u0103.\u00a0<\/span><\/p>\n<p><span style=\"font-weight: 400;\">Puzzle 1000 piese <\/span><span style=\"font-weight: 400;\">Vase with Irises against a Yellow Background \/ <\/span><span style=\"font-weight: 400;\">Vaz\u0103 cu iri\u0219i pe un fundal galben este produs din materiale de calitate superioar\u0103, piesele sunt rezistente \u0219i se \u00eembin\u0103 perfect. Astfel, po\u021bi ob\u021bine un tablou impecabil sau po\u021bi asambla de nenum\u0103rate ori jocul puzzle, f\u0103r\u0103 teama c\u0103 se va deteriora.<\/span><\/p>\n<p><strong>Caracteristici puzzle 1000 piese Van Gogh &#8211; Vase with Irises against a Yellow Background:<\/strong><\/p>\n<ul>\n<li><span style=\"font-weight: 400;\">Dimensiune imagine reconstituit\u0103: 68 x 47 cm<\/span><\/li>\n<li><span style=\"font-weight: 400;\">Material puzzle:\u00a0<\/span><\/li>\n<li><span style=\"font-weight: 400;\">carton albastru de o calitate superioar\u0103<\/span><\/li>\n<li><span style=\"font-weight: 400;\">materiale sustenabile, reciclabile<\/span><\/li>\n<li><span style=\"font-weight: 400;\">finisaj semi-lucios, culori vii<\/span><\/li>\n<li><span style=\"font-weight: 400;\">Num\u0103rul pieselor de puzzle: 1000<\/span><\/li>\n<li><span style=\"font-weight: 400;\">V\u00e2rsta recomandat\u0103: 14+<\/span><\/li>\n<\/ul>\n<h2><span style=\"font-weight: 400;\">De ce s\u0103 alegi un puzzle 1000 piese din colec\u021bia puzzle de art\u0103?<\/span><\/h2>\n<p><span style=\"font-weight: 400;\">\u00ce\u021bi cultiv\u0103 gustul estetic.\u00a0<\/span><\/p>\n<p><span style=\"font-weight: 400;\">\u00ce\u021bi dezvolt\u0103 imagina\u021bia.<\/span><\/p>\n<p><span style=\"font-weight: 400;\">\u00ce\u021bi treze\u0219te curiozitatea \u0219i dorin\u021ba de a cunoa\u0219te arta \u00een profunzime.<\/span><\/p>\n<p><span style=\"font-weight: 400;\">Este o modalitate excelent\u0103 prin care \u00ee\u021bi dezvol\u021bi abilit\u0103\u021bile de asamblare a jocurilor puzzle.<\/span><\/p>\n<p><span style=\"font-weight: 400;\">Este un prilej deosebit de a reface o capodoper\u0103 artistic\u0103 \u0219i de a admira chiar \u0219i cele mai fine detalii ale unei picturi celebre.<\/span><\/p>\n<p><span style=\"font-weight: 400;\">Ob\u021bii un tablou original, o copie aproape perfect\u0103 a unei picturi celebre cu care \u00ee\u021bi po\u021bi decora locuin\u021ba.<\/span><\/p>\n<p><span style=\"font-weight: 400;\">Alege a\u0219adar puzzle 1000 piese Van Gogh &#8211; <\/span><span style=\"font-weight: 400;\">Vase with Irises against a Yellow Background \/ <\/span><span style=\"font-weight: 400;\">\u00a0Vaz\u0103 cu iri\u0219i pe un fundal galben<\/span> <span style=\"font-weight: 400;\">\u0219i bucur\u0103-te de toate beneficiile pe care \u021bi le ofer\u0103 jocul puzzle. De asemenea, dac\u0103 vrei s\u0103 surprinzi pl\u0103cut un pasionat de puzzle adul\u021bi, ofer\u0103-i \u00een dar acest puzzle de art\u0103 fascinant.<\/span><\/p>\n<p>&nbsp;<\/p>\n","protected":false},"excerpt":{"rendered":"<p>Fascinat de operele de art\u0103 \u0219i de jocuri puzzle? A\u0219az\u0103 piese din puzzle 1000 &#8211; Vincent van Gogh &#8211; Vase<\/p>\n","protected":false},"featured_media":62860,"template":"","meta":[],"product_brand":[],"product_cat":[1454,1488,1560],"product_tag":[],"class_list":{"0":"post-28924","1":"product","2":"type-product","3":"status-publish","4":"has-post-thumbnail","6":"product_cat-puzzle","7":"product_cat-puzzle-adulti","8":"product_cat-puzzle-adulti-1000","9":"pa_bax-1273","10":"pa_brand-d_toys","11":"pa_country_of_manufacture-ro","12":"pa_filter_age-1315","13":"pa_painter-vincentvangogh","14":"pa_tip_puzzle-clasic","16":"first","17":"instock","18":"taxable","19":"shipping-taxable","20":"product-type-simple"},"yoast_head":"<!-- This site is optimized with the Yoast SEO plugin v20.1 - https:\/\/yoast.com\/wordpress\/plugins\/seo\/ -->\n<title>Puzzle adul\u021bi 1000 piese - Vincent van Gogh - Vase with Irises against a Yellow Background - Roovi B2B<\/title>\n<meta name=\"robots\" content=\"index, follow, max-snippet:-1, max-image-preview:large, max-video-preview:-1\" \/>\n<link rel=\"canonical\" href=\"https:\/\/www.roovi.ro\/puzzle-adulti-1000-piese-vincent-van-gogh-irises\/p\/\" \/>\n<meta property=\"og:locale\" content=\"ro_RO\" \/>\n<meta property=\"og:type\" content=\"article\" \/>\n<meta property=\"og:title\" content=\"Puzzle adul\u021bi 1000 piese - Vincent van Gogh - Vase with Irises against a Yellow Background - Roovi B2B\" \/>\n<meta property=\"og:description\" content=\"Fascinat de operele de art\u0103 \u0219i de jocuri puzzle? A\u0219az\u0103 piese din puzzle 1000 &#8211; Vincent van Gogh &#8211; Vase\" \/>\n<meta property=\"og:url\" content=\"https:\/\/www.roovi.ro\/puzzle-adulti-1000-piese-vincent-van-gogh-irises\/p\/\" \/>\n<meta property=\"og:site_name\" content=\"Roovi B2B\" \/>\n<meta property=\"article:publisher\" content=\"https:\/\/www.facebook.com\/wwwjucariero\" \/>\n<meta property=\"article:modified_time\" content=\"2025-03-17T12:23:52+00:00\" \/>\n<meta property=\"og:image\" content=\"https:\/\/business.roovi.com\/wp-content\/uploads\/2021\/06\/66916-VG-13-WEB.jpg\" \/>\n\t<meta property=\"og:image:width\" content=\"1200\" \/>\n\t<meta property=\"og:image:height\" content=\"1200\" \/>\n\t<meta property=\"og:image:type\" content=\"image\/jpeg\" \/>\n<meta name=\"twitter:label1\" content=\"Timp estimat pentru citire\" \/>\n\t<meta name=\"twitter:data1\" content=\"2 minute\" \/>\n<script type=\"application\/ld+json\" class=\"yoast-schema-graph\">{\"@context\":\"https:\/\/schema.org\",\"@graph\":[{\"@type\":\"WebPage\",\"@id\":\"https:\/\/business.roovi.com\/ro\/puzzle-adulti-1000-piese-vincent-van-gogh-irises\/p\/\",\"url\":\"https:\/\/www.roovi.ro\/puzzle-adulti-1000-piese-vincent-van-gogh-irises\/p\/\",\"name\":\"Puzzle adul\u021bi 1000 piese - Vincent van Gogh - Vase with Irises against a Yellow Background - Roovi B2B\",\"isPartOf\":{\"@id\":\"https:\/\/business.roovi.com\/ro\/#website\"},\"datePublished\":\"2021-06-08T11:33:06+00:00\",\"dateModified\":\"2025-03-17T12:23:52+00:00\",\"breadcrumb\":{\"@id\":\"https:\/\/www.roovi.ro\/puzzle-adulti-1000-piese-vincent-van-gogh-irises\/p\/#breadcrumb\"},\"inLanguage\":\"ro-RO\",\"potentialAction\":[{\"@type\":\"ReadAction\",\"target\":[\"https:\/\/www.roovi.ro\/puzzle-adulti-1000-piese-vincent-van-gogh-irises\/p\/\"]}]},{\"@type\":\"BreadcrumbList\",\"@id\":\"https:\/\/www.roovi.ro\/puzzle-adulti-1000-piese-vincent-van-gogh-irises\/p\/#breadcrumb\",\"itemListElement\":[{\"@type\":\"ListItem\",\"position\":1,\"name\":\"Home\",\"item\":\"https:\/\/business.roovi.com\/ro\/\"},{\"@type\":\"ListItem\",\"position\":2,\"name\":\"Magazin\",\"item\":\"https:\/\/business.roovi.com\/ro\/magazin\/\"},{\"@type\":\"ListItem\",\"position\":3,\"name\":\"Puzzle adul\u021bi 1000 piese &#8211; Vincent van Gogh &#8211; Vase with Irises against a Yellow Background\"}]},{\"@type\":\"WebSite\",\"@id\":\"https:\/\/business.roovi.com\/ro\/#website\",\"url\":\"https:\/\/business.roovi.com\/ro\/\",\"name\":\"Roovi B2B\",\"description\":\"Roovi Business Website\",\"potentialAction\":[{\"@type\":\"SearchAction\",\"target\":{\"@type\":\"EntryPoint\",\"urlTemplate\":\"https:\/\/business.roovi.com\/ro\/?s={search_term_string}\"},\"query-input\":\"required name=search_term_string\"}],\"inLanguage\":\"ro-RO\"}]}<\/script>\n<!-- \/ Yoast SEO plugin. -->","yoast_head_json":{"title":"Puzzle adul\u021bi 1000 piese - Vincent van Gogh - Vase with Irises against a Yellow Background - Roovi B2B","robots":{"index":"index","follow":"follow","max-snippet":"max-snippet:-1","max-image-preview":"max-image-preview:large","max-video-preview":"max-video-preview:-1"},"canonical":"https:\/\/www.roovi.ro\/puzzle-adulti-1000-piese-vincent-van-gogh-irises\/p\/","og_locale":"ro_RO","og_type":"article","og_title":"Puzzle adul\u021bi 1000 piese - Vincent van Gogh - Vase with Irises against a Yellow Background - Roovi B2B","og_description":"Fascinat de operele de art\u0103 \u0219i de jocuri puzzle? A\u0219az\u0103 piese din puzzle 1000 &#8211; Vincent van Gogh &#8211; Vase","og_url":"https:\/\/www.roovi.ro\/puzzle-adulti-1000-piese-vincent-van-gogh-irises\/p\/","og_site_name":"Roovi B2B","article_publisher":"https:\/\/www.facebook.com\/wwwjucariero","article_modified_time":"2025-03-17T12:23:52+00:00","og_image":[{"width":1200,"height":1200,"url":"https:\/\/business.roovi.com\/wp-content\/uploads\/2021\/06\/66916-VG-13-WEB.jpg","type":"image\/jpeg"}],"twitter_misc":{"Timp estimat pentru citire":"2 minute"},"schema":{"@context":"https:\/\/schema.org","@graph":[{"@type":"WebPage","@id":"https:\/\/business.roovi.com\/ro\/puzzle-adulti-1000-piese-vincent-van-gogh-irises\/p\/","url":"https:\/\/www.roovi.ro\/puzzle-adulti-1000-piese-vincent-van-gogh-irises\/p\/","name":"Puzzle adul\u021bi 1000 piese - Vincent van Gogh - Vase with Irises against a Yellow Background - Roovi B2B","isPartOf":{"@id":"https:\/\/business.roovi.com\/ro\/#website"},"datePublished":"2021-06-08T11:33:06+00:00","dateModified":"2025-03-17T12:23:52+00:00","breadcrumb":{"@id":"https:\/\/www.roovi.ro\/puzzle-adulti-1000-piese-vincent-van-gogh-irises\/p\/#breadcrumb"},"inLanguage":"ro-RO","potentialAction":[{"@type":"ReadAction","target":["https:\/\/www.roovi.ro\/puzzle-adulti-1000-piese-vincent-van-gogh-irises\/p\/"]}]},{"@type":"BreadcrumbList","@id":"https:\/\/www.roovi.ro\/puzzle-adulti-1000-piese-vincent-van-gogh-irises\/p\/#breadcrumb","itemListElement":[{"@type":"ListItem","position":1,"name":"Home","item":"https:\/\/business.roovi.com\/ro\/"},{"@type":"ListItem","position":2,"name":"Magazin","item":"https:\/\/business.roovi.com\/ro\/magazin\/"},{"@type":"ListItem","position":3,"name":"Puzzle adul\u021bi 1000 piese &#8211; Vincent van Gogh &#8211; Vase with Irises against a Yellow Background"}]},{"@type":"WebSite","@id":"https:\/\/business.roovi.com\/ro\/#website","url":"https:\/\/business.roovi.com\/ro\/","name":"Roovi B2B","description":"Roovi Business Website","potentialAction":[{"@type":"SearchAction","target":{"@type":"EntryPoint","urlTemplate":"https:\/\/business.roovi.com\/ro\/?s={search_term_string}"},"query-input":"required name=search_term_string"}],"inLanguage":"ro-RO"}]}},"_links":{"self":[{"href":"https:\/\/business.roovi.com\/ro\/wp-json\/wp\/v2\/product\/28924","targetHints":{"allow":["GET"]}}],"collection":[{"href":"https:\/\/business.roovi.com\/ro\/wp-json\/wp\/v2\/product"}],"about":[{"href":"https:\/\/business.roovi.com\/ro\/wp-json\/wp\/v2\/types\/product"}],"version-history":[{"count":0,"href":"https:\/\/business.roovi.com\/ro\/wp-json\/wp\/v2\/product\/28924\/revisions"}],"wp:featuredmedia":[{"embeddable":true,"href":"https:\/\/business.roovi.com\/ro\/wp-json\/wp\/v2\/media\/62860"}],"wp:attachment":[{"href":"https:\/\/business.roovi.com\/ro\/wp-json\/wp\/v2\/media?parent=28924"}],"wp:term":[{"taxonomy":"product_brand","embeddable":true,"href":"https:\/\/business.roovi.com\/ro\/wp-json\/wp\/v2\/product_brand?post=28924"},{"taxonomy":"product_cat","embeddable":true,"href":"https:\/\/business.roovi.com\/ro\/wp-json\/wp\/v2\/product_cat?post=28924"},{"taxonomy":"product_tag","embeddable":true,"href":"https:\/\/business.roovi.com\/ro\/wp-json\/wp\/v2\/product_tag?post=28924"}],"curies":[{"name":"wp","href":"https:\/\/api.w.org\/{rel}","templated":true}]}}