{"id":37528,"date":"2018-04-16T10:56:17","date_gmt":"2018-04-16T10:56:17","guid":{"rendered":"https:\/\/business.roovi.com\/?post_type=product&#038;p=37528"},"modified":"2023-03-20T21:27:56","modified_gmt":"2023-03-20T21:27:56","slug":"puzzle-adulti-1000-piese-francois-boucher-river-landscape-with-an-antique-temple","status":"publish","type":"product","link":"https:\/\/business.roovi.com\/ro\/puzzle-adulti-1000-piese-francois-boucher-river-landscape-with-an-antique-temple\/p\/","title":{"rendered":"Puzzle adul\u021bi 1000 piese Fran\u00e7ois Boucher &#8211; River Landscape with an Antique Temple"},"content":{"rendered":"<p><span style=\"font-weight: 400;\">Cau\u021bi o activitate relaxant\u0103 care s\u0103 te scoat\u0103 din monotonia zilnic\u0103? Descoper\u0103 colec\u021bia puzzle-uri de art\u0103, alege-\u021bi puzzle-uri 1000 piese cu imagini ale celor mai cunoscute picturi din lume \u0219i apuc\u0103-te de treab\u0103! Te vei sim\u021bi ca un veritabil artist, iar lucr\u0103rile finale te vor uimi \u0219i \u00eenc\u00e2nta deopotriv\u0103!<\/span><\/p>\n<p><span style=\"font-weight: 400;\">Din colec\u021bia puzzle-uri de art\u0103 face parte \u0219i puzzle 1000 piese <\/span><span style=\"font-weight: 400;\">Fran\u00e7ois Boucher &#8211; River Landscape with an Antique Temple, un puzzle pentru adul\u021bi ce red\u0103 tabloul omonim \u00een detalii deosebite. Tabloul de art\u0103 red\u0103 stilul aparte al pictorului \u0219i fascineaz\u0103 prin complexitatea \u0219i armonia culorilor. Las\u0103-te purtat \u00een lumea artei complet\u00e2nd acest minunat puzzle de 1000 piese. Pentru a intra \u00een starea artistic\u0103, ai nevoie doar de o m\u0103su\u021b\u0103 de cafea la care s\u0103 lucrezi cu minu\u021biozitate opera de art\u0103. Dimensiunea tabloului rezultat este de 50 x 70 cm.<\/span><\/p>\n<p><span style=\"font-weight: 400;\">Cite\u0219te mai jos \u0219i alte <\/span><strong>caracteristici<\/strong><span style=\"font-weight: 400;\"> ale puzzle-ului 1000 piese Fran\u00e7ois Boucher &#8211; River Landscape with an Antique Temple<\/span><\/p>\n<p><strong>Material puzzle:\u00a0<\/strong><\/p>\n<p><strong>carton albastru de o calitate superioar\u0103<\/strong><\/p>\n<p><strong>materiale sustenabile, reciclabile<\/strong><\/p>\n<p><strong>finisaj semi-lucios, culori vii<\/strong><\/p>\n<p><strong>Num\u0103rul pieselor de puzzle: 1000<\/strong><\/p>\n<p><strong>V\u00e2rsta recomandat\u0103: 14+<\/strong><\/p>\n<p><strong>Descoper\u0103 cele mai frumoase tablouri ale tuturor timpurilor prin puzzle 1000 piese!<\/strong><\/p>\n<p><span style=\"font-weight: 400;\">Fie c\u0103 te sim\u021bi atras de lumea fascinant\u0103 a picturilor, fie c\u0103 e\u0219ti pasionat de puzzle 1000 piese sau e\u0219ti doar un spirit curios, dornic s\u0103 \u00eencerce noi provoc\u0103ri, puzzle-urile de 1000 piese din colec\u021bia puzzle art\u0103 \u00ee\u0219i dezv\u0103luie o lume frumoas\u0103 care merit\u0103 explorat\u0103.\u00a0<\/span><\/p>\n<p><strong>Alte avantaje pe care \u021bi le ofer\u0103 puzzle-urile de art\u0103:<\/strong><\/p>\n<p><span style=\"font-weight: 400;\">Te ajut\u0103 s\u0103 ie\u0219i din monotonia zilnic\u0103<\/span><\/p>\n<p><span style=\"font-weight: 400;\">Te relaxeaz\u0103<\/span><\/p>\n<p><span style=\"font-weight: 400;\">Te elibereaz\u0103 de stres<\/span><\/p>\n<p><span style=\"font-weight: 400;\">\u00ce\u021bi antreneaz\u0103 imagina\u021bia<\/span><\/p>\n<p><span style=\"font-weight: 400;\">\u00ce\u021bi \u00eembun\u0103t\u0103\u021besc starea de spirit.<\/span><\/p>\n<p><strong>Cine a fost Fran\u00e7ois Boucher?<\/strong><\/p>\n<p><span style=\"font-weight: 400;\">Fran\u00e7ois Boucher a fost cel mai de seam\u0103 reprezentant al stilului rococo \u00een Fran\u021ba, a lucrat pentru regele Ludovic al XV-lea \u0219i pentru amanta acestuia, Madame Pompadour \u0219i s-a bucurat de notorietate \u00een timpul vie\u021bii \u0219i datorit\u0103 acestui privilegiu.\u00a0<\/span><\/p>\n<p><span style=\"font-weight: 400;\">Fran\u00e7ois Boucher a avut \u00een timpul vie\u021bii nenum\u0103rate comenzi pentru Versailles \u0219i alte re\u0219edin\u021be regale din Fran\u021ba \u0219i din \u00eentreaga Europ\u0103.<\/span><\/p>\n<p><span style=\"font-weight: 400;\">\u00cen picturile sale mitologice, \u00eencununate de un imens succes, afirma\u021bia alegoric\u0103 trecea de obicei pe locul al doilea \u00een fa\u021ba efectului senzual \u0219i erotic al corpului feminin gol.<\/span><\/p>\n<p><span style=\"font-weight: 400;\">A oferit modele pentru multe arte decorative precum por\u021belanul sau tapiseria.<\/span><\/p>\n<p><span style=\"font-weight: 400;\">Stilul s\u0103u a c\u0103zut \u00een dizgra\u021bie la finalul vie\u021bii.<\/span><\/p>\n<p><span style=\"font-weight: 400;\">Diderot i-a criticat dur opera, scriind despre artist, \u00een 1761, c\u0103 este un om &#8222;capabil de orice, mai pu\u021bin de adev\u0103r&#8221; (&#8222;Cet homme a tout-except\u00e9 la v\u00e9rit\u00e9&#8221;).<\/span><\/p>\n<p><strong>Completeaz\u0103 puzzle-uri de art\u0103 \u0219i intr\u0103 \u00eentr-o stare de medita\u021bie profund\u0103<\/strong><\/p>\n<p><span style=\"font-weight: 400;\">Activitatea de asamblare a unui puzzle adul\u021bi este asem\u0103n\u0103toare cu starea meditativ\u0103: mintea se elibereaz\u0103 de griji \u0219i g\u00e2nduri \u0219i se concentreaz\u0103 doar pe refacerea imaginii. Atunci c\u00e2nd finalizezi lucrarea, ai mintea eliberat\u0103 \u0219i o stare general\u0103 plin\u0103 de bucurie \u0219i optimism, asem\u0103n\u0103toare cu cea pe care \u021bi-o dau sesiunile de medita\u021bii.<\/span><\/p>\n<p><span style=\"font-weight: 400;\">Cump\u0103r\u0103 acum puzzle 1000 piese <\/span><span style=\"font-weight: 400;\">piese <\/span><span style=\"font-weight: 400;\">Fran\u00e7ois Boucher &#8211; River Landscape with an Antique Temple<\/span><span style=\"font-weight: 400;\"> \u0219i creeaz\u0103-\u021bi un obiect decorativ deosebit! \u00cenr\u0103meaz\u0103-\u021bi opera \u0219i bucur\u0103-te zi de zi de un peisaj feeric. Acest joc puzzle din colec\u021bia puzle-uri de art\u0103 este potrivit pentru orice ocazie, inclusiv pentru zile aniversare dac\u0103 vrei s\u0103 surprinzi pl\u0103cut o fiin\u021b\u0103 drag\u0103.\u00a0<\/span><\/p>\n","protected":false},"excerpt":{"rendered":"<p>Cau\u021bi o activitate relaxant\u0103 care s\u0103 te scoat\u0103 din monotonia zilnic\u0103? Descoper\u0103 colec\u021bia puzzle-uri de art\u0103, alege-\u021bi puzzle-uri 1000 piese<\/p>\n","protected":false},"featured_media":63293,"template":"","meta":[],"product_brand":[],"product_cat":[1607,1608,1610],"product_tag":[],"class_list":{"0":"post-37528","1":"product","2":"type-product","3":"status-publish","4":"has-post-thumbnail","6":"product_cat-puzzles","7":"product_cat-adult-jigsaw-puzzles","8":"product_cat-1000-piece-jigsaw-puzzles","10":"first","11":"instock","12":"taxable","13":"shipping-taxable","14":"product-type-simple"},"yoast_head":"<!-- This site is optimized with the Yoast SEO plugin v20.1 - https:\/\/yoast.com\/wordpress\/plugins\/seo\/ -->\n<title>Puzzle adul\u021bi 1000 piese Fran\u00e7ois Boucher - River Landscape with an Antique Temple - Roovi B2B<\/title>\n<meta name=\"robots\" content=\"index, follow, max-snippet:-1, max-image-preview:large, max-video-preview:-1\" \/>\n<link rel=\"canonical\" href=\"https:\/\/www.roovi.ro\/puzzle-adulti-francois-boucher-river-landscape-with-an-antique-temple-1000-piese\/p\/\" \/>\n<meta property=\"og:locale\" content=\"ro_RO\" \/>\n<meta property=\"og:type\" content=\"article\" \/>\n<meta property=\"og:title\" content=\"Puzzle adul\u021bi 1000 piese Fran\u00e7ois Boucher - River Landscape with an Antique Temple - Roovi B2B\" \/>\n<meta property=\"og:description\" content=\"Cau\u021bi o activitate relaxant\u0103 care s\u0103 te scoat\u0103 din monotonia zilnic\u0103? Descoper\u0103 colec\u021bia puzzle-uri de art\u0103, alege-\u021bi puzzle-uri 1000 piese\" \/>\n<meta property=\"og:url\" content=\"https:\/\/www.roovi.ro\/puzzle-adulti-francois-boucher-river-landscape-with-an-antique-temple-1000-piese\/p\/\" \/>\n<meta property=\"og:site_name\" content=\"Roovi B2B\" \/>\n<meta property=\"article:publisher\" content=\"https:\/\/www.facebook.com\/wwwjucariero\" \/>\n<meta property=\"article:modified_time\" content=\"2023-03-20T21:27:56+00:00\" \/>\n<meta property=\"og:image\" content=\"https:\/\/business.roovi.com\/wp-content\/uploads\/2018\/04\/72696-BO-02-WEB.jpg\" \/>\n\t<meta property=\"og:image:width\" content=\"1200\" \/>\n\t<meta property=\"og:image:height\" content=\"1200\" \/>\n\t<meta property=\"og:image:type\" content=\"image\/jpeg\" \/>\n<meta name=\"twitter:label1\" content=\"Timp estimat pentru citire\" \/>\n\t<meta name=\"twitter:data1\" content=\"3 minute\" \/>\n<script type=\"application\/ld+json\" class=\"yoast-schema-graph\">{\"@context\":\"https:\/\/schema.org\",\"@graph\":[{\"@type\":\"WebPage\",\"@id\":\"https:\/\/business.roovi.com\/ro\/puzzle-adulti-1000-piese-francois-boucher-river-landscape-with-an-antique-temple\/p\/\",\"url\":\"https:\/\/www.roovi.ro\/puzzle-adulti-francois-boucher-river-landscape-with-an-antique-temple-1000-piese\/p\/\",\"name\":\"Puzzle adul\u021bi 1000 piese Fran\u00e7ois Boucher - River Landscape with an Antique Temple - Roovi B2B\",\"isPartOf\":{\"@id\":\"https:\/\/business.roovi.com\/ro\/#website\"},\"datePublished\":\"2018-04-16T10:56:17+00:00\",\"dateModified\":\"2023-03-20T21:27:56+00:00\",\"breadcrumb\":{\"@id\":\"https:\/\/www.roovi.ro\/puzzle-adulti-francois-boucher-river-landscape-with-an-antique-temple-1000-piese\/p\/#breadcrumb\"},\"inLanguage\":\"ro-RO\",\"potentialAction\":[{\"@type\":\"ReadAction\",\"target\":[\"https:\/\/www.roovi.ro\/puzzle-adulti-francois-boucher-river-landscape-with-an-antique-temple-1000-piese\/p\/\"]}]},{\"@type\":\"BreadcrumbList\",\"@id\":\"https:\/\/www.roovi.ro\/puzzle-adulti-francois-boucher-river-landscape-with-an-antique-temple-1000-piese\/p\/#breadcrumb\",\"itemListElement\":[{\"@type\":\"ListItem\",\"position\":1,\"name\":\"Home\",\"item\":\"https:\/\/business.roovi.com\/ro\/\"},{\"@type\":\"ListItem\",\"position\":2,\"name\":\"Magazin\",\"item\":\"https:\/\/business.roovi.com\/ro\/magazin\/\"},{\"@type\":\"ListItem\",\"position\":3,\"name\":\"Puzzle adul\u021bi 1000 piese Fran\u00e7ois Boucher &#8211; River Landscape with an Antique Temple\"}]},{\"@type\":\"WebSite\",\"@id\":\"https:\/\/business.roovi.com\/ro\/#website\",\"url\":\"https:\/\/business.roovi.com\/ro\/\",\"name\":\"Roovi B2B\",\"description\":\"Roovi Business Website\",\"potentialAction\":[{\"@type\":\"SearchAction\",\"target\":{\"@type\":\"EntryPoint\",\"urlTemplate\":\"https:\/\/business.roovi.com\/ro\/?s={search_term_string}\"},\"query-input\":\"required name=search_term_string\"}],\"inLanguage\":\"ro-RO\"}]}<\/script>\n<!-- \/ Yoast SEO plugin. -->","yoast_head_json":{"title":"Puzzle adul\u021bi 1000 piese Fran\u00e7ois Boucher - River Landscape with an Antique Temple - Roovi B2B","robots":{"index":"index","follow":"follow","max-snippet":"max-snippet:-1","max-image-preview":"max-image-preview:large","max-video-preview":"max-video-preview:-1"},"canonical":"https:\/\/www.roovi.ro\/puzzle-adulti-francois-boucher-river-landscape-with-an-antique-temple-1000-piese\/p\/","og_locale":"ro_RO","og_type":"article","og_title":"Puzzle adul\u021bi 1000 piese Fran\u00e7ois Boucher - River Landscape with an Antique Temple - Roovi B2B","og_description":"Cau\u021bi o activitate relaxant\u0103 care s\u0103 te scoat\u0103 din monotonia zilnic\u0103? Descoper\u0103 colec\u021bia puzzle-uri de art\u0103, alege-\u021bi puzzle-uri 1000 piese","og_url":"https:\/\/www.roovi.ro\/puzzle-adulti-francois-boucher-river-landscape-with-an-antique-temple-1000-piese\/p\/","og_site_name":"Roovi B2B","article_publisher":"https:\/\/www.facebook.com\/wwwjucariero","article_modified_time":"2023-03-20T21:27:56+00:00","og_image":[{"width":1200,"height":1200,"url":"https:\/\/business.roovi.com\/wp-content\/uploads\/2018\/04\/72696-BO-02-WEB.jpg","type":"image\/jpeg"}],"twitter_misc":{"Timp estimat pentru citire":"3 minute"},"schema":{"@context":"https:\/\/schema.org","@graph":[{"@type":"WebPage","@id":"https:\/\/business.roovi.com\/ro\/puzzle-adulti-1000-piese-francois-boucher-river-landscape-with-an-antique-temple\/p\/","url":"https:\/\/www.roovi.ro\/puzzle-adulti-francois-boucher-river-landscape-with-an-antique-temple-1000-piese\/p\/","name":"Puzzle adul\u021bi 1000 piese Fran\u00e7ois Boucher - River Landscape with an Antique Temple - Roovi B2B","isPartOf":{"@id":"https:\/\/business.roovi.com\/ro\/#website"},"datePublished":"2018-04-16T10:56:17+00:00","dateModified":"2023-03-20T21:27:56+00:00","breadcrumb":{"@id":"https:\/\/www.roovi.ro\/puzzle-adulti-francois-boucher-river-landscape-with-an-antique-temple-1000-piese\/p\/#breadcrumb"},"inLanguage":"ro-RO","potentialAction":[{"@type":"ReadAction","target":["https:\/\/www.roovi.ro\/puzzle-adulti-francois-boucher-river-landscape-with-an-antique-temple-1000-piese\/p\/"]}]},{"@type":"BreadcrumbList","@id":"https:\/\/www.roovi.ro\/puzzle-adulti-francois-boucher-river-landscape-with-an-antique-temple-1000-piese\/p\/#breadcrumb","itemListElement":[{"@type":"ListItem","position":1,"name":"Home","item":"https:\/\/business.roovi.com\/ro\/"},{"@type":"ListItem","position":2,"name":"Magazin","item":"https:\/\/business.roovi.com\/ro\/magazin\/"},{"@type":"ListItem","position":3,"name":"Puzzle adul\u021bi 1000 piese Fran\u00e7ois Boucher &#8211; River Landscape with an Antique Temple"}]},{"@type":"WebSite","@id":"https:\/\/business.roovi.com\/ro\/#website","url":"https:\/\/business.roovi.com\/ro\/","name":"Roovi B2B","description":"Roovi Business Website","potentialAction":[{"@type":"SearchAction","target":{"@type":"EntryPoint","urlTemplate":"https:\/\/business.roovi.com\/ro\/?s={search_term_string}"},"query-input":"required name=search_term_string"}],"inLanguage":"ro-RO"}]}},"_links":{"self":[{"href":"https:\/\/business.roovi.com\/ro\/wp-json\/wp\/v2\/product\/37528","targetHints":{"allow":["GET"]}}],"collection":[{"href":"https:\/\/business.roovi.com\/ro\/wp-json\/wp\/v2\/product"}],"about":[{"href":"https:\/\/business.roovi.com\/ro\/wp-json\/wp\/v2\/types\/product"}],"version-history":[{"count":0,"href":"https:\/\/business.roovi.com\/ro\/wp-json\/wp\/v2\/product\/37528\/revisions"}],"wp:featuredmedia":[{"embeddable":true,"href":"https:\/\/business.roovi.com\/ro\/wp-json\/wp\/v2\/media\/63293"}],"wp:attachment":[{"href":"https:\/\/business.roovi.com\/ro\/wp-json\/wp\/v2\/media?parent=37528"}],"wp:term":[{"taxonomy":"product_brand","embeddable":true,"href":"https:\/\/business.roovi.com\/ro\/wp-json\/wp\/v2\/product_brand?post=37528"},{"taxonomy":"product_cat","embeddable":true,"href":"https:\/\/business.roovi.com\/ro\/wp-json\/wp\/v2\/product_cat?post=37528"},{"taxonomy":"product_tag","embeddable":true,"href":"https:\/\/business.roovi.com\/ro\/wp-json\/wp\/v2\/product_tag?post=37528"}],"curies":[{"name":"wp","href":"https:\/\/api.w.org\/{rel}","templated":true}]}}