{"id":56197,"date":"2022-06-14T14:46:19","date_gmt":"2022-06-14T14:46:19","guid":{"rendered":"https:\/\/business.roovi.com\/?post_type=product&#038;p=56197"},"modified":"2025-03-18T09:36:49","modified_gmt":"2025-03-18T09:36:49","slug":"puzzle-adulti-1000-piese-welcome-to-greece","status":"publish","type":"product","link":"https:\/\/business.roovi.com\/ro\/puzzle-adulti-1000-piese-welcome-to-greece\/p\/","title":{"rendered":"Puzzle Welcome to Greece &#8211; Puzzle adul\u021bi 1000 piese"},"content":{"rendered":"<h4><em>Cu Puzzle 1000 piese &#8211; Welcome to Greece ai libertate deplin\u0103 de crea\u021bie, relaxare \u0219i deta\u0219are. <\/em><\/h4>\n<p>Cu fiecare pies\u0103 potrivit\u0103, mintea \u021bi se lini\u0219te\u0219te, iar g\u00e2ndul \u00ee\u021bi zboar\u0103 departe, pe t\u0103r\u00e2mul \u00eensorit al Greciei. \u00ce\u021bi pierzi privirea \u00een apele lini\u0219tite cu nuan\u021be infinite de turcoaz \u0219i experimentezi o stare de medita\u021bie lini\u0219titoare pentru minte \u0219i spirit.<\/p>\n<p>Puzzle 1000 piese &#8211; Welcome to Greece\u00a0 poate fi \u0219i un prilej de conectare cu familia \u00een dup\u0103-amiezele monotone de iarn\u0103 sau oportunitatea ideal\u0103 de socializare cu prietenii \u00een zilele de weekend prelungit.<\/p>\n<p>La ROOVI punem accent pe fiecare detaliu, produsele noastre sunt unice, fiind create din materiale de cea mai bun\u0103 calitate, iar experien\u021ba de asamblare este uimitoare, de fiecare dat\u0103.<\/p>\n","protected":false},"excerpt":{"rendered":"<p>Cu Puzzle 1000 piese &#8211; Welcome to Greece ai libertate deplin\u0103 de crea\u021bie, relaxare \u0219i deta\u0219are. Cu fiecare pies\u0103 potrivit\u0103,<\/p>\n","protected":false},"featured_media":56198,"template":"","meta":[],"product_brand":[],"product_cat":[1454,1488,1560],"product_tag":[],"class_list":{"0":"post-56197","1":"product","2":"type-product","3":"status-publish","4":"has-post-thumbnail","6":"product_cat-puzzle","7":"product_cat-puzzle-adulti","8":"product_cat-puzzle-adulti-1000","9":"pa_brand-d_toys","10":"pa_country_of_manufacture-ro","11":"pa_filter_age-14-2","12":"pa_painter-famousplaces","13":"pa_tip_ambalaj-cutie","14":"pa_tip_puzzle-clasic","16":"first","17":"instock","18":"taxable","19":"shipping-taxable","20":"product-type-simple"},"yoast_head":"<!-- This site is optimized with the Yoast SEO plugin v20.1 - https:\/\/yoast.com\/wordpress\/plugins\/seo\/ -->\n<title>Puzzle Welcome to Greece - Puzzle adul\u021bi 1000 piese - Roovi B2B<\/title>\n<meta name=\"robots\" content=\"index, follow, max-snippet:-1, max-image-preview:large, max-video-preview:-1\" \/>\n<link rel=\"canonical\" href=\"https:\/\/business.roovi.com\/ro\/puzzle-adulti-1000-piese-welcome-to-greece\/p\/\" \/>\n<meta property=\"og:locale\" content=\"ro_RO\" \/>\n<meta property=\"og:type\" content=\"article\" \/>\n<meta property=\"og:title\" content=\"Puzzle Welcome to Greece - Puzzle adul\u021bi 1000 piese - Roovi B2B\" \/>\n<meta property=\"og:description\" content=\"Cu Puzzle 1000 piese &#8211; Welcome to Greece ai libertate deplin\u0103 de crea\u021bie, relaxare \u0219i deta\u0219are. Cu fiecare pies\u0103 potrivit\u0103,\" \/>\n<meta property=\"og:url\" content=\"https:\/\/business.roovi.com\/ro\/puzzle-adulti-1000-piese-welcome-to-greece\/p\/\" \/>\n<meta property=\"og:site_name\" content=\"Roovi B2B\" \/>\n<meta property=\"article:publisher\" content=\"https:\/\/www.facebook.com\/wwwjucariero\" \/>\n<meta property=\"article:modified_time\" content=\"2025-03-18T09:36:49+00:00\" \/>\n<meta property=\"og:image\" content=\"https:\/\/business.roovi.com\/wp-content\/uploads\/2022\/08\/01_MAIN-2.jpg\" \/>\n\t<meta property=\"og:image:width\" content=\"1200\" \/>\n\t<meta property=\"og:image:height\" content=\"1200\" \/>\n\t<meta property=\"og:image:type\" content=\"image\/jpeg\" \/>\n<meta name=\"twitter:label1\" content=\"Timp estimat pentru citire\" \/>\n\t<meta name=\"twitter:data1\" content=\"1 minut\" \/>\n<script type=\"application\/ld+json\" class=\"yoast-schema-graph\">{\"@context\":\"https:\/\/schema.org\",\"@graph\":[{\"@type\":\"WebPage\",\"@id\":\"https:\/\/business.roovi.com\/ro\/puzzle-adulti-1000-piese-welcome-to-greece\/p\/\",\"url\":\"https:\/\/business.roovi.com\/ro\/puzzle-adulti-1000-piese-welcome-to-greece\/p\/\",\"name\":\"Puzzle Welcome to Greece - Puzzle adul\u021bi 1000 piese - Roovi B2B\",\"isPartOf\":{\"@id\":\"https:\/\/business.roovi.com\/ro\/#website\"},\"datePublished\":\"2022-06-14T14:46:19+00:00\",\"dateModified\":\"2025-03-18T09:36:49+00:00\",\"breadcrumb\":{\"@id\":\"https:\/\/business.roovi.com\/ro\/puzzle-adulti-1000-piese-welcome-to-greece\/p\/#breadcrumb\"},\"inLanguage\":\"ro-RO\",\"potentialAction\":[{\"@type\":\"ReadAction\",\"target\":[\"https:\/\/business.roovi.com\/ro\/puzzle-adulti-1000-piese-welcome-to-greece\/p\/\"]}]},{\"@type\":\"BreadcrumbList\",\"@id\":\"https:\/\/business.roovi.com\/ro\/puzzle-adulti-1000-piese-welcome-to-greece\/p\/#breadcrumb\",\"itemListElement\":[{\"@type\":\"ListItem\",\"position\":1,\"name\":\"Home\",\"item\":\"https:\/\/business.roovi.com\/ro\/\"},{\"@type\":\"ListItem\",\"position\":2,\"name\":\"Magazin\",\"item\":\"https:\/\/business.roovi.com\/ro\/magazin\/\"},{\"@type\":\"ListItem\",\"position\":3,\"name\":\"Puzzle Welcome to Greece &#8211; Puzzle adul\u021bi 1000 piese\"}]},{\"@type\":\"WebSite\",\"@id\":\"https:\/\/business.roovi.com\/ro\/#website\",\"url\":\"https:\/\/business.roovi.com\/ro\/\",\"name\":\"Roovi B2B\",\"description\":\"Roovi Business Website\",\"potentialAction\":[{\"@type\":\"SearchAction\",\"target\":{\"@type\":\"EntryPoint\",\"urlTemplate\":\"https:\/\/business.roovi.com\/ro\/?s={search_term_string}\"},\"query-input\":\"required name=search_term_string\"}],\"inLanguage\":\"ro-RO\"}]}<\/script>\n<!-- \/ Yoast SEO plugin. -->","yoast_head_json":{"title":"Puzzle Welcome to Greece - Puzzle adul\u021bi 1000 piese - Roovi B2B","robots":{"index":"index","follow":"follow","max-snippet":"max-snippet:-1","max-image-preview":"max-image-preview:large","max-video-preview":"max-video-preview:-1"},"canonical":"https:\/\/business.roovi.com\/ro\/puzzle-adulti-1000-piese-welcome-to-greece\/p\/","og_locale":"ro_RO","og_type":"article","og_title":"Puzzle Welcome to Greece - Puzzle adul\u021bi 1000 piese - Roovi B2B","og_description":"Cu Puzzle 1000 piese &#8211; Welcome to Greece ai libertate deplin\u0103 de crea\u021bie, relaxare \u0219i deta\u0219are. Cu fiecare pies\u0103 potrivit\u0103,","og_url":"https:\/\/business.roovi.com\/ro\/puzzle-adulti-1000-piese-welcome-to-greece\/p\/","og_site_name":"Roovi B2B","article_publisher":"https:\/\/www.facebook.com\/wwwjucariero","article_modified_time":"2025-03-18T09:36:49+00:00","og_image":[{"width":1200,"height":1200,"url":"https:\/\/business.roovi.com\/wp-content\/uploads\/2022\/08\/01_MAIN-2.jpg","type":"image\/jpeg"}],"twitter_misc":{"Timp estimat pentru citire":"1 minut"},"schema":{"@context":"https:\/\/schema.org","@graph":[{"@type":"WebPage","@id":"https:\/\/business.roovi.com\/ro\/puzzle-adulti-1000-piese-welcome-to-greece\/p\/","url":"https:\/\/business.roovi.com\/ro\/puzzle-adulti-1000-piese-welcome-to-greece\/p\/","name":"Puzzle Welcome to Greece - Puzzle adul\u021bi 1000 piese - Roovi B2B","isPartOf":{"@id":"https:\/\/business.roovi.com\/ro\/#website"},"datePublished":"2022-06-14T14:46:19+00:00","dateModified":"2025-03-18T09:36:49+00:00","breadcrumb":{"@id":"https:\/\/business.roovi.com\/ro\/puzzle-adulti-1000-piese-welcome-to-greece\/p\/#breadcrumb"},"inLanguage":"ro-RO","potentialAction":[{"@type":"ReadAction","target":["https:\/\/business.roovi.com\/ro\/puzzle-adulti-1000-piese-welcome-to-greece\/p\/"]}]},{"@type":"BreadcrumbList","@id":"https:\/\/business.roovi.com\/ro\/puzzle-adulti-1000-piese-welcome-to-greece\/p\/#breadcrumb","itemListElement":[{"@type":"ListItem","position":1,"name":"Home","item":"https:\/\/business.roovi.com\/ro\/"},{"@type":"ListItem","position":2,"name":"Magazin","item":"https:\/\/business.roovi.com\/ro\/magazin\/"},{"@type":"ListItem","position":3,"name":"Puzzle Welcome to Greece &#8211; Puzzle adul\u021bi 1000 piese"}]},{"@type":"WebSite","@id":"https:\/\/business.roovi.com\/ro\/#website","url":"https:\/\/business.roovi.com\/ro\/","name":"Roovi B2B","description":"Roovi Business Website","potentialAction":[{"@type":"SearchAction","target":{"@type":"EntryPoint","urlTemplate":"https:\/\/business.roovi.com\/ro\/?s={search_term_string}"},"query-input":"required name=search_term_string"}],"inLanguage":"ro-RO"}]}},"_links":{"self":[{"href":"https:\/\/business.roovi.com\/ro\/wp-json\/wp\/v2\/product\/56197","targetHints":{"allow":["GET"]}}],"collection":[{"href":"https:\/\/business.roovi.com\/ro\/wp-json\/wp\/v2\/product"}],"about":[{"href":"https:\/\/business.roovi.com\/ro\/wp-json\/wp\/v2\/types\/product"}],"version-history":[{"count":0,"href":"https:\/\/business.roovi.com\/ro\/wp-json\/wp\/v2\/product\/56197\/revisions"}],"wp:featuredmedia":[{"embeddable":true,"href":"https:\/\/business.roovi.com\/ro\/wp-json\/wp\/v2\/media\/56198"}],"wp:attachment":[{"href":"https:\/\/business.roovi.com\/ro\/wp-json\/wp\/v2\/media?parent=56197"}],"wp:term":[{"taxonomy":"product_brand","embeddable":true,"href":"https:\/\/business.roovi.com\/ro\/wp-json\/wp\/v2\/product_brand?post=56197"},{"taxonomy":"product_cat","embeddable":true,"href":"https:\/\/business.roovi.com\/ro\/wp-json\/wp\/v2\/product_cat?post=56197"},{"taxonomy":"product_tag","embeddable":true,"href":"https:\/\/business.roovi.com\/ro\/wp-json\/wp\/v2\/product_tag?post=56197"}],"curies":[{"name":"wp","href":"https:\/\/api.w.org\/{rel}","templated":true}]}}