{"id":56234,"date":"2022-06-14T14:45:12","date_gmt":"2022-06-14T14:45:12","guid":{"rendered":"https:\/\/business.roovi.com\/?post_type=product&#038;p=56234"},"modified":"2025-03-18T09:36:11","modified_gmt":"2025-03-18T09:36:11","slug":"puzzle-adulti-1000-piese-sailing","status":"publish","type":"product","link":"https:\/\/business.roovi.com\/ro\/puzzle-adulti-1000-piese-sailing\/p\/","title":{"rendered":"Puzzle Sailing &#8211; Puzzle adul\u021bi 1000 piese"},"content":{"rendered":"<h3><span style=\"font-weight: 400;\">Rezolvi rapid puzzle-uri complexe de 1000 piese? Ce-ai zice de o imagine spectaculoas\u0103, surprins\u0103 de un fotograf celebru, la cap\u0103tul lumii, \u00een \u021binuturile de ghea\u021b\u0103 din Groenlanda?<\/span><\/h3>\n<p><span style=\"font-weight: 400;\">Puzzle Sailing te poart\u0103 departe, pe coast\u0103 de est a Groenlandei, t\u0103r\u00e2mul ghe\u021barilor \u0219i al peisajelor de poveste, care \u00ee\u021bi taie r\u0103suflarea.<\/span><\/p>\n<p><span style=\"font-weight: 400;\">Puzzle Sailing red\u0103 imaginea splendid\u0103 a unei goelete cu dou\u0103 catarge \u00eencadrat\u0103 de uria\u0219a bolt\u0103 albastr\u0103 a unui iceberg spectaculos. Fotografia a fost realizat\u0103 de J<\/span><span style=\"font-weight: 400;\">ames Rushforth, unul dintre cei mai premia\u021bi fotografi din lume, \u00een expedi\u021bia sa din 2018 \u00een Groenlanda.\u00a0<\/span><\/p>\n<p><span style=\"font-weight: 400;\">Imaginea a devenit repede viral\u0103, National Geographic a desemnat-o fotografia zilei, iar <\/span><span style=\"font-weight: 400;\">Tokyo International Foto Awards i-a acordat Argintul la categoria Travel\/Tourism.<\/span><\/p>\n<h3><span style=\"font-weight: 400;\">Puzzle Sailing 1000 piese pentru mult timp de calitate cu cei dragi<\/span><\/h3>\n<p><span style=\"font-weight: 400;\">Cau\u021bi inspira\u021bie pentru timpul liber \u00een familie? Sau pentru weekend-urile prelungite cu prietenii? Alege Puzzle Sailing 1000 piese, un joc puzzle provocator care v\u0103 va \u021bine pe to\u021bi conecta\u021bi \u0219i relaxa\u021bi un timp \u00eendelungat.\u00a0<\/span><\/p>\n<p><span style=\"font-weight: 400;\">Piesele de puzzle sunt t\u0103iate cu precizie \u0219i se \u00eembin\u0103 perfect. Activitatea de asamblare este astfel o experien\u021b\u0103 pl\u0103cut\u0103, ideal\u0103 pentru a crea amintiri de neuitat al\u0103turi de cei dragi.\u00a0<\/span><\/p>\n<p><span style=\"font-weight: 400;\">Pentru momentele \u00een care vre\u021bi s\u0103 v\u0103 lini\u0219ti\u021bi \u0219i s\u0103 \u00eencetini\u021bi ritmul cotidian rapid, Puzzle Sailing, 1000 piese este alegerea cea mai bun\u0103. V\u0103 ajut\u0103 s\u0103 tr\u0103i\u021bi con\u0219tient \u0219i s\u0103 v\u0103 bucura\u021bi \u00eempreun\u0103 de momentul prezent, cel care conteaz\u0103 cu adev\u0103rat.<\/span><\/p>\n<h3><span style=\"font-weight: 400;\">\u0218tiai c\u0103\u2026<\/span><\/h3>\n<ul>\n<li style=\"font-weight: 400;\" aria-level=\"1\"><span style=\"font-weight: 400;\">Fotografia <\/span><i><span style=\"font-weight: 400;\">Sailing In The Arctic<\/span><\/i><span style=\"font-weight: 400;\"> redat\u0103 \u00een puzzle Sailing 1000 piese a fost realizat\u0103 \u00een apropierea satului inuit Ittoqqortoormiit, considerat una dintre cele mai izolate localit\u0103\u021bi din lume, cu o popula\u021bie de doar 350 de locuitori.<\/span><\/li>\n<li style=\"font-weight: 400;\" aria-level=\"1\"><i><span style=\"font-weight: 400;\">Sailing In The Arctic<\/span><\/i><span style=\"font-weight: 400;\"> este expresia sincroniz\u0103rii perfecte. Fotograful se afla pe corabia Opal, sora geam\u0103n\u0103 a goeletei din imagine \u0219i pentru a fotografia, a a\u0219teptat momentul \u00een care goeleta s-a \u00eencadrat <\/span><span style=\"font-weight: 400;\">perfect \u00een arcul gigantic al aisbergului.<\/span><\/li>\n<li style=\"font-weight: 400;\" aria-level=\"1\"><span style=\"font-weight: 400;\">O alt\u0103 fotografie a sa, tot din expedi\u021bia de pe coasta de est a Groenlandei, a fost selectat\u0103 \u00een 2019 de National Geographic printre favorite dintr-o selec\u021bie impresionant\u0103 de 10 milioane de imagini din lumea \u00eentreag\u0103.<\/span><\/li>\n<\/ul>\n<h3><span style=\"font-weight: 400;\">De ce s\u0103 alegi puzzle Sailing, 1000 piese<\/span><\/h3>\n<ul>\n<li style=\"font-weight: 400;\" aria-level=\"1\"><span style=\"font-weight: 400;\">Ai ocazia s\u0103 creezi un tablou fascinant, cu o imagine premiat\u0103, ce red\u0103 \u00een detaliu perfec\u021biunea lumii arctice pe care o po\u021bi admira din confortul casei tale.<\/span><\/li>\n<li style=\"font-weight: 400;\" aria-level=\"1\"><span style=\"font-weight: 400;\">Tabloul rezultat are dimensiuni generoase &#8211;<\/span><b> 68 x 47 cm<\/b><span style=\"font-weight: 400;\"> &#8211; \u0219i poate constitui o pies\u0103 decorativ\u0103 care \u00ee\u021bi va \u00eenfrumuse\u021ba locuin\u021ba.<\/span><\/li>\n<li style=\"font-weight: 400;\" aria-level=\"1\"><span style=\"font-weight: 400;\">Activitatea de asamblare este benefic\u0103 pentru s\u0103n\u0103tatea creierului, antreneaz\u0103 ambele emisfere cerebrale \u0219i <\/span><span style=\"font-weight: 400;\">reduce riscul de a dezvolta Alzheimer sau demen\u021b\u0103.<\/span><\/li>\n<li style=\"font-weight: 400;\" aria-level=\"1\"><span style=\"font-weight: 400;\">Sus\u021bine concentrarea pe o singur\u0103 sarcin\u0103 \u0219i memoria pe termen scurt.<\/span><\/li>\n<li style=\"font-weight: 400;\" aria-level=\"1\"><span style=\"font-weight: 400;\">Stimuleaz\u0103 secre\u021bia dopaminei &#8211; hormonul fericirii &#8211; \u0219i induce o stare de bine \u0219i optimism.<\/span><\/li>\n<\/ul>\n<h3><span style=\"font-weight: 400;\">Despre <\/span><span style=\"font-weight: 400;\">fotograful-explorator, <\/span><span style=\"font-weight: 400;\">James <\/span><span style=\"font-weight: 400;\">Rushforth, \u0219tiai c\u0103\u2026<\/span><\/h3>\n<p><span style=\"font-weight: 400;\">Are un palmares impresionant, fiind unul dintre cei mai premia\u021bi fotografi din lume.<\/span><\/p>\n<p><span style=\"font-weight: 400;\">Pasiunea pentru fotografie s-a n\u0103scut din cea pentru sporturi extreme. Alpinist \u0219i schior experimentat, James exploreaz\u0103 zone greu accesibile, cu peisaje spectaculoase la care mul\u021bi fotografi doar viseaz\u0103.<\/span><\/p>\n<p><span style=\"font-weight: 400;\">Dolomi\u021bii sunt o alt\u0103 pasiune a lui James <\/span><span style=\"font-weight: 400;\">Rushforth. \u0218i-a petrecut mult timp explor\u00e2nd aceast\u0103 regiune muntoas\u0103 \u0219i a scris 4 ghiduri de c\u0103l\u0103torie \u0219i fotografii despre ace\u0219tia.<\/span><\/p>\n<p><span style=\"font-weight: 400;\">Fascinat de cultura din Europa de Est, James a ajuns \u0219i \u00een Rom\u00e2nia. Se declar\u0103 fascinat de bog\u0103\u021bia multicultural\u0103 a \u021b\u0103rii noastre \u0219i este un veritabil promotor al turismului \u0219i tradi\u021biilor rom\u00e2ne\u0219ti.<\/span><\/p>\n<p><span style=\"font-weight: 400;\">Recompune imaginea perfect\u0103 a goeletei surprinse \u00een arcul de ghea\u021b\u0103 maiestuos din \u021binuturile Groenlandei \u0219i deconecteaz\u0103-te de la cotidian.\u00a0<\/span><\/p>\n<h3><strong>Vrei \u0219i mai multe ore de distrac\u021bie \u0219i relaxare? Descoper\u0103 \u00een cea mai nou\u0103 colec\u021bie ROOVI de puzzle 1000 piese alte 2 imagini fabuloase ale lui James Rushforth: <a href=\"https:\/\/business.roovi.com\/ro\/puzzle-adulti-1000-piese-watermill\/p\/\">Puzzle Watermill 1000 piese<\/a> \u0219i <a href=\"https:\/\/business.roovi.com\/ro\/puzzle-wild-owl-james-rushforth-puzzle-adulti-1000-piese\/p\/\">Puzzle Wild Owl<\/a>, 1000 piese pentru momente unice, care conteaz\u0103.<\/strong><\/h3>\n","protected":false},"excerpt":{"rendered":"<p>Rezolvi rapid puzzle-uri complexe de 1000 piese? Ce-ai zice de o imagine spectaculoas\u0103, surprins\u0103 de un fotograf celebru, la cap\u0103tul<\/p>\n","protected":false},"featured_media":56235,"template":"","meta":[],"product_brand":[],"product_cat":[1454,1488,1560],"product_tag":[],"class_list":{"0":"post-56234","1":"product","2":"type-product","3":"status-publish","4":"has-post-thumbnail","6":"product_cat-puzzle","7":"product_cat-puzzle-adulti","8":"product_cat-puzzle-adulti-1000","9":"pa_brand-d_toys","10":"pa_country_of_manufacture-ro","11":"pa_filter_age-14-2","12":"pa_painter-famousplaces","13":"pa_tip_ambalaj-cutie","14":"pa_tip_puzzle-clasic","16":"first","17":"instock","18":"taxable","19":"shipping-taxable","20":"product-type-simple"},"yoast_head":"<!-- This site is optimized with the Yoast SEO plugin v20.1 - https:\/\/yoast.com\/wordpress\/plugins\/seo\/ -->\n<title>Puzzle Sailing - Puzzle adul\u021bi 1000 piese - Roovi B2B<\/title>\n<meta name=\"robots\" content=\"index, follow, max-snippet:-1, max-image-preview:large, max-video-preview:-1\" \/>\n<link rel=\"canonical\" href=\"https:\/\/business.roovi.com\/ro\/puzzle-adulti-1000-piese-sailing\/p\/\" \/>\n<meta property=\"og:locale\" content=\"ro_RO\" \/>\n<meta property=\"og:type\" content=\"article\" \/>\n<meta property=\"og:title\" content=\"Puzzle Sailing - Puzzle adul\u021bi 1000 piese - Roovi B2B\" \/>\n<meta property=\"og:description\" content=\"Rezolvi rapid puzzle-uri complexe de 1000 piese? Ce-ai zice de o imagine spectaculoas\u0103, surprins\u0103 de un fotograf celebru, la cap\u0103tul\" \/>\n<meta property=\"og:url\" content=\"https:\/\/business.roovi.com\/ro\/puzzle-adulti-1000-piese-sailing\/p\/\" \/>\n<meta property=\"og:site_name\" content=\"Roovi B2B\" \/>\n<meta property=\"article:publisher\" content=\"https:\/\/www.facebook.com\/wwwjucariero\" \/>\n<meta property=\"article:modified_time\" content=\"2025-03-18T09:36:11+00:00\" \/>\n<meta property=\"og:image\" content=\"https:\/\/business.roovi.com\/wp-content\/uploads\/2022\/08\/01_MAIN-12.jpg\" \/>\n\t<meta property=\"og:image:width\" content=\"1200\" \/>\n\t<meta property=\"og:image:height\" content=\"1200\" \/>\n\t<meta property=\"og:image:type\" content=\"image\/jpeg\" \/>\n<meta name=\"twitter:label1\" content=\"Timp estimat pentru citire\" \/>\n\t<meta name=\"twitter:data1\" content=\"3 minute\" \/>\n<script type=\"application\/ld+json\" class=\"yoast-schema-graph\">{\"@context\":\"https:\/\/schema.org\",\"@graph\":[{\"@type\":\"WebPage\",\"@id\":\"https:\/\/business.roovi.com\/ro\/puzzle-adulti-1000-piese-sailing\/p\/\",\"url\":\"https:\/\/business.roovi.com\/ro\/puzzle-adulti-1000-piese-sailing\/p\/\",\"name\":\"Puzzle Sailing - Puzzle adul\u021bi 1000 piese - Roovi B2B\",\"isPartOf\":{\"@id\":\"https:\/\/business.roovi.com\/ro\/#website\"},\"datePublished\":\"2022-06-14T14:45:12+00:00\",\"dateModified\":\"2025-03-18T09:36:11+00:00\",\"breadcrumb\":{\"@id\":\"https:\/\/business.roovi.com\/ro\/puzzle-adulti-1000-piese-sailing\/p\/#breadcrumb\"},\"inLanguage\":\"ro-RO\",\"potentialAction\":[{\"@type\":\"ReadAction\",\"target\":[\"https:\/\/business.roovi.com\/ro\/puzzle-adulti-1000-piese-sailing\/p\/\"]}]},{\"@type\":\"BreadcrumbList\",\"@id\":\"https:\/\/business.roovi.com\/ro\/puzzle-adulti-1000-piese-sailing\/p\/#breadcrumb\",\"itemListElement\":[{\"@type\":\"ListItem\",\"position\":1,\"name\":\"Home\",\"item\":\"https:\/\/business.roovi.com\/ro\/\"},{\"@type\":\"ListItem\",\"position\":2,\"name\":\"Magazin\",\"item\":\"https:\/\/business.roovi.com\/ro\/magazin\/\"},{\"@type\":\"ListItem\",\"position\":3,\"name\":\"Puzzle Sailing &#8211; Puzzle adul\u021bi 1000 piese\"}]},{\"@type\":\"WebSite\",\"@id\":\"https:\/\/business.roovi.com\/ro\/#website\",\"url\":\"https:\/\/business.roovi.com\/ro\/\",\"name\":\"Roovi B2B\",\"description\":\"Roovi Business Website\",\"potentialAction\":[{\"@type\":\"SearchAction\",\"target\":{\"@type\":\"EntryPoint\",\"urlTemplate\":\"https:\/\/business.roovi.com\/ro\/?s={search_term_string}\"},\"query-input\":\"required name=search_term_string\"}],\"inLanguage\":\"ro-RO\"}]}<\/script>\n<!-- \/ Yoast SEO plugin. -->","yoast_head_json":{"title":"Puzzle Sailing - Puzzle adul\u021bi 1000 piese - Roovi B2B","robots":{"index":"index","follow":"follow","max-snippet":"max-snippet:-1","max-image-preview":"max-image-preview:large","max-video-preview":"max-video-preview:-1"},"canonical":"https:\/\/business.roovi.com\/ro\/puzzle-adulti-1000-piese-sailing\/p\/","og_locale":"ro_RO","og_type":"article","og_title":"Puzzle Sailing - Puzzle adul\u021bi 1000 piese - Roovi B2B","og_description":"Rezolvi rapid puzzle-uri complexe de 1000 piese? Ce-ai zice de o imagine spectaculoas\u0103, surprins\u0103 de un fotograf celebru, la cap\u0103tul","og_url":"https:\/\/business.roovi.com\/ro\/puzzle-adulti-1000-piese-sailing\/p\/","og_site_name":"Roovi B2B","article_publisher":"https:\/\/www.facebook.com\/wwwjucariero","article_modified_time":"2025-03-18T09:36:11+00:00","og_image":[{"width":1200,"height":1200,"url":"https:\/\/business.roovi.com\/wp-content\/uploads\/2022\/08\/01_MAIN-12.jpg","type":"image\/jpeg"}],"twitter_misc":{"Timp estimat pentru citire":"3 minute"},"schema":{"@context":"https:\/\/schema.org","@graph":[{"@type":"WebPage","@id":"https:\/\/business.roovi.com\/ro\/puzzle-adulti-1000-piese-sailing\/p\/","url":"https:\/\/business.roovi.com\/ro\/puzzle-adulti-1000-piese-sailing\/p\/","name":"Puzzle Sailing - Puzzle adul\u021bi 1000 piese - Roovi B2B","isPartOf":{"@id":"https:\/\/business.roovi.com\/ro\/#website"},"datePublished":"2022-06-14T14:45:12+00:00","dateModified":"2025-03-18T09:36:11+00:00","breadcrumb":{"@id":"https:\/\/business.roovi.com\/ro\/puzzle-adulti-1000-piese-sailing\/p\/#breadcrumb"},"inLanguage":"ro-RO","potentialAction":[{"@type":"ReadAction","target":["https:\/\/business.roovi.com\/ro\/puzzle-adulti-1000-piese-sailing\/p\/"]}]},{"@type":"BreadcrumbList","@id":"https:\/\/business.roovi.com\/ro\/puzzle-adulti-1000-piese-sailing\/p\/#breadcrumb","itemListElement":[{"@type":"ListItem","position":1,"name":"Home","item":"https:\/\/business.roovi.com\/ro\/"},{"@type":"ListItem","position":2,"name":"Magazin","item":"https:\/\/business.roovi.com\/ro\/magazin\/"},{"@type":"ListItem","position":3,"name":"Puzzle Sailing &#8211; Puzzle adul\u021bi 1000 piese"}]},{"@type":"WebSite","@id":"https:\/\/business.roovi.com\/ro\/#website","url":"https:\/\/business.roovi.com\/ro\/","name":"Roovi B2B","description":"Roovi Business Website","potentialAction":[{"@type":"SearchAction","target":{"@type":"EntryPoint","urlTemplate":"https:\/\/business.roovi.com\/ro\/?s={search_term_string}"},"query-input":"required name=search_term_string"}],"inLanguage":"ro-RO"}]}},"_links":{"self":[{"href":"https:\/\/business.roovi.com\/ro\/wp-json\/wp\/v2\/product\/56234","targetHints":{"allow":["GET"]}}],"collection":[{"href":"https:\/\/business.roovi.com\/ro\/wp-json\/wp\/v2\/product"}],"about":[{"href":"https:\/\/business.roovi.com\/ro\/wp-json\/wp\/v2\/types\/product"}],"version-history":[{"count":0,"href":"https:\/\/business.roovi.com\/ro\/wp-json\/wp\/v2\/product\/56234\/revisions"}],"wp:featuredmedia":[{"embeddable":true,"href":"https:\/\/business.roovi.com\/ro\/wp-json\/wp\/v2\/media\/56235"}],"wp:attachment":[{"href":"https:\/\/business.roovi.com\/ro\/wp-json\/wp\/v2\/media?parent=56234"}],"wp:term":[{"taxonomy":"product_brand","embeddable":true,"href":"https:\/\/business.roovi.com\/ro\/wp-json\/wp\/v2\/product_brand?post=56234"},{"taxonomy":"product_cat","embeddable":true,"href":"https:\/\/business.roovi.com\/ro\/wp-json\/wp\/v2\/product_cat?post=56234"},{"taxonomy":"product_tag","embeddable":true,"href":"https:\/\/business.roovi.com\/ro\/wp-json\/wp\/v2\/product_tag?post=56234"}],"curies":[{"name":"wp","href":"https:\/\/api.w.org\/{rel}","templated":true}]}}