{"id":56271,"date":"2022-06-14T14:44:06","date_gmt":"2022-06-14T14:44:06","guid":{"rendered":"https:\/\/business.roovi.com\/?post_type=product&#038;p=56271"},"modified":"2025-03-18T09:35:31","modified_gmt":"2025-03-18T09:35:31","slug":"puzzle-adulti-1000-piese-brazil","status":"publish","type":"product","link":"https:\/\/business.roovi.com\/ro\/puzzle-adulti-1000-piese-brazil\/p\/","title":{"rendered":"Puzzle Rio de Janeiro &#8211; Puzzle adul\u021bi 1000 piese"},"content":{"rendered":"<h4><em>Cu puzzle adul\u021bi 1000 piese &#8211;\u00a0<\/em><em>Rio de Janeiro\u00a0<\/em><em>admiri \u00eendeaproape o dansatoare exotic\u0103 de la celebrul carnaval din Brazilia.\u00a0<\/em><\/h4>\n<p>Puzzle adul\u021bi 1000 piese &#8211; Rio de Janeiro surprinde bucuria pur\u0103, precum \u0219i detalii fascinante ale costumului unei femei ce tr\u0103ie\u0219te magia carnavalului. Fericirea ei este contagioas\u0103, asambleaz\u0103 imaginea \u0219i te vei convinge!<\/p>\n<p>Tabloul final are dimensiunile de 68 x 47 cm, suficient pentru a constitui o pies\u0103 fascinant\u0103 de decor. Dac\u0103 \u00eens\u0103 \u00ee\u021bi plac provoc\u0103rile creative, po\u021bi desface piesele \u0219i reface imaginea ori de c\u00e2te ori dore\u0219ti.<\/p>\n<p>Utiliz\u0103m materiale de cea mai bun\u0103 calitate pentru a produce puzzle-urile ROOVI, a\u0219adar experien\u021ba de asamblare este minunat\u0103 de fiecare dat\u0103. Po\u021bi reface imaginea de nenum\u0103rate ori, tabloul ref\u0103cut este \u00eentotdeauna impecabil.<\/p>\n","protected":false},"excerpt":{"rendered":"<p>Cu puzzle adul\u021bi 1000 piese &#8211;\u00a0Rio de Janeiro\u00a0admiri \u00eendeaproape o dansatoare exotic\u0103 de la celebrul carnaval din Brazilia.\u00a0 Puzzle adul\u021bi<\/p>\n","protected":false},"featured_media":56272,"template":"","meta":[],"product_brand":[],"product_cat":[1454,1488,1560],"product_tag":[],"class_list":{"0":"post-56271","1":"product","2":"type-product","3":"status-publish","4":"has-post-thumbnail","6":"product_cat-puzzle","7":"product_cat-puzzle-adulti","8":"product_cat-puzzle-adulti-1000","9":"pa_brand-d_toys","10":"pa_country_of_manufacture-ro","11":"pa_filter_age-14-2","12":"pa_painter-famousplaces","13":"pa_tip_ambalaj-cutie","14":"pa_tip_puzzle-clasic","16":"first","17":"instock","18":"taxable","19":"shipping-taxable","20":"product-type-simple"},"yoast_head":"<!-- This site is optimized with the Yoast SEO plugin v20.1 - https:\/\/yoast.com\/wordpress\/plugins\/seo\/ -->\n<title>Puzzle Rio de Janeiro - Puzzle adul\u021bi 1000 piese - Roovi B2B<\/title>\n<meta name=\"robots\" content=\"index, follow, max-snippet:-1, max-image-preview:large, max-video-preview:-1\" \/>\n<link rel=\"canonical\" href=\"https:\/\/business.roovi.com\/ro\/puzzle-adulti-1000-piese-brazil\/p\/\" \/>\n<meta property=\"og:locale\" content=\"ro_RO\" \/>\n<meta property=\"og:type\" content=\"article\" \/>\n<meta property=\"og:title\" content=\"Puzzle Rio de Janeiro - Puzzle adul\u021bi 1000 piese - Roovi B2B\" \/>\n<meta property=\"og:description\" content=\"Cu puzzle adul\u021bi 1000 piese &#8211;\u00a0Rio de Janeiro\u00a0admiri \u00eendeaproape o dansatoare exotic\u0103 de la celebrul carnaval din Brazilia.\u00a0 Puzzle adul\u021bi\" \/>\n<meta property=\"og:url\" content=\"https:\/\/business.roovi.com\/ro\/puzzle-adulti-1000-piese-brazil\/p\/\" \/>\n<meta property=\"og:site_name\" content=\"Roovi B2B\" \/>\n<meta property=\"article:publisher\" content=\"https:\/\/www.facebook.com\/wwwjucariero\" \/>\n<meta property=\"article:modified_time\" content=\"2025-03-18T09:35:31+00:00\" \/>\n<meta property=\"og:image\" content=\"https:\/\/business.roovi.com\/wp-content\/uploads\/2022\/08\/01_MAIN-20.jpg\" \/>\n\t<meta property=\"og:image:width\" content=\"1200\" \/>\n\t<meta property=\"og:image:height\" content=\"1200\" \/>\n\t<meta property=\"og:image:type\" content=\"image\/jpeg\" \/>\n<meta name=\"twitter:label1\" content=\"Timp estimat pentru citire\" \/>\n\t<meta name=\"twitter:data1\" content=\"1 minut\" \/>\n<script type=\"application\/ld+json\" class=\"yoast-schema-graph\">{\"@context\":\"https:\/\/schema.org\",\"@graph\":[{\"@type\":\"WebPage\",\"@id\":\"https:\/\/business.roovi.com\/ro\/puzzle-adulti-1000-piese-brazil\/p\/\",\"url\":\"https:\/\/business.roovi.com\/ro\/puzzle-adulti-1000-piese-brazil\/p\/\",\"name\":\"Puzzle Rio de Janeiro - Puzzle adul\u021bi 1000 piese - Roovi B2B\",\"isPartOf\":{\"@id\":\"https:\/\/business.roovi.com\/ro\/#website\"},\"datePublished\":\"2022-06-14T14:44:06+00:00\",\"dateModified\":\"2025-03-18T09:35:31+00:00\",\"breadcrumb\":{\"@id\":\"https:\/\/business.roovi.com\/ro\/puzzle-adulti-1000-piese-brazil\/p\/#breadcrumb\"},\"inLanguage\":\"ro-RO\",\"potentialAction\":[{\"@type\":\"ReadAction\",\"target\":[\"https:\/\/business.roovi.com\/ro\/puzzle-adulti-1000-piese-brazil\/p\/\"]}]},{\"@type\":\"BreadcrumbList\",\"@id\":\"https:\/\/business.roovi.com\/ro\/puzzle-adulti-1000-piese-brazil\/p\/#breadcrumb\",\"itemListElement\":[{\"@type\":\"ListItem\",\"position\":1,\"name\":\"Home\",\"item\":\"https:\/\/business.roovi.com\/ro\/\"},{\"@type\":\"ListItem\",\"position\":2,\"name\":\"Magazin\",\"item\":\"https:\/\/business.roovi.com\/ro\/magazin\/\"},{\"@type\":\"ListItem\",\"position\":3,\"name\":\"Puzzle Rio de Janeiro &#8211; Puzzle adul\u021bi 1000 piese\"}]},{\"@type\":\"WebSite\",\"@id\":\"https:\/\/business.roovi.com\/ro\/#website\",\"url\":\"https:\/\/business.roovi.com\/ro\/\",\"name\":\"Roovi B2B\",\"description\":\"Roovi Business Website\",\"potentialAction\":[{\"@type\":\"SearchAction\",\"target\":{\"@type\":\"EntryPoint\",\"urlTemplate\":\"https:\/\/business.roovi.com\/ro\/?s={search_term_string}\"},\"query-input\":\"required name=search_term_string\"}],\"inLanguage\":\"ro-RO\"}]}<\/script>\n<!-- \/ Yoast SEO plugin. -->","yoast_head_json":{"title":"Puzzle Rio de Janeiro - Puzzle adul\u021bi 1000 piese - Roovi B2B","robots":{"index":"index","follow":"follow","max-snippet":"max-snippet:-1","max-image-preview":"max-image-preview:large","max-video-preview":"max-video-preview:-1"},"canonical":"https:\/\/business.roovi.com\/ro\/puzzle-adulti-1000-piese-brazil\/p\/","og_locale":"ro_RO","og_type":"article","og_title":"Puzzle Rio de Janeiro - Puzzle adul\u021bi 1000 piese - Roovi B2B","og_description":"Cu puzzle adul\u021bi 1000 piese &#8211;\u00a0Rio de Janeiro\u00a0admiri \u00eendeaproape o dansatoare exotic\u0103 de la celebrul carnaval din Brazilia.\u00a0 Puzzle adul\u021bi","og_url":"https:\/\/business.roovi.com\/ro\/puzzle-adulti-1000-piese-brazil\/p\/","og_site_name":"Roovi B2B","article_publisher":"https:\/\/www.facebook.com\/wwwjucariero","article_modified_time":"2025-03-18T09:35:31+00:00","og_image":[{"width":1200,"height":1200,"url":"https:\/\/business.roovi.com\/wp-content\/uploads\/2022\/08\/01_MAIN-20.jpg","type":"image\/jpeg"}],"twitter_misc":{"Timp estimat pentru citire":"1 minut"},"schema":{"@context":"https:\/\/schema.org","@graph":[{"@type":"WebPage","@id":"https:\/\/business.roovi.com\/ro\/puzzle-adulti-1000-piese-brazil\/p\/","url":"https:\/\/business.roovi.com\/ro\/puzzle-adulti-1000-piese-brazil\/p\/","name":"Puzzle Rio de Janeiro - Puzzle adul\u021bi 1000 piese - Roovi B2B","isPartOf":{"@id":"https:\/\/business.roovi.com\/ro\/#website"},"datePublished":"2022-06-14T14:44:06+00:00","dateModified":"2025-03-18T09:35:31+00:00","breadcrumb":{"@id":"https:\/\/business.roovi.com\/ro\/puzzle-adulti-1000-piese-brazil\/p\/#breadcrumb"},"inLanguage":"ro-RO","potentialAction":[{"@type":"ReadAction","target":["https:\/\/business.roovi.com\/ro\/puzzle-adulti-1000-piese-brazil\/p\/"]}]},{"@type":"BreadcrumbList","@id":"https:\/\/business.roovi.com\/ro\/puzzle-adulti-1000-piese-brazil\/p\/#breadcrumb","itemListElement":[{"@type":"ListItem","position":1,"name":"Home","item":"https:\/\/business.roovi.com\/ro\/"},{"@type":"ListItem","position":2,"name":"Magazin","item":"https:\/\/business.roovi.com\/ro\/magazin\/"},{"@type":"ListItem","position":3,"name":"Puzzle Rio de Janeiro &#8211; Puzzle adul\u021bi 1000 piese"}]},{"@type":"WebSite","@id":"https:\/\/business.roovi.com\/ro\/#website","url":"https:\/\/business.roovi.com\/ro\/","name":"Roovi B2B","description":"Roovi Business Website","potentialAction":[{"@type":"SearchAction","target":{"@type":"EntryPoint","urlTemplate":"https:\/\/business.roovi.com\/ro\/?s={search_term_string}"},"query-input":"required name=search_term_string"}],"inLanguage":"ro-RO"}]}},"_links":{"self":[{"href":"https:\/\/business.roovi.com\/ro\/wp-json\/wp\/v2\/product\/56271","targetHints":{"allow":["GET"]}}],"collection":[{"href":"https:\/\/business.roovi.com\/ro\/wp-json\/wp\/v2\/product"}],"about":[{"href":"https:\/\/business.roovi.com\/ro\/wp-json\/wp\/v2\/types\/product"}],"version-history":[{"count":0,"href":"https:\/\/business.roovi.com\/ro\/wp-json\/wp\/v2\/product\/56271\/revisions"}],"wp:featuredmedia":[{"embeddable":true,"href":"https:\/\/business.roovi.com\/ro\/wp-json\/wp\/v2\/media\/56272"}],"wp:attachment":[{"href":"https:\/\/business.roovi.com\/ro\/wp-json\/wp\/v2\/media?parent=56271"}],"wp:term":[{"taxonomy":"product_brand","embeddable":true,"href":"https:\/\/business.roovi.com\/ro\/wp-json\/wp\/v2\/product_brand?post=56271"},{"taxonomy":"product_cat","embeddable":true,"href":"https:\/\/business.roovi.com\/ro\/wp-json\/wp\/v2\/product_cat?post=56271"},{"taxonomy":"product_tag","embeddable":true,"href":"https:\/\/business.roovi.com\/ro\/wp-json\/wp\/v2\/product_tag?post=56271"}],"curies":[{"name":"wp","href":"https:\/\/api.w.org\/{rel}","templated":true}]}}