{"id":56485,"date":"2022-06-14T15:03:06","date_gmt":"2022-06-14T15:03:06","guid":{"rendered":"https:\/\/business.roovi.com\/?post_type=product&#038;p=56485"},"modified":"2023-03-20T21:20:30","modified_gmt":"2023-03-20T21:20:30","slug":"puzzle-adulti-1000-piese-glamorous","status":"publish","type":"product","link":"https:\/\/business.roovi.com\/ro\/puzzle-adulti-1000-piese-glamorous\/p\/","title":{"rendered":"Puzzle Glamorous &#8211; adul\u021bi 1000 piese"},"content":{"rendered":"<h4><em>Puzzle 1000 piese &#8211; Glamorous celebreaz\u0103 feminitatea, elegan\u021ba \u0219i energia feminin\u0103.<\/em><\/h4>\n<p>Ia-\u021bi c\u00e2teva ore doar pentru tine \u0219i bucur\u0103-te de o activitate recreativ\u0103, care-\u021bi relaxeaz\u0103 mintea \u0219i trupul. Sau profit\u0103 de acest puzzle glamorous \u0219i petrece c\u00e2teva ore distractive al\u0103turi de prietenele tale.<\/p>\n<p>Fiecare puzzle de la ROOVI este creat din materiale de calitate superioar\u0103, piesele se \u00eembin\u0103 perfect \u0219i rezist\u0103 la utiliz\u0103ri multiple. A\u0219adar, po\u021bi \u00eenr\u0103ma tabloul Glamorous Puzzle 1000 piese \u0219i crea un obiect decorativ \u00eenc\u00e2nt\u0103tor. Sau po\u021bi pune piesele \u00eenapoi \u00een cutie \u0219i reveni la ele ori de c\u00e2te ori sim\u021bi nevoia unei provoc\u0103ri creative.<\/p>\n<p>Puzzle 1000 piese &#8211; Glamorous\u00a0 este ambalat \u00eentr-o cutie rezistent\u0103, din carton de foarte bun\u0103 calitate \u0219i poate fi cadoul perfect pentru o adolescent\u0103 sau pentru orice pasionat de jocuri puzzle.<\/p>\n","protected":false},"excerpt":{"rendered":"<p>Puzzle 1000 piese &#8211; Glamorous celebreaz\u0103 feminitatea, elegan\u021ba \u0219i energia feminin\u0103. Ia-\u021bi c\u00e2teva ore doar pentru tine \u0219i bucur\u0103-te de<\/p>\n","protected":false},"featured_media":56486,"template":"","meta":[],"product_brand":[],"product_cat":[1454,1488,1560],"product_tag":[],"class_list":{"0":"post-56485","1":"product","2":"type-product","3":"status-publish","4":"has-post-thumbnail","6":"product_cat-puzzle","7":"product_cat-puzzle-adulti","8":"product_cat-puzzle-adulti-1000","9":"pa_brand-d_toys","10":"pa_country_of_manufacture-ro","11":"pa_filter_age-14-2","12":"pa_painter-highdifficulty","13":"pa_tip_ambalaj-cutie","14":"pa_tip_puzzle-clasic","16":"first","17":"instock","18":"taxable","19":"shipping-taxable","20":"product-type-simple"},"yoast_head":"<!-- This site is optimized with the Yoast SEO plugin v20.1 - https:\/\/yoast.com\/wordpress\/plugins\/seo\/ -->\n<title>Puzzle Glamorous - adul\u021bi 1000 piese - Roovi B2B<\/title>\n<meta name=\"robots\" content=\"index, follow, max-snippet:-1, max-image-preview:large, max-video-preview:-1\" \/>\n<link rel=\"canonical\" href=\"https:\/\/business.roovi.com\/ro\/puzzle-adulti-1000-piese-glamorous\/p\/\" \/>\n<meta property=\"og:locale\" content=\"ro_RO\" \/>\n<meta property=\"og:type\" content=\"article\" \/>\n<meta property=\"og:title\" content=\"Puzzle Glamorous - adul\u021bi 1000 piese - Roovi B2B\" \/>\n<meta property=\"og:description\" content=\"Puzzle 1000 piese &#8211; Glamorous celebreaz\u0103 feminitatea, elegan\u021ba \u0219i energia feminin\u0103. Ia-\u021bi c\u00e2teva ore doar pentru tine \u0219i bucur\u0103-te de\" \/>\n<meta property=\"og:url\" content=\"https:\/\/business.roovi.com\/ro\/puzzle-adulti-1000-piese-glamorous\/p\/\" \/>\n<meta property=\"og:site_name\" content=\"Roovi B2B\" \/>\n<meta property=\"article:publisher\" content=\"https:\/\/www.facebook.com\/wwwjucariero\" \/>\n<meta property=\"article:modified_time\" content=\"2023-03-20T21:20:30+00:00\" \/>\n<meta property=\"og:image\" content=\"https:\/\/business.roovi.com\/wp-content\/uploads\/2022\/08\/01_MAIN-17.jpg\" \/>\n\t<meta property=\"og:image:width\" content=\"1200\" \/>\n\t<meta property=\"og:image:height\" content=\"1200\" \/>\n\t<meta property=\"og:image:type\" content=\"image\/jpeg\" \/>\n<meta name=\"twitter:label1\" content=\"Timp estimat pentru citire\" \/>\n\t<meta name=\"twitter:data1\" content=\"1 minut\" \/>\n<script type=\"application\/ld+json\" class=\"yoast-schema-graph\">{\"@context\":\"https:\/\/schema.org\",\"@graph\":[{\"@type\":\"WebPage\",\"@id\":\"https:\/\/business.roovi.com\/ro\/puzzle-adulti-1000-piese-glamorous\/p\/\",\"url\":\"https:\/\/business.roovi.com\/ro\/puzzle-adulti-1000-piese-glamorous\/p\/\",\"name\":\"Puzzle Glamorous - adul\u021bi 1000 piese - Roovi B2B\",\"isPartOf\":{\"@id\":\"https:\/\/business.roovi.com\/ro\/#website\"},\"datePublished\":\"2022-06-14T15:03:06+00:00\",\"dateModified\":\"2023-03-20T21:20:30+00:00\",\"breadcrumb\":{\"@id\":\"https:\/\/business.roovi.com\/ro\/puzzle-adulti-1000-piese-glamorous\/p\/#breadcrumb\"},\"inLanguage\":\"ro-RO\",\"potentialAction\":[{\"@type\":\"ReadAction\",\"target\":[\"https:\/\/business.roovi.com\/ro\/puzzle-adulti-1000-piese-glamorous\/p\/\"]}]},{\"@type\":\"BreadcrumbList\",\"@id\":\"https:\/\/business.roovi.com\/ro\/puzzle-adulti-1000-piese-glamorous\/p\/#breadcrumb\",\"itemListElement\":[{\"@type\":\"ListItem\",\"position\":1,\"name\":\"Home\",\"item\":\"https:\/\/business.roovi.com\/ro\/\"},{\"@type\":\"ListItem\",\"position\":2,\"name\":\"Magazin\",\"item\":\"https:\/\/business.roovi.com\/ro\/magazin\/\"},{\"@type\":\"ListItem\",\"position\":3,\"name\":\"Puzzle Glamorous &#8211; adul\u021bi 1000 piese\"}]},{\"@type\":\"WebSite\",\"@id\":\"https:\/\/business.roovi.com\/ro\/#website\",\"url\":\"https:\/\/business.roovi.com\/ro\/\",\"name\":\"Roovi B2B\",\"description\":\"Roovi Business Website\",\"potentialAction\":[{\"@type\":\"SearchAction\",\"target\":{\"@type\":\"EntryPoint\",\"urlTemplate\":\"https:\/\/business.roovi.com\/ro\/?s={search_term_string}\"},\"query-input\":\"required name=search_term_string\"}],\"inLanguage\":\"ro-RO\"}]}<\/script>\n<!-- \/ Yoast SEO plugin. -->","yoast_head_json":{"title":"Puzzle Glamorous - adul\u021bi 1000 piese - Roovi B2B","robots":{"index":"index","follow":"follow","max-snippet":"max-snippet:-1","max-image-preview":"max-image-preview:large","max-video-preview":"max-video-preview:-1"},"canonical":"https:\/\/business.roovi.com\/ro\/puzzle-adulti-1000-piese-glamorous\/p\/","og_locale":"ro_RO","og_type":"article","og_title":"Puzzle Glamorous - adul\u021bi 1000 piese - Roovi B2B","og_description":"Puzzle 1000 piese &#8211; Glamorous celebreaz\u0103 feminitatea, elegan\u021ba \u0219i energia feminin\u0103. Ia-\u021bi c\u00e2teva ore doar pentru tine \u0219i bucur\u0103-te de","og_url":"https:\/\/business.roovi.com\/ro\/puzzle-adulti-1000-piese-glamorous\/p\/","og_site_name":"Roovi B2B","article_publisher":"https:\/\/www.facebook.com\/wwwjucariero","article_modified_time":"2023-03-20T21:20:30+00:00","og_image":[{"width":1200,"height":1200,"url":"https:\/\/business.roovi.com\/wp-content\/uploads\/2022\/08\/01_MAIN-17.jpg","type":"image\/jpeg"}],"twitter_misc":{"Timp estimat pentru citire":"1 minut"},"schema":{"@context":"https:\/\/schema.org","@graph":[{"@type":"WebPage","@id":"https:\/\/business.roovi.com\/ro\/puzzle-adulti-1000-piese-glamorous\/p\/","url":"https:\/\/business.roovi.com\/ro\/puzzle-adulti-1000-piese-glamorous\/p\/","name":"Puzzle Glamorous - adul\u021bi 1000 piese - Roovi B2B","isPartOf":{"@id":"https:\/\/business.roovi.com\/ro\/#website"},"datePublished":"2022-06-14T15:03:06+00:00","dateModified":"2023-03-20T21:20:30+00:00","breadcrumb":{"@id":"https:\/\/business.roovi.com\/ro\/puzzle-adulti-1000-piese-glamorous\/p\/#breadcrumb"},"inLanguage":"ro-RO","potentialAction":[{"@type":"ReadAction","target":["https:\/\/business.roovi.com\/ro\/puzzle-adulti-1000-piese-glamorous\/p\/"]}]},{"@type":"BreadcrumbList","@id":"https:\/\/business.roovi.com\/ro\/puzzle-adulti-1000-piese-glamorous\/p\/#breadcrumb","itemListElement":[{"@type":"ListItem","position":1,"name":"Home","item":"https:\/\/business.roovi.com\/ro\/"},{"@type":"ListItem","position":2,"name":"Magazin","item":"https:\/\/business.roovi.com\/ro\/magazin\/"},{"@type":"ListItem","position":3,"name":"Puzzle Glamorous &#8211; adul\u021bi 1000 piese"}]},{"@type":"WebSite","@id":"https:\/\/business.roovi.com\/ro\/#website","url":"https:\/\/business.roovi.com\/ro\/","name":"Roovi B2B","description":"Roovi Business Website","potentialAction":[{"@type":"SearchAction","target":{"@type":"EntryPoint","urlTemplate":"https:\/\/business.roovi.com\/ro\/?s={search_term_string}"},"query-input":"required name=search_term_string"}],"inLanguage":"ro-RO"}]}},"_links":{"self":[{"href":"https:\/\/business.roovi.com\/ro\/wp-json\/wp\/v2\/product\/56485","targetHints":{"allow":["GET"]}}],"collection":[{"href":"https:\/\/business.roovi.com\/ro\/wp-json\/wp\/v2\/product"}],"about":[{"href":"https:\/\/business.roovi.com\/ro\/wp-json\/wp\/v2\/types\/product"}],"version-history":[{"count":0,"href":"https:\/\/business.roovi.com\/ro\/wp-json\/wp\/v2\/product\/56485\/revisions"}],"wp:featuredmedia":[{"embeddable":true,"href":"https:\/\/business.roovi.com\/ro\/wp-json\/wp\/v2\/media\/56486"}],"wp:attachment":[{"href":"https:\/\/business.roovi.com\/ro\/wp-json\/wp\/v2\/media?parent=56485"}],"wp:term":[{"taxonomy":"product_brand","embeddable":true,"href":"https:\/\/business.roovi.com\/ro\/wp-json\/wp\/v2\/product_brand?post=56485"},{"taxonomy":"product_cat","embeddable":true,"href":"https:\/\/business.roovi.com\/ro\/wp-json\/wp\/v2\/product_cat?post=56485"},{"taxonomy":"product_tag","embeddable":true,"href":"https:\/\/business.roovi.com\/ro\/wp-json\/wp\/v2\/product_tag?post=56485"}],"curies":[{"name":"wp","href":"https:\/\/api.w.org\/{rel}","templated":true}]}}