{"id":56559,"date":"2022-06-14T15:00:40","date_gmt":"2022-06-14T15:00:40","guid":{"rendered":"https:\/\/business.roovi.com\/?post_type=product&#038;p=56559"},"modified":"2025-03-18T10:29:30","modified_gmt":"2025-03-18T10:29:30","slug":"puzzle-adulti-1000-piese-cats-with-hats","status":"publish","type":"product","link":"https:\/\/business.roovi.com\/ro\/puzzle-adulti-1000-piese-cats-with-hats\/p\/","title":{"rendered":"Puzzle Cats with Hats &#8211; Puzzle adul\u021bi 1000 piese"},"content":{"rendered":"<h4><em>Cu p\u0103l\u0103rie, \u0219apc\u0103, papion sau cravat\u0103; magician, chef, detectiv sau contes\u0103 &#8211; a\u0219a se v\u0103d pisicile prin ochii arti\u0219tilor de la ROOVI. <\/em><\/h4>\n<p>Puzzle 1000 piese &#8211; Cats with Hats este o ilustra\u021bie adorabil\u0103, creat\u0103 pentru to\u021bi iubitorii jocurilor puzzle \u0219i ai acestor feline fascinante.<\/p>\n<p>Adun\u0103 \u00een jurul imaginii pe to\u021bi cei dragi ai t\u0103i \u0219i bucura\u021bi-v\u0103 \u00eempreun\u0103 de multe ore de distrac\u021bie \u0219i relaxare.<\/p>\n<p>Puzzle 1000 piese &#8211; Cats with Hats\u00a0 poate fi un cadou amuzant \u0219i educativ pe care \u00eel po\u021bi oferi oricui, de la adolescen\u021bi, la persoane de v\u00e2rsta a treia.<\/p>\n","protected":false},"excerpt":{"rendered":"<p>Cu p\u0103l\u0103rie, \u0219apc\u0103, papion sau cravat\u0103; magician, chef, detectiv sau contes\u0103 &#8211; a\u0219a se v\u0103d pisicile prin ochii arti\u0219tilor de<\/p>\n","protected":false},"featured_media":56560,"template":"","meta":[],"product_brand":[],"product_cat":[1607,1608,1610],"product_tag":[],"class_list":{"0":"post-56559","1":"product","2":"type-product","3":"status-publish","4":"has-post-thumbnail","6":"product_cat-puzzles","7":"product_cat-adult-jigsaw-puzzles","8":"product_cat-1000-piece-jigsaw-puzzles","9":"pa_brand-d_toys-en","10":"pa_country_of_manufacture-ro-en","11":"pa_filter_age-14-2-2","12":"pa_painter-highdifficulty-en","13":"pa_tip_ambalaj-box","14":"pa_tip_puzzle-classic","16":"first","17":"instock","18":"taxable","19":"shipping-taxable","20":"product-type-simple"},"yoast_head":"<!-- This site is optimized with the Yoast SEO plugin v20.1 - https:\/\/yoast.com\/wordpress\/plugins\/seo\/ -->\n<title>Puzzle Cats with Hats - Puzzle adul\u021bi 1000 piese - Roovi B2B<\/title>\n<meta name=\"robots\" content=\"index, follow, max-snippet:-1, max-image-preview:large, max-video-preview:-1\" \/>\n<link rel=\"canonical\" href=\"https:\/\/business.roovi.com\/ro\/puzzle-adulti-1000-piese-cats-with-hats\/p\/\" \/>\n<meta property=\"og:locale\" content=\"ro_RO\" \/>\n<meta property=\"og:type\" content=\"article\" \/>\n<meta property=\"og:title\" content=\"Puzzle Cats with Hats - Puzzle adul\u021bi 1000 piese - Roovi B2B\" \/>\n<meta property=\"og:description\" content=\"Cu p\u0103l\u0103rie, \u0219apc\u0103, papion sau cravat\u0103; magician, chef, detectiv sau contes\u0103 &#8211; a\u0219a se v\u0103d pisicile prin ochii arti\u0219tilor de\" \/>\n<meta property=\"og:url\" content=\"https:\/\/business.roovi.com\/ro\/puzzle-adulti-1000-piese-cats-with-hats\/p\/\" \/>\n<meta property=\"og:site_name\" content=\"Roovi B2B\" \/>\n<meta property=\"article:publisher\" content=\"https:\/\/www.facebook.com\/wwwjucariero\" \/>\n<meta property=\"article:modified_time\" content=\"2025-03-18T10:29:30+00:00\" \/>\n<meta property=\"og:image\" content=\"https:\/\/business.roovi.com\/wp-content\/uploads\/2022\/08\/01_MAIN-10.jpg\" \/>\n\t<meta property=\"og:image:width\" content=\"1200\" \/>\n\t<meta property=\"og:image:height\" content=\"1200\" \/>\n\t<meta property=\"og:image:type\" content=\"image\/jpeg\" \/>\n<meta name=\"twitter:label1\" content=\"Timp estimat pentru citire\" \/>\n\t<meta name=\"twitter:data1\" content=\"1 minut\" \/>\n<script type=\"application\/ld+json\" class=\"yoast-schema-graph\">{\"@context\":\"https:\/\/schema.org\",\"@graph\":[{\"@type\":\"WebPage\",\"@id\":\"https:\/\/business.roovi.com\/ro\/puzzle-adulti-1000-piese-cats-with-hats\/p\/\",\"url\":\"https:\/\/business.roovi.com\/ro\/puzzle-adulti-1000-piese-cats-with-hats\/p\/\",\"name\":\"Puzzle Cats with Hats - Puzzle adul\u021bi 1000 piese - Roovi B2B\",\"isPartOf\":{\"@id\":\"https:\/\/business.roovi.com\/ro\/#website\"},\"datePublished\":\"2022-06-14T15:00:40+00:00\",\"dateModified\":\"2025-03-18T10:29:30+00:00\",\"breadcrumb\":{\"@id\":\"https:\/\/business.roovi.com\/ro\/puzzle-adulti-1000-piese-cats-with-hats\/p\/#breadcrumb\"},\"inLanguage\":\"ro-RO\",\"potentialAction\":[{\"@type\":\"ReadAction\",\"target\":[\"https:\/\/business.roovi.com\/ro\/puzzle-adulti-1000-piese-cats-with-hats\/p\/\"]}]},{\"@type\":\"BreadcrumbList\",\"@id\":\"https:\/\/business.roovi.com\/ro\/puzzle-adulti-1000-piese-cats-with-hats\/p\/#breadcrumb\",\"itemListElement\":[{\"@type\":\"ListItem\",\"position\":1,\"name\":\"Home\",\"item\":\"https:\/\/business.roovi.com\/ro\/\"},{\"@type\":\"ListItem\",\"position\":2,\"name\":\"Magazin\",\"item\":\"https:\/\/business.roovi.com\/ro\/magazin\/\"},{\"@type\":\"ListItem\",\"position\":3,\"name\":\"Puzzle Cats with Hats &#8211; Puzzle adul\u021bi 1000 piese\"}]},{\"@type\":\"WebSite\",\"@id\":\"https:\/\/business.roovi.com\/ro\/#website\",\"url\":\"https:\/\/business.roovi.com\/ro\/\",\"name\":\"Roovi B2B\",\"description\":\"Roovi Business Website\",\"potentialAction\":[{\"@type\":\"SearchAction\",\"target\":{\"@type\":\"EntryPoint\",\"urlTemplate\":\"https:\/\/business.roovi.com\/ro\/?s={search_term_string}\"},\"query-input\":\"required name=search_term_string\"}],\"inLanguage\":\"ro-RO\"}]}<\/script>\n<!-- \/ Yoast SEO plugin. -->","yoast_head_json":{"title":"Puzzle Cats with Hats - Puzzle adul\u021bi 1000 piese - Roovi B2B","robots":{"index":"index","follow":"follow","max-snippet":"max-snippet:-1","max-image-preview":"max-image-preview:large","max-video-preview":"max-video-preview:-1"},"canonical":"https:\/\/business.roovi.com\/ro\/puzzle-adulti-1000-piese-cats-with-hats\/p\/","og_locale":"ro_RO","og_type":"article","og_title":"Puzzle Cats with Hats - Puzzle adul\u021bi 1000 piese - Roovi B2B","og_description":"Cu p\u0103l\u0103rie, \u0219apc\u0103, papion sau cravat\u0103; magician, chef, detectiv sau contes\u0103 &#8211; a\u0219a se v\u0103d pisicile prin ochii arti\u0219tilor de","og_url":"https:\/\/business.roovi.com\/ro\/puzzle-adulti-1000-piese-cats-with-hats\/p\/","og_site_name":"Roovi B2B","article_publisher":"https:\/\/www.facebook.com\/wwwjucariero","article_modified_time":"2025-03-18T10:29:30+00:00","og_image":[{"width":1200,"height":1200,"url":"https:\/\/business.roovi.com\/wp-content\/uploads\/2022\/08\/01_MAIN-10.jpg","type":"image\/jpeg"}],"twitter_misc":{"Timp estimat pentru citire":"1 minut"},"schema":{"@context":"https:\/\/schema.org","@graph":[{"@type":"WebPage","@id":"https:\/\/business.roovi.com\/ro\/puzzle-adulti-1000-piese-cats-with-hats\/p\/","url":"https:\/\/business.roovi.com\/ro\/puzzle-adulti-1000-piese-cats-with-hats\/p\/","name":"Puzzle Cats with Hats - Puzzle adul\u021bi 1000 piese - Roovi B2B","isPartOf":{"@id":"https:\/\/business.roovi.com\/ro\/#website"},"datePublished":"2022-06-14T15:00:40+00:00","dateModified":"2025-03-18T10:29:30+00:00","breadcrumb":{"@id":"https:\/\/business.roovi.com\/ro\/puzzle-adulti-1000-piese-cats-with-hats\/p\/#breadcrumb"},"inLanguage":"ro-RO","potentialAction":[{"@type":"ReadAction","target":["https:\/\/business.roovi.com\/ro\/puzzle-adulti-1000-piese-cats-with-hats\/p\/"]}]},{"@type":"BreadcrumbList","@id":"https:\/\/business.roovi.com\/ro\/puzzle-adulti-1000-piese-cats-with-hats\/p\/#breadcrumb","itemListElement":[{"@type":"ListItem","position":1,"name":"Home","item":"https:\/\/business.roovi.com\/ro\/"},{"@type":"ListItem","position":2,"name":"Magazin","item":"https:\/\/business.roovi.com\/ro\/magazin\/"},{"@type":"ListItem","position":3,"name":"Puzzle Cats with Hats &#8211; Puzzle adul\u021bi 1000 piese"}]},{"@type":"WebSite","@id":"https:\/\/business.roovi.com\/ro\/#website","url":"https:\/\/business.roovi.com\/ro\/","name":"Roovi B2B","description":"Roovi Business Website","potentialAction":[{"@type":"SearchAction","target":{"@type":"EntryPoint","urlTemplate":"https:\/\/business.roovi.com\/ro\/?s={search_term_string}"},"query-input":"required name=search_term_string"}],"inLanguage":"ro-RO"}]}},"_links":{"self":[{"href":"https:\/\/business.roovi.com\/ro\/wp-json\/wp\/v2\/product\/56559","targetHints":{"allow":["GET"]}}],"collection":[{"href":"https:\/\/business.roovi.com\/ro\/wp-json\/wp\/v2\/product"}],"about":[{"href":"https:\/\/business.roovi.com\/ro\/wp-json\/wp\/v2\/types\/product"}],"version-history":[{"count":0,"href":"https:\/\/business.roovi.com\/ro\/wp-json\/wp\/v2\/product\/56559\/revisions"}],"wp:featuredmedia":[{"embeddable":true,"href":"https:\/\/business.roovi.com\/ro\/wp-json\/wp\/v2\/media\/56560"}],"wp:attachment":[{"href":"https:\/\/business.roovi.com\/ro\/wp-json\/wp\/v2\/media?parent=56559"}],"wp:term":[{"taxonomy":"product_brand","embeddable":true,"href":"https:\/\/business.roovi.com\/ro\/wp-json\/wp\/v2\/product_brand?post=56559"},{"taxonomy":"product_cat","embeddable":true,"href":"https:\/\/business.roovi.com\/ro\/wp-json\/wp\/v2\/product_cat?post=56559"},{"taxonomy":"product_tag","embeddable":true,"href":"https:\/\/business.roovi.com\/ro\/wp-json\/wp\/v2\/product_tag?post=56559"}],"curies":[{"name":"wp","href":"https:\/\/api.w.org\/{rel}","templated":true}]}}