{"id":56781,"date":"2022-06-14T14:11:35","date_gmt":"2022-06-14T14:11:35","guid":{"rendered":"https:\/\/business.roovi.com\/?post_type=product&#038;p=56781"},"modified":"2025-03-18T10:12:04","modified_gmt":"2025-03-18T10:12:04","slug":"puzzle-adulti-1000-piese-watermill","status":"publish","type":"product","link":"https:\/\/business.roovi.com\/ro\/puzzle-adulti-1000-piese-watermill\/p\/","title":{"rendered":"Puzzle Watermill \u2013 James Rushforth \u2013 Puzzle adul\u021bi 1000 piese"},"content":{"rendered":"<h3>Cau\u021bi un joc puzzle spectaculos pentru deconectare sau timp de calitate cu cei dragi? Alege Puzzle Watermill, 1000 piese \u0219i bucur\u0103-te de o experien\u021b\u0103 creativ\u0103 \u0219i relaxant\u0103.<\/h3>\n<p>Imaginea din Puzzle Watermill 1000 piese red\u0103 fotografia omonim\u0103 realizat\u0103 de celebrul\u00a0 fotograf britanic\u00a0James\u00a0Rushforth \u00een nordul Lake District, o regiune pe care a explorat-o \u00eenc\u0103 din copil\u0103rie.<\/p>\n<p>Vechea moar\u0103 de ap\u0103 din acest cadru feeric aminte\u0219te de trecut, c\u00e2nd\u00a0timpul \u00eenc\u0103 mai avea r\u0103bdare \u0219i se scurgea lin. Un puzzle 1000 piese te ajut\u0103 s\u0103 \u00eencetine\u0219ti ritmul rapid de via\u021b\u0103 \u0219i s\u0103 tr\u0103ie\u0219ti con\u0219tient momentul prezent.<\/p>\n<p>La final, te bucuri de un peisaj superb surprins cu m\u0103iestrie de obiectivul aparatului de fotografiat \u0219i redat impecabil \u00eentr-un puzzle pentru adul\u021bi. Imaginea asamblat\u0103 este un tablou decorativ care va da personalitate oric\u0103rui loc anost din casa ta.<\/p>\n<h3>De ce s\u0103 alegi Puzzle Watermill, 1000 piese<\/h3>\n<ul>\n<li>Ai ocazia s\u0103 creezi un tablou fascinant, cu o imagine premiat\u0103, ce red\u0103 \u00een detaliu perfec\u021biunea naturii pe care o po\u021bi admira din confortul casei tale.<\/li>\n<li>Dimensiunile tabloului sunt de\u00a0<b>68 x 47 cm,\u00a0<\/b>suficient de generoase pentru a constitui o pies\u0103 central\u0103 de decor.<\/li>\n<li>Este produs din carton de calitate superioar\u0103, cu grosime de 2 mm. Piesele se \u00eembin\u0103 perfect, iar dac\u0103 \u00ee\u021bi place s\u0103 refaci puzzle-ul de nenum\u0103rate ori, ob\u021bii de fiecare dat\u0103 o imagine compact\u0103.<\/li>\n<li>Activitatea antreneaz\u0103 ambele emisfere cerebrale, men\u021bine creierul activ \u0219i\u00a0reduce riscul de a dezvolta boli precum Alzheimer-ul sau demen\u021ba.<\/li>\n<li>Puzzle-ul este ambalat \u00eentr-o cutie elegant\u0103, cu grafic\u0103 de excep\u021bie \u0219i se preteaz\u0103 pentru a fi oferit cadou la diverse ocazii de s\u0103rb\u0103toare.<\/li>\n<\/ul>\n<h3>\u0218tiai c\u0103\u2026<\/h3>\n<ul>\n<li>Moara din imagine era folosit\u0103 \u00een trecut de oamenii locului pentru a m\u0103cina porumb. Ulterior, a fost dezafectat\u0103 \u0219i transformat\u0103 \u00een locuin\u021b\u0103.<\/li>\n<li>Fotografia\u00a0<i>The Mill<\/i>\u00a0i-a adus lui James premiul al treilea \u00een competi\u021bia interna\u021bional\u0103 MIFA (Moscow International Foto Awards) din 2022.<\/li>\n<li>\u00cen regiunea Lake District a fost inventat creionul de grafit. La Keswick exist\u0103 Muzeul Creionului unde se pot admira exponate unicat, precum \u0219i cel mai mult creion colorat din lume care are 7,9 m \u0219i 446,36 kg.<\/li>\n<li>\u0218i tot \u00een Lake District, 2 sate sunt acoperite de apele unuia dintre lacurile din regiune. \u00cen perioadele secetoase, c\u00e2nd nivelul apei scade, se pot vedea ruinele cl\u0103dirilor din aceste sate.<\/li>\n<\/ul>\n<h3>\u00a0Puzzle Watermill, 1000 piese pentru momente de relaxare \u0219i conectare<\/h3>\n<p>Asamblarea unui puzzle 1000 piese \u00eenseamn\u0103 un timp de calitate cu tine \u00eensu\u021bi sau cu cineva drag.<\/p>\n<p>Puzzle 1000 piese \u2013 Watermill poate fi o bun\u0103 ocazie pentru a te conecta cu copiii t\u0103i adolescen\u021bii. \u00cen timp ce pune\u021bi piesele \u00een ordine, poveste\u0219te-le despre morile de ap\u0103 \u0219i vremurile din trecut. Deta\u0219a\u021bi-v\u0103 de la grijile cotidiene \u0219i pre\u021bui\u021bi \u00eempreun\u0103 momentul prezent.<\/p>\n<h3>Despre\u00a0fotograful-explorator,\u00a0James\u00a0Rushforth, \u0219tiai c\u0103\u2026<\/h3>\n<ul>\n<li>Face parte din echipa de fotografi a comunit\u0103\u021bii Your Shot \u2013 National Geographic \u0219i are un palmares impresionant, fiind unul dintre cei mai premia\u021bi fotografi din lume.<\/li>\n<li>Fotografiile sale din zone spectaculoase din Islanda, coasta de est a Groenlandei sau Dolomi\u021bi au f\u0103cut \u00eenconjurul lumii, fiind\u00a0publicate \u00een ghiduri \u0219i reviste de specialitate din \u00eentreaga lume.<\/li>\n<li>Pasiunea pentru fotografie s-a n\u0103scut din cea pentru sporturi extreme. Alpinist \u0219i schior experimentat, James exploreaz\u0103 zone greu accesibile, cu peisaje spectaculoase la care mul\u021bi fotografi doar viseaz\u0103.<\/li>\n<li>Dolomi\u021bii sunt o alt\u0103 pasiune a lui James\u00a0Rushforth. \u0218i-a petrecut mult timp explor\u00e2nd acest\u0103 regiune muntoas\u0103 \u0219i a scris 4 ghiduri de c\u0103l\u0103torie \u0219i fotografii despre ace\u0219tia.<\/li>\n<li>Fascinat de cultura din Europa de Est, James a ajuns \u0219i \u00een Rom\u00e2nia. Se declar\u0103 fascinat de bog\u0103\u021bia multicultural\u0103 a \u021b\u0103rii noastre \u0219i este un veritabil promotor al turismului \u0219i tradi\u021biilor rom\u00e2ne\u0219ti.<\/li>\n<\/ul>\n<p><b>Vrei \u0219i mai multe ore de distrac\u021bie \u0219i relaxare? Descoper\u0103 \u00een cea mai nou\u0103 colec\u021bie ROOVI de puzzle 1000 piese alte 2 imagini fabuloase ale lui\u00a0<\/b><b>James\u00a0<\/b><b>Rushforth:\u00a0<a href=\"https:\/\/business.roovi.com\/ro\/puzzle-sailing-james-rushforth-puzzle-adulti-1000-piese\/p\/\">Puzzle Sailing 1000 piese\u00a0<\/a>\u0219i\u00a0<a href=\"https:\/\/business.roovi.com\/ro\/puzzle-wild-owl-james-rushforth-puzzle-adulti-1000-piese\/p\/\">Puzzle Wild Owl 1000 piese<\/a>, pentru momente unice, care conteaz\u0103.<\/b><\/p>\n","protected":false},"excerpt":{"rendered":"<p>Cau\u021bi un joc puzzle spectaculos pentru deconectare sau timp de calitate cu cei dragi? Alege Puzzle Watermill, 1000 piese \u0219i<\/p>\n","protected":false},"featured_media":56782,"template":"","meta":[],"product_brand":[],"product_cat":[1454,1488,1560],"product_tag":[],"class_list":{"0":"post-56781","1":"product","2":"type-product","3":"status-publish","4":"has-post-thumbnail","6":"product_cat-puzzle","7":"product_cat-puzzle-adulti","8":"product_cat-puzzle-adulti-1000","9":"pa_bax-1273","10":"pa_brand-d_toys","11":"pa_country_of_manufacture-ro","12":"pa_filter_age-14-2","13":"pa_painter-landscapes","14":"pa_tip_ambalaj-cutie","15":"pa_tip_puzzle-clasic","17":"first","18":"instock","19":"taxable","20":"shipping-taxable","21":"product-type-simple"},"yoast_head":"<!-- This site is optimized with the Yoast SEO plugin v20.1 - https:\/\/yoast.com\/wordpress\/plugins\/seo\/ -->\n<title>Puzzle Watermill \u2013 James Rushforth \u2013 Puzzle adul\u021bi 1000 piese - Roovi B2B<\/title>\n<meta name=\"robots\" content=\"index, follow, max-snippet:-1, max-image-preview:large, max-video-preview:-1\" \/>\n<link rel=\"canonical\" href=\"https:\/\/business.roovi.com\/ro\/puzzle-adulti-1000-piese-watermill\/p\/\" \/>\n<meta property=\"og:locale\" content=\"ro_RO\" \/>\n<meta property=\"og:type\" content=\"article\" \/>\n<meta property=\"og:title\" content=\"Puzzle Watermill \u2013 James Rushforth \u2013 Puzzle adul\u021bi 1000 piese - Roovi B2B\" \/>\n<meta property=\"og:description\" content=\"Cau\u021bi un joc puzzle spectaculos pentru deconectare sau timp de calitate cu cei dragi? Alege Puzzle Watermill, 1000 piese \u0219i\" \/>\n<meta property=\"og:url\" content=\"https:\/\/business.roovi.com\/ro\/puzzle-adulti-1000-piese-watermill\/p\/\" \/>\n<meta property=\"og:site_name\" content=\"Roovi B2B\" \/>\n<meta property=\"article:publisher\" content=\"https:\/\/www.facebook.com\/wwwjucariero\" \/>\n<meta property=\"article:modified_time\" content=\"2025-03-18T10:12:04+00:00\" \/>\n<meta property=\"og:image\" content=\"https:\/\/business.roovi.com\/wp-content\/uploads\/2022\/08\/01_MAIN-15.jpg\" \/>\n\t<meta property=\"og:image:width\" content=\"1200\" \/>\n\t<meta property=\"og:image:height\" content=\"1200\" \/>\n\t<meta property=\"og:image:type\" content=\"image\/jpeg\" \/>\n<meta name=\"twitter:label1\" content=\"Timp estimat pentru citire\" \/>\n\t<meta name=\"twitter:data1\" content=\"3 minute\" \/>\n<script type=\"application\/ld+json\" class=\"yoast-schema-graph\">{\"@context\":\"https:\/\/schema.org\",\"@graph\":[{\"@type\":\"WebPage\",\"@id\":\"https:\/\/business.roovi.com\/ro\/puzzle-adulti-1000-piese-watermill\/p\/\",\"url\":\"https:\/\/business.roovi.com\/ro\/puzzle-adulti-1000-piese-watermill\/p\/\",\"name\":\"Puzzle Watermill \u2013 James Rushforth \u2013 Puzzle adul\u021bi 1000 piese - Roovi B2B\",\"isPartOf\":{\"@id\":\"https:\/\/business.roovi.com\/ro\/#website\"},\"datePublished\":\"2022-06-14T14:11:35+00:00\",\"dateModified\":\"2025-03-18T10:12:04+00:00\",\"breadcrumb\":{\"@id\":\"https:\/\/business.roovi.com\/ro\/puzzle-adulti-1000-piese-watermill\/p\/#breadcrumb\"},\"inLanguage\":\"ro-RO\",\"potentialAction\":[{\"@type\":\"ReadAction\",\"target\":[\"https:\/\/business.roovi.com\/ro\/puzzle-adulti-1000-piese-watermill\/p\/\"]}]},{\"@type\":\"BreadcrumbList\",\"@id\":\"https:\/\/business.roovi.com\/ro\/puzzle-adulti-1000-piese-watermill\/p\/#breadcrumb\",\"itemListElement\":[{\"@type\":\"ListItem\",\"position\":1,\"name\":\"Home\",\"item\":\"https:\/\/business.roovi.com\/ro\/\"},{\"@type\":\"ListItem\",\"position\":2,\"name\":\"Magazin\",\"item\":\"https:\/\/business.roovi.com\/ro\/magazin\/\"},{\"@type\":\"ListItem\",\"position\":3,\"name\":\"Puzzle Watermill \u2013 James Rushforth \u2013 Puzzle adul\u021bi 1000 piese\"}]},{\"@type\":\"WebSite\",\"@id\":\"https:\/\/business.roovi.com\/ro\/#website\",\"url\":\"https:\/\/business.roovi.com\/ro\/\",\"name\":\"Roovi B2B\",\"description\":\"Roovi Business Website\",\"potentialAction\":[{\"@type\":\"SearchAction\",\"target\":{\"@type\":\"EntryPoint\",\"urlTemplate\":\"https:\/\/business.roovi.com\/ro\/?s={search_term_string}\"},\"query-input\":\"required name=search_term_string\"}],\"inLanguage\":\"ro-RO\"}]}<\/script>\n<!-- \/ Yoast SEO plugin. -->","yoast_head_json":{"title":"Puzzle Watermill \u2013 James Rushforth \u2013 Puzzle adul\u021bi 1000 piese - Roovi B2B","robots":{"index":"index","follow":"follow","max-snippet":"max-snippet:-1","max-image-preview":"max-image-preview:large","max-video-preview":"max-video-preview:-1"},"canonical":"https:\/\/business.roovi.com\/ro\/puzzle-adulti-1000-piese-watermill\/p\/","og_locale":"ro_RO","og_type":"article","og_title":"Puzzle Watermill \u2013 James Rushforth \u2013 Puzzle adul\u021bi 1000 piese - Roovi B2B","og_description":"Cau\u021bi un joc puzzle spectaculos pentru deconectare sau timp de calitate cu cei dragi? Alege Puzzle Watermill, 1000 piese \u0219i","og_url":"https:\/\/business.roovi.com\/ro\/puzzle-adulti-1000-piese-watermill\/p\/","og_site_name":"Roovi B2B","article_publisher":"https:\/\/www.facebook.com\/wwwjucariero","article_modified_time":"2025-03-18T10:12:04+00:00","og_image":[{"width":1200,"height":1200,"url":"https:\/\/business.roovi.com\/wp-content\/uploads\/2022\/08\/01_MAIN-15.jpg","type":"image\/jpeg"}],"twitter_misc":{"Timp estimat pentru citire":"3 minute"},"schema":{"@context":"https:\/\/schema.org","@graph":[{"@type":"WebPage","@id":"https:\/\/business.roovi.com\/ro\/puzzle-adulti-1000-piese-watermill\/p\/","url":"https:\/\/business.roovi.com\/ro\/puzzle-adulti-1000-piese-watermill\/p\/","name":"Puzzle Watermill \u2013 James Rushforth \u2013 Puzzle adul\u021bi 1000 piese - Roovi B2B","isPartOf":{"@id":"https:\/\/business.roovi.com\/ro\/#website"},"datePublished":"2022-06-14T14:11:35+00:00","dateModified":"2025-03-18T10:12:04+00:00","breadcrumb":{"@id":"https:\/\/business.roovi.com\/ro\/puzzle-adulti-1000-piese-watermill\/p\/#breadcrumb"},"inLanguage":"ro-RO","potentialAction":[{"@type":"ReadAction","target":["https:\/\/business.roovi.com\/ro\/puzzle-adulti-1000-piese-watermill\/p\/"]}]},{"@type":"BreadcrumbList","@id":"https:\/\/business.roovi.com\/ro\/puzzle-adulti-1000-piese-watermill\/p\/#breadcrumb","itemListElement":[{"@type":"ListItem","position":1,"name":"Home","item":"https:\/\/business.roovi.com\/ro\/"},{"@type":"ListItem","position":2,"name":"Magazin","item":"https:\/\/business.roovi.com\/ro\/magazin\/"},{"@type":"ListItem","position":3,"name":"Puzzle Watermill \u2013 James Rushforth \u2013 Puzzle adul\u021bi 1000 piese"}]},{"@type":"WebSite","@id":"https:\/\/business.roovi.com\/ro\/#website","url":"https:\/\/business.roovi.com\/ro\/","name":"Roovi B2B","description":"Roovi Business Website","potentialAction":[{"@type":"SearchAction","target":{"@type":"EntryPoint","urlTemplate":"https:\/\/business.roovi.com\/ro\/?s={search_term_string}"},"query-input":"required name=search_term_string"}],"inLanguage":"ro-RO"}]}},"_links":{"self":[{"href":"https:\/\/business.roovi.com\/ro\/wp-json\/wp\/v2\/product\/56781","targetHints":{"allow":["GET"]}}],"collection":[{"href":"https:\/\/business.roovi.com\/ro\/wp-json\/wp\/v2\/product"}],"about":[{"href":"https:\/\/business.roovi.com\/ro\/wp-json\/wp\/v2\/types\/product"}],"version-history":[{"count":0,"href":"https:\/\/business.roovi.com\/ro\/wp-json\/wp\/v2\/product\/56781\/revisions"}],"wp:featuredmedia":[{"embeddable":true,"href":"https:\/\/business.roovi.com\/ro\/wp-json\/wp\/v2\/media\/56782"}],"wp:attachment":[{"href":"https:\/\/business.roovi.com\/ro\/wp-json\/wp\/v2\/media?parent=56781"}],"wp:term":[{"taxonomy":"product_brand","embeddable":true,"href":"https:\/\/business.roovi.com\/ro\/wp-json\/wp\/v2\/product_brand?post=56781"},{"taxonomy":"product_cat","embeddable":true,"href":"https:\/\/business.roovi.com\/ro\/wp-json\/wp\/v2\/product_cat?post=56781"},{"taxonomy":"product_tag","embeddable":true,"href":"https:\/\/business.roovi.com\/ro\/wp-json\/wp\/v2\/product_tag?post=56781"}],"curies":[{"name":"wp","href":"https:\/\/api.w.org\/{rel}","templated":true}]}}