{"id":59187,"date":"2022-10-25T05:29:24","date_gmt":"2022-10-25T05:29:24","guid":{"rendered":"https:\/\/business.roovi.com\/?post_type=product&#038;p=59187"},"modified":"2025-03-18T10:26:54","modified_gmt":"2025-03-18T10:26:54","slug":"puzzle-wild-owl-james-rushforth-puzzle-adulti-1000-piese","status":"publish","type":"product","link":"https:\/\/business.roovi.com\/ro\/puzzle-wild-owl-james-rushforth-puzzle-adulti-1000-piese\/p\/","title":{"rendered":"Wild Owl \u2013 James Rushforth \u2013 Puzzle adul\u021bi 1000 piese"},"content":{"rendered":"<h3>Puzzle Wild Owl celebreaz\u0103 m\u0103re\u021bia \u0219i frumuse\u021bea naturii. \u00cembin\u0103 cele 1000 piese \u0219i bucur\u0103-te de momente unice de relaxare \u0219i vibra\u021bii pozitive.<\/h3>\n<p>Imaginea din puzzle Wild Owl 1000 piese \u00eei apar\u021bine fotografului britanic,\u00a0James\u00a0Rushforth\u00a0\u0219i surprinde \u00een detaliu o bufni\u021b\u0103 din familia\u00a0<i>Strigidae,\u00a0<\/i>\u00eent\u00e2lnit\u0103 \u00een Africa. S\u0103 refaci aceast\u0103 imagine deosebit\u0103 este un moment de relaxare \u00een care te \u00eencarci cu energie pozitiv\u0103, exact ca atunci c\u00e2nd te afli \u00een inima p\u0103durii.<\/p>\n<p>Se spune c\u0103 este bine s\u0103 ai \u00een cas\u0103 un obiect ce reprezint\u0103 o bufni\u021b\u0103 pentru a \u00eendep\u0103rta energiile negative \u0219i a atrage prosperitatea. Puzzle Wild Owl, 1000 piese este o modalitate inedit\u0103 de a ob\u021bine un obiect decorativ deosebit \u0219i de a-\u021bi perfec\u021biona abilit\u0103\u021bile de asamblare a jocurilor puzzle.<\/p>\n<h3>De ce s\u0103 alegi Puzzle Wild Owl, 1000 piese<\/h3>\n<ul>\n<li>Este o modalitate relaxant\u0103 \u0219i creativ\u0103 pentru a-\u021bi petrece timpul liber.<\/li>\n<li>\u00ce\u021bi ofer\u0103 oportunitatea s\u0103 realizezi un tablou reu\u0219it, \u00een m\u0103rime\u00a0<b>47 x 68 cm<\/b>, ce p\u0103streaz\u0103 chiar \u0219i cele mai fine detaliile ale fotografiei originale.<\/li>\n<li>Piesele sunt realizate din carton de calitate superioar\u0103, cu grosimea de 2 mm, ce ofer\u0103 durabilitate \u0219i rezisten\u021b\u0103 \u00eendelungat\u0103 pentru asambl\u0103ri multiple.<\/li>\n<li>Este un puzzle produs din materiale reciclabile, deci nu trebuie s\u0103 \u00ee\u021bi faci griji c\u0103 afectezi natura prin jocul t\u0103u.<\/li>\n<li>Are finisaj semi-lucios ce scoate \u00een eviden\u021b\u0103 culorile vii ale imaginii.<\/li>\n<li>Te ajut\u0103 s\u0103 \u00ee\u021bi men\u021bii memoria antrenat\u0103 \u0219i creierul s\u0103n\u0103tos.<\/li>\n<li>Este potrivit persoanelor cu v\u00e2rsta peste 14 ani \u2013 prilej de a reface imaginea cu adolescen\u021bii \u0219i de a petrece timp de calitate \u00eempreun\u0103.<\/li>\n<\/ul>\n<h3>\u0218tiai c\u0103\u2026<\/h3>\n<p>Bufni\u021ba cu fa\u021ba alb\u0103 are o lungime de doar 22-28 centimetri \u0219i c\u00e2nt\u0103re\u0219te aproximativ 185-220 de grame.<\/p>\n<p>\u00ce\u0219i depune ou\u0103le \u00een cuibul unei alte p\u0103s\u0103ri, iar puii p\u0103r\u0103sesc cuibul la aproximativ o lun\u0103 dup\u0103 ce au ie\u0219it din ou.<\/p>\n<p>Este un v\u00e2n\u0103tor iscusit \u0219i se hr\u0103ne\u0219te cu insecte mari, precum \u0219i cu mamifere mici, p\u0103s\u0103ri \u0219i reptile.<\/p>\n<p>Bufni\u021bele tr\u0103iesc pe p\u0103m\u00e2nt de peste 70 de milioane de ani.<\/p>\n<h3>Puzzle Wild Owl 1000 piese pentru iubitorii de jocuri puzzle \u0219i de natur\u0103<\/h3>\n<p>Asamblarea jocului puzzle \u00ee\u021bi poart\u0103 g\u00e2ndurile \u00een inima naturii. \u00cen timp ce pui pies\u0103 l\u00e2ng\u0103 pies\u0103, te relaxezi \u0219i \u00ee\u021bi cure\u021bi mintea de toate g\u00e2ndurile negative. Experimentezi senza\u021bia de libertate deplin\u0103 \u0219i fascina\u021bie pentru frumos, la fel ca fotograful care a surprins imaginea \u00een c\u0103l\u0103toriile sale de explorare.<\/p>\n<p>Alege puzzle Wild Owl, 1000 piese pentru a-\u021bi tr\u0103i timpul \u00een ritm lent \u0219i creator. Profit\u0103 de acest joc puzzle uimitor pentru a sta \u00eempreun\u0103 cu cei dragi sau ofer\u0103-l \u00een dar pasiona\u021bilor de puzzle pe care \u00eei cuno\u0219ti.<\/p>\n<h3>Despre James\u00a0Rushforth \u0219tiai c\u0103\u2026<\/h3>\n<ul>\n<li>Face parte din echipa de fotografi a comunit\u0103\u021bii Your Shot \u2013\u00a0National Geographic \u0219i\u00a0are un palmares impresionant, fiind unul dintre cei mai premia\u021bi fotografi din lume.<\/li>\n<li>Fotografiile sale din zone spectaculoase din Islanda, coasta de est a Groenlandei sau Dolomi\u021bi au f\u0103cut \u00eenconjurul lumii, fiind\u00a0publicate \u00een ghiduri \u0219i reviste de specialitate din \u00eentreaga lume.<\/li>\n<li>Iube\u0219te arta \u0219i aventura deopotriv\u0103. Fotograf des\u0103v\u00e2r\u0219it, James este \u0219i un alpinist \u0219i schior cu experien\u021b\u0103. Exploreaz\u0103 regiuni greu accesibile \u0219i conduce expedi\u021bii \u0219i excursii \u00een Dolomi\u021bi, Islanda \u0219i Groenlanda.<\/li>\n<li>A c\u00e2\u0219tigat numeroase concursuri interna\u021bionale de fotografie, cel mai recent fiind\u00a0prestigiosul Siena International Photo Awards. Adesea face parte din juriu la diferite competi\u021bii interna\u021bionale.<\/li>\n<li>Este \u0219i autor de ghiduri de c\u0103l\u0103torie \u0219i fotografii \u0219i scrie articole pentru publica\u021bii prestigioase, precum National Geographic, The Times \u0219i The Daily Telegraph.<\/li>\n<li>Fascinat de cultura din Europa de Est, James a ajuns \u0219i \u00een Rom\u00e2nia. Se declar\u0103 fascinat de bog\u0103\u021bia multicultural\u0103 a \u021b\u0103rii noastre \u0219i este un veritabil promotor al turismului \u0219i tradi\u021biilor rom\u00e2ne\u0219ti.<\/li>\n<\/ul>\n<p>&nbsp;<\/p>\n<p><b>Vrei \u0219i mai multe ore de distrac\u021bie \u0219i relaxare? Descoper\u0103 \u00een cea mai nou\u0103 colec\u021bie ROOVI de puzzle 1000 piese alte 2 imagini fabuloase ale lui\u00a0<\/b><b>James\u00a0<\/b><b>Rushforth: <a href=\"https:\/\/business.roovi.com\/ro\/puzzle-sailing-james-rushforth-puzzle-adulti-1000-piese\/p\/\">Puzzle Sailing 1000 piese<\/a>\u00a0\u0219i\u00a0<a href=\"https:\/\/business.roovi.com\/ro\/puzzle-adulti-1000-piese-watermill\/p\/\">Puzzle Watermill 1000 piese<\/a>\u00a0pentru momente unice, care conteaz\u0103.<\/b><\/p>\n","protected":false},"excerpt":{"rendered":"<p>Puzzle Wild Owl celebreaz\u0103 m\u0103re\u021bia \u0219i frumuse\u021bea naturii. \u00cembin\u0103 cele 1000 piese \u0219i bucur\u0103-te de momente unice de relaxare \u0219i<\/p>\n","protected":false},"featured_media":59192,"template":"","meta":[],"product_brand":[],"product_cat":[1454,1488,1560],"product_tag":[],"class_list":{"0":"post-59187","1":"product","2":"type-product","3":"status-publish","4":"has-post-thumbnail","6":"product_cat-puzzle","7":"product_cat-puzzle-adulti","8":"product_cat-puzzle-adulti-1000","9":"pa_bax-1273","10":"pa_brand-d_toys","11":"pa_country_of_manufacture-ro","12":"pa_filter_age-14-2","13":"pa_painter-landscapes","14":"pa_tip_ambalaj-cutie","15":"pa_tip_puzzle-clasic","17":"first","18":"instock","19":"taxable","20":"shipping-taxable","21":"product-type-simple"},"yoast_head":"<!-- This site is optimized with the Yoast SEO plugin v20.1 - https:\/\/yoast.com\/wordpress\/plugins\/seo\/ -->\n<title>Wild Owl \u2013 James Rushforth \u2013 Puzzle adul\u021bi 1000 piese - Roovi B2B<\/title>\n<meta name=\"robots\" content=\"index, follow, max-snippet:-1, max-image-preview:large, max-video-preview:-1\" \/>\n<link rel=\"canonical\" href=\"https:\/\/business.roovi.com\/ro\/puzzle-wild-owl-james-rushforth-puzzle-adulti-1000-piese\/p\/\" \/>\n<meta property=\"og:locale\" content=\"ro_RO\" \/>\n<meta property=\"og:type\" content=\"article\" \/>\n<meta property=\"og:title\" content=\"Wild Owl \u2013 James Rushforth \u2013 Puzzle adul\u021bi 1000 piese - Roovi B2B\" \/>\n<meta property=\"og:description\" content=\"Puzzle Wild Owl celebreaz\u0103 m\u0103re\u021bia \u0219i frumuse\u021bea naturii. \u00cembin\u0103 cele 1000 piese \u0219i bucur\u0103-te de momente unice de relaxare \u0219i\" \/>\n<meta property=\"og:url\" content=\"https:\/\/business.roovi.com\/ro\/puzzle-wild-owl-james-rushforth-puzzle-adulti-1000-piese\/p\/\" \/>\n<meta property=\"og:site_name\" content=\"Roovi B2B\" \/>\n<meta property=\"article:publisher\" content=\"https:\/\/www.facebook.com\/wwwjucariero\" \/>\n<meta property=\"article:modified_time\" content=\"2025-03-18T10:26:54+00:00\" \/>\n<meta property=\"og:image\" content=\"https:\/\/business.roovi.com\/wp-content\/uploads\/2022\/10\/x01_MAIN-800x800.jpg.pagespeed.ic_.7IpI9JdYyc.webp\" \/>\n\t<meta property=\"og:image:width\" content=\"800\" \/>\n\t<meta property=\"og:image:height\" content=\"800\" \/>\n\t<meta property=\"og:image:type\" content=\"image\/webp\" \/>\n<meta name=\"twitter:label1\" content=\"Timp estimat pentru citire\" \/>\n\t<meta name=\"twitter:data1\" content=\"3 minute\" \/>\n<script type=\"application\/ld+json\" class=\"yoast-schema-graph\">{\"@context\":\"https:\/\/schema.org\",\"@graph\":[{\"@type\":\"WebPage\",\"@id\":\"https:\/\/business.roovi.com\/ro\/puzzle-wild-owl-james-rushforth-puzzle-adulti-1000-piese\/p\/\",\"url\":\"https:\/\/business.roovi.com\/ro\/puzzle-wild-owl-james-rushforth-puzzle-adulti-1000-piese\/p\/\",\"name\":\"Wild Owl \u2013 James Rushforth \u2013 Puzzle adul\u021bi 1000 piese - Roovi B2B\",\"isPartOf\":{\"@id\":\"https:\/\/business.roovi.com\/ro\/#website\"},\"datePublished\":\"2022-10-25T05:29:24+00:00\",\"dateModified\":\"2025-03-18T10:26:54+00:00\",\"breadcrumb\":{\"@id\":\"https:\/\/business.roovi.com\/ro\/puzzle-wild-owl-james-rushforth-puzzle-adulti-1000-piese\/p\/#breadcrumb\"},\"inLanguage\":\"ro-RO\",\"potentialAction\":[{\"@type\":\"ReadAction\",\"target\":[\"https:\/\/business.roovi.com\/ro\/puzzle-wild-owl-james-rushforth-puzzle-adulti-1000-piese\/p\/\"]}]},{\"@type\":\"BreadcrumbList\",\"@id\":\"https:\/\/business.roovi.com\/ro\/puzzle-wild-owl-james-rushforth-puzzle-adulti-1000-piese\/p\/#breadcrumb\",\"itemListElement\":[{\"@type\":\"ListItem\",\"position\":1,\"name\":\"Home\",\"item\":\"https:\/\/business.roovi.com\/ro\/\"},{\"@type\":\"ListItem\",\"position\":2,\"name\":\"Magazin\",\"item\":\"https:\/\/business.roovi.com\/ro\/magazin\/\"},{\"@type\":\"ListItem\",\"position\":3,\"name\":\"Wild Owl \u2013 James Rushforth \u2013 Puzzle adul\u021bi 1000 piese\"}]},{\"@type\":\"WebSite\",\"@id\":\"https:\/\/business.roovi.com\/ro\/#website\",\"url\":\"https:\/\/business.roovi.com\/ro\/\",\"name\":\"Roovi B2B\",\"description\":\"Roovi Business Website\",\"potentialAction\":[{\"@type\":\"SearchAction\",\"target\":{\"@type\":\"EntryPoint\",\"urlTemplate\":\"https:\/\/business.roovi.com\/ro\/?s={search_term_string}\"},\"query-input\":\"required name=search_term_string\"}],\"inLanguage\":\"ro-RO\"}]}<\/script>\n<!-- \/ Yoast SEO plugin. -->","yoast_head_json":{"title":"Wild Owl \u2013 James Rushforth \u2013 Puzzle adul\u021bi 1000 piese - Roovi B2B","robots":{"index":"index","follow":"follow","max-snippet":"max-snippet:-1","max-image-preview":"max-image-preview:large","max-video-preview":"max-video-preview:-1"},"canonical":"https:\/\/business.roovi.com\/ro\/puzzle-wild-owl-james-rushforth-puzzle-adulti-1000-piese\/p\/","og_locale":"ro_RO","og_type":"article","og_title":"Wild Owl \u2013 James Rushforth \u2013 Puzzle adul\u021bi 1000 piese - Roovi B2B","og_description":"Puzzle Wild Owl celebreaz\u0103 m\u0103re\u021bia \u0219i frumuse\u021bea naturii. \u00cembin\u0103 cele 1000 piese \u0219i bucur\u0103-te de momente unice de relaxare \u0219i","og_url":"https:\/\/business.roovi.com\/ro\/puzzle-wild-owl-james-rushforth-puzzle-adulti-1000-piese\/p\/","og_site_name":"Roovi B2B","article_publisher":"https:\/\/www.facebook.com\/wwwjucariero","article_modified_time":"2025-03-18T10:26:54+00:00","og_image":[{"width":800,"height":800,"url":"https:\/\/business.roovi.com\/wp-content\/uploads\/2022\/10\/x01_MAIN-800x800.jpg.pagespeed.ic_.7IpI9JdYyc.webp","type":"image\/webp"}],"twitter_misc":{"Timp estimat pentru citire":"3 minute"},"schema":{"@context":"https:\/\/schema.org","@graph":[{"@type":"WebPage","@id":"https:\/\/business.roovi.com\/ro\/puzzle-wild-owl-james-rushforth-puzzle-adulti-1000-piese\/p\/","url":"https:\/\/business.roovi.com\/ro\/puzzle-wild-owl-james-rushforth-puzzle-adulti-1000-piese\/p\/","name":"Wild Owl \u2013 James Rushforth \u2013 Puzzle adul\u021bi 1000 piese - Roovi B2B","isPartOf":{"@id":"https:\/\/business.roovi.com\/ro\/#website"},"datePublished":"2022-10-25T05:29:24+00:00","dateModified":"2025-03-18T10:26:54+00:00","breadcrumb":{"@id":"https:\/\/business.roovi.com\/ro\/puzzle-wild-owl-james-rushforth-puzzle-adulti-1000-piese\/p\/#breadcrumb"},"inLanguage":"ro-RO","potentialAction":[{"@type":"ReadAction","target":["https:\/\/business.roovi.com\/ro\/puzzle-wild-owl-james-rushforth-puzzle-adulti-1000-piese\/p\/"]}]},{"@type":"BreadcrumbList","@id":"https:\/\/business.roovi.com\/ro\/puzzle-wild-owl-james-rushforth-puzzle-adulti-1000-piese\/p\/#breadcrumb","itemListElement":[{"@type":"ListItem","position":1,"name":"Home","item":"https:\/\/business.roovi.com\/ro\/"},{"@type":"ListItem","position":2,"name":"Magazin","item":"https:\/\/business.roovi.com\/ro\/magazin\/"},{"@type":"ListItem","position":3,"name":"Wild Owl \u2013 James Rushforth \u2013 Puzzle adul\u021bi 1000 piese"}]},{"@type":"WebSite","@id":"https:\/\/business.roovi.com\/ro\/#website","url":"https:\/\/business.roovi.com\/ro\/","name":"Roovi B2B","description":"Roovi Business Website","potentialAction":[{"@type":"SearchAction","target":{"@type":"EntryPoint","urlTemplate":"https:\/\/business.roovi.com\/ro\/?s={search_term_string}"},"query-input":"required name=search_term_string"}],"inLanguage":"ro-RO"}]}},"_links":{"self":[{"href":"https:\/\/business.roovi.com\/ro\/wp-json\/wp\/v2\/product\/59187","targetHints":{"allow":["GET"]}}],"collection":[{"href":"https:\/\/business.roovi.com\/ro\/wp-json\/wp\/v2\/product"}],"about":[{"href":"https:\/\/business.roovi.com\/ro\/wp-json\/wp\/v2\/types\/product"}],"version-history":[{"count":0,"href":"https:\/\/business.roovi.com\/ro\/wp-json\/wp\/v2\/product\/59187\/revisions"}],"wp:featuredmedia":[{"embeddable":true,"href":"https:\/\/business.roovi.com\/ro\/wp-json\/wp\/v2\/media\/59192"}],"wp:attachment":[{"href":"https:\/\/business.roovi.com\/ro\/wp-json\/wp\/v2\/media?parent=59187"}],"wp:term":[{"taxonomy":"product_brand","embeddable":true,"href":"https:\/\/business.roovi.com\/ro\/wp-json\/wp\/v2\/product_brand?post=59187"},{"taxonomy":"product_cat","embeddable":true,"href":"https:\/\/business.roovi.com\/ro\/wp-json\/wp\/v2\/product_cat?post=59187"},{"taxonomy":"product_tag","embeddable":true,"href":"https:\/\/business.roovi.com\/ro\/wp-json\/wp\/v2\/product_tag?post=59187"}],"curies":[{"name":"wp","href":"https:\/\/api.w.org\/{rel}","templated":true}]}}