{"id":61007,"date":"2022-11-28T14:40:52","date_gmt":"2022-11-28T14:40:52","guid":{"rendered":"https:\/\/business.roovi.com\/?post_type=product&#038;p=61007"},"modified":"2025-03-13T08:46:27","modified_gmt":"2025-03-13T08:46:27","slug":"joc-planeta-pamant-joc-educativ-eduscience","status":"publish","type":"product","link":"https:\/\/business.roovi.com\/ro\/joc-planeta-pamant-joc-educativ-eduscience\/p\/","title":{"rendered":"Joc Planeta P\u0103m\u00e2nt \u2013 Joc educativ EduScience"},"content":{"rendered":"<p><iframe loading=\"lazy\" title=\"PLANETA P\u0102M\u00c2NT\" width=\"500\" height=\"281\" src=\"https:\/\/www.youtube.com\/embed\/pgZKDTZ2kU8?feature=oembed\" frameborder=\"0\" allow=\"accelerometer; autoplay; clipboard-write; encrypted-media; gyroscope; picture-in-picture; web-share\" referrerpolicy=\"strict-origin-when-cross-origin\" allowfullscreen><\/iframe><\/p>\n<h2>Vrei s\u0103 \u0219tii cum se formeaz\u0103 ploile, v\u00e2ntul sau de ce se topesc ghe\u021barii? \u0218i, mai ales, cum afecteaz\u0103 schimb\u0103rile climatice planeta noastr\u0103? Experimenteaz\u0103 \u0219i afl\u0103 informa\u021bii fascinante despre via\u021ba pe P\u0103m\u00e2nt, precum \u0219i despre problemele de mediu cu super kitul experimental Planeta P\u0103m\u00e2nt.<\/h2>\n<p>Descoper\u0103 combina\u021bia perfect\u0103 \u00eentre distrac\u021bie \u0219i \u00eenv\u0103\u021bare! Cu Planeta P\u0103m\u00e2nt, copiii aplic\u0103 principiile \u0219tiin\u021bifice reale \u0219i \u00eenv\u0103\u021b\u0103 prin intermediul experimentelor despre gazele cu efect de ser\u0103, emisii de carbon, arderea combustibililor fosili, topirea ghe\u021barilor \u0219i multe alte informa\u021bii interesante sau no\u021biuni importante despre schimb\u0103rile climatice.<\/p>\n<p>Kitul Planeta P\u0103m\u00e2nt reproduce activitatea meteorologic\u0103 la nivel global \u0219i \u00eei \u00eenva\u021b\u0103 pe cei mici despre vreme, precum \u0219i despre modul \u00een care ac\u021biunile oamenilor influen\u021beaz\u0103 schimbarea climei.<\/p>\n<h2>18 experimente fascinante \u0219i educative<\/h2>\n<p>Jocul prin experiment este cea mai simpl\u0103 \u0219i eficient\u0103 form\u0103 de \u00eenv\u0103\u021bare. Kitul Planeta P\u0103m\u00e2nt con\u021bine toate ustensilele \u0219i ingredientele care asigur\u0103 o experien\u021b\u0103 educativ\u0103 \u0219i \u00een acela\u0219i timp, creativ\u0103 \u0219i super distractiv\u0103.<\/p>\n<p>Iat\u0103 doar c\u00e2teva dintre experimentele pe care le po\u021bi face cu setul Planeta P\u0103m\u00e2nt:<\/p>\n<ul>\n<li>Construie\u0219ti cu m\u00e2inile tale un dom similar P\u0103m\u00e2ntului, cu turbine eoliene \u0219i clim\u0103.<\/li>\n<li>Cultivi semin\u021be \u0219i \u00ee\u021bi cre\u0219ti propriile plante comestibile.<\/li>\n<li>Creezi ploaie, v\u00e2nt \u0219i \u00eenve\u021bi care este diferen\u021ba dintre vreme \u0219i clim\u0103.<\/li>\n<li>Irigi un de\u0219ert \u0219i \u00eenve\u021bi cum s-ar putea \u00eencetini topirea ghe\u021barilor.<\/li>\n<li>Testezi emisiile de carbon \u0219i descoperi ce este efectul de ser\u0103.<\/li>\n<\/ul>\n<h2>Planeta P\u0103m\u00e2nt, un joc STEM fascinant, ideal \u00een procesul de \u00eenv\u0103\u021bare<\/h2>\n<p>Jocurile STEM (acronim de la: Science,\u00a0Technology, Engineering, Maths) pun accentul pe \u00eenv\u0103\u021bare al\u0103turi de distrac\u021bie \u0219i ajut\u0103 pe copii s\u0103 se \u00eemprieteneasc\u0103 de la v\u00e2rste fragede cu \u0219tiin\u021ba. Planeta P\u0103m\u00e2nt \u00eentrune\u0219te cele mai \u00eenalte standarde de calitate \u0219i siguran\u021b\u0103, precum \u0219i toate caracteristicile fascinantelor jocuri STEM:<\/p>\n<ul>\n<li>Stimuleaz\u0103 \u0219i sus\u021bine dezvoltarea g\u00e2ndirii logice \u0219i strategice<\/li>\n<li>Dezvolt\u0103 imagina\u021bia \u0219i g\u00e2ndirea creativ\u0103<\/li>\n<li>\u00cembun\u0103t\u0103\u021be\u0219te capacitatea de concentrare, precum \u0219i coordonarea<\/li>\n<li>Stimuleaz\u0103 comunicarea, dezvoltarea abilit\u0103\u021bilor sociale \u0219i lucrul \u00een echip\u0103.<\/li>\n<li>\u00cei ajut\u0103 pe copii s\u0103 se familiarizeze cu concepte \u0219i no\u021biuni noi, favoriz\u00e2nd totodat\u0103 dezvoltarea vocabularului.<\/li>\n<li>\u00cen plus, este foarte distractiv \u0219i poate fi prilejul perfect de a te conecta cu copilul t\u0103u \u0219i de a v\u0103 distra de minune.<\/li>\n<\/ul>\n<h2>\u0218tiai c\u0103\u2026<\/h2>\n<ul>\n<li>Temperatura global\u0103 cre\u0219te alarmant \u0219i se preconizeaz\u0103 c\u0103, dac\u0103 aceast\u0103 tendin\u021b\u0103 se men\u021bine, la finalul acestui secol vom avea temperaturi cu\u00a03-5\u00b0C mai mari. Ca s\u0103 \u00een\u021belegi amploarea fenomenului, g\u00e2nde\u0219te-te c\u0103 5\u00b0C este cre\u0219terea temperaturii din ultimii 10.000 de ani!<\/li>\n<li>\u0218i ghe\u021barii de topesc \u00eentr-un ritm accelerat, iar acest fenomen determin\u0103 cre\u0219terea nivelului global al m\u0103rii.<\/li>\n<li>Exper\u021bii climatologi preconizeaz\u0103 c\u0103, p\u00e2n\u0103 \u00een anul 2050, cre\u0219terea nivelului m\u0103rii \u0219i intemperiile vor determina str\u0103mutarea a peste 20 de milioane de oameni.<\/li>\n<li>O treime din popula\u021bia planetei consum\u0103 cu 20% mai mult\u0103 ap\u0103 dec\u00e2t ar trebui.<\/li>\n<\/ul>\n<p>Efectele schimb\u0103rilor climatice sunt c\u00e2t se poate de reale \u0219i ne afecteaz\u0103 pe to\u021bi. De aceea, este foarte important s\u0103 ne \u00eenv\u0103\u021b\u0103m copiii s\u0103 respecte \u0219i s\u0103 protejeze natura. Kitul Planeta P\u0103m\u00e2nt este un instrument util de \u00eenv\u0103\u021bare prin joac\u0103. \u00cei ajut\u0103 pe copii s\u0103 \u00een\u021beleag\u0103 no\u021biuni \u0219tiin\u021bifice prin experimente distractive \u0219i, \u00een acela\u0219i timp, \u00eei \u00eenva\u021b\u0103 cum pot contribui prin ac\u021biunile lor la protejarea mediului.<\/p>\n<p>Fie c\u0103 \u00ee\u021bi dore\u0219ti un joc educativ pentru copilul t\u0103u, un cadou interesant \u0219i captivant pentru un t\u00e2n\u0103r explorator sau pur \u0219i simplu, mai mult\u0103 distrac\u021bie \u0219i deconectare al\u0103turi de cei dragi, kitul Planeta P\u0103m\u00e2nt este alegerea cea mai bun\u0103.<\/p>\n<p>Ai aflat? ROOVI \u021bi-a preg\u0103tit alte 4 kituri fascinante din gama EduScience! Pune \u00een co\u0219ul de cump\u0103r\u0103turi\u00a0<strong><a href=\"https:\/\/business.roovi.com\/ro\/joc-vulcanul-cu-lava-curcubeu-joc-educativ-eduscience\/p\/\">Vulcanul cu Lava Curcubeu<\/a>,\u00a0<a href=\"https:\/\/business.roovi.com\/ro\/corpul-uman-joc-educativ-eduscience\/p\/\">Corpul uman<\/a>,\u00a0<a href=\"https:\/\/business.roovi.com\/ro\/joc-vreau-sa-fiu-programator-joc-educativ-eduscience\/p\/\">Vreau s\u0103 fiu programator<\/a>,\u00a0<a href=\"https:\/\/business.roovi.com\/ro\/joc-vreau-sa-fiu-detectiv-joc-educativ-eduscience\/p\/\">Vreau s\u0103 fiu Detectiv<\/a><\/strong>\u00a0\u0219i ofer\u0103-i copilului t\u0103u o colec\u021bie educativ\u0103 fabuloas\u0103.<\/p>\n","protected":false},"excerpt":{"rendered":"<p>Vrei s\u0103 \u0219tii cum se formeaz\u0103 ploile, v\u00e2ntul sau de ce se topesc ghe\u021barii? \u0218i, mai ales, cum afecteaz\u0103 schimb\u0103rile<\/p>\n","protected":false},"featured_media":71659,"template":"","meta":[],"product_brand":[],"product_cat":[1494,1471,1509],"product_tag":[],"class_list":{"0":"post-61007","1":"product","2":"type-product","3":"status-publish","4":"has-post-thumbnail","6":"product_cat-jocuri-didactice","7":"product_cat-jocuri-educative-si-stiintifice","8":"product_cat-jocuri-stiintifice","10":"first","11":"onbackorder","12":"taxable","13":"shipping-taxable","14":"product-type-simple"},"yoast_head":"<!-- This site is optimized with the Yoast SEO plugin v20.1 - https:\/\/yoast.com\/wordpress\/plugins\/seo\/ -->\n<title>Joc Planeta P\u0103m\u00e2nt \u2013 Joc educativ EduScience - Roovi B2B<\/title>\n<meta name=\"robots\" content=\"index, follow, max-snippet:-1, max-image-preview:large, max-video-preview:-1\" \/>\n<link rel=\"canonical\" href=\"https:\/\/business.roovi.com\/ro\/joc-planeta-pamant-joc-educativ-eduscience\/p\/\" \/>\n<meta property=\"og:locale\" content=\"ro_RO\" \/>\n<meta property=\"og:type\" content=\"article\" \/>\n<meta property=\"og:title\" content=\"Joc Planeta P\u0103m\u00e2nt \u2013 Joc educativ EduScience - Roovi B2B\" \/>\n<meta property=\"og:description\" content=\"Vrei s\u0103 \u0219tii cum se formeaz\u0103 ploile, v\u00e2ntul sau de ce se topesc ghe\u021barii? \u0218i, mai ales, cum afecteaz\u0103 schimb\u0103rile\" \/>\n<meta property=\"og:url\" content=\"https:\/\/business.roovi.com\/ro\/joc-planeta-pamant-joc-educativ-eduscience\/p\/\" \/>\n<meta property=\"og:site_name\" content=\"Roovi B2B\" \/>\n<meta property=\"article:publisher\" content=\"https:\/\/www.facebook.com\/wwwjucariero\" \/>\n<meta property=\"article:modified_time\" content=\"2025-03-13T08:46:27+00:00\" \/>\n<meta property=\"og:image\" content=\"https:\/\/business.roovi.com\/wp-content\/uploads\/2022\/11\/PLANETA-PAMANT_79527_FATA.jpg\" \/>\n\t<meta property=\"og:image:width\" content=\"1200\" \/>\n\t<meta property=\"og:image:height\" content=\"1200\" \/>\n\t<meta property=\"og:image:type\" content=\"image\/jpeg\" \/>\n<meta name=\"twitter:label1\" content=\"Timp estimat pentru citire\" \/>\n\t<meta name=\"twitter:data1\" content=\"3 minute\" \/>\n<script type=\"application\/ld+json\" class=\"yoast-schema-graph\">{\"@context\":\"https:\/\/schema.org\",\"@graph\":[{\"@type\":\"WebPage\",\"@id\":\"https:\/\/business.roovi.com\/ro\/joc-planeta-pamant-joc-educativ-eduscience\/p\/\",\"url\":\"https:\/\/business.roovi.com\/ro\/joc-planeta-pamant-joc-educativ-eduscience\/p\/\",\"name\":\"Joc Planeta P\u0103m\u00e2nt \u2013 Joc educativ EduScience - Roovi B2B\",\"isPartOf\":{\"@id\":\"https:\/\/business.roovi.com\/ro\/#website\"},\"datePublished\":\"2022-11-28T14:40:52+00:00\",\"dateModified\":\"2025-03-13T08:46:27+00:00\",\"breadcrumb\":{\"@id\":\"https:\/\/business.roovi.com\/ro\/joc-planeta-pamant-joc-educativ-eduscience\/p\/#breadcrumb\"},\"inLanguage\":\"ro-RO\",\"potentialAction\":[{\"@type\":\"ReadAction\",\"target\":[\"https:\/\/business.roovi.com\/ro\/joc-planeta-pamant-joc-educativ-eduscience\/p\/\"]}]},{\"@type\":\"BreadcrumbList\",\"@id\":\"https:\/\/business.roovi.com\/ro\/joc-planeta-pamant-joc-educativ-eduscience\/p\/#breadcrumb\",\"itemListElement\":[{\"@type\":\"ListItem\",\"position\":1,\"name\":\"Home\",\"item\":\"https:\/\/business.roovi.com\/ro\/\"},{\"@type\":\"ListItem\",\"position\":2,\"name\":\"Magazin\",\"item\":\"https:\/\/business.roovi.com\/ro\/magazin\/\"},{\"@type\":\"ListItem\",\"position\":3,\"name\":\"Joc Planeta P\u0103m\u00e2nt \u2013 Joc educativ EduScience\"}]},{\"@type\":\"WebSite\",\"@id\":\"https:\/\/business.roovi.com\/ro\/#website\",\"url\":\"https:\/\/business.roovi.com\/ro\/\",\"name\":\"Roovi B2B\",\"description\":\"Roovi Business Website\",\"potentialAction\":[{\"@type\":\"SearchAction\",\"target\":{\"@type\":\"EntryPoint\",\"urlTemplate\":\"https:\/\/business.roovi.com\/ro\/?s={search_term_string}\"},\"query-input\":\"required name=search_term_string\"}],\"inLanguage\":\"ro-RO\"}]}<\/script>\n<!-- \/ Yoast SEO plugin. -->","yoast_head_json":{"title":"Joc Planeta P\u0103m\u00e2nt \u2013 Joc educativ EduScience - Roovi B2B","robots":{"index":"index","follow":"follow","max-snippet":"max-snippet:-1","max-image-preview":"max-image-preview:large","max-video-preview":"max-video-preview:-1"},"canonical":"https:\/\/business.roovi.com\/ro\/joc-planeta-pamant-joc-educativ-eduscience\/p\/","og_locale":"ro_RO","og_type":"article","og_title":"Joc Planeta P\u0103m\u00e2nt \u2013 Joc educativ EduScience - Roovi B2B","og_description":"Vrei s\u0103 \u0219tii cum se formeaz\u0103 ploile, v\u00e2ntul sau de ce se topesc ghe\u021barii? \u0218i, mai ales, cum afecteaz\u0103 schimb\u0103rile","og_url":"https:\/\/business.roovi.com\/ro\/joc-planeta-pamant-joc-educativ-eduscience\/p\/","og_site_name":"Roovi B2B","article_publisher":"https:\/\/www.facebook.com\/wwwjucariero","article_modified_time":"2025-03-13T08:46:27+00:00","og_image":[{"width":1200,"height":1200,"url":"https:\/\/business.roovi.com\/wp-content\/uploads\/2022\/11\/PLANETA-PAMANT_79527_FATA.jpg","type":"image\/jpeg"}],"twitter_misc":{"Timp estimat pentru citire":"3 minute"},"schema":{"@context":"https:\/\/schema.org","@graph":[{"@type":"WebPage","@id":"https:\/\/business.roovi.com\/ro\/joc-planeta-pamant-joc-educativ-eduscience\/p\/","url":"https:\/\/business.roovi.com\/ro\/joc-planeta-pamant-joc-educativ-eduscience\/p\/","name":"Joc Planeta P\u0103m\u00e2nt \u2013 Joc educativ EduScience - Roovi B2B","isPartOf":{"@id":"https:\/\/business.roovi.com\/ro\/#website"},"datePublished":"2022-11-28T14:40:52+00:00","dateModified":"2025-03-13T08:46:27+00:00","breadcrumb":{"@id":"https:\/\/business.roovi.com\/ro\/joc-planeta-pamant-joc-educativ-eduscience\/p\/#breadcrumb"},"inLanguage":"ro-RO","potentialAction":[{"@type":"ReadAction","target":["https:\/\/business.roovi.com\/ro\/joc-planeta-pamant-joc-educativ-eduscience\/p\/"]}]},{"@type":"BreadcrumbList","@id":"https:\/\/business.roovi.com\/ro\/joc-planeta-pamant-joc-educativ-eduscience\/p\/#breadcrumb","itemListElement":[{"@type":"ListItem","position":1,"name":"Home","item":"https:\/\/business.roovi.com\/ro\/"},{"@type":"ListItem","position":2,"name":"Magazin","item":"https:\/\/business.roovi.com\/ro\/magazin\/"},{"@type":"ListItem","position":3,"name":"Joc Planeta P\u0103m\u00e2nt \u2013 Joc educativ EduScience"}]},{"@type":"WebSite","@id":"https:\/\/business.roovi.com\/ro\/#website","url":"https:\/\/business.roovi.com\/ro\/","name":"Roovi B2B","description":"Roovi Business Website","potentialAction":[{"@type":"SearchAction","target":{"@type":"EntryPoint","urlTemplate":"https:\/\/business.roovi.com\/ro\/?s={search_term_string}"},"query-input":"required name=search_term_string"}],"inLanguage":"ro-RO"}]}},"_links":{"self":[{"href":"https:\/\/business.roovi.com\/ro\/wp-json\/wp\/v2\/product\/61007","targetHints":{"allow":["GET"]}}],"collection":[{"href":"https:\/\/business.roovi.com\/ro\/wp-json\/wp\/v2\/product"}],"about":[{"href":"https:\/\/business.roovi.com\/ro\/wp-json\/wp\/v2\/types\/product"}],"version-history":[{"count":0,"href":"https:\/\/business.roovi.com\/ro\/wp-json\/wp\/v2\/product\/61007\/revisions"}],"wp:featuredmedia":[{"embeddable":true,"href":"https:\/\/business.roovi.com\/ro\/wp-json\/wp\/v2\/media\/71659"}],"wp:attachment":[{"href":"https:\/\/business.roovi.com\/ro\/wp-json\/wp\/v2\/media?parent=61007"}],"wp:term":[{"taxonomy":"product_brand","embeddable":true,"href":"https:\/\/business.roovi.com\/ro\/wp-json\/wp\/v2\/product_brand?post=61007"},{"taxonomy":"product_cat","embeddable":true,"href":"https:\/\/business.roovi.com\/ro\/wp-json\/wp\/v2\/product_cat?post=61007"},{"taxonomy":"product_tag","embeddable":true,"href":"https:\/\/business.roovi.com\/ro\/wp-json\/wp\/v2\/product_tag?post=61007"}],"curies":[{"name":"wp","href":"https:\/\/api.w.org\/{rel}","templated":true}]}}