{"id":61021,"date":"2022-11-28T14:51:42","date_gmt":"2022-11-28T14:51:42","guid":{"rendered":"https:\/\/business.roovi.com\/?post_type=product&#038;p=61021"},"modified":"2025-03-13T08:57:40","modified_gmt":"2025-03-13T08:57:40","slug":"joc-vreau-sa-fiu-programator-joc-educativ-eduscience","status":"publish","type":"product","link":"https:\/\/business.roovi.com\/ro\/joc-vreau-sa-fiu-programator-joc-educativ-eduscience\/p\/","title":{"rendered":"Joc Vreau s\u0103 fiu Programator \u2013 Joc educativ EduScience"},"content":{"rendered":"<p><iframe loading=\"lazy\" title=\"VREAU S\u0102 FIU PROGRAMATOR\" width=\"500\" height=\"281\" src=\"https:\/\/www.youtube.com\/embed\/J3REbtyIXAg?feature=oembed\" frameborder=\"0\" allow=\"accelerometer; autoplay; clipboard-write; encrypted-media; gyroscope; picture-in-picture; web-share\" referrerpolicy=\"strict-origin-when-cross-origin\" allowfullscreen><\/iframe><\/p>\n<h2>\u0218tiai c\u0103 se poate \u00eenv\u0103\u021ba programare f\u0103r\u0103 computer? Sus\u021bine-l pe copilul t\u0103u s\u0103 deprind\u0103 tainele cod\u0103rii \u00een mod intuitiv \u0219i distractiv cu Vreau s\u0103 fiu programator: un set ingenios, perfect pentru micii pasiona\u021bi de informatic\u0103.<\/h2>\n<p>Programare \u0219i no\u021biuni de baz\u0103 despre codare \u00een lipsa unui computer? Da, se poate! Cu Vreau s\u0103 fiu programator copiii \u00een\u021beleg informatica u\u0219or, experiment\u00e2nd concepte fascinante chiar \u0219i f\u0103r\u0103 ajutorul unui adult.<\/p>\n<p>Nu trebuie s\u0103 fii expert, as \u00een matematic\u0103 sau geniu al numerelor. Trebuie doar s\u0103 fii deschis provoc\u0103rilor \u0219i gata s\u0103 te distrezi pe cinste!<\/p>\n<h2>Vreau s\u0103 fiu programator: o provocare ingenioas\u0103 pentru cei care vor s\u0103 \u00eenve\u021be informatic\u0103<\/h2>\n<p>Ai prieteni care se cred tari \u00een calculatoare? Impresioneaz\u0103-i pe to\u021bi cu noile tale cuno\u0219tin\u021be \u00een \u0219tiin\u021ba program\u0103rii. Realizeaz\u0103 cel mai cool colier binar \u0219i arat\u0103-le ce \u0219tii celor din ga\u0219ca ta de prieteni.<\/p>\n<p>\u00cen plus, cu Vreau s\u0103 fiu programator po\u021bi realiza multe alte experimente captivante:<\/p>\n<ul>\n<li>Sortezi obiectele \u00een func\u021bie de greutate utiliz\u00e2nd algoritmi de sortare reali, a\u0219a cum fac computerele zi de zi.<\/li>\n<li>Creezi un dispozitiv de criptare \u0219i descoperi criptarea mesajelor folosit\u0103 \u00een antichitate.<\/li>\n<li>Scrii un program ingenios pentru a ghida un prieten \u00eentr-un labirint.<\/li>\n<li>Descifrezi un cod pentru a crea imagini pixelate nemaipomenite.<\/li>\n<\/ul>\n<h2>Vreau s\u0103 fiu programator \u2013 un joc STEM fascinant \u0219i un instrument didactic inovator<\/h2>\n<p>Jocurile STEM (acronimul de la: Science,\u00a0Technology, Engineering, Maths) pun accentul pe \u00eenv\u0103\u021bare al\u0103turi de distrac\u021bie \u0219i \u00eei ajut\u0103 pe copii s\u0103 se \u00eemprieteneasc\u0103 de la v\u00e2rste fragede cu \u0219tiin\u021ba. Vreau s\u0103 fiu Programator \u00eentrune\u0219te cele mai \u00eenalte standarde de calitate \u0219i siguran\u021b\u0103, precum \u0219i toate caracteristicile fascinantelor jocuri STEM:<\/p>\n<ul>\n<li>Stimuleaz\u0103 \u0219i sus\u021bine dezvoltarea g\u00e2ndirii logice \u0219i strategice.<\/li>\n<li>Dezvolt\u0103 imagina\u021bia \u0219i g\u00e2ndirea creativ\u0103.<\/li>\n<li>\u00cembun\u0103t\u0103\u021be\u0219te capacitatea de concentrare, precum \u0219i coordonarea<\/li>\n<li>Stimuleaz\u0103 comunicarea, dezvoltarea abilit\u0103\u021bilor sociale \u0219i lucrul \u00een echip\u0103.<\/li>\n<li>\u00cei ajut\u0103 pe copii s\u0103 se familiarizeze cu concepte \u0219i no\u021biuni noi din informatic\u0103, favoriz\u00e2nd totodat\u0103 dezvoltarea vocabularului.<\/li>\n<li>\u00cen plus, este foarte distractiv \u0219i poate fi prilejul perfect de a te conecta cu copilul t\u0103u \u0219i de a v\u0103 distra \u00eempreun\u0103 de minune.<\/li>\n<\/ul>\n<p>Vreau s\u0103 fiu Programator poate fi \u0219i un instrument didactic nemaipomenit pe care profesorii \u00eel pot folosi cu succes la orele de informatic\u0103, matematic\u0103 sau \u0219tiin\u021be. Setul transform\u0103 procesul de predare \u00eentr-o activitate dinamic\u0103 \u0219i interesant\u0103, care \u00eei captiveaz\u0103 pe copii \u0219i le st\u00e2rne\u0219te interesul pentru cunoa\u0219tere.<\/p>\n<h2>\u0218tiai c\u0103\u2026<\/h2>\n<ul>\n<li>Abacul este considerat str\u0103mo\u0219ul calculatoarelor. Este un dispozitiv de calcul str\u0103vechi inventat \u0219i utilizat de civiliza\u021biile antice \u00een anul 3000 \u00ee.HR.<\/li>\n<li>Primul calculator programabil digital \u2013 ENIAC (Electronic Numerical Integrator and Computer), a fost dezvoltat \u00een 1945 \u0219i c\u00e2nt\u0103rea 27 de tone!<\/li>\n<li>Primul mouse dateaz\u0103 din 1964 \u0219i avea o carcas\u0103 din lemn.<\/li>\n<li>Banii fizici reprezint\u0103 aproximativ 10% din numerarul global, \u00een timp ce restul este stocat pe computere.<\/li>\n<li>Se estimeaz\u0103 c\u0103 virusul ILOVEYOU a fost cel mai periculos \u201evierme\u201d de calculator dezvoltat vreodat\u0103 care a produs daune de peste 8 miliarde de dolari.<\/li>\n<\/ul>\n<p>Fie c\u0103 \u00ee\u021bi dore\u0219ti un joc educativ pentru copilul t\u0103u, un cadou interesant \u0219i captivant pentru un mic programator \u00een devenire sau mai mult\u0103 distrac\u021bie \u0219i deconectare al\u0103turi de cei dragi, kitul Vreau s\u0103 fiu Programator va fi cu siguran\u021b\u0103 alegerea cea mai inspirat\u0103.<\/p>\n<p>Ai aflat? ROOVI \u021bi-a preg\u0103tit alte 4 kituri fascinante din gama EduScience! Pune \u00een co\u0219ul de cump\u0103r\u0103turi\u00a0<strong><a href=\"https:\/\/business.roovi.com\/ro\/joc-planeta-pamant-joc-educativ-eduscience\/p\/\">Planeta P\u0103m\u00e2nt<\/a>,\u00a0<a href=\"https:\/\/business.roovi.com\/ro\/joc-vulcanul-cu-lava-curcubeu-joc-educativ-eduscience\/p\/\">Vulcanul cu lava curcubeu<\/a>,\u00a0<a href=\"https:\/\/business.roovi.com\/ro\/joc-vreau-sa-fiu-detectiv-joc-educativ-eduscience\/p\/\">Vreau s\u0103 fiu Detectiv<\/a>,\u00a0<a href=\"https:\/\/business.roovi.com\/ro\/corpul-uman-joc-educativ-eduscience\/p\/\">Corpul uman<\/a><\/strong>\u00a0\u0219i ofer\u0103-i copilului t\u0103u o colec\u021bie educativ\u0103 fabuloas\u0103.<\/p>\n","protected":false},"excerpt":{"rendered":"<p>\u0218tiai c\u0103 se poate \u00eenv\u0103\u021ba programare f\u0103r\u0103 computer? Sus\u021bine-l pe copilul t\u0103u s\u0103 deprind\u0103 tainele cod\u0103rii \u00een mod intuitiv \u0219i<\/p>\n","protected":false},"featured_media":68980,"template":"","meta":[],"product_brand":[],"product_cat":[1494,1471,1509],"product_tag":[],"class_list":{"0":"post-61021","1":"product","2":"type-product","3":"status-publish","4":"has-post-thumbnail","6":"product_cat-jocuri-didactice","7":"product_cat-jocuri-educative-si-stiintifice","8":"product_cat-jocuri-stiintifice","10":"first","11":"onbackorder","12":"taxable","13":"shipping-taxable","14":"product-type-simple"},"yoast_head":"<!-- This site is optimized with the Yoast SEO plugin v20.1 - https:\/\/yoast.com\/wordpress\/plugins\/seo\/ -->\n<title>Joc Vreau s\u0103 fiu Programator \u2013 Joc educativ EduScience - Roovi B2B<\/title>\n<meta name=\"robots\" content=\"index, follow, max-snippet:-1, max-image-preview:large, max-video-preview:-1\" \/>\n<link rel=\"canonical\" href=\"https:\/\/business.roovi.com\/ro\/joc-vreau-sa-fiu-programator-joc-educativ-eduscience\/p\/\" \/>\n<meta property=\"og:locale\" content=\"ro_RO\" \/>\n<meta property=\"og:type\" content=\"article\" \/>\n<meta property=\"og:title\" content=\"Joc Vreau s\u0103 fiu Programator \u2013 Joc educativ EduScience - Roovi B2B\" \/>\n<meta property=\"og:description\" content=\"\u0218tiai c\u0103 se poate \u00eenv\u0103\u021ba programare f\u0103r\u0103 computer? Sus\u021bine-l pe copilul t\u0103u s\u0103 deprind\u0103 tainele cod\u0103rii \u00een mod intuitiv \u0219i\" \/>\n<meta property=\"og:url\" content=\"https:\/\/business.roovi.com\/ro\/joc-vreau-sa-fiu-programator-joc-educativ-eduscience\/p\/\" \/>\n<meta property=\"og:site_name\" content=\"Roovi B2B\" \/>\n<meta property=\"article:publisher\" content=\"https:\/\/www.facebook.com\/wwwjucariero\" \/>\n<meta property=\"article:modified_time\" content=\"2025-03-13T08:57:40+00:00\" \/>\n<meta property=\"og:image\" content=\"https:\/\/business.roovi.com\/wp-content\/uploads\/2022\/11\/1-3.jpg\" \/>\n\t<meta property=\"og:image:width\" content=\"1200\" \/>\n\t<meta property=\"og:image:height\" content=\"1200\" \/>\n\t<meta property=\"og:image:type\" content=\"image\/jpeg\" \/>\n<meta name=\"twitter:label1\" content=\"Timp estimat pentru citire\" \/>\n\t<meta name=\"twitter:data1\" content=\"3 minute\" \/>\n<script type=\"application\/ld+json\" class=\"yoast-schema-graph\">{\"@context\":\"https:\/\/schema.org\",\"@graph\":[{\"@type\":\"WebPage\",\"@id\":\"https:\/\/business.roovi.com\/ro\/joc-vreau-sa-fiu-programator-joc-educativ-eduscience\/p\/\",\"url\":\"https:\/\/business.roovi.com\/ro\/joc-vreau-sa-fiu-programator-joc-educativ-eduscience\/p\/\",\"name\":\"Joc Vreau s\u0103 fiu Programator \u2013 Joc educativ EduScience - Roovi B2B\",\"isPartOf\":{\"@id\":\"https:\/\/business.roovi.com\/ro\/#website\"},\"datePublished\":\"2022-11-28T14:51:42+00:00\",\"dateModified\":\"2025-03-13T08:57:40+00:00\",\"breadcrumb\":{\"@id\":\"https:\/\/business.roovi.com\/ro\/joc-vreau-sa-fiu-programator-joc-educativ-eduscience\/p\/#breadcrumb\"},\"inLanguage\":\"ro-RO\",\"potentialAction\":[{\"@type\":\"ReadAction\",\"target\":[\"https:\/\/business.roovi.com\/ro\/joc-vreau-sa-fiu-programator-joc-educativ-eduscience\/p\/\"]}]},{\"@type\":\"BreadcrumbList\",\"@id\":\"https:\/\/business.roovi.com\/ro\/joc-vreau-sa-fiu-programator-joc-educativ-eduscience\/p\/#breadcrumb\",\"itemListElement\":[{\"@type\":\"ListItem\",\"position\":1,\"name\":\"Home\",\"item\":\"https:\/\/business.roovi.com\/ro\/\"},{\"@type\":\"ListItem\",\"position\":2,\"name\":\"Magazin\",\"item\":\"https:\/\/business.roovi.com\/ro\/magazin\/\"},{\"@type\":\"ListItem\",\"position\":3,\"name\":\"Joc Vreau s\u0103 fiu Programator \u2013 Joc educativ EduScience\"}]},{\"@type\":\"WebSite\",\"@id\":\"https:\/\/business.roovi.com\/ro\/#website\",\"url\":\"https:\/\/business.roovi.com\/ro\/\",\"name\":\"Roovi B2B\",\"description\":\"Roovi Business Website\",\"potentialAction\":[{\"@type\":\"SearchAction\",\"target\":{\"@type\":\"EntryPoint\",\"urlTemplate\":\"https:\/\/business.roovi.com\/ro\/?s={search_term_string}\"},\"query-input\":\"required name=search_term_string\"}],\"inLanguage\":\"ro-RO\"}]}<\/script>\n<!-- \/ Yoast SEO plugin. -->","yoast_head_json":{"title":"Joc Vreau s\u0103 fiu Programator \u2013 Joc educativ EduScience - Roovi B2B","robots":{"index":"index","follow":"follow","max-snippet":"max-snippet:-1","max-image-preview":"max-image-preview:large","max-video-preview":"max-video-preview:-1"},"canonical":"https:\/\/business.roovi.com\/ro\/joc-vreau-sa-fiu-programator-joc-educativ-eduscience\/p\/","og_locale":"ro_RO","og_type":"article","og_title":"Joc Vreau s\u0103 fiu Programator \u2013 Joc educativ EduScience - Roovi B2B","og_description":"\u0218tiai c\u0103 se poate \u00eenv\u0103\u021ba programare f\u0103r\u0103 computer? Sus\u021bine-l pe copilul t\u0103u s\u0103 deprind\u0103 tainele cod\u0103rii \u00een mod intuitiv \u0219i","og_url":"https:\/\/business.roovi.com\/ro\/joc-vreau-sa-fiu-programator-joc-educativ-eduscience\/p\/","og_site_name":"Roovi B2B","article_publisher":"https:\/\/www.facebook.com\/wwwjucariero","article_modified_time":"2025-03-13T08:57:40+00:00","og_image":[{"width":1200,"height":1200,"url":"https:\/\/business.roovi.com\/wp-content\/uploads\/2022\/11\/1-3.jpg","type":"image\/jpeg"}],"twitter_misc":{"Timp estimat pentru citire":"3 minute"},"schema":{"@context":"https:\/\/schema.org","@graph":[{"@type":"WebPage","@id":"https:\/\/business.roovi.com\/ro\/joc-vreau-sa-fiu-programator-joc-educativ-eduscience\/p\/","url":"https:\/\/business.roovi.com\/ro\/joc-vreau-sa-fiu-programator-joc-educativ-eduscience\/p\/","name":"Joc Vreau s\u0103 fiu Programator \u2013 Joc educativ EduScience - Roovi B2B","isPartOf":{"@id":"https:\/\/business.roovi.com\/ro\/#website"},"datePublished":"2022-11-28T14:51:42+00:00","dateModified":"2025-03-13T08:57:40+00:00","breadcrumb":{"@id":"https:\/\/business.roovi.com\/ro\/joc-vreau-sa-fiu-programator-joc-educativ-eduscience\/p\/#breadcrumb"},"inLanguage":"ro-RO","potentialAction":[{"@type":"ReadAction","target":["https:\/\/business.roovi.com\/ro\/joc-vreau-sa-fiu-programator-joc-educativ-eduscience\/p\/"]}]},{"@type":"BreadcrumbList","@id":"https:\/\/business.roovi.com\/ro\/joc-vreau-sa-fiu-programator-joc-educativ-eduscience\/p\/#breadcrumb","itemListElement":[{"@type":"ListItem","position":1,"name":"Home","item":"https:\/\/business.roovi.com\/ro\/"},{"@type":"ListItem","position":2,"name":"Magazin","item":"https:\/\/business.roovi.com\/ro\/magazin\/"},{"@type":"ListItem","position":3,"name":"Joc Vreau s\u0103 fiu Programator \u2013 Joc educativ EduScience"}]},{"@type":"WebSite","@id":"https:\/\/business.roovi.com\/ro\/#website","url":"https:\/\/business.roovi.com\/ro\/","name":"Roovi B2B","description":"Roovi Business Website","potentialAction":[{"@type":"SearchAction","target":{"@type":"EntryPoint","urlTemplate":"https:\/\/business.roovi.com\/ro\/?s={search_term_string}"},"query-input":"required name=search_term_string"}],"inLanguage":"ro-RO"}]}},"_links":{"self":[{"href":"https:\/\/business.roovi.com\/ro\/wp-json\/wp\/v2\/product\/61021","targetHints":{"allow":["GET"]}}],"collection":[{"href":"https:\/\/business.roovi.com\/ro\/wp-json\/wp\/v2\/product"}],"about":[{"href":"https:\/\/business.roovi.com\/ro\/wp-json\/wp\/v2\/types\/product"}],"version-history":[{"count":0,"href":"https:\/\/business.roovi.com\/ro\/wp-json\/wp\/v2\/product\/61021\/revisions"}],"wp:featuredmedia":[{"embeddable":true,"href":"https:\/\/business.roovi.com\/ro\/wp-json\/wp\/v2\/media\/68980"}],"wp:attachment":[{"href":"https:\/\/business.roovi.com\/ro\/wp-json\/wp\/v2\/media?parent=61021"}],"wp:term":[{"taxonomy":"product_brand","embeddable":true,"href":"https:\/\/business.roovi.com\/ro\/wp-json\/wp\/v2\/product_brand?post=61021"},{"taxonomy":"product_cat","embeddable":true,"href":"https:\/\/business.roovi.com\/ro\/wp-json\/wp\/v2\/product_cat?post=61021"},{"taxonomy":"product_tag","embeddable":true,"href":"https:\/\/business.roovi.com\/ro\/wp-json\/wp\/v2\/product_tag?post=61021"}],"curies":[{"name":"wp","href":"https:\/\/api.w.org\/{rel}","templated":true}]}}