{"id":61035,"date":"2022-11-28T15:04:30","date_gmt":"2022-11-28T15:04:30","guid":{"rendered":"https:\/\/business.roovi.com\/?post_type=product&#038;p=61035"},"modified":"2025-03-13T08:58:58","modified_gmt":"2025-03-13T08:58:58","slug":"joc-vreau-sa-fiu-detectiv-joc-educativ-eduscience","status":"publish","type":"product","link":"https:\/\/business.roovi.com\/ro\/joc-vreau-sa-fiu-detectiv-joc-educativ-eduscience\/p\/","title":{"rendered":"Joc Vreau s\u0103 fiu Detectiv \u2013 Joc educativ EduScience"},"content":{"rendered":"<p><iframe loading=\"lazy\" title=\"VREAU S\u0102 FIU DETECTIV\" width=\"500\" height=\"281\" src=\"https:\/\/www.youtube.com\/embed\/MNqjjlAexOY?feature=oembed\" frameborder=\"0\" allow=\"accelerometer; autoplay; clipboard-write; encrypted-media; gyroscope; picture-in-picture; web-share\" referrerpolicy=\"strict-origin-when-cross-origin\" allowfullscreen><\/iframe><\/p>\n<h2>Te fascineaz\u0103 munca detectivilor? \u021ai-ai dori s\u0103 \u0219tii ce tehnici folosesc pentru a prinde infractorii? Exploreaz\u0103 metode de investiga\u021bie reale \u0219i rezolv\u0103 cazurile ca un profesionist cu super kitul Vreau s\u0103 fiu detectiv!<\/h2>\n<p>Preg\u0103te\u0219te-te pentru cele mai tari experien\u021be din via\u021ba ta! Amenajeaz\u0103-\u021bi un loc \u00een care s\u0103-\u021bi po\u021bi organiza un mic laborator de investiga\u021bie \u0219i lucreaz\u0103 la cele mai palpitante cazuri, ca un detectiv adev\u0103rat.<\/p>\n<p>Kitul Vreau s\u0103 fiu detectiv este grozav pentru experimente creative \u0219i timp de calitate \u00een care deprinzi no\u021biuni interesante despre tehnicile de investiga\u021bie utilizate de profesioni\u0219ti. Cu vreau s\u0103 fiu detectiv ai \u0219ansa s\u0103 \u00eenve\u021bi:<\/p>\n<ul>\n<li>Cum se preiau probele de la locul faptei<\/li>\n<li>Cum se analizeaz\u0103 probele ADN<\/li>\n<li>Cum s\u0103 analizezi fibrele \u0219i chiar otr\u0103vurile<\/li>\n<li>Cum po\u021bi g\u0103si mesajele ascunse l\u0103sate de infractori<\/li>\n<li>Ce este cromatografia \u0219i cu \u00eei ajut\u0103 pe detectivi \u00een munca lor<\/li>\n<\/ul>\n<h2>Vreau s\u0103 fiu detectiv: o provocare super captivant\u0103 pentru p\u0103rin\u021bi \u0219i copii<\/h2>\n<p>\u0218tim c\u00e2t este de greu s\u0103 \u00eei \u021bii pe copii departe de ecrane \u0219i s\u0103 le oferi o alternativ\u0103 care s\u0103 \u00eei captiveze mai mult dec\u00e2t un joc pe calculator. Cu Vreau s\u0103 fiu detectiv copiii intr\u0103 repede \u00een rolul investigatorului \u0219i lucreaz\u0103 cu entuziasm pentru rezolvarea cazului. Fiecare indiciu care \u00eei duce mai aproape de rezolvare le d\u0103 \u00eencredere \u00een ei \u0219i \u00eei ajut\u0103 s\u0103 descopere rapid infractorii.<\/p>\n<p>Vreau s\u0103 fiu detectiv este o distrac\u021bie fabuloas\u0103 \u0219i pentru p\u0103rin\u021bi c\u00e2nd vor s\u0103 petreac\u0103 timp de calitate \u0219i s\u0103 se conecteze cu cei mici. Este o bun\u0103 oportunitate de a le vorbi copiilor pe \u00een\u021belesul lor despre procesul de investiga\u021bie.<\/p>\n<p><b>De ce se analizeaz\u0103 solul la locul unei crime? Cum se preiau amprentele de pantofi? \u0218i, mai ales, cum \u00eei ajut\u0103 ADN-ul pe speciali\u0219ti s\u0103 prind\u0103 repede infractorii?\u00a0<\/b><\/p>\n<p>Experimenteaz\u0103 cu\u00a0<b>Vreau s\u0103 fiu detectiv<\/b>\u00a0\u0219i afl\u0103 r\u0103spunsurile la toate aceste \u00eentreb\u0103ri, precum \u0219i multe alte informa\u021bii fascinante despre munca detectivilor.<\/p>\n<h2>Vreau s\u0103 fiu detectiv \u2013 un joc STEM fascinant \u0219i un instrument didactic inovator<\/h2>\n<p>Jocurile STEM (acronimul de la: Science,\u00a0Technology, Engineering, Maths) pun accentul pe \u00eenv\u0103\u021bare al\u0103turi de distrac\u021bie \u0219i \u00eei ajut\u0103 pe copii s\u0103 se \u00eemprieteneasc\u0103 de la v\u00e2rste fragede cu \u0219tiin\u021ba. Vreau s\u0103 fiu detectiv \u00eentrune\u0219te cele mai \u00eenalte standarde de calitate \u0219i siguran\u021b\u0103, precum \u0219i toate caracteristicile fascinantelor jocuri STEM:<\/p>\n<ul>\n<li>Stimuleaz\u0103 \u0219i sus\u021bine dezvoltarea g\u00e2ndirii logice \u0219i strategice.<\/li>\n<li>Dezvolt\u0103 imagina\u021bia \u0219i g\u00e2ndirea creativ\u0103.<\/li>\n<li>\u00cembun\u0103t\u0103\u021be\u0219te capacitatea de concentrare, precum \u0219i coordonarea<\/li>\n<li>Stimuleaz\u0103 comunicarea, dezvoltarea abilit\u0103\u021bilor sociale \u0219i lucrul \u00een echip\u0103.<\/li>\n<li>\u00cei ajut\u0103 pe copii s\u0103 se familiarizeze cu concepte \u0219i no\u021biuni noi, favoriz\u00e2nd totodat\u0103 dezvoltarea vocabularului.<\/li>\n<li>\u00cen plus, este foarte distractiv \u0219i poate fi prilejul perfect de a te conecta cu copilul t\u0103u \u0219i de a v\u0103 distra \u00eempreun\u0103 de minune.<\/li>\n<\/ul>\n<p>G\u0103se\u0219ti o mul\u021bime de alte informa\u021bii interesante, detalii despre experimentele pe care le po\u021bi efectua, precum \u0219i instruc\u021biuni de utilizare pas cu pas \u00een ghidul jocului disponibil\u00a0aici.<\/p>\n<p><b>Vreau s\u0103 fiu detectiv<\/b>\u00a0poate fi \u0219i un instrument didactic nemaipomenit pe care profesorii \u00eel pot folosi cu succes la orele de \u0219tiin\u021b\u0103. Setul transform\u0103\u00a0 procesul de predare \u00eentr-o activitate dinamic\u0103 \u0219i interesant\u0103, foarte pe placul copiilor.<\/p>\n<p>Cei mici pot lucra \u00een grupuri \u0219i vor fi fascina\u021bi s\u0103 descopere indicii despre cazurile investigate prin:<\/p>\n<ul>\n<li>Amprentarea degetelor de la m\u00e2ini \u0219i determinarea grupei sanguine.<\/li>\n<li>Analiza fibrelor din materiale \u0219i a firelor de p\u0103r.<\/li>\n<li>Turnarea amprentelor de pantofi.<\/li>\n<li>Compararea probelor ADN.<\/li>\n<li>Identificarea lichidelor din recipiente identice.<\/li>\n<\/ul>\n<p>De asemenea, pe baza experimentelor efectuate \u00eempreun\u0103 cu copiii, profesorul le poate explica de ce probele sunt at\u00e2t de valoroase \u00een prinderea r\u0103uf\u0103c\u0103torilor, de ce scenele crimelor sau infrac\u021biunilor sunt izolate de public sau de ce este nevoie ca detectivii s\u0103 adune multe dovezi pentru ca infractorii s\u0103 fie condamna\u021bi.<\/p>\n<h2>\u0218tiai c\u0103\u2026<\/h2>\n<ul>\n<li>Amprentele sunt unice, nu exist\u0103 doi oameni de pe planeta aceasta care s\u0103 aib\u0103 amprente identice.<\/li>\n<li>Exist\u0103 oameni care nu au amprente. Aceast\u0103 tulburare se nume\u0219te\u00a0adermatoglifie, este foarte rar\u0103 \u0219i este cauzat\u0103 de o muta\u021bie genetic\u0103.<\/li>\n<li>99% din ADN-ul uman este asem\u0103n\u0103tor cu al cimpanzeilor \u0219i al gorilelor, iar\u00a0\u00a099,9% din secven\u0163a noastr\u0103 ADN este aceea\u015fi cu a celorlal\u0163i oameni.<\/li>\n<li>Pe 25 aprilie se s\u0103rb\u0103tore\u0219te Ziua Interna\u021bional\u0103 a ADN-ului. Aceast\u0103 zi marcheaz\u0103 descoperirea structurii dublu catenare a ADN-ului descris\u0103 \u00een 1953 de echipe medicale coordonate de oamenii de \u0219tiin\u021b\u0103 James Watson \u0219i Francis Crick.<\/li>\n<\/ul>\n<p>Fie c\u0103 \u00ee\u021bi dore\u0219ti un joc educativ pentru copilul t\u0103u, un cadou interesant \u0219i captivant pentru un t\u00e2n\u0103r explorator sau pur \u0219i simplu, mai mult\u0103 distrac\u021bie \u0219i deconectare al\u0103turi de cei dragi, kitul Vreau s\u0103 fiu detectiv este alegerea cea mai potrivit\u0103.<\/p>\n<p>Ai aflat? ROOVI \u021bi-a preg\u0103tit alte 4 kituri fascinante din gama EduScience! Pune \u00een co\u0219ul de cump\u0103r\u0103turi\u00a0<strong><a href=\"https:\/\/business.roovi.com\/ro\/joc-planeta-pamant-joc-educativ-eduscience\/p\/\">Planeta P\u0103m\u00e2nt<\/a>,\u00a0<a href=\"https:\/\/business.roovi.com\/ro\/joc-vreau-sa-fiu-programator-joc-educativ-eduscience\/p\/\">Vreau s\u0103 fiu programator<\/a>,\u00a0<a href=\"https:\/\/business.roovi.com\/ro\/corpul-uman-joc-educativ-eduscience\/p\/\">Corpul uman<\/a>,\u00a0<a href=\"https:\/\/business.roovi.com\/ro\/joc-vulcanul-cu-lava-curcubeu-joc-educativ-eduscience\/p\/\">Vulcanul cu Lava Curcubeu<\/a><\/strong>\u00a0\u0219i ofer\u0103-i copilului t\u0103u o colec\u021bie educativ\u0103 fabuloas\u0103.<\/p>\n","protected":false},"excerpt":{"rendered":"<p>Te fascineaz\u0103 munca detectivilor? \u021ai-ai dori s\u0103 \u0219tii ce tehnici folosesc pentru a prinde infractorii? Exploreaz\u0103 metode de investiga\u021bie reale<\/p>\n","protected":false},"featured_media":71705,"template":"","meta":[],"product_brand":[],"product_cat":[1494,1471,1509],"product_tag":[],"class_list":{"0":"post-61035","1":"product","2":"type-product","3":"status-publish","4":"has-post-thumbnail","6":"product_cat-jocuri-didactice","7":"product_cat-jocuri-educative-si-stiintifice","8":"product_cat-jocuri-stiintifice","10":"first","11":"onbackorder","12":"taxable","13":"shipping-taxable","14":"product-type-simple"},"yoast_head":"<!-- This site is optimized with the Yoast SEO plugin v20.1 - https:\/\/yoast.com\/wordpress\/plugins\/seo\/ -->\n<title>Joc Vreau s\u0103 fiu Detectiv \u2013 Joc educativ EduScience - Roovi B2B<\/title>\n<meta name=\"robots\" content=\"index, follow, max-snippet:-1, max-image-preview:large, max-video-preview:-1\" \/>\n<link rel=\"canonical\" href=\"https:\/\/business.roovi.com\/ro\/joc-vreau-sa-fiu-detectiv-joc-educativ-eduscience\/p\/\" \/>\n<meta property=\"og:locale\" content=\"ro_RO\" \/>\n<meta property=\"og:type\" content=\"article\" \/>\n<meta property=\"og:title\" content=\"Joc Vreau s\u0103 fiu Detectiv \u2013 Joc educativ EduScience - Roovi B2B\" \/>\n<meta property=\"og:description\" content=\"Te fascineaz\u0103 munca detectivilor? \u021ai-ai dori s\u0103 \u0219tii ce tehnici folosesc pentru a prinde infractorii? Exploreaz\u0103 metode de investiga\u021bie reale\" \/>\n<meta property=\"og:url\" content=\"https:\/\/business.roovi.com\/ro\/joc-vreau-sa-fiu-detectiv-joc-educativ-eduscience\/p\/\" \/>\n<meta property=\"og:site_name\" content=\"Roovi B2B\" \/>\n<meta property=\"article:publisher\" content=\"https:\/\/www.facebook.com\/wwwjucariero\" \/>\n<meta property=\"article:modified_time\" content=\"2025-03-13T08:58:58+00:00\" \/>\n<meta property=\"og:image\" content=\"https:\/\/business.roovi.com\/wp-content\/uploads\/2022\/11\/VREAU-SA-FIU-DETECTIV_79558_FATA.jpg\" \/>\n\t<meta property=\"og:image:width\" content=\"1200\" \/>\n\t<meta property=\"og:image:height\" content=\"1200\" \/>\n\t<meta property=\"og:image:type\" content=\"image\/jpeg\" \/>\n<meta name=\"twitter:label1\" content=\"Timp estimat pentru citire\" \/>\n\t<meta name=\"twitter:data1\" content=\"4 minute\" \/>\n<script type=\"application\/ld+json\" class=\"yoast-schema-graph\">{\"@context\":\"https:\/\/schema.org\",\"@graph\":[{\"@type\":\"WebPage\",\"@id\":\"https:\/\/business.roovi.com\/ro\/joc-vreau-sa-fiu-detectiv-joc-educativ-eduscience\/p\/\",\"url\":\"https:\/\/business.roovi.com\/ro\/joc-vreau-sa-fiu-detectiv-joc-educativ-eduscience\/p\/\",\"name\":\"Joc Vreau s\u0103 fiu Detectiv \u2013 Joc educativ EduScience - Roovi B2B\",\"isPartOf\":{\"@id\":\"https:\/\/business.roovi.com\/ro\/#website\"},\"datePublished\":\"2022-11-28T15:04:30+00:00\",\"dateModified\":\"2025-03-13T08:58:58+00:00\",\"breadcrumb\":{\"@id\":\"https:\/\/business.roovi.com\/ro\/joc-vreau-sa-fiu-detectiv-joc-educativ-eduscience\/p\/#breadcrumb\"},\"inLanguage\":\"ro-RO\",\"potentialAction\":[{\"@type\":\"ReadAction\",\"target\":[\"https:\/\/business.roovi.com\/ro\/joc-vreau-sa-fiu-detectiv-joc-educativ-eduscience\/p\/\"]}]},{\"@type\":\"BreadcrumbList\",\"@id\":\"https:\/\/business.roovi.com\/ro\/joc-vreau-sa-fiu-detectiv-joc-educativ-eduscience\/p\/#breadcrumb\",\"itemListElement\":[{\"@type\":\"ListItem\",\"position\":1,\"name\":\"Home\",\"item\":\"https:\/\/business.roovi.com\/ro\/\"},{\"@type\":\"ListItem\",\"position\":2,\"name\":\"Magazin\",\"item\":\"https:\/\/business.roovi.com\/ro\/magazin\/\"},{\"@type\":\"ListItem\",\"position\":3,\"name\":\"Joc Vreau s\u0103 fiu Detectiv \u2013 Joc educativ EduScience\"}]},{\"@type\":\"WebSite\",\"@id\":\"https:\/\/business.roovi.com\/ro\/#website\",\"url\":\"https:\/\/business.roovi.com\/ro\/\",\"name\":\"Roovi B2B\",\"description\":\"Roovi Business Website\",\"potentialAction\":[{\"@type\":\"SearchAction\",\"target\":{\"@type\":\"EntryPoint\",\"urlTemplate\":\"https:\/\/business.roovi.com\/ro\/?s={search_term_string}\"},\"query-input\":\"required name=search_term_string\"}],\"inLanguage\":\"ro-RO\"}]}<\/script>\n<!-- \/ Yoast SEO plugin. -->","yoast_head_json":{"title":"Joc Vreau s\u0103 fiu Detectiv \u2013 Joc educativ EduScience - Roovi B2B","robots":{"index":"index","follow":"follow","max-snippet":"max-snippet:-1","max-image-preview":"max-image-preview:large","max-video-preview":"max-video-preview:-1"},"canonical":"https:\/\/business.roovi.com\/ro\/joc-vreau-sa-fiu-detectiv-joc-educativ-eduscience\/p\/","og_locale":"ro_RO","og_type":"article","og_title":"Joc Vreau s\u0103 fiu Detectiv \u2013 Joc educativ EduScience - Roovi B2B","og_description":"Te fascineaz\u0103 munca detectivilor? \u021ai-ai dori s\u0103 \u0219tii ce tehnici folosesc pentru a prinde infractorii? Exploreaz\u0103 metode de investiga\u021bie reale","og_url":"https:\/\/business.roovi.com\/ro\/joc-vreau-sa-fiu-detectiv-joc-educativ-eduscience\/p\/","og_site_name":"Roovi B2B","article_publisher":"https:\/\/www.facebook.com\/wwwjucariero","article_modified_time":"2025-03-13T08:58:58+00:00","og_image":[{"width":1200,"height":1200,"url":"https:\/\/business.roovi.com\/wp-content\/uploads\/2022\/11\/VREAU-SA-FIU-DETECTIV_79558_FATA.jpg","type":"image\/jpeg"}],"twitter_misc":{"Timp estimat pentru citire":"4 minute"},"schema":{"@context":"https:\/\/schema.org","@graph":[{"@type":"WebPage","@id":"https:\/\/business.roovi.com\/ro\/joc-vreau-sa-fiu-detectiv-joc-educativ-eduscience\/p\/","url":"https:\/\/business.roovi.com\/ro\/joc-vreau-sa-fiu-detectiv-joc-educativ-eduscience\/p\/","name":"Joc Vreau s\u0103 fiu Detectiv \u2013 Joc educativ EduScience - Roovi B2B","isPartOf":{"@id":"https:\/\/business.roovi.com\/ro\/#website"},"datePublished":"2022-11-28T15:04:30+00:00","dateModified":"2025-03-13T08:58:58+00:00","breadcrumb":{"@id":"https:\/\/business.roovi.com\/ro\/joc-vreau-sa-fiu-detectiv-joc-educativ-eduscience\/p\/#breadcrumb"},"inLanguage":"ro-RO","potentialAction":[{"@type":"ReadAction","target":["https:\/\/business.roovi.com\/ro\/joc-vreau-sa-fiu-detectiv-joc-educativ-eduscience\/p\/"]}]},{"@type":"BreadcrumbList","@id":"https:\/\/business.roovi.com\/ro\/joc-vreau-sa-fiu-detectiv-joc-educativ-eduscience\/p\/#breadcrumb","itemListElement":[{"@type":"ListItem","position":1,"name":"Home","item":"https:\/\/business.roovi.com\/ro\/"},{"@type":"ListItem","position":2,"name":"Magazin","item":"https:\/\/business.roovi.com\/ro\/magazin\/"},{"@type":"ListItem","position":3,"name":"Joc Vreau s\u0103 fiu Detectiv \u2013 Joc educativ EduScience"}]},{"@type":"WebSite","@id":"https:\/\/business.roovi.com\/ro\/#website","url":"https:\/\/business.roovi.com\/ro\/","name":"Roovi B2B","description":"Roovi Business Website","potentialAction":[{"@type":"SearchAction","target":{"@type":"EntryPoint","urlTemplate":"https:\/\/business.roovi.com\/ro\/?s={search_term_string}"},"query-input":"required name=search_term_string"}],"inLanguage":"ro-RO"}]}},"_links":{"self":[{"href":"https:\/\/business.roovi.com\/ro\/wp-json\/wp\/v2\/product\/61035","targetHints":{"allow":["GET"]}}],"collection":[{"href":"https:\/\/business.roovi.com\/ro\/wp-json\/wp\/v2\/product"}],"about":[{"href":"https:\/\/business.roovi.com\/ro\/wp-json\/wp\/v2\/types\/product"}],"version-history":[{"count":0,"href":"https:\/\/business.roovi.com\/ro\/wp-json\/wp\/v2\/product\/61035\/revisions"}],"wp:featuredmedia":[{"embeddable":true,"href":"https:\/\/business.roovi.com\/ro\/wp-json\/wp\/v2\/media\/71705"}],"wp:attachment":[{"href":"https:\/\/business.roovi.com\/ro\/wp-json\/wp\/v2\/media?parent=61035"}],"wp:term":[{"taxonomy":"product_brand","embeddable":true,"href":"https:\/\/business.roovi.com\/ro\/wp-json\/wp\/v2\/product_brand?post=61035"},{"taxonomy":"product_cat","embeddable":true,"href":"https:\/\/business.roovi.com\/ro\/wp-json\/wp\/v2\/product_cat?post=61035"},{"taxonomy":"product_tag","embeddable":true,"href":"https:\/\/business.roovi.com\/ro\/wp-json\/wp\/v2\/product_tag?post=61035"}],"curies":[{"name":"wp","href":"https:\/\/api.w.org\/{rel}","templated":true}]}}