{"id":61055,"date":"2022-11-28T15:38:03","date_gmt":"2022-11-28T15:38:03","guid":{"rendered":"https:\/\/business.roovi.com\/?post_type=product&#038;p=61055"},"modified":"2025-03-13T08:47:49","modified_gmt":"2025-03-13T08:47:49","slug":"joc-vulcanul-cu-lava-curcubeu-joc-educativ-eduscience","status":"publish","type":"product","link":"https:\/\/business.roovi.com\/ro\/joc-vulcanul-cu-lava-curcubeu-joc-educativ-eduscience\/p\/","title":{"rendered":"Joc Vulcanul cu Lava Curcubeu \u2013 Joc educativ EduScience"},"content":{"rendered":"<p><iframe loading=\"lazy\" title=\"VULCANUL CU LAVA CURCUBEU\" width=\"500\" height=\"281\" src=\"https:\/\/www.youtube.com\/embed\/6qPYjr6FjDY?feature=oembed\" frameborder=\"0\" allow=\"accelerometer; autoplay; clipboard-write; encrypted-media; gyroscope; picture-in-picture; web-share\" referrerpolicy=\"strict-origin-when-cross-origin\" allowfullscreen><\/iframe><\/p>\n<h3>Vrei s\u0103 \u00eel \u021bii departe de ecrane pe copilul t\u0103u? S\u0103 \u00eei oferi o alternativ\u0103 super distractiv\u0103 \u0219i \u00een acela\u0219i timp, educativ\u0103? Alege kitul Vulcan cu lav\u0103 curcubeu \u0219i crea\u021bi \u00eempreun\u0103 o insul\u0103 vulcanic\u0103 fascinant\u0103 \u0219i uimitor de realist\u0103.<\/h3>\n<p>Fii preg\u0103tit s\u0103 transformi un loc din buc\u0103t\u0103rie \u00eentr-un mini-laborator \u0219tiin\u021bific! Kitul Vulcanul cu lava curcubeu folose\u0219te chimia \u0219i fizica distractiv\u0103 pentru a explora geologia \u0219i arta, \u00een mod simultan.<\/p>\n<p>Kitul con\u021bine o machet\u0103 cu insula vulcanic\u0103 ce se poate reutiliza, pentru ca experien\u021ba creativ\u0103 s\u0103 se repete ori de c\u00e2te ori copilul t\u0103u \u00ee\u0219i dore\u0219te s\u0103 exploreze lumea vulcanilor. Insula vulcanic\u0103 are\u00a0<b>4 cratere<\/b>\u00a0\u0219i\u00a0<b>11 caldeire<\/b>\u00a0care produc efecte vizuale colorate uimitoare \u0219i fluxuri de lav\u0103 realiste care str\u0103lucesc \u00een \u00eentuneric.<\/p>\n<h2>Vulcanul cu lava curcubeu \u2013 un joc creativ \u0219i o provocare \u0219tiin\u021bific\u0103 super captivant\u0103<\/h2>\n<p>Curios s\u0103 afli ce mai po\u021bi crea cu ustensilele \u0219i incredientele din setul Vulcanul cu lava curcubeu? Iat\u0103 doar c\u00e2teva dintre minun\u0103\u021biile fermec\u0103toare \u0219i colorate care vor ie\u0219i din m\u00e2inile tale:<\/p>\n<ul>\n<li>4 vulcani fabulo\u0219i, care \u00eei imit\u0103 \u00een cele mai mici detalii pe cei reali<\/li>\n<li>Bombe de lav\u0103 zbur\u0103toare<\/li>\n<li>Izvoare minerale efervescente care \u00ee\u0219i schimb\u0103 culoarea<\/li>\n<li>Furtuni \u00eenvolburate dintr-un lac special cu lav\u0103 colorat\u0103<\/li>\n<li>Flori cromatice \u00een culorile curcubeului.<\/li>\n<\/ul>\n<p>\u00cen plus, descoperi foarte multe informa\u021bii interesante despre celebrii vulcani: Erebus din Antarctica, Vezuviu din Italia, Kilauea din Hawaii sau Mount St. Helens din SUA. Fii preg\u0103tit a\u0219adar pentru cel mai tare experiment ce combin\u0103 \u0219tiin\u021ba vulcanilor cu distrac\u021bia fabuloas\u0103.<\/p>\n<h2>Vulcanul cu lava curcubeu \u2013 un joc STEM fascinant \u0219i un instrument didactic inovator<\/h2>\n<p>Jocurile STEM (acronimul de la: Science,Technology, Engineering, Maths) pun accentul pe \u00eenv\u0103\u021bare al\u0103turi de distrac\u021bie \u0219i \u00eei ajut\u0103 pe copii s\u0103 se \u00eemprieteneasc\u0103 de la v\u00e2rste fragede cu \u0219tiin\u021ba. Vulcanul cu lava curcubeu \u00eentrune\u0219te cele mai \u00eenalte standarde de calitate \u0219i siguran\u021b\u0103, precum \u0219i toate caracteristicile fascinantelor jocuri STEM:<\/p>\n<ul>\n<li>Stimuleaz\u0103 \u0219i sus\u021bine dezvoltarea g\u00e2ndirii logice \u0219i strategice.<\/li>\n<li>Dezvolt\u0103 imagina\u021bia \u0219i g\u00e2ndirea creativ\u0103.<\/li>\n<li>\u00cembun\u0103t\u0103\u021be\u0219te capacitatea de concentrare, precum \u0219i coordonarea<\/li>\n<li>Stimuleaz\u0103 comunicarea, dezvoltarea abilit\u0103\u021bilor sociale \u0219i lucrul \u00een echip\u0103.<\/li>\n<li>\u00cei ajut\u0103 pe copii s\u0103 se familiarizeze cu concepte \u0219i no\u021biuni noi, favoriz\u00e2nd totodat\u0103 dezvoltarea vocabularului.<\/li>\n<li>\u00cen plus, este foarte distractiv \u0219i poate fi prilejul perfect de a te conecta cu copilul t\u0103u \u0219i de a v\u0103 distra de minune.<\/li>\n<\/ul>\n<p>Vulcanul cu lava curcubeu poate fi \u0219i un instrument didactic nemaipomenit pe care profesorii \u00eel pot folosi cu succes la orele de \u0219tiin\u021b\u0103, geografie, fizic\u0103 sau chimie. Setul transform\u0103\u00a0 procesul de predare \u00eentr-o activitate dinamic\u0103 \u0219i interesant\u0103, foarte pe placul copiilor.<\/p>\n<h2>\u0218tiai c\u0103\u2026<\/h2>\n<ul>\n<li>Peste 80% din suprafa\u021ba P\u0103m\u00e2ntului este de origine vulcanic\u0103.<\/li>\n<li>\u00cen Australia, nu exist\u0103 vulcani activi deoarece aceasta se afl\u0103 \u00een mijlocul unei pl\u0103ci tectonice. La polul opus, zona cu cei mai mul\u021bi vulcani activi este Indonezia (\u00een jur de 130).<\/li>\n<li>Erup\u021bia din 1980 a vulcanului Muntele St. Helens a avut o for\u021b\u0103 de 500 de ori mai mare dec\u00e2t bomba atomic\u0103 lansat\u0103 asupra Hiroshimei.<\/li>\n<li>Erebus este unul din cei 5 vulcani de pe P\u0103m\u00e2nt care au un lac de lav\u0103 ro\u0219ie aflat\u0103 \u00een continu\u0103 \u201cfierbere\u201d \u00een craterul principal.<\/li>\n<li>\u00cen Rom\u00e2nia, exist\u0103 un singur lac de origine vulcanic\u0103 \u2013 Lacul Sf. Ana \u2013 care s-a format pe fundul craterului unui vulcan stins\u00a0din masivul Ciomatu, jude\u021bul Harghita.<\/li>\n<\/ul>\n<h2>Vulcanul cu lav\u0103 curcubeu \u2013 un cadou impresionant pentru copiii pasiona\u021bi de lumea \u0219tiin\u021bei<\/h2>\n<p>Vrei s\u0103 pui \u00een sacul Mo\u0219ului un cadou deosebit? Dore\u0219ti s\u0103-i faci o mega-surpriz\u0103 unui mic prieten explorator, pasionat de \u0219tiin\u021b\u0103?<\/p>\n<p>Sau vrei pur \u0219i simplu s\u0103 te distrezi cu copilul t\u0103u \u0219i \u00een acela\u0219i timp s\u0103 \u00eel aju\u021bi s\u0103-\u0219i l\u0103rgeasc\u0103 orizontul cunoa\u0219terii? Pentru toate aceste situa\u021bii \u0219i pentru multe alte ocazii de s\u0103rb\u0103toare, kitul Vulcanul cu lava curcubeu este alegerea perfect\u0103.<\/p>\n<p>Ai aflat? ROOVI \u021bi-a preg\u0103tit alte 4 kituri fascinante din gama EduScience! Pune \u00een co\u0219ul de cump\u0103r\u0103turi\u00a0<strong><a href=\"https:\/\/business.roovi.com\/ro\/joc-planeta-pamant-joc-educativ-eduscience\/p\/\">Planeta P\u0103m\u00e2nt<\/a>,\u00a0<a href=\"https:\/\/business.roovi.com\/ro\/joc-vreau-sa-fiu-programator-joc-educativ-eduscience\/p\/\">Vreau s\u0103 fiu programator<\/a>,\u00a0<a href=\"https:\/\/business.roovi.com\/ro\/joc-vreau-sa-fiu-detectiv-joc-educativ-eduscience\/p\/\">Vreau s\u0103 fiu Detectiv<\/a>,\u00a0<a href=\"https:\/\/business.roovi.com\/ro\/corpul-uman-joc-educativ-eduscience\/p\/\">Corpul uman<\/a><\/strong>\u00a0\u0219i ofer\u0103-i copilului t\u0103u o colec\u021bie educativ\u0103 fabuloas\u0103.<\/p>\n","protected":false},"excerpt":{"rendered":"<p>Vrei s\u0103 \u00eel \u021bii departe de ecrane pe copilul t\u0103u? S\u0103 \u00eei oferi o alternativ\u0103 super distractiv\u0103 \u0219i \u00een acela\u0219i<\/p>\n","protected":false},"featured_media":71609,"template":"","meta":[],"product_brand":[],"product_cat":[1494,1471,1509],"product_tag":[],"class_list":{"0":"post-61055","1":"product","2":"type-product","3":"status-publish","4":"has-post-thumbnail","6":"product_cat-jocuri-didactice","7":"product_cat-jocuri-educative-si-stiintifice","8":"product_cat-jocuri-stiintifice","10":"first","11":"onbackorder","12":"taxable","13":"shipping-taxable","14":"product-type-simple"},"yoast_head":"<!-- This site is optimized with the Yoast SEO plugin v20.1 - https:\/\/yoast.com\/wordpress\/plugins\/seo\/ -->\n<title>Joc Vulcanul cu Lava Curcubeu \u2013 Joc educativ EduScience - Roovi B2B<\/title>\n<meta name=\"robots\" content=\"index, follow, max-snippet:-1, max-image-preview:large, max-video-preview:-1\" \/>\n<link rel=\"canonical\" href=\"https:\/\/business.roovi.com\/ro\/joc-vulcanul-cu-lava-curcubeu-joc-educativ-eduscience\/p\/\" \/>\n<meta property=\"og:locale\" content=\"ro_RO\" \/>\n<meta property=\"og:type\" content=\"article\" \/>\n<meta property=\"og:title\" content=\"Joc Vulcanul cu Lava Curcubeu \u2013 Joc educativ EduScience - Roovi B2B\" \/>\n<meta property=\"og:description\" content=\"Vrei s\u0103 \u00eel \u021bii departe de ecrane pe copilul t\u0103u? S\u0103 \u00eei oferi o alternativ\u0103 super distractiv\u0103 \u0219i \u00een acela\u0219i\" \/>\n<meta property=\"og:url\" content=\"https:\/\/business.roovi.com\/ro\/joc-vulcanul-cu-lava-curcubeu-joc-educativ-eduscience\/p\/\" \/>\n<meta property=\"og:site_name\" content=\"Roovi B2B\" \/>\n<meta property=\"article:publisher\" content=\"https:\/\/www.facebook.com\/wwwjucariero\" \/>\n<meta property=\"article:modified_time\" content=\"2025-03-13T08:47:49+00:00\" \/>\n<meta property=\"og:image\" content=\"https:\/\/business.roovi.com\/wp-content\/uploads\/2022\/11\/VULCANUL-CU-LAVA-CURCUBEU_79534_FATA.jpg\" \/>\n\t<meta property=\"og:image:width\" content=\"1200\" \/>\n\t<meta property=\"og:image:height\" content=\"1200\" \/>\n\t<meta property=\"og:image:type\" content=\"image\/jpeg\" \/>\n<meta name=\"twitter:label1\" content=\"Timp estimat pentru citire\" \/>\n\t<meta name=\"twitter:data1\" content=\"3 minute\" \/>\n<script type=\"application\/ld+json\" class=\"yoast-schema-graph\">{\"@context\":\"https:\/\/schema.org\",\"@graph\":[{\"@type\":\"WebPage\",\"@id\":\"https:\/\/business.roovi.com\/ro\/joc-vulcanul-cu-lava-curcubeu-joc-educativ-eduscience\/p\/\",\"url\":\"https:\/\/business.roovi.com\/ro\/joc-vulcanul-cu-lava-curcubeu-joc-educativ-eduscience\/p\/\",\"name\":\"Joc Vulcanul cu Lava Curcubeu \u2013 Joc educativ EduScience - Roovi B2B\",\"isPartOf\":{\"@id\":\"https:\/\/business.roovi.com\/ro\/#website\"},\"datePublished\":\"2022-11-28T15:38:03+00:00\",\"dateModified\":\"2025-03-13T08:47:49+00:00\",\"breadcrumb\":{\"@id\":\"https:\/\/business.roovi.com\/ro\/joc-vulcanul-cu-lava-curcubeu-joc-educativ-eduscience\/p\/#breadcrumb\"},\"inLanguage\":\"ro-RO\",\"potentialAction\":[{\"@type\":\"ReadAction\",\"target\":[\"https:\/\/business.roovi.com\/ro\/joc-vulcanul-cu-lava-curcubeu-joc-educativ-eduscience\/p\/\"]}]},{\"@type\":\"BreadcrumbList\",\"@id\":\"https:\/\/business.roovi.com\/ro\/joc-vulcanul-cu-lava-curcubeu-joc-educativ-eduscience\/p\/#breadcrumb\",\"itemListElement\":[{\"@type\":\"ListItem\",\"position\":1,\"name\":\"Home\",\"item\":\"https:\/\/business.roovi.com\/ro\/\"},{\"@type\":\"ListItem\",\"position\":2,\"name\":\"Magazin\",\"item\":\"https:\/\/business.roovi.com\/ro\/magazin\/\"},{\"@type\":\"ListItem\",\"position\":3,\"name\":\"Joc Vulcanul cu Lava Curcubeu \u2013 Joc educativ EduScience\"}]},{\"@type\":\"WebSite\",\"@id\":\"https:\/\/business.roovi.com\/ro\/#website\",\"url\":\"https:\/\/business.roovi.com\/ro\/\",\"name\":\"Roovi B2B\",\"description\":\"Roovi Business Website\",\"potentialAction\":[{\"@type\":\"SearchAction\",\"target\":{\"@type\":\"EntryPoint\",\"urlTemplate\":\"https:\/\/business.roovi.com\/ro\/?s={search_term_string}\"},\"query-input\":\"required name=search_term_string\"}],\"inLanguage\":\"ro-RO\"}]}<\/script>\n<!-- \/ Yoast SEO plugin. -->","yoast_head_json":{"title":"Joc Vulcanul cu Lava Curcubeu \u2013 Joc educativ EduScience - Roovi B2B","robots":{"index":"index","follow":"follow","max-snippet":"max-snippet:-1","max-image-preview":"max-image-preview:large","max-video-preview":"max-video-preview:-1"},"canonical":"https:\/\/business.roovi.com\/ro\/joc-vulcanul-cu-lava-curcubeu-joc-educativ-eduscience\/p\/","og_locale":"ro_RO","og_type":"article","og_title":"Joc Vulcanul cu Lava Curcubeu \u2013 Joc educativ EduScience - Roovi B2B","og_description":"Vrei s\u0103 \u00eel \u021bii departe de ecrane pe copilul t\u0103u? S\u0103 \u00eei oferi o alternativ\u0103 super distractiv\u0103 \u0219i \u00een acela\u0219i","og_url":"https:\/\/business.roovi.com\/ro\/joc-vulcanul-cu-lava-curcubeu-joc-educativ-eduscience\/p\/","og_site_name":"Roovi B2B","article_publisher":"https:\/\/www.facebook.com\/wwwjucariero","article_modified_time":"2025-03-13T08:47:49+00:00","og_image":[{"width":1200,"height":1200,"url":"https:\/\/business.roovi.com\/wp-content\/uploads\/2022\/11\/VULCANUL-CU-LAVA-CURCUBEU_79534_FATA.jpg","type":"image\/jpeg"}],"twitter_misc":{"Timp estimat pentru citire":"3 minute"},"schema":{"@context":"https:\/\/schema.org","@graph":[{"@type":"WebPage","@id":"https:\/\/business.roovi.com\/ro\/joc-vulcanul-cu-lava-curcubeu-joc-educativ-eduscience\/p\/","url":"https:\/\/business.roovi.com\/ro\/joc-vulcanul-cu-lava-curcubeu-joc-educativ-eduscience\/p\/","name":"Joc Vulcanul cu Lava Curcubeu \u2013 Joc educativ EduScience - Roovi B2B","isPartOf":{"@id":"https:\/\/business.roovi.com\/ro\/#website"},"datePublished":"2022-11-28T15:38:03+00:00","dateModified":"2025-03-13T08:47:49+00:00","breadcrumb":{"@id":"https:\/\/business.roovi.com\/ro\/joc-vulcanul-cu-lava-curcubeu-joc-educativ-eduscience\/p\/#breadcrumb"},"inLanguage":"ro-RO","potentialAction":[{"@type":"ReadAction","target":["https:\/\/business.roovi.com\/ro\/joc-vulcanul-cu-lava-curcubeu-joc-educativ-eduscience\/p\/"]}]},{"@type":"BreadcrumbList","@id":"https:\/\/business.roovi.com\/ro\/joc-vulcanul-cu-lava-curcubeu-joc-educativ-eduscience\/p\/#breadcrumb","itemListElement":[{"@type":"ListItem","position":1,"name":"Home","item":"https:\/\/business.roovi.com\/ro\/"},{"@type":"ListItem","position":2,"name":"Magazin","item":"https:\/\/business.roovi.com\/ro\/magazin\/"},{"@type":"ListItem","position":3,"name":"Joc Vulcanul cu Lava Curcubeu \u2013 Joc educativ EduScience"}]},{"@type":"WebSite","@id":"https:\/\/business.roovi.com\/ro\/#website","url":"https:\/\/business.roovi.com\/ro\/","name":"Roovi B2B","description":"Roovi Business Website","potentialAction":[{"@type":"SearchAction","target":{"@type":"EntryPoint","urlTemplate":"https:\/\/business.roovi.com\/ro\/?s={search_term_string}"},"query-input":"required name=search_term_string"}],"inLanguage":"ro-RO"}]}},"_links":{"self":[{"href":"https:\/\/business.roovi.com\/ro\/wp-json\/wp\/v2\/product\/61055","targetHints":{"allow":["GET"]}}],"collection":[{"href":"https:\/\/business.roovi.com\/ro\/wp-json\/wp\/v2\/product"}],"about":[{"href":"https:\/\/business.roovi.com\/ro\/wp-json\/wp\/v2\/types\/product"}],"version-history":[{"count":0,"href":"https:\/\/business.roovi.com\/ro\/wp-json\/wp\/v2\/product\/61055\/revisions"}],"wp:featuredmedia":[{"embeddable":true,"href":"https:\/\/business.roovi.com\/ro\/wp-json\/wp\/v2\/media\/71609"}],"wp:attachment":[{"href":"https:\/\/business.roovi.com\/ro\/wp-json\/wp\/v2\/media?parent=61055"}],"wp:term":[{"taxonomy":"product_brand","embeddable":true,"href":"https:\/\/business.roovi.com\/ro\/wp-json\/wp\/v2\/product_brand?post=61055"},{"taxonomy":"product_cat","embeddable":true,"href":"https:\/\/business.roovi.com\/ro\/wp-json\/wp\/v2\/product_cat?post=61055"},{"taxonomy":"product_tag","embeddable":true,"href":"https:\/\/business.roovi.com\/ro\/wp-json\/wp\/v2\/product_tag?post=61055"}],"curies":[{"name":"wp","href":"https:\/\/api.w.org\/{rel}","templated":true}]}}