{"id":61088,"date":"2022-11-28T15:56:25","date_gmt":"2022-11-28T15:56:25","guid":{"rendered":"https:\/\/business.roovi.com\/?post_type=product&#038;p=61088"},"modified":"2023-10-10T09:35:43","modified_gmt":"2023-10-10T09:35:43","slug":"corpul-uman-joc-educativ-eduscience","status":"publish","type":"product","link":"https:\/\/business.roovi.com\/ro\/corpul-uman-joc-educativ-eduscience\/p\/","title":{"rendered":"Corpul Uman \u2013 Joc educativ EduScience"},"content":{"rendered":"<p><iframe loading=\"lazy\" title=\"CUM FUNC\u021aIONEAZ\u0102 CORPUL UMAN\" width=\"500\" height=\"281\" src=\"https:\/\/www.youtube.com\/embed\/SZzVAH9bL6s?feature=oembed\" frameborder=\"0\" allow=\"accelerometer; autoplay; clipboard-write; encrypted-media; gyroscope; picture-in-picture; web-share\" referrerpolicy=\"strict-origin-when-cross-origin\" allowfullscreen><\/iframe><\/p>\n<h2>Tu \u0219tii ce rol au rinichii \u00een corpul t\u0103u? Cum respiri sau cum se diger\u0103 m\u00e2ncarea? Afl\u0103 cum func\u021bioneaz\u0103 Corpul uman cu noul set creativ de la ROOVI.<\/h2>\n<p>Experimenteaz\u0103, descoper\u0103 \u0219i \u00eenva\u021b\u0103 informa\u021bii uimitoare despre corpul uman prin intermediul kitului Cum func\u021bioneaz\u0103 corpul uman. Exploreaz\u0103 prin joc biologia \u0219i chimia organismului uman utiliz\u00e2nd instrumente de laborator \u0219i substan\u021be interesante pentru peste\u00a0<b>40 de experimente<\/b>\u00a0fabuloase.<\/p>\n<p>Iat\u0103 doar c\u00e2teva dintre acestea:<\/p>\n<ul>\n<li>Simularea digestiei \u00een eprubet\u0103 \u0219i verificarea reac\u021biilor enzimatice;<\/li>\n<li>Simularea afl\u0103rii grupelor de s\u00e2nge;<\/li>\n<li>Extragerea ADN-ului;<\/li>\n<li>Investigarea propriet\u0103\u021bilor apei care o fac esen\u021bial\u0103 pentru via\u021b\u0103;<\/li>\n<li>Realizarea unor modele anatomice realiste;<\/li>\n<li>Testarea percep\u021biei senzoriale.<\/li>\n<\/ul>\n<h2>Cum func\u021bioneaz\u0103 corpul uman: un super kit educativ \u0219i distractiv<\/h2>\n<p>\u00cen fiecare copil se afl\u0103 un mic explorator, dornic s\u0103 experimenteze pentru a cunoa\u0219te c\u00e2t mai mult. Kitul Corpul uman l\u0103rge\u0219te orizontul cunoa\u0219terii \u0219i treze\u0219te dorin\u021ba de \u00eenv\u0103\u021bare pentru c\u0103 totul se petrece \u00een joac\u0103.<\/p>\n<p>Copiii intr\u0103 repede \u00een rolul oamenilor de \u0219tiin\u021b\u0103 care desf\u0103\u0219oar\u0103 experimente pentru a descoperi informa\u021bii fascinante despre corpului uman. Cei mici \u00een\u021beleg procesele biologice prin joac\u0103, experiment\u00e2nd, ating\u00e2nd sau gust\u00e2nd.<\/p>\n<p>Ia parte la fiecare experiment pe care \u00eel efectueaz\u0103 copilul t\u0103u. Crea\u021bi \u00eempreun\u0103 un creier din ipsos sau un model cu oasele m\u00e2inii. Bucura\u021bi-v\u0103 \u00eempreun\u0103 de o activitate super distractiv\u0103 \u0219i foarte educativ\u0103.<\/p>\n<h2>Cum func\u021bioneaz\u0103 Corpul uman \u2013 un joc STEM fascinant<\/h2>\n<p>Jocurile STEM (acronimul de la: Science, Technology, Engineering, Maths) pun accentul pe \u00eenv\u0103\u021bare al\u0103turi de distrac\u021bie \u0219i \u00eei ajut\u0103 pe copii s\u0103 se \u00eemprieteneasc\u0103 de la v\u00e2rste fragede cu \u0219tiin\u021ba. Cum func\u021bioneaz\u0103 Corpul uman \u00eentrune\u0219te cele mai \u00eenalte standarde de calitate \u0219i siguran\u021b\u0103, precum \u0219i toate caracteristicile fascinantelor jocuri STEM:<\/p>\n<ul>\n<li>Stimuleaz\u0103 \u0219i sus\u021bine dezvoltarea g\u00e2ndirii logice \u0219i strategice.<\/li>\n<li>Dezvolt\u0103 imagina\u021bia \u0219i g\u00e2ndirea creativ\u0103.<\/li>\n<li>\u00cembun\u0103t\u0103\u021be\u0219te capacitatea de concentrare, precum \u0219i coordonarea<\/li>\n<li>Stimuleaz\u0103 comunicarea, dezvoltarea abilit\u0103\u021bilor sociale \u0219i lucrul \u00een echip\u0103.<\/li>\n<li>\u00cei ajut\u0103 pe copii s\u0103 se familiarizeze cu concepte \u0219i no\u021biuni noi din biologie, chimie \u0219i medicin\u0103, favoriz\u00e2nd totodat\u0103 dezvoltarea vocabularului.<\/li>\n<li>\u00cen plus, este foarte distractiv \u0219i poate fi prilejul perfect de a te conecta cu copilul t\u0103u \u0219i de a v\u0103 distra \u00eempreun\u0103 de minune.<\/li>\n<\/ul>\n<p>Cum func\u021bioneaz\u0103 Corpul uman poate fi \u0219i un instrument didactic nemaipomenit pe care profesorii \u00eel pot folosi cu succes la orele de biologie sau \u0219tiin\u021be. Setul transform\u0103 procesul de predare \u00eentr-o activitate dinamic\u0103 \u0219i interesant\u0103, care \u00eei captiveaz\u0103 pe copii \u0219i le st\u00e2rne\u0219te interesul pentru cunoa\u0219tere.<\/p>\n<h2>\u0218tiai c\u0103\u2026<\/h2>\n<ul>\n<li>Cel mai mare organ al corpului uman este pielea; ea c\u00e2nt\u0103re\u0219te aproximativ 3,5 kg.<\/li>\n<li>Creierul uman c\u00e2nt\u0103re\u0219te aproximativ 1300 de grame.<\/li>\n<li>Peste 100.000 de reac\u021bii chimice au loc \u00een fiecare secund\u0103 \u00een creier<\/li>\n<li>Corneea este singura parte a corpului care se oxigeneaz\u0103 direct din aer \u0219i nu din s\u00e2nge.<\/li>\n<li>Acidul gastric este extrem de puternic, ar putea digera chiar \u0219i o\u021belul.<\/li>\n<li>Oamenii nu pot str\u0103nuta cu ochii deschi\u0219i, iar viteza unui str\u0103nut poate dep\u0103\u0219i 100 km\/h.<\/li>\n<li>\u00cen corpul uman, exist\u0103 suficient fosfor pentru a crea aproximativ 250 de chibrituri.<\/li>\n<\/ul>\n<p>Fie c\u0103 \u00ee\u021bi dore\u0219ti un joc educativ pentru copilul t\u0103u, un cadou interesant \u0219i captivant pentru mic explorator curios sau mai mult\u0103 distrac\u021bie \u0219i deconectare al\u0103turi de copii, kit-ul Cum func\u021bioneaz\u0103 Corpul uman va fi cu siguran\u021b\u0103 alegerea cea mai inspirat\u0103.<\/p>\n<p>Ai aflat? ROOVI \u021bi-a preg\u0103tit alte 4 kituri fascinante din gama EduScience! Pune \u00een co\u0219ul de cump\u0103r\u0103turi\u00a0<strong><a href=\"https:\/\/business.roovi.com\/ro\/joc-planeta-pamant-joc-educativ-eduscience\/p\/\">Planeta P\u0103m\u00e2nt<\/a>,\u00a0<a href=\"https:\/\/business.roovi.com\/ro\/joc-vreau-sa-fiu-programator-joc-educativ-eduscience\/p\/\">Vreau s\u0103 fiu programator<\/a>,\u00a0<a href=\"https:\/\/business.roovi.com\/ro\/joc-vreau-sa-fiu-detectiv-joc-educativ-eduscience\/p\/\">Vreau s\u0103 fiu Detectiv<\/a>,\u00a0<\/strong><a href=\"https:\/\/business.roovi.com\/ro\/joc-vulcanul-cu-lava-curcubeu-joc-educativ-eduscience\/p\/\"><strong>Vulcanul cu Lava<\/strong>\u00a0<strong>Curcubeu<\/strong><\/a>\u00a0\u0219i ofer\u0103-i copilului t\u0103u o colec\u021bie educativ\u0103 fabuloas\u0103.<\/p>\n","protected":false},"excerpt":{"rendered":"<p>Tu \u0219tii ce rol au rinichii \u00een corpul t\u0103u? Cum respiri sau cum se diger\u0103 m\u00e2ncarea? Afl\u0103 cum func\u021bioneaz\u0103 Corpul<\/p>\n","protected":false},"featured_media":71715,"template":"","meta":[],"product_brand":[],"product_cat":[1494,1471,1509],"product_tag":[],"class_list":{"0":"post-61088","1":"product","2":"type-product","3":"status-publish","4":"has-post-thumbnail","6":"product_cat-jocuri-didactice","7":"product_cat-jocuri-educative-si-stiintifice","8":"product_cat-jocuri-stiintifice","10":"first","11":"instock","12":"taxable","13":"shipping-taxable","14":"product-type-simple"},"yoast_head":"<!-- This site is optimized with the Yoast SEO plugin v20.1 - https:\/\/yoast.com\/wordpress\/plugins\/seo\/ -->\n<title>Corpul Uman \u2013 Joc educativ EduScience - Roovi B2B<\/title>\n<meta name=\"robots\" content=\"index, follow, max-snippet:-1, max-image-preview:large, max-video-preview:-1\" \/>\n<link rel=\"canonical\" href=\"https:\/\/business.roovi.com\/ro\/corpul-uman-joc-educativ-eduscience\/p\/\" \/>\n<meta property=\"og:locale\" content=\"ro_RO\" \/>\n<meta property=\"og:type\" content=\"article\" \/>\n<meta property=\"og:title\" content=\"Corpul Uman \u2013 Joc educativ EduScience - Roovi B2B\" \/>\n<meta property=\"og:description\" content=\"Tu \u0219tii ce rol au rinichii \u00een corpul t\u0103u? Cum respiri sau cum se diger\u0103 m\u00e2ncarea? Afl\u0103 cum func\u021bioneaz\u0103 Corpul\" \/>\n<meta property=\"og:url\" content=\"https:\/\/business.roovi.com\/ro\/corpul-uman-joc-educativ-eduscience\/p\/\" \/>\n<meta property=\"og:site_name\" content=\"Roovi B2B\" \/>\n<meta property=\"article:publisher\" content=\"https:\/\/www.facebook.com\/wwwjucariero\" \/>\n<meta property=\"article:modified_time\" content=\"2023-10-10T09:35:43+00:00\" \/>\n<meta property=\"og:image\" content=\"https:\/\/business.roovi.com\/wp-content\/uploads\/2022\/11\/CORPUL-UMAN_79565_FATA.jpg\" \/>\n\t<meta property=\"og:image:width\" content=\"1200\" \/>\n\t<meta property=\"og:image:height\" content=\"1200\" \/>\n\t<meta property=\"og:image:type\" content=\"image\/jpeg\" \/>\n<meta name=\"twitter:label1\" content=\"Timp estimat pentru citire\" \/>\n\t<meta name=\"twitter:data1\" content=\"3 minute\" \/>\n<script type=\"application\/ld+json\" class=\"yoast-schema-graph\">{\"@context\":\"https:\/\/schema.org\",\"@graph\":[{\"@type\":\"WebPage\",\"@id\":\"https:\/\/business.roovi.com\/ro\/corpul-uman-joc-educativ-eduscience\/p\/\",\"url\":\"https:\/\/business.roovi.com\/ro\/corpul-uman-joc-educativ-eduscience\/p\/\",\"name\":\"Corpul Uman \u2013 Joc educativ EduScience - Roovi B2B\",\"isPartOf\":{\"@id\":\"https:\/\/business.roovi.com\/ro\/#website\"},\"datePublished\":\"2022-11-28T15:56:25+00:00\",\"dateModified\":\"2023-10-10T09:35:43+00:00\",\"breadcrumb\":{\"@id\":\"https:\/\/business.roovi.com\/ro\/corpul-uman-joc-educativ-eduscience\/p\/#breadcrumb\"},\"inLanguage\":\"ro-RO\",\"potentialAction\":[{\"@type\":\"ReadAction\",\"target\":[\"https:\/\/business.roovi.com\/ro\/corpul-uman-joc-educativ-eduscience\/p\/\"]}]},{\"@type\":\"BreadcrumbList\",\"@id\":\"https:\/\/business.roovi.com\/ro\/corpul-uman-joc-educativ-eduscience\/p\/#breadcrumb\",\"itemListElement\":[{\"@type\":\"ListItem\",\"position\":1,\"name\":\"Home\",\"item\":\"https:\/\/business.roovi.com\/ro\/\"},{\"@type\":\"ListItem\",\"position\":2,\"name\":\"Magazin\",\"item\":\"https:\/\/business.roovi.com\/ro\/magazin\/\"},{\"@type\":\"ListItem\",\"position\":3,\"name\":\"Corpul Uman \u2013 Joc educativ EduScience\"}]},{\"@type\":\"WebSite\",\"@id\":\"https:\/\/business.roovi.com\/ro\/#website\",\"url\":\"https:\/\/business.roovi.com\/ro\/\",\"name\":\"Roovi B2B\",\"description\":\"Roovi Business Website\",\"potentialAction\":[{\"@type\":\"SearchAction\",\"target\":{\"@type\":\"EntryPoint\",\"urlTemplate\":\"https:\/\/business.roovi.com\/ro\/?s={search_term_string}\"},\"query-input\":\"required name=search_term_string\"}],\"inLanguage\":\"ro-RO\"}]}<\/script>\n<!-- \/ Yoast SEO plugin. -->","yoast_head_json":{"title":"Corpul Uman \u2013 Joc educativ EduScience - Roovi B2B","robots":{"index":"index","follow":"follow","max-snippet":"max-snippet:-1","max-image-preview":"max-image-preview:large","max-video-preview":"max-video-preview:-1"},"canonical":"https:\/\/business.roovi.com\/ro\/corpul-uman-joc-educativ-eduscience\/p\/","og_locale":"ro_RO","og_type":"article","og_title":"Corpul Uman \u2013 Joc educativ EduScience - Roovi B2B","og_description":"Tu \u0219tii ce rol au rinichii \u00een corpul t\u0103u? Cum respiri sau cum se diger\u0103 m\u00e2ncarea? Afl\u0103 cum func\u021bioneaz\u0103 Corpul","og_url":"https:\/\/business.roovi.com\/ro\/corpul-uman-joc-educativ-eduscience\/p\/","og_site_name":"Roovi B2B","article_publisher":"https:\/\/www.facebook.com\/wwwjucariero","article_modified_time":"2023-10-10T09:35:43+00:00","og_image":[{"width":1200,"height":1200,"url":"https:\/\/business.roovi.com\/wp-content\/uploads\/2022\/11\/CORPUL-UMAN_79565_FATA.jpg","type":"image\/jpeg"}],"twitter_misc":{"Timp estimat pentru citire":"3 minute"},"schema":{"@context":"https:\/\/schema.org","@graph":[{"@type":"WebPage","@id":"https:\/\/business.roovi.com\/ro\/corpul-uman-joc-educativ-eduscience\/p\/","url":"https:\/\/business.roovi.com\/ro\/corpul-uman-joc-educativ-eduscience\/p\/","name":"Corpul Uman \u2013 Joc educativ EduScience - Roovi B2B","isPartOf":{"@id":"https:\/\/business.roovi.com\/ro\/#website"},"datePublished":"2022-11-28T15:56:25+00:00","dateModified":"2023-10-10T09:35:43+00:00","breadcrumb":{"@id":"https:\/\/business.roovi.com\/ro\/corpul-uman-joc-educativ-eduscience\/p\/#breadcrumb"},"inLanguage":"ro-RO","potentialAction":[{"@type":"ReadAction","target":["https:\/\/business.roovi.com\/ro\/corpul-uman-joc-educativ-eduscience\/p\/"]}]},{"@type":"BreadcrumbList","@id":"https:\/\/business.roovi.com\/ro\/corpul-uman-joc-educativ-eduscience\/p\/#breadcrumb","itemListElement":[{"@type":"ListItem","position":1,"name":"Home","item":"https:\/\/business.roovi.com\/ro\/"},{"@type":"ListItem","position":2,"name":"Magazin","item":"https:\/\/business.roovi.com\/ro\/magazin\/"},{"@type":"ListItem","position":3,"name":"Corpul Uman \u2013 Joc educativ EduScience"}]},{"@type":"WebSite","@id":"https:\/\/business.roovi.com\/ro\/#website","url":"https:\/\/business.roovi.com\/ro\/","name":"Roovi B2B","description":"Roovi Business Website","potentialAction":[{"@type":"SearchAction","target":{"@type":"EntryPoint","urlTemplate":"https:\/\/business.roovi.com\/ro\/?s={search_term_string}"},"query-input":"required name=search_term_string"}],"inLanguage":"ro-RO"}]}},"_links":{"self":[{"href":"https:\/\/business.roovi.com\/ro\/wp-json\/wp\/v2\/product\/61088","targetHints":{"allow":["GET"]}}],"collection":[{"href":"https:\/\/business.roovi.com\/ro\/wp-json\/wp\/v2\/product"}],"about":[{"href":"https:\/\/business.roovi.com\/ro\/wp-json\/wp\/v2\/types\/product"}],"version-history":[{"count":0,"href":"https:\/\/business.roovi.com\/ro\/wp-json\/wp\/v2\/product\/61088\/revisions"}],"wp:featuredmedia":[{"embeddable":true,"href":"https:\/\/business.roovi.com\/ro\/wp-json\/wp\/v2\/media\/71715"}],"wp:attachment":[{"href":"https:\/\/business.roovi.com\/ro\/wp-json\/wp\/v2\/media?parent=61088"}],"wp:term":[{"taxonomy":"product_brand","embeddable":true,"href":"https:\/\/business.roovi.com\/ro\/wp-json\/wp\/v2\/product_brand?post=61088"},{"taxonomy":"product_cat","embeddable":true,"href":"https:\/\/business.roovi.com\/ro\/wp-json\/wp\/v2\/product_cat?post=61088"},{"taxonomy":"product_tag","embeddable":true,"href":"https:\/\/business.roovi.com\/ro\/wp-json\/wp\/v2\/product_tag?post=61088"}],"curies":[{"name":"wp","href":"https:\/\/api.w.org\/{rel}","templated":true}]}}