{"id":62188,"date":"2022-12-09T05:56:35","date_gmt":"2022-12-09T05:56:35","guid":{"rendered":"https:\/\/business.roovi.com\/?post_type=product&#038;p=62188"},"modified":"2025-03-13T10:50:05","modified_gmt":"2025-03-13T10:50:05","slug":"edu-puzzle-240-ocean-life","status":"publish","type":"product","link":"https:\/\/business.roovi.com\/ro\/edu-puzzle-240-ocean-life\/p\/","title":{"rendered":"Edu Puzzle cu Animale Marine pentru Copii de 7 Ani, Via\u021ba \u00een Ocean, 240 piese"},"content":{"rendered":"<p><iframe loading=\"lazy\" title=\"Puzzle copii Vie\u021buitoare din Ocean 240 piese\" width=\"500\" height=\"281\" src=\"https:\/\/www.youtube.com\/embed\/FF8a4nXdCqk?feature=oembed\" frameborder=\"0\" allow=\"accelerometer; autoplay; clipboard-write; encrypted-media; gyroscope; picture-in-picture; web-share\" referrerpolicy=\"strict-origin-when-cross-origin\" allowfullscreen><\/iframe><\/p>\n<h2><span style=\"font-weight: 400;\">Tr\u0103ie\u0219te un timp creativ, relaxare \u0219i mult\u0103 voie bun\u0103 \u00eempreun\u0103 cu copiii t\u0103i complet\u00e2nd Edu Puzzle 240 &#8211; Via\u021ba \u00een Ocean: un puzzle minunat \u0219i colorat, a\u0219a cum \u00ee\u0219i doresc copiii.<\/span><\/h2>\n<p><span style=\"font-weight: 400;\">Dac\u0103 ai acas\u0103 un copil pasionat de lumea acvatic\u0103 sau dac\u0103 e\u0219ti \u00een c\u0103utarea unui joc puzzle deosebit, cu grafic\u0103 perfect\u0103 \u0219i piese ce se \u00eembin\u0103 perfect, tocmai ai g\u0103sit puzzle-ul perfect!<\/span><\/p>\n<p><span style=\"font-weight: 400;\">Detaliile create cu m\u0103iestrie, pe\u0219tii \u0219i vie\u021buitoarele marine care anim\u0103 ilustra\u021bia, \u00eei fascineaz\u0103 pe copii \u0219i \u00eei \u021bin conecta\u021bi la o activitate creativ\u0103 un timp \u00eendelungat.<\/span><\/p>\n<p><span style=\"font-weight: 400;\">Edu Puzzle 240 &#8211; Via\u021ba \u00een Ocean poate fi prilej de apropiere de cei mici, precum \u0219i de cunoa\u0219tere \u0219i \u00eenv\u0103\u021bare. Pe m\u0103sur\u0103 ce potrivesc fiecare pies\u0103, copii descoper\u0103 \u00eenc\u00e2nta\u021bi numele fiec\u0103rei vie\u021buitoare din ad\u00e2ncuri. Profit\u0103 de acest joc puzzle atractiv \u0219i vorbe\u0219te-le copiilor despre speciile de pe\u0219ti \u0219i mamifere care tr\u0103iesc \u00een oceane sau despre alte lucruri interesante legate de via\u021ba marin\u0103.<\/span><\/p>\n<p><span style=\"font-weight: 400;\">Timpul petrecut \u00eempreun\u0103 cu copiii este nepre\u021buit. Cu Edu Puzzle 240 &#8211; Via\u021ba \u00een Ocean creezi mai mult dec\u00e2t un tablou minunat al\u0103turi de cei mici: multe momente pre\u021bioase de care \u00ee\u021bi vei aminti cu drag peste ani.\u00a0<\/span><\/p>\n<h2><span style=\"font-weight: 400;\">De ce s\u0103 alegi Edu Puzzle 240 &#8211; Via\u021ba \u00een Ocean<\/span><\/h2>\n<p><span style=\"font-weight: 400;\">Este produs din carton de calitate superioar\u0103 care \u00eei asigur\u0103 o rezisten\u021b\u0103 sporit\u0103 pentru multe asambl\u0103ri \u0219i distrac\u021bie pe m\u0103sur\u0103.<\/span><\/p>\n<p><span style=\"font-weight: 400;\">Materialele utilizate sunt sustenabile \u0219i reciclabile, prietenoase cu mediul \u0219i cu natura.<\/span><\/p>\n<p><span style=\"font-weight: 400;\">Are finisaje semi-lucioase, folie anti-reflex care \u00eei ajut\u0103 pe copii s\u0103 vad\u0103 foarte bine fiecare detaliu \u0219i s\u0103 completeze u\u0219or imaginea.<\/span><\/p>\n<p><span style=\"font-weight: 400;\">Imaginea asamblat\u0103 are dimensiunile de 42 x 28,8 cm, poate fi \u00eenr\u0103mat\u0103 \u0219i utilizat\u0103 ca obiect decorativ pentru camera copiilor.<\/span><\/p>\n<p><span style=\"font-weight: 400;\">Jocul puzzle este un exerci\u021biu complex pentru creier. Unii spun chiar c\u0103 ne face mai de\u0219tep\u021bi \ud83d\ude42<\/span><\/p>\n<p><span style=\"font-weight: 400;\">Este relaxant \u0219i totodat\u0103 creeaz\u0103 premisele ideale pentru apropiere \u0219i lucru \u00een echip\u0103.<\/span><\/p>\n<p><span style=\"font-weight: 400;\">Le cultiv\u0103 copiilor r\u0103bdarea, aten\u021bia \u0219i \u00eei ajut\u0103 s\u0103 se concentreze mai u\u0219or asupra sarcinilor pe care le au de \u00eendeplinit \u0219i \u00een via\u021ba de zi cu zi.<\/span><\/p>\n<h2><span style=\"font-weight: 400;\">\u0218tiai c\u0103\u2026<\/span><\/h2>\n<ul>\n<li style=\"font-weight: 400;\" aria-level=\"1\"><span style=\"font-weight: 400;\">Oceanele g\u0103zduiesc 95% dintre organismele vii de pe p\u0103m\u00e2nt.<\/span><\/li>\n<li style=\"font-weight: 400;\" aria-level=\"1\"><span style=\"font-weight: 400;\">S\u00e2ngele caracati\u021bei este de culoare albastr\u0103.<\/span><\/li>\n<li style=\"font-weight: 400;\" aria-level=\"1\"><span style=\"font-weight: 400;\">Cel mai lung lan\u021b muntos este subacvatic \u0219i este cam de 10 ori mai mare dec\u00e2t Anzii.<\/span><\/li>\n<li style=\"font-weight: 400;\" aria-level=\"1\"><span style=\"font-weight: 400;\">Balenele uciga\u0219e pot tr\u0103i chiar \u0219i 100 de ani.<\/span><\/li>\n<li style=\"font-weight: 400;\" aria-level=\"1\"><span style=\"font-weight: 400;\">\u00cen bancurile de pe\u0219ti exist\u0103 un lider. El nu st\u0103 \u00een fa\u021b\u0103, ci \u00een centru, iar to\u021bi ceilal\u021bi \u00eenoat\u0103 dup\u0103 el.<\/span><\/li>\n<li style=\"font-weight: 400;\" aria-level=\"1\"><span style=\"font-weight: 400;\">Oceanele ad\u0103postesc \u0219i multe artefacte. Se crede c\u0103 \u00een jur de 3 milioane de epave zac pe fundul apelor.<\/span><\/li>\n<\/ul>\n<p><span style=\"font-weight: 400;\">Pornind de la aceste informa\u021bii sau de la altele care \u021bi se par interesante, po\u021bi transforma activitatea de asamblare a puzzle-ului 240 piese Via\u021ba \u00een Ocean \u00eentr-o lec\u021bie de \u0219tiin\u021be super interesant\u0103 care va \u00eembog\u0103\u021bi cultura general\u0103 a copiilor t\u0103i.<\/span><\/p>\n<p><span style=\"font-weight: 400;\">Deschide-le a\u0219adar orizontul cunoa\u0219terii \u0219i bucura\u021bi-v\u0103 de un timp de calitate \u00eempreun\u0103 cu Edu Puzzle 240 &#8211; Via\u021ba \u00een Ocean de la ROOVI.<\/span><\/p>\n<h3><span style=\"font-weight: 400;\">Iar dac\u0103 vrei \u0219i mai multe provoc\u0103ri educative \u0219i creative pentru copilul t\u0103u, pune \u00een co\u0219 alte 4 puzzle-uri nou-nou\u021be din colec\u021bie Edu Puzzle de la ROOVI: <\/span><b><a href=\"https:\/\/business.roovi.com\/ro\/edu-puzzle-240-farm-animals\/p\/\">Edu Puzzle 240 &#8211; Animale de la Ferm\u0103<\/a>, <a href=\"https:\/\/business.roovi.com\/ro\/edu-puzzle-240-wild-animals\/p\/\">Edu Puzzle 240 &#8211; Animale S\u0103lbatice<\/a>, <a href=\"https:\/\/business.roovi.com\/ro\/edu-puzzle-240-europe-map\/p\/\">Edu Puzzle 240 &#8211; Descoper\u0103 Europa <\/a><\/b><span style=\"font-weight: 400;\">\u00a0\u0219i <\/span><b><a href=\"https:\/\/business.roovi.com\/ro\/edu-puzzle-240-solar-system\/p\/\">Edu Puzzle 240 &#8211; Sistemul Solar<\/a>.<\/b><span style=\"font-weight: 400;\">\u00a0<\/span><\/h3>\n<p>&nbsp;<\/p>\n","protected":false},"excerpt":{"rendered":"<p>Tr\u0103ie\u0219te un timp creativ, relaxare \u0219i mult\u0103 voie bun\u0103 \u00eempreun\u0103 cu copiii t\u0103i complet\u00e2nd Edu Puzzle 240 &#8211; Via\u021ba \u00een<\/p>\n","protected":false},"featured_media":62193,"template":"","meta":[],"product_brand":[],"product_cat":[1454,1482,1561],"product_tag":[2618,2617,2616,2619,2620],"class_list":{"0":"post-62188","1":"product","2":"type-product","3":"status-publish","4":"has-post-thumbnail","6":"product_cat-puzzle","7":"product_cat-puzzle-copii","8":"product_cat-puzzle-copii-peste-100-piese","9":"product_tag-240puzzle","10":"product_tag-edupuzzle","11":"product_tag-launched2022","12":"product_tag-oceanpuzzle","13":"product_tag-school","15":"first","16":"instock","17":"taxable","18":"shipping-taxable","19":"product-type-simple"},"yoast_head":"<!-- This site is optimized with the Yoast SEO plugin v20.1 - https:\/\/yoast.com\/wordpress\/plugins\/seo\/ -->\n<title>Puzzle educativ Edu Puzzle despre Viata in Ocean, 240 piese<\/title>\n<meta name=\"description\" content=\"Descoper\u0103 cea mai nou\u0103 colec\u021bie Edu Puzzle pentru copii! Exploreaz\u0103 oceanele \u0219i afl\u0103 secretele din ad\u00e2ncuri cu acest puzzle educativ despre animale marine!\" \/>\n<meta name=\"robots\" content=\"index, follow, max-snippet:-1, max-image-preview:large, max-video-preview:-1\" \/>\n<link rel=\"canonical\" href=\"https:\/\/business.roovi.com\/ro\/edu-puzzle-240-ocean-life\/p\/\" \/>\n<meta property=\"og:locale\" content=\"ro_RO\" \/>\n<meta property=\"og:type\" content=\"article\" \/>\n<meta property=\"og:title\" content=\"Puzzle educativ Edu Puzzle despre Viata in Ocean, 240 piese\" \/>\n<meta property=\"og:description\" content=\"Descoper\u0103 cea mai nou\u0103 colec\u021bie Edu Puzzle pentru copii! Exploreaz\u0103 oceanele \u0219i afl\u0103 secretele din ad\u00e2ncuri cu acest puzzle educativ despre animale marine!\" \/>\n<meta property=\"og:url\" content=\"https:\/\/business.roovi.com\/ro\/edu-puzzle-240-ocean-life\/p\/\" \/>\n<meta property=\"og:site_name\" content=\"Roovi B2B\" \/>\n<meta property=\"article:publisher\" content=\"https:\/\/www.facebook.com\/wwwjucariero\" \/>\n<meta property=\"article:modified_time\" content=\"2025-03-13T10:50:05+00:00\" \/>\n<meta property=\"og:image\" content=\"https:\/\/business.roovi.com\/wp-content\/uploads\/2022\/12\/P-240-79244-01-OCEAN-LIFE.webp\" \/>\n\t<meta property=\"og:image:width\" content=\"1200\" \/>\n\t<meta property=\"og:image:height\" content=\"1200\" \/>\n\t<meta property=\"og:image:type\" content=\"image\/webp\" \/>\n<meta name=\"twitter:label1\" content=\"Timp estimat pentru citire\" \/>\n\t<meta name=\"twitter:data1\" content=\"3 minute\" \/>\n<script type=\"application\/ld+json\" class=\"yoast-schema-graph\">{\"@context\":\"https:\/\/schema.org\",\"@graph\":[{\"@type\":\"WebPage\",\"@id\":\"https:\/\/business.roovi.com\/ro\/edu-puzzle-240-ocean-life\/p\/\",\"url\":\"https:\/\/business.roovi.com\/ro\/edu-puzzle-240-ocean-life\/p\/\",\"name\":\"Puzzle educativ Edu Puzzle despre Viata in Ocean, 240 piese\",\"isPartOf\":{\"@id\":\"https:\/\/business.roovi.com\/ro\/#website\"},\"datePublished\":\"2022-12-09T05:56:35+00:00\",\"dateModified\":\"2025-03-13T10:50:05+00:00\",\"description\":\"Descoper\u0103 cea mai nou\u0103 colec\u021bie Edu Puzzle pentru copii! Exploreaz\u0103 oceanele \u0219i afl\u0103 secretele din ad\u00e2ncuri cu acest puzzle educativ despre animale marine!\",\"breadcrumb\":{\"@id\":\"https:\/\/business.roovi.com\/ro\/edu-puzzle-240-ocean-life\/p\/#breadcrumb\"},\"inLanguage\":\"ro-RO\",\"potentialAction\":[{\"@type\":\"ReadAction\",\"target\":[\"https:\/\/business.roovi.com\/ro\/edu-puzzle-240-ocean-life\/p\/\"]}]},{\"@type\":\"BreadcrumbList\",\"@id\":\"https:\/\/business.roovi.com\/ro\/edu-puzzle-240-ocean-life\/p\/#breadcrumb\",\"itemListElement\":[{\"@type\":\"ListItem\",\"position\":1,\"name\":\"Home\",\"item\":\"https:\/\/business.roovi.com\/ro\/\"},{\"@type\":\"ListItem\",\"position\":2,\"name\":\"Magazin\",\"item\":\"https:\/\/business.roovi.com\/ro\/magazin\/\"},{\"@type\":\"ListItem\",\"position\":3,\"name\":\"Edu Puzzle cu Animale Marine pentru Copii de 7 Ani, Via\u021ba \u00een Ocean, 240 piese\"}]},{\"@type\":\"WebSite\",\"@id\":\"https:\/\/business.roovi.com\/ro\/#website\",\"url\":\"https:\/\/business.roovi.com\/ro\/\",\"name\":\"Roovi B2B\",\"description\":\"Roovi Business Website\",\"potentialAction\":[{\"@type\":\"SearchAction\",\"target\":{\"@type\":\"EntryPoint\",\"urlTemplate\":\"https:\/\/business.roovi.com\/ro\/?s={search_term_string}\"},\"query-input\":\"required name=search_term_string\"}],\"inLanguage\":\"ro-RO\"}]}<\/script>\n<!-- \/ Yoast SEO plugin. -->","yoast_head_json":{"title":"Puzzle educativ Edu Puzzle despre Viata in Ocean, 240 piese","description":"Descoper\u0103 cea mai nou\u0103 colec\u021bie Edu Puzzle pentru copii! Exploreaz\u0103 oceanele \u0219i afl\u0103 secretele din ad\u00e2ncuri cu acest puzzle educativ despre animale marine!","robots":{"index":"index","follow":"follow","max-snippet":"max-snippet:-1","max-image-preview":"max-image-preview:large","max-video-preview":"max-video-preview:-1"},"canonical":"https:\/\/business.roovi.com\/ro\/edu-puzzle-240-ocean-life\/p\/","og_locale":"ro_RO","og_type":"article","og_title":"Puzzle educativ Edu Puzzle despre Viata in Ocean, 240 piese","og_description":"Descoper\u0103 cea mai nou\u0103 colec\u021bie Edu Puzzle pentru copii! Exploreaz\u0103 oceanele \u0219i afl\u0103 secretele din ad\u00e2ncuri cu acest puzzle educativ despre animale marine!","og_url":"https:\/\/business.roovi.com\/ro\/edu-puzzle-240-ocean-life\/p\/","og_site_name":"Roovi B2B","article_publisher":"https:\/\/www.facebook.com\/wwwjucariero","article_modified_time":"2025-03-13T10:50:05+00:00","og_image":[{"width":1200,"height":1200,"url":"https:\/\/business.roovi.com\/wp-content\/uploads\/2022\/12\/P-240-79244-01-OCEAN-LIFE.webp","type":"image\/webp"}],"twitter_misc":{"Timp estimat pentru citire":"3 minute"},"schema":{"@context":"https:\/\/schema.org","@graph":[{"@type":"WebPage","@id":"https:\/\/business.roovi.com\/ro\/edu-puzzle-240-ocean-life\/p\/","url":"https:\/\/business.roovi.com\/ro\/edu-puzzle-240-ocean-life\/p\/","name":"Puzzle educativ Edu Puzzle despre Viata in Ocean, 240 piese","isPartOf":{"@id":"https:\/\/business.roovi.com\/ro\/#website"},"datePublished":"2022-12-09T05:56:35+00:00","dateModified":"2025-03-13T10:50:05+00:00","description":"Descoper\u0103 cea mai nou\u0103 colec\u021bie Edu Puzzle pentru copii! Exploreaz\u0103 oceanele \u0219i afl\u0103 secretele din ad\u00e2ncuri cu acest puzzle educativ despre animale marine!","breadcrumb":{"@id":"https:\/\/business.roovi.com\/ro\/edu-puzzle-240-ocean-life\/p\/#breadcrumb"},"inLanguage":"ro-RO","potentialAction":[{"@type":"ReadAction","target":["https:\/\/business.roovi.com\/ro\/edu-puzzle-240-ocean-life\/p\/"]}]},{"@type":"BreadcrumbList","@id":"https:\/\/business.roovi.com\/ro\/edu-puzzle-240-ocean-life\/p\/#breadcrumb","itemListElement":[{"@type":"ListItem","position":1,"name":"Home","item":"https:\/\/business.roovi.com\/ro\/"},{"@type":"ListItem","position":2,"name":"Magazin","item":"https:\/\/business.roovi.com\/ro\/magazin\/"},{"@type":"ListItem","position":3,"name":"Edu Puzzle cu Animale Marine pentru Copii de 7 Ani, Via\u021ba \u00een Ocean, 240 piese"}]},{"@type":"WebSite","@id":"https:\/\/business.roovi.com\/ro\/#website","url":"https:\/\/business.roovi.com\/ro\/","name":"Roovi B2B","description":"Roovi Business Website","potentialAction":[{"@type":"SearchAction","target":{"@type":"EntryPoint","urlTemplate":"https:\/\/business.roovi.com\/ro\/?s={search_term_string}"},"query-input":"required name=search_term_string"}],"inLanguage":"ro-RO"}]}},"_links":{"self":[{"href":"https:\/\/business.roovi.com\/ro\/wp-json\/wp\/v2\/product\/62188","targetHints":{"allow":["GET"]}}],"collection":[{"href":"https:\/\/business.roovi.com\/ro\/wp-json\/wp\/v2\/product"}],"about":[{"href":"https:\/\/business.roovi.com\/ro\/wp-json\/wp\/v2\/types\/product"}],"version-history":[{"count":0,"href":"https:\/\/business.roovi.com\/ro\/wp-json\/wp\/v2\/product\/62188\/revisions"}],"wp:featuredmedia":[{"embeddable":true,"href":"https:\/\/business.roovi.com\/ro\/wp-json\/wp\/v2\/media\/62193"}],"wp:attachment":[{"href":"https:\/\/business.roovi.com\/ro\/wp-json\/wp\/v2\/media?parent=62188"}],"wp:term":[{"taxonomy":"product_brand","embeddable":true,"href":"https:\/\/business.roovi.com\/ro\/wp-json\/wp\/v2\/product_brand?post=62188"},{"taxonomy":"product_cat","embeddable":true,"href":"https:\/\/business.roovi.com\/ro\/wp-json\/wp\/v2\/product_cat?post=62188"},{"taxonomy":"product_tag","embeddable":true,"href":"https:\/\/business.roovi.com\/ro\/wp-json\/wp\/v2\/product_tag?post=62188"}],"curies":[{"name":"wp","href":"https:\/\/api.w.org\/{rel}","templated":true}]}}