{"id":62212,"date":"2022-12-09T06:15:34","date_gmt":"2022-12-09T06:15:34","guid":{"rendered":"https:\/\/business.roovi.com\/?post_type=product&#038;p=62212"},"modified":"2025-03-13T10:51:49","modified_gmt":"2025-03-13T10:51:49","slug":"edu-puzzle-240-farm-animals","status":"publish","type":"product","link":"https:\/\/business.roovi.com\/ro\/edu-puzzle-240-farm-animals\/p\/","title":{"rendered":"Edu Puzzle pentru Copii de 7 Ani cu Animale Domestice, Animale de la Ferm\u0103, 240 piese"},"content":{"rendered":"<p><iframe loading=\"lazy\" title=\"Puzzle copii Animale de la Ferm\u0103 240 piese\" width=\"500\" height=\"281\" src=\"https:\/\/www.youtube.com\/embed\/ctTCTddhJ9k?feature=oembed\" frameborder=\"0\" allow=\"accelerometer; autoplay; clipboard-write; encrypted-media; gyroscope; picture-in-picture; web-share\" referrerpolicy=\"strict-origin-when-cross-origin\" allowfullscreen><\/iframe><\/p>\n<h2><span style=\"font-weight: 400;\">Edu Puzzle 240 &#8211; Animale de la Ferm\u0103 red\u0103 un tablou viu \u0219i colorat pe care copiii \u00eel vor asambla cu bucurie \u0219i entuziasm. Pentru c\u0103 via\u021ba la \u021bar\u0103 e vesel\u0103 \u0219i plin\u0103 de z\u00e2mbete \u00een acest minunat puzzle de 240 de piese.<\/span><\/h2>\n<p><span style=\"font-weight: 400;\">V\u0103cu\u021bele stau la taclale, pui\u0219orii ciripesc veseli, iar m\u0103g\u0103ru\u0219ul alearg\u0103 \u00een voie pe paji\u0219te. Razele soarelui m\u00e2ng\u00e2ie bl\u00e2nd \u00eentreaga ferm\u0103 \u0219i toate animalele tr\u0103iesc \u00een armonie cu omul \u0219i natura.<\/span><\/p>\n<p><span style=\"font-weight: 400;\">Edu Puzzle 240 &#8211; Animale de la Ferm\u0103 este acel joc puzzle minunat care te apropie de copii \u0219i creeaz\u0103 premisele pentru conectare \u0219i bucurie sincer\u0103 \u00eempreun\u0103. Pentru zilele cu vreme rea, vacan\u021be sau s\u0103rb\u0103tori, Edu Puzzle 240 &#8211; Animale de la Ferm\u0103 este prilej de relaxare, voie bun\u0103 \u0219i distrac\u021bie.<\/span><\/p>\n<p><span style=\"font-weight: 400;\">Culorile calde, personajele animate \u0219i peisajele minunate \u00eei \u021bin conecta\u021bi pe copii la o activitate creativ\u0103, cu multiple beneficii pentru trup, minte \u0219i suflet:\u00a0<\/span><\/p>\n<ul>\n<li style=\"font-weight: 400;\" aria-level=\"1\"><span style=\"font-weight: 400;\">Stimuleaz\u0103 dezvoltarea motricit\u0103\u021bii fine, coordon\u0103rii \u0219i aten\u021biei la detalii.<\/span><\/li>\n<li style=\"font-weight: 400;\" aria-level=\"1\"><span style=\"font-weight: 400;\">Dezvolt\u0103 g\u00e2ndirea logic\u0103 \u0219i asociativ\u0103.<\/span><\/li>\n<li style=\"font-weight: 400;\" aria-level=\"1\"><span style=\"font-weight: 400;\">Antreneaz\u0103 intens creierul, \u00eentruc\u00e2t implic\u0103 ambele emisfere cerebrale.<\/span><\/li>\n<li style=\"font-weight: 400;\" aria-level=\"1\"><span style=\"font-weight: 400;\">Dezvolt\u0103 memoria pe termen scurt, precum \u0219i capacitatea de rezolvare a problemelor.<\/span><\/li>\n<li style=\"font-weight: 400;\" aria-level=\"1\"><span style=\"font-weight: 400;\">Favorizeaz\u0103 eliberarea endorfinei \u0219i dopaminei, declan\u0219\u00e2nd astfel o stare de optimism \u0219i bucurie.<\/span><\/li>\n<li style=\"font-weight: 400;\" aria-level=\"1\"><span style=\"font-weight: 400;\">Cu fiecare pies\u0103 potrivit\u0103, copiii devin mai \u00eencrez\u0103tori \u00een for\u021bele lor \u0219i \u00ee\u0219i dezvolt\u0103 stima de sine.<\/span><\/li>\n<\/ul>\n<h3><span style=\"font-weight: 400;\">De ce s\u0103 alegi Edu Puzzle 240 &#8211; Animale de la Ferm\u0103<\/span><\/h3>\n<p><span style=\"font-weight: 400;\">Este un joc puzzle produs din materiale de calitate superioar\u0103, piesele de potrivesc perfect \u0219i rezist\u0103 la nenum\u0103rate asambl\u0103ri.<\/span><\/p>\n<p><span style=\"font-weight: 400;\">Suntem aten\u021bi la fiecare detaliu, de aceea grafica fiec\u0103rui puzzle ROOVI este f\u0103r\u0103 cusur. Imaginea este clar\u0103, \u00een culori calde, care nu sunt deranjante pentru ochi.<\/span><\/p>\n<p><span style=\"font-weight: 400;\">Imaginea asamblat\u0103 are dimensiunile de<\/span><b> 42 x 28,8 cm<\/b><span style=\"font-weight: 400;\">, suficient de generoase pentru a fi transformat\u0103 \u00eentr-un tablou decorativ pentru camera copiilor.<\/span><\/p>\n<p><span style=\"font-weight: 400;\">Este fabricat din materiale sustenabile \u0219i reciclabile pentru c\u0103 iubim \u0219i respect\u0103m natura \u0219i mediul \u00een care tr\u0103im.<\/span><\/p>\n<p><span style=\"font-weight: 400;\">Este ambalat \u00eentr-o cutie colorat\u0103 \u0219i elegant\u0103, de aceea poate fi cadoul potrivit pentru orice copil cu v\u00e2rsta peste 8 ani, pasionat de jocuri puzzle.<\/span><\/p>\n<h3><span style=\"font-weight: 400;\">Edu Puzzle 240 &#8211; Animale de la Ferm\u0103 \u00eei conecteaz\u0103 pe copii cu ei \u00een\u0219i\u0219i<\/span><\/h3>\n<p><span style=\"font-weight: 400;\">Pentru copiii plini de energie, creativi \u0219i dornici de explorare, jocul puzzle este un prilej de a \u00eencetini ritmul rapid \u0219i a \u00eenv\u0103\u021ba se conecteze cu ei \u00een\u0219i\u0219i. Edu Puzzle 240 &#8211; Animale de la Ferm\u0103 are culori vibrante, relaxante, care nu obosesc ochii \u0219i \u00eenc\u00e2nt\u0103 privirea odat\u0103 de tabloul e complet.<\/span><\/p>\n<p><span style=\"font-weight: 400;\">Edu Puzzle 240 &#8211; Animale de la Ferm\u0103 \u00eei ajut\u0103 \u0219i pe p\u0103rin\u021bi s\u0103 \u00ee\u0219i elibereze mintea de g\u00e2nduri, s\u0103 se conecteze la momentul prezent \u0219i s\u0103 se bucure de fiecare clip\u0103 al\u0103turi de copii.<\/span><\/p>\n<p><span style=\"font-weight: 400;\">De asemenea, jocul puzzle poate fi un bun prilej pentru a vorbi cu copiii despre problemele care \u00eei fr\u0103m\u00e2nt\u0103, de a-i asculta \u0219i a-i \u00een\u021belege a\u0219a cum \u00ee\u0219i doresc. Este un timp de relaxare \u0219i cunoa\u0219tere, un timp de calitate ce creeaz\u0103 amintiri magice pentru totdeauna.<\/span><\/p>\n<h3><span style=\"font-weight: 400;\">Iar dac\u0103 vrei \u0219i mai multe provoc\u0103ri educative \u0219i creative pentru copilul t\u0103u, pune \u00een co\u0219 alte 4 puzzle-uri nou-nou\u021be din colec\u021bie Edu Puzzle de la ROOVI: <\/span><a href=\"https:\/\/business.roovi.com\/ro\/edu-puzzle-240-ocean-life\/p\/\"><b>Edu Puzzle 240 &#8211; Via\u021ba \u00een Ocean<\/b><\/a><span style=\"font-weight: 400;\">,<\/span><a href=\"https:\/\/business.roovi.com\/ro\/edu-puzzle-240-solar-system\/p\/\"><b> Edu Puzzle &#8211; Sistemul Solar<\/b><\/a><span style=\"font-weight: 400;\">, <\/span><a href=\"https:\/\/business.roovi.com\/ro\/edu-puzzle-240-europe-map\/p\/\"><b>Edu Puzzle 240 &#8211; Descoper\u0103 Europa<\/b><\/a><span style=\"font-weight: 400;\">\u00a0\u0219i <\/span><a href=\"https:\/\/business.roovi.com\/ro\/edu-puzzle-240-wild-animals\/p\/\"><b>Edu Puzzle 240 &#8211; Animale S\u0103lbatice<\/b><\/a><span style=\"font-weight: 400;\">.\u00a0<\/span><\/h3>\n<p>&nbsp;<\/p>\n","protected":false},"excerpt":{"rendered":"<p>Edu Puzzle 240 &#8211; Animale de la Ferm\u0103 red\u0103 un tablou viu \u0219i colorat pe care copiii \u00eel vor asambla<\/p>\n","protected":false},"featured_media":62217,"template":"","meta":[],"product_brand":[],"product_cat":[1454,1482,1561],"product_tag":[2618,2617,2622,2616,2620],"class_list":{"0":"post-62212","1":"product","2":"type-product","3":"status-publish","4":"has-post-thumbnail","6":"product_cat-puzzle","7":"product_cat-puzzle-copii","8":"product_cat-puzzle-copii-peste-100-piese","9":"product_tag-240puzzle","10":"product_tag-edupuzzle","11":"product_tag-farm-animals","12":"product_tag-launched2022","13":"product_tag-school","15":"first","16":"instock","17":"taxable","18":"shipping-taxable","19":"product-type-simple"},"yoast_head":"<!-- This site is optimized with the Yoast SEO plugin v20.1 - https:\/\/yoast.com\/wordpress\/plugins\/seo\/ -->\n<title>Puzzle educativ cu animale de la ferm\u0103 pentru copii de 7 ani, 240<\/title>\n<meta name=\"description\" content=\"Descoper\u0103 un mod distractiv de a-i capta aten\u021bia \u0219i de a-i stimula motricitatea micu\u021bului t\u0103u prin acest puzzle educativ cu animale domestice de la ferm\u0103!\" \/>\n<meta name=\"robots\" content=\"index, follow, max-snippet:-1, max-image-preview:large, max-video-preview:-1\" \/>\n<link rel=\"canonical\" href=\"https:\/\/business.roovi.com\/ro\/edu-puzzle-240-farm-animals\/p\/\" \/>\n<meta property=\"og:locale\" content=\"ro_RO\" \/>\n<meta property=\"og:type\" content=\"article\" \/>\n<meta property=\"og:title\" content=\"Puzzle educativ cu animale de la ferm\u0103 pentru copii de 7 ani, 240\" \/>\n<meta property=\"og:description\" content=\"Descoper\u0103 un mod distractiv de a-i capta aten\u021bia \u0219i de a-i stimula motricitatea micu\u021bului t\u0103u prin acest puzzle educativ cu animale domestice de la ferm\u0103!\" \/>\n<meta property=\"og:url\" content=\"https:\/\/business.roovi.com\/ro\/edu-puzzle-240-farm-animals\/p\/\" \/>\n<meta property=\"og:site_name\" content=\"Roovi B2B\" \/>\n<meta property=\"article:publisher\" content=\"https:\/\/www.facebook.com\/wwwjucariero\" \/>\n<meta property=\"article:modified_time\" content=\"2025-03-13T10:51:49+00:00\" \/>\n<meta property=\"og:image\" content=\"https:\/\/business.roovi.com\/wp-content\/uploads\/2022\/12\/P-240-79244-02-FARM-ANIMALS.webp\" \/>\n\t<meta property=\"og:image:width\" content=\"1200\" \/>\n\t<meta property=\"og:image:height\" content=\"1200\" \/>\n\t<meta property=\"og:image:type\" content=\"image\/webp\" \/>\n<meta name=\"twitter:label1\" content=\"Timp estimat pentru citire\" \/>\n\t<meta name=\"twitter:data1\" content=\"3 minute\" \/>\n<script type=\"application\/ld+json\" class=\"yoast-schema-graph\">{\"@context\":\"https:\/\/schema.org\",\"@graph\":[{\"@type\":\"WebPage\",\"@id\":\"https:\/\/business.roovi.com\/ro\/edu-puzzle-240-farm-animals\/p\/\",\"url\":\"https:\/\/business.roovi.com\/ro\/edu-puzzle-240-farm-animals\/p\/\",\"name\":\"Puzzle educativ cu animale de la ferm\u0103 pentru copii de 7 ani, 240\",\"isPartOf\":{\"@id\":\"https:\/\/business.roovi.com\/ro\/#website\"},\"datePublished\":\"2022-12-09T06:15:34+00:00\",\"dateModified\":\"2025-03-13T10:51:49+00:00\",\"description\":\"Descoper\u0103 un mod distractiv de a-i capta aten\u021bia \u0219i de a-i stimula motricitatea micu\u021bului t\u0103u prin acest puzzle educativ cu animale domestice de la ferm\u0103!\",\"breadcrumb\":{\"@id\":\"https:\/\/business.roovi.com\/ro\/edu-puzzle-240-farm-animals\/p\/#breadcrumb\"},\"inLanguage\":\"ro-RO\",\"potentialAction\":[{\"@type\":\"ReadAction\",\"target\":[\"https:\/\/business.roovi.com\/ro\/edu-puzzle-240-farm-animals\/p\/\"]}]},{\"@type\":\"BreadcrumbList\",\"@id\":\"https:\/\/business.roovi.com\/ro\/edu-puzzle-240-farm-animals\/p\/#breadcrumb\",\"itemListElement\":[{\"@type\":\"ListItem\",\"position\":1,\"name\":\"Home\",\"item\":\"https:\/\/business.roovi.com\/ro\/\"},{\"@type\":\"ListItem\",\"position\":2,\"name\":\"Magazin\",\"item\":\"https:\/\/business.roovi.com\/ro\/magazin\/\"},{\"@type\":\"ListItem\",\"position\":3,\"name\":\"Edu Puzzle pentru Copii de 7 Ani cu Animale Domestice, Animale de la Ferm\u0103, 240 piese\"}]},{\"@type\":\"WebSite\",\"@id\":\"https:\/\/business.roovi.com\/ro\/#website\",\"url\":\"https:\/\/business.roovi.com\/ro\/\",\"name\":\"Roovi B2B\",\"description\":\"Roovi Business Website\",\"potentialAction\":[{\"@type\":\"SearchAction\",\"target\":{\"@type\":\"EntryPoint\",\"urlTemplate\":\"https:\/\/business.roovi.com\/ro\/?s={search_term_string}\"},\"query-input\":\"required name=search_term_string\"}],\"inLanguage\":\"ro-RO\"}]}<\/script>\n<!-- \/ Yoast SEO plugin. -->","yoast_head_json":{"title":"Puzzle educativ cu animale de la ferm\u0103 pentru copii de 7 ani, 240","description":"Descoper\u0103 un mod distractiv de a-i capta aten\u021bia \u0219i de a-i stimula motricitatea micu\u021bului t\u0103u prin acest puzzle educativ cu animale domestice de la ferm\u0103!","robots":{"index":"index","follow":"follow","max-snippet":"max-snippet:-1","max-image-preview":"max-image-preview:large","max-video-preview":"max-video-preview:-1"},"canonical":"https:\/\/business.roovi.com\/ro\/edu-puzzle-240-farm-animals\/p\/","og_locale":"ro_RO","og_type":"article","og_title":"Puzzle educativ cu animale de la ferm\u0103 pentru copii de 7 ani, 240","og_description":"Descoper\u0103 un mod distractiv de a-i capta aten\u021bia \u0219i de a-i stimula motricitatea micu\u021bului t\u0103u prin acest puzzle educativ cu animale domestice de la ferm\u0103!","og_url":"https:\/\/business.roovi.com\/ro\/edu-puzzle-240-farm-animals\/p\/","og_site_name":"Roovi B2B","article_publisher":"https:\/\/www.facebook.com\/wwwjucariero","article_modified_time":"2025-03-13T10:51:49+00:00","og_image":[{"width":1200,"height":1200,"url":"https:\/\/business.roovi.com\/wp-content\/uploads\/2022\/12\/P-240-79244-02-FARM-ANIMALS.webp","type":"image\/webp"}],"twitter_misc":{"Timp estimat pentru citire":"3 minute"},"schema":{"@context":"https:\/\/schema.org","@graph":[{"@type":"WebPage","@id":"https:\/\/business.roovi.com\/ro\/edu-puzzle-240-farm-animals\/p\/","url":"https:\/\/business.roovi.com\/ro\/edu-puzzle-240-farm-animals\/p\/","name":"Puzzle educativ cu animale de la ferm\u0103 pentru copii de 7 ani, 240","isPartOf":{"@id":"https:\/\/business.roovi.com\/ro\/#website"},"datePublished":"2022-12-09T06:15:34+00:00","dateModified":"2025-03-13T10:51:49+00:00","description":"Descoper\u0103 un mod distractiv de a-i capta aten\u021bia \u0219i de a-i stimula motricitatea micu\u021bului t\u0103u prin acest puzzle educativ cu animale domestice de la ferm\u0103!","breadcrumb":{"@id":"https:\/\/business.roovi.com\/ro\/edu-puzzle-240-farm-animals\/p\/#breadcrumb"},"inLanguage":"ro-RO","potentialAction":[{"@type":"ReadAction","target":["https:\/\/business.roovi.com\/ro\/edu-puzzle-240-farm-animals\/p\/"]}]},{"@type":"BreadcrumbList","@id":"https:\/\/business.roovi.com\/ro\/edu-puzzle-240-farm-animals\/p\/#breadcrumb","itemListElement":[{"@type":"ListItem","position":1,"name":"Home","item":"https:\/\/business.roovi.com\/ro\/"},{"@type":"ListItem","position":2,"name":"Magazin","item":"https:\/\/business.roovi.com\/ro\/magazin\/"},{"@type":"ListItem","position":3,"name":"Edu Puzzle pentru Copii de 7 Ani cu Animale Domestice, Animale de la Ferm\u0103, 240 piese"}]},{"@type":"WebSite","@id":"https:\/\/business.roovi.com\/ro\/#website","url":"https:\/\/business.roovi.com\/ro\/","name":"Roovi B2B","description":"Roovi Business Website","potentialAction":[{"@type":"SearchAction","target":{"@type":"EntryPoint","urlTemplate":"https:\/\/business.roovi.com\/ro\/?s={search_term_string}"},"query-input":"required name=search_term_string"}],"inLanguage":"ro-RO"}]}},"_links":{"self":[{"href":"https:\/\/business.roovi.com\/ro\/wp-json\/wp\/v2\/product\/62212","targetHints":{"allow":["GET"]}}],"collection":[{"href":"https:\/\/business.roovi.com\/ro\/wp-json\/wp\/v2\/product"}],"about":[{"href":"https:\/\/business.roovi.com\/ro\/wp-json\/wp\/v2\/types\/product"}],"version-history":[{"count":0,"href":"https:\/\/business.roovi.com\/ro\/wp-json\/wp\/v2\/product\/62212\/revisions"}],"wp:featuredmedia":[{"embeddable":true,"href":"https:\/\/business.roovi.com\/ro\/wp-json\/wp\/v2\/media\/62217"}],"wp:attachment":[{"href":"https:\/\/business.roovi.com\/ro\/wp-json\/wp\/v2\/media?parent=62212"}],"wp:term":[{"taxonomy":"product_brand","embeddable":true,"href":"https:\/\/business.roovi.com\/ro\/wp-json\/wp\/v2\/product_brand?post=62212"},{"taxonomy":"product_cat","embeddable":true,"href":"https:\/\/business.roovi.com\/ro\/wp-json\/wp\/v2\/product_cat?post=62212"},{"taxonomy":"product_tag","embeddable":true,"href":"https:\/\/business.roovi.com\/ro\/wp-json\/wp\/v2\/product_tag?post=62212"}],"curies":[{"name":"wp","href":"https:\/\/api.w.org\/{rel}","templated":true}]}}