{"id":62226,"date":"2022-12-09T06:22:18","date_gmt":"2022-12-09T06:22:18","guid":{"rendered":"https:\/\/business.roovi.com\/?post_type=product&#038;p=62226"},"modified":"2025-03-13T10:54:53","modified_gmt":"2025-03-13T10:54:53","slug":"edu-puzzle-240-solar-system","status":"publish","type":"product","link":"https:\/\/business.roovi.com\/ro\/edu-puzzle-240-solar-system\/p\/","title":{"rendered":"Edu Puzzle cu Planete pentru Copii de 7 Ani, Sistemul Solar, 240 piese"},"content":{"rendered":"<p><iframe loading=\"lazy\" title=\"Puzzle copii Sistemul Solar 240 piese\" width=\"500\" height=\"281\" src=\"https:\/\/www.youtube.com\/embed\/7ju9dRksDsk?feature=oembed\" frameborder=\"0\" allow=\"accelerometer; autoplay; clipboard-write; encrypted-media; gyroscope; picture-in-picture; web-share\" referrerpolicy=\"strict-origin-when-cross-origin\" allowfullscreen><\/iframe><\/p>\n<h2><span style=\"font-weight: 400;\">Tu \u0219tii ce v\u00e2rst\u0103 are Soarele? C\u00e2nd a fost descoperit\u0103 planeta Jupiter? Sau care este temperatura medie de pe Marte? Completeaz\u0103 Edu Puzzle 240 &#8211; Sistemul Solar \u0219i afl\u0103 toate acestea \u0219i multe alte lucruri interesante despre sistemul solar.<\/span><\/h2>\n<p><span style=\"font-weight: 400;\">Edu Puzzle 240 &#8211; Sistemul Solar te poart\u0103 \u00een lumea puzzle-urilor \u0219i \u00een\u2026 spa\u021biu. Este mai mult dec\u00e2t un puzzle: un joc interesant care te \u00eenva\u021b\u0103 despre planete \u0219i despre fascinanta lume spa\u021bial\u0103.\u00a0<\/span><\/p>\n<p><span style=\"font-weight: 400;\">Cu Edu Puzzle 240 &#8211; Sistemul Solar alc\u0103tuie\u0219ti singur sistemul solar, pies\u0103 cu pies\u0103 \u0219i \u00een acela\u0219i timp, descoperi o mul\u021bime de informa\u021bii interesante despre fiecare planet\u0103 care graviteaz\u0103 \u00een jurul soarelui.<\/span><\/p>\n<p><span style=\"font-weight: 400;\">Dac\u0103 ai un copil pasionat de planete \u0219i corpuri cere\u0219ti, Edu Puzzle 240 &#8211; Sistemul Solar este alegerea perfect\u0103. Jocul puzzle \u00eel ajut\u0103 s\u0103 exploreze universul cosmic \u00eentr-un mod creativ \u0219i amuzant \u0219i \u00eel deconecteaz\u0103 de la ecrane un timp \u00eendelungat.<\/span><\/p>\n<p><span style=\"font-weight: 400;\">\u00cen plus, copilul t\u0103u se bucur\u0103 de toate beneficiile jocurilor puzzle, precum:<\/span><\/p>\n<ul>\n<li style=\"font-weight: 400;\" aria-level=\"1\"><span style=\"font-weight: 400;\">Stimularea memoriei \u0219i a g\u00e2ndirii logice;<\/span><\/li>\n<li style=\"font-weight: 400;\" aria-level=\"1\"><span style=\"font-weight: 400;\">Dezvoltarea capacit\u0103\u021bii de a rezolva probleme;<\/span><\/li>\n<li style=\"font-weight: 400;\" aria-level=\"1\"><span style=\"font-weight: 400;\">\u00cembun\u0103t\u0103\u021birea aten\u021biei \u0219i a capacit\u0103\u021bii de concentrare;<\/span><\/li>\n<li style=\"font-weight: 400;\" aria-level=\"1\"><span style=\"font-weight: 400;\">Dezvoltarea stimei de sine \u0219i a \u00eencrederii \u00een propria persoan\u0103;<\/span><\/li>\n<li style=\"font-weight: 400;\" aria-level=\"1\"><span style=\"font-weight: 400;\">Dezvoltarea capacit\u0103\u021bii de a lucra \u00een echip\u0103.<\/span><\/li>\n<\/ul>\n<h2><span style=\"font-weight: 400;\">Edu Puzzle 240 &#8211; Sistemul Solar: o experien\u021b\u0103 senzorial\u0103 deosebit\u0103<\/span><\/h2>\n<p><span style=\"font-weight: 400;\">Iubim puzzle-urile \u0219i acord\u0103m aten\u021bie maxim\u0103 fiec\u0103rui detaliu \u00een prodesul de produc\u021bie. Edu Puzzle 240 &#8211; Sistemul Solar <\/span><span style=\"font-weight: 400;\">este produs din materiale de calitate superioar\u0103, ce rezist\u0103 \u00een timp \u0219i pot fi asamblate perfect de nenum\u0103rate ori.<\/span><\/p>\n<p><span style=\"font-weight: 400;\">Ilustra\u021bia este impecabil\u0103, \u00een culori vibrante, care \u00eei atrag pe copii \u0219i \u00eei \u021bin conecta\u021bi la activitatea de asamblare multe ore.<\/span><\/p>\n<p><span style=\"font-weight: 400;\">Tabloul rezultat are dimensiunile de <\/span><b>42 x 28,8 cm <\/b><span style=\"font-weight: 400;\">\u0219i poate fi utilizat ca obiect decorativ sau ca instrument didactic, datorit\u0103 informa\u021biilor din partea de jos.<\/span><\/p>\n<p><span style=\"font-weight: 400;\">Folia antireflex te ajut\u0103 s\u0103 vezi fiecare detaliu pentru ca experien\u021ba de asamblare s\u0103 fie pl\u0103cut\u0103 \u0219i u\u0219oar\u0103.<\/span><\/p>\n<h2><span style=\"font-weight: 400;\">\u0218tiai c\u0103\u2026\u00a0<\/span><\/h2>\n<ul>\n<li style=\"font-weight: 400;\" aria-level=\"1\"><span style=\"font-weight: 400;\">Lumina Soarelui ajunge s\u0103 lumineze P\u0103m\u00e2ntul \u00een aproximativ 8 minute.<\/span><\/li>\n<li style=\"font-weight: 400;\" aria-level=\"1\"><span style=\"font-weight: 400;\">Pe planeta Mercur, anul are doar 88 de zile.<\/span><\/li>\n<li style=\"font-weight: 400;\" aria-level=\"1\"><span style=\"font-weight: 400;\">P\u0103m\u00e2ntul este singura planet\u0103 cunoscut\u0103 p\u00e2n\u0103 \u00een prezent care are pl\u0103ci tectonice.<\/span><\/li>\n<li style=\"font-weight: 400;\" aria-level=\"1\"><span style=\"font-weight: 400;\">Planeta Neptun este de 30 de ori mai departe de Soare dec\u00e2t P\u0103m\u00e2ntul.<\/span><\/li>\n<li style=\"font-weight: 400;\" aria-level=\"1\"><span style=\"font-weight: 400;\">\u00cen sistemul nostru solar exist\u0103 5 planete pitice, printre care se num\u0103r\u0103 \u0219i Pluto.<\/span><\/li>\n<li style=\"font-weight: 400;\" aria-level=\"1\"><span style=\"font-weight: 400;\">Planeta Jupiter atrage \u201cgunoiul spa\u021bial\u201d \u0219i protejeaz\u0103 astfel P\u0103m\u00e2ntul pentru ca obiectele spa\u021biale periculoase s\u0103 nu ajung\u0103 la noi.<\/span><\/li>\n<\/ul>\n<p><span style=\"font-weight: 400;\">Dac\u0103 e\u0219ti \u00een c\u0103utarea unui joc interesant, educativ \u0219i relaxant deopotriv\u0103, dac\u0103 vrei s\u0103 \u00ee\u021bi petreci timpul liber cu sens al\u0103turi de copii sau dac\u0103 vrei pur \u0219i simplu s\u0103 bucuri un copil iste\u021b, Edu Puzzle 240 &#8211; Sistemul Solar este alegerea perfect\u0103.<\/span><\/p>\n<h3><span style=\"font-weight: 400;\">Iar dac\u0103 vrei \u0219i mai multe provoc\u0103ri educative \u0219i creative pentru copilul t\u0103u, pune \u00een co\u0219 alte 4 puzzle-uri nou-nou\u021be din colec\u021bie Edu Puzzle de la ROOVI: <\/span><a href=\"https:\/\/business.roovi.com\/ro\/edu-puzzle-240-ocean-life\/p\/\"><b>Edu Puzzle 240 &#8211; Via\u021ba \u00een Ocean<\/b><\/a><span style=\"font-weight: 400;\">,\u00a0<\/span><b><\/b><b><a href=\"https:\/\/business.roovi.com\/ro\/edu-puzzle-240-europe-map\/p\/\">Edu Puzzle 240 &#8211; Descoper\u0103 Europa<\/a>,\u00a0<\/b><a href=\"https:\/\/business.roovi.com\/ro\/edu-puzzle-240-farm-animals\/p\/\"><b>Edu Puzzle &#8211; Animale de la Ferm\u0103<\/b><\/a><span style=\"font-weight: 400;\">\u00a0\u0219i <\/span><a href=\"https:\/\/business.roovi.com\/ro\/edu-puzzle-240-wild-animals\/p\/\"><b>Edu Puzzle 240 &#8211; Animale S\u0103lbatice<\/b><\/a><span style=\"font-weight: 400;\">.\u00a0<\/span><\/h3>\n<p>&nbsp;<\/p>\n","protected":false},"excerpt":{"rendered":"<p>Tu \u0219tii ce v\u00e2rst\u0103 are Soarele? C\u00e2nd a fost descoperit\u0103 planeta Jupiter? Sau care este temperatura medie de pe Marte?<\/p>\n","protected":false},"featured_media":62231,"template":"","meta":[],"product_brand":[],"product_cat":[1454,1482,1561],"product_tag":[2618,2617,2616,2624,2620,2623],"class_list":{"0":"post-62226","1":"product","2":"type-product","3":"status-publish","4":"has-post-thumbnail","6":"product_cat-puzzle","7":"product_cat-puzzle-copii","8":"product_cat-puzzle-copii-peste-100-piese","9":"product_tag-240puzzle","10":"product_tag-edupuzzle","11":"product_tag-launched2022","12":"product_tag-planets","13":"product_tag-school","14":"product_tag-solar-system","16":"first","17":"instock","18":"taxable","19":"shipping-taxable","20":"product-type-simple"},"yoast_head":"<!-- This site is optimized with the Yoast SEO plugin v20.1 - https:\/\/yoast.com\/wordpress\/plugins\/seo\/ -->\n<title>Puzzle educativ cu planete si corpuri ceresti pentru copii, 240 piese<\/title>\n<meta name=\"description\" content=\"Porne\u0219te \u00eentr-o c\u0103l\u0103torie uimitoare spre spa\u021biul cosmic \u0219i descoper\u0103 planetele sistemului solar cu acest puzzle educativ de 240 piese pentru copii de 7 ani!\" \/>\n<meta name=\"robots\" content=\"index, follow, max-snippet:-1, max-image-preview:large, max-video-preview:-1\" \/>\n<link rel=\"canonical\" href=\"https:\/\/business.roovi.com\/ro\/edu-puzzle-240-solar-system\/p\/\" \/>\n<meta property=\"og:locale\" content=\"ro_RO\" \/>\n<meta property=\"og:type\" content=\"article\" \/>\n<meta property=\"og:title\" content=\"Puzzle educativ cu planete si corpuri ceresti pentru copii, 240 piese\" \/>\n<meta property=\"og:description\" content=\"Porne\u0219te \u00eentr-o c\u0103l\u0103torie uimitoare spre spa\u021biul cosmic \u0219i descoper\u0103 planetele sistemului solar cu acest puzzle educativ de 240 piese pentru copii de 7 ani!\" \/>\n<meta property=\"og:url\" content=\"https:\/\/business.roovi.com\/ro\/edu-puzzle-240-solar-system\/p\/\" \/>\n<meta property=\"og:site_name\" content=\"Roovi B2B\" \/>\n<meta property=\"article:publisher\" content=\"https:\/\/www.facebook.com\/wwwjucariero\" \/>\n<meta property=\"article:modified_time\" content=\"2025-03-13T10:54:53+00:00\" \/>\n<meta property=\"og:image\" content=\"https:\/\/business.roovi.com\/wp-content\/uploads\/2022\/12\/P-240-79251-01-SOLAR-SYSTEM-PUZZLE.webp\" \/>\n\t<meta property=\"og:image:width\" content=\"1200\" \/>\n\t<meta property=\"og:image:height\" content=\"1200\" \/>\n\t<meta property=\"og:image:type\" content=\"image\/webp\" \/>\n<meta name=\"twitter:label1\" content=\"Timp estimat pentru citire\" \/>\n\t<meta name=\"twitter:data1\" content=\"3 minute\" \/>\n<script type=\"application\/ld+json\" class=\"yoast-schema-graph\">{\"@context\":\"https:\/\/schema.org\",\"@graph\":[{\"@type\":\"WebPage\",\"@id\":\"https:\/\/business.roovi.com\/ro\/edu-puzzle-240-solar-system\/p\/\",\"url\":\"https:\/\/business.roovi.com\/ro\/edu-puzzle-240-solar-system\/p\/\",\"name\":\"Puzzle educativ cu planete si corpuri ceresti pentru copii, 240 piese\",\"isPartOf\":{\"@id\":\"https:\/\/business.roovi.com\/ro\/#website\"},\"datePublished\":\"2022-12-09T06:22:18+00:00\",\"dateModified\":\"2025-03-13T10:54:53+00:00\",\"description\":\"Porne\u0219te \u00eentr-o c\u0103l\u0103torie uimitoare spre spa\u021biul cosmic \u0219i descoper\u0103 planetele sistemului solar cu acest puzzle educativ de 240 piese pentru copii de 7 ani!\",\"breadcrumb\":{\"@id\":\"https:\/\/business.roovi.com\/ro\/edu-puzzle-240-solar-system\/p\/#breadcrumb\"},\"inLanguage\":\"ro-RO\",\"potentialAction\":[{\"@type\":\"ReadAction\",\"target\":[\"https:\/\/business.roovi.com\/ro\/edu-puzzle-240-solar-system\/p\/\"]}]},{\"@type\":\"BreadcrumbList\",\"@id\":\"https:\/\/business.roovi.com\/ro\/edu-puzzle-240-solar-system\/p\/#breadcrumb\",\"itemListElement\":[{\"@type\":\"ListItem\",\"position\":1,\"name\":\"Home\",\"item\":\"https:\/\/business.roovi.com\/ro\/\"},{\"@type\":\"ListItem\",\"position\":2,\"name\":\"Magazin\",\"item\":\"https:\/\/business.roovi.com\/ro\/magazin\/\"},{\"@type\":\"ListItem\",\"position\":3,\"name\":\"Edu Puzzle cu Planete pentru Copii de 7 Ani, Sistemul Solar, 240 piese\"}]},{\"@type\":\"WebSite\",\"@id\":\"https:\/\/business.roovi.com\/ro\/#website\",\"url\":\"https:\/\/business.roovi.com\/ro\/\",\"name\":\"Roovi B2B\",\"description\":\"Roovi Business Website\",\"potentialAction\":[{\"@type\":\"SearchAction\",\"target\":{\"@type\":\"EntryPoint\",\"urlTemplate\":\"https:\/\/business.roovi.com\/ro\/?s={search_term_string}\"},\"query-input\":\"required name=search_term_string\"}],\"inLanguage\":\"ro-RO\"}]}<\/script>\n<!-- \/ Yoast SEO plugin. -->","yoast_head_json":{"title":"Puzzle educativ cu planete si corpuri ceresti pentru copii, 240 piese","description":"Porne\u0219te \u00eentr-o c\u0103l\u0103torie uimitoare spre spa\u021biul cosmic \u0219i descoper\u0103 planetele sistemului solar cu acest puzzle educativ de 240 piese pentru copii de 7 ani!","robots":{"index":"index","follow":"follow","max-snippet":"max-snippet:-1","max-image-preview":"max-image-preview:large","max-video-preview":"max-video-preview:-1"},"canonical":"https:\/\/business.roovi.com\/ro\/edu-puzzle-240-solar-system\/p\/","og_locale":"ro_RO","og_type":"article","og_title":"Puzzle educativ cu planete si corpuri ceresti pentru copii, 240 piese","og_description":"Porne\u0219te \u00eentr-o c\u0103l\u0103torie uimitoare spre spa\u021biul cosmic \u0219i descoper\u0103 planetele sistemului solar cu acest puzzle educativ de 240 piese pentru copii de 7 ani!","og_url":"https:\/\/business.roovi.com\/ro\/edu-puzzle-240-solar-system\/p\/","og_site_name":"Roovi B2B","article_publisher":"https:\/\/www.facebook.com\/wwwjucariero","article_modified_time":"2025-03-13T10:54:53+00:00","og_image":[{"width":1200,"height":1200,"url":"https:\/\/business.roovi.com\/wp-content\/uploads\/2022\/12\/P-240-79251-01-SOLAR-SYSTEM-PUZZLE.webp","type":"image\/webp"}],"twitter_misc":{"Timp estimat pentru citire":"3 minute"},"schema":{"@context":"https:\/\/schema.org","@graph":[{"@type":"WebPage","@id":"https:\/\/business.roovi.com\/ro\/edu-puzzle-240-solar-system\/p\/","url":"https:\/\/business.roovi.com\/ro\/edu-puzzle-240-solar-system\/p\/","name":"Puzzle educativ cu planete si corpuri ceresti pentru copii, 240 piese","isPartOf":{"@id":"https:\/\/business.roovi.com\/ro\/#website"},"datePublished":"2022-12-09T06:22:18+00:00","dateModified":"2025-03-13T10:54:53+00:00","description":"Porne\u0219te \u00eentr-o c\u0103l\u0103torie uimitoare spre spa\u021biul cosmic \u0219i descoper\u0103 planetele sistemului solar cu acest puzzle educativ de 240 piese pentru copii de 7 ani!","breadcrumb":{"@id":"https:\/\/business.roovi.com\/ro\/edu-puzzle-240-solar-system\/p\/#breadcrumb"},"inLanguage":"ro-RO","potentialAction":[{"@type":"ReadAction","target":["https:\/\/business.roovi.com\/ro\/edu-puzzle-240-solar-system\/p\/"]}]},{"@type":"BreadcrumbList","@id":"https:\/\/business.roovi.com\/ro\/edu-puzzle-240-solar-system\/p\/#breadcrumb","itemListElement":[{"@type":"ListItem","position":1,"name":"Home","item":"https:\/\/business.roovi.com\/ro\/"},{"@type":"ListItem","position":2,"name":"Magazin","item":"https:\/\/business.roovi.com\/ro\/magazin\/"},{"@type":"ListItem","position":3,"name":"Edu Puzzle cu Planete pentru Copii de 7 Ani, Sistemul Solar, 240 piese"}]},{"@type":"WebSite","@id":"https:\/\/business.roovi.com\/ro\/#website","url":"https:\/\/business.roovi.com\/ro\/","name":"Roovi B2B","description":"Roovi Business Website","potentialAction":[{"@type":"SearchAction","target":{"@type":"EntryPoint","urlTemplate":"https:\/\/business.roovi.com\/ro\/?s={search_term_string}"},"query-input":"required name=search_term_string"}],"inLanguage":"ro-RO"}]}},"_links":{"self":[{"href":"https:\/\/business.roovi.com\/ro\/wp-json\/wp\/v2\/product\/62226","targetHints":{"allow":["GET"]}}],"collection":[{"href":"https:\/\/business.roovi.com\/ro\/wp-json\/wp\/v2\/product"}],"about":[{"href":"https:\/\/business.roovi.com\/ro\/wp-json\/wp\/v2\/types\/product"}],"version-history":[{"count":0,"href":"https:\/\/business.roovi.com\/ro\/wp-json\/wp\/v2\/product\/62226\/revisions"}],"wp:featuredmedia":[{"embeddable":true,"href":"https:\/\/business.roovi.com\/ro\/wp-json\/wp\/v2\/media\/62231"}],"wp:attachment":[{"href":"https:\/\/business.roovi.com\/ro\/wp-json\/wp\/v2\/media?parent=62226"}],"wp:term":[{"taxonomy":"product_brand","embeddable":true,"href":"https:\/\/business.roovi.com\/ro\/wp-json\/wp\/v2\/product_brand?post=62226"},{"taxonomy":"product_cat","embeddable":true,"href":"https:\/\/business.roovi.com\/ro\/wp-json\/wp\/v2\/product_cat?post=62226"},{"taxonomy":"product_tag","embeddable":true,"href":"https:\/\/business.roovi.com\/ro\/wp-json\/wp\/v2\/product_tag?post=62226"}],"curies":[{"name":"wp","href":"https:\/\/api.w.org\/{rel}","templated":true}]}}