{"id":62241,"date":"2022-12-09T06:33:26","date_gmt":"2022-12-09T06:33:26","guid":{"rendered":"https:\/\/business.roovi.com\/?post_type=product&#038;p=62241"},"modified":"2025-03-13T10:55:59","modified_gmt":"2025-03-13T10:55:59","slug":"edu-puzzle-240-discover-europe","status":"publish","type":"product","link":"https:\/\/business.roovi.com\/ro\/edu-puzzle-240-discover-europe\/p\/","title":{"rendered":"Edu Puzzle Harta Europei pentru Copii de 7 ani, Descoper\u0103 Europa, 240 piese"},"content":{"rendered":"<p><iframe loading=\"lazy\" title=\"Puzzle copii Descoper\u0103 Europa 240 piese\" width=\"500\" height=\"281\" src=\"https:\/\/www.youtube.com\/embed\/qYY603-ZCBs?feature=oembed\" frameborder=\"0\" allow=\"accelerometer; autoplay; clipboard-write; encrypted-media; gyroscope; picture-in-picture; web-share\" referrerpolicy=\"strict-origin-when-cross-origin\" allowfullscreen><\/iframe><\/p>\n<h3><span style=\"font-weight: 400;\">Vrei s\u0103 \u00eenve\u021bi rapid toate capitalele europene \u0219i \u00een acela\u0219i timp s\u0103 te distrezi pe cinste? Alege Edu Puzzle 240 &#8211; Descoper\u0103 Europa: un joc puzzle atractiv, educativ \u0219i relaxant, ideal pentru copiii care vor s\u0103 \u0219tie multe.<\/span><\/h3>\n<p><span style=\"font-weight: 400;\">S\u0103 \u00eenve\u021bi pe de rost capitalele, steagurile \u0219i multe informa\u021bii despre statele europene poate fi o provocare dificil\u0103 pentru copii. EduPuzzle 240 &#8211; Descoper\u0103 Europa \u00eei ajut\u0103 pe copii s\u0103 re\u021bin\u0103 u\u0219or multe denumiri \u0219i informa\u021bii \u00eentr-un timp extrem de scurt.\u00a0<\/span><\/p>\n<p><span style=\"font-weight: 400;\">Edu Puzzle 240 &#8211; Descoper\u0103 Europa este mai mult dec\u00e2t un joc puzzle. Le ofer\u0103 copiilor o lec\u021bie de geografie interactiv\u0103 \u0219i amuzant\u0103, \u00eei poart\u0103 prin toate \u021b\u0103rile din Europa \u0219i le prezint\u0103 unele dintre cele mai reprezentative obiective din fiecare stat.<\/span><\/p>\n<p><span style=\"font-weight: 400;\">\u00cen plus, copiii se bucur\u0103 de toate beneficiile jocurilor puzzle, precum:<\/span><\/p>\n<ul>\n<li style=\"font-weight: 400;\" aria-level=\"1\"><span style=\"font-weight: 400;\">Stimularea memoriei \u0219i a g\u00e2ndirii logice;<\/span><\/li>\n<li style=\"font-weight: 400;\" aria-level=\"1\"><span style=\"font-weight: 400;\">Dezvoltarea capacit\u0103\u021bii de a rezolva probleme;<\/span><\/li>\n<li style=\"font-weight: 400;\" aria-level=\"1\"><span style=\"font-weight: 400;\">\u00cembun\u0103t\u0103\u021birea aten\u021biei \u0219i a capacit\u0103\u021bii de concentrare;<\/span><\/li>\n<li style=\"font-weight: 400;\" aria-level=\"1\"><span style=\"font-weight: 400;\">Dezvoltarea stimei de sine \u0219i a \u00eencrederii \u00een propria persoan\u0103;<\/span><\/li>\n<li style=\"font-weight: 400;\" aria-level=\"1\"><span style=\"font-weight: 400;\">Dezvoltarea capacit\u0103\u021bii de a lucra \u00een echip\u0103.<\/span><\/li>\n<\/ul>\n<h3><span style=\"font-weight: 400;\">De ce s\u0103 alegi Edu Puzzle 240 &#8211; Descoper\u0103 Europa\u00a0\u00a0<\/span><\/h3>\n<p><span style=\"font-weight: 400;\">Este un joc puzzle produs din materiale de calitate superioar\u0103, piesele de potrivesc perfect, iar tabloul rezultat este o hart\u0103 interactiv\u0103 ce poate fi utilizat\u0103 cu scop didactic.<\/span><\/p>\n<p><span style=\"font-weight: 400;\">Imaginea asamblat\u0103 are dimensiunile de <strong>42 x 28,8 cm<\/strong>, suficient de generoase pentru a fi transformat\u0103 \u00eentr-un decor pentru camera copiilor.<\/span><\/p>\n<p><span style=\"font-weight: 400;\">Suntem aten\u021bi la fiecare detaliu, de aceea grafica fiec\u0103rui puzzle ROOVI este f\u0103r\u0103 cusur. Imaginea este clar\u0103, \u00een culori vii, pe placul copiilor.<\/span><\/p>\n<p><span style=\"font-weight: 400;\">Este fabricat din materiale sustenabile reciclabile pentru c\u0103 iubim \u0219i respect\u0103m natura \u0219i mediul \u00een care tr\u0103im.<\/span><\/p>\n<p><span style=\"font-weight: 400;\">Este ambalat \u00eentr-o cutie colorat\u0103 \u0219i elegant\u0103, de aceea poate fi cadoul potrivit pentru orice copil pasionat de puzzle sau de geografie, cu v\u00e2rsta peste 8 ani.<\/span><\/p>\n<p><span style=\"font-weight: 400;\">Poate fi un instrument educativ inedit ce poate fi folosit cu succes la orele de geografie.<\/span><\/p>\n<h2><span style=\"font-weight: 400;\">\u0218tiai c\u0103\u2026<\/span><\/h2>\n<ul>\n<li style=\"font-weight: 400;\" aria-level=\"1\"><span style=\"font-weight: 400;\">Cea mai mic\u0103 \u021bar\u0103 din lume se afl\u0103 \u00een Europa. Este vorba despre Vatican.<\/span><\/li>\n<li style=\"font-weight: 400;\" aria-level=\"1\"><span style=\"font-weight: 400;\">Tot \u00een Europa se afl\u0103 \u0219i cel mai vechi vulcan din lume: Etna (Italia). Acesta erupe de mai bine de 350.000 de ani.<\/span><\/li>\n<li style=\"font-weight: 400;\" aria-level=\"1\"><span style=\"font-weight: 400;\">\u00cen aeroportul din Bruxelles se vinde cea mai mare cantitate de ciocolat\u0103 din lume.<\/span><\/li>\n<li style=\"font-weight: 400;\" aria-level=\"1\"><span style=\"font-weight: 400;\">Turnul Eiffel a fost construit \u00een doar 2 ani datorit\u0103 unei tehnologii inovatoare de montare inventate de inginerul rom\u00e2n <\/span><span style=\"font-weight: 400;\">Gheorghe P\u0103nculescu.<\/span><\/li>\n<li style=\"font-weight: 400;\" aria-level=\"1\"><span style=\"font-weight: 400;\">Pizza este inven\u021bia italienilor, mai exact a lui Raffeale Esposito, brutarul care \u00een 1860 a copt prima pizza din istorie.<\/span><\/li>\n<\/ul>\n<h2><span style=\"font-weight: 400;\">Edu Puzzle 240 &#8211; Descoper\u0103 Europa: conectare \u0219i timp de calitate al\u0103turi de copii\u00a0<\/span><\/h2>\n<p><span style=\"font-weight: 400;\">Vremea rea v\u0103 \u021bine \u00een cas\u0103 mai mult timp? E perioada s\u0103rb\u0103torilor \u0219i vrei s\u0103-\u021bi petreci timpul cu sens al\u0103turi de copii? Sau vrei pur \u0219i simplu s\u0103 sta\u021bi cu to\u021bii departe de ecrane, s\u0103 v\u0103 conecta\u021bi \u0219i s\u0103 v\u0103 distra\u021bi \u00eempreun\u0103?<\/span><\/p>\n<p><span style=\"font-weight: 400;\">Edu Puzzle 240 &#8211; Descoper\u0103 Europa este acel puzzle care v\u0103 une\u0219te \u0219i v\u0103 ajut\u0103 s\u0103 v\u0103 bucura\u021bi de momentul prezent. \u00cen plus, este prilejul perfect pentru \u00eenv\u0103\u021bare prin joac\u0103.\u00a0<\/span><\/p>\n<p><span style=\"font-weight: 400;\">\u00cen timp ce completa\u021bi harta din 240 de piese puzzle, \u00eei po\u021bi vorbi copilului despre \u021b\u0103rile din Europa, despre capitalele sau obiectivele lor reprezentative. Pute\u021bi chiar bifa pe hart\u0103 \u021b\u0103rile sau locurile \u00een care a\u021bi ajuns \u00eempreun\u0103 sau unde v\u0103 propune\u021bi s\u0103 merge\u021bi \u00een vacan\u021b\u0103.\u00a0<\/span><\/p>\n<h3><span style=\"font-weight: 400;\">Iar dac\u0103 vrei \u0219i mai multe provoc\u0103ri educative \u0219i creative pentru copilul t\u0103u, pune \u00een co\u0219 alte 4 puzzle-uri nou-nou\u021be din colec\u021bie Edu Puzzle de la ROOVI: <\/span><a href=\"https:\/\/business.roovi.com\/ro\/edu-puzzle-240-ocean-life\/p\/\"><b>Edu Puzzle 240 &#8211; Via\u021ba \u00een Ocean<\/b><\/a><span style=\"font-weight: 400;\">,\u00a0<\/span><b><\/b><b><a href=\"https:\/\/business.roovi.com\/ro\/edu-puzzle-240-solar-system\/p\/\">Edu Puzzle 240 &#8211; Sistemul Solar<\/a>, <\/b><a href=\"https:\/\/business.roovi.com\/ro\/edu-puzzle-240-farm-animals\/p\/\"><b>Edu Puzzle &#8211; Animale de la Ferm\u0103<\/b><\/a><span style=\"font-weight: 400;\">\u00a0\u0219i <\/span><a href=\"https:\/\/business.roovi.com\/ro\/edu-puzzle-240-wild-animals\/p\/\"><b>Edu Puzzle 240 &#8211; Animale S\u0103lbatice<\/b><\/a><span style=\"font-weight: 400;\">.\u00a0<\/span><\/h3>\n<p>&nbsp;<\/p>\n","protected":false},"excerpt":{"rendered":"<p>Vrei s\u0103 \u00eenve\u021bi rapid toate capitalele europene \u0219i \u00een acela\u0219i timp s\u0103 te distrezi pe cinste? Alege Edu Puzzle 240<\/p>\n","protected":false},"featured_media":63011,"template":"","meta":[],"product_brand":[],"product_cat":[1454,1482,1561],"product_tag":[2618,2617,2625,2616,2626,2620],"class_list":{"0":"post-62241","1":"product","2":"type-product","3":"status-publish","4":"has-post-thumbnail","6":"product_cat-puzzle","7":"product_cat-puzzle-copii","8":"product_cat-puzzle-copii-peste-100-piese","9":"product_tag-240puzzle","10":"product_tag-edupuzzle","11":"product_tag-europe","12":"product_tag-launched2022","13":"product_tag-map","14":"product_tag-school","16":"first","17":"onbackorder","18":"taxable","19":"shipping-taxable","20":"product-type-simple"},"yoast_head":"<!-- This site is optimized with the Yoast SEO plugin v20.1 - https:\/\/yoast.com\/wordpress\/plugins\/seo\/ -->\n<title>Puzzle educativ harta Europei 240 piese pentru copii de 7 ani<\/title>\n<meta name=\"description\" content=\"Orele de geografie sunt de-acum mai distractive cu acest puzzle educativ ce-i ajut\u0103 pe copii s\u0103 descopere Europa \u0219i cele mai importante obiective turistice!\" \/>\n<meta name=\"robots\" content=\"index, follow, max-snippet:-1, max-image-preview:large, max-video-preview:-1\" \/>\n<link rel=\"canonical\" href=\"https:\/\/business.roovi.com\/ro\/edu-puzzle-240-discover-europe\/p\/\" \/>\n<meta property=\"og:locale\" content=\"ro_RO\" \/>\n<meta property=\"og:type\" content=\"article\" \/>\n<meta property=\"og:title\" content=\"Puzzle educativ harta Europei 240 piese pentru copii de 7 ani\" \/>\n<meta property=\"og:description\" content=\"Orele de geografie sunt de-acum mai distractive cu acest puzzle educativ ce-i ajut\u0103 pe copii s\u0103 descopere Europa \u0219i cele mai importante obiective turistice!\" \/>\n<meta property=\"og:url\" content=\"https:\/\/business.roovi.com\/ro\/edu-puzzle-240-discover-europe\/p\/\" \/>\n<meta property=\"og:site_name\" content=\"Roovi B2B\" \/>\n<meta property=\"article:publisher\" content=\"https:\/\/www.facebook.com\/wwwjucariero\" \/>\n<meta property=\"article:modified_time\" content=\"2025-03-13T10:55:59+00:00\" \/>\n<meta property=\"og:image\" content=\"https:\/\/business.roovi.com\/wp-content\/uploads\/2022\/12\/P-240-79251-02-DISCOVER-EUROPE-1-scaled.jpg\" \/>\n\t<meta property=\"og:image:width\" content=\"2560\" \/>\n\t<meta property=\"og:image:height\" content=\"2560\" \/>\n\t<meta property=\"og:image:type\" content=\"image\/jpeg\" \/>\n<meta name=\"twitter:label1\" content=\"Timp estimat pentru citire\" \/>\n\t<meta name=\"twitter:data1\" content=\"3 minute\" \/>\n<script type=\"application\/ld+json\" class=\"yoast-schema-graph\">{\"@context\":\"https:\/\/schema.org\",\"@graph\":[{\"@type\":\"WebPage\",\"@id\":\"https:\/\/business.roovi.com\/ro\/edu-puzzle-240-discover-europe\/p\/\",\"url\":\"https:\/\/business.roovi.com\/ro\/edu-puzzle-240-discover-europe\/p\/\",\"name\":\"Puzzle educativ harta Europei 240 piese pentru copii de 7 ani\",\"isPartOf\":{\"@id\":\"https:\/\/business.roovi.com\/ro\/#website\"},\"datePublished\":\"2022-12-09T06:33:26+00:00\",\"dateModified\":\"2025-03-13T10:55:59+00:00\",\"description\":\"Orele de geografie sunt de-acum mai distractive cu acest puzzle educativ ce-i ajut\u0103 pe copii s\u0103 descopere Europa \u0219i cele mai importante obiective turistice!\",\"breadcrumb\":{\"@id\":\"https:\/\/business.roovi.com\/ro\/edu-puzzle-240-discover-europe\/p\/#breadcrumb\"},\"inLanguage\":\"ro-RO\",\"potentialAction\":[{\"@type\":\"ReadAction\",\"target\":[\"https:\/\/business.roovi.com\/ro\/edu-puzzle-240-discover-europe\/p\/\"]}]},{\"@type\":\"BreadcrumbList\",\"@id\":\"https:\/\/business.roovi.com\/ro\/edu-puzzle-240-discover-europe\/p\/#breadcrumb\",\"itemListElement\":[{\"@type\":\"ListItem\",\"position\":1,\"name\":\"Home\",\"item\":\"https:\/\/business.roovi.com\/ro\/\"},{\"@type\":\"ListItem\",\"position\":2,\"name\":\"Magazin\",\"item\":\"https:\/\/business.roovi.com\/ro\/magazin\/\"},{\"@type\":\"ListItem\",\"position\":3,\"name\":\"Edu Puzzle Harta Europei pentru Copii de 7 ani, Descoper\u0103 Europa, 240 piese\"}]},{\"@type\":\"WebSite\",\"@id\":\"https:\/\/business.roovi.com\/ro\/#website\",\"url\":\"https:\/\/business.roovi.com\/ro\/\",\"name\":\"Roovi B2B\",\"description\":\"Roovi Business Website\",\"potentialAction\":[{\"@type\":\"SearchAction\",\"target\":{\"@type\":\"EntryPoint\",\"urlTemplate\":\"https:\/\/business.roovi.com\/ro\/?s={search_term_string}\"},\"query-input\":\"required name=search_term_string\"}],\"inLanguage\":\"ro-RO\"}]}<\/script>\n<!-- \/ Yoast SEO plugin. -->","yoast_head_json":{"title":"Puzzle educativ harta Europei 240 piese pentru copii de 7 ani","description":"Orele de geografie sunt de-acum mai distractive cu acest puzzle educativ ce-i ajut\u0103 pe copii s\u0103 descopere Europa \u0219i cele mai importante obiective turistice!","robots":{"index":"index","follow":"follow","max-snippet":"max-snippet:-1","max-image-preview":"max-image-preview:large","max-video-preview":"max-video-preview:-1"},"canonical":"https:\/\/business.roovi.com\/ro\/edu-puzzle-240-discover-europe\/p\/","og_locale":"ro_RO","og_type":"article","og_title":"Puzzle educativ harta Europei 240 piese pentru copii de 7 ani","og_description":"Orele de geografie sunt de-acum mai distractive cu acest puzzle educativ ce-i ajut\u0103 pe copii s\u0103 descopere Europa \u0219i cele mai importante obiective turistice!","og_url":"https:\/\/business.roovi.com\/ro\/edu-puzzle-240-discover-europe\/p\/","og_site_name":"Roovi B2B","article_publisher":"https:\/\/www.facebook.com\/wwwjucariero","article_modified_time":"2025-03-13T10:55:59+00:00","og_image":[{"width":2560,"height":2560,"url":"https:\/\/business.roovi.com\/wp-content\/uploads\/2022\/12\/P-240-79251-02-DISCOVER-EUROPE-1-scaled.jpg","type":"image\/jpeg"}],"twitter_misc":{"Timp estimat pentru citire":"3 minute"},"schema":{"@context":"https:\/\/schema.org","@graph":[{"@type":"WebPage","@id":"https:\/\/business.roovi.com\/ro\/edu-puzzle-240-discover-europe\/p\/","url":"https:\/\/business.roovi.com\/ro\/edu-puzzle-240-discover-europe\/p\/","name":"Puzzle educativ harta Europei 240 piese pentru copii de 7 ani","isPartOf":{"@id":"https:\/\/business.roovi.com\/ro\/#website"},"datePublished":"2022-12-09T06:33:26+00:00","dateModified":"2025-03-13T10:55:59+00:00","description":"Orele de geografie sunt de-acum mai distractive cu acest puzzle educativ ce-i ajut\u0103 pe copii s\u0103 descopere Europa \u0219i cele mai importante obiective turistice!","breadcrumb":{"@id":"https:\/\/business.roovi.com\/ro\/edu-puzzle-240-discover-europe\/p\/#breadcrumb"},"inLanguage":"ro-RO","potentialAction":[{"@type":"ReadAction","target":["https:\/\/business.roovi.com\/ro\/edu-puzzle-240-discover-europe\/p\/"]}]},{"@type":"BreadcrumbList","@id":"https:\/\/business.roovi.com\/ro\/edu-puzzle-240-discover-europe\/p\/#breadcrumb","itemListElement":[{"@type":"ListItem","position":1,"name":"Home","item":"https:\/\/business.roovi.com\/ro\/"},{"@type":"ListItem","position":2,"name":"Magazin","item":"https:\/\/business.roovi.com\/ro\/magazin\/"},{"@type":"ListItem","position":3,"name":"Edu Puzzle Harta Europei pentru Copii de 7 ani, Descoper\u0103 Europa, 240 piese"}]},{"@type":"WebSite","@id":"https:\/\/business.roovi.com\/ro\/#website","url":"https:\/\/business.roovi.com\/ro\/","name":"Roovi B2B","description":"Roovi Business Website","potentialAction":[{"@type":"SearchAction","target":{"@type":"EntryPoint","urlTemplate":"https:\/\/business.roovi.com\/ro\/?s={search_term_string}"},"query-input":"required name=search_term_string"}],"inLanguage":"ro-RO"}]}},"_links":{"self":[{"href":"https:\/\/business.roovi.com\/ro\/wp-json\/wp\/v2\/product\/62241","targetHints":{"allow":["GET"]}}],"collection":[{"href":"https:\/\/business.roovi.com\/ro\/wp-json\/wp\/v2\/product"}],"about":[{"href":"https:\/\/business.roovi.com\/ro\/wp-json\/wp\/v2\/types\/product"}],"version-history":[{"count":0,"href":"https:\/\/business.roovi.com\/ro\/wp-json\/wp\/v2\/product\/62241\/revisions"}],"wp:featuredmedia":[{"embeddable":true,"href":"https:\/\/business.roovi.com\/ro\/wp-json\/wp\/v2\/media\/63011"}],"wp:attachment":[{"href":"https:\/\/business.roovi.com\/ro\/wp-json\/wp\/v2\/media?parent=62241"}],"wp:term":[{"taxonomy":"product_brand","embeddable":true,"href":"https:\/\/business.roovi.com\/ro\/wp-json\/wp\/v2\/product_brand?post=62241"},{"taxonomy":"product_cat","embeddable":true,"href":"https:\/\/business.roovi.com\/ro\/wp-json\/wp\/v2\/product_cat?post=62241"},{"taxonomy":"product_tag","embeddable":true,"href":"https:\/\/business.roovi.com\/ro\/wp-json\/wp\/v2\/product_tag?post=62241"}],"curies":[{"name":"wp","href":"https:\/\/api.w.org\/{rel}","templated":true}]}}