{"id":62281,"date":"2022-12-14T08:49:06","date_gmt":"2022-12-14T08:49:06","guid":{"rendered":"https:\/\/business.roovi.com\/?post_type=product&#038;p=62281"},"modified":"2025-03-13T10:57:13","modified_gmt":"2025-03-13T10:57:13","slug":"puzzle-aircrafts-puzzle-copii-100-piese","status":"publish","type":"product","link":"https:\/\/business.roovi.com\/ro\/puzzle-aircrafts-puzzle-copii-100-piese\/p\/","title":{"rendered":"Puzzle Aircrafts \u2013 Puzzle copii, 100 piese"},"content":{"rendered":"<h2><span style=\"font-weight: 400;\">Puzzle 100 piese Aircrafts te conecteaz\u0103 \u00eentr-un mod foarte pl\u0103cut cu cei mici. Ajut\u0103-i s\u0103 pun\u0103 piesele \u00een ordine \u0219i bucura\u021bi-v\u0103 de magia timpului petrecut \u00eempreun\u0103.<\/span><\/h2>\n<p><span style=\"font-weight: 400;\">O mul\u021bime de aparate de zbor prind via\u021b\u0103 \u00een Puzzle 100 piese Aircrafts. Un elicopter, mai multe avioane, un balon de aer \u0219i chiar \u0219i o rachet\u0103 se deplaseaz\u0103 vesele pe cerul br\u0103zdat de nori pufo\u0219i.\u00a0<\/span><\/p>\n<p><span style=\"font-weight: 400;\">Construi\u021bi rama puzzle-ului de 100 piese, selecta\u021bi piesele pe culori, lucra\u021bi \u00een echip\u0103 \u0219i completa\u021bi imaginea cu z\u00e2mbete \u0219i bucurie. Jocul puzzle este un prilej de relaxare \u0219i conectare. Folose\u0219te timpul petrecut asambl\u00e2nd piesele pentru a te apropia mai mult de copii, a-i asculta \u0219i a-i \u00een\u021belege.\u00a0<\/span><\/p>\n<p><span style=\"font-weight: 400;\">\u00cen plus, atunci c\u00e2nd refac imaginea din Puzzle 100 piese Aircrafts, copiii se distreaz\u0103 pe cinste \u0219i \u00ee\u0219i dezvolt\u0103 abilit\u0103\u021bi importante:<\/span><\/p>\n<ul>\n<li style=\"font-weight: 400;\"><span style=\"font-weight: 400;\">Aten\u021bia la detalii\u00a0<\/span><\/li>\n<li style=\"font-weight: 400;\"><span style=\"font-weight: 400;\">Capacitatea de concentrare<\/span><\/li>\n<li style=\"font-weight: 400;\"><span style=\"font-weight: 400;\">Coordonarea ochi-m\u00e2n\u0103<\/span><\/li>\n<li style=\"font-weight: 400;\"><span style=\"font-weight: 400;\">R\u0103bdarea \u0219i perseveren\u021ba<\/span><\/li>\n<li style=\"font-weight: 400;\"><span style=\"font-weight: 400;\">G\u00e2ndirea logic\u0103, precum \u0219i creativitatea.<\/span><\/li>\n<\/ul>\n<h3><span style=\"font-weight: 400;\">De ce s\u0103 alegi Puzzle 100 piese Aircrafts pentru copilul t\u0103u<\/span><\/h3>\n<p><span style=\"font-weight: 400;\">Un puzzle de 100 piese le permite copiilor s\u0103 \u00ee\u0219i dezvolte abilit\u0103\u021bile de asamblare a jocurilor puzzle.<\/span><\/p>\n<p><span style=\"font-weight: 400;\">Este provocator \u0219i amuzant, iar trecerea la un nivel mai dificil de asamblare se face \u00eentr-un mod distractiv.<\/span><\/p>\n<p><span style=\"font-weight: 400;\">Tabloul ob\u021binut are dimensiunile de <\/span><b>42 x 28,8 cm,<\/b><span style=\"font-weight: 400;\"> suficient de generoase pentru a putea fi transformat \u00eentr-un tablou decorativ pentru camera copiilor.<\/span><\/p>\n<p><span style=\"font-weight: 400;\">Este produs din carton de calitate superioar\u0103, piesele au grosimea de 2 mm \u0219i sunt rezistente la asambl\u0103ri repetate.<\/span><\/p>\n<p><span style=\"font-weight: 400;\">Imaginea este protejat\u0103 de o folie antireflex care \u00eei ajut\u0103 pe copii s\u0103 vad\u0103 repede chiar \u0219i cele mai mici detalii.<\/span><\/p>\n<p><span style=\"font-weight: 400;\">Ilustra\u021bia are o grafic\u0103 de excep\u021bie \u0219i culori calde, care \u00eei atrag pe copii \u0219i \u00eei \u021bin departe de tenta\u021biile digitale un timp \u00eendelungat.<\/span><\/p>\n<h2><span style=\"font-weight: 400;\">\u0218tiai c\u0103\u2026<\/span><\/h2>\n<ul>\n<li style=\"font-weight: 400;\"><span style=\"font-weight: 400;\">Balonul cu aer cald este cea mai veche tehnologie de zbor dezvoltat\u0103 de oameni. Primul zbor cu un astfel de aparat s-a realizat \u00een Fran\u021ba, \u00een 1783.<\/span><\/li>\n<li style=\"font-weight: 400;\"><span style=\"font-weight: 400;\">Leonardo da Vinci era fascinat de zbor. El a schi\u021bat para\u0219uta \u0219i a inventat ornitopterul &#8211; un dispozitiv care le-ar fi permis oamenilor s\u0103 se ridice de la sol precum p\u0103s\u0103rile.<\/span><\/li>\n<li style=\"font-weight: 400;\"><span style=\"font-weight: 400;\">Rom\u00e2nul Henri Coand\u0103 este considerat p\u0103rintele avionului propulsat prin reac\u021bie.<\/span><\/li>\n<li style=\"font-weight: 400;\"><span style=\"font-weight: 400;\">P\u00e2n\u0103 \u00een 1930 doar b\u0103rba\u021bii putea fi \u00eenso\u021bitori de zbor.\u00a0<\/span><\/li>\n<li style=\"font-weight: 400;\"><span style=\"font-weight: 400;\">Se pare c\u0103 cea mai aglomerat\u0103 rut\u0103 aerian\u0103 din lumea este cea dintre Seul \u0219i Jeju, Coreea de Sud. \u00cenainte de pandemie, pe aceast\u0103 rut\u0103 exista o curs\u0103 la fiecare 15 minute.<\/span><\/li>\n<\/ul>\n<p><span style=\"font-weight: 400;\">\u00cen timp ce asambla\u021bi Puzzle 100 piese Aircrafts, \u00eei po\u021bi povesti celui mic o mul\u021bime de lucruri fascinante despre avia\u021bie \u0219i aparatele de zbor. Po\u021bi transforma astfel aceast\u0103 activitate \u00eentr-un prilej de \u00eenv\u0103\u021bare prin joc.\u00a0<\/span><\/p>\n<p><span style=\"font-weight: 400;\">Dac\u0103 \u00ee\u021bi dore\u0219ti s\u0103 \u00eentrege\u0219ti colec\u021bia de jocuri puzzle pentru copii cu un model dinamic \u0219i colorat, puzzle 100 piese Aircrafts este alegerea cea mai potrivit\u0103. De asemenea, puzzle-ul Aircrafts poate fi cadoul perfect pentru copii cu ocazia s\u0103rb\u0103torilor sau pentru zilele aniversare.<\/span><\/p>\n","protected":false},"excerpt":{"rendered":"<p>Puzzle 100 piese Aircrafts te conecteaz\u0103 \u00eentr-un mod foarte pl\u0103cut cu cei mici. Ajut\u0103-i s\u0103 pun\u0103 piesele \u00een ordine \u0219i<\/p>\n","protected":false},"featured_media":62282,"template":"","meta":[],"product_brand":[],"product_cat":[1454,1482,1559],"product_tag":[2634,2633,2616],"class_list":{"0":"post-62281","1":"product","2":"type-product","3":"status-publish","4":"has-post-thumbnail","6":"product_cat-puzzle","7":"product_cat-puzzle-copii","8":"product_cat-puzzle-copii-50-100-piese","9":"product_tag-100puzzle","10":"product_tag-kidspuzzle","11":"product_tag-launched2022","13":"first","14":"instock","15":"taxable","16":"shipping-taxable","17":"product-type-simple"},"yoast_head":"<!-- This site is optimized with the Yoast SEO plugin v20.1 - https:\/\/yoast.com\/wordpress\/plugins\/seo\/ -->\n<title>Puzzle Aircrafts \u2013 Puzzle copii, 100 piese - Roovi B2B<\/title>\n<meta name=\"robots\" content=\"index, follow, max-snippet:-1, max-image-preview:large, max-video-preview:-1\" \/>\n<link rel=\"canonical\" href=\"https:\/\/business.roovi.com\/ro\/puzzle-aircrafts-puzzle-copii-100-piese\/p\/\" \/>\n<meta property=\"og:locale\" content=\"ro_RO\" \/>\n<meta property=\"og:type\" content=\"article\" \/>\n<meta property=\"og:title\" content=\"Puzzle Aircrafts \u2013 Puzzle copii, 100 piese - Roovi B2B\" \/>\n<meta property=\"og:description\" content=\"Puzzle 100 piese Aircrafts te conecteaz\u0103 \u00eentr-un mod foarte pl\u0103cut cu cei mici. Ajut\u0103-i s\u0103 pun\u0103 piesele \u00een ordine \u0219i\" \/>\n<meta property=\"og:url\" content=\"https:\/\/business.roovi.com\/ro\/puzzle-aircrafts-puzzle-copii-100-piese\/p\/\" \/>\n<meta property=\"og:site_name\" content=\"Roovi B2B\" \/>\n<meta property=\"article:publisher\" content=\"https:\/\/www.facebook.com\/wwwjucariero\" \/>\n<meta property=\"article:modified_time\" content=\"2025-03-13T10:57:13+00:00\" \/>\n<meta property=\"og:image\" content=\"https:\/\/business.roovi.com\/wp-content\/uploads\/2022\/12\/KIDS-Puzzle-100-Air-Craft-79619-01.jpg\" \/>\n\t<meta property=\"og:image:width\" content=\"1200\" \/>\n\t<meta property=\"og:image:height\" content=\"1200\" \/>\n\t<meta property=\"og:image:type\" content=\"image\/jpeg\" \/>\n<meta name=\"twitter:label1\" content=\"Timp estimat pentru citire\" \/>\n\t<meta name=\"twitter:data1\" content=\"3 minute\" \/>\n<script type=\"application\/ld+json\" class=\"yoast-schema-graph\">{\"@context\":\"https:\/\/schema.org\",\"@graph\":[{\"@type\":\"WebPage\",\"@id\":\"https:\/\/business.roovi.com\/ro\/puzzle-aircrafts-puzzle-copii-100-piese\/p\/\",\"url\":\"https:\/\/business.roovi.com\/ro\/puzzle-aircrafts-puzzle-copii-100-piese\/p\/\",\"name\":\"Puzzle Aircrafts \u2013 Puzzle copii, 100 piese - Roovi B2B\",\"isPartOf\":{\"@id\":\"https:\/\/business.roovi.com\/ro\/#website\"},\"datePublished\":\"2022-12-14T08:49:06+00:00\",\"dateModified\":\"2025-03-13T10:57:13+00:00\",\"breadcrumb\":{\"@id\":\"https:\/\/business.roovi.com\/ro\/puzzle-aircrafts-puzzle-copii-100-piese\/p\/#breadcrumb\"},\"inLanguage\":\"ro-RO\",\"potentialAction\":[{\"@type\":\"ReadAction\",\"target\":[\"https:\/\/business.roovi.com\/ro\/puzzle-aircrafts-puzzle-copii-100-piese\/p\/\"]}]},{\"@type\":\"BreadcrumbList\",\"@id\":\"https:\/\/business.roovi.com\/ro\/puzzle-aircrafts-puzzle-copii-100-piese\/p\/#breadcrumb\",\"itemListElement\":[{\"@type\":\"ListItem\",\"position\":1,\"name\":\"Home\",\"item\":\"https:\/\/business.roovi.com\/ro\/\"},{\"@type\":\"ListItem\",\"position\":2,\"name\":\"Magazin\",\"item\":\"https:\/\/business.roovi.com\/ro\/magazin\/\"},{\"@type\":\"ListItem\",\"position\":3,\"name\":\"Puzzle Aircrafts \u2013 Puzzle copii, 100 piese\"}]},{\"@type\":\"WebSite\",\"@id\":\"https:\/\/business.roovi.com\/ro\/#website\",\"url\":\"https:\/\/business.roovi.com\/ro\/\",\"name\":\"Roovi B2B\",\"description\":\"Roovi Business Website\",\"potentialAction\":[{\"@type\":\"SearchAction\",\"target\":{\"@type\":\"EntryPoint\",\"urlTemplate\":\"https:\/\/business.roovi.com\/ro\/?s={search_term_string}\"},\"query-input\":\"required name=search_term_string\"}],\"inLanguage\":\"ro-RO\"}]}<\/script>\n<!-- \/ Yoast SEO plugin. -->","yoast_head_json":{"title":"Puzzle Aircrafts \u2013 Puzzle copii, 100 piese - Roovi B2B","robots":{"index":"index","follow":"follow","max-snippet":"max-snippet:-1","max-image-preview":"max-image-preview:large","max-video-preview":"max-video-preview:-1"},"canonical":"https:\/\/business.roovi.com\/ro\/puzzle-aircrafts-puzzle-copii-100-piese\/p\/","og_locale":"ro_RO","og_type":"article","og_title":"Puzzle Aircrafts \u2013 Puzzle copii, 100 piese - Roovi B2B","og_description":"Puzzle 100 piese Aircrafts te conecteaz\u0103 \u00eentr-un mod foarte pl\u0103cut cu cei mici. Ajut\u0103-i s\u0103 pun\u0103 piesele \u00een ordine \u0219i","og_url":"https:\/\/business.roovi.com\/ro\/puzzle-aircrafts-puzzle-copii-100-piese\/p\/","og_site_name":"Roovi B2B","article_publisher":"https:\/\/www.facebook.com\/wwwjucariero","article_modified_time":"2025-03-13T10:57:13+00:00","og_image":[{"width":1200,"height":1200,"url":"https:\/\/business.roovi.com\/wp-content\/uploads\/2022\/12\/KIDS-Puzzle-100-Air-Craft-79619-01.jpg","type":"image\/jpeg"}],"twitter_misc":{"Timp estimat pentru citire":"3 minute"},"schema":{"@context":"https:\/\/schema.org","@graph":[{"@type":"WebPage","@id":"https:\/\/business.roovi.com\/ro\/puzzle-aircrafts-puzzle-copii-100-piese\/p\/","url":"https:\/\/business.roovi.com\/ro\/puzzle-aircrafts-puzzle-copii-100-piese\/p\/","name":"Puzzle Aircrafts \u2013 Puzzle copii, 100 piese - Roovi B2B","isPartOf":{"@id":"https:\/\/business.roovi.com\/ro\/#website"},"datePublished":"2022-12-14T08:49:06+00:00","dateModified":"2025-03-13T10:57:13+00:00","breadcrumb":{"@id":"https:\/\/business.roovi.com\/ro\/puzzle-aircrafts-puzzle-copii-100-piese\/p\/#breadcrumb"},"inLanguage":"ro-RO","potentialAction":[{"@type":"ReadAction","target":["https:\/\/business.roovi.com\/ro\/puzzle-aircrafts-puzzle-copii-100-piese\/p\/"]}]},{"@type":"BreadcrumbList","@id":"https:\/\/business.roovi.com\/ro\/puzzle-aircrafts-puzzle-copii-100-piese\/p\/#breadcrumb","itemListElement":[{"@type":"ListItem","position":1,"name":"Home","item":"https:\/\/business.roovi.com\/ro\/"},{"@type":"ListItem","position":2,"name":"Magazin","item":"https:\/\/business.roovi.com\/ro\/magazin\/"},{"@type":"ListItem","position":3,"name":"Puzzle Aircrafts \u2013 Puzzle copii, 100 piese"}]},{"@type":"WebSite","@id":"https:\/\/business.roovi.com\/ro\/#website","url":"https:\/\/business.roovi.com\/ro\/","name":"Roovi B2B","description":"Roovi Business Website","potentialAction":[{"@type":"SearchAction","target":{"@type":"EntryPoint","urlTemplate":"https:\/\/business.roovi.com\/ro\/?s={search_term_string}"},"query-input":"required name=search_term_string"}],"inLanguage":"ro-RO"}]}},"_links":{"self":[{"href":"https:\/\/business.roovi.com\/ro\/wp-json\/wp\/v2\/product\/62281","targetHints":{"allow":["GET"]}}],"collection":[{"href":"https:\/\/business.roovi.com\/ro\/wp-json\/wp\/v2\/product"}],"about":[{"href":"https:\/\/business.roovi.com\/ro\/wp-json\/wp\/v2\/types\/product"}],"version-history":[{"count":0,"href":"https:\/\/business.roovi.com\/ro\/wp-json\/wp\/v2\/product\/62281\/revisions"}],"wp:featuredmedia":[{"embeddable":true,"href":"https:\/\/business.roovi.com\/ro\/wp-json\/wp\/v2\/media\/62282"}],"wp:attachment":[{"href":"https:\/\/business.roovi.com\/ro\/wp-json\/wp\/v2\/media?parent=62281"}],"wp:term":[{"taxonomy":"product_brand","embeddable":true,"href":"https:\/\/business.roovi.com\/ro\/wp-json\/wp\/v2\/product_brand?post=62281"},{"taxonomy":"product_cat","embeddable":true,"href":"https:\/\/business.roovi.com\/ro\/wp-json\/wp\/v2\/product_cat?post=62281"},{"taxonomy":"product_tag","embeddable":true,"href":"https:\/\/business.roovi.com\/ro\/wp-json\/wp\/v2\/product_tag?post=62281"}],"curies":[{"name":"wp","href":"https:\/\/api.w.org\/{rel}","templated":true}]}}