{"id":62296,"date":"2022-12-14T09:07:59","date_gmt":"2022-12-14T09:07:59","guid":{"rendered":"https:\/\/business.roovi.com\/?post_type=product&#038;p=62296"},"modified":"2025-03-13T10:58:01","modified_gmt":"2025-03-13T10:58:01","slug":"puzzle-agro-machines-puzzle-copii-100-piese","status":"publish","type":"product","link":"https:\/\/business.roovi.com\/ro\/puzzle-agro-machines-puzzle-copii-100-piese\/p\/","title":{"rendered":"Puzzle Agro Machines \u2013 Puzzle copii, 100 piese"},"content":{"rendered":"<h2><span style=\"font-weight: 400;\">Pu\u0219tiul t\u0103u e curios s\u0103 afle cum ajung cerealele \u00een farfurie? Alege Puzzle 100 piese Agro Machines, asambla\u021bi un tablou vesel \u0219i explic\u0103-i pe \u00eendelete ce fac ma\u0219inile \u00een agricultur\u0103.<\/span><\/h2>\n<p><span style=\"font-weight: 400;\">Cum se ar\u0103 c\u00e2mpurile? Cum se treier\u0103 gr\u00e2ul? \u0218i oare cum se transform\u0103 boabele de cereale \u00een f\u0103in\u0103? Cu Puzzle 100 piese Agro Machines \u00eei po\u021bi r\u0103spunde celui mic la toate \u00eentreb\u0103rile care \u00eel fr\u0103m\u00e2nt\u0103, \u00een timp ce v\u0103 juca\u021bi \u00eempreun\u0103.<\/span><\/p>\n<p><span style=\"font-weight: 400;\">Fiecare ma\u0219in\u0103 agricol\u0103 din imagine are rolul ei \u00een munca p\u0103m\u00e2ntului. Provoac\u0103-l pe copilul t\u0103u s\u0103 g\u0103seasc\u0103 piesele potrivite, iar tu explic\u0103-i pe \u00een\u021belesul lui ce lucreaz\u0103 fiecare utilaj.\u00a0<\/span><\/p>\n<p><span style=\"font-weight: 400;\">Activitatea de asamblare este amuzant\u0103, relaxant\u0103 \u0219i te conecteaz\u0103 cu cei mici \u00eentr-un mod foarte pl\u0103cut. V\u0103 \u021bine departe de ecrane \u0219i, \u00een plus, \u00eei ajut\u0103 pe copii s\u0103 \u00ee\u0219i dezvolte abilit\u0103\u021bi de care au nevoie zi de zi:<\/span><\/p>\n<ul>\n<li style=\"font-weight: 400;\"><span style=\"font-weight: 400;\">\u00a0Aten\u021bia la detalii\u00a0<\/span><\/li>\n<li style=\"font-weight: 400;\"><span style=\"font-weight: 400;\">Capacitatea de concentrare<\/span><\/li>\n<li style=\"font-weight: 400;\"><span style=\"font-weight: 400;\">Coordonarea ochi-m\u00e2n\u0103<\/span><\/li>\n<li style=\"font-weight: 400;\"><span style=\"font-weight: 400;\">R\u0103bdarea \u0219i perseveren\u021ba<\/span><\/li>\n<li style=\"font-weight: 400;\"><span style=\"font-weight: 400;\">G\u00e2ndirea logic\u0103, precum \u0219i creativitatea.<\/span><\/li>\n<\/ul>\n<h3><span style=\"font-weight: 400;\">De ce s\u0103 alegi Puzzle 100 piese Agro Machines pentru copilul t\u0103u<\/span><\/h3>\n<p><span style=\"font-weight: 400;\">Un puzzle de 100 piese le permite copiilor s\u0103 \u00ee\u0219i dezvolte abilit\u0103\u021bile de asamblare a jocurilor puzzle.<\/span><\/p>\n<p><span style=\"font-weight: 400;\">Este provocator \u0219i amuzant, iar trecerea la un nivel mai dificil de asamblare se face \u00eentr-un mod distractiv.<\/span><\/p>\n<p><span style=\"font-weight: 400;\">Tabloul ob\u021binut are dimensiunile de <\/span><b>42 x 28,8 cm,<\/b><span style=\"font-weight: 400;\"> suficient de generoase pentru a putea fi transformat \u00eentr-un tablou decorativ pentru camera copiilor.<\/span><\/p>\n<p><span style=\"font-weight: 400;\">Este produs din carton de calitate superioar\u0103, piesele au grosimea de 2 mm \u0219i sunt rezistente la asambl\u0103ri repetate.<\/span><\/p>\n<p><span style=\"font-weight: 400;\">Imaginea este protejat\u0103 de o folie antireflex care \u00eei ajut\u0103 pe copii s\u0103 vad\u0103 repede chiar \u0219i cele mai mici detalii.<\/span><\/p>\n<p><span style=\"font-weight: 400;\">Ilustra\u021bia are o grafic\u0103 de excep\u021bie \u0219i culori calde, care \u00eei atrag pe copii \u0219i \u00eei \u021bin departe de tenta\u021biile digitale un timp \u00eendelungat.<\/span><\/p>\n<h2><span style=\"font-weight: 400;\">\u0218tiai c\u0103\u2026<\/span><\/h2>\n<ul>\n<li style=\"font-weight: 400;\"><span style=\"font-weight: 400;\">Prima combin\u0103 agricol\u0103 de recoltat modern\u0103 a fost dezvoltat\u0103 \u00een SUA, \u00een 1828. Aceasta era o ma\u0219in\u0103rie destul de complicat\u0103 pentru vremurile respective, \u00eentruc\u00e2t treiera \u0219i decojea boabele \u00een mod simultan.\u00a0<\/span><\/li>\n<li style=\"font-weight: 400;\"><span style=\"font-weight: 400;\">Cositoarele mecanice \u0219i presele de balotat au ap\u0103rut abia pe la jum\u0103tatea secolului al XIX-lea. P\u00e2n\u0103 atunci f\u00e2nul se cosea doar cu secera sau cu coasa \u0219i se str\u00e2ngea manual.<\/span><\/li>\n<li style=\"font-weight: 400;\"><span style=\"font-weight: 400;\">Se spune c\u0103 Uzina Tractorul Bra\u0219ov producea un tractor la fiecare 9 minute. Astfel, \u00een anii \u201890, de pe por\u021bile fabricii ie\u0219eau anual aproximativ 50.000 de astfel de ma\u0219ini.\u00a0<\/span><\/li>\n<\/ul>\n<p><span style=\"font-weight: 400;\">Transform\u0103 activitatea de asamblare \u00eentr-un prilej de \u00eenv\u0103\u021bare prin joc! \u00cen timp ce c\u0103uta\u021bi piesele de puzzle 100 \u0219i v\u0103 distra\u021bi de minune, \u00eei po\u021bi povesti celui mic o mul\u021bime de lucruri fascinante despre agricultur\u0103 \u0219i ma\u0219inile care acum u\u0219ureaz\u0103 at\u00e2t de mult munca oamenilor.<\/span><\/p>\n<p><span style=\"font-weight: 400;\">Dac\u0103 \u00ee\u021bi dore\u0219ti s\u0103 \u00eentrege\u0219ti colec\u021bia de jocuri puzzle pentru copii cu un model vesel \u0219i dinamic, puzzle 100 piese Agro Machines este alegerea cea mai potrivit\u0103. De asemenea, puzzle-ul Agro Machines poate fi cadoul perfect pentru copii cu ocazia s\u0103rb\u0103torilor sau pentru zilele aniversare.\u00a0<\/span><\/p>\n","protected":false},"excerpt":{"rendered":"<p>Pu\u0219tiul t\u0103u e curios s\u0103 afle cum ajung cerealele \u00een farfurie? Alege Puzzle 100 piese Agro Machines, asambla\u021bi un tablou<\/p>\n","protected":false},"featured_media":62297,"template":"","meta":[],"product_brand":[],"product_cat":[1454,1482,1559],"product_tag":[2634,2633,2616],"class_list":{"0":"post-62296","1":"product","2":"type-product","3":"status-publish","4":"has-post-thumbnail","6":"product_cat-puzzle","7":"product_cat-puzzle-copii","8":"product_cat-puzzle-copii-50-100-piese","9":"product_tag-100puzzle","10":"product_tag-kidspuzzle","11":"product_tag-launched2022","13":"first","14":"instock","15":"taxable","16":"shipping-taxable","17":"product-type-simple"},"yoast_head":"<!-- This site is optimized with the Yoast SEO plugin v20.1 - https:\/\/yoast.com\/wordpress\/plugins\/seo\/ -->\n<title>Puzzle Agro Machines \u2013 Puzzle copii, 100 piese - Roovi B2B<\/title>\n<meta name=\"robots\" content=\"index, follow, max-snippet:-1, max-image-preview:large, max-video-preview:-1\" \/>\n<link rel=\"canonical\" href=\"https:\/\/business.roovi.com\/ro\/puzzle-agro-machines-puzzle-copii-100-piese\/p\/\" \/>\n<meta property=\"og:locale\" content=\"ro_RO\" \/>\n<meta property=\"og:type\" content=\"article\" \/>\n<meta property=\"og:title\" content=\"Puzzle Agro Machines \u2013 Puzzle copii, 100 piese - Roovi B2B\" \/>\n<meta property=\"og:description\" content=\"Pu\u0219tiul t\u0103u e curios s\u0103 afle cum ajung cerealele \u00een farfurie? Alege Puzzle 100 piese Agro Machines, asambla\u021bi un tablou\" \/>\n<meta property=\"og:url\" content=\"https:\/\/business.roovi.com\/ro\/puzzle-agro-machines-puzzle-copii-100-piese\/p\/\" \/>\n<meta property=\"og:site_name\" content=\"Roovi B2B\" \/>\n<meta property=\"article:publisher\" content=\"https:\/\/www.facebook.com\/wwwjucariero\" \/>\n<meta property=\"article:modified_time\" content=\"2025-03-13T10:58:01+00:00\" \/>\n<meta property=\"og:image\" content=\"https:\/\/business.roovi.com\/wp-content\/uploads\/2022\/12\/KIDS-Puzzle-100-Agro-Machines-79619-02.jpg\" \/>\n\t<meta property=\"og:image:width\" content=\"1200\" \/>\n\t<meta property=\"og:image:height\" content=\"1200\" \/>\n\t<meta property=\"og:image:type\" content=\"image\/jpeg\" \/>\n<meta name=\"twitter:label1\" content=\"Timp estimat pentru citire\" \/>\n\t<meta name=\"twitter:data1\" content=\"3 minute\" \/>\n<script type=\"application\/ld+json\" class=\"yoast-schema-graph\">{\"@context\":\"https:\/\/schema.org\",\"@graph\":[{\"@type\":\"WebPage\",\"@id\":\"https:\/\/business.roovi.com\/ro\/puzzle-agro-machines-puzzle-copii-100-piese\/p\/\",\"url\":\"https:\/\/business.roovi.com\/ro\/puzzle-agro-machines-puzzle-copii-100-piese\/p\/\",\"name\":\"Puzzle Agro Machines \u2013 Puzzle copii, 100 piese - Roovi B2B\",\"isPartOf\":{\"@id\":\"https:\/\/business.roovi.com\/ro\/#website\"},\"datePublished\":\"2022-12-14T09:07:59+00:00\",\"dateModified\":\"2025-03-13T10:58:01+00:00\",\"breadcrumb\":{\"@id\":\"https:\/\/business.roovi.com\/ro\/puzzle-agro-machines-puzzle-copii-100-piese\/p\/#breadcrumb\"},\"inLanguage\":\"ro-RO\",\"potentialAction\":[{\"@type\":\"ReadAction\",\"target\":[\"https:\/\/business.roovi.com\/ro\/puzzle-agro-machines-puzzle-copii-100-piese\/p\/\"]}]},{\"@type\":\"BreadcrumbList\",\"@id\":\"https:\/\/business.roovi.com\/ro\/puzzle-agro-machines-puzzle-copii-100-piese\/p\/#breadcrumb\",\"itemListElement\":[{\"@type\":\"ListItem\",\"position\":1,\"name\":\"Home\",\"item\":\"https:\/\/business.roovi.com\/ro\/\"},{\"@type\":\"ListItem\",\"position\":2,\"name\":\"Magazin\",\"item\":\"https:\/\/business.roovi.com\/ro\/magazin\/\"},{\"@type\":\"ListItem\",\"position\":3,\"name\":\"Puzzle Agro Machines \u2013 Puzzle copii, 100 piese\"}]},{\"@type\":\"WebSite\",\"@id\":\"https:\/\/business.roovi.com\/ro\/#website\",\"url\":\"https:\/\/business.roovi.com\/ro\/\",\"name\":\"Roovi B2B\",\"description\":\"Roovi Business Website\",\"potentialAction\":[{\"@type\":\"SearchAction\",\"target\":{\"@type\":\"EntryPoint\",\"urlTemplate\":\"https:\/\/business.roovi.com\/ro\/?s={search_term_string}\"},\"query-input\":\"required name=search_term_string\"}],\"inLanguage\":\"ro-RO\"}]}<\/script>\n<!-- \/ Yoast SEO plugin. -->","yoast_head_json":{"title":"Puzzle Agro Machines \u2013 Puzzle copii, 100 piese - Roovi B2B","robots":{"index":"index","follow":"follow","max-snippet":"max-snippet:-1","max-image-preview":"max-image-preview:large","max-video-preview":"max-video-preview:-1"},"canonical":"https:\/\/business.roovi.com\/ro\/puzzle-agro-machines-puzzle-copii-100-piese\/p\/","og_locale":"ro_RO","og_type":"article","og_title":"Puzzle Agro Machines \u2013 Puzzle copii, 100 piese - Roovi B2B","og_description":"Pu\u0219tiul t\u0103u e curios s\u0103 afle cum ajung cerealele \u00een farfurie? Alege Puzzle 100 piese Agro Machines, asambla\u021bi un tablou","og_url":"https:\/\/business.roovi.com\/ro\/puzzle-agro-machines-puzzle-copii-100-piese\/p\/","og_site_name":"Roovi B2B","article_publisher":"https:\/\/www.facebook.com\/wwwjucariero","article_modified_time":"2025-03-13T10:58:01+00:00","og_image":[{"width":1200,"height":1200,"url":"https:\/\/business.roovi.com\/wp-content\/uploads\/2022\/12\/KIDS-Puzzle-100-Agro-Machines-79619-02.jpg","type":"image\/jpeg"}],"twitter_misc":{"Timp estimat pentru citire":"3 minute"},"schema":{"@context":"https:\/\/schema.org","@graph":[{"@type":"WebPage","@id":"https:\/\/business.roovi.com\/ro\/puzzle-agro-machines-puzzle-copii-100-piese\/p\/","url":"https:\/\/business.roovi.com\/ro\/puzzle-agro-machines-puzzle-copii-100-piese\/p\/","name":"Puzzle Agro Machines \u2013 Puzzle copii, 100 piese - Roovi B2B","isPartOf":{"@id":"https:\/\/business.roovi.com\/ro\/#website"},"datePublished":"2022-12-14T09:07:59+00:00","dateModified":"2025-03-13T10:58:01+00:00","breadcrumb":{"@id":"https:\/\/business.roovi.com\/ro\/puzzle-agro-machines-puzzle-copii-100-piese\/p\/#breadcrumb"},"inLanguage":"ro-RO","potentialAction":[{"@type":"ReadAction","target":["https:\/\/business.roovi.com\/ro\/puzzle-agro-machines-puzzle-copii-100-piese\/p\/"]}]},{"@type":"BreadcrumbList","@id":"https:\/\/business.roovi.com\/ro\/puzzle-agro-machines-puzzle-copii-100-piese\/p\/#breadcrumb","itemListElement":[{"@type":"ListItem","position":1,"name":"Home","item":"https:\/\/business.roovi.com\/ro\/"},{"@type":"ListItem","position":2,"name":"Magazin","item":"https:\/\/business.roovi.com\/ro\/magazin\/"},{"@type":"ListItem","position":3,"name":"Puzzle Agro Machines \u2013 Puzzle copii, 100 piese"}]},{"@type":"WebSite","@id":"https:\/\/business.roovi.com\/ro\/#website","url":"https:\/\/business.roovi.com\/ro\/","name":"Roovi B2B","description":"Roovi Business Website","potentialAction":[{"@type":"SearchAction","target":{"@type":"EntryPoint","urlTemplate":"https:\/\/business.roovi.com\/ro\/?s={search_term_string}"},"query-input":"required name=search_term_string"}],"inLanguage":"ro-RO"}]}},"_links":{"self":[{"href":"https:\/\/business.roovi.com\/ro\/wp-json\/wp\/v2\/product\/62296","targetHints":{"allow":["GET"]}}],"collection":[{"href":"https:\/\/business.roovi.com\/ro\/wp-json\/wp\/v2\/product"}],"about":[{"href":"https:\/\/business.roovi.com\/ro\/wp-json\/wp\/v2\/types\/product"}],"version-history":[{"count":0,"href":"https:\/\/business.roovi.com\/ro\/wp-json\/wp\/v2\/product\/62296\/revisions"}],"wp:featuredmedia":[{"embeddable":true,"href":"https:\/\/business.roovi.com\/ro\/wp-json\/wp\/v2\/media\/62297"}],"wp:attachment":[{"href":"https:\/\/business.roovi.com\/ro\/wp-json\/wp\/v2\/media?parent=62296"}],"wp:term":[{"taxonomy":"product_brand","embeddable":true,"href":"https:\/\/business.roovi.com\/ro\/wp-json\/wp\/v2\/product_brand?post=62296"},{"taxonomy":"product_cat","embeddable":true,"href":"https:\/\/business.roovi.com\/ro\/wp-json\/wp\/v2\/product_cat?post=62296"},{"taxonomy":"product_tag","embeddable":true,"href":"https:\/\/business.roovi.com\/ro\/wp-json\/wp\/v2\/product_tag?post=62296"}],"curies":[{"name":"wp","href":"https:\/\/api.w.org\/{rel}","templated":true}]}}