{"id":62313,"date":"2022-12-14T09:21:03","date_gmt":"2022-12-14T09:21:03","guid":{"rendered":"https:\/\/business.roovi.com\/?post_type=product&#038;p=62313"},"modified":"2025-03-13T10:58:49","modified_gmt":"2025-03-13T10:58:49","slug":"puzzle-construction-vehicles-puzzle-copii-100-piese","status":"publish","type":"product","link":"https:\/\/business.roovi.com\/ro\/puzzle-construction-vehicles-puzzle-copii-100-piese\/p\/","title":{"rendered":"Puzzle Construction Vehicles \u2013 Puzzle copii, 100 piese"},"content":{"rendered":"<h3><span style=\"font-weight: 400;\">Cum se construiesc blocurile? Ce face o macara pe \u0219antier? Dac\u0103 \u0219i pu\u0219tiul t\u0103u e pasionat de \u201cutilajele grele\u201d, Puzzle 100 piese Construction Vehicles este un prilej hazliu de joac\u0103 \u0219i cunoa\u0219tere.\u00a0<\/span><\/h3>\n<p><span style=\"font-weight: 400;\">Fiecare utilaj de construc\u021bie \u0219i ma\u0219in\u0103 mare din imaginea Puzzle 100 piese Construction Vehicles are rolul ei pe \u0219antier. Provoac\u0103-l pe copilul t\u0103u s\u0103 g\u0103seasc\u0103 piesele potrivite, iar tu explic\u0103-i pe \u00een\u021belesul lui cum ajut\u0103 fiecare ma\u0219in\u0103 \u00een construirea cl\u0103dirilor.<\/span><\/p>\n<p><span style=\"font-weight: 400;\">Activitatea de asamblare este amuzant\u0103, relaxant\u0103 \u0219i te conecteaz\u0103 cu cei mici \u00eentr-un mod agreabil. V\u0103 \u021bine departe de ecrane \u0219i, \u00een plus, \u00eei ajut\u0103 pe copii s\u0103 \u00ee\u0219i dezvolte abilit\u0103\u021bi de care au nevoie \u00een activit\u0103\u021bile de zi cu zi:<\/span><\/p>\n<ul>\n<li style=\"font-weight: 400;\" aria-level=\"1\"><span style=\"font-weight: 400;\">\u00a0Aten\u021bia la detalii\u00a0<\/span><\/li>\n<li style=\"font-weight: 400;\" aria-level=\"1\"><span style=\"font-weight: 400;\">Capacitatea de concentrare<\/span><\/li>\n<li style=\"font-weight: 400;\" aria-level=\"1\"><span style=\"font-weight: 400;\">Coordonarea ochi-m\u00e2n\u0103<\/span><\/li>\n<li style=\"font-weight: 400;\" aria-level=\"1\"><span style=\"font-weight: 400;\">R\u0103bdarea \u0219i perseveren\u021ba<\/span><\/li>\n<li style=\"font-weight: 400;\" aria-level=\"1\"><span style=\"font-weight: 400;\">G\u00e2ndirea logic\u0103, precum \u0219i creativitatea, \u00een mod simultan.<\/span><\/li>\n<\/ul>\n<h3><span style=\"font-weight: 400;\">De ce s\u0103 alegi Puzzle 100 piese Construction Vehicles pentru copilul t\u0103u<\/span><\/h3>\n<p><span style=\"font-weight: 400;\">Un puzzle de 100 piese le permite copiilor s\u0103 \u00ee\u0219i dezvolte abilit\u0103\u021bile de asamblare a jocurilor puzzle.<\/span><\/p>\n<p><span style=\"font-weight: 400;\">Este provocator \u0219i amuzant, iar trecerea la un nivel mai dificil de asamblare se face \u00eentr-un mod distractiv.<\/span><\/p>\n<p><span style=\"font-weight: 400;\">Tabloul ob\u021binut are dimensiunile de <\/span><b>42 x 28,8 cm,<\/b><span style=\"font-weight: 400;\"> suficient de generoase pentru a putea fi transformat \u00eentr-un tablou decorativ pentru camera copiilor.<\/span><\/p>\n<p><span style=\"font-weight: 400;\">Este produs din carton de calitate superioar\u0103, piesele au grosimea de 2 mm \u0219i sunt rezistente la asambl\u0103ri repetate.<\/span><\/p>\n<p><span style=\"font-weight: 400;\">Imaginea este protejat\u0103 de o folie antireflex care \u00eei ajut\u0103 pe copii s\u0103 vad\u0103 repede chiar \u0219i cele mai mici detalii.<\/span><\/p>\n<p><span style=\"font-weight: 400;\">Ilustra\u021bia are o grafic\u0103 de excep\u021bie \u0219i culori calde, care \u00eei atrag pe copii \u0219i \u00eei \u021bin departe de tenta\u021biile digitale un timp \u00eendelungat.<\/span><\/p>\n<h3><span style=\"font-weight: 400;\">\u0218tiai c\u0103\u2026<\/span><\/h3>\n<ul>\n<li style=\"font-weight: 400;\" aria-level=\"1\"><span style=\"font-weight: 400;\">Primele macarale au fost inventate de grecii antici \u0219i erau construite din lemn.<\/span><\/li>\n<li style=\"font-weight: 400;\" aria-level=\"1\"><span style=\"font-weight: 400;\">Modul de construire al piramidelor egiptene este extrem de ingenios \u0219i nu se cunoa\u0219te cu exactitate nici ast\u0103zi.<\/span><\/li>\n<li style=\"font-weight: 400;\" aria-level=\"1\"><span style=\"font-weight: 400;\">Casa Poporului este cea mai scump\u0103 \u0219i cea mai grea cl\u0103dire administrativ\u0103 din lume. Pentru construirea ei, au lucrat peste 700 de arhitec\u021bi \u0219i aproximativ 20.000 de muncitori.<\/span><\/li>\n<li style=\"font-weight: 400;\" aria-level=\"1\"><span style=\"font-weight: 400;\">Cea mai veche strad\u0103 pavat\u0103 din lume se afl\u0103 \u00een Egipt \u0219i are o vechime de aproximativ\u00a0 46.000 de ani.<\/span><\/li>\n<li style=\"font-weight: 400;\" aria-level=\"1\"><span style=\"font-weight: 400;\">Una dintre cele mai aglomerate autostr\u0103zi din lume se afl\u0103 \u00een China, leag\u0103 Beijing de Shenzhen \u0219i are, pe anumite por\u021biuni, 50 de benzi.\u00a0<\/span><\/li>\n<\/ul>\n<p><span style=\"font-weight: 400;\">Transform\u0103 activitatea de asamblare \u00eentr-un prilej de \u00eenv\u0103\u021bare prin joc! \u00cen timp ce c\u0103uta\u021bi piesele de puzzle 100 \u0219i v\u0103 distra\u021bi de minune, \u00eei po\u021bi povesti celui mic o mul\u021bime de lucruri fascinante despre ma\u0219inile care fac munca mai u\u0219oar\u0103 \u00een construc\u021bii.\u00a0<\/span><\/p>\n<p><span style=\"font-weight: 400;\">Dac\u0103 \u00ee\u021bi dore\u0219ti s\u0103 \u00eentrege\u0219ti colec\u021bia de jocuri puzzle pentru copii cu un model vesel \u0219i dinamic, Puzzle 100 piese Construction Vehicles este alegerea cea mai potrivit\u0103. De asemenea, puzzle-ul Construction Vehicles poate fi cadoul perfect pentru copii cu ocazia s\u0103rb\u0103torilor sau pentru zilele aniversare.\u00a0<\/span><\/p>\n<p>&nbsp;<\/p>\n","protected":false},"excerpt":{"rendered":"<p>Cum se construiesc blocurile? Ce face o macara pe \u0219antier? Dac\u0103 \u0219i pu\u0219tiul t\u0103u e pasionat de \u201cutilajele grele\u201d, Puzzle<\/p>\n","protected":false},"featured_media":62314,"template":"","meta":[],"product_brand":[],"product_cat":[1454,1482,1559],"product_tag":[2634,2633,2616],"class_list":{"0":"post-62313","1":"product","2":"type-product","3":"status-publish","4":"has-post-thumbnail","6":"product_cat-puzzle","7":"product_cat-puzzle-copii","8":"product_cat-puzzle-copii-50-100-piese","9":"product_tag-100puzzle","10":"product_tag-kidspuzzle","11":"product_tag-launched2022","13":"first","14":"instock","15":"taxable","16":"shipping-taxable","17":"product-type-simple"},"yoast_head":"<!-- This site is optimized with the Yoast SEO plugin v20.1 - https:\/\/yoast.com\/wordpress\/plugins\/seo\/ -->\n<title>Puzzle Construction Vehicles \u2013 Puzzle copii, 100 piese - Roovi B2B<\/title>\n<meta name=\"robots\" content=\"index, follow, max-snippet:-1, max-image-preview:large, max-video-preview:-1\" \/>\n<link rel=\"canonical\" href=\"https:\/\/business.roovi.com\/ro\/puzzle-construction-vehicles-puzzle-copii-100-piese\/p\/\" \/>\n<meta property=\"og:locale\" content=\"ro_RO\" \/>\n<meta property=\"og:type\" content=\"article\" \/>\n<meta property=\"og:title\" content=\"Puzzle Construction Vehicles \u2013 Puzzle copii, 100 piese - Roovi B2B\" \/>\n<meta property=\"og:description\" content=\"Cum se construiesc blocurile? Ce face o macara pe \u0219antier? Dac\u0103 \u0219i pu\u0219tiul t\u0103u e pasionat de \u201cutilajele grele\u201d, Puzzle\" \/>\n<meta property=\"og:url\" content=\"https:\/\/business.roovi.com\/ro\/puzzle-construction-vehicles-puzzle-copii-100-piese\/p\/\" \/>\n<meta property=\"og:site_name\" content=\"Roovi B2B\" \/>\n<meta property=\"article:publisher\" content=\"https:\/\/www.facebook.com\/wwwjucariero\" \/>\n<meta property=\"article:modified_time\" content=\"2025-03-13T10:58:49+00:00\" \/>\n<meta property=\"og:image\" content=\"https:\/\/business.roovi.com\/wp-content\/uploads\/2022\/12\/KIDS-Puzzle-100-Construction-vehicles-79619-03.jpg\" \/>\n\t<meta property=\"og:image:width\" content=\"1200\" \/>\n\t<meta property=\"og:image:height\" content=\"1200\" \/>\n\t<meta property=\"og:image:type\" content=\"image\/jpeg\" \/>\n<meta name=\"twitter:label1\" content=\"Timp estimat pentru citire\" \/>\n\t<meta name=\"twitter:data1\" content=\"3 minute\" \/>\n<script type=\"application\/ld+json\" class=\"yoast-schema-graph\">{\"@context\":\"https:\/\/schema.org\",\"@graph\":[{\"@type\":\"WebPage\",\"@id\":\"https:\/\/business.roovi.com\/ro\/puzzle-construction-vehicles-puzzle-copii-100-piese\/p\/\",\"url\":\"https:\/\/business.roovi.com\/ro\/puzzle-construction-vehicles-puzzle-copii-100-piese\/p\/\",\"name\":\"Puzzle Construction Vehicles \u2013 Puzzle copii, 100 piese - Roovi B2B\",\"isPartOf\":{\"@id\":\"https:\/\/business.roovi.com\/ro\/#website\"},\"datePublished\":\"2022-12-14T09:21:03+00:00\",\"dateModified\":\"2025-03-13T10:58:49+00:00\",\"breadcrumb\":{\"@id\":\"https:\/\/business.roovi.com\/ro\/puzzle-construction-vehicles-puzzle-copii-100-piese\/p\/#breadcrumb\"},\"inLanguage\":\"ro-RO\",\"potentialAction\":[{\"@type\":\"ReadAction\",\"target\":[\"https:\/\/business.roovi.com\/ro\/puzzle-construction-vehicles-puzzle-copii-100-piese\/p\/\"]}]},{\"@type\":\"BreadcrumbList\",\"@id\":\"https:\/\/business.roovi.com\/ro\/puzzle-construction-vehicles-puzzle-copii-100-piese\/p\/#breadcrumb\",\"itemListElement\":[{\"@type\":\"ListItem\",\"position\":1,\"name\":\"Home\",\"item\":\"https:\/\/business.roovi.com\/ro\/\"},{\"@type\":\"ListItem\",\"position\":2,\"name\":\"Magazin\",\"item\":\"https:\/\/business.roovi.com\/ro\/magazin\/\"},{\"@type\":\"ListItem\",\"position\":3,\"name\":\"Puzzle Construction Vehicles \u2013 Puzzle copii, 100 piese\"}]},{\"@type\":\"WebSite\",\"@id\":\"https:\/\/business.roovi.com\/ro\/#website\",\"url\":\"https:\/\/business.roovi.com\/ro\/\",\"name\":\"Roovi B2B\",\"description\":\"Roovi Business Website\",\"potentialAction\":[{\"@type\":\"SearchAction\",\"target\":{\"@type\":\"EntryPoint\",\"urlTemplate\":\"https:\/\/business.roovi.com\/ro\/?s={search_term_string}\"},\"query-input\":\"required name=search_term_string\"}],\"inLanguage\":\"ro-RO\"}]}<\/script>\n<!-- \/ Yoast SEO plugin. -->","yoast_head_json":{"title":"Puzzle Construction Vehicles \u2013 Puzzle copii, 100 piese - Roovi B2B","robots":{"index":"index","follow":"follow","max-snippet":"max-snippet:-1","max-image-preview":"max-image-preview:large","max-video-preview":"max-video-preview:-1"},"canonical":"https:\/\/business.roovi.com\/ro\/puzzle-construction-vehicles-puzzle-copii-100-piese\/p\/","og_locale":"ro_RO","og_type":"article","og_title":"Puzzle Construction Vehicles \u2013 Puzzle copii, 100 piese - Roovi B2B","og_description":"Cum se construiesc blocurile? Ce face o macara pe \u0219antier? Dac\u0103 \u0219i pu\u0219tiul t\u0103u e pasionat de \u201cutilajele grele\u201d, Puzzle","og_url":"https:\/\/business.roovi.com\/ro\/puzzle-construction-vehicles-puzzle-copii-100-piese\/p\/","og_site_name":"Roovi B2B","article_publisher":"https:\/\/www.facebook.com\/wwwjucariero","article_modified_time":"2025-03-13T10:58:49+00:00","og_image":[{"width":1200,"height":1200,"url":"https:\/\/business.roovi.com\/wp-content\/uploads\/2022\/12\/KIDS-Puzzle-100-Construction-vehicles-79619-03.jpg","type":"image\/jpeg"}],"twitter_misc":{"Timp estimat pentru citire":"3 minute"},"schema":{"@context":"https:\/\/schema.org","@graph":[{"@type":"WebPage","@id":"https:\/\/business.roovi.com\/ro\/puzzle-construction-vehicles-puzzle-copii-100-piese\/p\/","url":"https:\/\/business.roovi.com\/ro\/puzzle-construction-vehicles-puzzle-copii-100-piese\/p\/","name":"Puzzle Construction Vehicles \u2013 Puzzle copii, 100 piese - Roovi B2B","isPartOf":{"@id":"https:\/\/business.roovi.com\/ro\/#website"},"datePublished":"2022-12-14T09:21:03+00:00","dateModified":"2025-03-13T10:58:49+00:00","breadcrumb":{"@id":"https:\/\/business.roovi.com\/ro\/puzzle-construction-vehicles-puzzle-copii-100-piese\/p\/#breadcrumb"},"inLanguage":"ro-RO","potentialAction":[{"@type":"ReadAction","target":["https:\/\/business.roovi.com\/ro\/puzzle-construction-vehicles-puzzle-copii-100-piese\/p\/"]}]},{"@type":"BreadcrumbList","@id":"https:\/\/business.roovi.com\/ro\/puzzle-construction-vehicles-puzzle-copii-100-piese\/p\/#breadcrumb","itemListElement":[{"@type":"ListItem","position":1,"name":"Home","item":"https:\/\/business.roovi.com\/ro\/"},{"@type":"ListItem","position":2,"name":"Magazin","item":"https:\/\/business.roovi.com\/ro\/magazin\/"},{"@type":"ListItem","position":3,"name":"Puzzle Construction Vehicles \u2013 Puzzle copii, 100 piese"}]},{"@type":"WebSite","@id":"https:\/\/business.roovi.com\/ro\/#website","url":"https:\/\/business.roovi.com\/ro\/","name":"Roovi B2B","description":"Roovi Business Website","potentialAction":[{"@type":"SearchAction","target":{"@type":"EntryPoint","urlTemplate":"https:\/\/business.roovi.com\/ro\/?s={search_term_string}"},"query-input":"required name=search_term_string"}],"inLanguage":"ro-RO"}]}},"_links":{"self":[{"href":"https:\/\/business.roovi.com\/ro\/wp-json\/wp\/v2\/product\/62313","targetHints":{"allow":["GET"]}}],"collection":[{"href":"https:\/\/business.roovi.com\/ro\/wp-json\/wp\/v2\/product"}],"about":[{"href":"https:\/\/business.roovi.com\/ro\/wp-json\/wp\/v2\/types\/product"}],"version-history":[{"count":0,"href":"https:\/\/business.roovi.com\/ro\/wp-json\/wp\/v2\/product\/62313\/revisions"}],"wp:featuredmedia":[{"embeddable":true,"href":"https:\/\/business.roovi.com\/ro\/wp-json\/wp\/v2\/media\/62314"}],"wp:attachment":[{"href":"https:\/\/business.roovi.com\/ro\/wp-json\/wp\/v2\/media?parent=62313"}],"wp:term":[{"taxonomy":"product_brand","embeddable":true,"href":"https:\/\/business.roovi.com\/ro\/wp-json\/wp\/v2\/product_brand?post=62313"},{"taxonomy":"product_cat","embeddable":true,"href":"https:\/\/business.roovi.com\/ro\/wp-json\/wp\/v2\/product_cat?post=62313"},{"taxonomy":"product_tag","embeddable":true,"href":"https:\/\/business.roovi.com\/ro\/wp-json\/wp\/v2\/product_tag?post=62313"}],"curies":[{"name":"wp","href":"https:\/\/api.w.org\/{rel}","templated":true}]}}