{"id":62334,"date":"2022-12-14T09:36:27","date_gmt":"2022-12-14T09:36:27","guid":{"rendered":"https:\/\/business.roovi.com\/?post_type=product&#038;p=62334"},"modified":"2025-03-13T10:59:37","modified_gmt":"2025-03-13T10:59:37","slug":"puzzle-fire-trucks-puzzle-copii-100-piese","status":"publish","type":"product","link":"https:\/\/business.roovi.com\/ro\/puzzle-fire-trucks-puzzle-copii-100-piese\/p\/","title":{"rendered":"Puzzle Fire engines \u2013 Puzzle copii, 100 piese"},"content":{"rendered":"<h2><span style=\"font-weight: 400;\">Copilul t\u0103u are o pasiune pentru ma\u0219inile de pompieri? Ofer\u0103-i Puzzle 100 piese Fire Trucks, un joc diferit, care dezvolt\u0103 motricitatea fin\u0103 \u0219i sus\u021bine dezvoltarea cognitiv\u0103 a celor mici.<\/span><\/h2>\n<p><span style=\"font-weight: 400;\">Pompierii au scos din garaj toate ma\u0219inile pentru a stinge rapid un incendiu. Dar stai lini\u0219tit, totul e sub control, iar misiunea se \u00eencheie cu succes c\u00e2nd lipe\u0219ti al\u0103turi de copii ultima pies\u0103 din Puzzle 100 piese Fire Trucks.<\/span><\/p>\n<p><span style=\"font-weight: 400;\">Dac\u0103 e\u0219ti \u00een c\u0103utarea unui joc distractiv \u0219i educativ \u00een acela\u0219i timp, Puzzle 100 piese Fire Trucks este alegerea potrivit\u0103. Poate fi prilej de joac\u0103, distrac\u021bie \u0219i \u00eenv\u0103\u021bare. \u00cen timp ce lucra\u021bi \u00eempreun\u0103 pentru a completa imaginea, le po\u021bi povesti copiilor despre ce fac pompierii, cum sting incendiile \u0219i cum salveaz\u0103 vie\u021bi prin munca lor.\u00a0<\/span><\/p>\n<p><span style=\"font-weight: 400;\">\u00cen plus, Puzzle 100 piese Fire Trucks sus\u021bine dezvoltarea cognitiv\u0103 a celor mici \u0219i a multor abilit\u0103\u021bi de care au nevoie \u00een activit\u0103\u021bile zilnice.<\/span><\/p>\n<ul>\n<li style=\"font-weight: 400;\"><span style=\"font-weight: 400;\">Capacitatea de concentrare pe o singur\u0103 sarcin\u0103.<\/span><\/li>\n<li style=\"font-weight: 400;\"><span style=\"font-weight: 400;\">Coordonarea ochilor cu m\u00e2inile.<\/span><\/li>\n<li style=\"font-weight: 400;\"><span style=\"font-weight: 400;\">Aten\u021bia la detalii.<\/span><\/li>\n<li style=\"font-weight: 400;\"><span style=\"font-weight: 400;\">R\u0103bdarea pentru a-\u0219i atinge obiectivele propuse.<\/span><\/li>\n<li style=\"font-weight: 400;\"><span style=\"font-weight: 400;\">G\u00e2ndirea logic\u0103 \u0219i creativitatea.<\/span><\/li>\n<\/ul>\n<h3><span style=\"font-weight: 400;\">De ce s\u0103 alegi Puzzle 100 piese Fire Trucks pentru copilul t\u0103u<\/span><\/h3>\n<p><span style=\"font-weight: 400;\">Un puzzle de 100 piese le permite copiilor s\u0103 \u00ee\u0219i dezvolte abilit\u0103\u021bile de asamblare a jocurilor puzzle.<\/span><\/p>\n<p><span style=\"font-weight: 400;\">Este provocator \u0219i amuzant, iar trecerea la un nivel mai dificil de asamblare se face \u00eentr-un mod distractiv.<\/span><\/p>\n<p><span style=\"font-weight: 400;\">Tabloul ob\u021binut are dimensiunile de <\/span><b>42 x 28,8 cm,<\/b><span style=\"font-weight: 400;\"> suficient de generoase pentru a putea fi transformat \u00eentr-un tablou decorativ pentru camera copiilor.<\/span><\/p>\n<p><span style=\"font-weight: 400;\">Este produs din carton de calitate superioar\u0103, piesele au grosimea de 2 mm \u0219i sunt rezistente la asambl\u0103ri repetate.<\/span><\/p>\n<p><span style=\"font-weight: 400;\">Imaginea este protejat\u0103 de o folie antireflex care \u00eei ajut\u0103 pe copii s\u0103 vad\u0103 repede chiar \u0219i cele mai mici detalii.<\/span><\/p>\n<p><span style=\"font-weight: 400;\">Ilustra\u021bia are o grafic\u0103 de excep\u021bie \u0219i culori calde, care \u00eei atrag pe copii \u0219i \u00eei \u021bin departe de tenta\u021biile digitale un timp \u00eendelungat.<\/span><\/p>\n<h3><span style=\"font-weight: 400;\">\u0218tiai c\u0103\u2026<\/span><\/h3>\n<ul>\n<li style=\"font-weight: 400;\"><span style=\"font-weight: 400;\">Un pompier trebuie s\u0103 se echipeze pentru o interven\u021bie \u00een cel mult 2 minute.<\/span><\/li>\n<li style=\"font-weight: 400;\"><span style=\"font-weight: 400;\">Echipamentul de pompier poate c\u00e2nt\u0103ri p\u00e2n\u0103 la 30 de kilograme.<\/span><\/li>\n<li style=\"font-weight: 400;\"><span style=\"font-weight: 400;\">La nivel mondial, 7% dintre pompieri sunt femei.<\/span><\/li>\n<li style=\"font-weight: 400;\"><span style=\"font-weight: 400;\">Echipamentul de pompier este creat dintr-un material special care rezist\u0103 la temperaturi de p\u00e2n\u0103 la 1200 grade Celsius.<\/span><\/li>\n<li style=\"font-weight: 400;\"><span style=\"font-weight: 400;\">Pompierii nu au voie s\u0103 poarte piercing-uri sau barb\u0103 pentru ca masca de oxigen s\u0103 se potriveasc\u0103 perfect pe fa\u021b\u0103.<\/span><\/li>\n<li style=\"font-weight: 400;\"><span style=\"font-weight: 400;\">\u00cen timpul incendiilor mari, pompierii pot lucra mai mult de 24 de ore f\u0103r\u0103 pauz\u0103 de odihn\u0103.<\/span><\/li>\n<\/ul>\n<p><span style=\"font-weight: 400;\">Jocul puzzle \u00eei ajut\u0103 pe cei mici s\u0103 se conecteze cu ei \u00een\u0219i\u0219i, \u00een momentul prezent. Este un prilej s\u0103 se relaxeze \u0219i s\u0103 \u00eencetineasc\u0103 ritmul rapid \u00een care sunt ancora\u021bi, la fel ca \u0219i adul\u021bii. Alege Puzzle 100 piese Fire Trucks pentru o experien\u021b\u0103 distractiv\u0103, educativ\u0103 \u0219i relaxant\u0103.<\/span><\/p>\n<p><span style=\"font-weight: 400;\">Puzzle 100 piese Fire Trucks are o grafic\u0103 frumoas\u0103 \u0219i un ambalaj atr\u0103g\u0103tor, de aceea se preteaz\u0103 pentru a fi oferit \u00een dar la diverse ocazii festive.<\/span><\/p>\n","protected":false},"excerpt":{"rendered":"<p>Copilul t\u0103u are o pasiune pentru ma\u0219inile de pompieri? Ofer\u0103-i Puzzle 100 piese Fire Trucks, un joc diferit, care dezvolt\u0103<\/p>\n","protected":false},"featured_media":62335,"template":"","meta":[],"product_brand":[],"product_cat":[1454,1482,1559],"product_tag":[2634,2633,2616],"class_list":{"0":"post-62334","1":"product","2":"type-product","3":"status-publish","4":"has-post-thumbnail","6":"product_cat-puzzle","7":"product_cat-puzzle-copii","8":"product_cat-puzzle-copii-50-100-piese","9":"product_tag-100puzzle","10":"product_tag-kidspuzzle","11":"product_tag-launched2022","13":"first","14":"instock","15":"taxable","16":"shipping-taxable","17":"product-type-simple"},"yoast_head":"<!-- This site is optimized with the Yoast SEO plugin v20.1 - https:\/\/yoast.com\/wordpress\/plugins\/seo\/ -->\n<title>Puzzle Fire engines \u2013 Puzzle copii, 100 piese - Roovi B2B<\/title>\n<meta name=\"robots\" content=\"index, follow, max-snippet:-1, max-image-preview:large, max-video-preview:-1\" \/>\n<link rel=\"canonical\" href=\"https:\/\/business.roovi.com\/ro\/puzzle-fire-trucks-puzzle-copii-100-piese\/p\/\" \/>\n<meta property=\"og:locale\" content=\"ro_RO\" \/>\n<meta property=\"og:type\" content=\"article\" \/>\n<meta property=\"og:title\" content=\"Puzzle Fire engines \u2013 Puzzle copii, 100 piese - Roovi B2B\" \/>\n<meta property=\"og:description\" content=\"Copilul t\u0103u are o pasiune pentru ma\u0219inile de pompieri? Ofer\u0103-i Puzzle 100 piese Fire Trucks, un joc diferit, care dezvolt\u0103\" \/>\n<meta property=\"og:url\" content=\"https:\/\/business.roovi.com\/ro\/puzzle-fire-trucks-puzzle-copii-100-piese\/p\/\" \/>\n<meta property=\"og:site_name\" content=\"Roovi B2B\" \/>\n<meta property=\"article:publisher\" content=\"https:\/\/www.facebook.com\/wwwjucariero\" \/>\n<meta property=\"article:modified_time\" content=\"2025-03-13T10:59:37+00:00\" \/>\n<meta property=\"og:image\" content=\"https:\/\/business.roovi.com\/wp-content\/uploads\/2022\/12\/KIDS-Puzzle-100-Fire-Trucks-79619-04-1.jpg\" \/>\n\t<meta property=\"og:image:width\" content=\"1200\" \/>\n\t<meta property=\"og:image:height\" content=\"1200\" \/>\n\t<meta property=\"og:image:type\" content=\"image\/jpeg\" \/>\n<meta name=\"twitter:label1\" content=\"Timp estimat pentru citire\" \/>\n\t<meta name=\"twitter:data1\" content=\"3 minute\" \/>\n<script type=\"application\/ld+json\" class=\"yoast-schema-graph\">{\"@context\":\"https:\/\/schema.org\",\"@graph\":[{\"@type\":\"WebPage\",\"@id\":\"https:\/\/business.roovi.com\/ro\/puzzle-fire-trucks-puzzle-copii-100-piese\/p\/\",\"url\":\"https:\/\/business.roovi.com\/ro\/puzzle-fire-trucks-puzzle-copii-100-piese\/p\/\",\"name\":\"Puzzle Fire engines \u2013 Puzzle copii, 100 piese - Roovi B2B\",\"isPartOf\":{\"@id\":\"https:\/\/business.roovi.com\/ro\/#website\"},\"datePublished\":\"2022-12-14T09:36:27+00:00\",\"dateModified\":\"2025-03-13T10:59:37+00:00\",\"breadcrumb\":{\"@id\":\"https:\/\/business.roovi.com\/ro\/puzzle-fire-trucks-puzzle-copii-100-piese\/p\/#breadcrumb\"},\"inLanguage\":\"ro-RO\",\"potentialAction\":[{\"@type\":\"ReadAction\",\"target\":[\"https:\/\/business.roovi.com\/ro\/puzzle-fire-trucks-puzzle-copii-100-piese\/p\/\"]}]},{\"@type\":\"BreadcrumbList\",\"@id\":\"https:\/\/business.roovi.com\/ro\/puzzle-fire-trucks-puzzle-copii-100-piese\/p\/#breadcrumb\",\"itemListElement\":[{\"@type\":\"ListItem\",\"position\":1,\"name\":\"Home\",\"item\":\"https:\/\/business.roovi.com\/ro\/\"},{\"@type\":\"ListItem\",\"position\":2,\"name\":\"Magazin\",\"item\":\"https:\/\/business.roovi.com\/ro\/magazin\/\"},{\"@type\":\"ListItem\",\"position\":3,\"name\":\"Puzzle Fire engines \u2013 Puzzle copii, 100 piese\"}]},{\"@type\":\"WebSite\",\"@id\":\"https:\/\/business.roovi.com\/ro\/#website\",\"url\":\"https:\/\/business.roovi.com\/ro\/\",\"name\":\"Roovi B2B\",\"description\":\"Roovi Business Website\",\"potentialAction\":[{\"@type\":\"SearchAction\",\"target\":{\"@type\":\"EntryPoint\",\"urlTemplate\":\"https:\/\/business.roovi.com\/ro\/?s={search_term_string}\"},\"query-input\":\"required name=search_term_string\"}],\"inLanguage\":\"ro-RO\"}]}<\/script>\n<!-- \/ Yoast SEO plugin. -->","yoast_head_json":{"title":"Puzzle Fire engines \u2013 Puzzle copii, 100 piese - Roovi B2B","robots":{"index":"index","follow":"follow","max-snippet":"max-snippet:-1","max-image-preview":"max-image-preview:large","max-video-preview":"max-video-preview:-1"},"canonical":"https:\/\/business.roovi.com\/ro\/puzzle-fire-trucks-puzzle-copii-100-piese\/p\/","og_locale":"ro_RO","og_type":"article","og_title":"Puzzle Fire engines \u2013 Puzzle copii, 100 piese - Roovi B2B","og_description":"Copilul t\u0103u are o pasiune pentru ma\u0219inile de pompieri? Ofer\u0103-i Puzzle 100 piese Fire Trucks, un joc diferit, care dezvolt\u0103","og_url":"https:\/\/business.roovi.com\/ro\/puzzle-fire-trucks-puzzle-copii-100-piese\/p\/","og_site_name":"Roovi B2B","article_publisher":"https:\/\/www.facebook.com\/wwwjucariero","article_modified_time":"2025-03-13T10:59:37+00:00","og_image":[{"width":1200,"height":1200,"url":"https:\/\/business.roovi.com\/wp-content\/uploads\/2022\/12\/KIDS-Puzzle-100-Fire-Trucks-79619-04-1.jpg","type":"image\/jpeg"}],"twitter_misc":{"Timp estimat pentru citire":"3 minute"},"schema":{"@context":"https:\/\/schema.org","@graph":[{"@type":"WebPage","@id":"https:\/\/business.roovi.com\/ro\/puzzle-fire-trucks-puzzle-copii-100-piese\/p\/","url":"https:\/\/business.roovi.com\/ro\/puzzle-fire-trucks-puzzle-copii-100-piese\/p\/","name":"Puzzle Fire engines \u2013 Puzzle copii, 100 piese - Roovi B2B","isPartOf":{"@id":"https:\/\/business.roovi.com\/ro\/#website"},"datePublished":"2022-12-14T09:36:27+00:00","dateModified":"2025-03-13T10:59:37+00:00","breadcrumb":{"@id":"https:\/\/business.roovi.com\/ro\/puzzle-fire-trucks-puzzle-copii-100-piese\/p\/#breadcrumb"},"inLanguage":"ro-RO","potentialAction":[{"@type":"ReadAction","target":["https:\/\/business.roovi.com\/ro\/puzzle-fire-trucks-puzzle-copii-100-piese\/p\/"]}]},{"@type":"BreadcrumbList","@id":"https:\/\/business.roovi.com\/ro\/puzzle-fire-trucks-puzzle-copii-100-piese\/p\/#breadcrumb","itemListElement":[{"@type":"ListItem","position":1,"name":"Home","item":"https:\/\/business.roovi.com\/ro\/"},{"@type":"ListItem","position":2,"name":"Magazin","item":"https:\/\/business.roovi.com\/ro\/magazin\/"},{"@type":"ListItem","position":3,"name":"Puzzle Fire engines \u2013 Puzzle copii, 100 piese"}]},{"@type":"WebSite","@id":"https:\/\/business.roovi.com\/ro\/#website","url":"https:\/\/business.roovi.com\/ro\/","name":"Roovi B2B","description":"Roovi Business Website","potentialAction":[{"@type":"SearchAction","target":{"@type":"EntryPoint","urlTemplate":"https:\/\/business.roovi.com\/ro\/?s={search_term_string}"},"query-input":"required name=search_term_string"}],"inLanguage":"ro-RO"}]}},"_links":{"self":[{"href":"https:\/\/business.roovi.com\/ro\/wp-json\/wp\/v2\/product\/62334","targetHints":{"allow":["GET"]}}],"collection":[{"href":"https:\/\/business.roovi.com\/ro\/wp-json\/wp\/v2\/product"}],"about":[{"href":"https:\/\/business.roovi.com\/ro\/wp-json\/wp\/v2\/types\/product"}],"version-history":[{"count":0,"href":"https:\/\/business.roovi.com\/ro\/wp-json\/wp\/v2\/product\/62334\/revisions"}],"wp:featuredmedia":[{"embeddable":true,"href":"https:\/\/business.roovi.com\/ro\/wp-json\/wp\/v2\/media\/62335"}],"wp:attachment":[{"href":"https:\/\/business.roovi.com\/ro\/wp-json\/wp\/v2\/media?parent=62334"}],"wp:term":[{"taxonomy":"product_brand","embeddable":true,"href":"https:\/\/business.roovi.com\/ro\/wp-json\/wp\/v2\/product_brand?post=62334"},{"taxonomy":"product_cat","embeddable":true,"href":"https:\/\/business.roovi.com\/ro\/wp-json\/wp\/v2\/product_cat?post=62334"},{"taxonomy":"product_tag","embeddable":true,"href":"https:\/\/business.roovi.com\/ro\/wp-json\/wp\/v2\/product_tag?post=62334"}],"curies":[{"name":"wp","href":"https:\/\/api.w.org\/{rel}","templated":true}]}}