{"id":65717,"date":"2023-03-03T11:51:12","date_gmt":"2023-03-03T11:51:12","guid":{"rendered":"https:\/\/business.roovi.com\/my-1st-game\/p\/"},"modified":"2023-11-02T11:17:01","modified_gmt":"2023-11-02T11:17:01","slug":"primul-meu-joc","status":"publish","type":"product","link":"https:\/\/business.roovi.com\/ro\/primul-meu-joc\/p\/","title":{"rendered":"Primul meu joc &#8211; 35 de variante distractive \u0219i educative de jocuri pentru pre\u0219colari"},"content":{"rendered":"<p><span style=\"font-family: inherit, serif;\"><span style=\"font-size: large;\"><b>Descoper\u0103 o serie de activit\u0103\u021bi interesante pe care le po\u021bi face \u00eempreun\u0103 cu copilul t\u0103u, folosind setul de cartona\u0219e &#8222;Primul meu joc&#8221;.<\/b><\/span><\/span><\/p>\n<p><span style=\"color: #000000;\"><span style=\"font-family: inherit, serif;\"><span style=\"font-size: medium;\">Pe l\u00e2ng\u0103 scopul educativ, cartona\u0219ele au \u0219i o important\u0103 component\u0103 ludic\u0103, ajut\u00e2nd la crearea unor momente pre\u021bioase de conectare cu puiul t\u0103u \u0219i la crearea ocaziilor de a petrece timp de calitate \u00eempreun\u0103.<\/span><\/span><\/span><\/p>\n<p><span style=\"color: #000000;\"><span style=\"font-family: inherit, serif;\"><span style=\"font-size: medium;\">Setul de cartona\u0219e &#8222;Primul meu joc&#8221; poate fi utilizat cu u\u0219urin\u021b\u0103 \u0219i \u00een s\u0103lile de clas\u0103, pentru activit\u0103\u021bi amuzante, antrenante, dar cu caracter educativ. Pentru c\u0103, dup\u0103 cum \u0219tim deja, copiii \u00eenva\u021b\u0103 cel mai bine prin joac\u0103<\/span><\/span><\/span><\/p>\n<p><span style=\"font-family: inherit, serif;\"><span style=\"font-size: x-large;\">\u0218tiai c\u0103 &#8222;Primul meu joc&#8221;<\/span><\/span><\/p>\n<ul>\n<li><span style=\"color: #000000;\"><span style=\"font-family: inherit, serif;\"><span style=\"font-size: medium;\">Este un instrument ideal care \u00eei ajut\u0103 pe cei mici s\u0103 \u00eenve\u021be literele, numerele, culorile, formele geometrice, cum s\u0103 \u00ee\u0219i gestioneze emo\u021biile \u0219i multe alte deprinderi importante la v\u00e2rte fragede. <\/span><\/span><\/span><\/li>\n<li><span style=\"color: #000000;\"><span style=\"font-family: inherit, serif;\"><span style=\"font-size: medium;\">Dezvolt\u0103 abilit\u0103\u021bile motorii fine \u0219i grosiere.<\/span><\/span><\/span><\/li>\n<li><span style=\"color: #000000;\"><span style=\"font-family: inherit, serif;\"><span style=\"font-size: medium;\">Este un exerci\u021biu excelent care antreneaz\u0103 dexteritatea \u0219i agilitatea celor mici.<\/span><\/span><\/span><\/li>\n<li><span style=\"color: #000000;\"><span style=\"font-family: inherit, serif;\"><span style=\"font-size: medium;\">Le ofer\u0103 copiilor lec\u021bia pre\u021bioas\u0103 a r\u0103bd\u0103rii \u0219i \u00eei face s\u0103 se concentreze \u0219i s\u0103 \u00ee\u0219i men\u021bin\u0103 aten\u021bia pe o sarcin\u0103 precis\u0103 un timp \u00eendelungat.<\/span><\/span><\/span><\/li>\n<li><span style=\"color: #000000;\"><span style=\"font-family: inherit, serif;\"><span style=\"font-size: medium;\">Ajut\u0103 la dezvoltarea memoriei \u0219i a g\u00e2ndirii logice.<\/span><\/span><\/span><\/li>\n<li><span style=\"color: #000000;\"><span style=\"font-family: inherit, serif;\"><span style=\"font-size: medium;\">Constituie o relaxare activ\u0103 \u0219i un antrenament uimitor la nivel cerebral \u00eentruc\u00e2t implic\u0103 ambele emisfere cerebrale.<\/span><\/span><\/span><\/li>\n<li><span style=\"color: #000000;\"><span style=\"font-family: inherit, serif;\"><span style=\"font-size: medium;\">Sus\u021bine dezvoltarea percep\u021biei vizuale, at\u00e2t de important\u0103 \u00een procesul de \u00eenv\u0103\u021bare a scrierii \u0219i cititului.<\/span><\/span><\/span><\/li>\n<\/ul>\n<p><span style=\"font-size: x-large;\">&#8222;Primul meu joc&#8221;: <\/span><span style=\"font-size: x-large;\"><span lang=\"ro-RO\">oportunit\u0103\u021bi uimitoare de \u00eenv\u0103\u021bare prin joac\u0103<\/span><\/span><\/p>\n<p><span style=\"color: #000000;\"><span style=\"font-family: inherit, serif;\"><span style=\"font-size: medium;\">Primul contact cu educa\u021bia se face inevitabil prin joc. Setul &#8222;Primul meu joc&#8221; face parte din colec\u021bia noastr\u0103 de jocuri educative care sunt concepute special cu scopul ca cei mici s\u0103 \u00eenve\u021be \u0219i s\u0103 se dezvolte prin joac\u0103.\u00a0<\/span><\/span><\/span><\/p>\n<p><span style=\"color: #000000;\"><span style=\"font-family: inherit, serif;\">&#8222;<span style=\"font-size: medium;\">Primul meu joc&#8221; face \u00eenv\u0103\u021barea literelor distractiv\u0103 \u0219i u\u0219oar\u0103, a\u0219a cum le place copiilor. \u00cen plus, este o modalitate foarte pl\u0103cut\u0103 pentru a petrece un timp de calitate cu copilul t\u0103u, de a v\u0103 relaxa \u0219i a \u00eenv\u0103\u021ba informa\u021bii pre\u021bioase, pentru o via\u021b\u0103, \u00een timp ce v\u0103 juca\u021bi \u00eempreun\u0103.\u00a0<\/span><\/span><\/span><\/p>\n<p><span style=\"color: #000000;\"><span style=\"font-family: inherit, serif;\"><span style=\"font-size: medium;\">Jocul poate fi de asemenea un cadou deosebit care arat\u0103 uimitor sub bradul de Cr\u0103ciun sau care poate fi oferit cu diverse ocazii de s\u0103rb\u0103toare.<\/span><\/span><\/span><\/p>\n<p><span style=\"font-family: inherit, serif;\"><span style=\"font-size: medium;\"><b>Jocul con\u021bine:<\/b><\/span><\/span><\/p>\n<ul>\n<li><span style=\"color: #000000;\"><span style=\"font-family: inherit, serif;\"><span style=\"font-size: medium;\">96x\u00a0C\u0103r\u021bi de joc cu ilustra\u021bii adorabile, special concepute pentru micii n\u0103zdr\u0103vani<\/span><\/span><\/span><\/li>\n<li><span style=\"color: #000000;\"><span style=\"font-family: inherit, serif;\"><span style=\"font-size: medium;\">1x\u00a0Ghid de joc detaliat ce cuprinde cele 35 de variante interesante de jocuri \u0219i activit\u0103\u021bi cu copiii.<\/span><\/span><\/span><\/li>\n<\/ul>\n<p><span style=\"color: #000000;\"><span style=\"font-family: inherit, serif;\"><span style=\"font-size: medium;\"><b>V\u00e2rsta recomandat\u0103:\u00a0<\/b><\/span><\/span><\/span><span style=\"color: #000000;\"><span style=\"font-family: inherit, serif;\"><span style=\"font-size: medium;\">3+<\/span><\/span><\/span><\/p>\n","protected":false},"excerpt":{"rendered":"<p>Descoper\u0103 o serie de activit\u0103\u021bi interesante pe care le po\u021bi face \u00eempreun\u0103 cu copilul t\u0103u, folosind setul de cartona\u0219e &#8222;Primul<\/p>\n","protected":false},"featured_media":72181,"template":"","meta":[],"product_brand":[],"product_cat":[1522,2728,1467],"product_tag":[],"class_list":{"0":"post-65717","1":"product","2":"type-product","3":"status-publish","4":"has-post-thumbnail","6":"product_cat-carti-de-joc","7":"product_cat-export","8":"product_cat-jocuri-de-societate","10":"first","11":"instock","12":"taxable","13":"shipping-taxable","14":"product-type-simple"},"yoast_head":"<!-- This site is optimized with the Yoast SEO plugin v20.1 - https:\/\/yoast.com\/wordpress\/plugins\/seo\/ -->\n<title>Primul meu joc - 35 de variante distractive \u0219i educative de jocuri pentru pre\u0219colari - Roovi B2B<\/title>\n<meta name=\"robots\" content=\"index, follow, max-snippet:-1, max-image-preview:large, max-video-preview:-1\" \/>\n<link rel=\"canonical\" href=\"https:\/\/business.roovi.com\/ro\/primul-meu-joc\/p\/\" \/>\n<meta property=\"og:locale\" content=\"ro_RO\" \/>\n<meta property=\"og:type\" content=\"article\" \/>\n<meta property=\"og:title\" content=\"Primul meu joc - 35 de variante distractive \u0219i educative de jocuri pentru pre\u0219colari - Roovi B2B\" \/>\n<meta property=\"og:description\" content=\"Descoper\u0103 o serie de activit\u0103\u021bi interesante pe care le po\u021bi face \u00eempreun\u0103 cu copilul t\u0103u, folosind setul de cartona\u0219e &#8222;Primul\" \/>\n<meta property=\"og:url\" content=\"https:\/\/business.roovi.com\/ro\/primul-meu-joc\/p\/\" \/>\n<meta property=\"og:site_name\" content=\"Roovi B2B\" \/>\n<meta property=\"article:publisher\" content=\"https:\/\/www.facebook.com\/wwwjucariero\" \/>\n<meta property=\"article:modified_time\" content=\"2023-11-02T11:17:01+00:00\" \/>\n<meta property=\"og:image\" content=\"https:\/\/business.roovi.com\/wp-content\/uploads\/2023\/03\/Primul-Meu-Joc-79794_FATA.jpg\" \/>\n\t<meta property=\"og:image:width\" content=\"1200\" \/>\n\t<meta property=\"og:image:height\" content=\"1200\" \/>\n\t<meta property=\"og:image:type\" content=\"image\/jpeg\" \/>\n<meta name=\"twitter:label1\" content=\"Timp estimat pentru citire\" \/>\n\t<meta name=\"twitter:data1\" content=\"2 minute\" \/>\n<script type=\"application\/ld+json\" class=\"yoast-schema-graph\">{\"@context\":\"https:\/\/schema.org\",\"@graph\":[{\"@type\":\"WebPage\",\"@id\":\"https:\/\/business.roovi.com\/ro\/primul-meu-joc\/p\/\",\"url\":\"https:\/\/business.roovi.com\/ro\/primul-meu-joc\/p\/\",\"name\":\"Primul meu joc - 35 de variante distractive \u0219i educative de jocuri pentru pre\u0219colari - Roovi B2B\",\"isPartOf\":{\"@id\":\"https:\/\/business.roovi.com\/ro\/#website\"},\"datePublished\":\"2023-03-03T11:51:12+00:00\",\"dateModified\":\"2023-11-02T11:17:01+00:00\",\"breadcrumb\":{\"@id\":\"https:\/\/business.roovi.com\/ro\/primul-meu-joc\/p\/#breadcrumb\"},\"inLanguage\":\"ro-RO\",\"potentialAction\":[{\"@type\":\"ReadAction\",\"target\":[\"https:\/\/business.roovi.com\/ro\/primul-meu-joc\/p\/\"]}]},{\"@type\":\"BreadcrumbList\",\"@id\":\"https:\/\/business.roovi.com\/ro\/primul-meu-joc\/p\/#breadcrumb\",\"itemListElement\":[{\"@type\":\"ListItem\",\"position\":1,\"name\":\"Home\",\"item\":\"https:\/\/business.roovi.com\/ro\/\"},{\"@type\":\"ListItem\",\"position\":2,\"name\":\"Magazin\",\"item\":\"https:\/\/business.roovi.com\/ro\/magazin\/\"},{\"@type\":\"ListItem\",\"position\":3,\"name\":\"Primul meu joc &#8211; 35 de variante distractive \u0219i educative de jocuri pentru pre\u0219colari\"}]},{\"@type\":\"WebSite\",\"@id\":\"https:\/\/business.roovi.com\/ro\/#website\",\"url\":\"https:\/\/business.roovi.com\/ro\/\",\"name\":\"Roovi B2B\",\"description\":\"Roovi Business Website\",\"potentialAction\":[{\"@type\":\"SearchAction\",\"target\":{\"@type\":\"EntryPoint\",\"urlTemplate\":\"https:\/\/business.roovi.com\/ro\/?s={search_term_string}\"},\"query-input\":\"required name=search_term_string\"}],\"inLanguage\":\"ro-RO\"}]}<\/script>\n<!-- \/ Yoast SEO plugin. -->","yoast_head_json":{"title":"Primul meu joc - 35 de variante distractive \u0219i educative de jocuri pentru pre\u0219colari - Roovi B2B","robots":{"index":"index","follow":"follow","max-snippet":"max-snippet:-1","max-image-preview":"max-image-preview:large","max-video-preview":"max-video-preview:-1"},"canonical":"https:\/\/business.roovi.com\/ro\/primul-meu-joc\/p\/","og_locale":"ro_RO","og_type":"article","og_title":"Primul meu joc - 35 de variante distractive \u0219i educative de jocuri pentru pre\u0219colari - Roovi B2B","og_description":"Descoper\u0103 o serie de activit\u0103\u021bi interesante pe care le po\u021bi face \u00eempreun\u0103 cu copilul t\u0103u, folosind setul de cartona\u0219e &#8222;Primul","og_url":"https:\/\/business.roovi.com\/ro\/primul-meu-joc\/p\/","og_site_name":"Roovi B2B","article_publisher":"https:\/\/www.facebook.com\/wwwjucariero","article_modified_time":"2023-11-02T11:17:01+00:00","og_image":[{"width":1200,"height":1200,"url":"https:\/\/business.roovi.com\/wp-content\/uploads\/2023\/03\/Primul-Meu-Joc-79794_FATA.jpg","type":"image\/jpeg"}],"twitter_misc":{"Timp estimat pentru citire":"2 minute"},"schema":{"@context":"https:\/\/schema.org","@graph":[{"@type":"WebPage","@id":"https:\/\/business.roovi.com\/ro\/primul-meu-joc\/p\/","url":"https:\/\/business.roovi.com\/ro\/primul-meu-joc\/p\/","name":"Primul meu joc - 35 de variante distractive \u0219i educative de jocuri pentru pre\u0219colari - Roovi B2B","isPartOf":{"@id":"https:\/\/business.roovi.com\/ro\/#website"},"datePublished":"2023-03-03T11:51:12+00:00","dateModified":"2023-11-02T11:17:01+00:00","breadcrumb":{"@id":"https:\/\/business.roovi.com\/ro\/primul-meu-joc\/p\/#breadcrumb"},"inLanguage":"ro-RO","potentialAction":[{"@type":"ReadAction","target":["https:\/\/business.roovi.com\/ro\/primul-meu-joc\/p\/"]}]},{"@type":"BreadcrumbList","@id":"https:\/\/business.roovi.com\/ro\/primul-meu-joc\/p\/#breadcrumb","itemListElement":[{"@type":"ListItem","position":1,"name":"Home","item":"https:\/\/business.roovi.com\/ro\/"},{"@type":"ListItem","position":2,"name":"Magazin","item":"https:\/\/business.roovi.com\/ro\/magazin\/"},{"@type":"ListItem","position":3,"name":"Primul meu joc &#8211; 35 de variante distractive \u0219i educative de jocuri pentru pre\u0219colari"}]},{"@type":"WebSite","@id":"https:\/\/business.roovi.com\/ro\/#website","url":"https:\/\/business.roovi.com\/ro\/","name":"Roovi B2B","description":"Roovi Business Website","potentialAction":[{"@type":"SearchAction","target":{"@type":"EntryPoint","urlTemplate":"https:\/\/business.roovi.com\/ro\/?s={search_term_string}"},"query-input":"required name=search_term_string"}],"inLanguage":"ro-RO"}]}},"_links":{"self":[{"href":"https:\/\/business.roovi.com\/ro\/wp-json\/wp\/v2\/product\/65717","targetHints":{"allow":["GET"]}}],"collection":[{"href":"https:\/\/business.roovi.com\/ro\/wp-json\/wp\/v2\/product"}],"about":[{"href":"https:\/\/business.roovi.com\/ro\/wp-json\/wp\/v2\/types\/product"}],"version-history":[{"count":0,"href":"https:\/\/business.roovi.com\/ro\/wp-json\/wp\/v2\/product\/65717\/revisions"}],"wp:featuredmedia":[{"embeddable":true,"href":"https:\/\/business.roovi.com\/ro\/wp-json\/wp\/v2\/media\/72181"}],"wp:attachment":[{"href":"https:\/\/business.roovi.com\/ro\/wp-json\/wp\/v2\/media?parent=65717"}],"wp:term":[{"taxonomy":"product_brand","embeddable":true,"href":"https:\/\/business.roovi.com\/ro\/wp-json\/wp\/v2\/product_brand?post=65717"},{"taxonomy":"product_cat","embeddable":true,"href":"https:\/\/business.roovi.com\/ro\/wp-json\/wp\/v2\/product_cat?post=65717"},{"taxonomy":"product_tag","embeddable":true,"href":"https:\/\/business.roovi.com\/ro\/wp-json\/wp\/v2\/product_tag?post=65717"}],"curies":[{"name":"wp","href":"https:\/\/api.w.org\/{rel}","templated":true}]}}