{"id":65725,"date":"2023-03-03T11:54:13","date_gmt":"2023-03-03T11:54:13","guid":{"rendered":"https:\/\/business.roovi.com\/buboo-3in1-cards-for-boys\/p\/"},"modified":"2023-10-31T14:00:58","modified_gmt":"2023-10-31T14:00:58","slug":"cartonasele-emoticards-3in1-pentru-baietei","status":"publish","type":"product","link":"https:\/\/business.roovi.com\/ro\/cartonasele-emoticards-3in1-pentru-baietei\/p\/","title":{"rendered":"Cartona\u0219ele EmotiCards 3 in 1 pentru B\u0103ie\u021bei &#8211; Mesaje pozitive, Puzzles \u0219i Ilustra\u021bii de colorat"},"content":{"rendered":"<p><b>Cuvintele au puterea s\u0103 schimbe lumea! Pune zi de zi \u00een ghiozd\u0103nelul b\u0103ie\u021belului t\u0103u un cartona\u0219 EmotiCards 3 \u00een 1 \u0219i arat\u0103-i c\u0103 e\u0219ti al\u0103turi de el mereu.<\/b><\/p>\n<p><span style=\"font-weight: 400;\">Cartona\u0219ele \u00eei transmit emo\u021bie \u0219i \u00eencredere, apoi se transform\u0103 \u00een puzzle-uri de colec\u021bie \u0219i ilustra\u021bii de colorat fabuloase.<\/span><\/p>\n<p><span style=\"font-weight: 400;\">Cutia con\u021bine <\/span><b>70 de cartona\u0219e<\/b><span style=\"font-weight: 400;\"> cu mesaje de \u00eencurajare, de iubire sau motiva\u021bionale cu ilustra\u021bii adorabile, potrivite pentru b\u0103ie\u021bei cu v\u00e2rsta peste 6 ani.<\/span><\/p>\n<p>Colec\u021bion\u00e2nd cartona\u0219ele, b\u0103ie\u021belul t\u0103u va descoperi pe verso toate piesele care formeaz\u0103 <strong>8 puzzle-uri<\/strong> cu tematici diverse:<\/p>\n<ul>\n<li>Familie<\/li>\n<li>\u0218coal\u0103<\/li>\n<li>Igien\u0103<\/li>\n<li>Visuri<\/li>\n<li>Petrecere<\/li>\n<li>Prietenie<\/li>\n<li>Ziua Mamei<\/li>\n<li>Alimenta\u021bie s\u0103n\u0103toas\u0103<\/li>\n<\/ul>\n<p>Fiecare puzzle complet este o ilustra\u021bie amuzant\u0103 pe care cel mic o poate colora a\u0219a cum \u00ee\u0219i dore\u0219te, exprim\u00e2ndu-\u0219i liber creativitatea \u0219i abilit\u0103\u021bile artistice.<\/p>\n<p>Cartona\u0219ele <b>EmotiCards 3 \u00een 1 <\/b>sunt un prilej grozav de distrac\u021bie \u0219i conectare cu cei mici. De asemenea, \u00eei \u00eencurajeaz\u0103 s\u0103 vorbeasc\u0103 deschis despre ceea ce simt, sus\u021bin\u00e2nd \u00een acela\u0219i timp dezvoltarea unor abilit\u0103\u021bi importante, precum: coordonarea, \u00eendem\u00e2narea, memoria \u0219i creativitatea.<\/p>\n<p>&nbsp;<\/p>\n","protected":false},"excerpt":{"rendered":"<p>Cuvintele au puterea s\u0103 schimbe lumea! Pune zi de zi \u00een ghiozd\u0103nelul b\u0103ie\u021belului t\u0103u un cartona\u0219 EmotiCards 3 \u00een 1<\/p>\n","protected":false},"featured_media":72108,"template":"","meta":[],"product_brand":[],"product_cat":[1522,2728,1467],"product_tag":[],"class_list":{"0":"post-65725","1":"product","2":"type-product","3":"status-publish","4":"has-post-thumbnail","6":"product_cat-carti-de-joc","7":"product_cat-export","8":"product_cat-jocuri-de-societate","10":"first","11":"instock","12":"taxable","13":"shipping-taxable","14":"product-type-simple"},"yoast_head":"<!-- This site is optimized with the Yoast SEO plugin v20.1 - https:\/\/yoast.com\/wordpress\/plugins\/seo\/ -->\n<title>Cartonase EmotiCards 3 in 1 cu puzzle de colorat pentru baietei de 6 ani<\/title>\n<meta name=\"description\" content=\"Dezvolt\u0103-i creativitatea \u0219i ofer\u0103-i \u00eencredere \u00een for\u021bele sale cu acest set 3 in 1 de cartonase atractive, cu mesaje inspirationale si puzzle de colorat!\" \/>\n<meta name=\"robots\" content=\"index, follow, max-snippet:-1, max-image-preview:large, max-video-preview:-1\" \/>\n<link rel=\"canonical\" href=\"https:\/\/business.roovi.com\/ro\/cartonasele-emoticards-3in1-pentru-baietei\/p\/\" \/>\n<meta property=\"og:locale\" content=\"ro_RO\" \/>\n<meta property=\"og:type\" content=\"article\" \/>\n<meta property=\"og:title\" content=\"Cartonase EmotiCards 3 in 1 cu puzzle de colorat pentru baietei de 6 ani\" \/>\n<meta property=\"og:description\" content=\"Dezvolt\u0103-i creativitatea \u0219i ofer\u0103-i \u00eencredere \u00een for\u021bele sale cu acest set 3 in 1 de cartonase atractive, cu mesaje inspirationale si puzzle de colorat!\" \/>\n<meta property=\"og:url\" content=\"https:\/\/business.roovi.com\/ro\/cartonasele-emoticards-3in1-pentru-baietei\/p\/\" \/>\n<meta property=\"og:site_name\" content=\"Roovi B2B\" \/>\n<meta property=\"article:publisher\" content=\"https:\/\/www.facebook.com\/wwwjucariero\" \/>\n<meta property=\"article:modified_time\" content=\"2023-10-31T14:00:58+00:00\" \/>\n<meta property=\"og:image\" content=\"https:\/\/business.roovi.com\/wp-content\/uploads\/2023\/03\/emoticards_mockup_baietei_RO_FATA.jpg\" \/>\n\t<meta property=\"og:image:width\" content=\"1200\" \/>\n\t<meta property=\"og:image:height\" content=\"1200\" \/>\n\t<meta property=\"og:image:type\" content=\"image\/jpeg\" \/>\n<meta name=\"twitter:label1\" content=\"Timp estimat pentru citire\" \/>\n\t<meta name=\"twitter:data1\" content=\"1 minut\" \/>\n<script type=\"application\/ld+json\" class=\"yoast-schema-graph\">{\"@context\":\"https:\/\/schema.org\",\"@graph\":[{\"@type\":\"WebPage\",\"@id\":\"https:\/\/business.roovi.com\/ro\/cartonasele-emoticards-3in1-pentru-baietei\/p\/\",\"url\":\"https:\/\/business.roovi.com\/ro\/cartonasele-emoticards-3in1-pentru-baietei\/p\/\",\"name\":\"Cartonase EmotiCards 3 in 1 cu puzzle de colorat pentru baietei de 6 ani\",\"isPartOf\":{\"@id\":\"https:\/\/business.roovi.com\/ro\/#website\"},\"datePublished\":\"2023-03-03T11:54:13+00:00\",\"dateModified\":\"2023-10-31T14:00:58+00:00\",\"description\":\"Dezvolt\u0103-i creativitatea \u0219i ofer\u0103-i \u00eencredere \u00een for\u021bele sale cu acest set 3 in 1 de cartonase atractive, cu mesaje inspirationale si puzzle de colorat!\",\"breadcrumb\":{\"@id\":\"https:\/\/business.roovi.com\/ro\/cartonasele-emoticards-3in1-pentru-baietei\/p\/#breadcrumb\"},\"inLanguage\":\"ro-RO\",\"potentialAction\":[{\"@type\":\"ReadAction\",\"target\":[\"https:\/\/business.roovi.com\/ro\/cartonasele-emoticards-3in1-pentru-baietei\/p\/\"]}]},{\"@type\":\"BreadcrumbList\",\"@id\":\"https:\/\/business.roovi.com\/ro\/cartonasele-emoticards-3in1-pentru-baietei\/p\/#breadcrumb\",\"itemListElement\":[{\"@type\":\"ListItem\",\"position\":1,\"name\":\"Home\",\"item\":\"https:\/\/business.roovi.com\/ro\/\"},{\"@type\":\"ListItem\",\"position\":2,\"name\":\"Magazin\",\"item\":\"https:\/\/business.roovi.com\/ro\/magazin\/\"},{\"@type\":\"ListItem\",\"position\":3,\"name\":\"Cartona\u0219ele EmotiCards 3 in 1 pentru B\u0103ie\u021bei &#8211; Mesaje pozitive, Puzzles \u0219i Ilustra\u021bii de colorat\"}]},{\"@type\":\"WebSite\",\"@id\":\"https:\/\/business.roovi.com\/ro\/#website\",\"url\":\"https:\/\/business.roovi.com\/ro\/\",\"name\":\"Roovi B2B\",\"description\":\"Roovi Business Website\",\"potentialAction\":[{\"@type\":\"SearchAction\",\"target\":{\"@type\":\"EntryPoint\",\"urlTemplate\":\"https:\/\/business.roovi.com\/ro\/?s={search_term_string}\"},\"query-input\":\"required name=search_term_string\"}],\"inLanguage\":\"ro-RO\"}]}<\/script>\n<!-- \/ Yoast SEO plugin. -->","yoast_head_json":{"title":"Cartonase EmotiCards 3 in 1 cu puzzle de colorat pentru baietei de 6 ani","description":"Dezvolt\u0103-i creativitatea \u0219i ofer\u0103-i \u00eencredere \u00een for\u021bele sale cu acest set 3 in 1 de cartonase atractive, cu mesaje inspirationale si puzzle de colorat!","robots":{"index":"index","follow":"follow","max-snippet":"max-snippet:-1","max-image-preview":"max-image-preview:large","max-video-preview":"max-video-preview:-1"},"canonical":"https:\/\/business.roovi.com\/ro\/cartonasele-emoticards-3in1-pentru-baietei\/p\/","og_locale":"ro_RO","og_type":"article","og_title":"Cartonase EmotiCards 3 in 1 cu puzzle de colorat pentru baietei de 6 ani","og_description":"Dezvolt\u0103-i creativitatea \u0219i ofer\u0103-i \u00eencredere \u00een for\u021bele sale cu acest set 3 in 1 de cartonase atractive, cu mesaje inspirationale si puzzle de colorat!","og_url":"https:\/\/business.roovi.com\/ro\/cartonasele-emoticards-3in1-pentru-baietei\/p\/","og_site_name":"Roovi B2B","article_publisher":"https:\/\/www.facebook.com\/wwwjucariero","article_modified_time":"2023-10-31T14:00:58+00:00","og_image":[{"width":1200,"height":1200,"url":"https:\/\/business.roovi.com\/wp-content\/uploads\/2023\/03\/emoticards_mockup_baietei_RO_FATA.jpg","type":"image\/jpeg"}],"twitter_misc":{"Timp estimat pentru citire":"1 minut"},"schema":{"@context":"https:\/\/schema.org","@graph":[{"@type":"WebPage","@id":"https:\/\/business.roovi.com\/ro\/cartonasele-emoticards-3in1-pentru-baietei\/p\/","url":"https:\/\/business.roovi.com\/ro\/cartonasele-emoticards-3in1-pentru-baietei\/p\/","name":"Cartonase EmotiCards 3 in 1 cu puzzle de colorat pentru baietei de 6 ani","isPartOf":{"@id":"https:\/\/business.roovi.com\/ro\/#website"},"datePublished":"2023-03-03T11:54:13+00:00","dateModified":"2023-10-31T14:00:58+00:00","description":"Dezvolt\u0103-i creativitatea \u0219i ofer\u0103-i \u00eencredere \u00een for\u021bele sale cu acest set 3 in 1 de cartonase atractive, cu mesaje inspirationale si puzzle de colorat!","breadcrumb":{"@id":"https:\/\/business.roovi.com\/ro\/cartonasele-emoticards-3in1-pentru-baietei\/p\/#breadcrumb"},"inLanguage":"ro-RO","potentialAction":[{"@type":"ReadAction","target":["https:\/\/business.roovi.com\/ro\/cartonasele-emoticards-3in1-pentru-baietei\/p\/"]}]},{"@type":"BreadcrumbList","@id":"https:\/\/business.roovi.com\/ro\/cartonasele-emoticards-3in1-pentru-baietei\/p\/#breadcrumb","itemListElement":[{"@type":"ListItem","position":1,"name":"Home","item":"https:\/\/business.roovi.com\/ro\/"},{"@type":"ListItem","position":2,"name":"Magazin","item":"https:\/\/business.roovi.com\/ro\/magazin\/"},{"@type":"ListItem","position":3,"name":"Cartona\u0219ele EmotiCards 3 in 1 pentru B\u0103ie\u021bei &#8211; Mesaje pozitive, Puzzles \u0219i Ilustra\u021bii de colorat"}]},{"@type":"WebSite","@id":"https:\/\/business.roovi.com\/ro\/#website","url":"https:\/\/business.roovi.com\/ro\/","name":"Roovi B2B","description":"Roovi Business Website","potentialAction":[{"@type":"SearchAction","target":{"@type":"EntryPoint","urlTemplate":"https:\/\/business.roovi.com\/ro\/?s={search_term_string}"},"query-input":"required name=search_term_string"}],"inLanguage":"ro-RO"}]}},"_links":{"self":[{"href":"https:\/\/business.roovi.com\/ro\/wp-json\/wp\/v2\/product\/65725","targetHints":{"allow":["GET"]}}],"collection":[{"href":"https:\/\/business.roovi.com\/ro\/wp-json\/wp\/v2\/product"}],"about":[{"href":"https:\/\/business.roovi.com\/ro\/wp-json\/wp\/v2\/types\/product"}],"version-history":[{"count":0,"href":"https:\/\/business.roovi.com\/ro\/wp-json\/wp\/v2\/product\/65725\/revisions"}],"wp:featuredmedia":[{"embeddable":true,"href":"https:\/\/business.roovi.com\/ro\/wp-json\/wp\/v2\/media\/72108"}],"wp:attachment":[{"href":"https:\/\/business.roovi.com\/ro\/wp-json\/wp\/v2\/media?parent=65725"}],"wp:term":[{"taxonomy":"product_brand","embeddable":true,"href":"https:\/\/business.roovi.com\/ro\/wp-json\/wp\/v2\/product_brand?post=65725"},{"taxonomy":"product_cat","embeddable":true,"href":"https:\/\/business.roovi.com\/ro\/wp-json\/wp\/v2\/product_cat?post=65725"},{"taxonomy":"product_tag","embeddable":true,"href":"https:\/\/business.roovi.com\/ro\/wp-json\/wp\/v2\/product_tag?post=65725"}],"curies":[{"name":"wp","href":"https:\/\/api.w.org\/{rel}","templated":true}]}}