{"id":65909,"date":"2023-03-03T14:25:38","date_gmt":"2023-03-03T14:25:38","guid":{"rendered":"https:\/\/business.roovi.com\/abstract-cat-puzzle-adult-puzzle-1000-pieces\/p\/"},"modified":"2023-03-20T21:31:35","modified_gmt":"2023-03-20T21:31:35","slug":"puzzle-abstract-cat-puzzle-adulti-1000-piese","status":"publish","type":"product","link":"https:\/\/business.roovi.com\/ro\/puzzle-abstract-cat-puzzle-adulti-1000-piese\/p\/","title":{"rendered":"Puzzle Abstract Cat &#8211; Puzzle adul\u021bi 1000 piese"},"content":{"rendered":"<h3><span style=\"font-weight: 400;\">Cau\u021bi puzzle-uri cu ilustra\u021bii originale care s\u0103 te provoace \u0219i s\u0103 te \u00eenc\u00e2nte totodat\u0103? Alege Puzzle 1000 piese &#8211; Abstract Cat pentru relaxare, deconectare \u0219i o adev\u0103rat\u0103 terapie prin culoare.<\/span><\/h3>\n<p><span style=\"font-weight: 400;\">Puzzle 1000 piese &#8211; Abstract Cat este crea\u021bia artistei Brigi Demeter care a combinat perfect o multitudine de culori vibrante \u0219i forme abstracte pentru a concepe ilustra\u021bia impresionant\u0103 a pisicii multicolore.<\/span><\/p>\n<p><span style=\"font-weight: 400;\">Abstract Cat este un puzzle de 1000 de piese ingenios, cu un nivel mai ridicat de dificultate, potrivit at\u00e2t pentru avansa\u021bi, c\u00e2t \u0219i pentru pasiona\u021bii de jocuri puzzle care vor s\u0103-\u0219i antreneze abilit\u0103\u021bile de asamblare \u0219i s\u0103 devin\u0103 tot mai buni.<\/span><\/p>\n<p><span style=\"font-weight: 400;\">Este o mare \u00eenc\u00e2ntare nu doar s\u0103 asamblezi Puzzle 1000 piese &#8211; Abstract Cat, ci \u0219i s\u0103 prive\u0219ti tabloul rezultat. Culorile echilibrate te relaxeaz\u0103 \u0219i \u00ee\u021bi pun \u00een armonie corpul, mintea \u0219i spiritul.\u00a0<\/span><\/p>\n<p><span style=\"font-weight: 400;\">Puzzle Abstract Cat este a\u0219adar mai mult dec\u00e2t un puzzle. Este o experien\u021b\u0103 creativ\u0103 \u0219i inspira\u021bional\u0103 care \u00ee\u021bi aduce bucurie \u0219i un plus de vitalitate.<\/span><\/p>\n<h3><span style=\"font-weight: 400;\">De ce s\u0103 alegi Puzzle Abstract Cat &#8211; 1000 piese de la ROOVI<\/span><\/h3>\n<ul>\n<li style=\"font-weight: 400;\" aria-level=\"1\"><span style=\"font-weight: 400;\">Este produs din carton gros, de calitatea superioar\u0103 care \u00eei asigur\u0103 rezisten\u021b\u0103 sporit\u0103. Puzzle-ul poate fi asamblat de nenum\u0103rate ori, f\u0103r\u0103 ca piesele s\u0103 se deterioreze. Ilustra\u021bia este irepor\u0219abil\u0103 la fiecare asamblare.<\/span><\/li>\n<li style=\"font-weight: 400;\" aria-level=\"1\"><span style=\"font-weight: 400;\">Tabloul rezultat are dimensiunile de<\/span><b> 68 x 47 cm<\/b><span style=\"font-weight: 400;\">, are un design original \u0219i deosebit, put\u00e2nd fi utilizat cu scop decorativ.<\/span><\/li>\n<li style=\"font-weight: 400;\" aria-level=\"1\"><span style=\"font-weight: 400;\">\u00a0Finisajul este semi-lucios, \u00een culori vii ce transmit sensibilitatea artistului \u0219i induc o stare de relaxare profund\u0103.<\/span><\/li>\n<li style=\"font-weight: 400;\" aria-level=\"1\"><span style=\"font-weight: 400;\">Puzzle-ul are \u0219i o folie antireflex pentru ca asamblarea s\u0103 fie c\u00e2t mai u\u0219oar\u0103 \u0219i nederanjant\u0103 pentru ochi.<\/span><\/li>\n<li style=\"font-weight: 400;\" aria-level=\"1\"><span style=\"font-weight: 400;\">Materialele din care este produs sunt prietenoase cu mediul, fiind reciclabile \u0219i sustenabile.<\/span><\/li>\n<\/ul>\n<p><span style=\"font-weight: 400;\">Un joc puzzle complex precum Puzzle 1000 piese &#8211; Abstract Cat este o modalitate excelent\u0103 pentru a-\u021bi petrece timpul liber, precum \u0219i o surs\u0103 uimitoare de beneficii care se reflect\u0103 pe mai multe planuri:<\/span><\/p>\n<ul>\n<li style=\"font-weight: 400;\" aria-level=\"1\"><span style=\"font-weight: 400;\">\u00ce\u021bi pune cu adev\u0103rat mintea la treab\u0103 \u0219i constituie un antrenament excelent pentru creier.<\/span><\/li>\n<li style=\"font-weight: 400;\" aria-level=\"1\"><span style=\"font-weight: 400;\">\u00cembun\u0103t\u0103\u021be\u0219te memoria, concentrarea \u0219i coordonarea.<\/span><\/li>\n<li style=\"font-weight: 400;\" aria-level=\"1\"><span style=\"font-weight: 400;\">Stimuleaz\u0103 g\u00e2ndirea analitic\u0103, g\u00e2ndirea critic\u0103 \u0219i ra\u021bionamentul logic.<\/span><\/li>\n<li style=\"font-weight: 400;\" aria-level=\"1\"><span style=\"font-weight: 400;\">Ajut\u0103 la \u00eembun\u0103t\u0103\u021birea r\u0103bd\u0103rii \u0219i a perseveren\u021bei.<\/span><\/li>\n<li style=\"font-weight: 400;\" aria-level=\"1\"><span style=\"font-weight: 400;\">Reduce stresul \u0219i genereaz\u0103 o stare general\u0103 de relaxare \u0219i bun\u0103 dispozi\u021bie.<\/span><\/li>\n<\/ul>\n<h3><span style=\"font-weight: 400;\">Construie\u0219te bucurie al\u0103turi de cei dragi cu Puzzle 1000 piese &#8211; Abstract Cat<\/span><\/h3>\n<p><span style=\"font-weight: 400;\">Timpul petrecut al\u0103turi de cei dragi este nepre\u021buit. Un joc puzzle deosebit, \u00een culori calde \u0219i forme perfecte precum Abstract Cat 1000 piese poate fi o provocare fascinant\u0103 chiar \u0219i pentru copiii creativi \u0219i ingenio\u0219i. Jocul creeaz\u0103 conexiuni puternice cu cei dragi, precum \u0219i o atmosfer\u0103 cald\u0103 \u0219i relaxant\u0103, \u00een care copiii \u0219i adolescen\u021bii au curajul s\u0103 spun\u0103 ce au pe suflet.<\/span><\/p>\n<p><span style=\"font-weight: 400;\">Puzzle Abstract Cat &#8211; 1000 piese este a\u0219adar o modalitate de a ie\u0219i din ritmul agitat al fiec\u0103rei zile \u0219i un prilej de apropiere \u0219i \u00een\u021belegere cu ceilal\u021bi \u0219i cu tine \u00eensu\u021bi.<\/span><\/p>\n<p><span style=\"font-weight: 400;\">Fie c\u0103 \u00ee\u021bi dore\u0219ti s\u0103-\u021bi \u00eembun\u0103t\u0103\u021be\u0219ti abilit\u0103\u021bile de asamblare, s\u0103 \u00ee\u021bi provoci prietenii la o activitate creativ\u0103 \u0219i distractiv\u0103 sau s\u0103 oferi un cadou deosebit unei persoane dragi, Puzzle Abstract Cat &#8211; 1000 piese este alegerea perfect\u0103.<\/span><\/p>\n<h3><span style=\"font-weight: 400;\">Dornic de \u00eenc\u0103 o provocare creativ\u0103? Descoper\u0103 \u0219i <\/span><a href=\"https:\/\/business.roovi.com\/ro\/puzzle-abstract-lion-puzzle-adulti-1000-piese\/p\/\"><b>Puzzle 1000 piese &#8211; Abstract Lion<\/b><\/a><span style=\"font-weight: 400;\"> \u0219i completeaz\u0103-\u021bi colec\u021bia de jocuri puzzle cu modele abstracte originale de la ROOVI.<\/span><\/h3>\n","protected":false},"excerpt":{"rendered":"<p>Cau\u021bi puzzle-uri cu ilustra\u021bii originale care s\u0103 te provoace \u0219i s\u0103 te \u00eenc\u00e2nte totodat\u0103? Alege Puzzle 1000 piese &#8211; Abstract<\/p>\n","protected":false},"featured_media":65869,"template":"","meta":[],"product_brand":[],"product_cat":[2728,1454,1488,1560],"product_tag":[],"class_list":{"0":"post-65909","1":"product","2":"type-product","3":"status-publish","4":"has-post-thumbnail","6":"product_cat-export","7":"product_cat-puzzle","8":"product_cat-puzzle-adulti","9":"product_cat-puzzle-adulti-1000","11":"first","12":"onbackorder","13":"taxable","14":"shipping-taxable","15":"product-type-simple"},"yoast_head":"<!-- This site is optimized with the Yoast SEO plugin v20.1 - https:\/\/yoast.com\/wordpress\/plugins\/seo\/ -->\n<title>Puzzle Abstract Cat - Puzzle adul\u021bi 1000 piese - Roovi B2B<\/title>\n<meta name=\"robots\" content=\"index, follow, max-snippet:-1, max-image-preview:large, max-video-preview:-1\" \/>\n<link rel=\"canonical\" href=\"https:\/\/business.roovi.com\/ro\/puzzle-abstract-cat-puzzle-adulti-1000-piese\/p\/\" \/>\n<meta property=\"og:locale\" content=\"ro_RO\" \/>\n<meta property=\"og:type\" content=\"article\" \/>\n<meta property=\"og:title\" content=\"Puzzle Abstract Cat - Puzzle adul\u021bi 1000 piese - Roovi B2B\" \/>\n<meta property=\"og:description\" content=\"Cau\u021bi puzzle-uri cu ilustra\u021bii originale care s\u0103 te provoace \u0219i s\u0103 te \u00eenc\u00e2nte totodat\u0103? Alege Puzzle 1000 piese &#8211; Abstract\" \/>\n<meta property=\"og:url\" content=\"https:\/\/business.roovi.com\/ro\/puzzle-abstract-cat-puzzle-adulti-1000-piese\/p\/\" \/>\n<meta property=\"og:site_name\" content=\"Roovi B2B\" \/>\n<meta property=\"article:publisher\" content=\"https:\/\/www.facebook.com\/wwwjucariero\" \/>\n<meta property=\"article:modified_time\" content=\"2023-03-20T21:31:35+00:00\" \/>\n<meta property=\"og:image\" content=\"https:\/\/business.roovi.com\/wp-content\/uploads\/2023\/03\/01_MAIN.jpg\" \/>\n\t<meta property=\"og:image:width\" content=\"1200\" \/>\n\t<meta property=\"og:image:height\" content=\"1200\" \/>\n\t<meta property=\"og:image:type\" content=\"image\/jpeg\" \/>\n<meta name=\"twitter:label1\" content=\"Timp estimat pentru citire\" \/>\n\t<meta name=\"twitter:data1\" content=\"3 minute\" \/>\n<script type=\"application\/ld+json\" class=\"yoast-schema-graph\">{\"@context\":\"https:\/\/schema.org\",\"@graph\":[{\"@type\":\"WebPage\",\"@id\":\"https:\/\/business.roovi.com\/ro\/puzzle-abstract-cat-puzzle-adulti-1000-piese\/p\/\",\"url\":\"https:\/\/business.roovi.com\/ro\/puzzle-abstract-cat-puzzle-adulti-1000-piese\/p\/\",\"name\":\"Puzzle Abstract Cat - Puzzle adul\u021bi 1000 piese - Roovi B2B\",\"isPartOf\":{\"@id\":\"https:\/\/business.roovi.com\/ro\/#website\"},\"datePublished\":\"2023-03-03T14:25:38+00:00\",\"dateModified\":\"2023-03-20T21:31:35+00:00\",\"breadcrumb\":{\"@id\":\"https:\/\/business.roovi.com\/ro\/puzzle-abstract-cat-puzzle-adulti-1000-piese\/p\/#breadcrumb\"},\"inLanguage\":\"ro-RO\",\"potentialAction\":[{\"@type\":\"ReadAction\",\"target\":[\"https:\/\/business.roovi.com\/ro\/puzzle-abstract-cat-puzzle-adulti-1000-piese\/p\/\"]}]},{\"@type\":\"BreadcrumbList\",\"@id\":\"https:\/\/business.roovi.com\/ro\/puzzle-abstract-cat-puzzle-adulti-1000-piese\/p\/#breadcrumb\",\"itemListElement\":[{\"@type\":\"ListItem\",\"position\":1,\"name\":\"Home\",\"item\":\"https:\/\/business.roovi.com\/ro\/\"},{\"@type\":\"ListItem\",\"position\":2,\"name\":\"Magazin\",\"item\":\"https:\/\/business.roovi.com\/ro\/magazin\/\"},{\"@type\":\"ListItem\",\"position\":3,\"name\":\"Puzzle Abstract Cat &#8211; Puzzle adul\u021bi 1000 piese\"}]},{\"@type\":\"WebSite\",\"@id\":\"https:\/\/business.roovi.com\/ro\/#website\",\"url\":\"https:\/\/business.roovi.com\/ro\/\",\"name\":\"Roovi B2B\",\"description\":\"Roovi Business Website\",\"potentialAction\":[{\"@type\":\"SearchAction\",\"target\":{\"@type\":\"EntryPoint\",\"urlTemplate\":\"https:\/\/business.roovi.com\/ro\/?s={search_term_string}\"},\"query-input\":\"required name=search_term_string\"}],\"inLanguage\":\"ro-RO\"}]}<\/script>\n<!-- \/ Yoast SEO plugin. -->","yoast_head_json":{"title":"Puzzle Abstract Cat - Puzzle adul\u021bi 1000 piese - Roovi B2B","robots":{"index":"index","follow":"follow","max-snippet":"max-snippet:-1","max-image-preview":"max-image-preview:large","max-video-preview":"max-video-preview:-1"},"canonical":"https:\/\/business.roovi.com\/ro\/puzzle-abstract-cat-puzzle-adulti-1000-piese\/p\/","og_locale":"ro_RO","og_type":"article","og_title":"Puzzle Abstract Cat - Puzzle adul\u021bi 1000 piese - Roovi B2B","og_description":"Cau\u021bi puzzle-uri cu ilustra\u021bii originale care s\u0103 te provoace \u0219i s\u0103 te \u00eenc\u00e2nte totodat\u0103? Alege Puzzle 1000 piese &#8211; Abstract","og_url":"https:\/\/business.roovi.com\/ro\/puzzle-abstract-cat-puzzle-adulti-1000-piese\/p\/","og_site_name":"Roovi B2B","article_publisher":"https:\/\/www.facebook.com\/wwwjucariero","article_modified_time":"2023-03-20T21:31:35+00:00","og_image":[{"width":1200,"height":1200,"url":"https:\/\/business.roovi.com\/wp-content\/uploads\/2023\/03\/01_MAIN.jpg","type":"image\/jpeg"}],"twitter_misc":{"Timp estimat pentru citire":"3 minute"},"schema":{"@context":"https:\/\/schema.org","@graph":[{"@type":"WebPage","@id":"https:\/\/business.roovi.com\/ro\/puzzle-abstract-cat-puzzle-adulti-1000-piese\/p\/","url":"https:\/\/business.roovi.com\/ro\/puzzle-abstract-cat-puzzle-adulti-1000-piese\/p\/","name":"Puzzle Abstract Cat - Puzzle adul\u021bi 1000 piese - Roovi B2B","isPartOf":{"@id":"https:\/\/business.roovi.com\/ro\/#website"},"datePublished":"2023-03-03T14:25:38+00:00","dateModified":"2023-03-20T21:31:35+00:00","breadcrumb":{"@id":"https:\/\/business.roovi.com\/ro\/puzzle-abstract-cat-puzzle-adulti-1000-piese\/p\/#breadcrumb"},"inLanguage":"ro-RO","potentialAction":[{"@type":"ReadAction","target":["https:\/\/business.roovi.com\/ro\/puzzle-abstract-cat-puzzle-adulti-1000-piese\/p\/"]}]},{"@type":"BreadcrumbList","@id":"https:\/\/business.roovi.com\/ro\/puzzle-abstract-cat-puzzle-adulti-1000-piese\/p\/#breadcrumb","itemListElement":[{"@type":"ListItem","position":1,"name":"Home","item":"https:\/\/business.roovi.com\/ro\/"},{"@type":"ListItem","position":2,"name":"Magazin","item":"https:\/\/business.roovi.com\/ro\/magazin\/"},{"@type":"ListItem","position":3,"name":"Puzzle Abstract Cat &#8211; Puzzle adul\u021bi 1000 piese"}]},{"@type":"WebSite","@id":"https:\/\/business.roovi.com\/ro\/#website","url":"https:\/\/business.roovi.com\/ro\/","name":"Roovi B2B","description":"Roovi Business Website","potentialAction":[{"@type":"SearchAction","target":{"@type":"EntryPoint","urlTemplate":"https:\/\/business.roovi.com\/ro\/?s={search_term_string}"},"query-input":"required name=search_term_string"}],"inLanguage":"ro-RO"}]}},"_links":{"self":[{"href":"https:\/\/business.roovi.com\/ro\/wp-json\/wp\/v2\/product\/65909","targetHints":{"allow":["GET"]}}],"collection":[{"href":"https:\/\/business.roovi.com\/ro\/wp-json\/wp\/v2\/product"}],"about":[{"href":"https:\/\/business.roovi.com\/ro\/wp-json\/wp\/v2\/types\/product"}],"version-history":[{"count":0,"href":"https:\/\/business.roovi.com\/ro\/wp-json\/wp\/v2\/product\/65909\/revisions"}],"wp:featuredmedia":[{"embeddable":true,"href":"https:\/\/business.roovi.com\/ro\/wp-json\/wp\/v2\/media\/65869"}],"wp:attachment":[{"href":"https:\/\/business.roovi.com\/ro\/wp-json\/wp\/v2\/media?parent=65909"}],"wp:term":[{"taxonomy":"product_brand","embeddable":true,"href":"https:\/\/business.roovi.com\/ro\/wp-json\/wp\/v2\/product_brand?post=65909"},{"taxonomy":"product_cat","embeddable":true,"href":"https:\/\/business.roovi.com\/ro\/wp-json\/wp\/v2\/product_cat?post=65909"},{"taxonomy":"product_tag","embeddable":true,"href":"https:\/\/business.roovi.com\/ro\/wp-json\/wp\/v2\/product_tag?post=65909"}],"curies":[{"name":"wp","href":"https:\/\/api.w.org\/{rel}","templated":true}]}}