{"id":65955,"date":"2023-03-03T14:28:51","date_gmt":"2023-03-03T14:28:51","guid":{"rendered":"https:\/\/business.roovi.com\/abstract-lion-puzzle-adult-puzzle-1000-pieces\/p\/"},"modified":"2023-03-20T21:59:03","modified_gmt":"2023-03-20T21:59:03","slug":"puzzle-abstract-lion-puzzle-adulti-1000-piese","status":"publish","type":"product","link":"https:\/\/business.roovi.com\/ro\/puzzle-abstract-lion-puzzle-adulti-1000-piese\/p\/","title":{"rendered":"Puzzle Abstract Lion &#8211; Puzzle adul\u021bi 1000 piese"},"content":{"rendered":"<h3><span style=\"font-weight: 400;\">Crezi c\u0103 po\u021bi face fa\u021b\u0103 provoc\u0103rii Abstract Lion 1000? Descoper\u0103 un puzzle vibrant, \u00een culori fabuloase \u0219i forme \u00eendr\u0103zne\u021be \u0219i bucur\u0103-te de multe ore de relaxare con\u0219tient\u0103 \u0219i creativ\u0103.<\/span><\/h3>\n<p><span style=\"font-weight: 400;\">Puzzle 1000 piese &#8211; Abstract Lion este crea\u021bia artistei Brigi Demeter care a pus \u00eentr-un echilibru perfect o mare varietate de culori \u0219i forme abstracte pentru a realiza ilustra\u021bia impozant\u0103 a regelui animalelor.<\/span><\/p>\n<p><span style=\"font-weight: 400;\">Abstract Lion este potrivit at\u00e2t pentru profesioni\u0219tii jocurilor puzzle, c\u00e2t \u0219i pentru cei care sunt preg\u0103ti\u021bi s\u0103 treac\u0103 la un nivel de dificultate mai ridicat. Poate ai impresia c\u0103 te vei pierde printre\u00a0 sutele de piese multicolore, dar \u00ee\u021bi spun ca de la un iubitor de puzzle la altul c\u0103 merit\u0103 efortul.<\/span><\/p>\n<p><span style=\"font-weight: 400;\">Tabloul rezultat din Puzzle 1000 &#8211; Abstract Lion este fascinant. Este greu s\u0103 \u021bii un astfel de puzzle \u00een cutie. Odat\u0103 ref\u0103cut, \u00eel admiri cu pl\u0103cere \u0219i te bucuri de senza\u021bia pl\u0103cut\u0103 de relaxare pe care \u021bi-o transmite. \u00cen plus, arat\u0103 uimitor pus \u00een ram\u0103 \u0219i d\u0103 mult\u0103 personalitate oric\u0103rui loc \u00een care \u00eel expui.<\/span><\/p>\n<h3><span style=\"font-weight: 400;\">De ce s\u0103 alegi Puzzle Abstract Lion &#8211; 1000 piese de la ROOVI<\/span><\/h3>\n<ul>\n<li style=\"font-weight: 400;\" aria-level=\"1\"><span style=\"font-weight: 400;\">Este produs din carton gros, de calitatea superioar\u0103 care \u00eei asigur\u0103 rezisten\u021b\u0103 sporit\u0103. Puzzle-ul poate fi asamblat de nenum\u0103rate ori, f\u0103r\u0103 ca piesele s\u0103 se deterioreze. Ilustra\u021bia este irepro\u0219abil\u0103 la fiecare asamblare.<\/span><\/li>\n<li style=\"font-weight: 400;\" aria-level=\"1\"><span style=\"font-weight: 400;\">Tabloul rezultat are dimensiunile de<\/span><b> 68 x 47 cm<\/b><span style=\"font-weight: 400;\">, are un design original \u0219i deosebit, put\u00e2nd fi utilizat cu scop decorativ.<\/span><\/li>\n<li style=\"font-weight: 400;\" aria-level=\"1\"><span style=\"font-weight: 400;\">Finisajul este semi-lucios, \u00een culori vii ce transmit sensibilitatea artistului \u0219i induc o stare de relaxare profund\u0103.<\/span><\/li>\n<li style=\"font-weight: 400;\" aria-level=\"1\"><span style=\"font-weight: 400;\">Puzzle-ul are \u0219i o folie antireflex pentru ca asamblarea s\u0103 fie c\u00e2t mai u\u0219oar\u0103 \u0219i nederanjant\u0103 pentru ochi.<\/span><\/li>\n<li style=\"font-weight: 400;\" aria-level=\"1\"><span style=\"font-weight: 400;\">Este produs din materiale prietenoase cu mediul, reciclabile \u0219i sustenabile.<\/span><\/li>\n<li style=\"font-weight: 400;\" aria-level=\"1\"><span style=\"font-weight: 400;\">Creeaz\u0103 premisele ideale pentru relaxare \u00een intimitate, atunci c\u00e2nd vrei s\u0103 \u00ee\u021bi ascul\u021bi g\u00e2ndurile sau al\u0103turi de partenerul de via\u021b\u0103 sau de copii, c\u00e2nd \u00ee\u021bi dore\u0219ti conectare cu cei dragi.<\/span><\/li>\n<\/ul>\n<p><span style=\"font-weight: 400;\">Un joc puzzle complex precum <\/span><b>Puzzle 1000 piese &#8211; Abstract Lion<\/b><span style=\"font-weight: 400;\"> este o modalitate relaxant\u0103 de petrecere a timpului liber, precum \u0219i o surs\u0103 uimitoare de beneficii care se reflect\u0103 pe mai multe planuri:<\/span><\/p>\n<ul>\n<li style=\"font-weight: 400;\" aria-level=\"1\"><span style=\"font-weight: 400;\">\u00ce\u021bi pune cu adev\u0103rat mintea la treab\u0103 \u0219i constituie un antrenament excelent pentru creier.<\/span><\/li>\n<li style=\"font-weight: 400;\" aria-level=\"1\"><span style=\"font-weight: 400;\">\u00cembun\u0103t\u0103\u021be\u0219te memoria, concentrarea \u0219i coordonarea.<\/span><\/li>\n<li style=\"font-weight: 400;\" aria-level=\"1\"><span style=\"font-weight: 400;\">Stimuleaz\u0103 g\u00e2ndirea analitic\u0103, g\u00e2ndirea critic\u0103 \u0219i ra\u021bionamentul logic.<\/span><\/li>\n<li style=\"font-weight: 400;\" aria-level=\"1\"><span style=\"font-weight: 400;\">Ajut\u0103 la \u00eembun\u0103t\u0103\u021birea r\u0103bd\u0103rii \u0219i a perseveren\u021bei.<\/span><\/li>\n<li style=\"font-weight: 400;\" aria-level=\"1\"><span style=\"font-weight: 400;\">Reduce stresul \u0219i genereaz\u0103 o stare general\u0103 de relaxare \u0219i bun\u0103 dispozi\u021bie.<\/span><\/li>\n<\/ul>\n<h3><span style=\"font-weight: 400;\">Puzzle 1000 piese &#8211; Abstract Lion &#8211; o adev\u0103rat\u0103 terapie prin culoare<\/span><\/h3>\n<p><span style=\"font-weight: 400;\">Puzzle 1000 Piese Abstract Lion aduce un strop de culoare \u0219i lumin\u0103 nu doar pe masa ta de puzzle, ci \u0219i \u00een sufletul t\u0103u. At\u00e2t activitatea de asamblare, c\u00e2t \u0219i coloristica deosebit\u0103 au influen\u021be pozitive asupra st\u0103rii tale de spirit. Puzzle 1000 Abstract Lion este o delectare a min\u021bii creative \u0219i a spiritului \u00een c\u0103utare de pace \u0219i armonie.<\/span><\/p>\n<p><span style=\"font-weight: 400;\">Bucur\u0103-te a\u0219adar de o activitate pl\u0103cut\u0103 \u0219i creeaz\u0103 loc frumosului \u00een via\u021ba ta prin acest puzzle uimitor, plin de culoare \u0219i vibra\u021bii pozitive.<\/span><\/p>\n<p><span style=\"font-weight: 400;\">Puzzle 1000 piese &#8211; Abstract Lion este ambalat \u00eentr-o cutie elegant\u0103, iar ilustra\u021bia fabuloas\u0103 atrage toate privirile. Astfel, jocul puzzle se preteaz\u0103 ca dar pentru ocazii diverse, de la s\u0103rb\u0103torile de Cr\u0103ciun la anivers\u0103ri sau zile onomastice.<\/span><\/p>\n<h3><span style=\"font-weight: 400;\">Dornic de \u00eenc\u0103 o provocare creativ\u0103? Descoper\u0103 \u0219i <\/span><a href=\"https:\/\/business.roovi.com\/ro\/puzzle-abstract-cat-puzzle-adulti-1000-piese\/p\/\"><b>Puzzle 1000 piese &#8211; Abstract Cat<\/b><\/a><span style=\"font-weight: 400;\"> \u0219i completeaz\u0103-\u021bi colec\u021bia de jocuri puzzle cu modele abstracte originale de la ROOVI.<\/span><\/h3>\n","protected":false},"excerpt":{"rendered":"<p>Crezi c\u0103 po\u021bi face fa\u021b\u0103 provoc\u0103rii Abstract Lion 1000? Descoper\u0103 un puzzle vibrant, \u00een culori fabuloase \u0219i forme \u00eendr\u0103zne\u021be \u0219i<\/p>\n","protected":false},"featured_media":65915,"template":"","meta":[],"product_brand":[],"product_cat":[2728,1454,1488,1560],"product_tag":[],"class_list":{"0":"post-65955","1":"product","2":"type-product","3":"status-publish","4":"has-post-thumbnail","6":"product_cat-export","7":"product_cat-puzzle","8":"product_cat-puzzle-adulti","9":"product_cat-puzzle-adulti-1000","11":"first","12":"instock","13":"taxable","14":"shipping-taxable","15":"product-type-simple"},"yoast_head":"<!-- This site is optimized with the Yoast SEO plugin v20.1 - https:\/\/yoast.com\/wordpress\/plugins\/seo\/ -->\n<title>Puzzle Abstract Lion - Puzzle adul\u021bi 1000 piese - Roovi B2B<\/title>\n<meta name=\"robots\" content=\"index, follow, max-snippet:-1, max-image-preview:large, max-video-preview:-1\" \/>\n<link rel=\"canonical\" href=\"https:\/\/business.roovi.com\/ro\/puzzle-abstract-lion-puzzle-adulti-1000-piese\/p\/\" \/>\n<meta property=\"og:locale\" content=\"ro_RO\" \/>\n<meta property=\"og:type\" content=\"article\" \/>\n<meta property=\"og:title\" content=\"Puzzle Abstract Lion - Puzzle adul\u021bi 1000 piese - Roovi B2B\" \/>\n<meta property=\"og:description\" content=\"Crezi c\u0103 po\u021bi face fa\u021b\u0103 provoc\u0103rii Abstract Lion 1000? Descoper\u0103 un puzzle vibrant, \u00een culori fabuloase \u0219i forme \u00eendr\u0103zne\u021be \u0219i\" \/>\n<meta property=\"og:url\" content=\"https:\/\/business.roovi.com\/ro\/puzzle-abstract-lion-puzzle-adulti-1000-piese\/p\/\" \/>\n<meta property=\"og:site_name\" content=\"Roovi B2B\" \/>\n<meta property=\"article:publisher\" content=\"https:\/\/www.facebook.com\/wwwjucariero\" \/>\n<meta property=\"article:modified_time\" content=\"2023-03-20T21:59:03+00:00\" \/>\n<meta property=\"og:image\" content=\"https:\/\/business.roovi.com\/wp-content\/uploads\/2023\/03\/01_MAIN-1.jpg\" \/>\n\t<meta property=\"og:image:width\" content=\"1200\" \/>\n\t<meta property=\"og:image:height\" content=\"1200\" \/>\n\t<meta property=\"og:image:type\" content=\"image\/jpeg\" \/>\n<meta name=\"twitter:label1\" content=\"Timp estimat pentru citire\" \/>\n\t<meta name=\"twitter:data1\" content=\"3 minute\" \/>\n<script type=\"application\/ld+json\" class=\"yoast-schema-graph\">{\"@context\":\"https:\/\/schema.org\",\"@graph\":[{\"@type\":\"WebPage\",\"@id\":\"https:\/\/business.roovi.com\/ro\/puzzle-abstract-lion-puzzle-adulti-1000-piese\/p\/\",\"url\":\"https:\/\/business.roovi.com\/ro\/puzzle-abstract-lion-puzzle-adulti-1000-piese\/p\/\",\"name\":\"Puzzle Abstract Lion - Puzzle adul\u021bi 1000 piese - Roovi B2B\",\"isPartOf\":{\"@id\":\"https:\/\/business.roovi.com\/ro\/#website\"},\"datePublished\":\"2023-03-03T14:28:51+00:00\",\"dateModified\":\"2023-03-20T21:59:03+00:00\",\"breadcrumb\":{\"@id\":\"https:\/\/business.roovi.com\/ro\/puzzle-abstract-lion-puzzle-adulti-1000-piese\/p\/#breadcrumb\"},\"inLanguage\":\"ro-RO\",\"potentialAction\":[{\"@type\":\"ReadAction\",\"target\":[\"https:\/\/business.roovi.com\/ro\/puzzle-abstract-lion-puzzle-adulti-1000-piese\/p\/\"]}]},{\"@type\":\"BreadcrumbList\",\"@id\":\"https:\/\/business.roovi.com\/ro\/puzzle-abstract-lion-puzzle-adulti-1000-piese\/p\/#breadcrumb\",\"itemListElement\":[{\"@type\":\"ListItem\",\"position\":1,\"name\":\"Home\",\"item\":\"https:\/\/business.roovi.com\/ro\/\"},{\"@type\":\"ListItem\",\"position\":2,\"name\":\"Magazin\",\"item\":\"https:\/\/business.roovi.com\/ro\/magazin\/\"},{\"@type\":\"ListItem\",\"position\":3,\"name\":\"Puzzle Abstract Lion &#8211; Puzzle adul\u021bi 1000 piese\"}]},{\"@type\":\"WebSite\",\"@id\":\"https:\/\/business.roovi.com\/ro\/#website\",\"url\":\"https:\/\/business.roovi.com\/ro\/\",\"name\":\"Roovi B2B\",\"description\":\"Roovi Business Website\",\"potentialAction\":[{\"@type\":\"SearchAction\",\"target\":{\"@type\":\"EntryPoint\",\"urlTemplate\":\"https:\/\/business.roovi.com\/ro\/?s={search_term_string}\"},\"query-input\":\"required name=search_term_string\"}],\"inLanguage\":\"ro-RO\"}]}<\/script>\n<!-- \/ Yoast SEO plugin. -->","yoast_head_json":{"title":"Puzzle Abstract Lion - Puzzle adul\u021bi 1000 piese - Roovi B2B","robots":{"index":"index","follow":"follow","max-snippet":"max-snippet:-1","max-image-preview":"max-image-preview:large","max-video-preview":"max-video-preview:-1"},"canonical":"https:\/\/business.roovi.com\/ro\/puzzle-abstract-lion-puzzle-adulti-1000-piese\/p\/","og_locale":"ro_RO","og_type":"article","og_title":"Puzzle Abstract Lion - Puzzle adul\u021bi 1000 piese - Roovi B2B","og_description":"Crezi c\u0103 po\u021bi face fa\u021b\u0103 provoc\u0103rii Abstract Lion 1000? Descoper\u0103 un puzzle vibrant, \u00een culori fabuloase \u0219i forme \u00eendr\u0103zne\u021be \u0219i","og_url":"https:\/\/business.roovi.com\/ro\/puzzle-abstract-lion-puzzle-adulti-1000-piese\/p\/","og_site_name":"Roovi B2B","article_publisher":"https:\/\/www.facebook.com\/wwwjucariero","article_modified_time":"2023-03-20T21:59:03+00:00","og_image":[{"width":1200,"height":1200,"url":"https:\/\/business.roovi.com\/wp-content\/uploads\/2023\/03\/01_MAIN-1.jpg","type":"image\/jpeg"}],"twitter_misc":{"Timp estimat pentru citire":"3 minute"},"schema":{"@context":"https:\/\/schema.org","@graph":[{"@type":"WebPage","@id":"https:\/\/business.roovi.com\/ro\/puzzle-abstract-lion-puzzle-adulti-1000-piese\/p\/","url":"https:\/\/business.roovi.com\/ro\/puzzle-abstract-lion-puzzle-adulti-1000-piese\/p\/","name":"Puzzle Abstract Lion - Puzzle adul\u021bi 1000 piese - Roovi B2B","isPartOf":{"@id":"https:\/\/business.roovi.com\/ro\/#website"},"datePublished":"2023-03-03T14:28:51+00:00","dateModified":"2023-03-20T21:59:03+00:00","breadcrumb":{"@id":"https:\/\/business.roovi.com\/ro\/puzzle-abstract-lion-puzzle-adulti-1000-piese\/p\/#breadcrumb"},"inLanguage":"ro-RO","potentialAction":[{"@type":"ReadAction","target":["https:\/\/business.roovi.com\/ro\/puzzle-abstract-lion-puzzle-adulti-1000-piese\/p\/"]}]},{"@type":"BreadcrumbList","@id":"https:\/\/business.roovi.com\/ro\/puzzle-abstract-lion-puzzle-adulti-1000-piese\/p\/#breadcrumb","itemListElement":[{"@type":"ListItem","position":1,"name":"Home","item":"https:\/\/business.roovi.com\/ro\/"},{"@type":"ListItem","position":2,"name":"Magazin","item":"https:\/\/business.roovi.com\/ro\/magazin\/"},{"@type":"ListItem","position":3,"name":"Puzzle Abstract Lion &#8211; Puzzle adul\u021bi 1000 piese"}]},{"@type":"WebSite","@id":"https:\/\/business.roovi.com\/ro\/#website","url":"https:\/\/business.roovi.com\/ro\/","name":"Roovi B2B","description":"Roovi Business Website","potentialAction":[{"@type":"SearchAction","target":{"@type":"EntryPoint","urlTemplate":"https:\/\/business.roovi.com\/ro\/?s={search_term_string}"},"query-input":"required name=search_term_string"}],"inLanguage":"ro-RO"}]}},"_links":{"self":[{"href":"https:\/\/business.roovi.com\/ro\/wp-json\/wp\/v2\/product\/65955","targetHints":{"allow":["GET"]}}],"collection":[{"href":"https:\/\/business.roovi.com\/ro\/wp-json\/wp\/v2\/product"}],"about":[{"href":"https:\/\/business.roovi.com\/ro\/wp-json\/wp\/v2\/types\/product"}],"version-history":[{"count":0,"href":"https:\/\/business.roovi.com\/ro\/wp-json\/wp\/v2\/product\/65955\/revisions"}],"wp:featuredmedia":[{"embeddable":true,"href":"https:\/\/business.roovi.com\/ro\/wp-json\/wp\/v2\/media\/65915"}],"wp:attachment":[{"href":"https:\/\/business.roovi.com\/ro\/wp-json\/wp\/v2\/media?parent=65955"}],"wp:term":[{"taxonomy":"product_brand","embeddable":true,"href":"https:\/\/business.roovi.com\/ro\/wp-json\/wp\/v2\/product_brand?post=65955"},{"taxonomy":"product_cat","embeddable":true,"href":"https:\/\/business.roovi.com\/ro\/wp-json\/wp\/v2\/product_cat?post=65955"},{"taxonomy":"product_tag","embeddable":true,"href":"https:\/\/business.roovi.com\/ro\/wp-json\/wp\/v2\/product_tag?post=65955"}],"curies":[{"name":"wp","href":"https:\/\/api.w.org\/{rel}","templated":true}]}}