{"id":66381,"date":"2023-03-08T13:38:13","date_gmt":"2023-03-08T13:38:13","guid":{"rendered":"https:\/\/business.roovi.com\/?post_type=product&#038;p=66381"},"modified":"2025-03-18T10:32:54","modified_gmt":"2025-03-18T10:32:54","slug":"puzzle-demeter-brigi-magic-forest-winter-puzzle-adulti-1000-piese","status":"publish","type":"product","link":"https:\/\/business.roovi.com\/ro\/puzzle-demeter-brigi-magic-forest-winter-puzzle-adulti-1000-piese\/p\/","title":{"rendered":"Puzzle Demeter Brigi &#8211; Magic Forest, Winter &#8211; Puzzle adul\u021bi 1000 piese"},"content":{"rendered":"<h3><span style=\"font-weight: 400;\">Cau\u021bi puzzle-uri cu ilustra\u021bii deosebite pentru zile creative \u0219i conectare cu cei dragi? Descoper\u0103 o colec\u021bie inedit\u0103 de 4 puzzle-uri originale concepute de artista Brigi Demeter care celebreaz\u0103 prin art\u0103 anotimpurile \u0219i m\u0103re\u021bia naturii: Puzzle Magic Forest &#8211; 1000 piese.\u00a0<\/span><\/h3>\n<p><strong>Cu sensibilitatea \u0219i talentul care o definesc, artista Brigi Demeter ne surprinde din nou cu ilustra\u021bia adorabil\u0103 din Puzzle Magic Forest &#8211; Winter, 1000 piese. Un puzzle candid, ce red\u0103 magia iernii \u0219i bucuria s\u0103rb\u0103torilor este ceea ce vei g\u0103si \u00een cutie.<\/strong><\/p>\n<p><span style=\"font-weight: 400;\">Cu fiecare pies\u0103 potrivit\u0103, \u021bi se a\u0219terne \u00een fa\u021b\u0103 o lume de basm \u00een care personaje adorabile tr\u0103iesc \u00een armonie cu natura \u0219i se bucur\u0103 de anotimpul rece.\u00a0<\/span><\/p>\n<p><span style=\"font-weight: 400;\">Puzzle Brigi Demeter &#8211; Magic Forest, Winter este prilej de relaxare \u0219i conectare cu tine \u00eensu\u021bi sau cu cei dragi, \u00een momentele libere de peste an sau de s\u0103rb\u0103tori.\u00a0<\/span><\/p>\n<p><span style=\"font-weight: 400;\">Dac\u0103 iube\u0219ti arta de a face puzzle sau \u00ee\u021bi dore\u0219ti o provocare creativ\u0103, Puzzle Magic Forest, Winter va fi cu siguran\u021b\u0103 o surpriz\u0103 pl\u0103cut\u0103.<\/span><\/p>\n<h3><span style=\"font-weight: 400;\">De ce s\u0103 alegi Puzzle 1000 &#8211; Magic Forest, Winter<\/span><\/h3>\n<ul>\n<li style=\"font-weight: 400;\" aria-level=\"1\"><span style=\"font-weight: 400;\">Tabloul rezultat are dimensiunile de<\/span><b> 68 x 47 cm<\/b><span style=\"font-weight: 400;\"> \u0219i poate fi transformat \u00eentr-un obiect decorativ pentru casa ta.\u00a0<\/span><\/li>\n<li style=\"font-weight: 400;\" aria-level=\"1\"><span style=\"font-weight: 400;\">O ilustra\u021bie realizat\u0103 de un artist contemporan este o pies\u0103 unic\u0103 pe care nu o vezi la toat\u0103 lumea.<\/span><\/li>\n<li style=\"font-weight: 400;\" aria-level=\"1\"><span style=\"font-weight: 400;\">Este un produs prietenos cu natura, fiind realizat din materiale sustenabile \u0219i reciclabile.<\/span><\/li>\n<li style=\"font-weight: 400;\" aria-level=\"1\"><span style=\"font-weight: 400;\">Finisajul este semi-lucios, \u00een culori vii ce transmit sensibilitate \u0219i induc o stare de relaxare profund\u0103.<\/span><\/li>\n<li style=\"font-weight: 400;\" aria-level=\"1\"><span style=\"font-weight: 400;\">Puzzle-ul are \u0219i o folie antireflex pentru ca asamblarea s\u0103 fie c\u00e2t mai u\u0219oar\u0103 \u0219i nederanjant\u0103 pentru ochi.<\/span><\/li>\n<li style=\"font-weight: 400;\" aria-level=\"1\"><span style=\"font-weight: 400;\">Este potrivit persoanelor peste 14 ani \u0219i poate fi o activitate deconectant\u0103 pentru \u00eentreaga familie.<\/span><\/li>\n<\/ul>\n<p><span style=\"font-weight: 400;\">Un joc puzzle complex precum Puzzle Brigi Demeter &#8211; Magic Forest &#8211; Winter<\/span> <span style=\"font-weight: 400;\">este o modalitate excelent\u0103 pentru a-\u021bi petrece timpul liber, precum \u0219i o surs\u0103 uimitoare de beneficii care se reflect\u0103 pe mai multe planuri:<\/span><\/p>\n<ul>\n<li style=\"font-weight: 400;\" aria-level=\"1\"><span style=\"font-weight: 400;\">\u00ce\u021bi pune cu adev\u0103rat mintea la treab\u0103 \u0219i constituie un antrenament excelent pentru creier.<\/span><\/li>\n<li style=\"font-weight: 400;\" aria-level=\"1\"><span style=\"font-weight: 400;\">\u00cembun\u0103t\u0103\u021be\u0219te aten\u021bia, concentrarea \u0219i coordonarea.<\/span><\/li>\n<li style=\"font-weight: 400;\" aria-level=\"1\"><span style=\"font-weight: 400;\">Stimuleaz\u0103 g\u00e2ndirea analitic\u0103, g\u00e2ndirea critic\u0103 \u0219i ra\u021bionamentul logic.<\/span><\/li>\n<li style=\"font-weight: 400;\" aria-level=\"1\"><span style=\"font-weight: 400;\">Ajut\u0103 la \u00eembun\u0103t\u0103\u021birea r\u0103bd\u0103rii \u0219i a perseveren\u021bei.<\/span><\/li>\n<li style=\"font-weight: 400;\" aria-level=\"1\"><span style=\"font-weight: 400;\">Reduce stresul \u0219i genereaz\u0103 o stare general\u0103 de relaxare \u0219i bun\u0103 dispozi\u021bie.<\/span><\/li>\n<\/ul>\n<h3><span style=\"font-weight: 400;\">Puzzle 1000 &#8211; Magic Forest, Winter creeaz\u0103 amintiri pre\u021bioase, al\u0103turi de cei dragi<\/span><\/h3>\n<p><span style=\"font-weight: 400;\">A face un puzzle de 1000 de piese poate s\u0103 \u00eensemne mai mult dec\u00e2t un joc. Poate fi o experien\u021b\u0103 grozav\u0103 de explorare \u0219i cunoa\u0219tere atunci c\u00e2nd asamblezi piesele al\u0103turi de copii sau de prieteni.\u00a0<\/span><\/p>\n<p><span style=\"font-weight: 400;\">Creeaz\u0103 a\u0219adar tabloul iernii din Puzzle 1000 &#8211; Magic Forest, Winter lucr\u00e2nd \u00een echip\u0103 \u0219i conect\u00e2ndu-te cu cei dragi. La final, celebra\u021bi munca depus\u0103 pun\u00e2nd \u00een ram\u0103 tabloul \u0219i admir\u00e2nd \u00een tihn\u0103 fiecare detaliu.<\/span><\/p>\n<p><span style=\"font-weight: 400;\">Puzzle 1000 &#8211; Magic Forest, Winter este ambalat \u00eentr-o cutie elegant\u0103 \u0219i poate fi cadoul perfect pentru orice iubitor de jocuri puzzle.\u00a0<\/span><\/p>\n<h3><span style=\"font-weight: 400;\">Iube\u0219ti toate anotimpurile \u0219i vrei s\u0103 ai colec\u021bia complet\u0103? Adaug\u0103 \u00een co\u0219 <\/span><b><a href=\"https:\/\/business.roovi.com\/ro\/puzzle-1000-deico-games-magic-forrest\/p\/\">Magic Forest &#8211; Spring<\/a>, <a href=\"https:\/\/business.roovi.com\/ro\/puzzle-demeter-brigi-magic-forest-summer-puzzle-adulti-1000-piese\/p\/\">Magic Forest &#8211; Summer<\/a>, <a href=\"https:\/\/business.roovi.com\/ro\/puzzle-demeter-brigi-magic-forest-autumn-puzzle-adulti-1000-piese\/p\/\">Magic Forest &#8211; Autumn<\/a><\/b><span style=\"font-weight: 400;\"> \u0219i completeaz\u0103-\u021bi \u00eentreaga serie ilustrat\u0103 de artista Brigi Demeter.<\/span><\/h3>\n","protected":false},"excerpt":{"rendered":"<p>Cau\u021bi puzzle-uri cu ilustra\u021bii deosebite pentru zile creative \u0219i conectare cu cei dragi? Descoper\u0103 o colec\u021bie inedit\u0103 de 4 puzzle-uri<\/p>\n","protected":false},"featured_media":70031,"template":"","meta":[],"product_brand":[],"product_cat":[1454,1488,1560],"product_tag":[2648,2646,2653],"class_list":{"0":"post-66381","1":"product","2":"type-product","3":"status-publish","4":"has-post-thumbnail","6":"product_cat-puzzle","7":"product_cat-puzzle-adulti","8":"product_cat-puzzle-adulti-1000","9":"product_tag-artpuzzle","10":"product_tag-puzzle1000","11":"product_tag-winter","13":"first","14":"instock","15":"taxable","16":"shipping-taxable","17":"product-type-simple"},"yoast_head":"<!-- This site is optimized with the Yoast SEO plugin v20.1 - https:\/\/yoast.com\/wordpress\/plugins\/seo\/ -->\n<title>Puzzle Demeter Brigi - Magic Forest, Winter - Puzzle adul\u021bi 1000 piese - Roovi B2B<\/title>\n<meta name=\"robots\" content=\"index, follow, max-snippet:-1, max-image-preview:large, max-video-preview:-1\" \/>\n<link rel=\"canonical\" href=\"https:\/\/business.roovi.com\/ro\/puzzle-demeter-brigi-magic-forest-winter-puzzle-adulti-1000-piese\/p\/\" \/>\n<meta property=\"og:locale\" content=\"ro_RO\" \/>\n<meta property=\"og:type\" content=\"article\" \/>\n<meta property=\"og:title\" content=\"Puzzle Demeter Brigi - Magic Forest, Winter - Puzzle adul\u021bi 1000 piese - Roovi B2B\" \/>\n<meta property=\"og:description\" content=\"Cau\u021bi puzzle-uri cu ilustra\u021bii deosebite pentru zile creative \u0219i conectare cu cei dragi? Descoper\u0103 o colec\u021bie inedit\u0103 de 4 puzzle-uri\" \/>\n<meta property=\"og:url\" content=\"https:\/\/business.roovi.com\/ro\/puzzle-demeter-brigi-magic-forest-winter-puzzle-adulti-1000-piese\/p\/\" \/>\n<meta property=\"og:site_name\" content=\"Roovi B2B\" \/>\n<meta property=\"article:publisher\" content=\"https:\/\/www.facebook.com\/wwwjucariero\" \/>\n<meta property=\"article:modified_time\" content=\"2025-03-18T10:32:54+00:00\" \/>\n<meta property=\"og:image\" content=\"https:\/\/business.roovi.com\/wp-content\/uploads\/2023\/03\/01_MAIN-31.jpg\" \/>\n\t<meta property=\"og:image:width\" content=\"1200\" \/>\n\t<meta property=\"og:image:height\" content=\"1200\" \/>\n\t<meta property=\"og:image:type\" content=\"image\/jpeg\" \/>\n<meta name=\"twitter:label1\" content=\"Timp estimat pentru citire\" \/>\n\t<meta name=\"twitter:data1\" content=\"3 minute\" \/>\n<script type=\"application\/ld+json\" class=\"yoast-schema-graph\">{\"@context\":\"https:\/\/schema.org\",\"@graph\":[{\"@type\":\"WebPage\",\"@id\":\"https:\/\/business.roovi.com\/ro\/puzzle-demeter-brigi-magic-forest-winter-puzzle-adulti-1000-piese\/p\/\",\"url\":\"https:\/\/business.roovi.com\/ro\/puzzle-demeter-brigi-magic-forest-winter-puzzle-adulti-1000-piese\/p\/\",\"name\":\"Puzzle Demeter Brigi - Magic Forest, Winter - Puzzle adul\u021bi 1000 piese - Roovi B2B\",\"isPartOf\":{\"@id\":\"https:\/\/business.roovi.com\/ro\/#website\"},\"datePublished\":\"2023-03-08T13:38:13+00:00\",\"dateModified\":\"2025-03-18T10:32:54+00:00\",\"breadcrumb\":{\"@id\":\"https:\/\/business.roovi.com\/ro\/puzzle-demeter-brigi-magic-forest-winter-puzzle-adulti-1000-piese\/p\/#breadcrumb\"},\"inLanguage\":\"ro-RO\",\"potentialAction\":[{\"@type\":\"ReadAction\",\"target\":[\"https:\/\/business.roovi.com\/ro\/puzzle-demeter-brigi-magic-forest-winter-puzzle-adulti-1000-piese\/p\/\"]}]},{\"@type\":\"BreadcrumbList\",\"@id\":\"https:\/\/business.roovi.com\/ro\/puzzle-demeter-brigi-magic-forest-winter-puzzle-adulti-1000-piese\/p\/#breadcrumb\",\"itemListElement\":[{\"@type\":\"ListItem\",\"position\":1,\"name\":\"Home\",\"item\":\"https:\/\/business.roovi.com\/ro\/\"},{\"@type\":\"ListItem\",\"position\":2,\"name\":\"Magazin\",\"item\":\"https:\/\/business.roovi.com\/ro\/magazin\/\"},{\"@type\":\"ListItem\",\"position\":3,\"name\":\"Puzzle Demeter Brigi &#8211; Magic Forest, Winter &#8211; Puzzle adul\u021bi 1000 piese\"}]},{\"@type\":\"WebSite\",\"@id\":\"https:\/\/business.roovi.com\/ro\/#website\",\"url\":\"https:\/\/business.roovi.com\/ro\/\",\"name\":\"Roovi B2B\",\"description\":\"Roovi Business Website\",\"potentialAction\":[{\"@type\":\"SearchAction\",\"target\":{\"@type\":\"EntryPoint\",\"urlTemplate\":\"https:\/\/business.roovi.com\/ro\/?s={search_term_string}\"},\"query-input\":\"required name=search_term_string\"}],\"inLanguage\":\"ro-RO\"}]}<\/script>\n<!-- \/ Yoast SEO plugin. -->","yoast_head_json":{"title":"Puzzle Demeter Brigi - Magic Forest, Winter - Puzzle adul\u021bi 1000 piese - Roovi B2B","robots":{"index":"index","follow":"follow","max-snippet":"max-snippet:-1","max-image-preview":"max-image-preview:large","max-video-preview":"max-video-preview:-1"},"canonical":"https:\/\/business.roovi.com\/ro\/puzzle-demeter-brigi-magic-forest-winter-puzzle-adulti-1000-piese\/p\/","og_locale":"ro_RO","og_type":"article","og_title":"Puzzle Demeter Brigi - Magic Forest, Winter - Puzzle adul\u021bi 1000 piese - Roovi B2B","og_description":"Cau\u021bi puzzle-uri cu ilustra\u021bii deosebite pentru zile creative \u0219i conectare cu cei dragi? Descoper\u0103 o colec\u021bie inedit\u0103 de 4 puzzle-uri","og_url":"https:\/\/business.roovi.com\/ro\/puzzle-demeter-brigi-magic-forest-winter-puzzle-adulti-1000-piese\/p\/","og_site_name":"Roovi B2B","article_publisher":"https:\/\/www.facebook.com\/wwwjucariero","article_modified_time":"2025-03-18T10:32:54+00:00","og_image":[{"width":1200,"height":1200,"url":"https:\/\/business.roovi.com\/wp-content\/uploads\/2023\/03\/01_MAIN-31.jpg","type":"image\/jpeg"}],"twitter_misc":{"Timp estimat pentru citire":"3 minute"},"schema":{"@context":"https:\/\/schema.org","@graph":[{"@type":"WebPage","@id":"https:\/\/business.roovi.com\/ro\/puzzle-demeter-brigi-magic-forest-winter-puzzle-adulti-1000-piese\/p\/","url":"https:\/\/business.roovi.com\/ro\/puzzle-demeter-brigi-magic-forest-winter-puzzle-adulti-1000-piese\/p\/","name":"Puzzle Demeter Brigi - Magic Forest, Winter - Puzzle adul\u021bi 1000 piese - Roovi B2B","isPartOf":{"@id":"https:\/\/business.roovi.com\/ro\/#website"},"datePublished":"2023-03-08T13:38:13+00:00","dateModified":"2025-03-18T10:32:54+00:00","breadcrumb":{"@id":"https:\/\/business.roovi.com\/ro\/puzzle-demeter-brigi-magic-forest-winter-puzzle-adulti-1000-piese\/p\/#breadcrumb"},"inLanguage":"ro-RO","potentialAction":[{"@type":"ReadAction","target":["https:\/\/business.roovi.com\/ro\/puzzle-demeter-brigi-magic-forest-winter-puzzle-adulti-1000-piese\/p\/"]}]},{"@type":"BreadcrumbList","@id":"https:\/\/business.roovi.com\/ro\/puzzle-demeter-brigi-magic-forest-winter-puzzle-adulti-1000-piese\/p\/#breadcrumb","itemListElement":[{"@type":"ListItem","position":1,"name":"Home","item":"https:\/\/business.roovi.com\/ro\/"},{"@type":"ListItem","position":2,"name":"Magazin","item":"https:\/\/business.roovi.com\/ro\/magazin\/"},{"@type":"ListItem","position":3,"name":"Puzzle Demeter Brigi &#8211; Magic Forest, Winter &#8211; Puzzle adul\u021bi 1000 piese"}]},{"@type":"WebSite","@id":"https:\/\/business.roovi.com\/ro\/#website","url":"https:\/\/business.roovi.com\/ro\/","name":"Roovi B2B","description":"Roovi Business Website","potentialAction":[{"@type":"SearchAction","target":{"@type":"EntryPoint","urlTemplate":"https:\/\/business.roovi.com\/ro\/?s={search_term_string}"},"query-input":"required name=search_term_string"}],"inLanguage":"ro-RO"}]}},"_links":{"self":[{"href":"https:\/\/business.roovi.com\/ro\/wp-json\/wp\/v2\/product\/66381","targetHints":{"allow":["GET"]}}],"collection":[{"href":"https:\/\/business.roovi.com\/ro\/wp-json\/wp\/v2\/product"}],"about":[{"href":"https:\/\/business.roovi.com\/ro\/wp-json\/wp\/v2\/types\/product"}],"version-history":[{"count":0,"href":"https:\/\/business.roovi.com\/ro\/wp-json\/wp\/v2\/product\/66381\/revisions"}],"wp:featuredmedia":[{"embeddable":true,"href":"https:\/\/business.roovi.com\/ro\/wp-json\/wp\/v2\/media\/70031"}],"wp:attachment":[{"href":"https:\/\/business.roovi.com\/ro\/wp-json\/wp\/v2\/media?parent=66381"}],"wp:term":[{"taxonomy":"product_brand","embeddable":true,"href":"https:\/\/business.roovi.com\/ro\/wp-json\/wp\/v2\/product_brand?post=66381"},{"taxonomy":"product_cat","embeddable":true,"href":"https:\/\/business.roovi.com\/ro\/wp-json\/wp\/v2\/product_cat?post=66381"},{"taxonomy":"product_tag","embeddable":true,"href":"https:\/\/business.roovi.com\/ro\/wp-json\/wp\/v2\/product_tag?post=66381"}],"curies":[{"name":"wp","href":"https:\/\/api.w.org\/{rel}","templated":true}]}}