{"id":66393,"date":"2023-03-09T06:27:41","date_gmt":"2023-03-09T06:27:41","guid":{"rendered":"https:\/\/business.roovi.com\/?post_type=product&#038;p=66393"},"modified":"2025-03-18T10:33:43","modified_gmt":"2025-03-18T10:33:43","slug":"puzzle-demeter-brigi-magic-forest-summer-puzzle-adulti-1000-piese","status":"publish","type":"product","link":"https:\/\/business.roovi.com\/ro\/puzzle-demeter-brigi-magic-forest-summer-puzzle-adulti-1000-piese\/p\/","title":{"rendered":"Puzzle Demeter Brigi &#8211; Magic Forest, Summer &#8211; Puzzle adul\u021bi, 1000 piese"},"content":{"rendered":"<h3><span style=\"font-weight: 400;\">Cau\u021bi puzzle-uri cu ilustra\u021bii deosebite pentru zile creative \u0219i conectare cu cei dragi? Descoper\u0103 o colec\u021bie inedit\u0103 de 4 puzzle-uri originale concepute de artista Brigi Demeter care celebreaz\u0103 prin art\u0103 anotimpurile \u0219i m\u0103re\u021bia naturii: Puzzle Magic Forest &#8211; 1000 piese.\u00a0<\/span><\/h3>\n<p><b>Puzzle Magic Forest Summer, 1000 piese aduce c\u0103ldura \u0219i lumina verii pe m\u0103su\u021ba ta de puzzles. C\u00e2teva personaje animate tr\u0103iesc cu bucurie \u0219i \u00een armonie cu natura cel mai cald anotimp din an.<\/b><\/p>\n<p><span style=\"font-weight: 400;\">Culorile pl\u0103cute \u0219i combinarea echilibrat\u0103 a nuan\u021belor induc o stare de relaxare oric\u0103rui iubitor de puzzles \u0219i art\u0103. Tabloul rezultat este o adev\u0103rat\u0103 capodoper\u0103 artistic\u0103 pe care o po\u021bi admira oric\u00e2nd ai nevoie s\u0103-\u021bi relaxezi mintea \u0219i sufletul.<\/span><\/p>\n<p><span style=\"font-weight: 400;\">Puzzle Magic Forest Summer, 1000 piese este prilej minunat de a te conecta cu adolescen\u021bii. Jocul Puzzle destinde atmosfera \u0219i deschide calea spre comunicare \u0219i apropiere \u00eentr-un mod foarte pl\u0103cut de care copiii au mereu nevoie.<\/span><\/p>\n<h3><span style=\"font-weight: 400;\">De ce s\u0103 alegi Puzzle Magic Forest Summer &#8211; Puzzle adul\u021bi, 1000 piese<\/span><\/h3>\n<ul>\n<li style=\"font-weight: 400;\" aria-level=\"1\"><span style=\"font-weight: 400;\">Este produs din carton gros, de calitate superioar\u0103, asigur\u00e2nd astfel rezisten\u021b\u0103 \u00eendelungat\u0103 \u0219i experien\u021be uimitoare de asamblare.<\/span><\/li>\n<li style=\"font-weight: 400;\" aria-level=\"1\"><span style=\"font-weight: 400;\">Ob\u021bii un tablou cu dimensiuni generoase &#8211; <\/span><b>68 x 47 cm<\/b><span style=\"font-weight: 400;\"> &#8211; cu care \u00ee\u021bi po\u021bi \u00eenfrumuse\u021ba locuin\u021ba.<\/span><\/li>\n<li style=\"font-weight: 400;\" aria-level=\"1\"><span style=\"font-weight: 400;\">Este un produs prietenos cu natura, fiind realizat din materiale sustenabile \u0219i reciclabile.<\/span><\/li>\n<li style=\"font-weight: 400;\" aria-level=\"1\"><span style=\"font-weight: 400;\">Finisajul este semi-lucios, \u00een culori vii ce transmit sensibilitate \u0219i induc o stare de relaxare profund\u0103.<\/span><\/li>\n<li style=\"font-weight: 400;\" aria-level=\"1\"><span style=\"font-weight: 400;\">Puzzle-ul are \u0219i o folie antireflex pentru ca asamblarea s\u0103 fie c\u00e2t mai u\u0219oar\u0103 \u0219i nederanjant\u0103 pentru ochi.<\/span><\/li>\n<li style=\"font-weight: 400;\" aria-level=\"1\"><span style=\"font-weight: 400;\">Este potrivit persoanelor peste 14 ani \u0219i poate fi o activitate deconectant\u0103 pentru \u00eentreaga familie.<\/span><\/li>\n<\/ul>\n<h3><span style=\"font-weight: 400;\">\u0218tiai c\u0103 un puzzle 1000 piese\u2026.<\/span><\/h3>\n<ul>\n<li style=\"font-weight: 400;\" aria-level=\"1\"><span style=\"font-weight: 400;\">\u00ce\u021bi cultiv\u0103 r\u0103bdarea \u0219i \u00ee\u021bi antreneaz\u0103 perseveren\u021ba.<\/span><\/li>\n<li style=\"font-weight: 400;\" aria-level=\"1\"><span style=\"font-weight: 400;\">Se aseam\u0103n\u0103 cu o medita\u021bie profund\u0103 \u0219i este un prilej de a-\u021bi pune ordine \u00een g\u00e2nduri.<\/span><\/li>\n<li style=\"font-weight: 400;\" aria-level=\"1\"><span style=\"font-weight: 400;\">Te face mai optimist \u0219i mai fericit, sporindu-\u021bi totodat\u0103 \u00eencrederea \u00een for\u021bele proprii.<\/span><\/li>\n<li style=\"font-weight: 400;\" aria-level=\"1\"><span style=\"font-weight: 400;\">\u00ce\u021bi dezvolt\u0103 capacitatea de a g\u0103si solu\u021bii \u00een situa\u021bii limit\u0103 \u0219i de a rezolva problemele.<\/span><\/li>\n<li style=\"font-weight: 400;\" aria-level=\"1\"><span style=\"font-weight: 400;\">Te ajut\u0103 s\u0103 \u00eencetine\u0219ti ritmul rapid \u00een care tr\u0103ie\u0219ti \u0219i s\u0103 te bucuri de momentul prezent.<\/span><\/li>\n<\/ul>\n<h3><span style=\"font-weight: 400;\">Puzzle Magic Forest &#8211; Summer &#8211; pentru multe ore de relaxare \u0219i veselie<\/span><\/h3>\n<p><span style=\"font-weight: 400;\">Completarea unui puzzle de 1000 piese dureaz\u0103 p\u00e2n\u0103 la 30 de ore. Dac\u0103 e\u0219ti mai experimentat sau ai ajutoare, posibil s\u0103 refaci imaginea ceva mai repede. Oricum ar fi, acesta este un timp frumos, \u00een care minutele se scurg cu sens, aduc\u00e2nd lini\u0219te \u0219i fericire.<\/span><\/p>\n<p><span style=\"font-weight: 400;\">Alege a\u0219adar Puzzle Magic Forest &#8211; Summer \u0219i bucur\u0103-te de toate beneficiile pe care \u021bi le ofer\u0103 un puzzle de 1000 de piese. Pentru relaxare \u00een intimitate, pentru conectare cu copiii sau timp creativ al\u0103turi de prieteni, Puzzle Magic Forest &#8211; 1000 piese este op\u021biunea perfect\u0103.<\/span><\/p>\n<p><span style=\"font-weight: 400;\">De asemenea, acest puzzle pentru adul\u021bi poate fi un cadou minunat pe care s\u0103 \u00eel oferi celor dragi la diverse ocazii de s\u0103rb\u0103toare.\u00a0<\/span><\/p>\n<h3><span style=\"font-weight: 400;\">Iube\u0219ti toate anotimpurile \u0219i vrei s\u0103 ai colec\u021bia complet\u0103? Adaug\u0103 \u00een co\u0219 <\/span><b><a href=\"https:\/\/business.roovi.com\/ro\/puzzle-1000-deico-games-magic-forrest\/p\/\">Magic Forest &#8211; Spring<\/a>, <a href=\"https:\/\/business.roovi.com\/ro\/puzzle-demeter-brigi-magic-forest-autumn-puzzle-adulti-1000-piese\/p\/\">Magic Forest &#8211; Autumn<\/a>, <a href=\"https:\/\/business.roovi.com\/ro\/puzzle-demeter-brigi-magic-forest-winter-puzzle-adulti-1000-piese\/p\/\">Magic Forest &#8211; Winter<\/a><\/b><span style=\"font-weight: 400;\"> \u0219i completeaz\u0103-\u021bi \u00eentreaga serie ilustrat\u0103 de artista Brigi Demeter.<\/span><\/h3>\n","protected":false},"excerpt":{"rendered":"<p>Cau\u021bi puzzle-uri cu ilustra\u021bii deosebite pentru zile creative \u0219i conectare cu cei dragi? Descoper\u0103 o colec\u021bie inedit\u0103 de 4 puzzle-uri<\/p>\n","protected":false},"featured_media":69831,"template":"","meta":[],"product_brand":[],"product_cat":[1454,1488,1560],"product_tag":[2648,2646,2647],"class_list":{"0":"post-66393","1":"product","2":"type-product","3":"status-publish","4":"has-post-thumbnail","6":"product_cat-puzzle","7":"product_cat-puzzle-adulti","8":"product_cat-puzzle-adulti-1000","9":"product_tag-artpuzzle","10":"product_tag-puzzle1000","11":"product_tag-summer","13":"first","14":"instock","15":"taxable","16":"shipping-taxable","17":"product-type-simple"},"yoast_head":"<!-- This site is optimized with the Yoast SEO plugin v20.1 - https:\/\/yoast.com\/wordpress\/plugins\/seo\/ -->\n<title>Puzzle Demeter Brigi - Magic Forest, Summer - Puzzle adul\u021bi, 1000 piese - Roovi B2B<\/title>\n<meta name=\"robots\" content=\"index, follow, max-snippet:-1, max-image-preview:large, max-video-preview:-1\" \/>\n<link rel=\"canonical\" href=\"https:\/\/business.roovi.com\/ro\/puzzle-demeter-brigi-magic-forest-summer-puzzle-adulti-1000-piese\/p\/\" \/>\n<meta property=\"og:locale\" content=\"ro_RO\" \/>\n<meta property=\"og:type\" content=\"article\" \/>\n<meta property=\"og:title\" content=\"Puzzle Demeter Brigi - Magic Forest, Summer - Puzzle adul\u021bi, 1000 piese - Roovi B2B\" \/>\n<meta property=\"og:description\" content=\"Cau\u021bi puzzle-uri cu ilustra\u021bii deosebite pentru zile creative \u0219i conectare cu cei dragi? Descoper\u0103 o colec\u021bie inedit\u0103 de 4 puzzle-uri\" \/>\n<meta property=\"og:url\" content=\"https:\/\/business.roovi.com\/ro\/puzzle-demeter-brigi-magic-forest-summer-puzzle-adulti-1000-piese\/p\/\" \/>\n<meta property=\"og:site_name\" content=\"Roovi B2B\" \/>\n<meta property=\"article:publisher\" content=\"https:\/\/www.facebook.com\/wwwjucariero\" \/>\n<meta property=\"article:modified_time\" content=\"2025-03-18T10:33:43+00:00\" \/>\n<meta property=\"og:image\" content=\"https:\/\/business.roovi.com\/wp-content\/uploads\/2023\/03\/01_MAIN-26.jpg\" \/>\n\t<meta property=\"og:image:width\" content=\"1200\" \/>\n\t<meta property=\"og:image:height\" content=\"1200\" \/>\n\t<meta property=\"og:image:type\" content=\"image\/jpeg\" \/>\n<meta name=\"twitter:label1\" content=\"Timp estimat pentru citire\" \/>\n\t<meta name=\"twitter:data1\" content=\"3 minute\" \/>\n<script type=\"application\/ld+json\" class=\"yoast-schema-graph\">{\"@context\":\"https:\/\/schema.org\",\"@graph\":[{\"@type\":\"WebPage\",\"@id\":\"https:\/\/business.roovi.com\/ro\/puzzle-demeter-brigi-magic-forest-summer-puzzle-adulti-1000-piese\/p\/\",\"url\":\"https:\/\/business.roovi.com\/ro\/puzzle-demeter-brigi-magic-forest-summer-puzzle-adulti-1000-piese\/p\/\",\"name\":\"Puzzle Demeter Brigi - Magic Forest, Summer - Puzzle adul\u021bi, 1000 piese - Roovi B2B\",\"isPartOf\":{\"@id\":\"https:\/\/business.roovi.com\/ro\/#website\"},\"datePublished\":\"2023-03-09T06:27:41+00:00\",\"dateModified\":\"2025-03-18T10:33:43+00:00\",\"breadcrumb\":{\"@id\":\"https:\/\/business.roovi.com\/ro\/puzzle-demeter-brigi-magic-forest-summer-puzzle-adulti-1000-piese\/p\/#breadcrumb\"},\"inLanguage\":\"ro-RO\",\"potentialAction\":[{\"@type\":\"ReadAction\",\"target\":[\"https:\/\/business.roovi.com\/ro\/puzzle-demeter-brigi-magic-forest-summer-puzzle-adulti-1000-piese\/p\/\"]}]},{\"@type\":\"BreadcrumbList\",\"@id\":\"https:\/\/business.roovi.com\/ro\/puzzle-demeter-brigi-magic-forest-summer-puzzle-adulti-1000-piese\/p\/#breadcrumb\",\"itemListElement\":[{\"@type\":\"ListItem\",\"position\":1,\"name\":\"Home\",\"item\":\"https:\/\/business.roovi.com\/ro\/\"},{\"@type\":\"ListItem\",\"position\":2,\"name\":\"Magazin\",\"item\":\"https:\/\/business.roovi.com\/ro\/magazin\/\"},{\"@type\":\"ListItem\",\"position\":3,\"name\":\"Puzzle Demeter Brigi &#8211; Magic Forest, Summer &#8211; Puzzle adul\u021bi, 1000 piese\"}]},{\"@type\":\"WebSite\",\"@id\":\"https:\/\/business.roovi.com\/ro\/#website\",\"url\":\"https:\/\/business.roovi.com\/ro\/\",\"name\":\"Roovi B2B\",\"description\":\"Roovi Business Website\",\"potentialAction\":[{\"@type\":\"SearchAction\",\"target\":{\"@type\":\"EntryPoint\",\"urlTemplate\":\"https:\/\/business.roovi.com\/ro\/?s={search_term_string}\"},\"query-input\":\"required name=search_term_string\"}],\"inLanguage\":\"ro-RO\"}]}<\/script>\n<!-- \/ Yoast SEO plugin. -->","yoast_head_json":{"title":"Puzzle Demeter Brigi - Magic Forest, Summer - Puzzle adul\u021bi, 1000 piese - Roovi B2B","robots":{"index":"index","follow":"follow","max-snippet":"max-snippet:-1","max-image-preview":"max-image-preview:large","max-video-preview":"max-video-preview:-1"},"canonical":"https:\/\/business.roovi.com\/ro\/puzzle-demeter-brigi-magic-forest-summer-puzzle-adulti-1000-piese\/p\/","og_locale":"ro_RO","og_type":"article","og_title":"Puzzle Demeter Brigi - Magic Forest, Summer - Puzzle adul\u021bi, 1000 piese - Roovi B2B","og_description":"Cau\u021bi puzzle-uri cu ilustra\u021bii deosebite pentru zile creative \u0219i conectare cu cei dragi? Descoper\u0103 o colec\u021bie inedit\u0103 de 4 puzzle-uri","og_url":"https:\/\/business.roovi.com\/ro\/puzzle-demeter-brigi-magic-forest-summer-puzzle-adulti-1000-piese\/p\/","og_site_name":"Roovi B2B","article_publisher":"https:\/\/www.facebook.com\/wwwjucariero","article_modified_time":"2025-03-18T10:33:43+00:00","og_image":[{"width":1200,"height":1200,"url":"https:\/\/business.roovi.com\/wp-content\/uploads\/2023\/03\/01_MAIN-26.jpg","type":"image\/jpeg"}],"twitter_misc":{"Timp estimat pentru citire":"3 minute"},"schema":{"@context":"https:\/\/schema.org","@graph":[{"@type":"WebPage","@id":"https:\/\/business.roovi.com\/ro\/puzzle-demeter-brigi-magic-forest-summer-puzzle-adulti-1000-piese\/p\/","url":"https:\/\/business.roovi.com\/ro\/puzzle-demeter-brigi-magic-forest-summer-puzzle-adulti-1000-piese\/p\/","name":"Puzzle Demeter Brigi - Magic Forest, Summer - Puzzle adul\u021bi, 1000 piese - Roovi B2B","isPartOf":{"@id":"https:\/\/business.roovi.com\/ro\/#website"},"datePublished":"2023-03-09T06:27:41+00:00","dateModified":"2025-03-18T10:33:43+00:00","breadcrumb":{"@id":"https:\/\/business.roovi.com\/ro\/puzzle-demeter-brigi-magic-forest-summer-puzzle-adulti-1000-piese\/p\/#breadcrumb"},"inLanguage":"ro-RO","potentialAction":[{"@type":"ReadAction","target":["https:\/\/business.roovi.com\/ro\/puzzle-demeter-brigi-magic-forest-summer-puzzle-adulti-1000-piese\/p\/"]}]},{"@type":"BreadcrumbList","@id":"https:\/\/business.roovi.com\/ro\/puzzle-demeter-brigi-magic-forest-summer-puzzle-adulti-1000-piese\/p\/#breadcrumb","itemListElement":[{"@type":"ListItem","position":1,"name":"Home","item":"https:\/\/business.roovi.com\/ro\/"},{"@type":"ListItem","position":2,"name":"Magazin","item":"https:\/\/business.roovi.com\/ro\/magazin\/"},{"@type":"ListItem","position":3,"name":"Puzzle Demeter Brigi &#8211; Magic Forest, Summer &#8211; Puzzle adul\u021bi, 1000 piese"}]},{"@type":"WebSite","@id":"https:\/\/business.roovi.com\/ro\/#website","url":"https:\/\/business.roovi.com\/ro\/","name":"Roovi B2B","description":"Roovi Business Website","potentialAction":[{"@type":"SearchAction","target":{"@type":"EntryPoint","urlTemplate":"https:\/\/business.roovi.com\/ro\/?s={search_term_string}"},"query-input":"required name=search_term_string"}],"inLanguage":"ro-RO"}]}},"_links":{"self":[{"href":"https:\/\/business.roovi.com\/ro\/wp-json\/wp\/v2\/product\/66393","targetHints":{"allow":["GET"]}}],"collection":[{"href":"https:\/\/business.roovi.com\/ro\/wp-json\/wp\/v2\/product"}],"about":[{"href":"https:\/\/business.roovi.com\/ro\/wp-json\/wp\/v2\/types\/product"}],"version-history":[{"count":0,"href":"https:\/\/business.roovi.com\/ro\/wp-json\/wp\/v2\/product\/66393\/revisions"}],"wp:featuredmedia":[{"embeddable":true,"href":"https:\/\/business.roovi.com\/ro\/wp-json\/wp\/v2\/media\/69831"}],"wp:attachment":[{"href":"https:\/\/business.roovi.com\/ro\/wp-json\/wp\/v2\/media?parent=66393"}],"wp:term":[{"taxonomy":"product_brand","embeddable":true,"href":"https:\/\/business.roovi.com\/ro\/wp-json\/wp\/v2\/product_brand?post=66393"},{"taxonomy":"product_cat","embeddable":true,"href":"https:\/\/business.roovi.com\/ro\/wp-json\/wp\/v2\/product_cat?post=66393"},{"taxonomy":"product_tag","embeddable":true,"href":"https:\/\/business.roovi.com\/ro\/wp-json\/wp\/v2\/product_tag?post=66393"}],"curies":[{"name":"wp","href":"https:\/\/api.w.org\/{rel}","templated":true}]}}