{"id":66528,"date":"2023-03-10T08:14:09","date_gmt":"2023-03-10T08:14:09","guid":{"rendered":"https:\/\/business.roovi.com\/?post_type=product&#038;p=66528"},"modified":"2025-03-18T09:17:45","modified_gmt":"2025-03-18T09:17:45","slug":"puzzle-big-ben-london-uk-puzzle-adulti-1000-piese-discover-europe","status":"publish","type":"product","link":"https:\/\/business.roovi.com\/ro\/puzzle-big-ben-london-uk-puzzle-adulti-1000-piese-discover-europe\/p\/","title":{"rendered":"Puzzle Big Ben, London, UK \u2013 Puzzle adul\u021bi 1000 piese \u2013 Discover Europe"},"content":{"rendered":"<h3><span style=\"font-weight: 400;\">\u00ce\u021bi plac jocurile puzzle cu imagini clare, ce reflect\u0103 m\u0103re\u021bia unor monumente celebre? Alege Puzzle 1000 piese Big Ben din colec\u021bia Discover Europe de la ROOVI \u0219i ofer\u0103-\u021bi c\u00e2teva ore creative \u0219i relaxante.<\/span><\/h3>\n<p><span style=\"font-weight: 400;\">Puzzle 1000 piese &#8211; Big Ben este perfect pentru to\u021bi iubitorii de jocuri puzzle, precum \u0219i pentru cei care sunt pasiona\u021bi de cultura \u0219i istoria Londrei. Puzzle Big Ben este mai mult dec\u00e2t un puzzle, este o experien\u021b\u0103 senzorial\u0103 grozav\u0103 \u0219i un prilej de cunoa\u0219tere \u0219i relaxare.<\/span><\/p>\n<p><span style=\"font-weight: 400;\">Puzzle 1000 &#8211; Big Ben red\u0103 o imagine spectaculoas\u0103, de o claritate des\u0103v\u00e2r\u0219it\u0103, a celui mai emblematic simbol al capitalei britanice. Big Ben face parte din Palatul Westminster \u0219i\u00a0 se ridic\u0103 la \u00een\u0103l\u021bimea de aproximativ 97 de metri.<\/span><\/p>\n<p><span style=\"font-weight: 400;\">Imaginea din puzzle 1000 &#8211; Big Ben este foarte bine realizat\u0103 \u0219i surprinde detaliile complexe ale turnului cu ceas, precum \u0219i cl\u0103dirile din jur.\u00a0<\/span><\/p>\n<p><span style=\"font-weight: 400;\">Datorit\u0103 complexit\u0103\u021bii detaliilor, este posibil s\u0103 ai nevoie de mai mult timp pentru asamblare. De aceea, este important s\u0103 \u00ee\u021bi creezi un spa\u021biu confortabil, luminat corespunz\u0103tor pentru a-\u021bi u\u0219ura munca. Imaginea final\u0103 merit\u0103 \u00eens\u0103 toat\u0103 aten\u021bia \u0219i concentrarea. Ob\u021bii o adev\u0103rat\u0103 capodoper\u0103 artistic\u0103 pe care o po\u021bi utiliza oric\u00e2nd cu scop decorativ.<\/span><\/p>\n<h3><span style=\"font-weight: 400;\">De ce s\u0103 alegi Puzzle 1000 piese &#8211; Big Ben<\/span><\/h3>\n<p><span style=\"font-weight: 400;\">Imaginea ref\u0103cut\u0103 are dimensiuni generoase, de <\/span><b>68 x 47 cm,<\/b><span style=\"font-weight: 400;\"> poate fi \u00eenr\u0103mat\u0103 \u0219i admirat\u0103 oric\u00e2nd sim\u021bi nevoia s\u0103 te deconectezi.<\/span><\/p>\n<p><span style=\"font-weight: 400;\">Este produs din carton gros, de calitate superioar\u0103, care \u00eei confer\u0103 o rezisten\u021b\u0103 sporit\u0103. Puzzle-ul se poate asambla de nenum\u0103rate ori f\u0103r\u0103 ca piesele s\u0103 se deterioreze.<\/span><\/p>\n<p><span style=\"font-weight: 400;\">Finisajul este semi-lucios, \u00een culori pl\u0103cute care transmit frumuse\u021bea \u0219i m\u0103re\u021bia monumentului.<\/span><\/p>\n<p><span style=\"font-weight: 400;\">Este un produs prietenos cu natura, fiind realizat din materiale sustenabile, reciclabile.<\/span><\/p>\n<p><span style=\"font-weight: 400;\">Potrivit persoanelor peste 14 ani. A\u0219adar, poate fi prilejul perfect pentru a te conecta \u0219i a petrece timp de calitate al\u0103turi de adolescen\u021bi.<\/span><\/p>\n<p><span style=\"font-weight: 400;\">Un puzzle 1000 piese este o modalitate pl\u0103cut\u0103 pentru a explora un obiectiv renumit \u00een lumea \u00eentreag\u0103, a\u0219a cum este Big Ben.\u00a0<\/span><\/p>\n<h3><span style=\"font-weight: 400;\">Despre Big Ben \u0219tiai c\u0103\u2026<\/span><\/h3>\n<ul>\n<li style=\"font-weight: 400;\" aria-level=\"1\"><span style=\"font-weight: 400;\">Este cel mai mare ceas cu patru fe\u021be \u0219i clopot din lume.<\/span><\/li>\n<li style=\"font-weight: 400;\" aria-level=\"1\"><span style=\"font-weight: 400;\">Numele &#8222;Big Ben&#8221; se refer\u0103 de fapt la clopotul din interiorul turnului cu ceas, nu la turnul \u00een sine. Turnul este cunoscut oficial sub numele de <\/span><i><span style=\"font-weight: 400;\">&#8222;<\/span><\/i><i><span style=\"font-weight: 400;\">Elizabeth Tower<\/span><\/i><i><span style=\"font-weight: 400;\">&#8222;<\/span><\/i><span style=\"font-weight: 400;\">.<\/span><\/li>\n<li style=\"font-weight: 400;\" aria-level=\"1\"><span style=\"font-weight: 400;\">Clopotul principal c\u00e2nt\u0103re\u0219te 13,7 tone \u0219i este denumit <\/span><i><span style=\"font-weight: 400;\">&#8222;The Great Bell&#8221;<\/span><\/i><span style=\"font-weight: 400;\">. Al\u0103turi de el, \u00een turnul cu ceas mai sunt alte 4 clopote mai mici care bat la fiecare sfert de or\u0103.<\/span><\/li>\n<li style=\"font-weight: 400;\" aria-level=\"1\"><span style=\"font-weight: 400;\">\u00cen timpul celui de-al II-lea R\u0103zboi Mondial, ceasul nu a fost iluminat pentru a \u00eempiedica avioanele inamice s\u0103 identifice Camerele Parlamentului.<\/span><\/li>\n<li style=\"font-weight: 400;\" aria-level=\"1\"><span style=\"font-weight: 400;\">Ceasul este celebru pentru acurate\u021bea sa. Deasupra pendulului, sunt plasate mai multe monezi vechi britanice de un penny, acestea fiind puse acolo pentru ajustarea orei.\u00a0<\/span><\/li>\n<\/ul>\n<h3><span style=\"font-weight: 400;\">Puzzle 1000 piese &#8211; Big Ben: deconectare de la ritmul rapid al vie\u021bii<\/span><\/h3>\n<p><span style=\"font-weight: 400;\">C\u00e2nd sim\u021bi nevoia s\u0103 \u00eencetine\u0219ti ritmul \u0219i s\u0103 ie\u0219i din rutin\u0103, alege un puzzle 1000 piese din colec\u021bia Discover Europe de la ROOVI. Imaginile de o claritate impecabil\u0103, culorile pl\u0103cute \u0219i designul elegant \u00ee\u021bi induc o stare de relaxare \u0219i te dispun \u00een momentele tensionate.<\/span><\/p>\n<p><span style=\"font-weight: 400;\">Puzzle 1000 piese &#8211; Big Ben te duce cu mintea chiar \u00een centrul Londrei, aproape de cel mai popular obiectiv imortalizat \u00een milioane de fotografii.<\/span><\/p>\n<p><span style=\"font-weight: 400;\">Pentru relaxare \u00een intimitate, pentru conectare cu copiii sau timp de calitate al\u0103turi de prieteni, Puzzle Big Ben, 1000 piese este op\u021biunea perfect\u0103.<\/span><\/p>\n<p><span style=\"font-weight: 400;\">De asemenea, acest puzzle pentru adul\u021bi poate fi un cadou minunat pe care s\u0103 \u00eel oferi celor dragi cu diverse ocazii de s\u0103rb\u0103toare.\u00a0<\/span><\/p>\n","protected":false},"excerpt":{"rendered":"<p>\u00ce\u021bi plac jocurile puzzle cu imagini clare, ce reflect\u0103 m\u0103re\u021bia unor monumente celebre? Alege Puzzle 1000 piese Big Ben din<\/p>\n","protected":false},"featured_media":66529,"template":"","meta":[],"product_brand":[],"product_cat":[1454,1488,1560],"product_tag":[2685,2684,2658,2646],"class_list":{"0":"post-66528","1":"product","2":"type-product","3":"status-publish","4":"has-post-thumbnail","6":"product_cat-puzzle","7":"product_cat-puzzle-adulti","8":"product_cat-puzzle-adulti-1000","9":"product_tag-adultpuzzle","10":"product_tag-bigbenpuzzle","11":"product_tag-launched2023","12":"product_tag-puzzle1000","14":"first","15":"instock","16":"taxable","17":"shipping-taxable","18":"product-type-simple"},"yoast_head":"<!-- This site is optimized with the Yoast SEO plugin v20.1 - https:\/\/yoast.com\/wordpress\/plugins\/seo\/ -->\n<title>Puzzle Big Ben, London, UK \u2013 Puzzle adul\u021bi 1000 piese \u2013 Discover Europe - Roovi B2B<\/title>\n<meta name=\"robots\" content=\"index, follow, max-snippet:-1, max-image-preview:large, max-video-preview:-1\" \/>\n<link rel=\"canonical\" href=\"https:\/\/business.roovi.com\/ro\/puzzle-big-ben-london-uk-puzzle-adulti-1000-piese-discover-europe\/p\/\" \/>\n<meta property=\"og:locale\" content=\"ro_RO\" \/>\n<meta property=\"og:type\" content=\"article\" \/>\n<meta property=\"og:title\" content=\"Puzzle Big Ben, London, UK \u2013 Puzzle adul\u021bi 1000 piese \u2013 Discover Europe - Roovi B2B\" \/>\n<meta property=\"og:description\" content=\"\u00ce\u021bi plac jocurile puzzle cu imagini clare, ce reflect\u0103 m\u0103re\u021bia unor monumente celebre? Alege Puzzle 1000 piese Big Ben din\" \/>\n<meta property=\"og:url\" content=\"https:\/\/business.roovi.com\/ro\/puzzle-big-ben-london-uk-puzzle-adulti-1000-piese-discover-europe\/p\/\" \/>\n<meta property=\"og:site_name\" content=\"Roovi B2B\" \/>\n<meta property=\"article:publisher\" content=\"https:\/\/www.facebook.com\/wwwjucariero\" \/>\n<meta property=\"article:modified_time\" content=\"2025-03-18T09:17:45+00:00\" \/>\n<meta property=\"og:image\" content=\"https:\/\/business.roovi.com\/wp-content\/uploads\/2023\/03\/01_MAIN-3.jpg\" \/>\n\t<meta property=\"og:image:width\" content=\"1200\" \/>\n\t<meta property=\"og:image:height\" content=\"1200\" \/>\n\t<meta property=\"og:image:type\" content=\"image\/jpeg\" \/>\n<meta name=\"twitter:label1\" content=\"Timp estimat pentru citire\" \/>\n\t<meta name=\"twitter:data1\" content=\"3 minute\" \/>\n<script type=\"application\/ld+json\" class=\"yoast-schema-graph\">{\"@context\":\"https:\/\/schema.org\",\"@graph\":[{\"@type\":\"WebPage\",\"@id\":\"https:\/\/business.roovi.com\/ro\/puzzle-big-ben-london-uk-puzzle-adulti-1000-piese-discover-europe\/p\/\",\"url\":\"https:\/\/business.roovi.com\/ro\/puzzle-big-ben-london-uk-puzzle-adulti-1000-piese-discover-europe\/p\/\",\"name\":\"Puzzle Big Ben, London, UK \u2013 Puzzle adul\u021bi 1000 piese \u2013 Discover Europe - Roovi B2B\",\"isPartOf\":{\"@id\":\"https:\/\/business.roovi.com\/ro\/#website\"},\"datePublished\":\"2023-03-10T08:14:09+00:00\",\"dateModified\":\"2025-03-18T09:17:45+00:00\",\"breadcrumb\":{\"@id\":\"https:\/\/business.roovi.com\/ro\/puzzle-big-ben-london-uk-puzzle-adulti-1000-piese-discover-europe\/p\/#breadcrumb\"},\"inLanguage\":\"ro-RO\",\"potentialAction\":[{\"@type\":\"ReadAction\",\"target\":[\"https:\/\/business.roovi.com\/ro\/puzzle-big-ben-london-uk-puzzle-adulti-1000-piese-discover-europe\/p\/\"]}]},{\"@type\":\"BreadcrumbList\",\"@id\":\"https:\/\/business.roovi.com\/ro\/puzzle-big-ben-london-uk-puzzle-adulti-1000-piese-discover-europe\/p\/#breadcrumb\",\"itemListElement\":[{\"@type\":\"ListItem\",\"position\":1,\"name\":\"Home\",\"item\":\"https:\/\/business.roovi.com\/ro\/\"},{\"@type\":\"ListItem\",\"position\":2,\"name\":\"Magazin\",\"item\":\"https:\/\/business.roovi.com\/ro\/magazin\/\"},{\"@type\":\"ListItem\",\"position\":3,\"name\":\"Puzzle Big Ben, London, UK \u2013 Puzzle adul\u021bi 1000 piese \u2013 Discover Europe\"}]},{\"@type\":\"WebSite\",\"@id\":\"https:\/\/business.roovi.com\/ro\/#website\",\"url\":\"https:\/\/business.roovi.com\/ro\/\",\"name\":\"Roovi B2B\",\"description\":\"Roovi Business Website\",\"potentialAction\":[{\"@type\":\"SearchAction\",\"target\":{\"@type\":\"EntryPoint\",\"urlTemplate\":\"https:\/\/business.roovi.com\/ro\/?s={search_term_string}\"},\"query-input\":\"required name=search_term_string\"}],\"inLanguage\":\"ro-RO\"}]}<\/script>\n<!-- \/ Yoast SEO plugin. -->","yoast_head_json":{"title":"Puzzle Big Ben, London, UK \u2013 Puzzle adul\u021bi 1000 piese \u2013 Discover Europe - Roovi B2B","robots":{"index":"index","follow":"follow","max-snippet":"max-snippet:-1","max-image-preview":"max-image-preview:large","max-video-preview":"max-video-preview:-1"},"canonical":"https:\/\/business.roovi.com\/ro\/puzzle-big-ben-london-uk-puzzle-adulti-1000-piese-discover-europe\/p\/","og_locale":"ro_RO","og_type":"article","og_title":"Puzzle Big Ben, London, UK \u2013 Puzzle adul\u021bi 1000 piese \u2013 Discover Europe - Roovi B2B","og_description":"\u00ce\u021bi plac jocurile puzzle cu imagini clare, ce reflect\u0103 m\u0103re\u021bia unor monumente celebre? Alege Puzzle 1000 piese Big Ben din","og_url":"https:\/\/business.roovi.com\/ro\/puzzle-big-ben-london-uk-puzzle-adulti-1000-piese-discover-europe\/p\/","og_site_name":"Roovi B2B","article_publisher":"https:\/\/www.facebook.com\/wwwjucariero","article_modified_time":"2025-03-18T09:17:45+00:00","og_image":[{"width":1200,"height":1200,"url":"https:\/\/business.roovi.com\/wp-content\/uploads\/2023\/03\/01_MAIN-3.jpg","type":"image\/jpeg"}],"twitter_misc":{"Timp estimat pentru citire":"3 minute"},"schema":{"@context":"https:\/\/schema.org","@graph":[{"@type":"WebPage","@id":"https:\/\/business.roovi.com\/ro\/puzzle-big-ben-london-uk-puzzle-adulti-1000-piese-discover-europe\/p\/","url":"https:\/\/business.roovi.com\/ro\/puzzle-big-ben-london-uk-puzzle-adulti-1000-piese-discover-europe\/p\/","name":"Puzzle Big Ben, London, UK \u2013 Puzzle adul\u021bi 1000 piese \u2013 Discover Europe - Roovi B2B","isPartOf":{"@id":"https:\/\/business.roovi.com\/ro\/#website"},"datePublished":"2023-03-10T08:14:09+00:00","dateModified":"2025-03-18T09:17:45+00:00","breadcrumb":{"@id":"https:\/\/business.roovi.com\/ro\/puzzle-big-ben-london-uk-puzzle-adulti-1000-piese-discover-europe\/p\/#breadcrumb"},"inLanguage":"ro-RO","potentialAction":[{"@type":"ReadAction","target":["https:\/\/business.roovi.com\/ro\/puzzle-big-ben-london-uk-puzzle-adulti-1000-piese-discover-europe\/p\/"]}]},{"@type":"BreadcrumbList","@id":"https:\/\/business.roovi.com\/ro\/puzzle-big-ben-london-uk-puzzle-adulti-1000-piese-discover-europe\/p\/#breadcrumb","itemListElement":[{"@type":"ListItem","position":1,"name":"Home","item":"https:\/\/business.roovi.com\/ro\/"},{"@type":"ListItem","position":2,"name":"Magazin","item":"https:\/\/business.roovi.com\/ro\/magazin\/"},{"@type":"ListItem","position":3,"name":"Puzzle Big Ben, London, UK \u2013 Puzzle adul\u021bi 1000 piese \u2013 Discover Europe"}]},{"@type":"WebSite","@id":"https:\/\/business.roovi.com\/ro\/#website","url":"https:\/\/business.roovi.com\/ro\/","name":"Roovi B2B","description":"Roovi Business Website","potentialAction":[{"@type":"SearchAction","target":{"@type":"EntryPoint","urlTemplate":"https:\/\/business.roovi.com\/ro\/?s={search_term_string}"},"query-input":"required name=search_term_string"}],"inLanguage":"ro-RO"}]}},"_links":{"self":[{"href":"https:\/\/business.roovi.com\/ro\/wp-json\/wp\/v2\/product\/66528","targetHints":{"allow":["GET"]}}],"collection":[{"href":"https:\/\/business.roovi.com\/ro\/wp-json\/wp\/v2\/product"}],"about":[{"href":"https:\/\/business.roovi.com\/ro\/wp-json\/wp\/v2\/types\/product"}],"version-history":[{"count":0,"href":"https:\/\/business.roovi.com\/ro\/wp-json\/wp\/v2\/product\/66528\/revisions"}],"wp:featuredmedia":[{"embeddable":true,"href":"https:\/\/business.roovi.com\/ro\/wp-json\/wp\/v2\/media\/66529"}],"wp:attachment":[{"href":"https:\/\/business.roovi.com\/ro\/wp-json\/wp\/v2\/media?parent=66528"}],"wp:term":[{"taxonomy":"product_brand","embeddable":true,"href":"https:\/\/business.roovi.com\/ro\/wp-json\/wp\/v2\/product_brand?post=66528"},{"taxonomy":"product_cat","embeddable":true,"href":"https:\/\/business.roovi.com\/ro\/wp-json\/wp\/v2\/product_cat?post=66528"},{"taxonomy":"product_tag","embeddable":true,"href":"https:\/\/business.roovi.com\/ro\/wp-json\/wp\/v2\/product_tag?post=66528"}],"curies":[{"name":"wp","href":"https:\/\/api.w.org\/{rel}","templated":true}]}}