{"id":66731,"date":"2023-03-10T08:31:24","date_gmt":"2023-03-10T08:31:24","guid":{"rendered":"https:\/\/business.roovi.com\/?post_type=product&#038;p=66731"},"modified":"2025-03-18T09:19:40","modified_gmt":"2025-03-18T09:19:40","slug":"puzzle-chapel-bridge-lucerne-switzerland-puzzle-adulti-1000-piese-discover-europe","status":"publish","type":"product","link":"https:\/\/business.roovi.com\/ro\/puzzle-chapel-bridge-lucerne-switzerland-puzzle-adulti-1000-piese-discover-europe\/p\/","title":{"rendered":"Puzzle Chapel Bridge, Lucerne, Switzerland \u2013 Puzzle adul\u021bi 1000 piese \u2013 Discover Europe"},"content":{"rendered":"<h3><span style=\"font-weight: 400;\">Cau\u021bi un cadou deosebit sau poate vrei s\u0103 alungi plictiseala zilelor mohor\u00e2te? Mergi la sigur cu Puzzle 1000 piese &#8211; <\/span><span style=\"font-weight: 400;\">Chapel Bridge, Lucerna, Elve\u021bia.<\/span><\/h3>\n<p><span style=\"font-weight: 400;\">Chapel Bridge din Lucerna este simbolul Elve\u021biei \u0219i o atrac\u021bie turistic\u0103 foarte popular\u0103. Cunoscut \u0219i sub denumirea de<\/span> <span style=\"font-weight: 400;\">Kapellbr\u00fccke, <\/span><span style=\"font-weight: 400;\">podul a fost construit \u00een secolul al XIV-lea \u0219i este considerat cel mai vechi pod de lemn acoperit din Europa.<\/span><\/p>\n<p><span style=\"font-weight: 400;\">Puzzle 1000 piese &#8211; Chapel Bridge, Lucerna red\u0103 frumuse\u021bea aparte \u0219i aspectul pitoresc al podului \u00eempodobit cu nenum\u0103rate co\u0219uri cu flori colorate.\u00a0<\/span><\/p>\n<p><span style=\"font-weight: 400;\">\u00cen prim-planul imaginii, c\u00e2teva lebede plutesc cu elegan\u021b\u0103 pe apele r\u00e2ului Reuss. \u00centregul peisaj induce o stare de calm \u0219i relaxare \u0219i te invit\u0103 s\u0103 iei o pauz\u0103 de la tumultul cotidian.<\/span><\/p>\n<h3><span style=\"font-weight: 400;\">De ce s\u0103 alegi Puzzle Chapel Bridge, Lucerne\u00a0 &#8211; Puzzle adul\u021bi, 1000 piese<\/span><\/h3>\n<ul>\n<li style=\"font-weight: 400;\" aria-level=\"1\"><span style=\"font-weight: 400;\">Este produs din carton gros, de calitate superioar\u0103, asigur\u00e2nd astfel rezisten\u021b\u0103 \u00eendelungat\u0103 \u0219i experien\u021be uimitoare de asamblare.<\/span><\/li>\n<li style=\"font-weight: 400;\" aria-level=\"1\"><span style=\"font-weight: 400;\">Ob\u021bii un tablou cu dimensiuni generoase &#8211; <\/span><b>68 x 47 cm<\/b><span style=\"font-weight: 400;\"> &#8211; cu care \u00ee\u021bi po\u021bi \u00eenfrumuse\u021ba locuin\u021ba.<\/span><\/li>\n<li style=\"font-weight: 400;\" aria-level=\"1\"><span style=\"font-weight: 400;\">Este un produs prietenos cu natura, fiind realizat din materiale sustenabile \u0219i reciclabile.<\/span><\/li>\n<li style=\"font-weight: 400;\" aria-level=\"1\"><span style=\"font-weight: 400;\">Finisajul este semi-lucios, \u00een culori vii ce transmit frumuse\u021bea \u0219i vibra\u021bia pozitiv\u0103 a locului.<\/span><\/li>\n<li style=\"font-weight: 400;\" aria-level=\"1\"><span style=\"font-weight: 400;\">Puzzle-ul are \u0219i o folie antireflex pentru ca asamblarea s\u0103 fie c\u00e2t mai u\u0219oar\u0103 \u0219i nederanjant\u0103 pentru ochi.<\/span><\/li>\n<li style=\"font-weight: 400;\" aria-level=\"1\"><span style=\"font-weight: 400;\">Este potrivit persoanelor peste 14 ani \u0219i poate fi o activitate deconectant\u0103 pentru \u00eentreaga familie.<\/span><\/li>\n<\/ul>\n<h3><span style=\"font-weight: 400;\">\u0218tiai c\u0103 Chapel Bridge\u2026<\/span><\/h3>\n<ul>\n<li style=\"font-weight: 400;\" aria-level=\"1\"><span style=\"font-weight: 400;\">Este situat chiar \u00een centru ora\u0219ului Lucerna \u0219i face leg\u0103tura \u00eentre malul de nord \u0219i cel de sud al r\u00e2ului Reuss.<\/span><\/li>\n<li style=\"font-weight: 400;\" aria-level=\"1\"><span style=\"font-weight: 400;\">Turnul de ap\u0103 care se observ\u0103 \u0219i \u00een Puzzle 1000 &#8211; <\/span><span style=\"font-weight: 400;\">Chapel Bridge<\/span><span style=\"font-weight: 400;\"> are 38 de metri \u00een\u0103l\u021bime \u0219i a func\u021bionat de-a lungul timpului ca trezorerie, arhiv\u0103, \u00eenchisoare \u0219i chiar camer\u0103 de tortur\u0103.<\/span><\/li>\n<li style=\"font-weight: 400;\" aria-level=\"1\"><span style=\"font-weight: 400;\">\u00cen anul 1993 un incendiu de propor\u021bii a cuprins Chapel Bridge, dar podul a fost ref\u0103cut \u00een mai pu\u021bin de un an \u0219i redeschis \u00een 1994.<\/span><\/li>\n<li style=\"font-weight: 400;\" aria-level=\"1\"><span style=\"font-weight: 400;\">De\u0219i ini\u021bial aveam peste 200 de metri lungime, \u00een prezent Chapel Bridge are 170 de metri, din cauza modific\u0103rilor efectuate de-a lungul vremii.<\/span><\/li>\n<\/ul>\n<h3><span style=\"font-weight: 400;\">Puzzle 1000 piese &#8211; <\/span><span style=\"font-weight: 400;\">Chapel Bridge relaxare \u0219i beneficii uimitoare pentru s\u0103n\u0103tate<\/span><\/h3>\n<p><span style=\"font-weight: 400;\">Un puzzle complex precum <\/span><b>Puzzle 1000 piese &#8211; Chapel Bridge<\/b><span style=\"font-weight: 400;\"> este o modalitate relaxant\u0103 de petrecere a timpului liber, precum \u0219i o surs\u0103 uimitoare de beneficii care se reflect\u0103 pe mai multe planuri:<\/span><\/p>\n<ul>\n<li style=\"font-weight: 400;\" aria-level=\"1\"><span style=\"font-weight: 400;\">\u00ce\u021bi pune cu adev\u0103rat mintea la treab\u0103 \u0219i constituie un antrenament excelent pentru creier.<\/span><\/li>\n<li style=\"font-weight: 400;\" aria-level=\"1\"><span style=\"font-weight: 400;\">\u00cembun\u0103t\u0103\u021be\u0219te memoria, concentrarea \u0219i coordonarea.<\/span><\/li>\n<li style=\"font-weight: 400;\" aria-level=\"1\"><span style=\"font-weight: 400;\">Stimuleaz\u0103 g\u00e2ndirea analitic\u0103, g\u00e2ndirea critic\u0103 \u0219i ra\u021bionamentul logic.<\/span><\/li>\n<li style=\"font-weight: 400;\" aria-level=\"1\"><span style=\"font-weight: 400;\">Ajut\u0103 la \u00eembun\u0103t\u0103\u021birea r\u0103bd\u0103rii \u0219i a perseveren\u021bei.<\/span><\/li>\n<li style=\"font-weight: 400;\" aria-level=\"1\"><span style=\"font-weight: 400;\">Reduce stresul \u0219i genereaz\u0103 o stare general\u0103 de relaxare \u0219i bun\u0103 dispozi\u021bie.<\/span><\/li>\n<\/ul>\n<p><span style=\"font-weight: 400;\">Bucur\u0103-te a\u0219adar de o activitate pl\u0103cut\u0103 \u0219i creeaz\u0103 loc frumosului \u00een via\u021ba ta prin acest Puzzle 1000 piese &#8211; Chapel Bridge, Lucerna, un<\/span> <span style=\"font-weight: 400;\">puzzle uimitor, plin de culoare \u0219i vibra\u021bii pozitive.<\/span><\/p>\n","protected":false},"excerpt":{"rendered":"<p>Cau\u021bi un cadou deosebit sau poate vrei s\u0103 alungi plictiseala zilelor mohor\u00e2te? Mergi la sigur cu Puzzle 1000 piese &#8211;<\/p>\n","protected":false},"featured_media":66732,"template":"","meta":[],"product_brand":[],"product_cat":[1454,1488,1560],"product_tag":[2687,2658,2646],"class_list":{"0":"post-66731","1":"product","2":"type-product","3":"status-publish","4":"has-post-thumbnail","6":"product_cat-puzzle","7":"product_cat-puzzle-adulti","8":"product_cat-puzzle-adulti-1000","9":"product_tag-chapelbridge","10":"product_tag-launched2023","11":"product_tag-puzzle1000","13":"first","14":"instock","15":"taxable","16":"shipping-taxable","17":"product-type-simple"},"yoast_head":"<!-- This site is optimized with the Yoast SEO plugin v20.1 - https:\/\/yoast.com\/wordpress\/plugins\/seo\/ -->\n<title>Puzzle Chapel Bridge, Lucerne, Switzerland \u2013 Puzzle adul\u021bi 1000 piese \u2013 Discover Europe - Roovi B2B<\/title>\n<meta name=\"robots\" content=\"index, follow, max-snippet:-1, max-image-preview:large, max-video-preview:-1\" \/>\n<link rel=\"canonical\" href=\"https:\/\/business.roovi.com\/ro\/puzzle-chapel-bridge-lucerne-switzerland-puzzle-adulti-1000-piese-discover-europe\/p\/\" \/>\n<meta property=\"og:locale\" content=\"ro_RO\" \/>\n<meta property=\"og:type\" content=\"article\" \/>\n<meta property=\"og:title\" content=\"Puzzle Chapel Bridge, Lucerne, Switzerland \u2013 Puzzle adul\u021bi 1000 piese \u2013 Discover Europe - Roovi B2B\" \/>\n<meta property=\"og:description\" content=\"Cau\u021bi un cadou deosebit sau poate vrei s\u0103 alungi plictiseala zilelor mohor\u00e2te? Mergi la sigur cu Puzzle 1000 piese &#8211;\" \/>\n<meta property=\"og:url\" content=\"https:\/\/business.roovi.com\/ro\/puzzle-chapel-bridge-lucerne-switzerland-puzzle-adulti-1000-piese-discover-europe\/p\/\" \/>\n<meta property=\"og:site_name\" content=\"Roovi B2B\" \/>\n<meta property=\"article:publisher\" content=\"https:\/\/www.facebook.com\/wwwjucariero\" \/>\n<meta property=\"article:modified_time\" content=\"2025-03-18T09:19:40+00:00\" \/>\n<meta property=\"og:image\" content=\"https:\/\/business.roovi.com\/wp-content\/uploads\/2023\/03\/01_MAIN-5.jpg\" \/>\n\t<meta property=\"og:image:width\" content=\"1200\" \/>\n\t<meta property=\"og:image:height\" content=\"1200\" \/>\n\t<meta property=\"og:image:type\" content=\"image\/jpeg\" \/>\n<meta name=\"twitter:label1\" content=\"Timp estimat pentru citire\" \/>\n\t<meta name=\"twitter:data1\" content=\"2 minute\" \/>\n<script type=\"application\/ld+json\" class=\"yoast-schema-graph\">{\"@context\":\"https:\/\/schema.org\",\"@graph\":[{\"@type\":\"WebPage\",\"@id\":\"https:\/\/business.roovi.com\/ro\/puzzle-chapel-bridge-lucerne-switzerland-puzzle-adulti-1000-piese-discover-europe\/p\/\",\"url\":\"https:\/\/business.roovi.com\/ro\/puzzle-chapel-bridge-lucerne-switzerland-puzzle-adulti-1000-piese-discover-europe\/p\/\",\"name\":\"Puzzle Chapel Bridge, Lucerne, Switzerland \u2013 Puzzle adul\u021bi 1000 piese \u2013 Discover Europe - Roovi B2B\",\"isPartOf\":{\"@id\":\"https:\/\/business.roovi.com\/ro\/#website\"},\"datePublished\":\"2023-03-10T08:31:24+00:00\",\"dateModified\":\"2025-03-18T09:19:40+00:00\",\"breadcrumb\":{\"@id\":\"https:\/\/business.roovi.com\/ro\/puzzle-chapel-bridge-lucerne-switzerland-puzzle-adulti-1000-piese-discover-europe\/p\/#breadcrumb\"},\"inLanguage\":\"ro-RO\",\"potentialAction\":[{\"@type\":\"ReadAction\",\"target\":[\"https:\/\/business.roovi.com\/ro\/puzzle-chapel-bridge-lucerne-switzerland-puzzle-adulti-1000-piese-discover-europe\/p\/\"]}]},{\"@type\":\"BreadcrumbList\",\"@id\":\"https:\/\/business.roovi.com\/ro\/puzzle-chapel-bridge-lucerne-switzerland-puzzle-adulti-1000-piese-discover-europe\/p\/#breadcrumb\",\"itemListElement\":[{\"@type\":\"ListItem\",\"position\":1,\"name\":\"Home\",\"item\":\"https:\/\/business.roovi.com\/ro\/\"},{\"@type\":\"ListItem\",\"position\":2,\"name\":\"Magazin\",\"item\":\"https:\/\/business.roovi.com\/ro\/magazin\/\"},{\"@type\":\"ListItem\",\"position\":3,\"name\":\"Puzzle Chapel Bridge, Lucerne, Switzerland \u2013 Puzzle adul\u021bi 1000 piese \u2013 Discover Europe\"}]},{\"@type\":\"WebSite\",\"@id\":\"https:\/\/business.roovi.com\/ro\/#website\",\"url\":\"https:\/\/business.roovi.com\/ro\/\",\"name\":\"Roovi B2B\",\"description\":\"Roovi Business Website\",\"potentialAction\":[{\"@type\":\"SearchAction\",\"target\":{\"@type\":\"EntryPoint\",\"urlTemplate\":\"https:\/\/business.roovi.com\/ro\/?s={search_term_string}\"},\"query-input\":\"required name=search_term_string\"}],\"inLanguage\":\"ro-RO\"}]}<\/script>\n<!-- \/ Yoast SEO plugin. -->","yoast_head_json":{"title":"Puzzle Chapel Bridge, Lucerne, Switzerland \u2013 Puzzle adul\u021bi 1000 piese \u2013 Discover Europe - Roovi B2B","robots":{"index":"index","follow":"follow","max-snippet":"max-snippet:-1","max-image-preview":"max-image-preview:large","max-video-preview":"max-video-preview:-1"},"canonical":"https:\/\/business.roovi.com\/ro\/puzzle-chapel-bridge-lucerne-switzerland-puzzle-adulti-1000-piese-discover-europe\/p\/","og_locale":"ro_RO","og_type":"article","og_title":"Puzzle Chapel Bridge, Lucerne, Switzerland \u2013 Puzzle adul\u021bi 1000 piese \u2013 Discover Europe - Roovi B2B","og_description":"Cau\u021bi un cadou deosebit sau poate vrei s\u0103 alungi plictiseala zilelor mohor\u00e2te? Mergi la sigur cu Puzzle 1000 piese &#8211;","og_url":"https:\/\/business.roovi.com\/ro\/puzzle-chapel-bridge-lucerne-switzerland-puzzle-adulti-1000-piese-discover-europe\/p\/","og_site_name":"Roovi B2B","article_publisher":"https:\/\/www.facebook.com\/wwwjucariero","article_modified_time":"2025-03-18T09:19:40+00:00","og_image":[{"width":1200,"height":1200,"url":"https:\/\/business.roovi.com\/wp-content\/uploads\/2023\/03\/01_MAIN-5.jpg","type":"image\/jpeg"}],"twitter_misc":{"Timp estimat pentru citire":"2 minute"},"schema":{"@context":"https:\/\/schema.org","@graph":[{"@type":"WebPage","@id":"https:\/\/business.roovi.com\/ro\/puzzle-chapel-bridge-lucerne-switzerland-puzzle-adulti-1000-piese-discover-europe\/p\/","url":"https:\/\/business.roovi.com\/ro\/puzzle-chapel-bridge-lucerne-switzerland-puzzle-adulti-1000-piese-discover-europe\/p\/","name":"Puzzle Chapel Bridge, Lucerne, Switzerland \u2013 Puzzle adul\u021bi 1000 piese \u2013 Discover Europe - Roovi B2B","isPartOf":{"@id":"https:\/\/business.roovi.com\/ro\/#website"},"datePublished":"2023-03-10T08:31:24+00:00","dateModified":"2025-03-18T09:19:40+00:00","breadcrumb":{"@id":"https:\/\/business.roovi.com\/ro\/puzzle-chapel-bridge-lucerne-switzerland-puzzle-adulti-1000-piese-discover-europe\/p\/#breadcrumb"},"inLanguage":"ro-RO","potentialAction":[{"@type":"ReadAction","target":["https:\/\/business.roovi.com\/ro\/puzzle-chapel-bridge-lucerne-switzerland-puzzle-adulti-1000-piese-discover-europe\/p\/"]}]},{"@type":"BreadcrumbList","@id":"https:\/\/business.roovi.com\/ro\/puzzle-chapel-bridge-lucerne-switzerland-puzzle-adulti-1000-piese-discover-europe\/p\/#breadcrumb","itemListElement":[{"@type":"ListItem","position":1,"name":"Home","item":"https:\/\/business.roovi.com\/ro\/"},{"@type":"ListItem","position":2,"name":"Magazin","item":"https:\/\/business.roovi.com\/ro\/magazin\/"},{"@type":"ListItem","position":3,"name":"Puzzle Chapel Bridge, Lucerne, Switzerland \u2013 Puzzle adul\u021bi 1000 piese \u2013 Discover Europe"}]},{"@type":"WebSite","@id":"https:\/\/business.roovi.com\/ro\/#website","url":"https:\/\/business.roovi.com\/ro\/","name":"Roovi B2B","description":"Roovi Business Website","potentialAction":[{"@type":"SearchAction","target":{"@type":"EntryPoint","urlTemplate":"https:\/\/business.roovi.com\/ro\/?s={search_term_string}"},"query-input":"required name=search_term_string"}],"inLanguage":"ro-RO"}]}},"_links":{"self":[{"href":"https:\/\/business.roovi.com\/ro\/wp-json\/wp\/v2\/product\/66731","targetHints":{"allow":["GET"]}}],"collection":[{"href":"https:\/\/business.roovi.com\/ro\/wp-json\/wp\/v2\/product"}],"about":[{"href":"https:\/\/business.roovi.com\/ro\/wp-json\/wp\/v2\/types\/product"}],"version-history":[{"count":0,"href":"https:\/\/business.roovi.com\/ro\/wp-json\/wp\/v2\/product\/66731\/revisions"}],"wp:featuredmedia":[{"embeddable":true,"href":"https:\/\/business.roovi.com\/ro\/wp-json\/wp\/v2\/media\/66732"}],"wp:attachment":[{"href":"https:\/\/business.roovi.com\/ro\/wp-json\/wp\/v2\/media?parent=66731"}],"wp:term":[{"taxonomy":"product_brand","embeddable":true,"href":"https:\/\/business.roovi.com\/ro\/wp-json\/wp\/v2\/product_brand?post=66731"},{"taxonomy":"product_cat","embeddable":true,"href":"https:\/\/business.roovi.com\/ro\/wp-json\/wp\/v2\/product_cat?post=66731"},{"taxonomy":"product_tag","embeddable":true,"href":"https:\/\/business.roovi.com\/ro\/wp-json\/wp\/v2\/product_tag?post=66731"}],"curies":[{"name":"wp","href":"https:\/\/api.w.org\/{rel}","templated":true}]}}