{"id":66832,"date":"2023-03-10T08:39:02","date_gmt":"2023-03-10T08:39:02","guid":{"rendered":"https:\/\/business.roovi.com\/?post_type=product&#038;p=66832"},"modified":"2025-03-18T09:20:20","modified_gmt":"2025-03-18T09:20:20","slug":"puzzle-acropolis-of-athens-greece-puzzle-adulti-1000-piese-discover-europe","status":"publish","type":"product","link":"https:\/\/business.roovi.com\/ro\/puzzle-acropolis-of-athens-greece-puzzle-adulti-1000-piese-discover-europe\/p\/","title":{"rendered":"Puzzle Acropolis of Athens, Greece \u2013 Puzzle adul\u021bi 1000 piese \u2013 Discover Europe"},"content":{"rendered":"<h3><span style=\"font-weight: 400;\">Puzzle 1000 piese &#8211; Acropole, Atena este o modalitate excelent\u0103 de a explora unul dintre cele mai emblematice obiective istorice din Grecia \u0219i din lume.<\/span><\/h3>\n<p><span style=\"font-weight: 400;\">Acropola atenian\u0103 este o cetate antic\u0103 magnific\u0103 situat\u0103 pe un deal st\u00e2ncos deasupra ora\u0219ului, ad\u0103postind mai multe minuni arhitecturale antice, inclusiv Partenonul, Propylaea <\/span><span style=\"font-weight: 400;\">\u0219i Templul Atenei Nike.\u00a0<\/span><\/p>\n<p><span style=\"font-weight: 400;\">Puzzle-ul 1000 \u00eenf\u0103\u021bi\u0219eaz\u0103 o priveli\u0219te uluitoare a Acropolei din Atena, surprins\u0103 de la distan\u021b\u0103, prezent\u00e2nd detaliile complexe ale structurilor antice sub cerul albastru deschis, br\u0103zdat de razele soarelui \u0219i de nori pufo\u0219i.\u00a0<\/span><\/p>\n<p><span style=\"font-weight: 400;\">Puzzle 1000 piese &#8211; Acropolis of Athens este o provocare excelent\u0103, f\u0103r\u0103 a fi \u00eens\u0103 cople\u0219itoare. Este perfect pentru cei c\u0103rora le plac puzzle-urile cu imagini fabuloase din locuri celebre, dar care nu doresc s\u0103 petreac\u0103 s\u0103pt\u0103m\u00e2ni \u00eentregi pe un singur proiect.\u00a0<\/span><\/p>\n<p><span style=\"font-weight: 400;\">Puzzle Acropole, Atena ofer\u0103, de asemenea, oportunit\u0103\u021bi de conectare pentru familii sau grupuri de prieteni care vor s\u0103 petreac\u0103 \u00eempreun\u0103 un timp de calitate \u0219i s\u0103 creeze leg\u0103turi durabile, pentru o via\u021b\u0103.<\/span><\/p>\n<h3><span style=\"font-weight: 400;\">De ce s\u0103 alegi Puzzle 1000 &#8211; Acropole, Atena<\/span><\/h3>\n<ul>\n<li style=\"font-weight: 400;\" aria-level=\"1\"><span style=\"font-weight: 400;\">Este produs din carton gros, de calitate superioar\u0103, asigur\u00e2nd astfel rezisten\u021b\u0103 \u00eendelungat\u0103 pieselor \u0219i experien\u021be uimitoare de asamblare.<\/span><\/li>\n<li style=\"font-weight: 400;\" aria-level=\"1\"><span style=\"font-weight: 400;\">Ob\u021bii un tablou cu dimensiuni generoase &#8211; <\/span><b>68 x 47 cm<\/b><span style=\"font-weight: 400;\"> &#8211; cu care \u00ee\u021bi po\u021bi \u00eenfrumuse\u021ba locuin\u021ba.<\/span><\/li>\n<li style=\"font-weight: 400;\" aria-level=\"1\"><span style=\"font-weight: 400;\">Este un produs prietenos cu natura, fiind realizat din materiale sustenabile \u0219i reciclabile.<\/span><\/li>\n<li style=\"font-weight: 400;\" aria-level=\"1\"><span style=\"font-weight: 400;\">Finisajul este semi-lucios, \u00een culori vii ce transmit frumuse\u021bea monumentelor \u0219i a locului.<\/span><\/li>\n<li style=\"font-weight: 400;\" aria-level=\"1\"><span style=\"font-weight: 400;\">Puzzle-ul are \u0219i o folie antireflex pentru ca asamblarea s\u0103 fie c\u00e2t mai u\u0219oar\u0103 \u0219i nederanjant\u0103 pentru ochi.<\/span><\/li>\n<li style=\"font-weight: 400;\" aria-level=\"1\"><span style=\"font-weight: 400;\">Este potrivit persoanelor peste 14 ani \u0219i poate fi o activitate deconectant\u0103 pentru \u00eentreaga familie.<\/span><\/li>\n<\/ul>\n<h3><span style=\"font-weight: 400;\">Despre Acropole \u0219tiai c\u0103\u2026<\/span><\/h3>\n<ul>\n<li style=\"font-weight: 400;\" aria-level=\"1\"><span style=\"font-weight: 400;\">Acropole mai este denumit\u0103 \u0219i <\/span><i><span style=\"font-weight: 400;\">St\u00e2nca sacr\u0103 a Atenei<\/span><\/i><span style=\"font-weight: 400;\"> \u0219i este unul dintre cele mai reprezentative simboluri ale culturii antice grece\u0219ti.<\/span><\/li>\n<li style=\"font-weight: 400;\" aria-level=\"1\"><span style=\"font-weight: 400;\">Pe pantele Acropolei se afl\u0103 cea mai veche sta\u021bie meteo din lume, fiind construit\u0103 acum mai bine de 2000 de ani.<\/span><\/li>\n<li style=\"font-weight: 400;\" aria-level=\"1\"><span style=\"font-weight: 400;\">Partenonul, templul \u00eenchinat zei\u021bei Atena \u0219i cea mai impun\u0103toare cl\u0103dire din acest complex, a fost de-a lungul timpului loc de venera\u021bie, biseric\u0103 cre\u0219tin\u0103, moschee, depozit de muni\u021bie, iar \u00een prezent, obiectiv turistic.<\/span><\/li>\n<\/ul>\n<h3><span style=\"font-weight: 400;\">Puzzle 1000 &#8211; Acropole din Atena &#8211; o incursiune \u00een istoria Greciei Antice<\/span><\/h3>\n<p><span style=\"font-weight: 400;\">Pe m\u0103sur\u0103 ce lipe\u0219ti fiecare pies\u0103, iar imaginea prinde contur, descoperi fiecare element de arhitectur\u0103 care face din Acropole un loc fascinant. Puzzle 1000 &#8211; Acropole din Atena este astfel o bun\u0103 oportunitate s\u0103 explorezi unul dintre cele mai faimoase situri arheologice antice din lume \u00eentr-un mod relaxant \u0219i distractiv.<\/span><\/p>\n<p><span style=\"font-weight: 400;\">Transform\u0103 Puzzle 1000 &#8211; Acropole \u00eentr-o activitate educativ\u0103 al\u0103turi de copii. Ajut\u0103-i s\u0103 descopere \u0219i s\u0103 \u00een\u021beleag\u0103 istoria \u0219i cultura Greciei antice \u00een timp ce v\u0103 distra\u021bi \u0219i petrece\u021bi un timp de calitate \u00eempreun\u0103.<\/span><\/p>\n<p><span style=\"font-weight: 400;\">Alege Puzzle 1000 &#8211; <\/span><span style=\"font-weight: 400;\">Acropolis of Athens, Greece pentru puterea conect\u0103rii \u0219i frumuse\u021bea momentului prezent petrecut al\u0103turi de cei dragi, pentru evadare din rutina zilnic\u0103 sau pentru a face un cadou pre\u021bios unui prieten pasionat de jocuri puzzle pentru adul\u021bi.<\/span><\/p>\n","protected":false},"excerpt":{"rendered":"<p>Puzzle 1000 piese &#8211; Acropole, Atena este o modalitate excelent\u0103 de a explora unul dintre cele mai emblematice obiective istorice<\/p>\n","protected":false},"featured_media":66833,"template":"","meta":[],"product_brand":[],"product_cat":[1454,1488,1560],"product_tag":[2658,2646,2689,2690],"class_list":{"0":"post-66832","1":"product","2":"type-product","3":"status-publish","4":"has-post-thumbnail","6":"product_cat-puzzle","7":"product_cat-puzzle-adulti","8":"product_cat-puzzle-adulti-1000","9":"product_tag-launched2023","10":"product_tag-puzzle1000","11":"product_tag-puzzleacropolis","12":"product_tag-puzzlegreece","14":"first","15":"instock","16":"taxable","17":"shipping-taxable","18":"product-type-simple"},"yoast_head":"<!-- This site is optimized with the Yoast SEO plugin v20.1 - https:\/\/yoast.com\/wordpress\/plugins\/seo\/ -->\n<title>Puzzle Acropolis of Athens, Greece \u2013 Puzzle adul\u021bi 1000 piese \u2013 Discover Europe - Roovi B2B<\/title>\n<meta name=\"robots\" content=\"index, follow, max-snippet:-1, max-image-preview:large, max-video-preview:-1\" \/>\n<link rel=\"canonical\" href=\"https:\/\/business.roovi.com\/ro\/puzzle-acropolis-of-athens-greece-puzzle-adulti-1000-piese-discover-europe\/p\/\" \/>\n<meta property=\"og:locale\" content=\"ro_RO\" \/>\n<meta property=\"og:type\" content=\"article\" \/>\n<meta property=\"og:title\" content=\"Puzzle Acropolis of Athens, Greece \u2013 Puzzle adul\u021bi 1000 piese \u2013 Discover Europe - Roovi B2B\" \/>\n<meta property=\"og:description\" content=\"Puzzle 1000 piese &#8211; Acropole, Atena este o modalitate excelent\u0103 de a explora unul dintre cele mai emblematice obiective istorice\" \/>\n<meta property=\"og:url\" content=\"https:\/\/business.roovi.com\/ro\/puzzle-acropolis-of-athens-greece-puzzle-adulti-1000-piese-discover-europe\/p\/\" \/>\n<meta property=\"og:site_name\" content=\"Roovi B2B\" \/>\n<meta property=\"article:publisher\" content=\"https:\/\/www.facebook.com\/wwwjucariero\" \/>\n<meta property=\"article:modified_time\" content=\"2025-03-18T09:20:20+00:00\" \/>\n<meta property=\"og:image\" content=\"https:\/\/business.roovi.com\/wp-content\/uploads\/2023\/03\/01_MAIN-6.jpg\" \/>\n\t<meta property=\"og:image:width\" content=\"1200\" \/>\n\t<meta property=\"og:image:height\" content=\"1200\" \/>\n\t<meta property=\"og:image:type\" content=\"image\/jpeg\" \/>\n<meta name=\"twitter:label1\" content=\"Timp estimat pentru citire\" \/>\n\t<meta name=\"twitter:data1\" content=\"3 minute\" \/>\n<script type=\"application\/ld+json\" class=\"yoast-schema-graph\">{\"@context\":\"https:\/\/schema.org\",\"@graph\":[{\"@type\":\"WebPage\",\"@id\":\"https:\/\/business.roovi.com\/ro\/puzzle-acropolis-of-athens-greece-puzzle-adulti-1000-piese-discover-europe\/p\/\",\"url\":\"https:\/\/business.roovi.com\/ro\/puzzle-acropolis-of-athens-greece-puzzle-adulti-1000-piese-discover-europe\/p\/\",\"name\":\"Puzzle Acropolis of Athens, Greece \u2013 Puzzle adul\u021bi 1000 piese \u2013 Discover Europe - Roovi B2B\",\"isPartOf\":{\"@id\":\"https:\/\/business.roovi.com\/ro\/#website\"},\"datePublished\":\"2023-03-10T08:39:02+00:00\",\"dateModified\":\"2025-03-18T09:20:20+00:00\",\"breadcrumb\":{\"@id\":\"https:\/\/business.roovi.com\/ro\/puzzle-acropolis-of-athens-greece-puzzle-adulti-1000-piese-discover-europe\/p\/#breadcrumb\"},\"inLanguage\":\"ro-RO\",\"potentialAction\":[{\"@type\":\"ReadAction\",\"target\":[\"https:\/\/business.roovi.com\/ro\/puzzle-acropolis-of-athens-greece-puzzle-adulti-1000-piese-discover-europe\/p\/\"]}]},{\"@type\":\"BreadcrumbList\",\"@id\":\"https:\/\/business.roovi.com\/ro\/puzzle-acropolis-of-athens-greece-puzzle-adulti-1000-piese-discover-europe\/p\/#breadcrumb\",\"itemListElement\":[{\"@type\":\"ListItem\",\"position\":1,\"name\":\"Home\",\"item\":\"https:\/\/business.roovi.com\/ro\/\"},{\"@type\":\"ListItem\",\"position\":2,\"name\":\"Magazin\",\"item\":\"https:\/\/business.roovi.com\/ro\/magazin\/\"},{\"@type\":\"ListItem\",\"position\":3,\"name\":\"Puzzle Acropolis of Athens, Greece \u2013 Puzzle adul\u021bi 1000 piese \u2013 Discover Europe\"}]},{\"@type\":\"WebSite\",\"@id\":\"https:\/\/business.roovi.com\/ro\/#website\",\"url\":\"https:\/\/business.roovi.com\/ro\/\",\"name\":\"Roovi B2B\",\"description\":\"Roovi Business Website\",\"potentialAction\":[{\"@type\":\"SearchAction\",\"target\":{\"@type\":\"EntryPoint\",\"urlTemplate\":\"https:\/\/business.roovi.com\/ro\/?s={search_term_string}\"},\"query-input\":\"required name=search_term_string\"}],\"inLanguage\":\"ro-RO\"}]}<\/script>\n<!-- \/ Yoast SEO plugin. -->","yoast_head_json":{"title":"Puzzle Acropolis of Athens, Greece \u2013 Puzzle adul\u021bi 1000 piese \u2013 Discover Europe - Roovi B2B","robots":{"index":"index","follow":"follow","max-snippet":"max-snippet:-1","max-image-preview":"max-image-preview:large","max-video-preview":"max-video-preview:-1"},"canonical":"https:\/\/business.roovi.com\/ro\/puzzle-acropolis-of-athens-greece-puzzle-adulti-1000-piese-discover-europe\/p\/","og_locale":"ro_RO","og_type":"article","og_title":"Puzzle Acropolis of Athens, Greece \u2013 Puzzle adul\u021bi 1000 piese \u2013 Discover Europe - Roovi B2B","og_description":"Puzzle 1000 piese &#8211; Acropole, Atena este o modalitate excelent\u0103 de a explora unul dintre cele mai emblematice obiective istorice","og_url":"https:\/\/business.roovi.com\/ro\/puzzle-acropolis-of-athens-greece-puzzle-adulti-1000-piese-discover-europe\/p\/","og_site_name":"Roovi B2B","article_publisher":"https:\/\/www.facebook.com\/wwwjucariero","article_modified_time":"2025-03-18T09:20:20+00:00","og_image":[{"width":1200,"height":1200,"url":"https:\/\/business.roovi.com\/wp-content\/uploads\/2023\/03\/01_MAIN-6.jpg","type":"image\/jpeg"}],"twitter_misc":{"Timp estimat pentru citire":"3 minute"},"schema":{"@context":"https:\/\/schema.org","@graph":[{"@type":"WebPage","@id":"https:\/\/business.roovi.com\/ro\/puzzle-acropolis-of-athens-greece-puzzle-adulti-1000-piese-discover-europe\/p\/","url":"https:\/\/business.roovi.com\/ro\/puzzle-acropolis-of-athens-greece-puzzle-adulti-1000-piese-discover-europe\/p\/","name":"Puzzle Acropolis of Athens, Greece \u2013 Puzzle adul\u021bi 1000 piese \u2013 Discover Europe - Roovi B2B","isPartOf":{"@id":"https:\/\/business.roovi.com\/ro\/#website"},"datePublished":"2023-03-10T08:39:02+00:00","dateModified":"2025-03-18T09:20:20+00:00","breadcrumb":{"@id":"https:\/\/business.roovi.com\/ro\/puzzle-acropolis-of-athens-greece-puzzle-adulti-1000-piese-discover-europe\/p\/#breadcrumb"},"inLanguage":"ro-RO","potentialAction":[{"@type":"ReadAction","target":["https:\/\/business.roovi.com\/ro\/puzzle-acropolis-of-athens-greece-puzzle-adulti-1000-piese-discover-europe\/p\/"]}]},{"@type":"BreadcrumbList","@id":"https:\/\/business.roovi.com\/ro\/puzzle-acropolis-of-athens-greece-puzzle-adulti-1000-piese-discover-europe\/p\/#breadcrumb","itemListElement":[{"@type":"ListItem","position":1,"name":"Home","item":"https:\/\/business.roovi.com\/ro\/"},{"@type":"ListItem","position":2,"name":"Magazin","item":"https:\/\/business.roovi.com\/ro\/magazin\/"},{"@type":"ListItem","position":3,"name":"Puzzle Acropolis of Athens, Greece \u2013 Puzzle adul\u021bi 1000 piese \u2013 Discover Europe"}]},{"@type":"WebSite","@id":"https:\/\/business.roovi.com\/ro\/#website","url":"https:\/\/business.roovi.com\/ro\/","name":"Roovi B2B","description":"Roovi Business Website","potentialAction":[{"@type":"SearchAction","target":{"@type":"EntryPoint","urlTemplate":"https:\/\/business.roovi.com\/ro\/?s={search_term_string}"},"query-input":"required name=search_term_string"}],"inLanguage":"ro-RO"}]}},"_links":{"self":[{"href":"https:\/\/business.roovi.com\/ro\/wp-json\/wp\/v2\/product\/66832","targetHints":{"allow":["GET"]}}],"collection":[{"href":"https:\/\/business.roovi.com\/ro\/wp-json\/wp\/v2\/product"}],"about":[{"href":"https:\/\/business.roovi.com\/ro\/wp-json\/wp\/v2\/types\/product"}],"version-history":[{"count":0,"href":"https:\/\/business.roovi.com\/ro\/wp-json\/wp\/v2\/product\/66832\/revisions"}],"wp:featuredmedia":[{"embeddable":true,"href":"https:\/\/business.roovi.com\/ro\/wp-json\/wp\/v2\/media\/66833"}],"wp:attachment":[{"href":"https:\/\/business.roovi.com\/ro\/wp-json\/wp\/v2\/media?parent=66832"}],"wp:term":[{"taxonomy":"product_brand","embeddable":true,"href":"https:\/\/business.roovi.com\/ro\/wp-json\/wp\/v2\/product_brand?post=66832"},{"taxonomy":"product_cat","embeddable":true,"href":"https:\/\/business.roovi.com\/ro\/wp-json\/wp\/v2\/product_cat?post=66832"},{"taxonomy":"product_tag","embeddable":true,"href":"https:\/\/business.roovi.com\/ro\/wp-json\/wp\/v2\/product_tag?post=66832"}],"curies":[{"name":"wp","href":"https:\/\/api.w.org\/{rel}","templated":true}]}}