{"id":66933,"date":"2023-03-10T08:46:45","date_gmt":"2023-03-10T08:46:45","guid":{"rendered":"https:\/\/business.roovi.com\/?post_type=product&#038;p=66933"},"modified":"2025-03-18T09:22:34","modified_gmt":"2025-03-18T09:22:34","slug":"puzzle-eiffel-tower-paris-france-puzzle-adulti-1000-piese-discover-europe","status":"publish","type":"product","link":"https:\/\/business.roovi.com\/ro\/puzzle-eiffel-tower-paris-france-puzzle-adulti-1000-piese-discover-europe\/p\/","title":{"rendered":"Puzzle Eiffel Tower, Paris, France \u2013 Puzzle adul\u021bi 1000 piese \u2013 Discover Europe"},"content":{"rendered":"<h3><span style=\"font-weight: 400;\">P\u0103streaz\u0103 amintirile de neuitat din vacan\u021bele de vis prin Europa \u00een tablouri unice din puzzle 1000 piese. Colec\u021bia Discover Europe de la ROOVI cuprinde jocuri puzzle cu imagini uimitoare ale celor mai emblematice atrac\u021bii turistice de pe b\u0103tr\u00e2nul continent.<\/span><\/h3>\n<p><span style=\"font-weight: 400;\">Cu Puzzle 1000 &#8211; Turnul Eiffel, Paris ai ocazia s\u0103 recl\u0103de\u0219ti din 1000 piese o imagine fascinant\u0103 cu cel mai important simbol al Fran\u021bei.\u00a0<\/span><\/p>\n<p><span style=\"font-weight: 400;\">Considerat la momentul construirii o \u201cmonstruozitate inutil\u0103\u201d, Turnul Eiffel este ast\u0103zi emblema Parisului. Oricine ajunge \u00een capitala Fran\u021bei, nu rateaz\u0103 \u0219ansa unei fotografii cu acest monument impun\u0103tor.<\/span><\/p>\n<p><span style=\"font-weight: 400;\">Puzzle 1000 &#8211; Turnul Eiffel, Paris este o modalitate uimitoare de a descoperi frumuse\u021bea acestei structuri unice \u00een lume. \u00cen plus, poate fi un prilej potrivit pentru a petrece mai mult timp cu copiii sau cu prietenii.<\/span><\/p>\n<h3><span style=\"font-weight: 400;\">De ce s\u0103 alegi Puzzle 1000 &#8211; Turnul Eiffel<\/span><\/h3>\n<p><span style=\"font-weight: 400;\">Vei crea un tablou superb, cu dimensiunile de<\/span><b> 68 x 47 cm,<\/b><span style=\"font-weight: 400;\"> care va deveni o pies\u0103 irezistibil\u0103 de decor.<\/span><\/p>\n<p><span style=\"font-weight: 400;\">Este produs din carton de calitate premium ce confer\u0103 pieselor durabilitate \u00een timp.<\/span><\/p>\n<p><span style=\"font-weight: 400;\">Utiliz\u0103m \u00een producerea jocurilor puzzle 1000 piese materiale sustenabile \u0219i reciclabile.<\/span><\/p>\n<p><span style=\"font-weight: 400;\">Te bucuri de un joc puzzle cu finisaje perfecte, semi-lucioase, \u00een culori vii.<\/span><\/p>\n<p><span style=\"font-weight: 400;\">Potrivit celor peste 14 ani, fiind un bun prilej pentru a-\u021bi petrece mai mult timp cu adolescen\u021bii.<\/span><\/p>\n<p><span style=\"font-weight: 400;\">Un puzzle 1000 este un mod educativ de a petrece timpul liber .<\/span><\/p>\n<p><span style=\"font-weight: 400;\">Este o bun\u0103 oportunitate de a-\u021bi cultiva aten\u021bia, r\u0103bdarea \u0219i capacitatea de a rezolva probleme.<\/span><\/p>\n<h3><span style=\"font-weight: 400;\">Despre Turnul Eiffel \u0219tiai c\u0103\u2026<\/span><\/h3>\n<ul>\n<li style=\"font-weight: 400;\" aria-level=\"1\"><span style=\"font-weight: 400;\">A fost inaugurat la 31 martie 1889, iar la vremea aceea era considerat cea mai \u00eenalt\u0103 cl\u0103dire din lume.<\/span><\/li>\n<li style=\"font-weight: 400;\" aria-level=\"1\"><span style=\"font-weight: 400;\">Ini\u021bial, proiectul turnului a fost propus pentru Barcelona, dar autorit\u0103\u021bile de acolo l-au respins.<\/span><\/li>\n<li style=\"font-weight: 400;\" aria-level=\"1\"><span style=\"font-weight: 400;\">P\u00e2n\u0103 \u00een v\u00e2rful turnului sunt 1.655 de trepte, echivalentul unui bloc cu peste 100 de etaje.<\/span><\/li>\n<li style=\"font-weight: 400;\" aria-level=\"1\"><span style=\"font-weight: 400;\">\u00cen timpul vizitei lui Hitler, au fost t\u0103iate cablurile lifturilor pentru ca dictatorul s\u0103 fie nevoit s\u0103 urce pe sc\u0103ri.<\/span><\/li>\n<li style=\"font-weight: 400;\" aria-level=\"1\"><span style=\"font-weight: 400;\">Pentru a preveni rugina, la fiecare 7 ani este revopsit. Se utilizeaz\u0103 de fiecare dat\u0103 60 de tone de vopsea.<\/span><\/li>\n<\/ul>\n<h3><span style=\"font-weight: 400;\">Puzzle 1000 piese &#8211; Turnul Eiffel: relaxare \u0219i distrac\u021bie pentru min\u021bile creative<\/span><\/h3>\n<p><span style=\"font-weight: 400;\">Se spune c\u0103 30 de minute pe zi petrecute asambl\u00e2nd puzzles fac minuni pentru mintea uman\u0103. Iat\u0103 c\u00e2teva beneficii de care te po\u021bi bucura datorit\u0103 unui joc precum Puzzle 1000 &#8211; Turnul Eiffel:<\/span><\/p>\n<ul>\n<li style=\"font-weight: 400;\" aria-level=\"1\"><span style=\"font-weight: 400;\">Te deconecteaz\u0103 de la grijile cotidiene \u0219i te destreseaz\u0103.<\/span><\/li>\n<li style=\"font-weight: 400;\" aria-level=\"1\"><span style=\"font-weight: 400;\">Cre\u0219te nivelul dopanimei &#8211; hormonul fericirii &#8211; red\u00e2ndu-\u021bi starea de bun\u0103 dispozi\u021bie.<\/span><\/li>\n<li style=\"font-weight: 400;\" aria-level=\"1\"><span style=\"font-weight: 400;\">\u00ce\u021bi \u00eembun\u0103t\u0103\u021be\u0219te starea de spirit \u0219i \u00ee\u021bi red\u0103 optimismul.<\/span><\/li>\n<li style=\"font-weight: 400;\" aria-level=\"1\"><span style=\"font-weight: 400;\">Favorizeaz\u0103 reducerea anxiet\u0103\u021bii \u0219i \u00eembun\u0103t\u0103\u021birea somnului.<\/span><\/li>\n<li style=\"font-weight: 400;\" aria-level=\"1\"><span style=\"font-weight: 400;\">Constituie un bun prilej de socializare \u0219i comunicare cu cei dragi.<\/span><\/li>\n<li style=\"font-weight: 400;\" aria-level=\"1\"><span style=\"font-weight: 400;\">Cre\u0219te productivitatea prin dezvoltarea capacit\u0103\u021bii de a rezolva probleme.<\/span><\/li>\n<\/ul>\n<p><span style=\"font-weight: 400;\">Ai a\u0219adar o mul\u021bime de motive s\u0103 \u00ee\u021bi dedici timpul acestui puzzle de poveste, cu imaginea romantic\u0103 a frumosului Turn Eiffel.<\/span><\/p>\n<p><span style=\"font-weight: 400;\">Pentru relaxarea \u00een momentele libere, pentru apropierea de cei dragi sau ca dar de s\u0103rb\u0103tori, Puzzle 1000 piese &#8211; Turnul Eiffel din colec\u021bia Descoper\u0103 Europa de la ROOVI este alegerea perfect\u0103.<\/span><\/p>\n","protected":false},"excerpt":{"rendered":"<p>P\u0103streaz\u0103 amintirile de neuitat din vacan\u021bele de vis prin Europa \u00een tablouri unice din puzzle 1000 piese. Colec\u021bia Discover Europe<\/p>\n","protected":false},"featured_media":66934,"template":"","meta":[],"product_brand":[],"product_cat":[1454,1488,1560],"product_tag":[2691,2692,2646],"class_list":{"0":"post-66933","1":"product","2":"type-product","3":"status-publish","4":"has-post-thumbnail","6":"product_cat-puzzle","7":"product_cat-puzzle-adulti","8":"product_cat-puzzle-adulti-1000","9":"product_tag-eiffeltower","10":"product_tag-launched202","11":"product_tag-puzzle1000","13":"first","14":"instock","15":"taxable","16":"shipping-taxable","17":"product-type-simple"},"yoast_head":"<!-- This site is optimized with the Yoast SEO plugin v20.1 - https:\/\/yoast.com\/wordpress\/plugins\/seo\/ -->\n<title>Puzzle Eiffel Tower, Paris, France \u2013 Puzzle adul\u021bi 1000 piese \u2013 Discover Europe - Roovi B2B<\/title>\n<meta name=\"robots\" content=\"index, follow, max-snippet:-1, max-image-preview:large, max-video-preview:-1\" \/>\n<link rel=\"canonical\" href=\"https:\/\/business.roovi.com\/ro\/puzzle-eiffel-tower-paris-france-puzzle-adulti-1000-piese-discover-europe\/p\/\" \/>\n<meta property=\"og:locale\" content=\"ro_RO\" \/>\n<meta property=\"og:type\" content=\"article\" \/>\n<meta property=\"og:title\" content=\"Puzzle Eiffel Tower, Paris, France \u2013 Puzzle adul\u021bi 1000 piese \u2013 Discover Europe - Roovi B2B\" \/>\n<meta property=\"og:description\" content=\"P\u0103streaz\u0103 amintirile de neuitat din vacan\u021bele de vis prin Europa \u00een tablouri unice din puzzle 1000 piese. Colec\u021bia Discover Europe\" \/>\n<meta property=\"og:url\" content=\"https:\/\/business.roovi.com\/ro\/puzzle-eiffel-tower-paris-france-puzzle-adulti-1000-piese-discover-europe\/p\/\" \/>\n<meta property=\"og:site_name\" content=\"Roovi B2B\" \/>\n<meta property=\"article:publisher\" content=\"https:\/\/www.facebook.com\/wwwjucariero\" \/>\n<meta property=\"article:modified_time\" content=\"2025-03-18T09:22:34+00:00\" \/>\n<meta property=\"og:image\" content=\"https:\/\/business.roovi.com\/wp-content\/uploads\/2023\/03\/01_MAIN-7.jpg\" \/>\n\t<meta property=\"og:image:width\" content=\"1200\" \/>\n\t<meta property=\"og:image:height\" content=\"1200\" \/>\n\t<meta property=\"og:image:type\" content=\"image\/jpeg\" \/>\n<meta name=\"twitter:label1\" content=\"Timp estimat pentru citire\" \/>\n\t<meta name=\"twitter:data1\" content=\"3 minute\" \/>\n<script type=\"application\/ld+json\" class=\"yoast-schema-graph\">{\"@context\":\"https:\/\/schema.org\",\"@graph\":[{\"@type\":\"WebPage\",\"@id\":\"https:\/\/business.roovi.com\/ro\/puzzle-eiffel-tower-paris-france-puzzle-adulti-1000-piese-discover-europe\/p\/\",\"url\":\"https:\/\/business.roovi.com\/ro\/puzzle-eiffel-tower-paris-france-puzzle-adulti-1000-piese-discover-europe\/p\/\",\"name\":\"Puzzle Eiffel Tower, Paris, France \u2013 Puzzle adul\u021bi 1000 piese \u2013 Discover Europe - Roovi B2B\",\"isPartOf\":{\"@id\":\"https:\/\/business.roovi.com\/ro\/#website\"},\"datePublished\":\"2023-03-10T08:46:45+00:00\",\"dateModified\":\"2025-03-18T09:22:34+00:00\",\"breadcrumb\":{\"@id\":\"https:\/\/business.roovi.com\/ro\/puzzle-eiffel-tower-paris-france-puzzle-adulti-1000-piese-discover-europe\/p\/#breadcrumb\"},\"inLanguage\":\"ro-RO\",\"potentialAction\":[{\"@type\":\"ReadAction\",\"target\":[\"https:\/\/business.roovi.com\/ro\/puzzle-eiffel-tower-paris-france-puzzle-adulti-1000-piese-discover-europe\/p\/\"]}]},{\"@type\":\"BreadcrumbList\",\"@id\":\"https:\/\/business.roovi.com\/ro\/puzzle-eiffel-tower-paris-france-puzzle-adulti-1000-piese-discover-europe\/p\/#breadcrumb\",\"itemListElement\":[{\"@type\":\"ListItem\",\"position\":1,\"name\":\"Home\",\"item\":\"https:\/\/business.roovi.com\/ro\/\"},{\"@type\":\"ListItem\",\"position\":2,\"name\":\"Magazin\",\"item\":\"https:\/\/business.roovi.com\/ro\/magazin\/\"},{\"@type\":\"ListItem\",\"position\":3,\"name\":\"Puzzle Eiffel Tower, Paris, France \u2013 Puzzle adul\u021bi 1000 piese \u2013 Discover Europe\"}]},{\"@type\":\"WebSite\",\"@id\":\"https:\/\/business.roovi.com\/ro\/#website\",\"url\":\"https:\/\/business.roovi.com\/ro\/\",\"name\":\"Roovi B2B\",\"description\":\"Roovi Business Website\",\"potentialAction\":[{\"@type\":\"SearchAction\",\"target\":{\"@type\":\"EntryPoint\",\"urlTemplate\":\"https:\/\/business.roovi.com\/ro\/?s={search_term_string}\"},\"query-input\":\"required name=search_term_string\"}],\"inLanguage\":\"ro-RO\"}]}<\/script>\n<!-- \/ Yoast SEO plugin. -->","yoast_head_json":{"title":"Puzzle Eiffel Tower, Paris, France \u2013 Puzzle adul\u021bi 1000 piese \u2013 Discover Europe - Roovi B2B","robots":{"index":"index","follow":"follow","max-snippet":"max-snippet:-1","max-image-preview":"max-image-preview:large","max-video-preview":"max-video-preview:-1"},"canonical":"https:\/\/business.roovi.com\/ro\/puzzle-eiffel-tower-paris-france-puzzle-adulti-1000-piese-discover-europe\/p\/","og_locale":"ro_RO","og_type":"article","og_title":"Puzzle Eiffel Tower, Paris, France \u2013 Puzzle adul\u021bi 1000 piese \u2013 Discover Europe - Roovi B2B","og_description":"P\u0103streaz\u0103 amintirile de neuitat din vacan\u021bele de vis prin Europa \u00een tablouri unice din puzzle 1000 piese. Colec\u021bia Discover Europe","og_url":"https:\/\/business.roovi.com\/ro\/puzzle-eiffel-tower-paris-france-puzzle-adulti-1000-piese-discover-europe\/p\/","og_site_name":"Roovi B2B","article_publisher":"https:\/\/www.facebook.com\/wwwjucariero","article_modified_time":"2025-03-18T09:22:34+00:00","og_image":[{"width":1200,"height":1200,"url":"https:\/\/business.roovi.com\/wp-content\/uploads\/2023\/03\/01_MAIN-7.jpg","type":"image\/jpeg"}],"twitter_misc":{"Timp estimat pentru citire":"3 minute"},"schema":{"@context":"https:\/\/schema.org","@graph":[{"@type":"WebPage","@id":"https:\/\/business.roovi.com\/ro\/puzzle-eiffel-tower-paris-france-puzzle-adulti-1000-piese-discover-europe\/p\/","url":"https:\/\/business.roovi.com\/ro\/puzzle-eiffel-tower-paris-france-puzzle-adulti-1000-piese-discover-europe\/p\/","name":"Puzzle Eiffel Tower, Paris, France \u2013 Puzzle adul\u021bi 1000 piese \u2013 Discover Europe - Roovi B2B","isPartOf":{"@id":"https:\/\/business.roovi.com\/ro\/#website"},"datePublished":"2023-03-10T08:46:45+00:00","dateModified":"2025-03-18T09:22:34+00:00","breadcrumb":{"@id":"https:\/\/business.roovi.com\/ro\/puzzle-eiffel-tower-paris-france-puzzle-adulti-1000-piese-discover-europe\/p\/#breadcrumb"},"inLanguage":"ro-RO","potentialAction":[{"@type":"ReadAction","target":["https:\/\/business.roovi.com\/ro\/puzzle-eiffel-tower-paris-france-puzzle-adulti-1000-piese-discover-europe\/p\/"]}]},{"@type":"BreadcrumbList","@id":"https:\/\/business.roovi.com\/ro\/puzzle-eiffel-tower-paris-france-puzzle-adulti-1000-piese-discover-europe\/p\/#breadcrumb","itemListElement":[{"@type":"ListItem","position":1,"name":"Home","item":"https:\/\/business.roovi.com\/ro\/"},{"@type":"ListItem","position":2,"name":"Magazin","item":"https:\/\/business.roovi.com\/ro\/magazin\/"},{"@type":"ListItem","position":3,"name":"Puzzle Eiffel Tower, Paris, France \u2013 Puzzle adul\u021bi 1000 piese \u2013 Discover Europe"}]},{"@type":"WebSite","@id":"https:\/\/business.roovi.com\/ro\/#website","url":"https:\/\/business.roovi.com\/ro\/","name":"Roovi B2B","description":"Roovi Business Website","potentialAction":[{"@type":"SearchAction","target":{"@type":"EntryPoint","urlTemplate":"https:\/\/business.roovi.com\/ro\/?s={search_term_string}"},"query-input":"required name=search_term_string"}],"inLanguage":"ro-RO"}]}},"_links":{"self":[{"href":"https:\/\/business.roovi.com\/ro\/wp-json\/wp\/v2\/product\/66933","targetHints":{"allow":["GET"]}}],"collection":[{"href":"https:\/\/business.roovi.com\/ro\/wp-json\/wp\/v2\/product"}],"about":[{"href":"https:\/\/business.roovi.com\/ro\/wp-json\/wp\/v2\/types\/product"}],"version-history":[{"count":0,"href":"https:\/\/business.roovi.com\/ro\/wp-json\/wp\/v2\/product\/66933\/revisions"}],"wp:featuredmedia":[{"embeddable":true,"href":"https:\/\/business.roovi.com\/ro\/wp-json\/wp\/v2\/media\/66934"}],"wp:attachment":[{"href":"https:\/\/business.roovi.com\/ro\/wp-json\/wp\/v2\/media?parent=66933"}],"wp:term":[{"taxonomy":"product_brand","embeddable":true,"href":"https:\/\/business.roovi.com\/ro\/wp-json\/wp\/v2\/product_brand?post=66933"},{"taxonomy":"product_cat","embeddable":true,"href":"https:\/\/business.roovi.com\/ro\/wp-json\/wp\/v2\/product_cat?post=66933"},{"taxonomy":"product_tag","embeddable":true,"href":"https:\/\/business.roovi.com\/ro\/wp-json\/wp\/v2\/product_tag?post=66933"}],"curies":[{"name":"wp","href":"https:\/\/api.w.org\/{rel}","templated":true}]}}