{"id":67035,"date":"2023-03-10T08:55:55","date_gmt":"2023-03-10T08:55:55","guid":{"rendered":"https:\/\/business.roovi.com\/?post_type=product&#038;p=67035"},"modified":"2025-03-18T09:23:24","modified_gmt":"2025-03-18T09:23:24","slug":"puzzle-aurora-borealis-norway-puzzle-adulti-1000-piese-discover-europe","status":"publish","type":"product","link":"https:\/\/business.roovi.com\/ro\/puzzle-aurora-borealis-norway-puzzle-adulti-1000-piese-discover-europe\/p\/","title":{"rendered":"Puzzle Aurora Borealis, Norway \u2013 Puzzle adul\u021bi 1000 piese \u2013 Discover Europe"},"content":{"rendered":"<h3><span style=\"font-weight: 400;\">Deconecteaz\u0103-te de la cotidian cu un puzzle fascinant din colec\u021bia Discover Europe de la ROOVI: Puzzle 1000 piese &#8211; Aurora Boreal\u0103, Norvegia.<\/span><\/h3>\n<p><span style=\"font-weight: 400;\">Un puzzle de 1000 de piese este o modalitate excelent\u0103 de a te elibera de stresul zilnic. Puzzle Aurora boreal\u0103, cu imaginea sa splendid\u0103, te porteaz\u0103 \u00een peisajul fascinant din Norvegia, \u021bara \u00een care acest fenomen se observ\u0103 pe bolta cereasc\u0103 \u00een toat\u0103 str\u0103lucirea lui.\u00a0<\/span><\/p>\n<p><span style=\"font-weight: 400;\">Nuan\u021bele vibrante de albastru \u0219i violet danseaz\u0103 pe cer, cre\u00e2nd un spectacol hipnotizant. Piesele din Puzzle Aurora Borealis, Norway sunt realizate din carton de foarte bun\u0103 calitate, sunt\u00a0 t\u0103iate cu precizie \u0219i se asambleaz\u0103 u\u0219or.\u00a0<\/span><\/p>\n<p><span style=\"font-weight: 400;\">Tabloul final este perfect din punct de vedere vizual \u0219i transmite energia pozitiv\u0103 a peisajului. Exploreaz\u0103 a\u0219adar una dintre splendorile Norvegiei printr-un puzzle 1000 cu o grafic\u0103 impecabil\u0103.\u00a0<\/span><\/p>\n<h3><span style=\"font-weight: 400;\">De ce s\u0103 alegi Puzzle 1000 Aurora Boreal\u0103, Norvegia<\/span><\/h3>\n<p><span style=\"font-weight: 400;\">Ob\u021bii un tablou impresionant, cu dimensiunile de <\/span><b>68 x 47 cm<\/b><span style=\"font-weight: 400;\">, care va da un aspect pl\u0103cut oric\u0103rui loc \u00een care \u00eel vei expune.<\/span><\/p>\n<p><span style=\"font-weight: 400;\">Piesele de puzzle 1000 sunt unice \u0219i rezistente \u00een timp, put\u00e2nd fi asamblate de nenum\u0103rate ori, f\u0103r\u0103 a se deteriora.<\/span><\/p>\n<p><span style=\"font-weight: 400;\">Finisajul semi-lucios \u0219i culorile vii scot \u00een eviden\u021b\u0103 frumuse\u021bea imaginii.<\/span><\/p>\n<p><span style=\"font-weight: 400;\">Este un produs bl\u00e2nd cu natura, fiind realizat din materiale sustenabile, reciclabile.<\/span><\/p>\n<p><span style=\"font-weight: 400;\">Antreneaz\u0103 aten\u021bia, concentrarea \u0219i perseveren\u021ba.<\/span><\/p>\n<p><span style=\"font-weight: 400;\">Un puzzle de 1000 de piese este o modalitate relaxant\u0103 de a petrece timpul liber.<\/span><\/p>\n<p><span style=\"font-weight: 400;\">Potrivit celor peste 14 ani, deci o bun\u0103 oportunitate de a petrece timpul liber al\u0103turi de adolescen\u021bi.<\/span><\/p>\n<h3><span style=\"font-weight: 400;\">Despre aurora boreal\u0103 \u0219tiai c\u0103\u2026<\/span><\/h3>\n<ul>\n<li style=\"font-weight: 400;\" aria-level=\"1\"><span style=\"font-weight: 400;\">Termenul de \u201caurora boreal\u0103\u201d a fost men\u021bionat pentru prima dat\u0103 \u00een anul 1619, de c\u0103tre Galileo Galilei, cu referire la zei\u021ba zorilor &#8211; Aurora &#8211; \u0219i la zeul v\u00e2ntului &#8211; Boreas.<\/span><\/li>\n<li style=\"font-weight: 400;\" aria-level=\"1\"><span style=\"font-weight: 400;\">Modelele \u0219i formele aurorei boreale sunt determinate de fluxul variabil de particule \u00eenc\u0103rcate \u0219i de varia\u021bia c\u00e2mpurilor magnetice.<\/span><\/li>\n<li style=\"font-weight: 400;\" aria-level=\"1\"><span style=\"font-weight: 400;\">Sezonul ideal pentru a observa aurora boreal\u0103 \u00een Norvegia este de la jum\u0103tatea lunii septembrie la sf\u00e2r\u0219itul lunii martie.<\/span><\/li>\n<li style=\"font-weight: 400;\" aria-level=\"1\"><span style=\"font-weight: 400;\">Aurora boreal\u0103 se poate observa \u0219i pe alte planete din sistemul solar, precum Marte, Jupiter sau Venus.<\/span><\/li>\n<\/ul>\n<h3><span style=\"font-weight: 400;\">Puzzle 1000 &#8211; Aurora Borealis: celebreaz\u0103 frumosul \u0219i relaxeaz\u0103 sim\u021burile<\/span><\/h3>\n<p><span style=\"font-weight: 400;\">Puzzle 1000 &#8211; Aurora Borealis, Norway \u00ee\u021bi reaminte\u0219te de minunile naturii \u0219i te \u00eendeamn\u0103 la contemplarea frumosului. Ia a\u0219adar o pauz\u0103 de la agita\u021bia zilnic\u0103 \u0219i bucur\u0103-te de un spectacol coloristic fascinant, \u00een intimitatea casei tale.<\/span><\/p>\n<p><span style=\"font-weight: 400;\">Alege puzzle adul\u021bi 1000 piese &#8211; Aurora Boreal\u0103 din colec\u021bia Puzzle Discover Europe pentru momente de relaxare, conectare \u0219i momente frumoase \u00eempreun\u0103 cu cei dragi.\u00a0<\/span><\/p>\n<p><span style=\"font-weight: 400;\">De asemenea, dac\u0103 e\u0219ti \u00een c\u0103utarea unui cadou deosebit pentru cineva apropiat, Puzzle 1000 &#8211; Aurora Boreal\u0103 va fi cu siguran\u021b\u0103 o surpriz\u0103 pl\u0103cut\u0103.<\/span><\/p>\n","protected":false},"excerpt":{"rendered":"<p>Deconecteaz\u0103-te de la cotidian cu un puzzle fascinant din colec\u021bia Discover Europe de la ROOVI: Puzzle 1000 piese &#8211; Aurora<\/p>\n","protected":false},"featured_media":67036,"template":"","meta":[],"product_brand":[],"product_cat":[1454,1488,1560],"product_tag":[2658,2646,2694,2695],"class_list":{"0":"post-67035","1":"product","2":"type-product","3":"status-publish","4":"has-post-thumbnail","6":"product_cat-puzzle","7":"product_cat-puzzle-adulti","8":"product_cat-puzzle-adulti-1000","9":"product_tag-launched2023","10":"product_tag-puzzle1000","11":"product_tag-puzzleauroraborealis","12":"product_tag-puzzlenorway","14":"first","15":"instock","16":"taxable","17":"shipping-taxable","18":"product-type-simple"},"yoast_head":"<!-- This site is optimized with the Yoast SEO plugin v20.1 - https:\/\/yoast.com\/wordpress\/plugins\/seo\/ -->\n<title>Puzzle Aurora Borealis, Norway \u2013 Puzzle adul\u021bi 1000 piese \u2013 Discover Europe - Roovi B2B<\/title>\n<meta name=\"robots\" content=\"index, follow, max-snippet:-1, max-image-preview:large, max-video-preview:-1\" \/>\n<link rel=\"canonical\" href=\"https:\/\/business.roovi.com\/ro\/puzzle-aurora-borealis-norway-puzzle-adulti-1000-piese-discover-europe\/p\/\" \/>\n<meta property=\"og:locale\" content=\"ro_RO\" \/>\n<meta property=\"og:type\" content=\"article\" \/>\n<meta property=\"og:title\" content=\"Puzzle Aurora Borealis, Norway \u2013 Puzzle adul\u021bi 1000 piese \u2013 Discover Europe - Roovi B2B\" \/>\n<meta property=\"og:description\" content=\"Deconecteaz\u0103-te de la cotidian cu un puzzle fascinant din colec\u021bia Discover Europe de la ROOVI: Puzzle 1000 piese &#8211; Aurora\" \/>\n<meta property=\"og:url\" content=\"https:\/\/business.roovi.com\/ro\/puzzle-aurora-borealis-norway-puzzle-adulti-1000-piese-discover-europe\/p\/\" \/>\n<meta property=\"og:site_name\" content=\"Roovi B2B\" \/>\n<meta property=\"article:publisher\" content=\"https:\/\/www.facebook.com\/wwwjucariero\" \/>\n<meta property=\"article:modified_time\" content=\"2025-03-18T09:23:24+00:00\" \/>\n<meta property=\"og:image\" content=\"https:\/\/business.roovi.com\/wp-content\/uploads\/2023\/03\/01_MAIN-8.jpg\" \/>\n\t<meta property=\"og:image:width\" content=\"1200\" \/>\n\t<meta property=\"og:image:height\" content=\"1200\" \/>\n\t<meta property=\"og:image:type\" content=\"image\/jpeg\" \/>\n<meta name=\"twitter:label1\" content=\"Timp estimat pentru citire\" \/>\n\t<meta name=\"twitter:data1\" content=\"2 minute\" \/>\n<script type=\"application\/ld+json\" class=\"yoast-schema-graph\">{\"@context\":\"https:\/\/schema.org\",\"@graph\":[{\"@type\":\"WebPage\",\"@id\":\"https:\/\/business.roovi.com\/ro\/puzzle-aurora-borealis-norway-puzzle-adulti-1000-piese-discover-europe\/p\/\",\"url\":\"https:\/\/business.roovi.com\/ro\/puzzle-aurora-borealis-norway-puzzle-adulti-1000-piese-discover-europe\/p\/\",\"name\":\"Puzzle Aurora Borealis, Norway \u2013 Puzzle adul\u021bi 1000 piese \u2013 Discover Europe - Roovi B2B\",\"isPartOf\":{\"@id\":\"https:\/\/business.roovi.com\/ro\/#website\"},\"datePublished\":\"2023-03-10T08:55:55+00:00\",\"dateModified\":\"2025-03-18T09:23:24+00:00\",\"breadcrumb\":{\"@id\":\"https:\/\/business.roovi.com\/ro\/puzzle-aurora-borealis-norway-puzzle-adulti-1000-piese-discover-europe\/p\/#breadcrumb\"},\"inLanguage\":\"ro-RO\",\"potentialAction\":[{\"@type\":\"ReadAction\",\"target\":[\"https:\/\/business.roovi.com\/ro\/puzzle-aurora-borealis-norway-puzzle-adulti-1000-piese-discover-europe\/p\/\"]}]},{\"@type\":\"BreadcrumbList\",\"@id\":\"https:\/\/business.roovi.com\/ro\/puzzle-aurora-borealis-norway-puzzle-adulti-1000-piese-discover-europe\/p\/#breadcrumb\",\"itemListElement\":[{\"@type\":\"ListItem\",\"position\":1,\"name\":\"Home\",\"item\":\"https:\/\/business.roovi.com\/ro\/\"},{\"@type\":\"ListItem\",\"position\":2,\"name\":\"Magazin\",\"item\":\"https:\/\/business.roovi.com\/ro\/magazin\/\"},{\"@type\":\"ListItem\",\"position\":3,\"name\":\"Puzzle Aurora Borealis, Norway \u2013 Puzzle adul\u021bi 1000 piese \u2013 Discover Europe\"}]},{\"@type\":\"WebSite\",\"@id\":\"https:\/\/business.roovi.com\/ro\/#website\",\"url\":\"https:\/\/business.roovi.com\/ro\/\",\"name\":\"Roovi B2B\",\"description\":\"Roovi Business Website\",\"potentialAction\":[{\"@type\":\"SearchAction\",\"target\":{\"@type\":\"EntryPoint\",\"urlTemplate\":\"https:\/\/business.roovi.com\/ro\/?s={search_term_string}\"},\"query-input\":\"required name=search_term_string\"}],\"inLanguage\":\"ro-RO\"}]}<\/script>\n<!-- \/ Yoast SEO plugin. -->","yoast_head_json":{"title":"Puzzle Aurora Borealis, Norway \u2013 Puzzle adul\u021bi 1000 piese \u2013 Discover Europe - Roovi B2B","robots":{"index":"index","follow":"follow","max-snippet":"max-snippet:-1","max-image-preview":"max-image-preview:large","max-video-preview":"max-video-preview:-1"},"canonical":"https:\/\/business.roovi.com\/ro\/puzzle-aurora-borealis-norway-puzzle-adulti-1000-piese-discover-europe\/p\/","og_locale":"ro_RO","og_type":"article","og_title":"Puzzle Aurora Borealis, Norway \u2013 Puzzle adul\u021bi 1000 piese \u2013 Discover Europe - Roovi B2B","og_description":"Deconecteaz\u0103-te de la cotidian cu un puzzle fascinant din colec\u021bia Discover Europe de la ROOVI: Puzzle 1000 piese &#8211; Aurora","og_url":"https:\/\/business.roovi.com\/ro\/puzzle-aurora-borealis-norway-puzzle-adulti-1000-piese-discover-europe\/p\/","og_site_name":"Roovi B2B","article_publisher":"https:\/\/www.facebook.com\/wwwjucariero","article_modified_time":"2025-03-18T09:23:24+00:00","og_image":[{"width":1200,"height":1200,"url":"https:\/\/business.roovi.com\/wp-content\/uploads\/2023\/03\/01_MAIN-8.jpg","type":"image\/jpeg"}],"twitter_misc":{"Timp estimat pentru citire":"2 minute"},"schema":{"@context":"https:\/\/schema.org","@graph":[{"@type":"WebPage","@id":"https:\/\/business.roovi.com\/ro\/puzzle-aurora-borealis-norway-puzzle-adulti-1000-piese-discover-europe\/p\/","url":"https:\/\/business.roovi.com\/ro\/puzzle-aurora-borealis-norway-puzzle-adulti-1000-piese-discover-europe\/p\/","name":"Puzzle Aurora Borealis, Norway \u2013 Puzzle adul\u021bi 1000 piese \u2013 Discover Europe - Roovi B2B","isPartOf":{"@id":"https:\/\/business.roovi.com\/ro\/#website"},"datePublished":"2023-03-10T08:55:55+00:00","dateModified":"2025-03-18T09:23:24+00:00","breadcrumb":{"@id":"https:\/\/business.roovi.com\/ro\/puzzle-aurora-borealis-norway-puzzle-adulti-1000-piese-discover-europe\/p\/#breadcrumb"},"inLanguage":"ro-RO","potentialAction":[{"@type":"ReadAction","target":["https:\/\/business.roovi.com\/ro\/puzzle-aurora-borealis-norway-puzzle-adulti-1000-piese-discover-europe\/p\/"]}]},{"@type":"BreadcrumbList","@id":"https:\/\/business.roovi.com\/ro\/puzzle-aurora-borealis-norway-puzzle-adulti-1000-piese-discover-europe\/p\/#breadcrumb","itemListElement":[{"@type":"ListItem","position":1,"name":"Home","item":"https:\/\/business.roovi.com\/ro\/"},{"@type":"ListItem","position":2,"name":"Magazin","item":"https:\/\/business.roovi.com\/ro\/magazin\/"},{"@type":"ListItem","position":3,"name":"Puzzle Aurora Borealis, Norway \u2013 Puzzle adul\u021bi 1000 piese \u2013 Discover Europe"}]},{"@type":"WebSite","@id":"https:\/\/business.roovi.com\/ro\/#website","url":"https:\/\/business.roovi.com\/ro\/","name":"Roovi B2B","description":"Roovi Business Website","potentialAction":[{"@type":"SearchAction","target":{"@type":"EntryPoint","urlTemplate":"https:\/\/business.roovi.com\/ro\/?s={search_term_string}"},"query-input":"required name=search_term_string"}],"inLanguage":"ro-RO"}]}},"_links":{"self":[{"href":"https:\/\/business.roovi.com\/ro\/wp-json\/wp\/v2\/product\/67035","targetHints":{"allow":["GET"]}}],"collection":[{"href":"https:\/\/business.roovi.com\/ro\/wp-json\/wp\/v2\/product"}],"about":[{"href":"https:\/\/business.roovi.com\/ro\/wp-json\/wp\/v2\/types\/product"}],"version-history":[{"count":0,"href":"https:\/\/business.roovi.com\/ro\/wp-json\/wp\/v2\/product\/67035\/revisions"}],"wp:featuredmedia":[{"embeddable":true,"href":"https:\/\/business.roovi.com\/ro\/wp-json\/wp\/v2\/media\/67036"}],"wp:attachment":[{"href":"https:\/\/business.roovi.com\/ro\/wp-json\/wp\/v2\/media?parent=67035"}],"wp:term":[{"taxonomy":"product_brand","embeddable":true,"href":"https:\/\/business.roovi.com\/ro\/wp-json\/wp\/v2\/product_brand?post=67035"},{"taxonomy":"product_cat","embeddable":true,"href":"https:\/\/business.roovi.com\/ro\/wp-json\/wp\/v2\/product_cat?post=67035"},{"taxonomy":"product_tag","embeddable":true,"href":"https:\/\/business.roovi.com\/ro\/wp-json\/wp\/v2\/product_tag?post=67035"}],"curies":[{"name":"wp","href":"https:\/\/api.w.org\/{rel}","templated":true}]}}